

{"id":168447,"date":"2025-08-14T22:11:50","date_gmt":"2025-08-14T20:11:50","guid":{"rendered":"https:\/\/www.praktivak.be\/product\/xminerals-elite-superior-serum-100ml\/"},"modified":"2026-01-27T19:57:17","modified_gmt":"2026-01-27T18:57:17","slug":"xminerals-elite-superior-serum-100ml","status":"publish","type":"product","link":"https:\/\/www.praktivak.be\/fr\/produit\/xminerals-elite-superior-serum-100ml\/","title":{"rendered":"Xminerals Elite Superior Serum, 100ml"},"content":{"rendered":"\n<p>\nS&eacute;rum pour le visage Elite Superior<\/p>\n\n<p>\n&ndash; Tous les types de peau<\/p>\n<p>\n&ndash; R&eacute;parateur<\/p>\n<p>\n&ndash; v&eacute;g&eacute;talien<\/p>\n<p>\n&ndash; Acide hyaluronique<\/p>\n<p>\n&ndash; Pour une peau du visage durablement jeune<\/p>\n<p>\n&ndash; Bourr&eacute; de vitamine C et d&rsquo;antioxydants<\/p>\n<p>\n&ndash; Riche en acide hyaluronique<\/p>\n\n<p>\nElite Superior Serum cr&eacute;e une peau du visage lisse, r&eacute;sistante, ferme et durablement jeune. Ce riche s&eacute;rum anti-&acirc;ge &agrave; base de min&eacute;raux et d&rsquo;algues de la mer Morte contient des niveaux &eacute;lev&eacute;s d&rsquo;acide hyaluronique hydratant et de puissants principes actifs antioxydants issus du lotus bleu, de la vitamine C et du th&eacute; vert.<\/p>\n\n<p>\nAppliquer une petite quantit&eacute; sur la peau propre du visage et masser par des mouvements circulaires jusqu&rsquo;&agrave; ce que le s&eacute;rum soit enti&egrave;rement absorb&eacute; par la peau. Appliquez ensuite le soin de jour ou de nuit. Pour un usage quotidien.<\/p>\n\n<p>\nIngr&eacute;dients :<\/p>\n<p>\nAqua, Sodium Hyaluronate (acide hyaluronique), Nymphaea Coerulea Flower Extract (Blue Lotus), Caprylic\/Capric Triglyceride, Coffea Robusta Seed Extract (Green Coffee), Glycosaminoglycans, Pentapeptide-3, Chondrus Crispus (Carrageenan algae), Centella Asiatica Meristem Cells, Acide &eacute;lagique, phosphate d&rsquo;ascorbile de magn&eacute;sium (vitamine C), biflavones de gingko, querc&eacute;tine, sel de la mer Morte, gomme xanthane, extrait de dunaliela bardawil (algue de la mer Morte), acide lactique, sorbitol, cas&eacute;ine hydrolys&eacute;e, acide sorbique, alcool benzylique.<\/p>\n\n<p>\nPrincipes actifs de &laquo;&nbsp;Elite Superior Facial Serum&nbsp;&raquo;.<\/p>\n<p>\nVitamine C<\/p>\n<p>\nLa vitamine C prot&egrave;ge votre peau des irritations, des inflammations et de la pollution. Cette protection donne &agrave; votre peau un aspect frais.<\/p>\n\n<p>\nAcide hyaluronique<\/p>\n<p>\nL&rsquo;acide hyaluronique est un hydratant naturel qui donne &agrave; votre peau une apparence et une sensation d&rsquo;&eacute;lasticit&eacute;, de jeunesse et de sant&eacute;.<\/p>\n\n<p>\nExtrait de caf&eacute; vert<\/p>\n<p>\nAnti-inflammatoire et anti-oxydant efficace. Il poss&egrave;de &eacute;galement d&rsquo;excellentes propri&eacute;t&eacute;s de lissage de la peau et de r&eacute;tention de l&rsquo;humidit&eacute;.<\/p>\n\n<p>\nExtrait de lotus bleu<\/p>\n<p>\nEffet nourricier.&nbsp;&raquo;<\/p>\n\n","protected":false},"excerpt":{"rendered":"<p>S&eacute;rum pour le visage Elite Superior &ndash; Tous les types de peau &ndash; R&eacute;parateur &ndash; v&eacute;g&eacute;talien &ndash; Acide hyaluronique &ndash; Pour une peau du visage durablement jeune &ndash; Bourr&eacute; de vitamine C et d&rsquo;antioxydants &ndash; Riche en acide hyaluronique Elite Superior Serum cr&eacute;e une peau du visage lisse, r&eacute;sistante, ferme et durablement jeune. Ce riche &hellip; <\/p>\n<p class=\"link-more\"><a href=\"https:\/\/www.praktivak.be\/fr\/produit\/xminerals-elite-superior-serum-100ml\/\" class=\"more-link\">Continuer la lecture<span class=\"screen-reader-text\"> \u00ab\u00a0Xminerals Elite Superior Serum, 100ml\u00a0\u00bb<\/span><\/a><\/p>\n","protected":false},"author":1,"featured_media":309439,"template":"","meta":{"_acf_changed":false,"_relevanssi_hide_post":"","_relevanssi_hide_content":"","_relevanssi_pin_for_all":"","_relevanssi_pin_keywords":"","_relevanssi_unpin_keywords":"","_relevanssi_related_keywords":"","_relevanssi_related_include_ids":"","_relevanssi_related_exclude_ids":"","_relevanssi_related_no_append":"","_relevanssi_related_not_related":"","_relevanssi_related_posts":"","_relevanssi_noindex_reason":"","advgb_blocks_editor_width":"","advgb_blocks_columns_visual_guide":"","footnotes":""},"product_brand":[],"product_cat":[2114],"product_tag":[],"class_list":{"0":"post-168447","1":"product","2":"type-product","3":"status-publish","4":"has-post-thumbnail","6":"product_cat-professional-products-xminerals-gelaatsverzorging-fr","8":"first","9":"instock","10":"taxable","11":"shipping-taxable","12":"product-type-simple"},"acf":[],"yoast_head":"<!-- This site is optimized with the Yoast SEO plugin v27.4 - https:\/\/yoast.com\/product\/yoast-seo-wordpress\/ -->\n<title>Xminerals Elite Superior Serum, 100ml - Praktivak<\/title>\n<meta name=\"robots\" content=\"index, follow, max-snippet:-1, max-image-preview:large, max-video-preview:-1\" \/>\n<link rel=\"canonical\" href=\"https:\/\/www.praktivak.be\/fr\/produit\/xminerals-elite-superior-serum-100ml\/\" \/>\n<meta property=\"og:locale\" content=\"fr_FR\" \/>\n<meta property=\"og:type\" content=\"article\" \/>\n<meta property=\"og:title\" content=\"Xminerals Elite Superior Serum, 100ml - Praktivak\" \/>\n<meta property=\"og:description\" content=\"S&eacute;rum pour le visage Elite Superior &ndash; Tous les types de peau &ndash; R&eacute;parateur &ndash; v&eacute;g&eacute;talien &ndash; Acide hyaluronique &ndash; Pour une peau du visage durablement jeune &ndash; Bourr&eacute; de vitamine C et d&rsquo;antioxydants &ndash; Riche en acide hyaluronique Elite Superior Serum cr&eacute;e une peau du visage lisse, r&eacute;sistante, ferme et durablement jeune. Ce riche &hellip; Continuer la lecture &quot;Xminerals Elite Superior Serum, 100ml&quot;\" \/>\n<meta property=\"og:url\" content=\"https:\/\/www.praktivak.be\/fr\/produit\/xminerals-elite-superior-serum-100ml\/\" \/>\n<meta property=\"og:site_name\" content=\"Praktivak\" \/>\n<meta property=\"article:modified_time\" content=\"2026-01-27T18:57:17+00:00\" \/>\n<meta property=\"og:image\" content=\"https:\/\/www.praktivak.be\/wp-content\/uploads\/2025\/09\/MSC74687-2.jpg\" \/>\n\t<meta property=\"og:image:width\" content=\"1000\" \/>\n\t<meta property=\"og:image:height\" content=\"983\" \/>\n\t<meta property=\"og:image:type\" content=\"image\/jpeg\" \/>\n<meta name=\"twitter:card\" content=\"summary_large_image\" \/>\n<meta name=\"twitter:label1\" content=\"Dur\u00e9e de lecture estim\u00e9e\" \/>\n\t<meta name=\"twitter:data1\" content=\"2 minutes\" \/>\n<script type=\"application\/ld+json\" class=\"yoast-schema-graph\">{\"@context\":\"https:\\\/\\\/schema.org\",\"@graph\":[{\"@type\":\"WebPage\",\"@id\":\"https:\\\/\\\/www.praktivak.be\\\/fr\\\/produit\\\/xminerals-elite-superior-serum-100ml\\\/\",\"url\":\"https:\\\/\\\/www.praktivak.be\\\/fr\\\/produit\\\/xminerals-elite-superior-serum-100ml\\\/\",\"name\":\"Xminerals Elite Superior Serum, 100ml - Praktivak\",\"isPartOf\":{\"@id\":\"https:\\\/\\\/www.praktivak.be\\\/fr\\\/#website\"},\"primaryImageOfPage\":{\"@id\":\"https:\\\/\\\/www.praktivak.be\\\/fr\\\/produit\\\/xminerals-elite-superior-serum-100ml\\\/#primaryimage\"},\"image\":{\"@id\":\"https:\\\/\\\/www.praktivak.be\\\/fr\\\/produit\\\/xminerals-elite-superior-serum-100ml\\\/#primaryimage\"},\"thumbnailUrl\":\"https:\\\/\\\/www.praktivak.be\\\/wp-content\\\/uploads\\\/2025\\\/09\\\/MSC74687-2.jpg\",\"datePublished\":\"2025-08-14T20:11:50+00:00\",\"dateModified\":\"2026-01-27T18:57:17+00:00\",\"breadcrumb\":{\"@id\":\"https:\\\/\\\/www.praktivak.be\\\/fr\\\/produit\\\/xminerals-elite-superior-serum-100ml\\\/#breadcrumb\"},\"inLanguage\":\"fr-FR\",\"potentialAction\":[{\"@type\":\"ReadAction\",\"target\":[\"https:\\\/\\\/www.praktivak.be\\\/fr\\\/produit\\\/xminerals-elite-superior-serum-100ml\\\/\"]}]},{\"@type\":\"ImageObject\",\"inLanguage\":\"fr-FR\",\"@id\":\"https:\\\/\\\/www.praktivak.be\\\/fr\\\/produit\\\/xminerals-elite-superior-serum-100ml\\\/#primaryimage\",\"url\":\"https:\\\/\\\/www.praktivak.be\\\/wp-content\\\/uploads\\\/2025\\\/09\\\/MSC74687-2.jpg\",\"contentUrl\":\"https:\\\/\\\/www.praktivak.be\\\/wp-content\\\/uploads\\\/2025\\\/09\\\/MSC74687-2.jpg\",\"width\":1000,\"height\":983},{\"@type\":\"BreadcrumbList\",\"@id\":\"https:\\\/\\\/www.praktivak.be\\\/fr\\\/produit\\\/xminerals-elite-superior-serum-100ml\\\/#breadcrumb\",\"itemListElement\":[{\"@type\":\"ListItem\",\"position\":1,\"name\":\"Home\",\"item\":\"https:\\\/\\\/www.praktivak.be\\\/fr\\\/\"},{\"@type\":\"ListItem\",\"position\":2,\"name\":\"Boutique\",\"item\":\"https:\\\/\\\/www.praktivak.be\\\/fr\\\/boutique\\\/\"},{\"@type\":\"ListItem\",\"position\":3,\"name\":\"Xminerals Elite Superior Serum, 100ml\"}]},{\"@type\":\"WebSite\",\"@id\":\"https:\\\/\\\/www.praktivak.be\\\/fr\\\/#website\",\"url\":\"https:\\\/\\\/www.praktivak.be\\\/fr\\\/\",\"name\":\"Praktivak\",\"description\":\"\",\"publisher\":{\"@id\":\"https:\\\/\\\/www.praktivak.be\\\/fr\\\/#organization\"},\"potentialAction\":[{\"@type\":\"SearchAction\",\"target\":{\"@type\":\"EntryPoint\",\"urlTemplate\":\"https:\\\/\\\/www.praktivak.be\\\/fr\\\/?s={search_term_string}\"},\"query-input\":{\"@type\":\"PropertyValueSpecification\",\"valueRequired\":true,\"valueName\":\"search_term_string\"}}],\"inLanguage\":\"fr-FR\"},{\"@type\":\"Organization\",\"@id\":\"https:\\\/\\\/www.praktivak.be\\\/fr\\\/#organization\",\"name\":\"Praktivak\",\"url\":\"https:\\\/\\\/www.praktivak.be\\\/fr\\\/\",\"logo\":{\"@type\":\"ImageObject\",\"inLanguage\":\"fr-FR\",\"@id\":\"https:\\\/\\\/www.praktivak.be\\\/fr\\\/#\\\/schema\\\/logo\\\/image\\\/\",\"url\":\"https:\\\/\\\/www.praktivak.be\\\/wp-content\\\/uploads\\\/2024\\\/09\\\/Logo.png\",\"contentUrl\":\"https:\\\/\\\/www.praktivak.be\\\/wp-content\\\/uploads\\\/2024\\\/09\\\/Logo.png\",\"width\":1774,\"height\":337,\"caption\":\"Praktivak\"},\"image\":{\"@id\":\"https:\\\/\\\/www.praktivak.be\\\/fr\\\/#\\\/schema\\\/logo\\\/image\\\/\"}}]}<\/script>\n<!-- \/ Yoast SEO plugin. -->","yoast_head_json":{"title":"Xminerals Elite Superior Serum, 100ml - Praktivak","robots":{"index":"index","follow":"follow","max-snippet":"max-snippet:-1","max-image-preview":"max-image-preview:large","max-video-preview":"max-video-preview:-1"},"canonical":"https:\/\/www.praktivak.be\/fr\/produit\/xminerals-elite-superior-serum-100ml\/","og_locale":"fr_FR","og_type":"article","og_title":"Xminerals Elite Superior Serum, 100ml - Praktivak","og_description":"S&eacute;rum pour le visage Elite Superior &ndash; Tous les types de peau &ndash; R&eacute;parateur &ndash; v&eacute;g&eacute;talien &ndash; Acide hyaluronique &ndash; Pour une peau du visage durablement jeune &ndash; Bourr&eacute; de vitamine C et d&rsquo;antioxydants &ndash; Riche en acide hyaluronique Elite Superior Serum cr&eacute;e une peau du visage lisse, r&eacute;sistante, ferme et durablement jeune. Ce riche &hellip; Continuer la lecture \"Xminerals Elite Superior Serum, 100ml\"","og_url":"https:\/\/www.praktivak.be\/fr\/produit\/xminerals-elite-superior-serum-100ml\/","og_site_name":"Praktivak","article_modified_time":"2026-01-27T18:57:17+00:00","og_image":[{"width":1000,"height":983,"url":"https:\/\/www.praktivak.be\/wp-content\/uploads\/2025\/09\/MSC74687-2.jpg","type":"image\/jpeg"}],"twitter_card":"summary_large_image","twitter_misc":{"Dur\u00e9e de lecture estim\u00e9e":"2 minutes"},"schema":{"@context":"https:\/\/schema.org","@graph":[{"@type":"WebPage","@id":"https:\/\/www.praktivak.be\/fr\/produit\/xminerals-elite-superior-serum-100ml\/","url":"https:\/\/www.praktivak.be\/fr\/produit\/xminerals-elite-superior-serum-100ml\/","name":"Xminerals Elite Superior Serum, 100ml - Praktivak","isPartOf":{"@id":"https:\/\/www.praktivak.be\/fr\/#website"},"primaryImageOfPage":{"@id":"https:\/\/www.praktivak.be\/fr\/produit\/xminerals-elite-superior-serum-100ml\/#primaryimage"},"image":{"@id":"https:\/\/www.praktivak.be\/fr\/produit\/xminerals-elite-superior-serum-100ml\/#primaryimage"},"thumbnailUrl":"https:\/\/www.praktivak.be\/wp-content\/uploads\/2025\/09\/MSC74687-2.jpg","datePublished":"2025-08-14T20:11:50+00:00","dateModified":"2026-01-27T18:57:17+00:00","breadcrumb":{"@id":"https:\/\/www.praktivak.be\/fr\/produit\/xminerals-elite-superior-serum-100ml\/#breadcrumb"},"inLanguage":"fr-FR","potentialAction":[{"@type":"ReadAction","target":["https:\/\/www.praktivak.be\/fr\/produit\/xminerals-elite-superior-serum-100ml\/"]}]},{"@type":"ImageObject","inLanguage":"fr-FR","@id":"https:\/\/www.praktivak.be\/fr\/produit\/xminerals-elite-superior-serum-100ml\/#primaryimage","url":"https:\/\/www.praktivak.be\/wp-content\/uploads\/2025\/09\/MSC74687-2.jpg","contentUrl":"https:\/\/www.praktivak.be\/wp-content\/uploads\/2025\/09\/MSC74687-2.jpg","width":1000,"height":983},{"@type":"BreadcrumbList","@id":"https:\/\/www.praktivak.be\/fr\/produit\/xminerals-elite-superior-serum-100ml\/#breadcrumb","itemListElement":[{"@type":"ListItem","position":1,"name":"Home","item":"https:\/\/www.praktivak.be\/fr\/"},{"@type":"ListItem","position":2,"name":"Boutique","item":"https:\/\/www.praktivak.be\/fr\/boutique\/"},{"@type":"ListItem","position":3,"name":"Xminerals Elite Superior Serum, 100ml"}]},{"@type":"WebSite","@id":"https:\/\/www.praktivak.be\/fr\/#website","url":"https:\/\/www.praktivak.be\/fr\/","name":"Praktivak","description":"","publisher":{"@id":"https:\/\/www.praktivak.be\/fr\/#organization"},"potentialAction":[{"@type":"SearchAction","target":{"@type":"EntryPoint","urlTemplate":"https:\/\/www.praktivak.be\/fr\/?s={search_term_string}"},"query-input":{"@type":"PropertyValueSpecification","valueRequired":true,"valueName":"search_term_string"}}],"inLanguage":"fr-FR"},{"@type":"Organization","@id":"https:\/\/www.praktivak.be\/fr\/#organization","name":"Praktivak","url":"https:\/\/www.praktivak.be\/fr\/","logo":{"@type":"ImageObject","inLanguage":"fr-FR","@id":"https:\/\/www.praktivak.be\/fr\/#\/schema\/logo\/image\/","url":"https:\/\/www.praktivak.be\/wp-content\/uploads\/2024\/09\/Logo.png","contentUrl":"https:\/\/www.praktivak.be\/wp-content\/uploads\/2024\/09\/Logo.png","width":1774,"height":337,"caption":"Praktivak"},"image":{"@id":"https:\/\/www.praktivak.be\/fr\/#\/schema\/logo\/image\/"}}]}},"featured_img":"https:\/\/www.praktivak.be\/wp-content\/uploads\/2025\/09\/MSC74687-2.jpg","coauthors":[],"author_meta":{"author_link":"https:\/\/www.praktivak.be\/fr\/author\/madeit\/","display_name":"Tjebbe Lievens"},"relative_dates":{"created":"Publi\u00e9 9 mois il y a","modified":"Mis \u00e0 jour 3 mois il y a"},"absolute_dates":{"created":"Publi\u00e9 le 14 ao\u00fbt 2025","modified":"Mise \u00e0 jour le 27 janvier 2026"},"absolute_dates_time":{"created":"Publi\u00e9 le 14 ao\u00fbt 2025 22h11","modified":"Mise \u00e0 jour le 27 janvier 2026 19h57"},"featured_img_caption":"","tax_additional":{"product_brand":{"linked":[],"unlinked":[],"slug":"product_brand","name":"Marques"},"product_type":{"linked":["<a href=\"https:\/\/www.praktivak.be\/fr\/?taxonomy=product_type&#038;term=simple\" class=\"advgb-post-tax-term\">simple<\/a>"],"unlinked":["<span class=\"advgb-post-tax-term\">simple<\/span>"],"slug":"product_type","name":"Type de produit"},"product_visibility":{"linked":[],"unlinked":[],"slug":"product_visibility","name":"Visibilit\u00e9 du produit"},"product_cat":{"linked":["<a href=\"https:\/\/www.praktivak.be\/fr\/categorie-de-produit\/gelaatsverzorging-fr\/xminerals\/professional-products-xminerals-gelaatsverzorging-fr\/\" class=\"advgb-post-tax-term\">Professional products<\/a>"],"unlinked":["<span class=\"advgb-post-tax-term\">Professional products<\/span>"],"slug":"product_cat","name":"Cat\u00e9gories de produits"},"product_tag":{"linked":[],"unlinked":[],"slug":"product_tag","name":"\u00c9tiquettes produit"},"product_shipping_class":{"linked":[],"unlinked":[],"slug":"product_shipping_class","name":"Classe d\u2019exp\u00e9dition du produit"},"pos_product_visibility":{"linked":[],"unlinked":[],"slug":"pos_product_visibility","name":"Visibilit\u00e9 du produit sur le point de vente"},"translation_priority":{"linked":[],"unlinked":[],"slug":"translation_priority","name":"Priorit\u00e9s de traduction"}},"series_order":"","_links":{"self":[{"href":"https:\/\/www.praktivak.be\/fr\/wp-json\/wp\/v2\/product\/168447","targetHints":{"allow":["GET"]}}],"collection":[{"href":"https:\/\/www.praktivak.be\/fr\/wp-json\/wp\/v2\/product"}],"about":[{"href":"https:\/\/www.praktivak.be\/fr\/wp-json\/wp\/v2\/types\/product"}],"version-history":[{"count":89,"href":"https:\/\/www.praktivak.be\/fr\/wp-json\/wp\/v2\/product\/168447\/revisions"}],"predecessor-version":[{"id":325445,"href":"https:\/\/www.praktivak.be\/fr\/wp-json\/wp\/v2\/product\/168447\/revisions\/325445"}],"wp:featuredmedia":[{"embeddable":true,"href":"https:\/\/www.praktivak.be\/fr\/wp-json\/wp\/v2\/media\/309439"}],"wp:attachment":[{"href":"https:\/\/www.praktivak.be\/fr\/wp-json\/wp\/v2\/media?parent=168447"}],"wp:term":[{"taxonomy":"product_brand","embeddable":true,"href":"https:\/\/www.praktivak.be\/fr\/wp-json\/wp\/v2\/product_brand?post=168447"},{"taxonomy":"product_cat","embeddable":true,"href":"https:\/\/www.praktivak.be\/fr\/wp-json\/wp\/v2\/product_cat?post=168447"},{"taxonomy":"product_tag","embeddable":true,"href":"https:\/\/www.praktivak.be\/fr\/wp-json\/wp\/v2\/product_tag?post=168447"}],"curies":[{"name":"wp","href":"https:\/\/api.w.org\/{rel}","templated":true}]}}