

{"id":168380,"date":"2025-08-14T22:09:59","date_gmt":"2025-08-14T20:09:59","guid":{"rendered":"https:\/\/www.praktivak.be\/product\/xminerals-advanced-anti-aging-cream-100ml\/"},"modified":"2026-01-27T19:57:36","modified_gmt":"2026-01-27T18:57:36","slug":"xminerals-advanced-anti-aging-cream-100ml","status":"publish","type":"product","link":"https:\/\/www.praktivak.be\/fr\/produit\/xminerals-advanced-anti-aging-cream-100ml\/","title":{"rendered":"Xminerals Advanced Anti-Aging Cream, 100ml"},"content":{"rendered":"\n<p>\nAdvanced Anti-Aging Cream<\/p>\n\n<p>\n&ndash; Peau s&egrave;che<\/p>\n<p>\n&ndash; Anti-&acirc;ge<\/p>\n<p>\n&ndash; V&eacute;g&eacute;talienne<\/p>\n<p>\n&ndash; Niacinamide<\/p>\n<p>\n&ndash; Nourrit et hydrate<\/p>\n<p>\n&ndash; Unifie le teint de la peau<\/p>\n<p>\n&ndash; R&eacute;duit la pigmentation<\/p>\n<p>\n&ndash; Adoucit les ridules<\/p>\n<p>\n&ndash; Renforce la barri&egrave;re cutan&eacute;e.<\/p>\n\n<p>\nDescription :<\/p>\n<p>\nXminerals Advanced Anti-Aging Cream est une cr&egrave;me anti-&acirc;ge riche en ingr&eacute;dients nourrissants, hydratants et r&eacute;g&eacute;n&eacute;rants. La cr&egrave;me contient du niacinamide (4,87 %) pour r&eacute;parer la peau, r&eacute;duire visiblement les imperfections et unifier le teint. Le beurre de karit&eacute; apaise et hydrate la peau et est riche en antioxydants. La vitamine E contribue &agrave; prot&eacute;ger la peau du vieillissement pr&eacute;matur&eacute;. La cr&egrave;me 24 heures laisse la peau lisse, profond&eacute;ment nourrie et souple.<\/p>\n\n<p>\nLa composition contient &eacute;galement des extraits antioxydants naturels de papaye, de fruit de Camu-Camu, de grenade, de tomate, de baie de caf&eacute;, de vanille, de vitamine C et de th&eacute; vert, entre autres, pour lutter contre le vieillissement pr&eacute;matur&eacute; de la peau.<\/p>\n\n<p>\nAppliquer une petite quantit&eacute; sur le visage et le cou, r&eacute;partir sur la peau par des mouvements circulaires et rincer &agrave; l&rsquo;eau. Pour un usage quotidien.<\/p>\n\n<p>\nIngr&eacute;dients :<\/p>\n<p>\nAqua, Helianthus Annuus Seed Oil, Butyrospermum Parkii Butter, Niacinamide, Glycerin, Cetearyl Alcohol, Olivoyl Hydrolyzed Wheat Protein, Sodium Hyaluronate, C12-15 Alkyl Benzoate, Ac&eacute;tate de tocoph&eacute;ryle, ol&eacute;ate de glyc&eacute;ryle, triglyc&eacute;ride caprylique\/caprique, st&eacute;arate de glyc&eacute;ryle, ph&eacute;noxy&eacute;thanol, copolym&egrave;re d&rsquo;acrylates de sodium, glucoside de c&eacute;t&eacute;aryle, parfum, glycol de butyl&egrave;ne, alcool benzylique, Elaeis Guineensis Oil, Lecithin, Potassium hydroxide, Retinyl Palmitate, Aloe Barbadensis Leaf Juice, Caesalpinia Spinosa Gum, Salix Alba Bark Extract, Ceratonia Siliqua Fruit Extract, Benzyl Salicylate, Hexyl Cinnamal, Carbomer, Sodium Lactate, Linalool, Limonene, Potassium Sorbate, Polysorbate 20, Citronellol, Sodium Benzoate, Eugenol, Palmitoyl Tripeptide-1, Palmitoyl Tetrapeptide-7<\/p>\n\n<p>\nPrincipes actifs du &laquo;&nbsp;Advanced Anti-Aging Cream&nbsp;&raquo;.<\/p>\n<p>\nVitamine E<\/p>\n<p>\nL&rsquo;utilisation de la vitamine E r&eacute;duit visiblement les ridules, les rides et l&rsquo;hyperpigmentation.<\/p>\n\n<p>\nBeurre de karit&eacute;<\/p>\n<p>\nLe beurre de karit&eacute; est hydratant et riche en antioxydants. Ce beurre 100 % v&eacute;g&eacute;tal laisse votre peau douce comme de la soie.<\/p>\n\n<p>\nPalmitate de r&eacute;tinyle<\/p>\n<p>\nLe palmitate de r&eacute;tinyle est mieux connu sous le nom de vitamine A. Cet ingr&eacute;dient est utilis&eacute; dans les soins de la peau comme agent anti-&acirc;ge, anti-acn&eacute; et r&eacute;ducteur de pigmentation.<\/p>\n\n<p>\nNiacinamide<\/p>\n<p>\nLe niacimide, &eacute;galement connu sous le nom de vitamine B3, r&eacute;duit l&rsquo;inflammation, r&eacute;gule la production de s&eacute;bum, prot&egrave;ge la peau des dommages caus&eacute;s par le soleil, aide &agrave; r&eacute;duire la pigmentation et stimule &hellip;<\/p>\n\n<p>\nMatrixyl 3000<\/p>\n<p>\nLe Matrixyl 3000 est aujourd&rsquo;hui incontournable dans la liste des ingr&eacute;dients des soins de la peau. En effet, Matrixyl 3000 a prouv&eacute; son efficacit&eacute; en mati&egrave;re de renouvellement de la peau et de &hellip;<\/p>\n\n<p>\nAcide Hyaluronique<\/p>\n<p>\nL&rsquo;acide hyaluronique est un hydratant naturel qui permet &agrave; la peau de conserver son &eacute;lasticit&eacute;, sa jeunesse et sa sant&eacute;.<\/p>\n\n<p>\nHuile de graines de Helianthus Annuus<\/p>\n<p>\nL&rsquo;huile de graines Helianthus Annuus est une huile obtenue &agrave; partir des graines de tournesol et pr&eacute;sente de nombreux avantages pour la peau. Le plus important est la capacit&eacute; de l&rsquo;huile &agrave; am&eacute;liorer la&hellip;<\/p>\n\n<p>\nGlyc&eacute;rine<\/p>\n<p>\nUn hydratant naturel que l&rsquo;on trouve &eacute;galement dans notre peau. Elle maintient les lipides de la peau entre les cellules de la peau dans un &eacute;tat sain, prot&egrave;ge contre les irritations et aide &agrave; restaurer la barri&egrave;re cutan&eacute;e.<\/p>\n\n","protected":false},"excerpt":{"rendered":"<p>Advanced Anti-Aging Cream &ndash; Peau s&egrave;che &ndash; Anti-&acirc;ge &ndash; V&eacute;g&eacute;talienne &ndash; Niacinamide &ndash; Nourrit et hydrate &ndash; Unifie le teint de la peau &ndash; R&eacute;duit la pigmentation &ndash; Adoucit les ridules &ndash; Renforce la barri&egrave;re cutan&eacute;e. Description : Xminerals Advanced Anti-Aging Cream est une cr&egrave;me anti-&acirc;ge riche en ingr&eacute;dients nourrissants, hydratants et r&eacute;g&eacute;n&eacute;rants. La cr&egrave;me &hellip; <\/p>\n<p class=\"link-more\"><a href=\"https:\/\/www.praktivak.be\/fr\/produit\/xminerals-advanced-anti-aging-cream-100ml\/\" class=\"more-link\">Continuer la lecture<span class=\"screen-reader-text\"> \u00ab\u00a0Xminerals Advanced Anti-Aging Cream, 100ml\u00a0\u00bb<\/span><\/a><\/p>\n","protected":false},"author":1,"featured_media":304431,"template":"","meta":{"_acf_changed":false,"_relevanssi_hide_post":"","_relevanssi_hide_content":"","_relevanssi_pin_for_all":"","_relevanssi_pin_keywords":"","_relevanssi_unpin_keywords":"","_relevanssi_related_keywords":"","_relevanssi_related_include_ids":"","_relevanssi_related_exclude_ids":"","_relevanssi_related_no_append":"","_relevanssi_related_not_related":"","_relevanssi_related_posts":"","_relevanssi_noindex_reason":"","advgb_blocks_editor_width":"","advgb_blocks_columns_visual_guide":"","footnotes":""},"product_brand":[],"product_cat":[2114],"product_tag":[],"class_list":{"0":"post-168380","1":"product","2":"type-product","3":"status-publish","4":"has-post-thumbnail","6":"product_cat-professional-products-xminerals-gelaatsverzorging-fr","8":"first","9":"instock","10":"taxable","11":"shipping-taxable","12":"product-type-simple"},"acf":[],"yoast_head":"<!-- This site is optimized with the Yoast SEO plugin v27.2 - https:\/\/yoast.com\/product\/yoast-seo-wordpress\/ -->\n<title>Xminerals Advanced Anti-Aging Cream, 100ml - Praktivak<\/title>\n<meta name=\"robots\" content=\"index, follow, max-snippet:-1, max-image-preview:large, max-video-preview:-1\" \/>\n<link rel=\"canonical\" href=\"https:\/\/www.praktivak.be\/fr\/produit\/xminerals-advanced-anti-aging-cream-100ml\/\" \/>\n<meta property=\"og:locale\" content=\"fr_FR\" \/>\n<meta property=\"og:type\" content=\"article\" \/>\n<meta property=\"og:title\" content=\"Xminerals Advanced Anti-Aging Cream, 100ml - Praktivak\" \/>\n<meta property=\"og:description\" content=\"Advanced Anti-Aging Cream &ndash; Peau s&egrave;che &ndash; Anti-&acirc;ge &ndash; V&eacute;g&eacute;talienne &ndash; Niacinamide &ndash; Nourrit et hydrate &ndash; Unifie le teint de la peau &ndash; R&eacute;duit la pigmentation &ndash; Adoucit les ridules &ndash; Renforce la barri&egrave;re cutan&eacute;e. Description : Xminerals Advanced Anti-Aging Cream est une cr&egrave;me anti-&acirc;ge riche en ingr&eacute;dients nourrissants, hydratants et r&eacute;g&eacute;n&eacute;rants. La cr&egrave;me &hellip; Continuer la lecture &quot;Xminerals Advanced Anti-Aging Cream, 100ml&quot;\" \/>\n<meta property=\"og:url\" content=\"https:\/\/www.praktivak.be\/fr\/produit\/xminerals-advanced-anti-aging-cream-100ml\/\" \/>\n<meta property=\"og:site_name\" content=\"Praktivak\" \/>\n<meta property=\"article:modified_time\" content=\"2026-01-27T18:57:36+00:00\" \/>\n<meta property=\"og:image\" content=\"https:\/\/www.praktivak.be\/wp-content\/uploads\/2025\/09\/MSC74617-2.jpg\" \/>\n\t<meta property=\"og:image:width\" content=\"1000\" \/>\n\t<meta property=\"og:image:height\" content=\"1000\" \/>\n\t<meta property=\"og:image:type\" content=\"image\/jpeg\" \/>\n<meta name=\"twitter:card\" content=\"summary_large_image\" \/>\n<meta name=\"twitter:label1\" content=\"Dur\u00e9e de lecture estim\u00e9e\" \/>\n\t<meta name=\"twitter:data1\" content=\"3 minutes\" \/>\n<script type=\"application\/ld+json\" class=\"yoast-schema-graph\">{\"@context\":\"https:\/\/schema.org\",\"@graph\":[{\"@type\":\"WebPage\",\"@id\":\"https:\/\/www.praktivak.be\/fr\/produit\/xminerals-advanced-anti-aging-cream-100ml\/\",\"url\":\"https:\/\/www.praktivak.be\/fr\/produit\/xminerals-advanced-anti-aging-cream-100ml\/\",\"name\":\"Xminerals Advanced Anti-Aging Cream, 100ml - Praktivak\",\"isPartOf\":{\"@id\":\"https:\/\/www.praktivak.be\/fr\/#website\"},\"primaryImageOfPage\":{\"@id\":\"https:\/\/www.praktivak.be\/fr\/produit\/xminerals-advanced-anti-aging-cream-100ml\/#primaryimage\"},\"image\":{\"@id\":\"https:\/\/www.praktivak.be\/fr\/produit\/xminerals-advanced-anti-aging-cream-100ml\/#primaryimage\"},\"thumbnailUrl\":\"https:\/\/www.praktivak.be\/wp-content\/uploads\/2025\/09\/MSC74617-2.jpg\",\"datePublished\":\"2025-08-14T20:09:59+00:00\",\"dateModified\":\"2026-01-27T18:57:36+00:00\",\"breadcrumb\":{\"@id\":\"https:\/\/www.praktivak.be\/fr\/produit\/xminerals-advanced-anti-aging-cream-100ml\/#breadcrumb\"},\"inLanguage\":\"fr-FR\",\"potentialAction\":[{\"@type\":\"ReadAction\",\"target\":[\"https:\/\/www.praktivak.be\/fr\/produit\/xminerals-advanced-anti-aging-cream-100ml\/\"]}]},{\"@type\":\"ImageObject\",\"inLanguage\":\"fr-FR\",\"@id\":\"https:\/\/www.praktivak.be\/fr\/produit\/xminerals-advanced-anti-aging-cream-100ml\/#primaryimage\",\"url\":\"https:\/\/www.praktivak.be\/wp-content\/uploads\/2025\/09\/MSC74617-2.jpg\",\"contentUrl\":\"https:\/\/www.praktivak.be\/wp-content\/uploads\/2025\/09\/MSC74617-2.jpg\",\"width\":1000,\"height\":1000},{\"@type\":\"BreadcrumbList\",\"@id\":\"https:\/\/www.praktivak.be\/fr\/produit\/xminerals-advanced-anti-aging-cream-100ml\/#breadcrumb\",\"itemListElement\":[{\"@type\":\"ListItem\",\"position\":1,\"name\":\"Home\",\"item\":\"https:\/\/www.praktivak.be\/fr\/\"},{\"@type\":\"ListItem\",\"position\":2,\"name\":\"Boutique\",\"item\":\"https:\/\/www.praktivak.be\/fr\/boutique\/\"},{\"@type\":\"ListItem\",\"position\":3,\"name\":\"Xminerals Advanced Anti-Aging Cream, 100ml\"}]},{\"@type\":\"WebSite\",\"@id\":\"https:\/\/www.praktivak.be\/fr\/#website\",\"url\":\"https:\/\/www.praktivak.be\/fr\/\",\"name\":\"Praktivak\",\"description\":\"\",\"publisher\":{\"@id\":\"https:\/\/www.praktivak.be\/fr\/#organization\"},\"potentialAction\":[{\"@type\":\"SearchAction\",\"target\":{\"@type\":\"EntryPoint\",\"urlTemplate\":\"https:\/\/www.praktivak.be\/fr\/?s={search_term_string}\"},\"query-input\":{\"@type\":\"PropertyValueSpecification\",\"valueRequired\":true,\"valueName\":\"search_term_string\"}}],\"inLanguage\":\"fr-FR\"},{\"@type\":\"Organization\",\"@id\":\"https:\/\/www.praktivak.be\/fr\/#organization\",\"name\":\"Praktivak\",\"url\":\"https:\/\/www.praktivak.be\/fr\/\",\"logo\":{\"@type\":\"ImageObject\",\"inLanguage\":\"fr-FR\",\"@id\":\"https:\/\/www.praktivak.be\/fr\/#\/schema\/logo\/image\/\",\"url\":\"https:\/\/www.praktivak.be\/wp-content\/uploads\/2024\/09\/Logo.png\",\"contentUrl\":\"https:\/\/www.praktivak.be\/wp-content\/uploads\/2024\/09\/Logo.png\",\"width\":1774,\"height\":337,\"caption\":\"Praktivak\"},\"image\":{\"@id\":\"https:\/\/www.praktivak.be\/fr\/#\/schema\/logo\/image\/\"}}]}<\/script>\n<!-- \/ Yoast SEO plugin. -->","yoast_head_json":{"title":"Xminerals Advanced Anti-Aging Cream, 100ml - Praktivak","robots":{"index":"index","follow":"follow","max-snippet":"max-snippet:-1","max-image-preview":"max-image-preview:large","max-video-preview":"max-video-preview:-1"},"canonical":"https:\/\/www.praktivak.be\/fr\/produit\/xminerals-advanced-anti-aging-cream-100ml\/","og_locale":"fr_FR","og_type":"article","og_title":"Xminerals Advanced Anti-Aging Cream, 100ml - Praktivak","og_description":"Advanced Anti-Aging Cream &ndash; Peau s&egrave;che &ndash; Anti-&acirc;ge &ndash; V&eacute;g&eacute;talienne &ndash; Niacinamide &ndash; Nourrit et hydrate &ndash; Unifie le teint de la peau &ndash; R&eacute;duit la pigmentation &ndash; Adoucit les ridules &ndash; Renforce la barri&egrave;re cutan&eacute;e. Description : Xminerals Advanced Anti-Aging Cream est une cr&egrave;me anti-&acirc;ge riche en ingr&eacute;dients nourrissants, hydratants et r&eacute;g&eacute;n&eacute;rants. La cr&egrave;me &hellip; Continuer la lecture \"Xminerals Advanced Anti-Aging Cream, 100ml\"","og_url":"https:\/\/www.praktivak.be\/fr\/produit\/xminerals-advanced-anti-aging-cream-100ml\/","og_site_name":"Praktivak","article_modified_time":"2026-01-27T18:57:36+00:00","og_image":[{"width":1000,"height":1000,"url":"https:\/\/www.praktivak.be\/wp-content\/uploads\/2025\/09\/MSC74617-2.jpg","type":"image\/jpeg"}],"twitter_card":"summary_large_image","twitter_misc":{"Dur\u00e9e de lecture estim\u00e9e":"3 minutes"},"schema":{"@context":"https:\/\/schema.org","@graph":[{"@type":"WebPage","@id":"https:\/\/www.praktivak.be\/fr\/produit\/xminerals-advanced-anti-aging-cream-100ml\/","url":"https:\/\/www.praktivak.be\/fr\/produit\/xminerals-advanced-anti-aging-cream-100ml\/","name":"Xminerals Advanced Anti-Aging Cream, 100ml - Praktivak","isPartOf":{"@id":"https:\/\/www.praktivak.be\/fr\/#website"},"primaryImageOfPage":{"@id":"https:\/\/www.praktivak.be\/fr\/produit\/xminerals-advanced-anti-aging-cream-100ml\/#primaryimage"},"image":{"@id":"https:\/\/www.praktivak.be\/fr\/produit\/xminerals-advanced-anti-aging-cream-100ml\/#primaryimage"},"thumbnailUrl":"https:\/\/www.praktivak.be\/wp-content\/uploads\/2025\/09\/MSC74617-2.jpg","datePublished":"2025-08-14T20:09:59+00:00","dateModified":"2026-01-27T18:57:36+00:00","breadcrumb":{"@id":"https:\/\/www.praktivak.be\/fr\/produit\/xminerals-advanced-anti-aging-cream-100ml\/#breadcrumb"},"inLanguage":"fr-FR","potentialAction":[{"@type":"ReadAction","target":["https:\/\/www.praktivak.be\/fr\/produit\/xminerals-advanced-anti-aging-cream-100ml\/"]}]},{"@type":"ImageObject","inLanguage":"fr-FR","@id":"https:\/\/www.praktivak.be\/fr\/produit\/xminerals-advanced-anti-aging-cream-100ml\/#primaryimage","url":"https:\/\/www.praktivak.be\/wp-content\/uploads\/2025\/09\/MSC74617-2.jpg","contentUrl":"https:\/\/www.praktivak.be\/wp-content\/uploads\/2025\/09\/MSC74617-2.jpg","width":1000,"height":1000},{"@type":"BreadcrumbList","@id":"https:\/\/www.praktivak.be\/fr\/produit\/xminerals-advanced-anti-aging-cream-100ml\/#breadcrumb","itemListElement":[{"@type":"ListItem","position":1,"name":"Home","item":"https:\/\/www.praktivak.be\/fr\/"},{"@type":"ListItem","position":2,"name":"Boutique","item":"https:\/\/www.praktivak.be\/fr\/boutique\/"},{"@type":"ListItem","position":3,"name":"Xminerals Advanced Anti-Aging Cream, 100ml"}]},{"@type":"WebSite","@id":"https:\/\/www.praktivak.be\/fr\/#website","url":"https:\/\/www.praktivak.be\/fr\/","name":"Praktivak","description":"","publisher":{"@id":"https:\/\/www.praktivak.be\/fr\/#organization"},"potentialAction":[{"@type":"SearchAction","target":{"@type":"EntryPoint","urlTemplate":"https:\/\/www.praktivak.be\/fr\/?s={search_term_string}"},"query-input":{"@type":"PropertyValueSpecification","valueRequired":true,"valueName":"search_term_string"}}],"inLanguage":"fr-FR"},{"@type":"Organization","@id":"https:\/\/www.praktivak.be\/fr\/#organization","name":"Praktivak","url":"https:\/\/www.praktivak.be\/fr\/","logo":{"@type":"ImageObject","inLanguage":"fr-FR","@id":"https:\/\/www.praktivak.be\/fr\/#\/schema\/logo\/image\/","url":"https:\/\/www.praktivak.be\/wp-content\/uploads\/2024\/09\/Logo.png","contentUrl":"https:\/\/www.praktivak.be\/wp-content\/uploads\/2024\/09\/Logo.png","width":1774,"height":337,"caption":"Praktivak"},"image":{"@id":"https:\/\/www.praktivak.be\/fr\/#\/schema\/logo\/image\/"}}]}},"featured_img":"https:\/\/www.praktivak.be\/wp-content\/uploads\/2025\/09\/MSC74617-2.jpg","coauthors":[],"author_meta":{"author_link":"https:\/\/www.praktivak.be\/fr\/author\/madeit\/","display_name":"Tjebbe Lievens"},"relative_dates":{"created":"Publi\u00e9 8 mois il y a","modified":"Mis \u00e0 jour 3 mois il y a"},"absolute_dates":{"created":"Publi\u00e9 le 14 ao\u00fbt 2025","modified":"Mise \u00e0 jour le 27 janvier 2026"},"absolute_dates_time":{"created":"Publi\u00e9 le 14 ao\u00fbt 2025 22h09","modified":"Mise \u00e0 jour le 27 janvier 2026 19h57"},"featured_img_caption":"","tax_additional":{"product_brand":{"linked":[],"unlinked":[],"slug":"product_brand","name":"Marques"},"product_type":{"linked":["<a href=\"https:\/\/www.praktivak.be\/fr\/?taxonomy=product_type&#038;term=simple\" class=\"advgb-post-tax-term\">simple<\/a>"],"unlinked":["<span class=\"advgb-post-tax-term\">simple<\/span>"],"slug":"product_type","name":"Type de produit"},"product_visibility":{"linked":[],"unlinked":[],"slug":"product_visibility","name":"Visibilit\u00e9 du produit"},"product_cat":{"linked":["<a href=\"https:\/\/www.praktivak.be\/fr\/categorie-de-produit\/gelaatsverzorging-fr\/xminerals\/professional-products-xminerals-gelaatsverzorging-fr\/\" class=\"advgb-post-tax-term\">Professional products<\/a>"],"unlinked":["<span class=\"advgb-post-tax-term\">Professional products<\/span>"],"slug":"product_cat","name":"Cat\u00e9gories de produits"},"product_tag":{"linked":[],"unlinked":[],"slug":"product_tag","name":"\u00c9tiquettes produit"},"product_shipping_class":{"linked":[],"unlinked":[],"slug":"product_shipping_class","name":"Classe d\u2019exp\u00e9dition du produit"},"pos_product_visibility":{"linked":[],"unlinked":[],"slug":"pos_product_visibility","name":"Visibilit\u00e9 du produit sur le point de vente"},"translation_priority":{"linked":[],"unlinked":[],"slug":"translation_priority","name":"Priorit\u00e9s de traduction"}},"series_order":"","_links":{"self":[{"href":"https:\/\/www.praktivak.be\/fr\/wp-json\/wp\/v2\/product\/168380","targetHints":{"allow":["GET"]}}],"collection":[{"href":"https:\/\/www.praktivak.be\/fr\/wp-json\/wp\/v2\/product"}],"about":[{"href":"https:\/\/www.praktivak.be\/fr\/wp-json\/wp\/v2\/types\/product"}],"version-history":[{"count":93,"href":"https:\/\/www.praktivak.be\/fr\/wp-json\/wp\/v2\/product\/168380\/revisions"}],"predecessor-version":[{"id":325787,"href":"https:\/\/www.praktivak.be\/fr\/wp-json\/wp\/v2\/product\/168380\/revisions\/325787"}],"wp:featuredmedia":[{"embeddable":true,"href":"https:\/\/www.praktivak.be\/fr\/wp-json\/wp\/v2\/media\/304431"}],"wp:attachment":[{"href":"https:\/\/www.praktivak.be\/fr\/wp-json\/wp\/v2\/media?parent=168380"}],"wp:term":[{"taxonomy":"product_brand","embeddable":true,"href":"https:\/\/www.praktivak.be\/fr\/wp-json\/wp\/v2\/product_brand?post=168380"},{"taxonomy":"product_cat","embeddable":true,"href":"https:\/\/www.praktivak.be\/fr\/wp-json\/wp\/v2\/product_cat?post=168380"},{"taxonomy":"product_tag","embeddable":true,"href":"https:\/\/www.praktivak.be\/fr\/wp-json\/wp\/v2\/product_tag?post=168380"}],"curies":[{"name":"wp","href":"https:\/\/api.w.org\/{rel}","templated":true}]}}