

{"id":168368,"date":"2025-08-14T22:09:29","date_gmt":"2025-08-14T20:09:29","guid":{"rendered":"https:\/\/www.praktivak.be\/product\/xminerals-24-hour-retinol-cream-100ml\/"},"modified":"2026-01-27T19:57:18","modified_gmt":"2026-01-27T18:57:18","slug":"xminerals-24-hour-retinol-cream-100ml","status":"publish","type":"product","link":"https:\/\/www.praktivak.be\/fr\/produit\/xminerals-24-hour-retinol-cream-100ml\/","title":{"rendered":"Xminerals 24-hour Retinol Cream, 100ml"},"content":{"rendered":"\n<p>\nCr&egrave;me au r&eacute;tinol 24 heures sur 24<\/p>\n\n<p>\n&ndash; Tous les types de peau<\/p>\n<p>\n&ndash; Anti-rides<\/p>\n<p>\n&ndash; Peau v&eacute;g&eacute;talienne<\/p>\n<p>\n&ndash; Vitamine A<\/p>\n<p>\n&ndash; Jusqu&rsquo;&agrave; 24 heures de peau douce et radieuse<\/p>\n<p>\n&ndash; R&eacute;duit les rides et les ridules<\/p>\n<p>\n&ndash; Cr&eacute;e une sensation douce et agr&eacute;able<\/p>\n\n<p>\nLa cr&egrave;me 24 Hour Retinol de Xminerals est une cr&egrave;me anti-rides efficace &agrave; base de min&eacute;raux et d&rsquo;algues de la mer Morte, avec une teneur &eacute;lev&eacute;e en vitamine A (0,98 % de r&eacute;tinol). La combinaison d&rsquo;acide hyaluronique, d&rsquo;extrait de busserole et de puissants peptides (acides amin&eacute;s) r&eacute;duit les rides et stimule la synth&egrave;se du collag&egrave;ne.<\/p>\n<p>\nEn plus de la vitamine E, la formule contient des extraits de plantes r&eacute;paratrices et apaisantes. Cette cr&egrave;me anti-&acirc;ge riche procure une peau remarquablement lisse et douce pendant 24 heures.<\/p>\n\n<p>\nAppliquer une petite quantit&eacute; de cr&egrave;me sur la peau propre du visage, le matin et\/ou le soir, et faire p&eacute;n&eacute;trer par des mouvements circulaires jusqu&rsquo;&agrave; ce que la cr&egrave;me soit enti&egrave;rement absorb&eacute;e par la peau. NB : Avant toute exposition au soleil, il est n&eacute;cessaire d&rsquo;appliquer une protection solaire SPF 35.<\/p>\n\n<p>\nIngr&eacute;dients :<\/p>\n<p>\nAqua, Steareth 21, Steareth 2, Sodium Hyaluronate, Glyceryl Stearate, Pseudoalteromonas Ferment extract, Retinol, Gluconic acid, Acetyl Glucosamine, Dimethylmethoxy Chromanol, Zinc Glycinate, Aloe Barbadensis leaf juice, Dunaliella Bardawil extract, Fragrance (supplement), Tocopheryl Acetate, Arctostaphylos Uva-Ursi Leaf Extract, Phosphate d&rsquo;ascorbyle de magn&eacute;sium, extrait de Malva Sylvestris (mauve), extrait d&rsquo;Alchemilla Vulgaris, extrait d&rsquo;Achillea Millefolium, extrait de Veronica Officinalis, Maris Sal, extrait de Melissa Officinalis Leaf, prot&eacute;ine de son de riz hydrolys&eacute;e, oxydor&eacute;ductases, prot&eacute;ine de Glycine Soja (soja), acide sorbique, alcool benzylique.<\/p>\n\n<p>\nPrincipes actifs de la &laquo;&nbsp;Cr&egrave;me au r&eacute;tinol de 24 heures&nbsp;&raquo;<\/p>\n<p>\nVitamine E<\/p>\n<p>\nL&rsquo;utilisation de la vitamine E r&eacute;duit visiblement les ridules, les rides et l&rsquo;hyperpigmentation.<\/p>\n\n<p>\nR&eacute;tinol<\/p>\n<p>\nLe r&eacute;tinol est essentiel pour lutter contre les rides et les ridules et son efficacit&eacute; est prouv&eacute;e pour une peau du visage tendue et lisse.<\/p>\n\n<p>\nExtrait de ferment de Pseudoalteromonas (PFE)<\/p>\n<p>\n&Eacute;galement connue sous le nom d&rsquo;antarcticine, elle stimule la production d&rsquo;&eacute;lastine et de collag&egrave;ne et r&eacute;gule la production de s&eacute;bum. Convient &eacute;galement aux peaux sensibles.<\/p>\n\n<p>\nAcide hyaluronique<\/p>\n<p>\nL&rsquo;acide hyaluronique est un hydratant naturel qui donne &agrave; votre peau une apparence et une sensation d&rsquo;&eacute;lasticit&eacute;, de jeunesse et de sant&eacute;.<\/p>\n\n<p>\nAloe Vera<\/p>\n<p>\nL&rsquo;aloe vera est riche en vitamines et en min&eacute;raux. Son utilisation donne &agrave; votre peau un &eacute;clat sain et une sensation agr&eacute;able.&nbsp;&raquo;<\/p>\n\n","protected":false},"excerpt":{"rendered":"<p>Cr&egrave;me au r&eacute;tinol 24 heures sur 24 &ndash; Tous les types de peau &ndash; Anti-rides &ndash; Peau v&eacute;g&eacute;talienne &ndash; Vitamine A &ndash; Jusqu&rsquo;&agrave; 24 heures de peau douce et radieuse &ndash; R&eacute;duit les rides et les ridules &ndash; Cr&eacute;e une sensation douce et agr&eacute;able La cr&egrave;me 24 Hour Retinol de Xminerals est une cr&egrave;me anti-rides &hellip; <\/p>\n<p class=\"link-more\"><a href=\"https:\/\/www.praktivak.be\/fr\/produit\/xminerals-24-hour-retinol-cream-100ml\/\" class=\"more-link\">Continuer la lecture<span class=\"screen-reader-text\"> \u00ab\u00a0Xminerals 24-hour Retinol Cream, 100ml\u00a0\u00bb<\/span><\/a><\/p>\n","protected":false},"author":1,"featured_media":309459,"template":"","meta":{"_acf_changed":false,"_relevanssi_hide_post":"","_relevanssi_hide_content":"","_relevanssi_pin_for_all":"","_relevanssi_pin_keywords":"","_relevanssi_unpin_keywords":"","_relevanssi_related_keywords":"","_relevanssi_related_include_ids":"","_relevanssi_related_exclude_ids":"","_relevanssi_related_no_append":"","_relevanssi_related_not_related":"","_relevanssi_related_posts":"","_relevanssi_noindex_reason":"","advgb_blocks_editor_width":"","advgb_blocks_columns_visual_guide":"","footnotes":""},"product_brand":[],"product_cat":[2114],"product_tag":[],"class_list":{"0":"post-168368","1":"product","2":"type-product","3":"status-publish","4":"has-post-thumbnail","6":"product_cat-professional-products-xminerals-gelaatsverzorging-fr","8":"first","9":"instock","10":"taxable","11":"shipping-taxable","12":"product-type-simple"},"acf":[],"yoast_head":"<!-- This site is optimized with the Yoast SEO plugin v27.2 - https:\/\/yoast.com\/product\/yoast-seo-wordpress\/ -->\n<title>Xminerals 24-hour Retinol Cream, 100ml - Praktivak<\/title>\n<meta name=\"robots\" content=\"index, follow, max-snippet:-1, max-image-preview:large, max-video-preview:-1\" \/>\n<link rel=\"canonical\" href=\"https:\/\/www.praktivak.be\/fr\/produit\/xminerals-24-hour-retinol-cream-100ml\/\" \/>\n<meta property=\"og:locale\" content=\"fr_FR\" \/>\n<meta property=\"og:type\" content=\"article\" \/>\n<meta property=\"og:title\" content=\"Xminerals 24-hour Retinol Cream, 100ml - Praktivak\" \/>\n<meta property=\"og:description\" content=\"Cr&egrave;me au r&eacute;tinol 24 heures sur 24 &ndash; Tous les types de peau &ndash; Anti-rides &ndash; Peau v&eacute;g&eacute;talienne &ndash; Vitamine A &ndash; Jusqu&rsquo;&agrave; 24 heures de peau douce et radieuse &ndash; R&eacute;duit les rides et les ridules &ndash; Cr&eacute;e une sensation douce et agr&eacute;able La cr&egrave;me 24 Hour Retinol de Xminerals est une cr&egrave;me anti-rides &hellip; Continuer la lecture &quot;Xminerals 24-hour Retinol Cream, 100ml&quot;\" \/>\n<meta property=\"og:url\" content=\"https:\/\/www.praktivak.be\/fr\/produit\/xminerals-24-hour-retinol-cream-100ml\/\" \/>\n<meta property=\"og:site_name\" content=\"Praktivak\" \/>\n<meta property=\"article:modified_time\" content=\"2026-01-27T18:57:18+00:00\" \/>\n<meta property=\"og:image\" content=\"https:\/\/www.praktivak.be\/wp-content\/uploads\/2025\/09\/MSC74689-2.jpg\" \/>\n\t<meta property=\"og:image:width\" content=\"1000\" \/>\n\t<meta property=\"og:image:height\" content=\"1000\" \/>\n\t<meta property=\"og:image:type\" content=\"image\/jpeg\" \/>\n<meta name=\"twitter:card\" content=\"summary_large_image\" \/>\n<meta name=\"twitter:label1\" content=\"Dur\u00e9e de lecture estim\u00e9e\" \/>\n\t<meta name=\"twitter:data1\" content=\"2 minutes\" \/>\n<script type=\"application\/ld+json\" class=\"yoast-schema-graph\">{\"@context\":\"https:\/\/schema.org\",\"@graph\":[{\"@type\":\"WebPage\",\"@id\":\"https:\/\/www.praktivak.be\/fr\/produit\/xminerals-24-hour-retinol-cream-100ml\/\",\"url\":\"https:\/\/www.praktivak.be\/fr\/produit\/xminerals-24-hour-retinol-cream-100ml\/\",\"name\":\"Xminerals 24-hour Retinol Cream, 100ml - Praktivak\",\"isPartOf\":{\"@id\":\"https:\/\/www.praktivak.be\/fr\/#website\"},\"primaryImageOfPage\":{\"@id\":\"https:\/\/www.praktivak.be\/fr\/produit\/xminerals-24-hour-retinol-cream-100ml\/#primaryimage\"},\"image\":{\"@id\":\"https:\/\/www.praktivak.be\/fr\/produit\/xminerals-24-hour-retinol-cream-100ml\/#primaryimage\"},\"thumbnailUrl\":\"https:\/\/www.praktivak.be\/wp-content\/uploads\/2025\/09\/MSC74689-2.jpg\",\"datePublished\":\"2025-08-14T20:09:29+00:00\",\"dateModified\":\"2026-01-27T18:57:18+00:00\",\"breadcrumb\":{\"@id\":\"https:\/\/www.praktivak.be\/fr\/produit\/xminerals-24-hour-retinol-cream-100ml\/#breadcrumb\"},\"inLanguage\":\"fr-FR\",\"potentialAction\":[{\"@type\":\"ReadAction\",\"target\":[\"https:\/\/www.praktivak.be\/fr\/produit\/xminerals-24-hour-retinol-cream-100ml\/\"]}]},{\"@type\":\"ImageObject\",\"inLanguage\":\"fr-FR\",\"@id\":\"https:\/\/www.praktivak.be\/fr\/produit\/xminerals-24-hour-retinol-cream-100ml\/#primaryimage\",\"url\":\"https:\/\/www.praktivak.be\/wp-content\/uploads\/2025\/09\/MSC74689-2.jpg\",\"contentUrl\":\"https:\/\/www.praktivak.be\/wp-content\/uploads\/2025\/09\/MSC74689-2.jpg\",\"width\":1000,\"height\":1000},{\"@type\":\"BreadcrumbList\",\"@id\":\"https:\/\/www.praktivak.be\/fr\/produit\/xminerals-24-hour-retinol-cream-100ml\/#breadcrumb\",\"itemListElement\":[{\"@type\":\"ListItem\",\"position\":1,\"name\":\"Home\",\"item\":\"https:\/\/www.praktivak.be\/fr\/\"},{\"@type\":\"ListItem\",\"position\":2,\"name\":\"Boutique\",\"item\":\"https:\/\/www.praktivak.be\/fr\/boutique\/\"},{\"@type\":\"ListItem\",\"position\":3,\"name\":\"Xminerals 24-hour Retinol Cream, 100ml\"}]},{\"@type\":\"WebSite\",\"@id\":\"https:\/\/www.praktivak.be\/fr\/#website\",\"url\":\"https:\/\/www.praktivak.be\/fr\/\",\"name\":\"Praktivak\",\"description\":\"\",\"publisher\":{\"@id\":\"https:\/\/www.praktivak.be\/fr\/#organization\"},\"potentialAction\":[{\"@type\":\"SearchAction\",\"target\":{\"@type\":\"EntryPoint\",\"urlTemplate\":\"https:\/\/www.praktivak.be\/fr\/?s={search_term_string}\"},\"query-input\":{\"@type\":\"PropertyValueSpecification\",\"valueRequired\":true,\"valueName\":\"search_term_string\"}}],\"inLanguage\":\"fr-FR\"},{\"@type\":\"Organization\",\"@id\":\"https:\/\/www.praktivak.be\/fr\/#organization\",\"name\":\"Praktivak\",\"url\":\"https:\/\/www.praktivak.be\/fr\/\",\"logo\":{\"@type\":\"ImageObject\",\"inLanguage\":\"fr-FR\",\"@id\":\"https:\/\/www.praktivak.be\/fr\/#\/schema\/logo\/image\/\",\"url\":\"https:\/\/www.praktivak.be\/wp-content\/uploads\/2024\/09\/Logo.png\",\"contentUrl\":\"https:\/\/www.praktivak.be\/wp-content\/uploads\/2024\/09\/Logo.png\",\"width\":1774,\"height\":337,\"caption\":\"Praktivak\"},\"image\":{\"@id\":\"https:\/\/www.praktivak.be\/fr\/#\/schema\/logo\/image\/\"}}]}<\/script>\n<!-- \/ Yoast SEO plugin. -->","yoast_head_json":{"title":"Xminerals 24-hour Retinol Cream, 100ml - Praktivak","robots":{"index":"index","follow":"follow","max-snippet":"max-snippet:-1","max-image-preview":"max-image-preview:large","max-video-preview":"max-video-preview:-1"},"canonical":"https:\/\/www.praktivak.be\/fr\/produit\/xminerals-24-hour-retinol-cream-100ml\/","og_locale":"fr_FR","og_type":"article","og_title":"Xminerals 24-hour Retinol Cream, 100ml - Praktivak","og_description":"Cr&egrave;me au r&eacute;tinol 24 heures sur 24 &ndash; Tous les types de peau &ndash; Anti-rides &ndash; Peau v&eacute;g&eacute;talienne &ndash; Vitamine A &ndash; Jusqu&rsquo;&agrave; 24 heures de peau douce et radieuse &ndash; R&eacute;duit les rides et les ridules &ndash; Cr&eacute;e une sensation douce et agr&eacute;able La cr&egrave;me 24 Hour Retinol de Xminerals est une cr&egrave;me anti-rides &hellip; Continuer la lecture \"Xminerals 24-hour Retinol Cream, 100ml\"","og_url":"https:\/\/www.praktivak.be\/fr\/produit\/xminerals-24-hour-retinol-cream-100ml\/","og_site_name":"Praktivak","article_modified_time":"2026-01-27T18:57:18+00:00","og_image":[{"width":1000,"height":1000,"url":"https:\/\/www.praktivak.be\/wp-content\/uploads\/2025\/09\/MSC74689-2.jpg","type":"image\/jpeg"}],"twitter_card":"summary_large_image","twitter_misc":{"Dur\u00e9e de lecture estim\u00e9e":"2 minutes"},"schema":{"@context":"https:\/\/schema.org","@graph":[{"@type":"WebPage","@id":"https:\/\/www.praktivak.be\/fr\/produit\/xminerals-24-hour-retinol-cream-100ml\/","url":"https:\/\/www.praktivak.be\/fr\/produit\/xminerals-24-hour-retinol-cream-100ml\/","name":"Xminerals 24-hour Retinol Cream, 100ml - Praktivak","isPartOf":{"@id":"https:\/\/www.praktivak.be\/fr\/#website"},"primaryImageOfPage":{"@id":"https:\/\/www.praktivak.be\/fr\/produit\/xminerals-24-hour-retinol-cream-100ml\/#primaryimage"},"image":{"@id":"https:\/\/www.praktivak.be\/fr\/produit\/xminerals-24-hour-retinol-cream-100ml\/#primaryimage"},"thumbnailUrl":"https:\/\/www.praktivak.be\/wp-content\/uploads\/2025\/09\/MSC74689-2.jpg","datePublished":"2025-08-14T20:09:29+00:00","dateModified":"2026-01-27T18:57:18+00:00","breadcrumb":{"@id":"https:\/\/www.praktivak.be\/fr\/produit\/xminerals-24-hour-retinol-cream-100ml\/#breadcrumb"},"inLanguage":"fr-FR","potentialAction":[{"@type":"ReadAction","target":["https:\/\/www.praktivak.be\/fr\/produit\/xminerals-24-hour-retinol-cream-100ml\/"]}]},{"@type":"ImageObject","inLanguage":"fr-FR","@id":"https:\/\/www.praktivak.be\/fr\/produit\/xminerals-24-hour-retinol-cream-100ml\/#primaryimage","url":"https:\/\/www.praktivak.be\/wp-content\/uploads\/2025\/09\/MSC74689-2.jpg","contentUrl":"https:\/\/www.praktivak.be\/wp-content\/uploads\/2025\/09\/MSC74689-2.jpg","width":1000,"height":1000},{"@type":"BreadcrumbList","@id":"https:\/\/www.praktivak.be\/fr\/produit\/xminerals-24-hour-retinol-cream-100ml\/#breadcrumb","itemListElement":[{"@type":"ListItem","position":1,"name":"Home","item":"https:\/\/www.praktivak.be\/fr\/"},{"@type":"ListItem","position":2,"name":"Boutique","item":"https:\/\/www.praktivak.be\/fr\/boutique\/"},{"@type":"ListItem","position":3,"name":"Xminerals 24-hour Retinol Cream, 100ml"}]},{"@type":"WebSite","@id":"https:\/\/www.praktivak.be\/fr\/#website","url":"https:\/\/www.praktivak.be\/fr\/","name":"Praktivak","description":"","publisher":{"@id":"https:\/\/www.praktivak.be\/fr\/#organization"},"potentialAction":[{"@type":"SearchAction","target":{"@type":"EntryPoint","urlTemplate":"https:\/\/www.praktivak.be\/fr\/?s={search_term_string}"},"query-input":{"@type":"PropertyValueSpecification","valueRequired":true,"valueName":"search_term_string"}}],"inLanguage":"fr-FR"},{"@type":"Organization","@id":"https:\/\/www.praktivak.be\/fr\/#organization","name":"Praktivak","url":"https:\/\/www.praktivak.be\/fr\/","logo":{"@type":"ImageObject","inLanguage":"fr-FR","@id":"https:\/\/www.praktivak.be\/fr\/#\/schema\/logo\/image\/","url":"https:\/\/www.praktivak.be\/wp-content\/uploads\/2024\/09\/Logo.png","contentUrl":"https:\/\/www.praktivak.be\/wp-content\/uploads\/2024\/09\/Logo.png","width":1774,"height":337,"caption":"Praktivak"},"image":{"@id":"https:\/\/www.praktivak.be\/fr\/#\/schema\/logo\/image\/"}}]}},"featured_img":"https:\/\/www.praktivak.be\/wp-content\/uploads\/2025\/09\/MSC74689-2.jpg","coauthors":[],"author_meta":{"author_link":"https:\/\/www.praktivak.be\/fr\/author\/madeit\/","display_name":"Tjebbe Lievens"},"relative_dates":{"created":"Publi\u00e9 8 mois il y a","modified":"Mis \u00e0 jour 3 mois il y a"},"absolute_dates":{"created":"Publi\u00e9 le 14 ao\u00fbt 2025","modified":"Mise \u00e0 jour le 27 janvier 2026"},"absolute_dates_time":{"created":"Publi\u00e9 le 14 ao\u00fbt 2025 22h09","modified":"Mise \u00e0 jour le 27 janvier 2026 19h57"},"featured_img_caption":"","tax_additional":{"product_brand":{"linked":[],"unlinked":[],"slug":"product_brand","name":"Marques"},"product_type":{"linked":["<a href=\"https:\/\/www.praktivak.be\/fr\/?taxonomy=product_type&#038;term=simple\" class=\"advgb-post-tax-term\">simple<\/a>"],"unlinked":["<span class=\"advgb-post-tax-term\">simple<\/span>"],"slug":"product_type","name":"Type de produit"},"product_visibility":{"linked":[],"unlinked":[],"slug":"product_visibility","name":"Visibilit\u00e9 du produit"},"product_cat":{"linked":["<a href=\"https:\/\/www.praktivak.be\/fr\/categorie-de-produit\/gelaatsverzorging-fr\/xminerals\/professional-products-xminerals-gelaatsverzorging-fr\/\" class=\"advgb-post-tax-term\">Professional products<\/a>"],"unlinked":["<span class=\"advgb-post-tax-term\">Professional products<\/span>"],"slug":"product_cat","name":"Cat\u00e9gories de produits"},"product_tag":{"linked":[],"unlinked":[],"slug":"product_tag","name":"\u00c9tiquettes produit"},"product_shipping_class":{"linked":[],"unlinked":[],"slug":"product_shipping_class","name":"Classe d\u2019exp\u00e9dition du produit"},"pos_product_visibility":{"linked":[],"unlinked":[],"slug":"pos_product_visibility","name":"Visibilit\u00e9 du produit sur le point de vente"},"translation_priority":{"linked":[],"unlinked":[],"slug":"translation_priority","name":"Priorit\u00e9s de traduction"}},"series_order":"","_links":{"self":[{"href":"https:\/\/www.praktivak.be\/fr\/wp-json\/wp\/v2\/product\/168368","targetHints":{"allow":["GET"]}}],"collection":[{"href":"https:\/\/www.praktivak.be\/fr\/wp-json\/wp\/v2\/product"}],"about":[{"href":"https:\/\/www.praktivak.be\/fr\/wp-json\/wp\/v2\/types\/product"}],"version-history":[{"count":89,"href":"https:\/\/www.praktivak.be\/fr\/wp-json\/wp\/v2\/product\/168368\/revisions"}],"predecessor-version":[{"id":325453,"href":"https:\/\/www.praktivak.be\/fr\/wp-json\/wp\/v2\/product\/168368\/revisions\/325453"}],"wp:featuredmedia":[{"embeddable":true,"href":"https:\/\/www.praktivak.be\/fr\/wp-json\/wp\/v2\/media\/309459"}],"wp:attachment":[{"href":"https:\/\/www.praktivak.be\/fr\/wp-json\/wp\/v2\/media?parent=168368"}],"wp:term":[{"taxonomy":"product_brand","embeddable":true,"href":"https:\/\/www.praktivak.be\/fr\/wp-json\/wp\/v2\/product_brand?post=168368"},{"taxonomy":"product_cat","embeddable":true,"href":"https:\/\/www.praktivak.be\/fr\/wp-json\/wp\/v2\/product_cat?post=168368"},{"taxonomy":"product_tag","embeddable":true,"href":"https:\/\/www.praktivak.be\/fr\/wp-json\/wp\/v2\/product_tag?post=168368"}],"curies":[{"name":"wp","href":"https:\/\/api.w.org\/{rel}","templated":true}]}}