

{"id":168145,"date":"2025-08-14T22:00:43","date_gmt":"2025-08-14T20:00:43","guid":{"rendered":"https:\/\/www.praktivak.be\/product\/wandelwol-20-gram\/"},"modified":"2026-02-01T03:00:50","modified_gmt":"2026-02-01T02:00:50","slug":"wandelwol-20-gr","status":"publish","type":"product","link":"https:\/\/www.praktivak.be\/fr\/produit\/wandelwol-20-gr\/","title":{"rendered":"Wandelwol, 20 gr."},"content":{"rendered":"\n<p>\nWandelWol&reg; laine anti-dressage<\/p>\n<p>\nLe produit anti-dressage WandelWol&reg; est constitu&eacute; d&rsquo;un m&eacute;lange de 100% de laine de mouton sans aucun additif chimique ni traitement. Le mat&eacute;riau est doux, contient de la lanoline et vous donne la sensation de marcher sur des nuages.<\/p>\n\n\n<p>\nLa laine anti-d&eacute;rive WandelWol est biod&eacute;gradable gr&acirc;ce &agrave; sa structure naturelle. biod&eacute;gradable. Les produits anti-d&eacute;rive WandelWol absorbent la transpiration et ventilent. Il garde les pieds au chaud en hiver et au frais en &eacute;t&eacute;. La laine anti-ampoules adoucit les ampoules et les emp&ecirc;che de se former. Soulage la pression et prot&egrave;ge les ongles des orteils et des pieds.<\/p>\n\n\n<p>\nPour qui<\/p>\n\n<p>\nLes produits WandelWol conviennent aux marcheurs, aux sportifs, aux acheteurs et aux personnes ayant peu de coussins sous les pieds, des pieds froids, des cors douloureux entre ou autour des orteils, des engelures, des &eacute;pines calcan&eacute;ennes et des br&ucirc;lures sous la plante du pied. Pour pr&eacute;venir les traumatismes des ongles lors de la pratique d&rsquo;un sport ou de la marche sur de longues distances. <\/p>\n\n\n<p>\nLaine de randonn&eacute;e &ndash; absorbe la transpiration et ventile. La laine Wandelwol- antidruk garde les pieds au chaud en hiver et au frais en &eacute;t&eacute;. Wandelwool &ndash; la laine adoucit les ampoules et les emp&ecirc;che de se former. WandelWool est &eacute;galement utilis&eacute;e pour traiter les engelures et les &eacute;pines du talon. Il n&rsquo;a pas d&rsquo;effet curatif, mais il adoucit la peau.<\/p>\n\n<p>\nSoulage la pression et restaure la peau.<\/p>\n\n","protected":false},"excerpt":{"rendered":"<p>WandelWol&reg; laine anti-dressage Le produit anti-dressage WandelWol&reg; est constitu&eacute; d&rsquo;un m&eacute;lange de 100% de laine de mouton sans aucun additif chimique ni traitement. Le mat&eacute;riau est doux, contient de la lanoline et vous donne la sensation de marcher sur des nuages. La laine anti-d&eacute;rive WandelWol est biod&eacute;gradable gr&acirc;ce &agrave; sa structure naturelle. biod&eacute;gradable. Les produits &hellip; <\/p>\n<p class=\"link-more\"><a href=\"https:\/\/www.praktivak.be\/fr\/produit\/wandelwol-20-gr\/\" class=\"more-link\">Continuer la lecture<span class=\"screen-reader-text\"> \u00ab\u00a0Wandelwol, 20 gr.\u00a0\u00bb<\/span><\/a><\/p>\n","protected":false},"author":1,"featured_media":307939,"template":"","meta":{"_acf_changed":false,"_relevanssi_hide_post":"","_relevanssi_hide_content":"","_relevanssi_pin_for_all":"","_relevanssi_pin_keywords":"","_relevanssi_unpin_keywords":"","_relevanssi_related_keywords":"","_relevanssi_related_include_ids":"","_relevanssi_related_exclude_ids":"","_relevanssi_related_no_append":"","_relevanssi_related_not_related":"","_relevanssi_related_posts":"","_relevanssi_noindex_reason":"","advgb_blocks_editor_width":"","advgb_blocks_columns_visual_guide":"","footnotes":""},"product_brand":[],"product_cat":[2167],"product_tag":[],"class_list":{"0":"post-168145","1":"product","2":"type-product","3":"status-publish","4":"has-post-thumbnail","6":"product_cat-overige-siliconen-en-antidruk-pedicure-2-fr","8":"first","9":"instock","10":"taxable","11":"shipping-taxable","12":"product-type-simple"},"acf":[],"yoast_head":"<!-- This site is optimized with the Yoast SEO plugin v27.2 - https:\/\/yoast.com\/product\/yoast-seo-wordpress\/ -->\n<title>Wandelwol, 20 gr. - Praktivak<\/title>\n<meta name=\"robots\" content=\"index, follow, max-snippet:-1, max-image-preview:large, max-video-preview:-1\" \/>\n<link rel=\"canonical\" href=\"https:\/\/www.praktivak.be\/fr\/produit\/wandelwol-20-gr\/\" \/>\n<meta property=\"og:locale\" content=\"fr_FR\" \/>\n<meta property=\"og:type\" content=\"article\" \/>\n<meta property=\"og:title\" content=\"Wandelwol, 20 gr. - Praktivak\" \/>\n<meta property=\"og:description\" content=\"WandelWol&reg; laine anti-dressage Le produit anti-dressage WandelWol&reg; est constitu&eacute; d&rsquo;un m&eacute;lange de 100% de laine de mouton sans aucun additif chimique ni traitement. Le mat&eacute;riau est doux, contient de la lanoline et vous donne la sensation de marcher sur des nuages. La laine anti-d&eacute;rive WandelWol est biod&eacute;gradable gr&acirc;ce &agrave; sa structure naturelle. biod&eacute;gradable. Les produits &hellip; Continuer la lecture &quot;Wandelwol, 20 gr.&quot;\" \/>\n<meta property=\"og:url\" content=\"https:\/\/www.praktivak.be\/fr\/produit\/wandelwol-20-gr\/\" \/>\n<meta property=\"og:site_name\" content=\"Praktivak\" \/>\n<meta property=\"article:modified_time\" content=\"2026-02-01T02:00:50+00:00\" \/>\n<meta property=\"og:image\" content=\"https:\/\/www.praktivak.be\/wp-content\/uploads\/2025\/09\/WW20-2.jpg\" \/>\n\t<meta property=\"og:image:width\" content=\"1000\" \/>\n\t<meta property=\"og:image:height\" content=\"1000\" \/>\n\t<meta property=\"og:image:type\" content=\"image\/jpeg\" \/>\n<meta name=\"twitter:card\" content=\"summary_large_image\" \/>\n<meta name=\"twitter:label1\" content=\"Dur\u00e9e de lecture estim\u00e9e\" \/>\n\t<meta name=\"twitter:data1\" content=\"1 minute\" \/>\n<script type=\"application\/ld+json\" class=\"yoast-schema-graph\">{\"@context\":\"https:\/\/schema.org\",\"@graph\":[{\"@type\":\"WebPage\",\"@id\":\"https:\/\/www.praktivak.be\/fr\/produit\/wandelwol-20-gr\/\",\"url\":\"https:\/\/www.praktivak.be\/fr\/produit\/wandelwol-20-gr\/\",\"name\":\"Wandelwol, 20 gr. - Praktivak\",\"isPartOf\":{\"@id\":\"https:\/\/www.praktivak.be\/fr\/#website\"},\"primaryImageOfPage\":{\"@id\":\"https:\/\/www.praktivak.be\/fr\/produit\/wandelwol-20-gr\/#primaryimage\"},\"image\":{\"@id\":\"https:\/\/www.praktivak.be\/fr\/produit\/wandelwol-20-gr\/#primaryimage\"},\"thumbnailUrl\":\"https:\/\/www.praktivak.be\/wp-content\/uploads\/2025\/09\/WW20-2.jpg\",\"datePublished\":\"2025-08-14T20:00:43+00:00\",\"dateModified\":\"2026-02-01T02:00:50+00:00\",\"breadcrumb\":{\"@id\":\"https:\/\/www.praktivak.be\/fr\/produit\/wandelwol-20-gr\/#breadcrumb\"},\"inLanguage\":\"fr-FR\",\"potentialAction\":[{\"@type\":\"ReadAction\",\"target\":[\"https:\/\/www.praktivak.be\/fr\/produit\/wandelwol-20-gr\/\"]}]},{\"@type\":\"ImageObject\",\"inLanguage\":\"fr-FR\",\"@id\":\"https:\/\/www.praktivak.be\/fr\/produit\/wandelwol-20-gr\/#primaryimage\",\"url\":\"https:\/\/www.praktivak.be\/wp-content\/uploads\/2025\/09\/WW20-2.jpg\",\"contentUrl\":\"https:\/\/www.praktivak.be\/wp-content\/uploads\/2025\/09\/WW20-2.jpg\",\"width\":1000,\"height\":1000},{\"@type\":\"BreadcrumbList\",\"@id\":\"https:\/\/www.praktivak.be\/fr\/produit\/wandelwol-20-gr\/#breadcrumb\",\"itemListElement\":[{\"@type\":\"ListItem\",\"position\":1,\"name\":\"Home\",\"item\":\"https:\/\/www.praktivak.be\/fr\/\"},{\"@type\":\"ListItem\",\"position\":2,\"name\":\"Boutique\",\"item\":\"https:\/\/www.praktivak.be\/fr\/boutique\/\"},{\"@type\":\"ListItem\",\"position\":3,\"name\":\"Wandelwol, 20 gr.\"}]},{\"@type\":\"WebSite\",\"@id\":\"https:\/\/www.praktivak.be\/fr\/#website\",\"url\":\"https:\/\/www.praktivak.be\/fr\/\",\"name\":\"Praktivak\",\"description\":\"\",\"publisher\":{\"@id\":\"https:\/\/www.praktivak.be\/fr\/#organization\"},\"potentialAction\":[{\"@type\":\"SearchAction\",\"target\":{\"@type\":\"EntryPoint\",\"urlTemplate\":\"https:\/\/www.praktivak.be\/fr\/?s={search_term_string}\"},\"query-input\":{\"@type\":\"PropertyValueSpecification\",\"valueRequired\":true,\"valueName\":\"search_term_string\"}}],\"inLanguage\":\"fr-FR\"},{\"@type\":\"Organization\",\"@id\":\"https:\/\/www.praktivak.be\/fr\/#organization\",\"name\":\"Praktivak\",\"url\":\"https:\/\/www.praktivak.be\/fr\/\",\"logo\":{\"@type\":\"ImageObject\",\"inLanguage\":\"fr-FR\",\"@id\":\"https:\/\/www.praktivak.be\/fr\/#\/schema\/logo\/image\/\",\"url\":\"https:\/\/www.praktivak.be\/wp-content\/uploads\/2024\/09\/Logo.png\",\"contentUrl\":\"https:\/\/www.praktivak.be\/wp-content\/uploads\/2024\/09\/Logo.png\",\"width\":1774,\"height\":337,\"caption\":\"Praktivak\"},\"image\":{\"@id\":\"https:\/\/www.praktivak.be\/fr\/#\/schema\/logo\/image\/\"}}]}<\/script>\n<!-- \/ Yoast SEO plugin. -->","yoast_head_json":{"title":"Wandelwol, 20 gr. - Praktivak","robots":{"index":"index","follow":"follow","max-snippet":"max-snippet:-1","max-image-preview":"max-image-preview:large","max-video-preview":"max-video-preview:-1"},"canonical":"https:\/\/www.praktivak.be\/fr\/produit\/wandelwol-20-gr\/","og_locale":"fr_FR","og_type":"article","og_title":"Wandelwol, 20 gr. - Praktivak","og_description":"WandelWol&reg; laine anti-dressage Le produit anti-dressage WandelWol&reg; est constitu&eacute; d&rsquo;un m&eacute;lange de 100% de laine de mouton sans aucun additif chimique ni traitement. Le mat&eacute;riau est doux, contient de la lanoline et vous donne la sensation de marcher sur des nuages. La laine anti-d&eacute;rive WandelWol est biod&eacute;gradable gr&acirc;ce &agrave; sa structure naturelle. biod&eacute;gradable. Les produits &hellip; Continuer la lecture \"Wandelwol, 20 gr.\"","og_url":"https:\/\/www.praktivak.be\/fr\/produit\/wandelwol-20-gr\/","og_site_name":"Praktivak","article_modified_time":"2026-02-01T02:00:50+00:00","og_image":[{"width":1000,"height":1000,"url":"https:\/\/www.praktivak.be\/wp-content\/uploads\/2025\/09\/WW20-2.jpg","type":"image\/jpeg"}],"twitter_card":"summary_large_image","twitter_misc":{"Dur\u00e9e de lecture estim\u00e9e":"1 minute"},"schema":{"@context":"https:\/\/schema.org","@graph":[{"@type":"WebPage","@id":"https:\/\/www.praktivak.be\/fr\/produit\/wandelwol-20-gr\/","url":"https:\/\/www.praktivak.be\/fr\/produit\/wandelwol-20-gr\/","name":"Wandelwol, 20 gr. - Praktivak","isPartOf":{"@id":"https:\/\/www.praktivak.be\/fr\/#website"},"primaryImageOfPage":{"@id":"https:\/\/www.praktivak.be\/fr\/produit\/wandelwol-20-gr\/#primaryimage"},"image":{"@id":"https:\/\/www.praktivak.be\/fr\/produit\/wandelwol-20-gr\/#primaryimage"},"thumbnailUrl":"https:\/\/www.praktivak.be\/wp-content\/uploads\/2025\/09\/WW20-2.jpg","datePublished":"2025-08-14T20:00:43+00:00","dateModified":"2026-02-01T02:00:50+00:00","breadcrumb":{"@id":"https:\/\/www.praktivak.be\/fr\/produit\/wandelwol-20-gr\/#breadcrumb"},"inLanguage":"fr-FR","potentialAction":[{"@type":"ReadAction","target":["https:\/\/www.praktivak.be\/fr\/produit\/wandelwol-20-gr\/"]}]},{"@type":"ImageObject","inLanguage":"fr-FR","@id":"https:\/\/www.praktivak.be\/fr\/produit\/wandelwol-20-gr\/#primaryimage","url":"https:\/\/www.praktivak.be\/wp-content\/uploads\/2025\/09\/WW20-2.jpg","contentUrl":"https:\/\/www.praktivak.be\/wp-content\/uploads\/2025\/09\/WW20-2.jpg","width":1000,"height":1000},{"@type":"BreadcrumbList","@id":"https:\/\/www.praktivak.be\/fr\/produit\/wandelwol-20-gr\/#breadcrumb","itemListElement":[{"@type":"ListItem","position":1,"name":"Home","item":"https:\/\/www.praktivak.be\/fr\/"},{"@type":"ListItem","position":2,"name":"Boutique","item":"https:\/\/www.praktivak.be\/fr\/boutique\/"},{"@type":"ListItem","position":3,"name":"Wandelwol, 20 gr."}]},{"@type":"WebSite","@id":"https:\/\/www.praktivak.be\/fr\/#website","url":"https:\/\/www.praktivak.be\/fr\/","name":"Praktivak","description":"","publisher":{"@id":"https:\/\/www.praktivak.be\/fr\/#organization"},"potentialAction":[{"@type":"SearchAction","target":{"@type":"EntryPoint","urlTemplate":"https:\/\/www.praktivak.be\/fr\/?s={search_term_string}"},"query-input":{"@type":"PropertyValueSpecification","valueRequired":true,"valueName":"search_term_string"}}],"inLanguage":"fr-FR"},{"@type":"Organization","@id":"https:\/\/www.praktivak.be\/fr\/#organization","name":"Praktivak","url":"https:\/\/www.praktivak.be\/fr\/","logo":{"@type":"ImageObject","inLanguage":"fr-FR","@id":"https:\/\/www.praktivak.be\/fr\/#\/schema\/logo\/image\/","url":"https:\/\/www.praktivak.be\/wp-content\/uploads\/2024\/09\/Logo.png","contentUrl":"https:\/\/www.praktivak.be\/wp-content\/uploads\/2024\/09\/Logo.png","width":1774,"height":337,"caption":"Praktivak"},"image":{"@id":"https:\/\/www.praktivak.be\/fr\/#\/schema\/logo\/image\/"}}]}},"featured_img":"https:\/\/www.praktivak.be\/wp-content\/uploads\/2025\/09\/WW20-2.jpg","coauthors":[],"author_meta":{"author_link":"https:\/\/www.praktivak.be\/fr\/author\/madeit\/","display_name":"Tjebbe Lievens"},"relative_dates":{"created":"Publi\u00e9 8 mois il y a","modified":"Mis \u00e0 jour 2 mois il y a"},"absolute_dates":{"created":"Publi\u00e9 le 14 ao\u00fbt 2025","modified":"Mise \u00e0 jour le 1 f\u00e9vrier 2026"},"absolute_dates_time":{"created":"Publi\u00e9 le 14 ao\u00fbt 2025 22h00","modified":"Mise \u00e0 jour le 1 f\u00e9vrier 2026 3h00"},"featured_img_caption":"","tax_additional":{"product_brand":{"linked":[],"unlinked":[],"slug":"product_brand","name":"Marques"},"product_type":{"linked":["<a href=\"https:\/\/www.praktivak.be\/fr\/?taxonomy=product_type&#038;term=simple\" class=\"advgb-post-tax-term\">simple<\/a>"],"unlinked":["<span class=\"advgb-post-tax-term\">simple<\/span>"],"slug":"product_type","name":"Type de produit"},"product_visibility":{"linked":[],"unlinked":[],"slug":"product_visibility","name":"Visibilit\u00e9 du produit"},"product_cat":{"linked":["<a href=\"https:\/\/www.praktivak.be\/fr\/categorie-de-produit\/pedicure-2-fr\/siliconen-en-antidruk\/overige-siliconen-en-antidruk-pedicure-2-fr\/\" class=\"advgb-post-tax-term\">Autres<\/a>"],"unlinked":["<span class=\"advgb-post-tax-term\">Autres<\/span>"],"slug":"product_cat","name":"Cat\u00e9gories de produits"},"product_tag":{"linked":[],"unlinked":[],"slug":"product_tag","name":"\u00c9tiquettes produit"},"product_shipping_class":{"linked":[],"unlinked":[],"slug":"product_shipping_class","name":"Classe d\u2019exp\u00e9dition du produit"},"pos_product_visibility":{"linked":[],"unlinked":[],"slug":"pos_product_visibility","name":"Visibilit\u00e9 du produit sur le point de vente"},"translation_priority":{"linked":[],"unlinked":[],"slug":"translation_priority","name":"Priorit\u00e9s de traduction"}},"series_order":"","_links":{"self":[{"href":"https:\/\/www.praktivak.be\/fr\/wp-json\/wp\/v2\/product\/168145","targetHints":{"allow":["GET"]}}],"collection":[{"href":"https:\/\/www.praktivak.be\/fr\/wp-json\/wp\/v2\/product"}],"about":[{"href":"https:\/\/www.praktivak.be\/fr\/wp-json\/wp\/v2\/types\/product"}],"version-history":[{"count":86,"href":"https:\/\/www.praktivak.be\/fr\/wp-json\/wp\/v2\/product\/168145\/revisions"}],"predecessor-version":[{"id":324089,"href":"https:\/\/www.praktivak.be\/fr\/wp-json\/wp\/v2\/product\/168145\/revisions\/324089"}],"wp:featuredmedia":[{"embeddable":true,"href":"https:\/\/www.praktivak.be\/fr\/wp-json\/wp\/v2\/media\/307939"}],"wp:attachment":[{"href":"https:\/\/www.praktivak.be\/fr\/wp-json\/wp\/v2\/media?parent=168145"}],"wp:term":[{"taxonomy":"product_brand","embeddable":true,"href":"https:\/\/www.praktivak.be\/fr\/wp-json\/wp\/v2\/product_brand?post=168145"},{"taxonomy":"product_cat","embeddable":true,"href":"https:\/\/www.praktivak.be\/fr\/wp-json\/wp\/v2\/product_cat?post=168145"},{"taxonomy":"product_tag","embeddable":true,"href":"https:\/\/www.praktivak.be\/fr\/wp-json\/wp\/v2\/product_tag?post=168145"}],"curies":[{"name":"wp","href":"https:\/\/api.w.org\/{rel}","templated":true}]}}