

{"id":167911,"date":"2025-08-14T21:45:00","date_gmt":"2025-08-14T19:45:00","guid":{"rendered":"https:\/\/www.praktivak.be\/product\/vloeistof-b-voor-aqua-derm-voor-de-vette-huid-bha0-3-400ml\/"},"modified":"2026-02-01T16:42:50","modified_gmt":"2026-02-01T15:42:50","slug":"liquide-b-pour-aqua-derm-pour-la-peau-grasse-aha9","status":"publish","type":"product","link":"https:\/\/www.praktivak.be\/fr\/produit\/liquide-b-pour-aqua-derm-pour-la-peau-grasse-aha9\/","title":{"rendered":"Liquide B pour Aqua Derm, pour la peau grasse, AHA9%"},"content":{"rendered":"\n<p>\nBHA liquide avec de l&rsquo;acide salicylique.<\/p>\n\n<p>\nRecommand&eacute; pour :<\/p>\n<p>\n* Peau grasse<\/p>\n<p>\n* peau sensible<\/p>\n<p>\n* Boutons et points noirs<\/p>\n<p>\n* peau sensible &agrave; la rosac&eacute;e<\/p>\n\n<p>\nLa diff&eacute;rence entre AHA et BHA : les AHA sont hydrosolubles et les BHA sont liposolubles. Ainsi, les produits contenant des AHA conviennent mieux aux peaux s&egrave;ches &agrave; normales qui ne souffrent pas de d&eacute;fauts, car ils agissent en surface et stimulent la capacit&eacute; hydratante de la peau et la production de collag&egrave;ne.<\/p>\n\n\n<p>\nLes produits &agrave; base de BHA conviennent mieux aux peaux grasses, mixtes &agrave; normales qui souffrent de boutons car ils p&eacute;n&egrave;trent dans les pores et atteignent les cellules l&acirc;ches de la peau dans les glandes s&eacute;bac&eacute;es. De plus, l&rsquo;hydroxyanisole butyl&eacute; poss&egrave;de de l&eacute;g&egrave;res propri&eacute;t&eacute;s antibact&eacute;riennes et anti-inflammatoires. <\/p>\n\n\n<p>\nL&rsquo;AHA et le BHA peuvent &eacute;galement &ecirc;tre utilis&eacute;s l&rsquo;un apr&egrave;s l&rsquo;autre pour des effets compl&eacute;mentaires.<\/p>\n\n<p>\nATTENTION : SEULEMENT DISPONIBLE AUX CLIENTS QUI ONT ACHETE LE DISPOSITIF CHEZ BOWIE MEDICAL !<\/p>\n\n","protected":false},"excerpt":{"rendered":"<p>BHA liquide avec de l&rsquo;acide salicylique. Recommand&eacute; pour : * Peau grasse * peau sensible * Boutons et points noirs * peau sensible &agrave; la rosac&eacute;e La diff&eacute;rence entre AHA et BHA : les AHA sont hydrosolubles et les BHA sont liposolubles. Ainsi, les produits contenant des AHA conviennent mieux aux peaux s&egrave;ches &agrave; normales &hellip; <\/p>\n<p class=\"link-more\"><a href=\"https:\/\/www.praktivak.be\/fr\/produit\/liquide-b-pour-aqua-derm-pour-la-peau-grasse-aha9\/\" class=\"more-link\">Continuer la lecture<span class=\"screen-reader-text\"> \u00ab\u00a0Liquide B pour Aqua Derm, pour la peau grasse, AHA9%\u00a0\u00bb<\/span><\/a><\/p>\n","protected":false},"author":1,"featured_media":306973,"template":"","meta":{"_acf_changed":false,"_relevanssi_hide_post":"","_relevanssi_hide_content":"","_relevanssi_pin_for_all":"","_relevanssi_pin_keywords":"","_relevanssi_unpin_keywords":"","_relevanssi_related_keywords":"","_relevanssi_related_include_ids":"","_relevanssi_related_exclude_ids":"","_relevanssi_related_no_append":"","_relevanssi_related_not_related":"","_relevanssi_related_posts":"","_relevanssi_noindex_reason":"","advgb_blocks_editor_width":"","advgb_blocks_columns_visual_guide":"","footnotes":""},"product_brand":[],"product_cat":[2126],"product_tag":[],"class_list":{"0":"post-167911","1":"product","2":"type-product","3":"status-publish","4":"has-post-thumbnail","6":"product_cat-toebehoren-aquaderma-fr","8":"first","9":"instock","10":"taxable","11":"shipping-taxable","12":"product-type-simple"},"acf":[],"yoast_head":"<!-- This site is optimized with the Yoast SEO plugin v27.2 - https:\/\/yoast.com\/product\/yoast-seo-wordpress\/ -->\n<title>Liquide B pour Aqua Derm, pour la peau grasse, AHA9% - Praktivak<\/title>\n<meta name=\"robots\" content=\"index, follow, max-snippet:-1, max-image-preview:large, max-video-preview:-1\" \/>\n<link rel=\"canonical\" href=\"https:\/\/www.praktivak.be\/fr\/produit\/liquide-b-pour-aqua-derm-pour-la-peau-grasse-aha9\/\" \/>\n<meta property=\"og:locale\" content=\"fr_FR\" \/>\n<meta property=\"og:type\" content=\"article\" \/>\n<meta property=\"og:title\" content=\"Liquide B pour Aqua Derm, pour la peau grasse, AHA9% - Praktivak\" \/>\n<meta property=\"og:description\" content=\"BHA liquide avec de l&rsquo;acide salicylique. Recommand&eacute; pour : * Peau grasse * peau sensible * Boutons et points noirs * peau sensible &agrave; la rosac&eacute;e La diff&eacute;rence entre AHA et BHA : les AHA sont hydrosolubles et les BHA sont liposolubles. Ainsi, les produits contenant des AHA conviennent mieux aux peaux s&egrave;ches &agrave; normales &hellip; Continuer la lecture &quot;Liquide B pour Aqua Derm, pour la peau grasse, AHA9%&quot;\" \/>\n<meta property=\"og:url\" content=\"https:\/\/www.praktivak.be\/fr\/produit\/liquide-b-pour-aqua-derm-pour-la-peau-grasse-aha9\/\" \/>\n<meta property=\"og:site_name\" content=\"Praktivak\" \/>\n<meta property=\"article:modified_time\" content=\"2026-02-01T15:42:50+00:00\" \/>\n<meta property=\"og:image\" content=\"https:\/\/www.praktivak.be\/wp-content\/uploads\/2025\/09\/S18140-2.jpg\" \/>\n\t<meta property=\"og:image:width\" content=\"91\" \/>\n\t<meta property=\"og:image:height\" content=\"297\" \/>\n\t<meta property=\"og:image:type\" content=\"image\/jpeg\" \/>\n<meta name=\"twitter:card\" content=\"summary_large_image\" \/>\n<meta name=\"twitter:label1\" content=\"Dur\u00e9e de lecture estim\u00e9e\" \/>\n\t<meta name=\"twitter:data1\" content=\"1 minute\" \/>\n<script type=\"application\/ld+json\" class=\"yoast-schema-graph\">{\"@context\":\"https:\/\/schema.org\",\"@graph\":[{\"@type\":\"WebPage\",\"@id\":\"https:\/\/www.praktivak.be\/fr\/produit\/liquide-b-pour-aqua-derm-pour-la-peau-grasse-aha9\/\",\"url\":\"https:\/\/www.praktivak.be\/fr\/produit\/liquide-b-pour-aqua-derm-pour-la-peau-grasse-aha9\/\",\"name\":\"Liquide B pour Aqua Derm, pour la peau grasse, AHA9% - Praktivak\",\"isPartOf\":{\"@id\":\"https:\/\/www.praktivak.be\/fr\/#website\"},\"primaryImageOfPage\":{\"@id\":\"https:\/\/www.praktivak.be\/fr\/produit\/liquide-b-pour-aqua-derm-pour-la-peau-grasse-aha9\/#primaryimage\"},\"image\":{\"@id\":\"https:\/\/www.praktivak.be\/fr\/produit\/liquide-b-pour-aqua-derm-pour-la-peau-grasse-aha9\/#primaryimage\"},\"thumbnailUrl\":\"https:\/\/www.praktivak.be\/wp-content\/uploads\/2025\/09\/S18140-2.jpg\",\"datePublished\":\"2025-08-14T19:45:00+00:00\",\"dateModified\":\"2026-02-01T15:42:50+00:00\",\"breadcrumb\":{\"@id\":\"https:\/\/www.praktivak.be\/fr\/produit\/liquide-b-pour-aqua-derm-pour-la-peau-grasse-aha9\/#breadcrumb\"},\"inLanguage\":\"fr-FR\",\"potentialAction\":[{\"@type\":\"ReadAction\",\"target\":[\"https:\/\/www.praktivak.be\/fr\/produit\/liquide-b-pour-aqua-derm-pour-la-peau-grasse-aha9\/\"]}]},{\"@type\":\"ImageObject\",\"inLanguage\":\"fr-FR\",\"@id\":\"https:\/\/www.praktivak.be\/fr\/produit\/liquide-b-pour-aqua-derm-pour-la-peau-grasse-aha9\/#primaryimage\",\"url\":\"https:\/\/www.praktivak.be\/wp-content\/uploads\/2025\/09\/S18140-2.jpg\",\"contentUrl\":\"https:\/\/www.praktivak.be\/wp-content\/uploads\/2025\/09\/S18140-2.jpg\",\"width\":91,\"height\":297},{\"@type\":\"BreadcrumbList\",\"@id\":\"https:\/\/www.praktivak.be\/fr\/produit\/liquide-b-pour-aqua-derm-pour-la-peau-grasse-aha9\/#breadcrumb\",\"itemListElement\":[{\"@type\":\"ListItem\",\"position\":1,\"name\":\"Home\",\"item\":\"https:\/\/www.praktivak.be\/fr\/\"},{\"@type\":\"ListItem\",\"position\":2,\"name\":\"Boutique\",\"item\":\"https:\/\/www.praktivak.be\/fr\/boutique\/\"},{\"@type\":\"ListItem\",\"position\":3,\"name\":\"Liquide B pour Aqua Derm, pour la peau grasse, AHA9%\"}]},{\"@type\":\"WebSite\",\"@id\":\"https:\/\/www.praktivak.be\/fr\/#website\",\"url\":\"https:\/\/www.praktivak.be\/fr\/\",\"name\":\"Praktivak\",\"description\":\"\",\"publisher\":{\"@id\":\"https:\/\/www.praktivak.be\/fr\/#organization\"},\"potentialAction\":[{\"@type\":\"SearchAction\",\"target\":{\"@type\":\"EntryPoint\",\"urlTemplate\":\"https:\/\/www.praktivak.be\/fr\/?s={search_term_string}\"},\"query-input\":{\"@type\":\"PropertyValueSpecification\",\"valueRequired\":true,\"valueName\":\"search_term_string\"}}],\"inLanguage\":\"fr-FR\"},{\"@type\":\"Organization\",\"@id\":\"https:\/\/www.praktivak.be\/fr\/#organization\",\"name\":\"Praktivak\",\"url\":\"https:\/\/www.praktivak.be\/fr\/\",\"logo\":{\"@type\":\"ImageObject\",\"inLanguage\":\"fr-FR\",\"@id\":\"https:\/\/www.praktivak.be\/fr\/#\/schema\/logo\/image\/\",\"url\":\"https:\/\/www.praktivak.be\/wp-content\/uploads\/2024\/09\/Logo.png\",\"contentUrl\":\"https:\/\/www.praktivak.be\/wp-content\/uploads\/2024\/09\/Logo.png\",\"width\":1774,\"height\":337,\"caption\":\"Praktivak\"},\"image\":{\"@id\":\"https:\/\/www.praktivak.be\/fr\/#\/schema\/logo\/image\/\"}}]}<\/script>\n<!-- \/ Yoast SEO plugin. -->","yoast_head_json":{"title":"Liquide B pour Aqua Derm, pour la peau grasse, AHA9% - Praktivak","robots":{"index":"index","follow":"follow","max-snippet":"max-snippet:-1","max-image-preview":"max-image-preview:large","max-video-preview":"max-video-preview:-1"},"canonical":"https:\/\/www.praktivak.be\/fr\/produit\/liquide-b-pour-aqua-derm-pour-la-peau-grasse-aha9\/","og_locale":"fr_FR","og_type":"article","og_title":"Liquide B pour Aqua Derm, pour la peau grasse, AHA9% - Praktivak","og_description":"BHA liquide avec de l&rsquo;acide salicylique. Recommand&eacute; pour : * Peau grasse * peau sensible * Boutons et points noirs * peau sensible &agrave; la rosac&eacute;e La diff&eacute;rence entre AHA et BHA : les AHA sont hydrosolubles et les BHA sont liposolubles. Ainsi, les produits contenant des AHA conviennent mieux aux peaux s&egrave;ches &agrave; normales &hellip; Continuer la lecture \"Liquide B pour Aqua Derm, pour la peau grasse, AHA9%\"","og_url":"https:\/\/www.praktivak.be\/fr\/produit\/liquide-b-pour-aqua-derm-pour-la-peau-grasse-aha9\/","og_site_name":"Praktivak","article_modified_time":"2026-02-01T15:42:50+00:00","og_image":[{"width":91,"height":297,"url":"https:\/\/www.praktivak.be\/wp-content\/uploads\/2025\/09\/S18140-2.jpg","type":"image\/jpeg"}],"twitter_card":"summary_large_image","twitter_misc":{"Dur\u00e9e de lecture estim\u00e9e":"1 minute"},"schema":{"@context":"https:\/\/schema.org","@graph":[{"@type":"WebPage","@id":"https:\/\/www.praktivak.be\/fr\/produit\/liquide-b-pour-aqua-derm-pour-la-peau-grasse-aha9\/","url":"https:\/\/www.praktivak.be\/fr\/produit\/liquide-b-pour-aqua-derm-pour-la-peau-grasse-aha9\/","name":"Liquide B pour Aqua Derm, pour la peau grasse, AHA9% - Praktivak","isPartOf":{"@id":"https:\/\/www.praktivak.be\/fr\/#website"},"primaryImageOfPage":{"@id":"https:\/\/www.praktivak.be\/fr\/produit\/liquide-b-pour-aqua-derm-pour-la-peau-grasse-aha9\/#primaryimage"},"image":{"@id":"https:\/\/www.praktivak.be\/fr\/produit\/liquide-b-pour-aqua-derm-pour-la-peau-grasse-aha9\/#primaryimage"},"thumbnailUrl":"https:\/\/www.praktivak.be\/wp-content\/uploads\/2025\/09\/S18140-2.jpg","datePublished":"2025-08-14T19:45:00+00:00","dateModified":"2026-02-01T15:42:50+00:00","breadcrumb":{"@id":"https:\/\/www.praktivak.be\/fr\/produit\/liquide-b-pour-aqua-derm-pour-la-peau-grasse-aha9\/#breadcrumb"},"inLanguage":"fr-FR","potentialAction":[{"@type":"ReadAction","target":["https:\/\/www.praktivak.be\/fr\/produit\/liquide-b-pour-aqua-derm-pour-la-peau-grasse-aha9\/"]}]},{"@type":"ImageObject","inLanguage":"fr-FR","@id":"https:\/\/www.praktivak.be\/fr\/produit\/liquide-b-pour-aqua-derm-pour-la-peau-grasse-aha9\/#primaryimage","url":"https:\/\/www.praktivak.be\/wp-content\/uploads\/2025\/09\/S18140-2.jpg","contentUrl":"https:\/\/www.praktivak.be\/wp-content\/uploads\/2025\/09\/S18140-2.jpg","width":91,"height":297},{"@type":"BreadcrumbList","@id":"https:\/\/www.praktivak.be\/fr\/produit\/liquide-b-pour-aqua-derm-pour-la-peau-grasse-aha9\/#breadcrumb","itemListElement":[{"@type":"ListItem","position":1,"name":"Home","item":"https:\/\/www.praktivak.be\/fr\/"},{"@type":"ListItem","position":2,"name":"Boutique","item":"https:\/\/www.praktivak.be\/fr\/boutique\/"},{"@type":"ListItem","position":3,"name":"Liquide B pour Aqua Derm, pour la peau grasse, AHA9%"}]},{"@type":"WebSite","@id":"https:\/\/www.praktivak.be\/fr\/#website","url":"https:\/\/www.praktivak.be\/fr\/","name":"Praktivak","description":"","publisher":{"@id":"https:\/\/www.praktivak.be\/fr\/#organization"},"potentialAction":[{"@type":"SearchAction","target":{"@type":"EntryPoint","urlTemplate":"https:\/\/www.praktivak.be\/fr\/?s={search_term_string}"},"query-input":{"@type":"PropertyValueSpecification","valueRequired":true,"valueName":"search_term_string"}}],"inLanguage":"fr-FR"},{"@type":"Organization","@id":"https:\/\/www.praktivak.be\/fr\/#organization","name":"Praktivak","url":"https:\/\/www.praktivak.be\/fr\/","logo":{"@type":"ImageObject","inLanguage":"fr-FR","@id":"https:\/\/www.praktivak.be\/fr\/#\/schema\/logo\/image\/","url":"https:\/\/www.praktivak.be\/wp-content\/uploads\/2024\/09\/Logo.png","contentUrl":"https:\/\/www.praktivak.be\/wp-content\/uploads\/2024\/09\/Logo.png","width":1774,"height":337,"caption":"Praktivak"},"image":{"@id":"https:\/\/www.praktivak.be\/fr\/#\/schema\/logo\/image\/"}}]}},"featured_img":"https:\/\/www.praktivak.be\/wp-content\/uploads\/2025\/09\/S18140-2.jpg","coauthors":[],"author_meta":{"author_link":"https:\/\/www.praktivak.be\/fr\/author\/madeit\/","display_name":"Tjebbe Lievens"},"relative_dates":{"created":"Publi\u00e9 8 mois il y a","modified":"Mis \u00e0 jour 3 mois il y a"},"absolute_dates":{"created":"Publi\u00e9 le 14 ao\u00fbt 2025","modified":"Mise \u00e0 jour le 1 f\u00e9vrier 2026"},"absolute_dates_time":{"created":"Publi\u00e9 le 14 ao\u00fbt 2025 21h45","modified":"Mise \u00e0 jour le 1 f\u00e9vrier 2026 16h42"},"featured_img_caption":"","tax_additional":{"product_brand":{"linked":[],"unlinked":[],"slug":"product_brand","name":"Marques"},"product_type":{"linked":["<a href=\"https:\/\/www.praktivak.be\/fr\/?taxonomy=product_type&#038;term=simple\" class=\"advgb-post-tax-term\">simple<\/a>"],"unlinked":["<span class=\"advgb-post-tax-term\">simple<\/span>"],"slug":"product_type","name":"Type de produit"},"product_visibility":{"linked":[],"unlinked":[],"slug":"product_visibility","name":"Visibilit\u00e9 du produit"},"product_cat":{"linked":["<a href=\"https:\/\/www.praktivak.be\/fr\/categorie-de-produit\/esthetische-apparatuur-fr\/specialistische-apparatuur-esthetische-apparatuur-fr\/aquaderma-fr\/toebehoren-aquaderma-fr\/\" class=\"advgb-post-tax-term\">accessoires<\/a>"],"unlinked":["<span class=\"advgb-post-tax-term\">accessoires<\/span>"],"slug":"product_cat","name":"Cat\u00e9gories de produits"},"product_tag":{"linked":[],"unlinked":[],"slug":"product_tag","name":"\u00c9tiquettes produit"},"product_shipping_class":{"linked":[],"unlinked":[],"slug":"product_shipping_class","name":"Classe d\u2019exp\u00e9dition du produit"},"pos_product_visibility":{"linked":[],"unlinked":[],"slug":"pos_product_visibility","name":"Visibilit\u00e9 du produit sur le point de vente"},"translation_priority":{"linked":[],"unlinked":[],"slug":"translation_priority","name":"Priorit\u00e9s de traduction"}},"series_order":"","_links":{"self":[{"href":"https:\/\/www.praktivak.be\/fr\/wp-json\/wp\/v2\/product\/167911","targetHints":{"allow":["GET"]}}],"collection":[{"href":"https:\/\/www.praktivak.be\/fr\/wp-json\/wp\/v2\/product"}],"about":[{"href":"https:\/\/www.praktivak.be\/fr\/wp-json\/wp\/v2\/types\/product"}],"version-history":[{"count":74,"href":"https:\/\/www.praktivak.be\/fr\/wp-json\/wp\/v2\/product\/167911\/revisions"}],"predecessor-version":[{"id":344206,"href":"https:\/\/www.praktivak.be\/fr\/wp-json\/wp\/v2\/product\/167911\/revisions\/344206"}],"wp:featuredmedia":[{"embeddable":true,"href":"https:\/\/www.praktivak.be\/fr\/wp-json\/wp\/v2\/media\/306973"}],"wp:attachment":[{"href":"https:\/\/www.praktivak.be\/fr\/wp-json\/wp\/v2\/media?parent=167911"}],"wp:term":[{"taxonomy":"product_brand","embeddable":true,"href":"https:\/\/www.praktivak.be\/fr\/wp-json\/wp\/v2\/product_brand?post=167911"},{"taxonomy":"product_cat","embeddable":true,"href":"https:\/\/www.praktivak.be\/fr\/wp-json\/wp\/v2\/product_cat?post=167911"},{"taxonomy":"product_tag","embeddable":true,"href":"https:\/\/www.praktivak.be\/fr\/wp-json\/wp\/v2\/product_tag?post=167911"}],"curies":[{"name":"wp","href":"https:\/\/api.w.org\/{rel}","templated":true}]}}