

{"id":167887,"date":"2025-08-14T21:44:23","date_gmt":"2025-08-14T19:44:23","guid":{"rendered":"https:\/\/www.praktivak.be\/product\/vlinder-tabouret-nauta-met-rug\/"},"modified":"2026-02-01T16:42:55","modified_gmt":"2026-02-01T15:42:55","slug":"papillon-tabouret-nauta-avec-dossier","status":"publish","type":"product","link":"https:\/\/www.praktivak.be\/fr\/produit\/papillon-tabouret-nauta-avec-dossier\/","title":{"rendered":"Papillon tabouret Nauta avec dossier"},"content":{"rendered":"\n<p>Papillon Tabouret Nauta avec dos  sier.  Chaise de travail au design ergonomique, confortable et &eacute;l&eacute;gant. L&rsquo;assise de cette nouvelle tabouret est compos&eacute;e de deux parties distinctes un peu &eacute;loign&eacute;es l&rsquo;une de l&rsquo;autre. La surface du si&egrave;ge a &eacute;t&eacute; &eacute;largie de mani&egrave;re &agrave; ce que le dos de l&rsquo;occupant soit automatiquement dans la bonne position. Cela r&eacute;duit consid&eacute;rablement le risque de plaintes de dos.     La forme de la selle, combin&eacute;e au rembourrage tr&egrave;s doux du coussin, assure un confort d&rsquo;assise maximal aux professionnels. La chaise de travail convient donc parfaitement pour de longues p&eacute;riodes de travail.   Gr&acirc;ce aux 3 leviers, la hauteur\/le bas, le dossier et l&rsquo;inclinaison de l&rsquo;assise peuvent &ecirc;tre facilement r&eacute;gl&eacute;s en fonction de vos besoins au moyen de ressorts &agrave; gaz.    Avec une base chrom&eacute;e serr&eacute;e sur 5 roues.   la position la plus basse: 50cm la position la plus haute: 65 cm<\/p>\n\n","protected":false},"excerpt":{"rendered":"<p>Papillon Tabouret Nauta avec dos sier. Chaise de travail au design ergonomique, confortable et &eacute;l&eacute;gant. L&rsquo;assise de cette nouvelle tabouret est compos&eacute;e de deux parties distinctes un peu &eacute;loign&eacute;es l&rsquo;une de l&rsquo;autre. La surface du si&egrave;ge a &eacute;t&eacute; &eacute;largie de mani&egrave;re &agrave; ce que le dos de l&rsquo;occupant soit automatiquement dans la bonne position. Cela &hellip; <\/p>\n<p class=\"link-more\"><a href=\"https:\/\/www.praktivak.be\/fr\/produit\/papillon-tabouret-nauta-avec-dossier\/\" class=\"more-link\">Continuer la lecture<span class=\"screen-reader-text\"> \u00ab\u00a0Papillon tabouret Nauta avec dossier\u00a0\u00bb<\/span><\/a><\/p>\n","protected":false},"author":1,"featured_media":303779,"template":"","meta":{"_acf_changed":false,"_relevanssi_hide_post":"","_relevanssi_hide_content":"","_relevanssi_pin_for_all":"","_relevanssi_pin_keywords":"","_relevanssi_unpin_keywords":"","_relevanssi_related_keywords":"","_relevanssi_related_include_ids":"","_relevanssi_related_exclude_ids":"","_relevanssi_related_no_append":"","_relevanssi_related_not_related":"","_relevanssi_related_posts":"","_relevanssi_noindex_reason":"","advgb_blocks_editor_width":"","advgb_blocks_columns_visual_guide":"","footnotes":""},"product_brand":[],"product_cat":[2031],"product_tag":[],"class_list":{"0":"post-167887","1":"product","2":"type-product","3":"status-publish","4":"has-post-thumbnail","6":"product_cat-tabourets-inrichtingen-fr","8":"first","9":"instock","10":"taxable","11":"shipping-taxable","12":"product-type-simple"},"acf":[],"yoast_head":"<!-- This site is optimized with the Yoast SEO plugin v27.2 - https:\/\/yoast.com\/product\/yoast-seo-wordpress\/ -->\n<title>Papillon tabouret Nauta avec dossier - Praktivak<\/title>\n<meta name=\"robots\" content=\"index, follow, max-snippet:-1, max-image-preview:large, max-video-preview:-1\" \/>\n<link rel=\"canonical\" href=\"https:\/\/www.praktivak.be\/fr\/produit\/papillon-tabouret-nauta-avec-dossier\/\" \/>\n<meta property=\"og:locale\" content=\"fr_FR\" \/>\n<meta property=\"og:type\" content=\"article\" \/>\n<meta property=\"og:title\" content=\"Papillon tabouret Nauta avec dossier - Praktivak\" \/>\n<meta property=\"og:description\" content=\"Papillon Tabouret Nauta avec dos sier. Chaise de travail au design ergonomique, confortable et &eacute;l&eacute;gant. L&rsquo;assise de cette nouvelle tabouret est compos&eacute;e de deux parties distinctes un peu &eacute;loign&eacute;es l&rsquo;une de l&rsquo;autre. La surface du si&egrave;ge a &eacute;t&eacute; &eacute;largie de mani&egrave;re &agrave; ce que le dos de l&rsquo;occupant soit automatiquement dans la bonne position. Cela &hellip; Continuer la lecture &quot;Papillon tabouret Nauta avec dossier&quot;\" \/>\n<meta property=\"og:url\" content=\"https:\/\/www.praktivak.be\/fr\/produit\/papillon-tabouret-nauta-avec-dossier\/\" \/>\n<meta property=\"og:site_name\" content=\"Praktivak\" \/>\n<meta property=\"article:modified_time\" content=\"2026-02-01T15:42:55+00:00\" \/>\n<meta property=\"og:image\" content=\"https:\/\/www.praktivak.be\/wp-content\/uploads\/2025\/09\/B0250-2.jpg\" \/>\n\t<meta property=\"og:image:width\" content=\"538\" \/>\n\t<meta property=\"og:image:height\" content=\"1000\" \/>\n\t<meta property=\"og:image:type\" content=\"image\/jpeg\" \/>\n<meta name=\"twitter:card\" content=\"summary_large_image\" \/>\n<meta name=\"twitter:label1\" content=\"Dur\u00e9e de lecture estim\u00e9e\" \/>\n\t<meta name=\"twitter:data1\" content=\"1 minute\" \/>\n<script type=\"application\/ld+json\" class=\"yoast-schema-graph\">{\"@context\":\"https:\/\/schema.org\",\"@graph\":[{\"@type\":\"WebPage\",\"@id\":\"https:\/\/www.praktivak.be\/fr\/produit\/papillon-tabouret-nauta-avec-dossier\/\",\"url\":\"https:\/\/www.praktivak.be\/fr\/produit\/papillon-tabouret-nauta-avec-dossier\/\",\"name\":\"Papillon tabouret Nauta avec dossier - Praktivak\",\"isPartOf\":{\"@id\":\"https:\/\/www.praktivak.be\/fr\/#website\"},\"primaryImageOfPage\":{\"@id\":\"https:\/\/www.praktivak.be\/fr\/produit\/papillon-tabouret-nauta-avec-dossier\/#primaryimage\"},\"image\":{\"@id\":\"https:\/\/www.praktivak.be\/fr\/produit\/papillon-tabouret-nauta-avec-dossier\/#primaryimage\"},\"thumbnailUrl\":\"https:\/\/www.praktivak.be\/wp-content\/uploads\/2025\/09\/B0250-2.jpg\",\"datePublished\":\"2025-08-14T19:44:23+00:00\",\"dateModified\":\"2026-02-01T15:42:55+00:00\",\"breadcrumb\":{\"@id\":\"https:\/\/www.praktivak.be\/fr\/produit\/papillon-tabouret-nauta-avec-dossier\/#breadcrumb\"},\"inLanguage\":\"fr-FR\",\"potentialAction\":[{\"@type\":\"ReadAction\",\"target\":[\"https:\/\/www.praktivak.be\/fr\/produit\/papillon-tabouret-nauta-avec-dossier\/\"]}]},{\"@type\":\"ImageObject\",\"inLanguage\":\"fr-FR\",\"@id\":\"https:\/\/www.praktivak.be\/fr\/produit\/papillon-tabouret-nauta-avec-dossier\/#primaryimage\",\"url\":\"https:\/\/www.praktivak.be\/wp-content\/uploads\/2025\/09\/B0250-2.jpg\",\"contentUrl\":\"https:\/\/www.praktivak.be\/wp-content\/uploads\/2025\/09\/B0250-2.jpg\",\"width\":538,\"height\":1000},{\"@type\":\"BreadcrumbList\",\"@id\":\"https:\/\/www.praktivak.be\/fr\/produit\/papillon-tabouret-nauta-avec-dossier\/#breadcrumb\",\"itemListElement\":[{\"@type\":\"ListItem\",\"position\":1,\"name\":\"Home\",\"item\":\"https:\/\/www.praktivak.be\/fr\/\"},{\"@type\":\"ListItem\",\"position\":2,\"name\":\"Boutique\",\"item\":\"https:\/\/www.praktivak.be\/fr\/boutique\/\"},{\"@type\":\"ListItem\",\"position\":3,\"name\":\"Papillon tabouret Nauta avec dossier\"}]},{\"@type\":\"WebSite\",\"@id\":\"https:\/\/www.praktivak.be\/fr\/#website\",\"url\":\"https:\/\/www.praktivak.be\/fr\/\",\"name\":\"Praktivak\",\"description\":\"\",\"publisher\":{\"@id\":\"https:\/\/www.praktivak.be\/fr\/#organization\"},\"potentialAction\":[{\"@type\":\"SearchAction\",\"target\":{\"@type\":\"EntryPoint\",\"urlTemplate\":\"https:\/\/www.praktivak.be\/fr\/?s={search_term_string}\"},\"query-input\":{\"@type\":\"PropertyValueSpecification\",\"valueRequired\":true,\"valueName\":\"search_term_string\"}}],\"inLanguage\":\"fr-FR\"},{\"@type\":\"Organization\",\"@id\":\"https:\/\/www.praktivak.be\/fr\/#organization\",\"name\":\"Praktivak\",\"url\":\"https:\/\/www.praktivak.be\/fr\/\",\"logo\":{\"@type\":\"ImageObject\",\"inLanguage\":\"fr-FR\",\"@id\":\"https:\/\/www.praktivak.be\/fr\/#\/schema\/logo\/image\/\",\"url\":\"https:\/\/www.praktivak.be\/wp-content\/uploads\/2024\/09\/Logo.png\",\"contentUrl\":\"https:\/\/www.praktivak.be\/wp-content\/uploads\/2024\/09\/Logo.png\",\"width\":1774,\"height\":337,\"caption\":\"Praktivak\"},\"image\":{\"@id\":\"https:\/\/www.praktivak.be\/fr\/#\/schema\/logo\/image\/\"}}]}<\/script>\n<!-- \/ Yoast SEO plugin. -->","yoast_head_json":{"title":"Papillon tabouret Nauta avec dossier - Praktivak","robots":{"index":"index","follow":"follow","max-snippet":"max-snippet:-1","max-image-preview":"max-image-preview:large","max-video-preview":"max-video-preview:-1"},"canonical":"https:\/\/www.praktivak.be\/fr\/produit\/papillon-tabouret-nauta-avec-dossier\/","og_locale":"fr_FR","og_type":"article","og_title":"Papillon tabouret Nauta avec dossier - Praktivak","og_description":"Papillon Tabouret Nauta avec dos sier. Chaise de travail au design ergonomique, confortable et &eacute;l&eacute;gant. L&rsquo;assise de cette nouvelle tabouret est compos&eacute;e de deux parties distinctes un peu &eacute;loign&eacute;es l&rsquo;une de l&rsquo;autre. La surface du si&egrave;ge a &eacute;t&eacute; &eacute;largie de mani&egrave;re &agrave; ce que le dos de l&rsquo;occupant soit automatiquement dans la bonne position. Cela &hellip; Continuer la lecture \"Papillon tabouret Nauta avec dossier\"","og_url":"https:\/\/www.praktivak.be\/fr\/produit\/papillon-tabouret-nauta-avec-dossier\/","og_site_name":"Praktivak","article_modified_time":"2026-02-01T15:42:55+00:00","og_image":[{"width":538,"height":1000,"url":"https:\/\/www.praktivak.be\/wp-content\/uploads\/2025\/09\/B0250-2.jpg","type":"image\/jpeg"}],"twitter_card":"summary_large_image","twitter_misc":{"Dur\u00e9e de lecture estim\u00e9e":"1 minute"},"schema":{"@context":"https:\/\/schema.org","@graph":[{"@type":"WebPage","@id":"https:\/\/www.praktivak.be\/fr\/produit\/papillon-tabouret-nauta-avec-dossier\/","url":"https:\/\/www.praktivak.be\/fr\/produit\/papillon-tabouret-nauta-avec-dossier\/","name":"Papillon tabouret Nauta avec dossier - Praktivak","isPartOf":{"@id":"https:\/\/www.praktivak.be\/fr\/#website"},"primaryImageOfPage":{"@id":"https:\/\/www.praktivak.be\/fr\/produit\/papillon-tabouret-nauta-avec-dossier\/#primaryimage"},"image":{"@id":"https:\/\/www.praktivak.be\/fr\/produit\/papillon-tabouret-nauta-avec-dossier\/#primaryimage"},"thumbnailUrl":"https:\/\/www.praktivak.be\/wp-content\/uploads\/2025\/09\/B0250-2.jpg","datePublished":"2025-08-14T19:44:23+00:00","dateModified":"2026-02-01T15:42:55+00:00","breadcrumb":{"@id":"https:\/\/www.praktivak.be\/fr\/produit\/papillon-tabouret-nauta-avec-dossier\/#breadcrumb"},"inLanguage":"fr-FR","potentialAction":[{"@type":"ReadAction","target":["https:\/\/www.praktivak.be\/fr\/produit\/papillon-tabouret-nauta-avec-dossier\/"]}]},{"@type":"ImageObject","inLanguage":"fr-FR","@id":"https:\/\/www.praktivak.be\/fr\/produit\/papillon-tabouret-nauta-avec-dossier\/#primaryimage","url":"https:\/\/www.praktivak.be\/wp-content\/uploads\/2025\/09\/B0250-2.jpg","contentUrl":"https:\/\/www.praktivak.be\/wp-content\/uploads\/2025\/09\/B0250-2.jpg","width":538,"height":1000},{"@type":"BreadcrumbList","@id":"https:\/\/www.praktivak.be\/fr\/produit\/papillon-tabouret-nauta-avec-dossier\/#breadcrumb","itemListElement":[{"@type":"ListItem","position":1,"name":"Home","item":"https:\/\/www.praktivak.be\/fr\/"},{"@type":"ListItem","position":2,"name":"Boutique","item":"https:\/\/www.praktivak.be\/fr\/boutique\/"},{"@type":"ListItem","position":3,"name":"Papillon tabouret Nauta avec dossier"}]},{"@type":"WebSite","@id":"https:\/\/www.praktivak.be\/fr\/#website","url":"https:\/\/www.praktivak.be\/fr\/","name":"Praktivak","description":"","publisher":{"@id":"https:\/\/www.praktivak.be\/fr\/#organization"},"potentialAction":[{"@type":"SearchAction","target":{"@type":"EntryPoint","urlTemplate":"https:\/\/www.praktivak.be\/fr\/?s={search_term_string}"},"query-input":{"@type":"PropertyValueSpecification","valueRequired":true,"valueName":"search_term_string"}}],"inLanguage":"fr-FR"},{"@type":"Organization","@id":"https:\/\/www.praktivak.be\/fr\/#organization","name":"Praktivak","url":"https:\/\/www.praktivak.be\/fr\/","logo":{"@type":"ImageObject","inLanguage":"fr-FR","@id":"https:\/\/www.praktivak.be\/fr\/#\/schema\/logo\/image\/","url":"https:\/\/www.praktivak.be\/wp-content\/uploads\/2024\/09\/Logo.png","contentUrl":"https:\/\/www.praktivak.be\/wp-content\/uploads\/2024\/09\/Logo.png","width":1774,"height":337,"caption":"Praktivak"},"image":{"@id":"https:\/\/www.praktivak.be\/fr\/#\/schema\/logo\/image\/"}}]}},"featured_img":"https:\/\/www.praktivak.be\/wp-content\/uploads\/2025\/09\/B0250-2.jpg","coauthors":[],"author_meta":{"author_link":"https:\/\/www.praktivak.be\/fr\/author\/madeit\/","display_name":"Tjebbe Lievens"},"relative_dates":{"created":"Publi\u00e9 8 mois il y a","modified":"Mis \u00e0 jour 2 mois il y a"},"absolute_dates":{"created":"Publi\u00e9 le 14 ao\u00fbt 2025","modified":"Mise \u00e0 jour le 1 f\u00e9vrier 2026"},"absolute_dates_time":{"created":"Publi\u00e9 le 14 ao\u00fbt 2025 21h44","modified":"Mise \u00e0 jour le 1 f\u00e9vrier 2026 16h42"},"featured_img_caption":"","tax_additional":{"product_brand":{"linked":[],"unlinked":[],"slug":"product_brand","name":"Marques"},"product_type":{"linked":["<a href=\"https:\/\/www.praktivak.be\/fr\/?taxonomy=product_type&#038;term=simple\" class=\"advgb-post-tax-term\">simple<\/a>"],"unlinked":["<span class=\"advgb-post-tax-term\">simple<\/span>"],"slug":"product_type","name":"Type de produit"},"product_visibility":{"linked":[],"unlinked":[],"slug":"product_visibility","name":"Visibilit\u00e9 du produit"},"product_cat":{"linked":["<a href=\"https:\/\/www.praktivak.be\/fr\/categorie-de-produit\/inrichtingen-fr\/tabourets-inrichtingen-fr\/\" class=\"advgb-post-tax-term\">Tabourets<\/a>"],"unlinked":["<span class=\"advgb-post-tax-term\">Tabourets<\/span>"],"slug":"product_cat","name":"Cat\u00e9gories de produits"},"product_tag":{"linked":[],"unlinked":[],"slug":"product_tag","name":"\u00c9tiquettes produit"},"product_shipping_class":{"linked":[],"unlinked":[],"slug":"product_shipping_class","name":"Classe d\u2019exp\u00e9dition du produit"},"pos_product_visibility":{"linked":[],"unlinked":[],"slug":"pos_product_visibility","name":"Visibilit\u00e9 du produit sur le point de vente"},"translation_priority":{"linked":[],"unlinked":[],"slug":"translation_priority","name":"Priorit\u00e9s de traduction"}},"series_order":"","_links":{"self":[{"href":"https:\/\/www.praktivak.be\/fr\/wp-json\/wp\/v2\/product\/167887","targetHints":{"allow":["GET"]}}],"collection":[{"href":"https:\/\/www.praktivak.be\/fr\/wp-json\/wp\/v2\/product"}],"about":[{"href":"https:\/\/www.praktivak.be\/fr\/wp-json\/wp\/v2\/types\/product"}],"version-history":[{"count":74,"href":"https:\/\/www.praktivak.be\/fr\/wp-json\/wp\/v2\/product\/167887\/revisions"}],"predecessor-version":[{"id":344215,"href":"https:\/\/www.praktivak.be\/fr\/wp-json\/wp\/v2\/product\/167887\/revisions\/344215"}],"wp:featuredmedia":[{"embeddable":true,"href":"https:\/\/www.praktivak.be\/fr\/wp-json\/wp\/v2\/media\/303779"}],"wp:attachment":[{"href":"https:\/\/www.praktivak.be\/fr\/wp-json\/wp\/v2\/media?parent=167887"}],"wp:term":[{"taxonomy":"product_brand","embeddable":true,"href":"https:\/\/www.praktivak.be\/fr\/wp-json\/wp\/v2\/product_brand?post=167887"},{"taxonomy":"product_cat","embeddable":true,"href":"https:\/\/www.praktivak.be\/fr\/wp-json\/wp\/v2\/product_cat?post=167887"},{"taxonomy":"product_tag","embeddable":true,"href":"https:\/\/www.praktivak.be\/fr\/wp-json\/wp\/v2\/product_tag?post=167887"}],"curies":[{"name":"wp","href":"https:\/\/api.w.org\/{rel}","templated":true}]}}