

{"id":167696,"date":"2025-08-14T21:38:28","date_gmt":"2025-08-14T19:38:28","guid":{"rendered":"https:\/\/www.praktivak.be\/product\/vela-trim-rf-only-bipolaire-rf-en-vacudermologie\/"},"modified":"2026-02-01T16:43:14","modified_gmt":"2026-02-01T15:43:14","slug":"vela-trim-rf-only-rf-bipolaire-et-vacudermologie-2","status":"publish","type":"product","link":"https:\/\/www.praktivak.be\/fr\/produit\/vela-trim-rf-only-rf-bipolaire-et-vacudermologie-2\/","title":{"rendered":"Vela Trim RF only, RF bipolaire et vacudermologie"},"content":{"rendered":"\n<p>\nLe dispositif &laquo;&nbsp;Bowie Vela Trim RF&nbsp;&raquo; est bas&eacute; sur les principes connus sous le nom de &laquo;&nbsp;m&eacute;thode Vela&nbsp;&raquo;. La m&eacute;thode Vela est bas&eacute;e sur la triple action d&rsquo;un massage m&eacute;canique profond du tissu conjonctif sous vide (vacu-dermologie), combin&eacute; &agrave; l&rsquo;&eacute;nergie radiofr&eacute;quence (13,6 Mhz RF) et au rayonnement infrarouge (640 nm IR). <\/p>\n\n<p>\nPrincipes de fonctionnement<\/p>\n\n<p>\nLa radiofr&eacute;quence (13,6 MHz RF) est un traitement esth&eacute;tique qui utilise le principe du transfert de chaleur pour combattre le vieillissement cutan&eacute; et l&rsquo;atrophie. La stimulation par l&rsquo;&eacute;nergie thermique peut augmenter la vitesse du m&eacute;tabolisme de l&rsquo;organisme et stimuler l&rsquo;activit&eacute; des fibroblastes pr&eacute;sents dans notre corps pour produire de l&rsquo;&eacute;lastine, de l&rsquo;acide hyaluronique et du collag&egrave;ne. Il en r&eacute;sulte un resserrement de la peau.<\/p>\n<p>\nLe massage m&eacute;canique, &agrave; travers les 4 m&eacute;thodes de travail des rouleaux, d&eacute;compose le tissu adipeux et cr&eacute;e une stimulation des fibroblastes. De plus, il stimule le drainage lymphatique et l&rsquo;&eacute;limination des exc&egrave;s de liquides, r&eacute;duisant ainsi le volume du corps et lissant la cellulite. Le vide a pour effet d&rsquo;am&eacute;liorer la microcirculation. Il peut &ecirc;tre efficace pour traiter la cellulite, la relaxation de la peau et l&rsquo;enflure des jambes. L&rsquo;action combin&eacute;e de l&rsquo;aspiration rythmique et de la pause am&eacute;liore la circulation sanguine dans la zone trait&eacute;e, stimulant ainsi la circulation et l&rsquo;oxyg&eacute;nation du sang, ce qui facilite l&rsquo;&eacute;limination des toxines.<\/p>\n<p>\nLe rayonnement infrarouge (640 nm IR) est capable de stimuler les tissus sous le derme, et donne &agrave; la peau plus d&rsquo;&eacute;lasticit&eacute;, de sorte qu&rsquo;une peau rel&acirc;ch&eacute;e apr&egrave;s un amaigrissement peut &ecirc;tre &eacute;vit&eacute;e. Il stimule la circulation sanguine avec une am&eacute;lioration cons&eacute;quente du transport de l&rsquo;oxyg&egrave;ne vers les cellules et l&rsquo;&eacute;limination des toxines. De plus, le tissu musculaire se d&eacute;tend.<\/p>\n<p>\nL&rsquo;&eacute;nergie lumineuse des LEDs stimule les mitochondries, qui sont responsables de la production de l&rsquo;&eacute;nergie n&eacute;cessaire aux fonctions biologiques : une sorte de centre &eacute;nerg&eacute;tique pour la cellule. La disponibilit&eacute; accrue de l&rsquo;&eacute;nergie stimule les tissus sous le derme, &eacute;vitant ainsi le rel&acirc;chement de la peau apr&egrave;s le traitement.<\/p>\n\n<p>\nBody Slimming System<\/p>\n\n<p>\nLes zones &agrave; probl&egrave;mes sont trait&eacute;es &agrave; l&rsquo;aide de la lumi&egrave;re infrarouge, de la radiofr&eacute;quence, LED et d&rsquo;un massage &agrave; rouleaux sous vide. La m&eacute;thode Vela est un concept unique dans la lutte contre la cellulite et l&rsquo;affaissement de la peau, elle procure un raffermissement de la peau, une peau lisse et a un effet lifting. La m&eacute;thode Vela &eacute;limine les bourrelets graisseux en exc&egrave;s, l&rsquo;affaissement de la peau et la cellulite.<\/p>\n<p>\nLe r&eacute;sultat est une peau plus douce, plus lisse et plus ferme. Les contours s&rsquo;am&eacute;liorent, la peau se raffermit et s&rsquo;unifie, la cellulite se r&eacute;duit ou dispara&icirc;t.<\/p>\n\n<p>\nLe visage et jambes lourdes<\/p>\n\n<p>\nLa m&eacute;thode Vela convient &eacute;galement aux traitements efficaces de lifting et de resserrement du visage.  Cette m&eacute;thode de traitement donne &eacute;galement de tr&egrave;s bons r&eacute;sultats dans le rel&acirc;chement des cicatrices collantes, les br&ucirc;lures, le drainage lymphatique et le soulagement des jambes lourdes.<\/p>\n\n<p>\nSpecifications:<\/p>\n\n<p>\nWattage Radio Fr&eacute;quence: Max. 50W   <\/p>\n<p>\nTechnologie: Vacuum + RF + Roller + LED + infrarood (infrarouge)<\/p>\n<p>\nRF Frequentie \/ Fr&eacute;quence: 13.6MHz<\/p>\n<p>\nPomp specificatie \/ sp&eacute;cification: 25cub.m\/h<\/p>\n<p>\nInfrarood Lamp \/ Infrarouge: Up to 20W<\/p>\n<p>\nLicht spectrum \/ spectre de lumi&egrave;re : 640nm (IR)<\/p>\n\n","protected":false},"excerpt":{"rendered":"<p>Le dispositif &laquo;&nbsp;Bowie Vela Trim RF&nbsp;&raquo; est bas&eacute; sur les principes connus sous le nom de &laquo;&nbsp;m&eacute;thode Vela&nbsp;&raquo;. La m&eacute;thode Vela est bas&eacute;e sur la triple action d&rsquo;un massage m&eacute;canique profond du tissu conjonctif sous vide (vacu-dermologie), combin&eacute; &agrave; l&rsquo;&eacute;nergie radiofr&eacute;quence (13,6 Mhz RF) et au rayonnement infrarouge (640 nm IR). Principes de fonctionnement La &hellip; <\/p>\n<p class=\"link-more\"><a href=\"https:\/\/www.praktivak.be\/fr\/produit\/vela-trim-rf-only-rf-bipolaire-et-vacudermologie-2\/\" class=\"more-link\">Continuer la lecture<span class=\"screen-reader-text\"> \u00ab\u00a0Vela Trim RF only, RF bipolaire et vacudermologie\u00a0\u00bb<\/span><\/a><\/p>\n","protected":false},"author":1,"featured_media":306315,"template":"","meta":{"_acf_changed":false,"_relevanssi_hide_post":"","_relevanssi_hide_content":"","_relevanssi_pin_for_all":"","_relevanssi_pin_keywords":"","_relevanssi_unpin_keywords":"","_relevanssi_related_keywords":"","_relevanssi_related_include_ids":"","_relevanssi_related_exclude_ids":"","_relevanssi_related_no_append":"","_relevanssi_related_not_related":"","_relevanssi_related_posts":"","_relevanssi_noindex_reason":"","advgb_blocks_editor_width":"","advgb_blocks_columns_visual_guide":"","footnotes":""},"product_brand":[],"product_cat":[2134],"product_tag":[],"class_list":{"0":"post-167696","1":"product","2":"type-product","3":"status-publish","4":"has-post-thumbnail","6":"product_cat-vela-trim-specialistische-apparatuur-esthetische-apparatuur-fr","8":"first","9":"instock","10":"taxable","11":"shipping-taxable","12":"product-type-simple"},"acf":[],"yoast_head":"<!-- This site is optimized with the Yoast SEO plugin v27.2 - https:\/\/yoast.com\/product\/yoast-seo-wordpress\/ -->\n<title>Vela Trim RF only, RF bipolaire et vacudermologie - Praktivak<\/title>\n<meta name=\"robots\" content=\"index, follow, max-snippet:-1, max-image-preview:large, max-video-preview:-1\" \/>\n<link rel=\"canonical\" href=\"https:\/\/www.praktivak.be\/fr\/produit\/vela-trim-rf-only-rf-bipolaire-et-vacudermologie-2\/\" \/>\n<meta property=\"og:locale\" content=\"fr_FR\" \/>\n<meta property=\"og:type\" content=\"article\" \/>\n<meta property=\"og:title\" content=\"Vela Trim RF only, RF bipolaire et vacudermologie - Praktivak\" \/>\n<meta property=\"og:description\" content=\"Le dispositif &laquo;&nbsp;Bowie Vela Trim RF&nbsp;&raquo; est bas&eacute; sur les principes connus sous le nom de &laquo;&nbsp;m&eacute;thode Vela&nbsp;&raquo;. La m&eacute;thode Vela est bas&eacute;e sur la triple action d&rsquo;un massage m&eacute;canique profond du tissu conjonctif sous vide (vacu-dermologie), combin&eacute; &agrave; l&rsquo;&eacute;nergie radiofr&eacute;quence (13,6 Mhz RF) et au rayonnement infrarouge (640 nm IR). Principes de fonctionnement La &hellip; Continuer la lecture &quot;Vela Trim RF only, RF bipolaire et vacudermologie&quot;\" \/>\n<meta property=\"og:url\" content=\"https:\/\/www.praktivak.be\/fr\/produit\/vela-trim-rf-only-rf-bipolaire-et-vacudermologie-2\/\" \/>\n<meta property=\"og:site_name\" content=\"Praktivak\" \/>\n<meta property=\"article:modified_time\" content=\"2026-02-01T15:43:14+00:00\" \/>\n<meta property=\"og:image\" content=\"https:\/\/www.praktivak.be\/wp-content\/uploads\/2025\/09\/C20014-2.jpg\" \/>\n\t<meta property=\"og:image:width\" content=\"677\" \/>\n\t<meta property=\"og:image:height\" content=\"1000\" \/>\n\t<meta property=\"og:image:type\" content=\"image\/jpeg\" \/>\n<meta name=\"twitter:card\" content=\"summary_large_image\" \/>\n<meta name=\"twitter:label1\" content=\"Dur\u00e9e de lecture estim\u00e9e\" \/>\n\t<meta name=\"twitter:data1\" content=\"3 minutes\" \/>\n<script type=\"application\/ld+json\" class=\"yoast-schema-graph\">{\"@context\":\"https:\/\/schema.org\",\"@graph\":[{\"@type\":\"WebPage\",\"@id\":\"https:\/\/www.praktivak.be\/fr\/produit\/vela-trim-rf-only-rf-bipolaire-et-vacudermologie-2\/\",\"url\":\"https:\/\/www.praktivak.be\/fr\/produit\/vela-trim-rf-only-rf-bipolaire-et-vacudermologie-2\/\",\"name\":\"Vela Trim RF only, RF bipolaire et vacudermologie - Praktivak\",\"isPartOf\":{\"@id\":\"https:\/\/www.praktivak.be\/fr\/#website\"},\"primaryImageOfPage\":{\"@id\":\"https:\/\/www.praktivak.be\/fr\/produit\/vela-trim-rf-only-rf-bipolaire-et-vacudermologie-2\/#primaryimage\"},\"image\":{\"@id\":\"https:\/\/www.praktivak.be\/fr\/produit\/vela-trim-rf-only-rf-bipolaire-et-vacudermologie-2\/#primaryimage\"},\"thumbnailUrl\":\"https:\/\/www.praktivak.be\/wp-content\/uploads\/2025\/09\/C20014-2.jpg\",\"datePublished\":\"2025-08-14T19:38:28+00:00\",\"dateModified\":\"2026-02-01T15:43:14+00:00\",\"breadcrumb\":{\"@id\":\"https:\/\/www.praktivak.be\/fr\/produit\/vela-trim-rf-only-rf-bipolaire-et-vacudermologie-2\/#breadcrumb\"},\"inLanguage\":\"fr-FR\",\"potentialAction\":[{\"@type\":\"ReadAction\",\"target\":[\"https:\/\/www.praktivak.be\/fr\/produit\/vela-trim-rf-only-rf-bipolaire-et-vacudermologie-2\/\"]}]},{\"@type\":\"ImageObject\",\"inLanguage\":\"fr-FR\",\"@id\":\"https:\/\/www.praktivak.be\/fr\/produit\/vela-trim-rf-only-rf-bipolaire-et-vacudermologie-2\/#primaryimage\",\"url\":\"https:\/\/www.praktivak.be\/wp-content\/uploads\/2025\/09\/C20014-2.jpg\",\"contentUrl\":\"https:\/\/www.praktivak.be\/wp-content\/uploads\/2025\/09\/C20014-2.jpg\",\"width\":677,\"height\":1000},{\"@type\":\"BreadcrumbList\",\"@id\":\"https:\/\/www.praktivak.be\/fr\/produit\/vela-trim-rf-only-rf-bipolaire-et-vacudermologie-2\/#breadcrumb\",\"itemListElement\":[{\"@type\":\"ListItem\",\"position\":1,\"name\":\"Home\",\"item\":\"https:\/\/www.praktivak.be\/fr\/\"},{\"@type\":\"ListItem\",\"position\":2,\"name\":\"Boutique\",\"item\":\"https:\/\/www.praktivak.be\/fr\/boutique\/\"},{\"@type\":\"ListItem\",\"position\":3,\"name\":\"Vela Trim RF only, RF bipolaire et vacudermologie\"}]},{\"@type\":\"WebSite\",\"@id\":\"https:\/\/www.praktivak.be\/fr\/#website\",\"url\":\"https:\/\/www.praktivak.be\/fr\/\",\"name\":\"Praktivak\",\"description\":\"\",\"publisher\":{\"@id\":\"https:\/\/www.praktivak.be\/fr\/#organization\"},\"potentialAction\":[{\"@type\":\"SearchAction\",\"target\":{\"@type\":\"EntryPoint\",\"urlTemplate\":\"https:\/\/www.praktivak.be\/fr\/?s={search_term_string}\"},\"query-input\":{\"@type\":\"PropertyValueSpecification\",\"valueRequired\":true,\"valueName\":\"search_term_string\"}}],\"inLanguage\":\"fr-FR\"},{\"@type\":\"Organization\",\"@id\":\"https:\/\/www.praktivak.be\/fr\/#organization\",\"name\":\"Praktivak\",\"url\":\"https:\/\/www.praktivak.be\/fr\/\",\"logo\":{\"@type\":\"ImageObject\",\"inLanguage\":\"fr-FR\",\"@id\":\"https:\/\/www.praktivak.be\/fr\/#\/schema\/logo\/image\/\",\"url\":\"https:\/\/www.praktivak.be\/wp-content\/uploads\/2024\/09\/Logo.png\",\"contentUrl\":\"https:\/\/www.praktivak.be\/wp-content\/uploads\/2024\/09\/Logo.png\",\"width\":1774,\"height\":337,\"caption\":\"Praktivak\"},\"image\":{\"@id\":\"https:\/\/www.praktivak.be\/fr\/#\/schema\/logo\/image\/\"}}]}<\/script>\n<!-- \/ Yoast SEO plugin. -->","yoast_head_json":{"title":"Vela Trim RF only, RF bipolaire et vacudermologie - Praktivak","robots":{"index":"index","follow":"follow","max-snippet":"max-snippet:-1","max-image-preview":"max-image-preview:large","max-video-preview":"max-video-preview:-1"},"canonical":"https:\/\/www.praktivak.be\/fr\/produit\/vela-trim-rf-only-rf-bipolaire-et-vacudermologie-2\/","og_locale":"fr_FR","og_type":"article","og_title":"Vela Trim RF only, RF bipolaire et vacudermologie - Praktivak","og_description":"Le dispositif &laquo;&nbsp;Bowie Vela Trim RF&nbsp;&raquo; est bas&eacute; sur les principes connus sous le nom de &laquo;&nbsp;m&eacute;thode Vela&nbsp;&raquo;. La m&eacute;thode Vela est bas&eacute;e sur la triple action d&rsquo;un massage m&eacute;canique profond du tissu conjonctif sous vide (vacu-dermologie), combin&eacute; &agrave; l&rsquo;&eacute;nergie radiofr&eacute;quence (13,6 Mhz RF) et au rayonnement infrarouge (640 nm IR). Principes de fonctionnement La &hellip; Continuer la lecture \"Vela Trim RF only, RF bipolaire et vacudermologie\"","og_url":"https:\/\/www.praktivak.be\/fr\/produit\/vela-trim-rf-only-rf-bipolaire-et-vacudermologie-2\/","og_site_name":"Praktivak","article_modified_time":"2026-02-01T15:43:14+00:00","og_image":[{"width":677,"height":1000,"url":"https:\/\/www.praktivak.be\/wp-content\/uploads\/2025\/09\/C20014-2.jpg","type":"image\/jpeg"}],"twitter_card":"summary_large_image","twitter_misc":{"Dur\u00e9e de lecture estim\u00e9e":"3 minutes"},"schema":{"@context":"https:\/\/schema.org","@graph":[{"@type":"WebPage","@id":"https:\/\/www.praktivak.be\/fr\/produit\/vela-trim-rf-only-rf-bipolaire-et-vacudermologie-2\/","url":"https:\/\/www.praktivak.be\/fr\/produit\/vela-trim-rf-only-rf-bipolaire-et-vacudermologie-2\/","name":"Vela Trim RF only, RF bipolaire et vacudermologie - Praktivak","isPartOf":{"@id":"https:\/\/www.praktivak.be\/fr\/#website"},"primaryImageOfPage":{"@id":"https:\/\/www.praktivak.be\/fr\/produit\/vela-trim-rf-only-rf-bipolaire-et-vacudermologie-2\/#primaryimage"},"image":{"@id":"https:\/\/www.praktivak.be\/fr\/produit\/vela-trim-rf-only-rf-bipolaire-et-vacudermologie-2\/#primaryimage"},"thumbnailUrl":"https:\/\/www.praktivak.be\/wp-content\/uploads\/2025\/09\/C20014-2.jpg","datePublished":"2025-08-14T19:38:28+00:00","dateModified":"2026-02-01T15:43:14+00:00","breadcrumb":{"@id":"https:\/\/www.praktivak.be\/fr\/produit\/vela-trim-rf-only-rf-bipolaire-et-vacudermologie-2\/#breadcrumb"},"inLanguage":"fr-FR","potentialAction":[{"@type":"ReadAction","target":["https:\/\/www.praktivak.be\/fr\/produit\/vela-trim-rf-only-rf-bipolaire-et-vacudermologie-2\/"]}]},{"@type":"ImageObject","inLanguage":"fr-FR","@id":"https:\/\/www.praktivak.be\/fr\/produit\/vela-trim-rf-only-rf-bipolaire-et-vacudermologie-2\/#primaryimage","url":"https:\/\/www.praktivak.be\/wp-content\/uploads\/2025\/09\/C20014-2.jpg","contentUrl":"https:\/\/www.praktivak.be\/wp-content\/uploads\/2025\/09\/C20014-2.jpg","width":677,"height":1000},{"@type":"BreadcrumbList","@id":"https:\/\/www.praktivak.be\/fr\/produit\/vela-trim-rf-only-rf-bipolaire-et-vacudermologie-2\/#breadcrumb","itemListElement":[{"@type":"ListItem","position":1,"name":"Home","item":"https:\/\/www.praktivak.be\/fr\/"},{"@type":"ListItem","position":2,"name":"Boutique","item":"https:\/\/www.praktivak.be\/fr\/boutique\/"},{"@type":"ListItem","position":3,"name":"Vela Trim RF only, RF bipolaire et vacudermologie"}]},{"@type":"WebSite","@id":"https:\/\/www.praktivak.be\/fr\/#website","url":"https:\/\/www.praktivak.be\/fr\/","name":"Praktivak","description":"","publisher":{"@id":"https:\/\/www.praktivak.be\/fr\/#organization"},"potentialAction":[{"@type":"SearchAction","target":{"@type":"EntryPoint","urlTemplate":"https:\/\/www.praktivak.be\/fr\/?s={search_term_string}"},"query-input":{"@type":"PropertyValueSpecification","valueRequired":true,"valueName":"search_term_string"}}],"inLanguage":"fr-FR"},{"@type":"Organization","@id":"https:\/\/www.praktivak.be\/fr\/#organization","name":"Praktivak","url":"https:\/\/www.praktivak.be\/fr\/","logo":{"@type":"ImageObject","inLanguage":"fr-FR","@id":"https:\/\/www.praktivak.be\/fr\/#\/schema\/logo\/image\/","url":"https:\/\/www.praktivak.be\/wp-content\/uploads\/2024\/09\/Logo.png","contentUrl":"https:\/\/www.praktivak.be\/wp-content\/uploads\/2024\/09\/Logo.png","width":1774,"height":337,"caption":"Praktivak"},"image":{"@id":"https:\/\/www.praktivak.be\/fr\/#\/schema\/logo\/image\/"}}]}},"featured_img":"https:\/\/www.praktivak.be\/wp-content\/uploads\/2025\/09\/C20014-2.jpg","coauthors":[],"author_meta":{"author_link":"https:\/\/www.praktivak.be\/fr\/author\/madeit\/","display_name":"Tjebbe Lievens"},"relative_dates":{"created":"Publi\u00e9 8 mois il y a","modified":"Mis \u00e0 jour 2 mois il y a"},"absolute_dates":{"created":"Publi\u00e9 le 14 ao\u00fbt 2025","modified":"Mise \u00e0 jour le 1 f\u00e9vrier 2026"},"absolute_dates_time":{"created":"Publi\u00e9 le 14 ao\u00fbt 2025 21h38","modified":"Mise \u00e0 jour le 1 f\u00e9vrier 2026 16h43"},"featured_img_caption":"","tax_additional":{"product_brand":{"linked":[],"unlinked":[],"slug":"product_brand","name":"Marques"},"product_type":{"linked":["<a href=\"https:\/\/www.praktivak.be\/fr\/?taxonomy=product_type&#038;term=simple\" class=\"advgb-post-tax-term\">simple<\/a>"],"unlinked":["<span class=\"advgb-post-tax-term\">simple<\/span>"],"slug":"product_type","name":"Type de produit"},"product_visibility":{"linked":[],"unlinked":[],"slug":"product_visibility","name":"Visibilit\u00e9 du produit"},"product_cat":{"linked":["<a href=\"https:\/\/www.praktivak.be\/fr\/categorie-de-produit\/esthetische-apparatuur-fr\/specialistische-apparatuur-esthetische-apparatuur-fr\/vela-trim-specialistische-apparatuur-esthetische-apparatuur-fr\/\" class=\"advgb-post-tax-term\">Vela Trim<\/a>"],"unlinked":["<span class=\"advgb-post-tax-term\">Vela Trim<\/span>"],"slug":"product_cat","name":"Cat\u00e9gories de produits"},"product_tag":{"linked":[],"unlinked":[],"slug":"product_tag","name":"\u00c9tiquettes produit"},"product_shipping_class":{"linked":[],"unlinked":[],"slug":"product_shipping_class","name":"Classe d\u2019exp\u00e9dition du produit"},"pos_product_visibility":{"linked":[],"unlinked":[],"slug":"pos_product_visibility","name":"Visibilit\u00e9 du produit sur le point de vente"},"translation_priority":{"linked":[],"unlinked":[],"slug":"translation_priority","name":"Priorit\u00e9s de traduction"}},"series_order":"","_links":{"self":[{"href":"https:\/\/www.praktivak.be\/fr\/wp-json\/wp\/v2\/product\/167696","targetHints":{"allow":["GET"]}}],"collection":[{"href":"https:\/\/www.praktivak.be\/fr\/wp-json\/wp\/v2\/product"}],"about":[{"href":"https:\/\/www.praktivak.be\/fr\/wp-json\/wp\/v2\/types\/product"}],"version-history":[{"count":70,"href":"https:\/\/www.praktivak.be\/fr\/wp-json\/wp\/v2\/product\/167696\/revisions"}],"predecessor-version":[{"id":344247,"href":"https:\/\/www.praktivak.be\/fr\/wp-json\/wp\/v2\/product\/167696\/revisions\/344247"}],"wp:featuredmedia":[{"embeddable":true,"href":"https:\/\/www.praktivak.be\/fr\/wp-json\/wp\/v2\/media\/306315"}],"wp:attachment":[{"href":"https:\/\/www.praktivak.be\/fr\/wp-json\/wp\/v2\/media?parent=167696"}],"wp:term":[{"taxonomy":"product_brand","embeddable":true,"href":"https:\/\/www.praktivak.be\/fr\/wp-json\/wp\/v2\/product_brand?post=167696"},{"taxonomy":"product_cat","embeddable":true,"href":"https:\/\/www.praktivak.be\/fr\/wp-json\/wp\/v2\/product_cat?post=167696"},{"taxonomy":"product_tag","embeddable":true,"href":"https:\/\/www.praktivak.be\/fr\/wp-json\/wp\/v2\/product_tag?post=167696"}],"curies":[{"name":"wp","href":"https:\/\/api.w.org\/{rel}","templated":true}]}}