

{"id":167403,"date":"2025-08-14T21:31:37","date_gmt":"2025-08-14T19:31:37","guid":{"rendered":"https:\/\/www.praktivak.be\/product\/vie-de-sel-mineral-clay-mask-50ml\/"},"modified":"2026-01-27T19:57:20","modified_gmt":"2026-01-27T18:57:20","slug":"vie-de-sel-mineral-clay-mask-50ml","status":"publish","type":"product","link":"https:\/\/www.praktivak.be\/fr\/produit\/vie-de-sel-mineral-clay-mask-50ml\/","title":{"rendered":"VIE DE SEL Mineral Clay Mask, 50ml"},"content":{"rendered":"\n<p>\nMasque &agrave; l&rsquo;argile min&eacute;rale VIE DE SEL<\/p>\n\n<p>\n&ndash; Tous les types de peau<\/p>\n<p>\n&ndash; &Eacute;limine les impuret&eacute;s<\/p>\n<p>\n&ndash; Argile kaolin blanche<\/p>\n<p>\n&ndash; Am&eacute;liore, nettoie et hydrate la peau<\/p>\n<p>\n&ndash; Pr&eacute;vient l&rsquo;apparition d&rsquo;un aspect fatigu&eacute; et terne<\/p>\n<p>\n&ndash; Contient une abondance de min&eacute;raux et d&rsquo;argile de kaolin<\/p>\n<p>\n&ndash; Combine toutes les merveilleuses propri&eacute;t&eacute;s de la mer Morte en un seul masque.<\/p>\n\n<p>\nNettoyage doux &agrave; l&rsquo;argile de la mer morte<\/p>\n<p>\nLa vie urbaine tr&eacute;pidante peut endommager la peau de votre visage. Un manque d&rsquo;hydratation peut donner un aspect terne et fatigu&eacute;. Le masque &agrave; l&rsquo;argile min&eacute;rale VIE DE SEL offre &agrave; votre peau les douces propri&eacute;t&eacute;s hydratantes de la Mer Morte. La d&eacute;licate argile blanche kaolin et une abondance de min&eacute;raux vitaux tels que le sel d&rsquo;Epsom et le sulfate de zinc forment une combinaison unique. Le masque est pr&eacute;cis&eacute;ment formul&eacute; avec de la vitamine C pour nettoyer et purifier votre peau. Les pores sont affin&eacute;s et la salet&eacute;, l&rsquo;exc&egrave;s de s&eacute;bum et les cellules mortes disparaissent pour une peau fra&icirc;che et d&rsquo;apparence saine.<\/p>\n\n<p>\n&ndash; Authentique argile blanche de la mer Morte<\/p>\n<p>\n&ndash; Nouvelle formule exclusive de soins de la peau<\/p>\n<p>\n&ndash; Elimine la salet&eacute; et l&rsquo;exc&egrave;s de s&eacute;bum<\/p>\n<p>\n&ndash; Favorise une hydratation &eacute;quilibr&eacute;e<\/p>\n<p>\n&ndash; Favorise une apparence saine et naturelle<\/p>\n\n<p>\nAppliquez une fine couche sur la peau nettoy&eacute;e et s&egrave;che, en &eacute;vitant le contour des yeux. Laissez s&eacute;cher pendant 7 &agrave; 15 minutes et rincez soigneusement le masque &agrave; l&rsquo;eau chaude.<\/p>\n\n<p>\nIngr&eacute;dients :<\/p>\n<p>\nAqua\/Water, Kaolin (argile), C12-15 Alkyl Benzoate, Glyceryl Stearate, Isopropyl Myristate, Glycerin, Propylene Glycol, Cetyl Alcohol, Stearic acid, Urea, Behentrimonium Chloride, Huile de Cocos Nucifera (noix de coco), st&eacute;arate de PEG-40, trist&eacute;arate de sorbitan, alcool benzylique, oct&eacute;nylsuccinate d&rsquo;amidon d&rsquo;aluminium, cyclom&eacute;thicone, ph&eacute;nyl-trim&eacute;thicone, dim&eacute;thicone, sel marin, Chlorure d&rsquo;hydroxypropyl Guar Hydroxypropyltrimonium, Parfum, Ozocerite, Panthenol (Pro-Vitamine B5), Acide benzo&iuml;que, Butyrospermum Parkii (Beurre de Karit&eacute;) Fruit, Dimethiconol, Huile de Persea Gratissima (Avocat), Ac&eacute;tate de tocoph&eacute;ryle (vitamine E), acide citrique, acide d&eacute;hydroac&eacute;tique, BHT, palmitate d&rsquo;ascorbyle (vitamine C), phosphate d&rsquo;ascorbyle de magn&eacute;sium (vitamine C), sulfate de magn&eacute;sium, sulfate de zinc, salicilate de benzyle, ph&eacute;nylac&eacute;tald&eacute;hyde.<\/p>\n\n<p>\nPrincipes actifs du &laquo;&nbsp;Masque &agrave; l&rsquo;argile min&eacute;rale VIE DE SEL&nbsp;&raquo; :<\/p>\n<p>\nSulfate de zinc<\/p>\n<p>\nLe zinc nourrit la peau de l&rsquo;int&eacute;rieur et soutient la capacit&eacute; de la peau &agrave; se r&eacute;parer.<\/p>\n\n<p>\nArgile kaolin<\/p>\n<p>\nL&rsquo;argile kaolin nettoie et adoucit votre peau, et absorbe &eacute;galement les huiles et le s&eacute;bum de la peau.<\/p>\n\n<p>\nSel d&rsquo;Epsom<\/p>\n<p>\nLe sel d&rsquo;Epsom est une forme de sel riche en magn&eacute;sium. Le sel a un effet purifiant et calmant sur votre peau.&nbsp;&raquo;<\/p>\n\n","protected":false},"excerpt":{"rendered":"<p>Masque &agrave; l&rsquo;argile min&eacute;rale VIE DE SEL &ndash; Tous les types de peau &ndash; &Eacute;limine les impuret&eacute;s &ndash; Argile kaolin blanche &ndash; Am&eacute;liore, nettoie et hydrate la peau &ndash; Pr&eacute;vient l&rsquo;apparition d&rsquo;un aspect fatigu&eacute; et terne &ndash; Contient une abondance de min&eacute;raux et d&rsquo;argile de kaolin &ndash; Combine toutes les merveilleuses propri&eacute;t&eacute;s de la mer &hellip; <\/p>\n<p class=\"link-more\"><a href=\"https:\/\/www.praktivak.be\/fr\/produit\/vie-de-sel-mineral-clay-mask-50ml\/\" class=\"more-link\">Continuer la lecture<span class=\"screen-reader-text\"> \u00ab\u00a0VIE DE SEL Mineral Clay Mask, 50ml\u00a0\u00bb<\/span><\/a><\/p>\n","protected":false},"author":1,"featured_media":309549,"template":"","meta":{"_acf_changed":false,"_relevanssi_hide_post":"","_relevanssi_hide_content":"","_relevanssi_pin_for_all":"","_relevanssi_pin_keywords":"","_relevanssi_unpin_keywords":"","_relevanssi_related_keywords":"","_relevanssi_related_include_ids":"","_relevanssi_related_exclude_ids":"","_relevanssi_related_no_append":"","_relevanssi_related_not_related":"","_relevanssi_related_posts":"","_relevanssi_noindex_reason":"","advgb_blocks_editor_width":"","advgb_blocks_columns_visual_guide":"","footnotes":""},"product_brand":[],"product_cat":[2113],"product_tag":[],"class_list":{"0":"post-167403","1":"product","2":"type-product","3":"status-publish","4":"has-post-thumbnail","6":"product_cat-consumer-products-vie-de-sel-gelaatsverzorging-fr","8":"first","9":"instock","10":"taxable","11":"shipping-taxable","12":"product-type-simple"},"acf":[],"yoast_head":"<!-- This site is optimized with the Yoast SEO plugin v27.2 - https:\/\/yoast.com\/product\/yoast-seo-wordpress\/ -->\n<title>VIE DE SEL Mineral Clay Mask, 50ml - Praktivak<\/title>\n<meta name=\"robots\" content=\"index, follow, max-snippet:-1, max-image-preview:large, max-video-preview:-1\" \/>\n<link rel=\"canonical\" href=\"https:\/\/www.praktivak.be\/fr\/produit\/vie-de-sel-mineral-clay-mask-50ml\/\" \/>\n<meta property=\"og:locale\" content=\"fr_FR\" \/>\n<meta property=\"og:type\" content=\"article\" \/>\n<meta property=\"og:title\" content=\"VIE DE SEL Mineral Clay Mask, 50ml - Praktivak\" \/>\n<meta property=\"og:description\" content=\"Masque &agrave; l&rsquo;argile min&eacute;rale VIE DE SEL &ndash; Tous les types de peau &ndash; &Eacute;limine les impuret&eacute;s &ndash; Argile kaolin blanche &ndash; Am&eacute;liore, nettoie et hydrate la peau &ndash; Pr&eacute;vient l&rsquo;apparition d&rsquo;un aspect fatigu&eacute; et terne &ndash; Contient une abondance de min&eacute;raux et d&rsquo;argile de kaolin &ndash; Combine toutes les merveilleuses propri&eacute;t&eacute;s de la mer &hellip; Continuer la lecture &quot;VIE DE SEL Mineral Clay Mask, 50ml&quot;\" \/>\n<meta property=\"og:url\" content=\"https:\/\/www.praktivak.be\/fr\/produit\/vie-de-sel-mineral-clay-mask-50ml\/\" \/>\n<meta property=\"og:site_name\" content=\"Praktivak\" \/>\n<meta property=\"article:modified_time\" content=\"2026-01-27T18:57:20+00:00\" \/>\n<meta property=\"og:image\" content=\"https:\/\/www.praktivak.be\/wp-content\/uploads\/2025\/09\/MSC77307-2.jpg\" \/>\n\t<meta property=\"og:image:width\" content=\"1000\" \/>\n\t<meta property=\"og:image:height\" content=\"1000\" \/>\n\t<meta property=\"og:image:type\" content=\"image\/jpeg\" \/>\n<meta name=\"twitter:card\" content=\"summary_large_image\" \/>\n<meta name=\"twitter:label1\" content=\"Dur\u00e9e de lecture estim\u00e9e\" \/>\n\t<meta name=\"twitter:data1\" content=\"2 minutes\" \/>\n<script type=\"application\/ld+json\" class=\"yoast-schema-graph\">{\"@context\":\"https:\/\/schema.org\",\"@graph\":[{\"@type\":\"WebPage\",\"@id\":\"https:\/\/www.praktivak.be\/fr\/produit\/vie-de-sel-mineral-clay-mask-50ml\/\",\"url\":\"https:\/\/www.praktivak.be\/fr\/produit\/vie-de-sel-mineral-clay-mask-50ml\/\",\"name\":\"VIE DE SEL Mineral Clay Mask, 50ml - Praktivak\",\"isPartOf\":{\"@id\":\"https:\/\/www.praktivak.be\/fr\/#website\"},\"primaryImageOfPage\":{\"@id\":\"https:\/\/www.praktivak.be\/fr\/produit\/vie-de-sel-mineral-clay-mask-50ml\/#primaryimage\"},\"image\":{\"@id\":\"https:\/\/www.praktivak.be\/fr\/produit\/vie-de-sel-mineral-clay-mask-50ml\/#primaryimage\"},\"thumbnailUrl\":\"https:\/\/www.praktivak.be\/wp-content\/uploads\/2025\/09\/MSC77307-2.jpg\",\"datePublished\":\"2025-08-14T19:31:37+00:00\",\"dateModified\":\"2026-01-27T18:57:20+00:00\",\"breadcrumb\":{\"@id\":\"https:\/\/www.praktivak.be\/fr\/produit\/vie-de-sel-mineral-clay-mask-50ml\/#breadcrumb\"},\"inLanguage\":\"fr-FR\",\"potentialAction\":[{\"@type\":\"ReadAction\",\"target\":[\"https:\/\/www.praktivak.be\/fr\/produit\/vie-de-sel-mineral-clay-mask-50ml\/\"]}]},{\"@type\":\"ImageObject\",\"inLanguage\":\"fr-FR\",\"@id\":\"https:\/\/www.praktivak.be\/fr\/produit\/vie-de-sel-mineral-clay-mask-50ml\/#primaryimage\",\"url\":\"https:\/\/www.praktivak.be\/wp-content\/uploads\/2025\/09\/MSC77307-2.jpg\",\"contentUrl\":\"https:\/\/www.praktivak.be\/wp-content\/uploads\/2025\/09\/MSC77307-2.jpg\",\"width\":1000,\"height\":1000},{\"@type\":\"BreadcrumbList\",\"@id\":\"https:\/\/www.praktivak.be\/fr\/produit\/vie-de-sel-mineral-clay-mask-50ml\/#breadcrumb\",\"itemListElement\":[{\"@type\":\"ListItem\",\"position\":1,\"name\":\"Home\",\"item\":\"https:\/\/www.praktivak.be\/fr\/\"},{\"@type\":\"ListItem\",\"position\":2,\"name\":\"Boutique\",\"item\":\"https:\/\/www.praktivak.be\/fr\/boutique\/\"},{\"@type\":\"ListItem\",\"position\":3,\"name\":\"VIE DE SEL Mineral Clay Mask, 50ml\"}]},{\"@type\":\"WebSite\",\"@id\":\"https:\/\/www.praktivak.be\/fr\/#website\",\"url\":\"https:\/\/www.praktivak.be\/fr\/\",\"name\":\"Praktivak\",\"description\":\"\",\"publisher\":{\"@id\":\"https:\/\/www.praktivak.be\/fr\/#organization\"},\"potentialAction\":[{\"@type\":\"SearchAction\",\"target\":{\"@type\":\"EntryPoint\",\"urlTemplate\":\"https:\/\/www.praktivak.be\/fr\/?s={search_term_string}\"},\"query-input\":{\"@type\":\"PropertyValueSpecification\",\"valueRequired\":true,\"valueName\":\"search_term_string\"}}],\"inLanguage\":\"fr-FR\"},{\"@type\":\"Organization\",\"@id\":\"https:\/\/www.praktivak.be\/fr\/#organization\",\"name\":\"Praktivak\",\"url\":\"https:\/\/www.praktivak.be\/fr\/\",\"logo\":{\"@type\":\"ImageObject\",\"inLanguage\":\"fr-FR\",\"@id\":\"https:\/\/www.praktivak.be\/fr\/#\/schema\/logo\/image\/\",\"url\":\"https:\/\/www.praktivak.be\/wp-content\/uploads\/2024\/09\/Logo.png\",\"contentUrl\":\"https:\/\/www.praktivak.be\/wp-content\/uploads\/2024\/09\/Logo.png\",\"width\":1774,\"height\":337,\"caption\":\"Praktivak\"},\"image\":{\"@id\":\"https:\/\/www.praktivak.be\/fr\/#\/schema\/logo\/image\/\"}}]}<\/script>\n<!-- \/ Yoast SEO plugin. -->","yoast_head_json":{"title":"VIE DE SEL Mineral Clay Mask, 50ml - Praktivak","robots":{"index":"index","follow":"follow","max-snippet":"max-snippet:-1","max-image-preview":"max-image-preview:large","max-video-preview":"max-video-preview:-1"},"canonical":"https:\/\/www.praktivak.be\/fr\/produit\/vie-de-sel-mineral-clay-mask-50ml\/","og_locale":"fr_FR","og_type":"article","og_title":"VIE DE SEL Mineral Clay Mask, 50ml - Praktivak","og_description":"Masque &agrave; l&rsquo;argile min&eacute;rale VIE DE SEL &ndash; Tous les types de peau &ndash; &Eacute;limine les impuret&eacute;s &ndash; Argile kaolin blanche &ndash; Am&eacute;liore, nettoie et hydrate la peau &ndash; Pr&eacute;vient l&rsquo;apparition d&rsquo;un aspect fatigu&eacute; et terne &ndash; Contient une abondance de min&eacute;raux et d&rsquo;argile de kaolin &ndash; Combine toutes les merveilleuses propri&eacute;t&eacute;s de la mer &hellip; Continuer la lecture \"VIE DE SEL Mineral Clay Mask, 50ml\"","og_url":"https:\/\/www.praktivak.be\/fr\/produit\/vie-de-sel-mineral-clay-mask-50ml\/","og_site_name":"Praktivak","article_modified_time":"2026-01-27T18:57:20+00:00","og_image":[{"width":1000,"height":1000,"url":"https:\/\/www.praktivak.be\/wp-content\/uploads\/2025\/09\/MSC77307-2.jpg","type":"image\/jpeg"}],"twitter_card":"summary_large_image","twitter_misc":{"Dur\u00e9e de lecture estim\u00e9e":"2 minutes"},"schema":{"@context":"https:\/\/schema.org","@graph":[{"@type":"WebPage","@id":"https:\/\/www.praktivak.be\/fr\/produit\/vie-de-sel-mineral-clay-mask-50ml\/","url":"https:\/\/www.praktivak.be\/fr\/produit\/vie-de-sel-mineral-clay-mask-50ml\/","name":"VIE DE SEL Mineral Clay Mask, 50ml - Praktivak","isPartOf":{"@id":"https:\/\/www.praktivak.be\/fr\/#website"},"primaryImageOfPage":{"@id":"https:\/\/www.praktivak.be\/fr\/produit\/vie-de-sel-mineral-clay-mask-50ml\/#primaryimage"},"image":{"@id":"https:\/\/www.praktivak.be\/fr\/produit\/vie-de-sel-mineral-clay-mask-50ml\/#primaryimage"},"thumbnailUrl":"https:\/\/www.praktivak.be\/wp-content\/uploads\/2025\/09\/MSC77307-2.jpg","datePublished":"2025-08-14T19:31:37+00:00","dateModified":"2026-01-27T18:57:20+00:00","breadcrumb":{"@id":"https:\/\/www.praktivak.be\/fr\/produit\/vie-de-sel-mineral-clay-mask-50ml\/#breadcrumb"},"inLanguage":"fr-FR","potentialAction":[{"@type":"ReadAction","target":["https:\/\/www.praktivak.be\/fr\/produit\/vie-de-sel-mineral-clay-mask-50ml\/"]}]},{"@type":"ImageObject","inLanguage":"fr-FR","@id":"https:\/\/www.praktivak.be\/fr\/produit\/vie-de-sel-mineral-clay-mask-50ml\/#primaryimage","url":"https:\/\/www.praktivak.be\/wp-content\/uploads\/2025\/09\/MSC77307-2.jpg","contentUrl":"https:\/\/www.praktivak.be\/wp-content\/uploads\/2025\/09\/MSC77307-2.jpg","width":1000,"height":1000},{"@type":"BreadcrumbList","@id":"https:\/\/www.praktivak.be\/fr\/produit\/vie-de-sel-mineral-clay-mask-50ml\/#breadcrumb","itemListElement":[{"@type":"ListItem","position":1,"name":"Home","item":"https:\/\/www.praktivak.be\/fr\/"},{"@type":"ListItem","position":2,"name":"Boutique","item":"https:\/\/www.praktivak.be\/fr\/boutique\/"},{"@type":"ListItem","position":3,"name":"VIE DE SEL Mineral Clay Mask, 50ml"}]},{"@type":"WebSite","@id":"https:\/\/www.praktivak.be\/fr\/#website","url":"https:\/\/www.praktivak.be\/fr\/","name":"Praktivak","description":"","publisher":{"@id":"https:\/\/www.praktivak.be\/fr\/#organization"},"potentialAction":[{"@type":"SearchAction","target":{"@type":"EntryPoint","urlTemplate":"https:\/\/www.praktivak.be\/fr\/?s={search_term_string}"},"query-input":{"@type":"PropertyValueSpecification","valueRequired":true,"valueName":"search_term_string"}}],"inLanguage":"fr-FR"},{"@type":"Organization","@id":"https:\/\/www.praktivak.be\/fr\/#organization","name":"Praktivak","url":"https:\/\/www.praktivak.be\/fr\/","logo":{"@type":"ImageObject","inLanguage":"fr-FR","@id":"https:\/\/www.praktivak.be\/fr\/#\/schema\/logo\/image\/","url":"https:\/\/www.praktivak.be\/wp-content\/uploads\/2024\/09\/Logo.png","contentUrl":"https:\/\/www.praktivak.be\/wp-content\/uploads\/2024\/09\/Logo.png","width":1774,"height":337,"caption":"Praktivak"},"image":{"@id":"https:\/\/www.praktivak.be\/fr\/#\/schema\/logo\/image\/"}}]}},"featured_img":"https:\/\/www.praktivak.be\/wp-content\/uploads\/2025\/09\/MSC77307-2.jpg","coauthors":[],"author_meta":{"author_link":"https:\/\/www.praktivak.be\/fr\/author\/madeit\/","display_name":"Tjebbe Lievens"},"relative_dates":{"created":"Publi\u00e9 8 mois il y a","modified":"Mis \u00e0 jour 3 mois il y a"},"absolute_dates":{"created":"Publi\u00e9 le 14 ao\u00fbt 2025","modified":"Mise \u00e0 jour le 27 janvier 2026"},"absolute_dates_time":{"created":"Publi\u00e9 le 14 ao\u00fbt 2025 21h31","modified":"Mise \u00e0 jour le 27 janvier 2026 19h57"},"featured_img_caption":"","tax_additional":{"product_brand":{"linked":[],"unlinked":[],"slug":"product_brand","name":"Marques"},"product_type":{"linked":["<a href=\"https:\/\/www.praktivak.be\/fr\/?taxonomy=product_type&#038;term=simple\" class=\"advgb-post-tax-term\">simple<\/a>"],"unlinked":["<span class=\"advgb-post-tax-term\">simple<\/span>"],"slug":"product_type","name":"Type de produit"},"product_visibility":{"linked":[],"unlinked":[],"slug":"product_visibility","name":"Visibilit\u00e9 du produit"},"product_cat":{"linked":["<a href=\"https:\/\/www.praktivak.be\/fr\/categorie-de-produit\/gelaatsverzorging-fr\/vie-de-sel\/consumer-products-vie-de-sel-gelaatsverzorging-fr\/\" class=\"advgb-post-tax-term\">Consumer products<\/a>"],"unlinked":["<span class=\"advgb-post-tax-term\">Consumer products<\/span>"],"slug":"product_cat","name":"Cat\u00e9gories de produits"},"product_tag":{"linked":[],"unlinked":[],"slug":"product_tag","name":"\u00c9tiquettes produit"},"product_shipping_class":{"linked":[],"unlinked":[],"slug":"product_shipping_class","name":"Classe d\u2019exp\u00e9dition du produit"},"pos_product_visibility":{"linked":[],"unlinked":[],"slug":"pos_product_visibility","name":"Visibilit\u00e9 du produit sur le point de vente"},"translation_priority":{"linked":[],"unlinked":[],"slug":"translation_priority","name":"Priorit\u00e9s de traduction"}},"series_order":"","_links":{"self":[{"href":"https:\/\/www.praktivak.be\/fr\/wp-json\/wp\/v2\/product\/167403","targetHints":{"allow":["GET"]}}],"collection":[{"href":"https:\/\/www.praktivak.be\/fr\/wp-json\/wp\/v2\/product"}],"about":[{"href":"https:\/\/www.praktivak.be\/fr\/wp-json\/wp\/v2\/types\/product"}],"version-history":[{"count":89,"href":"https:\/\/www.praktivak.be\/fr\/wp-json\/wp\/v2\/product\/167403\/revisions"}],"predecessor-version":[{"id":325501,"href":"https:\/\/www.praktivak.be\/fr\/wp-json\/wp\/v2\/product\/167403\/revisions\/325501"}],"wp:featuredmedia":[{"embeddable":true,"href":"https:\/\/www.praktivak.be\/fr\/wp-json\/wp\/v2\/media\/309549"}],"wp:attachment":[{"href":"https:\/\/www.praktivak.be\/fr\/wp-json\/wp\/v2\/media?parent=167403"}],"wp:term":[{"taxonomy":"product_brand","embeddable":true,"href":"https:\/\/www.praktivak.be\/fr\/wp-json\/wp\/v2\/product_brand?post=167403"},{"taxonomy":"product_cat","embeddable":true,"href":"https:\/\/www.praktivak.be\/fr\/wp-json\/wp\/v2\/product_cat?post=167403"},{"taxonomy":"product_tag","embeddable":true,"href":"https:\/\/www.praktivak.be\/fr\/wp-json\/wp\/v2\/product_tag?post=167403"}],"curies":[{"name":"wp","href":"https:\/\/api.w.org\/{rel}","templated":true}]}}