

{"id":167365,"date":"2025-08-14T21:30:37","date_gmt":"2025-08-14T19:30:37","guid":{"rendered":"https:\/\/www.praktivak.be\/product\/vie-de-sel-facial-mud-mask-250ml\/"},"modified":"2026-01-27T19:57:21","modified_gmt":"2026-01-27T18:57:21","slug":"vie-de-sel-facial-mud-mask-250ml","status":"publish","type":"product","link":"https:\/\/www.praktivak.be\/fr\/produit\/vie-de-sel-facial-mud-mask-250ml\/","title":{"rendered":"VIE DE SEL Facial Mud Mask, 250ml"},"content":{"rendered":"\n<p>\nFacial Mud Mask VIE DE SEL<\/p>\n\n<p>\n&ndash; Tous les types de peau<\/p>\n<p>\n&ndash; &Eacute;limine les impuret&eacute;s<\/p>\n<p>\n&ndash; Sels d&rsquo;Epsom<\/p>\n<p>\n&ndash; Cr&eacute;e une peau jeune<\/p>\n<p>\n&ndash; Enrichi en authentique boue noire de la mer Morte.<\/p>\n<p>\n&ndash; Nettoie les pores de mani&egrave;re experte<\/p>\n\n<p>\nSi votre peau m&eacute;rite un soin de qualit&eacute; et un nettoyage de premier ordre, choisissez le meilleur masque &agrave; la boue.<\/p>\n\n<p>\nBoue noire de la mer morte pour purifier la peau<\/p>\n<p>\nLe masque de boue pour le visage VIE DE SEL est enrichi d&rsquo;une authentique boue noire de la mer Morte. Il est impr&eacute;gn&eacute; d&rsquo;une concentration impressionnante de min&eacute;raux essentiels, notamment de sels d&rsquo;Epsom et de sulfate de zinc, ainsi que d&rsquo;extraits d&rsquo;&eacute;glantier et d&rsquo;hamam&eacute;lis. Le masque nettoie les pores de mani&egrave;re experte et absorbe l&rsquo;exc&egrave;s de s&eacute;bum, favorisant une apparence merveilleusement hydrat&eacute;e, radieuse et jeune.<\/p>\n\n<p>\n&ndash; Authentique boue noire de la mer Morte<\/p>\n<p>\n&ndash; Ne dess&egrave;che pas la peau<\/p>\n<p>\n&ndash; Nettoie efficacement les pores obstru&eacute;s<\/p>\n<p>\n&ndash; Augmente l&rsquo;hydratation naturelle<\/p>\n<p>\n&ndash; &Eacute;limine la salet&eacute; et l&rsquo;accumulation d&rsquo;huile<\/p>\n<p>\n&ndash; Am&eacute;liore l&rsquo;&eacute;clat du teint<\/p>\n\n<p>\nAppliquez une couche l&eacute;g&egrave;re sur la peau nettoy&eacute;e et s&egrave;che, en &eacute;vitant le contour des yeux. Laissez s&eacute;cher pendant 7 &agrave; 15 minutes et rincez bien &agrave; l&rsquo;eau chaude.<\/p>\n\n<p>\nIngr&eacute;dients :<\/p>\n<p>\nAqua\/Water, Kaolin (argile), C12-15 Alkyl Benzoate, Glyceryl Stearate, Isopropyl Myristate, Glycerin, Propylene Glycol, Cetyl Alcohol, Stearic acid, Urea, Behentrimonium Chloride, Huile de Cocos Nucifera (noix de coco), st&eacute;arate de PEG-40, trist&eacute;arate de sorbitan, alcool benzylique, oct&eacute;nylsuccinate d&rsquo;amidon d&rsquo;aluminium, cyclom&eacute;thicone, ph&eacute;nyl-trim&eacute;thicone, dim&eacute;thicone, sel marin, Chlorure d&rsquo;hydroxypropyl Guar Hydroxypropyltrimonium, Parfum, Ozocerite, Panthenol (Pro-Vitamine B5), Acide benzo&iuml;que, Butyrospermum Parkii (Beurre de Karit&eacute;) Fruit, Dimethiconol, Huile de Persea Gratissima (Avocat), Ac&eacute;tate de tocoph&eacute;ryle (vitamine E), acide citrique, acide d&eacute;hydroac&eacute;tique, BHT, palmitate d&rsquo;ascorbyle (vitamine C), phosphate d&rsquo;ascorbyle de magn&eacute;sium (vitamine C), sulfate de magn&eacute;sium, sulfate de zinc, salicilate de benzyle, ph&eacute;nylac&eacute;tald&eacute;hyde.<\/p>\n\n<p>\nLes principes actifs du &laquo;&nbsp;Masque de boue pour le visage VIE DE SEL&nbsp;&raquo; :<\/p>\n<p>\nSulfate de zinc<\/p>\n<p>\nLe zinc nourrit la peau de l&rsquo;int&eacute;rieur et soutient la capacit&eacute; de la peau &agrave; se r&eacute;parer.<\/p>\n\n<p>\nSel d&rsquo;Epsom<\/p>\n<p>\nLe sel d&rsquo;Epsom est une forme de sel riche en magn&eacute;sium. Le sel a un effet purifiant et calmant sur votre peau.&nbsp;&raquo;<\/p>\n\n","protected":false},"excerpt":{"rendered":"<p>Facial Mud Mask VIE DE SEL &ndash; Tous les types de peau &ndash; &Eacute;limine les impuret&eacute;s &ndash; Sels d&rsquo;Epsom &ndash; Cr&eacute;e une peau jeune &ndash; Enrichi en authentique boue noire de la mer Morte. &ndash; Nettoie les pores de mani&egrave;re experte Si votre peau m&eacute;rite un soin de qualit&eacute; et un nettoyage de premier ordre, &hellip; <\/p>\n<p class=\"link-more\"><a href=\"https:\/\/www.praktivak.be\/fr\/produit\/vie-de-sel-facial-mud-mask-250ml\/\" class=\"more-link\">Continuer la lecture<span class=\"screen-reader-text\"> \u00ab\u00a0VIE DE SEL Facial Mud Mask, 250ml\u00a0\u00bb<\/span><\/a><\/p>\n","protected":false},"author":1,"featured_media":304291,"template":"","meta":{"_acf_changed":false,"_relevanssi_hide_post":"","_relevanssi_hide_content":"","_relevanssi_pin_for_all":"","_relevanssi_pin_keywords":"","_relevanssi_unpin_keywords":"","_relevanssi_related_keywords":"","_relevanssi_related_include_ids":"","_relevanssi_related_exclude_ids":"","_relevanssi_related_no_append":"","_relevanssi_related_not_related":"","_relevanssi_related_posts":"","_relevanssi_noindex_reason":"","advgb_blocks_editor_width":"","advgb_blocks_columns_visual_guide":"","footnotes":""},"product_brand":[],"product_cat":[2145],"product_tag":[],"class_list":{"0":"post-167365","1":"product","2":"type-product","3":"status-publish","4":"has-post-thumbnail","6":"product_cat-professional-products-vie-de-sel-gelaatsverzorging-fr","8":"first","9":"instock","10":"taxable","11":"shipping-taxable","12":"product-type-simple"},"acf":[],"yoast_head":"<!-- This site is optimized with the Yoast SEO plugin v27.2 - https:\/\/yoast.com\/product\/yoast-seo-wordpress\/ -->\n<title>VIE DE SEL Facial Mud Mask, 250ml - Praktivak<\/title>\n<meta name=\"robots\" content=\"index, follow, max-snippet:-1, max-image-preview:large, max-video-preview:-1\" \/>\n<link rel=\"canonical\" href=\"https:\/\/www.praktivak.be\/fr\/produit\/vie-de-sel-facial-mud-mask-250ml\/\" \/>\n<meta property=\"og:locale\" content=\"fr_FR\" \/>\n<meta property=\"og:type\" content=\"article\" \/>\n<meta property=\"og:title\" content=\"VIE DE SEL Facial Mud Mask, 250ml - Praktivak\" \/>\n<meta property=\"og:description\" content=\"Facial Mud Mask VIE DE SEL &ndash; Tous les types de peau &ndash; &Eacute;limine les impuret&eacute;s &ndash; Sels d&rsquo;Epsom &ndash; Cr&eacute;e une peau jeune &ndash; Enrichi en authentique boue noire de la mer Morte. &ndash; Nettoie les pores de mani&egrave;re experte Si votre peau m&eacute;rite un soin de qualit&eacute; et un nettoyage de premier ordre, &hellip; Continuer la lecture &quot;VIE DE SEL Facial Mud Mask, 250ml&quot;\" \/>\n<meta property=\"og:url\" content=\"https:\/\/www.praktivak.be\/fr\/produit\/vie-de-sel-facial-mud-mask-250ml\/\" \/>\n<meta property=\"og:site_name\" content=\"Praktivak\" \/>\n<meta property=\"article:modified_time\" content=\"2026-01-27T18:57:21+00:00\" \/>\n<meta property=\"og:image\" content=\"https:\/\/www.praktivak.be\/wp-content\/uploads\/2025\/09\/MSC77322-2.jpg\" \/>\n\t<meta property=\"og:image:width\" content=\"1000\" \/>\n\t<meta property=\"og:image:height\" content=\"1000\" \/>\n\t<meta property=\"og:image:type\" content=\"image\/jpeg\" \/>\n<meta name=\"twitter:card\" content=\"summary_large_image\" \/>\n<meta name=\"twitter:label1\" content=\"Dur\u00e9e de lecture estim\u00e9e\" \/>\n\t<meta name=\"twitter:data1\" content=\"2 minutes\" \/>\n<script type=\"application\/ld+json\" class=\"yoast-schema-graph\">{\"@context\":\"https:\/\/schema.org\",\"@graph\":[{\"@type\":\"WebPage\",\"@id\":\"https:\/\/www.praktivak.be\/fr\/produit\/vie-de-sel-facial-mud-mask-250ml\/\",\"url\":\"https:\/\/www.praktivak.be\/fr\/produit\/vie-de-sel-facial-mud-mask-250ml\/\",\"name\":\"VIE DE SEL Facial Mud Mask, 250ml - Praktivak\",\"isPartOf\":{\"@id\":\"https:\/\/www.praktivak.be\/fr\/#website\"},\"primaryImageOfPage\":{\"@id\":\"https:\/\/www.praktivak.be\/fr\/produit\/vie-de-sel-facial-mud-mask-250ml\/#primaryimage\"},\"image\":{\"@id\":\"https:\/\/www.praktivak.be\/fr\/produit\/vie-de-sel-facial-mud-mask-250ml\/#primaryimage\"},\"thumbnailUrl\":\"https:\/\/www.praktivak.be\/wp-content\/uploads\/2025\/09\/MSC77322-2.jpg\",\"datePublished\":\"2025-08-14T19:30:37+00:00\",\"dateModified\":\"2026-01-27T18:57:21+00:00\",\"breadcrumb\":{\"@id\":\"https:\/\/www.praktivak.be\/fr\/produit\/vie-de-sel-facial-mud-mask-250ml\/#breadcrumb\"},\"inLanguage\":\"fr-FR\",\"potentialAction\":[{\"@type\":\"ReadAction\",\"target\":[\"https:\/\/www.praktivak.be\/fr\/produit\/vie-de-sel-facial-mud-mask-250ml\/\"]}]},{\"@type\":\"ImageObject\",\"inLanguage\":\"fr-FR\",\"@id\":\"https:\/\/www.praktivak.be\/fr\/produit\/vie-de-sel-facial-mud-mask-250ml\/#primaryimage\",\"url\":\"https:\/\/www.praktivak.be\/wp-content\/uploads\/2025\/09\/MSC77322-2.jpg\",\"contentUrl\":\"https:\/\/www.praktivak.be\/wp-content\/uploads\/2025\/09\/MSC77322-2.jpg\",\"width\":1000,\"height\":1000},{\"@type\":\"BreadcrumbList\",\"@id\":\"https:\/\/www.praktivak.be\/fr\/produit\/vie-de-sel-facial-mud-mask-250ml\/#breadcrumb\",\"itemListElement\":[{\"@type\":\"ListItem\",\"position\":1,\"name\":\"Home\",\"item\":\"https:\/\/www.praktivak.be\/fr\/\"},{\"@type\":\"ListItem\",\"position\":2,\"name\":\"Boutique\",\"item\":\"https:\/\/www.praktivak.be\/fr\/boutique\/\"},{\"@type\":\"ListItem\",\"position\":3,\"name\":\"VIE DE SEL Facial Mud Mask, 250ml\"}]},{\"@type\":\"WebSite\",\"@id\":\"https:\/\/www.praktivak.be\/fr\/#website\",\"url\":\"https:\/\/www.praktivak.be\/fr\/\",\"name\":\"Praktivak\",\"description\":\"\",\"publisher\":{\"@id\":\"https:\/\/www.praktivak.be\/fr\/#organization\"},\"potentialAction\":[{\"@type\":\"SearchAction\",\"target\":{\"@type\":\"EntryPoint\",\"urlTemplate\":\"https:\/\/www.praktivak.be\/fr\/?s={search_term_string}\"},\"query-input\":{\"@type\":\"PropertyValueSpecification\",\"valueRequired\":true,\"valueName\":\"search_term_string\"}}],\"inLanguage\":\"fr-FR\"},{\"@type\":\"Organization\",\"@id\":\"https:\/\/www.praktivak.be\/fr\/#organization\",\"name\":\"Praktivak\",\"url\":\"https:\/\/www.praktivak.be\/fr\/\",\"logo\":{\"@type\":\"ImageObject\",\"inLanguage\":\"fr-FR\",\"@id\":\"https:\/\/www.praktivak.be\/fr\/#\/schema\/logo\/image\/\",\"url\":\"https:\/\/www.praktivak.be\/wp-content\/uploads\/2024\/09\/Logo.png\",\"contentUrl\":\"https:\/\/www.praktivak.be\/wp-content\/uploads\/2024\/09\/Logo.png\",\"width\":1774,\"height\":337,\"caption\":\"Praktivak\"},\"image\":{\"@id\":\"https:\/\/www.praktivak.be\/fr\/#\/schema\/logo\/image\/\"}}]}<\/script>\n<!-- \/ Yoast SEO plugin. -->","yoast_head_json":{"title":"VIE DE SEL Facial Mud Mask, 250ml - Praktivak","robots":{"index":"index","follow":"follow","max-snippet":"max-snippet:-1","max-image-preview":"max-image-preview:large","max-video-preview":"max-video-preview:-1"},"canonical":"https:\/\/www.praktivak.be\/fr\/produit\/vie-de-sel-facial-mud-mask-250ml\/","og_locale":"fr_FR","og_type":"article","og_title":"VIE DE SEL Facial Mud Mask, 250ml - Praktivak","og_description":"Facial Mud Mask VIE DE SEL &ndash; Tous les types de peau &ndash; &Eacute;limine les impuret&eacute;s &ndash; Sels d&rsquo;Epsom &ndash; Cr&eacute;e une peau jeune &ndash; Enrichi en authentique boue noire de la mer Morte. &ndash; Nettoie les pores de mani&egrave;re experte Si votre peau m&eacute;rite un soin de qualit&eacute; et un nettoyage de premier ordre, &hellip; Continuer la lecture \"VIE DE SEL Facial Mud Mask, 250ml\"","og_url":"https:\/\/www.praktivak.be\/fr\/produit\/vie-de-sel-facial-mud-mask-250ml\/","og_site_name":"Praktivak","article_modified_time":"2026-01-27T18:57:21+00:00","og_image":[{"width":1000,"height":1000,"url":"https:\/\/www.praktivak.be\/wp-content\/uploads\/2025\/09\/MSC77322-2.jpg","type":"image\/jpeg"}],"twitter_card":"summary_large_image","twitter_misc":{"Dur\u00e9e de lecture estim\u00e9e":"2 minutes"},"schema":{"@context":"https:\/\/schema.org","@graph":[{"@type":"WebPage","@id":"https:\/\/www.praktivak.be\/fr\/produit\/vie-de-sel-facial-mud-mask-250ml\/","url":"https:\/\/www.praktivak.be\/fr\/produit\/vie-de-sel-facial-mud-mask-250ml\/","name":"VIE DE SEL Facial Mud Mask, 250ml - Praktivak","isPartOf":{"@id":"https:\/\/www.praktivak.be\/fr\/#website"},"primaryImageOfPage":{"@id":"https:\/\/www.praktivak.be\/fr\/produit\/vie-de-sel-facial-mud-mask-250ml\/#primaryimage"},"image":{"@id":"https:\/\/www.praktivak.be\/fr\/produit\/vie-de-sel-facial-mud-mask-250ml\/#primaryimage"},"thumbnailUrl":"https:\/\/www.praktivak.be\/wp-content\/uploads\/2025\/09\/MSC77322-2.jpg","datePublished":"2025-08-14T19:30:37+00:00","dateModified":"2026-01-27T18:57:21+00:00","breadcrumb":{"@id":"https:\/\/www.praktivak.be\/fr\/produit\/vie-de-sel-facial-mud-mask-250ml\/#breadcrumb"},"inLanguage":"fr-FR","potentialAction":[{"@type":"ReadAction","target":["https:\/\/www.praktivak.be\/fr\/produit\/vie-de-sel-facial-mud-mask-250ml\/"]}]},{"@type":"ImageObject","inLanguage":"fr-FR","@id":"https:\/\/www.praktivak.be\/fr\/produit\/vie-de-sel-facial-mud-mask-250ml\/#primaryimage","url":"https:\/\/www.praktivak.be\/wp-content\/uploads\/2025\/09\/MSC77322-2.jpg","contentUrl":"https:\/\/www.praktivak.be\/wp-content\/uploads\/2025\/09\/MSC77322-2.jpg","width":1000,"height":1000},{"@type":"BreadcrumbList","@id":"https:\/\/www.praktivak.be\/fr\/produit\/vie-de-sel-facial-mud-mask-250ml\/#breadcrumb","itemListElement":[{"@type":"ListItem","position":1,"name":"Home","item":"https:\/\/www.praktivak.be\/fr\/"},{"@type":"ListItem","position":2,"name":"Boutique","item":"https:\/\/www.praktivak.be\/fr\/boutique\/"},{"@type":"ListItem","position":3,"name":"VIE DE SEL Facial Mud Mask, 250ml"}]},{"@type":"WebSite","@id":"https:\/\/www.praktivak.be\/fr\/#website","url":"https:\/\/www.praktivak.be\/fr\/","name":"Praktivak","description":"","publisher":{"@id":"https:\/\/www.praktivak.be\/fr\/#organization"},"potentialAction":[{"@type":"SearchAction","target":{"@type":"EntryPoint","urlTemplate":"https:\/\/www.praktivak.be\/fr\/?s={search_term_string}"},"query-input":{"@type":"PropertyValueSpecification","valueRequired":true,"valueName":"search_term_string"}}],"inLanguage":"fr-FR"},{"@type":"Organization","@id":"https:\/\/www.praktivak.be\/fr\/#organization","name":"Praktivak","url":"https:\/\/www.praktivak.be\/fr\/","logo":{"@type":"ImageObject","inLanguage":"fr-FR","@id":"https:\/\/www.praktivak.be\/fr\/#\/schema\/logo\/image\/","url":"https:\/\/www.praktivak.be\/wp-content\/uploads\/2024\/09\/Logo.png","contentUrl":"https:\/\/www.praktivak.be\/wp-content\/uploads\/2024\/09\/Logo.png","width":1774,"height":337,"caption":"Praktivak"},"image":{"@id":"https:\/\/www.praktivak.be\/fr\/#\/schema\/logo\/image\/"}}]}},"featured_img":"https:\/\/www.praktivak.be\/wp-content\/uploads\/2025\/09\/MSC77322-2.jpg","coauthors":[],"author_meta":{"author_link":"https:\/\/www.praktivak.be\/fr\/author\/madeit\/","display_name":"Tjebbe Lievens"},"relative_dates":{"created":"Publi\u00e9 8 mois il y a","modified":"Mis \u00e0 jour 3 mois il y a"},"absolute_dates":{"created":"Publi\u00e9 le 14 ao\u00fbt 2025","modified":"Mise \u00e0 jour le 27 janvier 2026"},"absolute_dates_time":{"created":"Publi\u00e9 le 14 ao\u00fbt 2025 21h30","modified":"Mise \u00e0 jour le 27 janvier 2026 19h57"},"featured_img_caption":"","tax_additional":{"product_brand":{"linked":[],"unlinked":[],"slug":"product_brand","name":"Marques"},"product_type":{"linked":["<a href=\"https:\/\/www.praktivak.be\/fr\/?taxonomy=product_type&#038;term=simple\" class=\"advgb-post-tax-term\">simple<\/a>"],"unlinked":["<span class=\"advgb-post-tax-term\">simple<\/span>"],"slug":"product_type","name":"Type de produit"},"product_visibility":{"linked":[],"unlinked":[],"slug":"product_visibility","name":"Visibilit\u00e9 du produit"},"product_cat":{"linked":["<a href=\"https:\/\/www.praktivak.be\/fr\/categorie-de-produit\/gelaatsverzorging-fr\/vie-de-sel\/professional-products-vie-de-sel-gelaatsverzorging-fr\/\" class=\"advgb-post-tax-term\">Professional products<\/a>"],"unlinked":["<span class=\"advgb-post-tax-term\">Professional products<\/span>"],"slug":"product_cat","name":"Cat\u00e9gories de produits"},"product_tag":{"linked":[],"unlinked":[],"slug":"product_tag","name":"\u00c9tiquettes produit"},"product_shipping_class":{"linked":[],"unlinked":[],"slug":"product_shipping_class","name":"Classe d\u2019exp\u00e9dition du produit"},"pos_product_visibility":{"linked":[],"unlinked":[],"slug":"pos_product_visibility","name":"Visibilit\u00e9 du produit sur le point de vente"},"translation_priority":{"linked":[],"unlinked":[],"slug":"translation_priority","name":"Priorit\u00e9s de traduction"}},"series_order":"","_links":{"self":[{"href":"https:\/\/www.praktivak.be\/fr\/wp-json\/wp\/v2\/product\/167365","targetHints":{"allow":["GET"]}}],"collection":[{"href":"https:\/\/www.praktivak.be\/fr\/wp-json\/wp\/v2\/product"}],"about":[{"href":"https:\/\/www.praktivak.be\/fr\/wp-json\/wp\/v2\/types\/product"}],"version-history":[{"count":93,"href":"https:\/\/www.praktivak.be\/fr\/wp-json\/wp\/v2\/product\/167365\/revisions"}],"predecessor-version":[{"id":325513,"href":"https:\/\/www.praktivak.be\/fr\/wp-json\/wp\/v2\/product\/167365\/revisions\/325513"}],"wp:featuredmedia":[{"embeddable":true,"href":"https:\/\/www.praktivak.be\/fr\/wp-json\/wp\/v2\/media\/304291"}],"wp:attachment":[{"href":"https:\/\/www.praktivak.be\/fr\/wp-json\/wp\/v2\/media?parent=167365"}],"wp:term":[{"taxonomy":"product_brand","embeddable":true,"href":"https:\/\/www.praktivak.be\/fr\/wp-json\/wp\/v2\/product_brand?post=167365"},{"taxonomy":"product_cat","embeddable":true,"href":"https:\/\/www.praktivak.be\/fr\/wp-json\/wp\/v2\/product_cat?post=167365"},{"taxonomy":"product_tag","embeddable":true,"href":"https:\/\/www.praktivak.be\/fr\/wp-json\/wp\/v2\/product_tag?post=167365"}],"curies":[{"name":"wp","href":"https:\/\/api.w.org\/{rel}","templated":true}]}}