

{"id":167343,"date":"2025-08-14T21:30:15","date_gmt":"2025-08-14T19:30:15","guid":{"rendered":"https:\/\/www.praktivak.be\/product\/vie-de-sel-facial-cleanser-200ml\/"},"modified":"2026-01-27T19:58:58","modified_gmt":"2026-01-27T18:58:58","slug":"vie-de-sel-facial-cleanser-200ml","status":"publish","type":"product","link":"https:\/\/www.praktivak.be\/fr\/produit\/vie-de-sel-facial-cleanser-200ml\/","title":{"rendered":"VIE DE SEL Facial Cleanser, 200ml"},"content":{"rendered":"\n<p>\nNettoyant pour le visage VIE DE SEL<\/p>\n\n<p>\n&ndash; Tous les types de peau<\/p>\n<p>\n&ndash; Nettoyage<\/p>\n<p>\n&ndash; Sels d&rsquo;Epsom<\/p>\n<p>\n&ndash; Infus&eacute; de min&eacute;raux essentiels de la mer Morte<\/p>\n<p>\n&ndash; Laisse la peau fra&icirc;che et claire<\/p>\n<p>\n&ndash; Enl&egrave;ve la salet&eacute;, l&rsquo;exc&egrave;s de s&eacute;bum et les autres r&eacute;sidus de maquillage.<\/p>\n\n<p>\nInfus&eacute; de min&eacute;raux essentiels de la mer Morte tels que les sels d&rsquo;Epsom et le sulfate de zinc, ce nettoyant doux &eacute;limine rapidement et sans effort le s&eacute;bum et les r&eacute;sidus de maquillage. Il convient &agrave; tous les types de peau.<\/p>\n\n<p>\nNettoie, rafra&icirc;chit et purifie.<\/p>\n<p>\nProfitez d&rsquo;une peau radieuse et fra&icirc;che en quelques instants gr&acirc;ce &agrave; la formule riche en min&eacute;raux du nettoyant pour le visage VIE DE SEL. Devenant rapidement votre &laquo;&nbsp;nettoyant &agrave; emporter&nbsp;&raquo;, il permet un nettoyage facile et sans effort &agrave; chaque instant de la journ&eacute;e, &eacute;liminant la salet&eacute;, l&rsquo;exc&egrave;s de s&eacute;bum et les autres r&eacute;sidus de maquillage.<\/p>\n<p>\nLa texture luxueuse, infus&eacute;e de min&eacute;raux essentiels de la mer Morte tels que le sel d&rsquo;Epsom, le sulfate de zinc, l&rsquo;extrait d&rsquo;&eacute;glantier et l&rsquo;huile de germe de bl&eacute;, offre une approche exceptionnellement douce pour une peau instantan&eacute;ment rafra&icirc;chie, &eacute;claircie et radieuse, pour que vous soyez toujours &agrave; votre avantage.<\/p>\n\n<p>\n&ndash; Min&eacute;raux authentiques de la mer Morte<\/p>\n<p>\n&ndash; Dissout la salet&eacute; et les r&eacute;sidus de maquillage<\/p>\n<p>\n&ndash; Formule avanc&eacute;e non s&eacute;chante<\/p>\n<p>\n&ndash; Favorise une apparence fra&icirc;che et claire<\/p>\n<p>\n&ndash; Convient &agrave; tous les types de peau<\/p>\n\n<p>\nAppliquer sur la peau du visage l&eacute;g&egrave;rement humidifi&eacute;e et faire p&eacute;n&eacute;trer en douceur par des mouvements circulaires. Rincez &agrave; l&rsquo;eau chaude et s&eacute;chez la peau en tapotant. &Eacute;viter le contact avec les yeux. Pour un usage quotidien.<\/p>\n\n<p>\nIngr&eacute;dients :<\/p>\n<p>\nAqua\/Water, Decyl Glucoside, Acrylates\/Palmeth-25 Acrylate Copolymer, Glycerin, Propylene Glycol, Dimethicone Copolyol, Triethanolamine, Benzyl Alcohol, PEG-7 Glyceryl Cocoate, Fragrance, Polysorbate 20, Benzoic acid, Sea Salt (Dead Sea Salt), Acide d&eacute;hydroac&eacute;tique, Allanto&iuml;ne, huile de germe de Triticum Vulgare (bl&eacute;), extrait d&rsquo;algues Chondrus Crispus, extrait de feuilles de rose alpine, sulfate de magn&eacute;sium, extrait de fruit de Rosa Canina (extrait de rose musqu&eacute;e), sulfate de zinc, FD&amp;C BLEU 1, salicilate de benzyle, ph&eacute;nylac&eacute;tald&eacute;hyde.<\/p>\n\n<p>\nPrincipes actifs de &laquo;&nbsp;VIE DE SEL Facial Cleanser&nbsp;&raquo; :<\/p>\n<p>\nSulfate de zinc<\/p>\n<p>\nLe zinc nourrit la peau de l&rsquo;int&eacute;rieur et soutient la capacit&eacute; de la peau &agrave; se r&eacute;parer.<\/p>\n\n<p>\nSel d&rsquo;Epsom<\/p>\n<p>\nLe sel d&rsquo;Epsom est une forme de sel riche en magn&eacute;sium. Le sel a un effet purifiant et apaisant sur votre peau.&nbsp;&raquo;<\/p>\n\n","protected":false},"excerpt":{"rendered":"<p>Nettoyant pour le visage VIE DE SEL &ndash; Tous les types de peau &ndash; Nettoyage &ndash; Sels d&rsquo;Epsom &ndash; Infus&eacute; de min&eacute;raux essentiels de la mer Morte &ndash; Laisse la peau fra&icirc;che et claire &ndash; Enl&egrave;ve la salet&eacute;, l&rsquo;exc&egrave;s de s&eacute;bum et les autres r&eacute;sidus de maquillage. Infus&eacute; de min&eacute;raux essentiels de la mer Morte &hellip; <\/p>\n<p class=\"link-more\"><a href=\"https:\/\/www.praktivak.be\/fr\/produit\/vie-de-sel-facial-cleanser-200ml\/\" class=\"more-link\">Continuer la lecture<span class=\"screen-reader-text\"> \u00ab\u00a0VIE DE SEL Facial Cleanser, 200ml\u00a0\u00bb<\/span><\/a><\/p>\n","protected":false},"author":1,"featured_media":313756,"template":"","meta":{"_acf_changed":false,"_relevanssi_hide_post":"","_relevanssi_hide_content":"","_relevanssi_pin_for_all":"","_relevanssi_pin_keywords":"","_relevanssi_unpin_keywords":"","_relevanssi_related_keywords":"","_relevanssi_related_include_ids":"","_relevanssi_related_exclude_ids":"","_relevanssi_related_no_append":"","_relevanssi_related_not_related":"","_relevanssi_related_posts":"","_relevanssi_noindex_reason":"","advgb_blocks_editor_width":"","advgb_blocks_columns_visual_guide":"","footnotes":""},"product_brand":[],"product_cat":[2113],"product_tag":[],"class_list":{"0":"post-167343","1":"product","2":"type-product","3":"status-publish","4":"has-post-thumbnail","6":"product_cat-consumer-products-vie-de-sel-gelaatsverzorging-fr","8":"first","9":"instock","10":"taxable","11":"shipping-taxable","12":"product-type-simple"},"acf":[],"yoast_head":"<!-- This site is optimized with the Yoast SEO plugin v27.2 - https:\/\/yoast.com\/product\/yoast-seo-wordpress\/ -->\n<title>VIE DE SEL Facial Cleanser, 200ml - Praktivak<\/title>\n<meta name=\"robots\" content=\"index, follow, max-snippet:-1, max-image-preview:large, max-video-preview:-1\" \/>\n<link rel=\"canonical\" href=\"https:\/\/www.praktivak.be\/fr\/produit\/vie-de-sel-facial-cleanser-200ml\/\" \/>\n<meta property=\"og:locale\" content=\"fr_FR\" \/>\n<meta property=\"og:type\" content=\"article\" \/>\n<meta property=\"og:title\" content=\"VIE DE SEL Facial Cleanser, 200ml - Praktivak\" \/>\n<meta property=\"og:description\" content=\"Nettoyant pour le visage VIE DE SEL &ndash; Tous les types de peau &ndash; Nettoyage &ndash; Sels d&rsquo;Epsom &ndash; Infus&eacute; de min&eacute;raux essentiels de la mer Morte &ndash; Laisse la peau fra&icirc;che et claire &ndash; Enl&egrave;ve la salet&eacute;, l&rsquo;exc&egrave;s de s&eacute;bum et les autres r&eacute;sidus de maquillage. Infus&eacute; de min&eacute;raux essentiels de la mer Morte &hellip; Continuer la lecture &quot;VIE DE SEL Facial Cleanser, 200ml&quot;\" \/>\n<meta property=\"og:url\" content=\"https:\/\/www.praktivak.be\/fr\/produit\/vie-de-sel-facial-cleanser-200ml\/\" \/>\n<meta property=\"og:site_name\" content=\"Praktivak\" \/>\n<meta property=\"article:modified_time\" content=\"2026-01-27T18:58:58+00:00\" \/>\n<meta property=\"og:image\" content=\"https:\/\/www.praktivak.be\/wp-content\/uploads\/2025\/09\/MSC77309-1.png\" \/>\n\t<meta property=\"og:image:width\" content=\"1428\" \/>\n\t<meta property=\"og:image:height\" content=\"1400\" \/>\n\t<meta property=\"og:image:type\" content=\"image\/png\" \/>\n<meta name=\"twitter:card\" content=\"summary_large_image\" \/>\n<meta name=\"twitter:label1\" content=\"Dur\u00e9e de lecture estim\u00e9e\" \/>\n\t<meta name=\"twitter:data1\" content=\"2 minutes\" \/>\n<script type=\"application\/ld+json\" class=\"yoast-schema-graph\">{\"@context\":\"https:\/\/schema.org\",\"@graph\":[{\"@type\":\"WebPage\",\"@id\":\"https:\/\/www.praktivak.be\/fr\/produit\/vie-de-sel-facial-cleanser-200ml\/\",\"url\":\"https:\/\/www.praktivak.be\/fr\/produit\/vie-de-sel-facial-cleanser-200ml\/\",\"name\":\"VIE DE SEL Facial Cleanser, 200ml - Praktivak\",\"isPartOf\":{\"@id\":\"https:\/\/www.praktivak.be\/fr\/#website\"},\"primaryImageOfPage\":{\"@id\":\"https:\/\/www.praktivak.be\/fr\/produit\/vie-de-sel-facial-cleanser-200ml\/#primaryimage\"},\"image\":{\"@id\":\"https:\/\/www.praktivak.be\/fr\/produit\/vie-de-sel-facial-cleanser-200ml\/#primaryimage\"},\"thumbnailUrl\":\"https:\/\/www.praktivak.be\/wp-content\/uploads\/2025\/09\/MSC77309-1.png\",\"datePublished\":\"2025-08-14T19:30:15+00:00\",\"dateModified\":\"2026-01-27T18:58:58+00:00\",\"breadcrumb\":{\"@id\":\"https:\/\/www.praktivak.be\/fr\/produit\/vie-de-sel-facial-cleanser-200ml\/#breadcrumb\"},\"inLanguage\":\"fr-FR\",\"potentialAction\":[{\"@type\":\"ReadAction\",\"target\":[\"https:\/\/www.praktivak.be\/fr\/produit\/vie-de-sel-facial-cleanser-200ml\/\"]}]},{\"@type\":\"ImageObject\",\"inLanguage\":\"fr-FR\",\"@id\":\"https:\/\/www.praktivak.be\/fr\/produit\/vie-de-sel-facial-cleanser-200ml\/#primaryimage\",\"url\":\"https:\/\/www.praktivak.be\/wp-content\/uploads\/2025\/09\/MSC77309-1.png\",\"contentUrl\":\"https:\/\/www.praktivak.be\/wp-content\/uploads\/2025\/09\/MSC77309-1.png\",\"width\":1428,\"height\":1400},{\"@type\":\"BreadcrumbList\",\"@id\":\"https:\/\/www.praktivak.be\/fr\/produit\/vie-de-sel-facial-cleanser-200ml\/#breadcrumb\",\"itemListElement\":[{\"@type\":\"ListItem\",\"position\":1,\"name\":\"Home\",\"item\":\"https:\/\/www.praktivak.be\/fr\/\"},{\"@type\":\"ListItem\",\"position\":2,\"name\":\"Boutique\",\"item\":\"https:\/\/www.praktivak.be\/fr\/boutique\/\"},{\"@type\":\"ListItem\",\"position\":3,\"name\":\"VIE DE SEL Facial Cleanser, 200ml\"}]},{\"@type\":\"WebSite\",\"@id\":\"https:\/\/www.praktivak.be\/fr\/#website\",\"url\":\"https:\/\/www.praktivak.be\/fr\/\",\"name\":\"Praktivak\",\"description\":\"\",\"publisher\":{\"@id\":\"https:\/\/www.praktivak.be\/fr\/#organization\"},\"potentialAction\":[{\"@type\":\"SearchAction\",\"target\":{\"@type\":\"EntryPoint\",\"urlTemplate\":\"https:\/\/www.praktivak.be\/fr\/?s={search_term_string}\"},\"query-input\":{\"@type\":\"PropertyValueSpecification\",\"valueRequired\":true,\"valueName\":\"search_term_string\"}}],\"inLanguage\":\"fr-FR\"},{\"@type\":\"Organization\",\"@id\":\"https:\/\/www.praktivak.be\/fr\/#organization\",\"name\":\"Praktivak\",\"url\":\"https:\/\/www.praktivak.be\/fr\/\",\"logo\":{\"@type\":\"ImageObject\",\"inLanguage\":\"fr-FR\",\"@id\":\"https:\/\/www.praktivak.be\/fr\/#\/schema\/logo\/image\/\",\"url\":\"https:\/\/www.praktivak.be\/wp-content\/uploads\/2024\/09\/Logo.png\",\"contentUrl\":\"https:\/\/www.praktivak.be\/wp-content\/uploads\/2024\/09\/Logo.png\",\"width\":1774,\"height\":337,\"caption\":\"Praktivak\"},\"image\":{\"@id\":\"https:\/\/www.praktivak.be\/fr\/#\/schema\/logo\/image\/\"}}]}<\/script>\n<!-- \/ Yoast SEO plugin. -->","yoast_head_json":{"title":"VIE DE SEL Facial Cleanser, 200ml - Praktivak","robots":{"index":"index","follow":"follow","max-snippet":"max-snippet:-1","max-image-preview":"max-image-preview:large","max-video-preview":"max-video-preview:-1"},"canonical":"https:\/\/www.praktivak.be\/fr\/produit\/vie-de-sel-facial-cleanser-200ml\/","og_locale":"fr_FR","og_type":"article","og_title":"VIE DE SEL Facial Cleanser, 200ml - Praktivak","og_description":"Nettoyant pour le visage VIE DE SEL &ndash; Tous les types de peau &ndash; Nettoyage &ndash; Sels d&rsquo;Epsom &ndash; Infus&eacute; de min&eacute;raux essentiels de la mer Morte &ndash; Laisse la peau fra&icirc;che et claire &ndash; Enl&egrave;ve la salet&eacute;, l&rsquo;exc&egrave;s de s&eacute;bum et les autres r&eacute;sidus de maquillage. Infus&eacute; de min&eacute;raux essentiels de la mer Morte &hellip; Continuer la lecture \"VIE DE SEL Facial Cleanser, 200ml\"","og_url":"https:\/\/www.praktivak.be\/fr\/produit\/vie-de-sel-facial-cleanser-200ml\/","og_site_name":"Praktivak","article_modified_time":"2026-01-27T18:58:58+00:00","og_image":[{"width":1428,"height":1400,"url":"https:\/\/www.praktivak.be\/wp-content\/uploads\/2025\/09\/MSC77309-1.png","type":"image\/png"}],"twitter_card":"summary_large_image","twitter_misc":{"Dur\u00e9e de lecture estim\u00e9e":"2 minutes"},"schema":{"@context":"https:\/\/schema.org","@graph":[{"@type":"WebPage","@id":"https:\/\/www.praktivak.be\/fr\/produit\/vie-de-sel-facial-cleanser-200ml\/","url":"https:\/\/www.praktivak.be\/fr\/produit\/vie-de-sel-facial-cleanser-200ml\/","name":"VIE DE SEL Facial Cleanser, 200ml - Praktivak","isPartOf":{"@id":"https:\/\/www.praktivak.be\/fr\/#website"},"primaryImageOfPage":{"@id":"https:\/\/www.praktivak.be\/fr\/produit\/vie-de-sel-facial-cleanser-200ml\/#primaryimage"},"image":{"@id":"https:\/\/www.praktivak.be\/fr\/produit\/vie-de-sel-facial-cleanser-200ml\/#primaryimage"},"thumbnailUrl":"https:\/\/www.praktivak.be\/wp-content\/uploads\/2025\/09\/MSC77309-1.png","datePublished":"2025-08-14T19:30:15+00:00","dateModified":"2026-01-27T18:58:58+00:00","breadcrumb":{"@id":"https:\/\/www.praktivak.be\/fr\/produit\/vie-de-sel-facial-cleanser-200ml\/#breadcrumb"},"inLanguage":"fr-FR","potentialAction":[{"@type":"ReadAction","target":["https:\/\/www.praktivak.be\/fr\/produit\/vie-de-sel-facial-cleanser-200ml\/"]}]},{"@type":"ImageObject","inLanguage":"fr-FR","@id":"https:\/\/www.praktivak.be\/fr\/produit\/vie-de-sel-facial-cleanser-200ml\/#primaryimage","url":"https:\/\/www.praktivak.be\/wp-content\/uploads\/2025\/09\/MSC77309-1.png","contentUrl":"https:\/\/www.praktivak.be\/wp-content\/uploads\/2025\/09\/MSC77309-1.png","width":1428,"height":1400},{"@type":"BreadcrumbList","@id":"https:\/\/www.praktivak.be\/fr\/produit\/vie-de-sel-facial-cleanser-200ml\/#breadcrumb","itemListElement":[{"@type":"ListItem","position":1,"name":"Home","item":"https:\/\/www.praktivak.be\/fr\/"},{"@type":"ListItem","position":2,"name":"Boutique","item":"https:\/\/www.praktivak.be\/fr\/boutique\/"},{"@type":"ListItem","position":3,"name":"VIE DE SEL Facial Cleanser, 200ml"}]},{"@type":"WebSite","@id":"https:\/\/www.praktivak.be\/fr\/#website","url":"https:\/\/www.praktivak.be\/fr\/","name":"Praktivak","description":"","publisher":{"@id":"https:\/\/www.praktivak.be\/fr\/#organization"},"potentialAction":[{"@type":"SearchAction","target":{"@type":"EntryPoint","urlTemplate":"https:\/\/www.praktivak.be\/fr\/?s={search_term_string}"},"query-input":{"@type":"PropertyValueSpecification","valueRequired":true,"valueName":"search_term_string"}}],"inLanguage":"fr-FR"},{"@type":"Organization","@id":"https:\/\/www.praktivak.be\/fr\/#organization","name":"Praktivak","url":"https:\/\/www.praktivak.be\/fr\/","logo":{"@type":"ImageObject","inLanguage":"fr-FR","@id":"https:\/\/www.praktivak.be\/fr\/#\/schema\/logo\/image\/","url":"https:\/\/www.praktivak.be\/wp-content\/uploads\/2024\/09\/Logo.png","contentUrl":"https:\/\/www.praktivak.be\/wp-content\/uploads\/2024\/09\/Logo.png","width":1774,"height":337,"caption":"Praktivak"},"image":{"@id":"https:\/\/www.praktivak.be\/fr\/#\/schema\/logo\/image\/"}}]}},"featured_img":"https:\/\/www.praktivak.be\/wp-content\/uploads\/2025\/09\/MSC77309-1.png","coauthors":[],"author_meta":{"author_link":"https:\/\/www.praktivak.be\/fr\/author\/madeit\/","display_name":"Tjebbe Lievens"},"relative_dates":{"created":"Publi\u00e9 8 mois il y a","modified":"Mis \u00e0 jour 3 mois il y a"},"absolute_dates":{"created":"Publi\u00e9 le 14 ao\u00fbt 2025","modified":"Mise \u00e0 jour le 27 janvier 2026"},"absolute_dates_time":{"created":"Publi\u00e9 le 14 ao\u00fbt 2025 21h30","modified":"Mise \u00e0 jour le 27 janvier 2026 19h58"},"featured_img_caption":"","tax_additional":{"product_brand":{"linked":[],"unlinked":[],"slug":"product_brand","name":"Marques"},"product_type":{"linked":["<a href=\"https:\/\/www.praktivak.be\/fr\/?taxonomy=product_type&#038;term=simple\" class=\"advgb-post-tax-term\">simple<\/a>"],"unlinked":["<span class=\"advgb-post-tax-term\">simple<\/span>"],"slug":"product_type","name":"Type de produit"},"product_visibility":{"linked":[],"unlinked":[],"slug":"product_visibility","name":"Visibilit\u00e9 du produit"},"product_cat":{"linked":["<a href=\"https:\/\/www.praktivak.be\/fr\/categorie-de-produit\/gelaatsverzorging-fr\/vie-de-sel\/consumer-products-vie-de-sel-gelaatsverzorging-fr\/\" class=\"advgb-post-tax-term\">Consumer products<\/a>"],"unlinked":["<span class=\"advgb-post-tax-term\">Consumer products<\/span>"],"slug":"product_cat","name":"Cat\u00e9gories de produits"},"product_tag":{"linked":[],"unlinked":[],"slug":"product_tag","name":"\u00c9tiquettes produit"},"product_shipping_class":{"linked":[],"unlinked":[],"slug":"product_shipping_class","name":"Classe d\u2019exp\u00e9dition du produit"},"pos_product_visibility":{"linked":[],"unlinked":[],"slug":"pos_product_visibility","name":"Visibilit\u00e9 du produit sur le point de vente"},"translation_priority":{"linked":[],"unlinked":[],"slug":"translation_priority","name":"Priorit\u00e9s de traduction"}},"series_order":"","_links":{"self":[{"href":"https:\/\/www.praktivak.be\/fr\/wp-json\/wp\/v2\/product\/167343","targetHints":{"allow":["GET"]}}],"collection":[{"href":"https:\/\/www.praktivak.be\/fr\/wp-json\/wp\/v2\/product"}],"about":[{"href":"https:\/\/www.praktivak.be\/fr\/wp-json\/wp\/v2\/types\/product"}],"version-history":[{"count":85,"href":"https:\/\/www.praktivak.be\/fr\/wp-json\/wp\/v2\/product\/167343\/revisions"}],"predecessor-version":[{"id":327238,"href":"https:\/\/www.praktivak.be\/fr\/wp-json\/wp\/v2\/product\/167343\/revisions\/327238"}],"wp:featuredmedia":[{"embeddable":true,"href":"https:\/\/www.praktivak.be\/fr\/wp-json\/wp\/v2\/media\/313756"}],"wp:attachment":[{"href":"https:\/\/www.praktivak.be\/fr\/wp-json\/wp\/v2\/media?parent=167343"}],"wp:term":[{"taxonomy":"product_brand","embeddable":true,"href":"https:\/\/www.praktivak.be\/fr\/wp-json\/wp\/v2\/product_brand?post=167343"},{"taxonomy":"product_cat","embeddable":true,"href":"https:\/\/www.praktivak.be\/fr\/wp-json\/wp\/v2\/product_cat?post=167343"},{"taxonomy":"product_tag","embeddable":true,"href":"https:\/\/www.praktivak.be\/fr\/wp-json\/wp\/v2\/product_tag?post=167343"}],"curies":[{"name":"wp","href":"https:\/\/api.w.org\/{rel}","templated":true}]}}