

{"id":167331,"date":"2025-08-14T21:29:58","date_gmt":"2025-08-14T19:29:58","guid":{"rendered":"https:\/\/www.praktivak.be\/product\/vie-de-sel-eye-serum-30ml\/"},"modified":"2026-01-27T19:57:20","modified_gmt":"2026-01-27T18:57:20","slug":"vie-de-sel-eye-serum-30ml","status":"publish","type":"product","link":"https:\/\/www.praktivak.be\/fr\/produit\/vie-de-sel-eye-serum-30ml\/","title":{"rendered":"VIE DE SEL Eye Serum, 30ml"},"content":{"rendered":"\n<p>\nS&eacute;rum pour les yeux VIE DE SEL<\/p>\n\n<p>\n&ndash; Tous les types de peau<\/p>\n<p>\n&ndash; Rafra&icirc;chissant<\/p>\n<p>\n&ndash; Vitamine C<\/p>\n<p>\n&ndash; Rend la peau du contour des yeux plus fra&icirc;che.<\/p>\n<p>\n&ndash; Fournir des soins optimaux et cibl&eacute;s<\/p>\n<p>\n&ndash; Cr&eacute;e une sensation douce et agr&eacute;able<\/p>\n\n<p>\nS&eacute;rum hydratant luxueux pour les yeux<\/p>\n<p>\nD&eacute;couvrez une exp&eacute;rience de soins des yeux digne d&rsquo;un spa, avec une solution cibl&eacute;e qui agit rapidement pour r&eacute;soudre les probl&egrave;mes de peau courants. Le s&eacute;rum pour les yeux VIE DE SEL est formul&eacute; de mani&egrave;re experte avec de puissants min&eacute;raux de la Mer Morte, notamment des sels d&rsquo;Epsom et du sulfate de zinc, de l&rsquo;acide hyaluronique, du collag&egrave;ne et des vitamines C&amp;E. Il offre un soin unique et cibl&eacute; pour le contour des yeux sec, terne et fatigu&eacute;. Le s&eacute;rum agit rapidement et reconstitue l&rsquo;hydratation essentielle pour favoriser une apparence plus ferme, plus lisse et plus jeune.<\/p>\n\n<p>\n&ndash; Min&eacute;raux authentiques de la mer Morte<\/p>\n<p>\n&ndash; Formule tr&egrave;s puissante<\/p>\n<p>\n&ndash; Augmente l&rsquo;hydratation essentielle<\/p>\n<p>\n&ndash; Am&eacute;liore l&rsquo;&eacute;clat de la peau<\/p>\n<p>\n&ndash; Favorise une apparence lift&eacute;e et jeune<\/p>\n\n<p>\nAppliquer sur la peau nettoy&eacute;e du visage et masser doucement en mouvements circulaires jusqu&rsquo;&agrave; absorption compl&egrave;te. &Eacute;viter le contact avec les yeux. Pour un usage quotidien.<\/p>\n\n<p>\nIngr&eacute;dients :<\/p>\n<p>\nAqua\/Eau, Glyc&eacute;rine, Propyl&egrave;ne Glycol, Polysorbate 20, Alcool benzylique, Chlorure d&rsquo;Hydroxypropyl Guar, Hydroxy&eacute;thylcellulose, Acide lactique, Parfum, Dim&eacute;thicone Copolyol, Acide benzo&iuml;que, Acide hyaluronique, Sel de mer (sel de la mer Morte), acide d&eacute;hydroac&eacute;tique, allanto&iuml;ne, PEG 90M, ac&eacute;tate de tocoph&eacute;ryle (vitamine E), palmitate d&rsquo;ascorbyle (vitamine C), collag&egrave;ne soluble, sulfate de magn&eacute;sium, sulfate de zinc, salicilate de benzyle, ph&eacute;nylac&eacute;tald&eacute;hyde.<\/p>\n\n<p>\nPrincipes actifs du &laquo;&nbsp;S&eacute;rum pour les yeux VIE DE SEL&nbsp;&raquo; :<\/p>\n<p>\nVitamine C<\/p>\n<p>\nLa vitamine C prot&egrave;ge votre peau contre les irritations, les inflammations et la pollution. Cette protection donne &agrave; votre peau un aspect frais.<\/p>\n\n<p>\nAcide hyaluronique<\/p>\n<p>\nL&rsquo;acide hyaluronique est un hydratant naturel qui maintient l&rsquo;&eacute;lasticit&eacute;, la jeunesse et l&rsquo;aspect sain de votre peau.<\/p>\n\n<p>\nMin&eacute;raux de la mer Morte<\/p>\n<p>\nLa mer Morte contient 35 ( !) min&eacute;raux diff&eacute;rents qui nettoient et hydratent intensivement votre peau.&nbsp;&raquo;<\/p>\n\n","protected":false},"excerpt":{"rendered":"<p>S&eacute;rum pour les yeux VIE DE SEL &ndash; Tous les types de peau &ndash; Rafra&icirc;chissant &ndash; Vitamine C &ndash; Rend la peau du contour des yeux plus fra&icirc;che. &ndash; Fournir des soins optimaux et cibl&eacute;s &ndash; Cr&eacute;e une sensation douce et agr&eacute;able S&eacute;rum hydratant luxueux pour les yeux D&eacute;couvrez une exp&eacute;rience de soins des yeux &hellip; <\/p>\n<p class=\"link-more\"><a href=\"https:\/\/www.praktivak.be\/fr\/produit\/vie-de-sel-eye-serum-30ml\/\" class=\"more-link\">Continuer la lecture<span class=\"screen-reader-text\"> \u00ab\u00a0VIE DE SEL Eye Serum, 30ml\u00a0\u00bb<\/span><\/a><\/p>\n","protected":false},"author":1,"featured_media":309535,"template":"","meta":{"_acf_changed":false,"_relevanssi_hide_post":"","_relevanssi_hide_content":"","_relevanssi_pin_for_all":"","_relevanssi_pin_keywords":"","_relevanssi_unpin_keywords":"","_relevanssi_related_keywords":"","_relevanssi_related_include_ids":"","_relevanssi_related_exclude_ids":"","_relevanssi_related_no_append":"","_relevanssi_related_not_related":"","_relevanssi_related_posts":"","_relevanssi_noindex_reason":"","advgb_blocks_editor_width":"","advgb_blocks_columns_visual_guide":"","footnotes":""},"product_brand":[],"product_cat":[2113],"product_tag":[],"class_list":{"0":"post-167331","1":"product","2":"type-product","3":"status-publish","4":"has-post-thumbnail","6":"product_cat-consumer-products-vie-de-sel-gelaatsverzorging-fr","8":"first","9":"instock","10":"taxable","11":"shipping-taxable","12":"product-type-simple"},"acf":[],"yoast_head":"<!-- This site is optimized with the Yoast SEO plugin v27.2 - https:\/\/yoast.com\/product\/yoast-seo-wordpress\/ -->\n<title>VIE DE SEL Eye Serum, 30ml - Praktivak<\/title>\n<meta name=\"robots\" content=\"index, follow, max-snippet:-1, max-image-preview:large, max-video-preview:-1\" \/>\n<link rel=\"canonical\" href=\"https:\/\/www.praktivak.be\/fr\/produit\/vie-de-sel-eye-serum-30ml\/\" \/>\n<meta property=\"og:locale\" content=\"fr_FR\" \/>\n<meta property=\"og:type\" content=\"article\" \/>\n<meta property=\"og:title\" content=\"VIE DE SEL Eye Serum, 30ml - Praktivak\" \/>\n<meta property=\"og:description\" content=\"S&eacute;rum pour les yeux VIE DE SEL &ndash; Tous les types de peau &ndash; Rafra&icirc;chissant &ndash; Vitamine C &ndash; Rend la peau du contour des yeux plus fra&icirc;che. &ndash; Fournir des soins optimaux et cibl&eacute;s &ndash; Cr&eacute;e une sensation douce et agr&eacute;able S&eacute;rum hydratant luxueux pour les yeux D&eacute;couvrez une exp&eacute;rience de soins des yeux &hellip; Continuer la lecture &quot;VIE DE SEL Eye Serum, 30ml&quot;\" \/>\n<meta property=\"og:url\" content=\"https:\/\/www.praktivak.be\/fr\/produit\/vie-de-sel-eye-serum-30ml\/\" \/>\n<meta property=\"og:site_name\" content=\"Praktivak\" \/>\n<meta property=\"article:modified_time\" content=\"2026-01-27T18:57:20+00:00\" \/>\n<meta property=\"og:image\" content=\"https:\/\/www.praktivak.be\/wp-content\/uploads\/2025\/09\/MSC77305-2.png\" \/>\n\t<meta property=\"og:image:width\" content=\"1000\" \/>\n\t<meta property=\"og:image:height\" content=\"1000\" \/>\n\t<meta property=\"og:image:type\" content=\"image\/png\" \/>\n<meta name=\"twitter:card\" content=\"summary_large_image\" \/>\n<meta name=\"twitter:label1\" content=\"Dur\u00e9e de lecture estim\u00e9e\" \/>\n\t<meta name=\"twitter:data1\" content=\"2 minutes\" \/>\n<script type=\"application\/ld+json\" class=\"yoast-schema-graph\">{\"@context\":\"https:\/\/schema.org\",\"@graph\":[{\"@type\":\"WebPage\",\"@id\":\"https:\/\/www.praktivak.be\/fr\/produit\/vie-de-sel-eye-serum-30ml\/\",\"url\":\"https:\/\/www.praktivak.be\/fr\/produit\/vie-de-sel-eye-serum-30ml\/\",\"name\":\"VIE DE SEL Eye Serum, 30ml - Praktivak\",\"isPartOf\":{\"@id\":\"https:\/\/www.praktivak.be\/fr\/#website\"},\"primaryImageOfPage\":{\"@id\":\"https:\/\/www.praktivak.be\/fr\/produit\/vie-de-sel-eye-serum-30ml\/#primaryimage\"},\"image\":{\"@id\":\"https:\/\/www.praktivak.be\/fr\/produit\/vie-de-sel-eye-serum-30ml\/#primaryimage\"},\"thumbnailUrl\":\"https:\/\/www.praktivak.be\/wp-content\/uploads\/2025\/09\/MSC77305-2.png\",\"datePublished\":\"2025-08-14T19:29:58+00:00\",\"dateModified\":\"2026-01-27T18:57:20+00:00\",\"breadcrumb\":{\"@id\":\"https:\/\/www.praktivak.be\/fr\/produit\/vie-de-sel-eye-serum-30ml\/#breadcrumb\"},\"inLanguage\":\"fr-FR\",\"potentialAction\":[{\"@type\":\"ReadAction\",\"target\":[\"https:\/\/www.praktivak.be\/fr\/produit\/vie-de-sel-eye-serum-30ml\/\"]}]},{\"@type\":\"ImageObject\",\"inLanguage\":\"fr-FR\",\"@id\":\"https:\/\/www.praktivak.be\/fr\/produit\/vie-de-sel-eye-serum-30ml\/#primaryimage\",\"url\":\"https:\/\/www.praktivak.be\/wp-content\/uploads\/2025\/09\/MSC77305-2.png\",\"contentUrl\":\"https:\/\/www.praktivak.be\/wp-content\/uploads\/2025\/09\/MSC77305-2.png\",\"width\":1000,\"height\":1000},{\"@type\":\"BreadcrumbList\",\"@id\":\"https:\/\/www.praktivak.be\/fr\/produit\/vie-de-sel-eye-serum-30ml\/#breadcrumb\",\"itemListElement\":[{\"@type\":\"ListItem\",\"position\":1,\"name\":\"Home\",\"item\":\"https:\/\/www.praktivak.be\/fr\/\"},{\"@type\":\"ListItem\",\"position\":2,\"name\":\"Boutique\",\"item\":\"https:\/\/www.praktivak.be\/fr\/boutique\/\"},{\"@type\":\"ListItem\",\"position\":3,\"name\":\"VIE DE SEL Eye Serum, 30ml\"}]},{\"@type\":\"WebSite\",\"@id\":\"https:\/\/www.praktivak.be\/fr\/#website\",\"url\":\"https:\/\/www.praktivak.be\/fr\/\",\"name\":\"Praktivak\",\"description\":\"\",\"publisher\":{\"@id\":\"https:\/\/www.praktivak.be\/fr\/#organization\"},\"potentialAction\":[{\"@type\":\"SearchAction\",\"target\":{\"@type\":\"EntryPoint\",\"urlTemplate\":\"https:\/\/www.praktivak.be\/fr\/?s={search_term_string}\"},\"query-input\":{\"@type\":\"PropertyValueSpecification\",\"valueRequired\":true,\"valueName\":\"search_term_string\"}}],\"inLanguage\":\"fr-FR\"},{\"@type\":\"Organization\",\"@id\":\"https:\/\/www.praktivak.be\/fr\/#organization\",\"name\":\"Praktivak\",\"url\":\"https:\/\/www.praktivak.be\/fr\/\",\"logo\":{\"@type\":\"ImageObject\",\"inLanguage\":\"fr-FR\",\"@id\":\"https:\/\/www.praktivak.be\/fr\/#\/schema\/logo\/image\/\",\"url\":\"https:\/\/www.praktivak.be\/wp-content\/uploads\/2024\/09\/Logo.png\",\"contentUrl\":\"https:\/\/www.praktivak.be\/wp-content\/uploads\/2024\/09\/Logo.png\",\"width\":1774,\"height\":337,\"caption\":\"Praktivak\"},\"image\":{\"@id\":\"https:\/\/www.praktivak.be\/fr\/#\/schema\/logo\/image\/\"}}]}<\/script>\n<!-- \/ Yoast SEO plugin. -->","yoast_head_json":{"title":"VIE DE SEL Eye Serum, 30ml - Praktivak","robots":{"index":"index","follow":"follow","max-snippet":"max-snippet:-1","max-image-preview":"max-image-preview:large","max-video-preview":"max-video-preview:-1"},"canonical":"https:\/\/www.praktivak.be\/fr\/produit\/vie-de-sel-eye-serum-30ml\/","og_locale":"fr_FR","og_type":"article","og_title":"VIE DE SEL Eye Serum, 30ml - Praktivak","og_description":"S&eacute;rum pour les yeux VIE DE SEL &ndash; Tous les types de peau &ndash; Rafra&icirc;chissant &ndash; Vitamine C &ndash; Rend la peau du contour des yeux plus fra&icirc;che. &ndash; Fournir des soins optimaux et cibl&eacute;s &ndash; Cr&eacute;e une sensation douce et agr&eacute;able S&eacute;rum hydratant luxueux pour les yeux D&eacute;couvrez une exp&eacute;rience de soins des yeux &hellip; Continuer la lecture \"VIE DE SEL Eye Serum, 30ml\"","og_url":"https:\/\/www.praktivak.be\/fr\/produit\/vie-de-sel-eye-serum-30ml\/","og_site_name":"Praktivak","article_modified_time":"2026-01-27T18:57:20+00:00","og_image":[{"width":1000,"height":1000,"url":"https:\/\/www.praktivak.be\/wp-content\/uploads\/2025\/09\/MSC77305-2.png","type":"image\/png"}],"twitter_card":"summary_large_image","twitter_misc":{"Dur\u00e9e de lecture estim\u00e9e":"2 minutes"},"schema":{"@context":"https:\/\/schema.org","@graph":[{"@type":"WebPage","@id":"https:\/\/www.praktivak.be\/fr\/produit\/vie-de-sel-eye-serum-30ml\/","url":"https:\/\/www.praktivak.be\/fr\/produit\/vie-de-sel-eye-serum-30ml\/","name":"VIE DE SEL Eye Serum, 30ml - Praktivak","isPartOf":{"@id":"https:\/\/www.praktivak.be\/fr\/#website"},"primaryImageOfPage":{"@id":"https:\/\/www.praktivak.be\/fr\/produit\/vie-de-sel-eye-serum-30ml\/#primaryimage"},"image":{"@id":"https:\/\/www.praktivak.be\/fr\/produit\/vie-de-sel-eye-serum-30ml\/#primaryimage"},"thumbnailUrl":"https:\/\/www.praktivak.be\/wp-content\/uploads\/2025\/09\/MSC77305-2.png","datePublished":"2025-08-14T19:29:58+00:00","dateModified":"2026-01-27T18:57:20+00:00","breadcrumb":{"@id":"https:\/\/www.praktivak.be\/fr\/produit\/vie-de-sel-eye-serum-30ml\/#breadcrumb"},"inLanguage":"fr-FR","potentialAction":[{"@type":"ReadAction","target":["https:\/\/www.praktivak.be\/fr\/produit\/vie-de-sel-eye-serum-30ml\/"]}]},{"@type":"ImageObject","inLanguage":"fr-FR","@id":"https:\/\/www.praktivak.be\/fr\/produit\/vie-de-sel-eye-serum-30ml\/#primaryimage","url":"https:\/\/www.praktivak.be\/wp-content\/uploads\/2025\/09\/MSC77305-2.png","contentUrl":"https:\/\/www.praktivak.be\/wp-content\/uploads\/2025\/09\/MSC77305-2.png","width":1000,"height":1000},{"@type":"BreadcrumbList","@id":"https:\/\/www.praktivak.be\/fr\/produit\/vie-de-sel-eye-serum-30ml\/#breadcrumb","itemListElement":[{"@type":"ListItem","position":1,"name":"Home","item":"https:\/\/www.praktivak.be\/fr\/"},{"@type":"ListItem","position":2,"name":"Boutique","item":"https:\/\/www.praktivak.be\/fr\/boutique\/"},{"@type":"ListItem","position":3,"name":"VIE DE SEL Eye Serum, 30ml"}]},{"@type":"WebSite","@id":"https:\/\/www.praktivak.be\/fr\/#website","url":"https:\/\/www.praktivak.be\/fr\/","name":"Praktivak","description":"","publisher":{"@id":"https:\/\/www.praktivak.be\/fr\/#organization"},"potentialAction":[{"@type":"SearchAction","target":{"@type":"EntryPoint","urlTemplate":"https:\/\/www.praktivak.be\/fr\/?s={search_term_string}"},"query-input":{"@type":"PropertyValueSpecification","valueRequired":true,"valueName":"search_term_string"}}],"inLanguage":"fr-FR"},{"@type":"Organization","@id":"https:\/\/www.praktivak.be\/fr\/#organization","name":"Praktivak","url":"https:\/\/www.praktivak.be\/fr\/","logo":{"@type":"ImageObject","inLanguage":"fr-FR","@id":"https:\/\/www.praktivak.be\/fr\/#\/schema\/logo\/image\/","url":"https:\/\/www.praktivak.be\/wp-content\/uploads\/2024\/09\/Logo.png","contentUrl":"https:\/\/www.praktivak.be\/wp-content\/uploads\/2024\/09\/Logo.png","width":1774,"height":337,"caption":"Praktivak"},"image":{"@id":"https:\/\/www.praktivak.be\/fr\/#\/schema\/logo\/image\/"}}]}},"featured_img":"https:\/\/www.praktivak.be\/wp-content\/uploads\/2025\/09\/MSC77305-2.png","coauthors":[],"author_meta":{"author_link":"https:\/\/www.praktivak.be\/fr\/author\/madeit\/","display_name":"Tjebbe Lievens"},"relative_dates":{"created":"Publi\u00e9 8 mois il y a","modified":"Mis \u00e0 jour 3 mois il y a"},"absolute_dates":{"created":"Publi\u00e9 le 14 ao\u00fbt 2025","modified":"Mise \u00e0 jour le 27 janvier 2026"},"absolute_dates_time":{"created":"Publi\u00e9 le 14 ao\u00fbt 2025 21h29","modified":"Mise \u00e0 jour le 27 janvier 2026 19h57"},"featured_img_caption":"","tax_additional":{"product_brand":{"linked":[],"unlinked":[],"slug":"product_brand","name":"Marques"},"product_type":{"linked":["<a href=\"https:\/\/www.praktivak.be\/fr\/?taxonomy=product_type&#038;term=simple\" class=\"advgb-post-tax-term\">simple<\/a>"],"unlinked":["<span class=\"advgb-post-tax-term\">simple<\/span>"],"slug":"product_type","name":"Type de produit"},"product_visibility":{"linked":[],"unlinked":[],"slug":"product_visibility","name":"Visibilit\u00e9 du produit"},"product_cat":{"linked":["<a href=\"https:\/\/www.praktivak.be\/fr\/categorie-de-produit\/gelaatsverzorging-fr\/vie-de-sel\/consumer-products-vie-de-sel-gelaatsverzorging-fr\/\" class=\"advgb-post-tax-term\">Consumer products<\/a>"],"unlinked":["<span class=\"advgb-post-tax-term\">Consumer products<\/span>"],"slug":"product_cat","name":"Cat\u00e9gories de produits"},"product_tag":{"linked":[],"unlinked":[],"slug":"product_tag","name":"\u00c9tiquettes produit"},"product_shipping_class":{"linked":[],"unlinked":[],"slug":"product_shipping_class","name":"Classe d\u2019exp\u00e9dition du produit"},"pos_product_visibility":{"linked":[],"unlinked":[],"slug":"pos_product_visibility","name":"Visibilit\u00e9 du produit sur le point de vente"},"translation_priority":{"linked":[],"unlinked":[],"slug":"translation_priority","name":"Priorit\u00e9s de traduction"}},"series_order":"","_links":{"self":[{"href":"https:\/\/www.praktivak.be\/fr\/wp-json\/wp\/v2\/product\/167331","targetHints":{"allow":["GET"]}}],"collection":[{"href":"https:\/\/www.praktivak.be\/fr\/wp-json\/wp\/v2\/product"}],"about":[{"href":"https:\/\/www.praktivak.be\/fr\/wp-json\/wp\/v2\/types\/product"}],"version-history":[{"count":89,"href":"https:\/\/www.praktivak.be\/fr\/wp-json\/wp\/v2\/product\/167331\/revisions"}],"predecessor-version":[{"id":325493,"href":"https:\/\/www.praktivak.be\/fr\/wp-json\/wp\/v2\/product\/167331\/revisions\/325493"}],"wp:featuredmedia":[{"embeddable":true,"href":"https:\/\/www.praktivak.be\/fr\/wp-json\/wp\/v2\/media\/309535"}],"wp:attachment":[{"href":"https:\/\/www.praktivak.be\/fr\/wp-json\/wp\/v2\/media?parent=167331"}],"wp:term":[{"taxonomy":"product_brand","embeddable":true,"href":"https:\/\/www.praktivak.be\/fr\/wp-json\/wp\/v2\/product_brand?post=167331"},{"taxonomy":"product_cat","embeddable":true,"href":"https:\/\/www.praktivak.be\/fr\/wp-json\/wp\/v2\/product_cat?post=167331"},{"taxonomy":"product_tag","embeddable":true,"href":"https:\/\/www.praktivak.be\/fr\/wp-json\/wp\/v2\/product_tag?post=167331"}],"curies":[{"name":"wp","href":"https:\/\/api.w.org\/{rel}","templated":true}]}}