

{"id":167318,"date":"2025-08-14T21:29:40","date_gmt":"2025-08-14T19:29:40","guid":{"rendered":"https:\/\/www.praktivak.be\/product\/vie-de-sel-body-mud-mask-250ml\/"},"modified":"2026-01-27T19:57:21","modified_gmt":"2026-01-27T18:57:21","slug":"vie-de-sel-body-mud-mask-250ml","status":"publish","type":"product","link":"https:\/\/www.praktivak.be\/fr\/produit\/vie-de-sel-body-mud-mask-250ml\/","title":{"rendered":"VIE DE SEL Body Mud Mask, 250ml"},"content":{"rendered":"\n<p>\nMasque de boue pour le corps VIE DE SEL<\/p>\n\n<p>\n&ndash; Tous les types de peau<\/p>\n<p>\n-Elimine les impuret&eacute;s<\/p>\n<p>\n&ndash; Sels d&rsquo;Epsom<\/p>\n<p>\n&ndash; Pour un traitement spa professionnel &agrave; domicile<\/p>\n<p>\n&ndash; Nettoie en profondeur la peau et les pores<\/p>\n<p>\n&ndash; Permet &agrave; la peau de conserver l&rsquo;hydratation essentielle<\/p>\n\n<p>\nD&eacute;couvrez le luxe absolu et les r&eacute;sultats impressionnants d&rsquo;un traitement spa professionnel, sans quitter votre domicile.<\/p>\n\n<p>\nBoue noire de la mer Morte pour un nettoyage en profondeur<\/p>\n<p>\nLe masque de boue pour le corps VIE DE SEL g&acirc;te votre peau avec la boue noire embl&eacute;matique de la mer Morte, connue pour sa concentration &eacute;lev&eacute;e et unique en min&eacute;raux essentiels, notamment les sels d&rsquo;Epsom et le sulfate de zinc. Formul&eacute; de mani&egrave;re experte avec de l&rsquo;huile de calendula et de l&rsquo;extrait de rose musqu&eacute;e pour r&eacute;pondre aux besoins des peaux s&egrave;ches, ternes et fatigu&eacute;es. Le masque nettoie les pores obstru&eacute;s et &eacute;limine l&rsquo;exc&egrave;s de s&eacute;bum tout en conservant l&rsquo;hydratation essentielle.<\/p>\n\n<p>\n&ndash; Authentique boue noire de la mer Morte<\/p>\n<p>\n&ndash; Effet exfoliant doux<\/p>\n<p>\n&ndash; Nettoie en profondeur la peau et les pores<\/p>\n<p>\n&ndash; Aide la peau &agrave; conserver l&rsquo;hydratation essentielle<\/p>\n\n<p>\nAppliquez une couche g&eacute;n&eacute;reuse et uniforme sur l&rsquo;ensemble du corps. &Eacute;vitez les peaux endommag&eacute;es ou irrit&eacute;es.<\/p>\n\n<p>\nD&eacute;tendez-vous pendant 15 &agrave; 30 minutes et rincez abondamment &agrave; l&rsquo;eau chaude.<\/p>\n\n<p>\nIngr&eacute;dients :<\/p>\n<p>\nAqua\/Eau, limon (boue noire de la mer Morte), palmitate d&rsquo;&eacute;thylhexyle, kaolin (argile), glyc&eacute;rine, alcool c&eacute;t&eacute;arylique, st&eacute;arate de glyc&eacute;ryle, propyl&egrave;ne glycol, alcool benzylique, silicate d&rsquo;aluminium magn&eacute;sien, st&eacute;arate de PEG-40, c&eacute;t&eacute;areth-30, gomme xanthane, trist&eacute;arate de sorbitan, Acide benzo&iuml;que, Parfum, Acide d&eacute;hydroac&eacute;tique, Dim&eacute;thicone Copolyol, Panth&eacute;nol (Pro-Vitamine B5), Extrait de fruit de Rosa Canina (Extrait de Rose Musqu&eacute;e), Extrait de Calendula Officinalis, Sulfate de magn&eacute;sium, Sulfate de zinc, Salicilate de benzyle, Ph&eacute;nyl Ac&eacute;tald&eacute;hyde.<\/p>\n\n<p>\nPrincipes actifs du &laquo;&nbsp;Masque de boue corporelle VIE DE SEL&nbsp;&raquo; :<\/p>\n<p>\nExtrait de rose musqu&eacute;e<\/p>\n<p>\nL&rsquo;extrait de rose musqu&eacute;e assure une hydratation &eacute;quilibr&eacute;e de votre peau et combat ainsi les inflammations et la s&eacute;cheresse cutan&eacute;e.<\/p>\n\n<p>\nBoue de la mer Morte<\/p>\n<p>\nLa boue de la mer Morte nettoie intens&eacute;ment et nourrit votre peau avec les min&eacute;raux n&eacute;cessaires pour une peau saine et durable.<\/p>\n\n<p>\nMin&eacute;raux de la mer Morte<\/p>\n<p>\nLa mer Morte contient 35 ( !) min&eacute;raux diff&eacute;rents qui nettoient et hydratent intensivement votre peau.<\/p>\n\n<p>\nHuile de calendula<\/p>\n<p>\nL&rsquo;huile de calendula a un effet positif sur de nombreux probl&egrave;mes de peau, dont l&rsquo;ecz&eacute;ma. L&rsquo;huile calme et apaise votre peau.<\/p>\n\n<p>\nSel d&rsquo;Epsom<\/p>\n<p>\nLe sel d&rsquo;Epsom est une forme de sel riche en magn&eacute;sium. Le sel a un effet purifiant et calmant sur votre peau.&nbsp;&raquo;<\/p>\n\n","protected":false},"excerpt":{"rendered":"<p>Masque de boue pour le corps VIE DE SEL &ndash; Tous les types de peau -Elimine les impuret&eacute;s &ndash; Sels d&rsquo;Epsom &ndash; Pour un traitement spa professionnel &agrave; domicile &ndash; Nettoie en profondeur la peau et les pores &ndash; Permet &agrave; la peau de conserver l&rsquo;hydratation essentielle D&eacute;couvrez le luxe absolu et les r&eacute;sultats impressionnants &hellip; <\/p>\n<p class=\"link-more\"><a href=\"https:\/\/www.praktivak.be\/fr\/produit\/vie-de-sel-body-mud-mask-250ml\/\" class=\"more-link\">Continuer la lecture<span class=\"screen-reader-text\"> \u00ab\u00a0VIE DE SEL Body Mud Mask, 250ml\u00a0\u00bb<\/span><\/a><\/p>\n","protected":false},"author":1,"featured_media":309559,"template":"","meta":{"_acf_changed":false,"_relevanssi_hide_post":"","_relevanssi_hide_content":"","_relevanssi_pin_for_all":"","_relevanssi_pin_keywords":"","_relevanssi_unpin_keywords":"","_relevanssi_related_keywords":"","_relevanssi_related_include_ids":"","_relevanssi_related_exclude_ids":"","_relevanssi_related_no_append":"","_relevanssi_related_not_related":"","_relevanssi_related_posts":"","_relevanssi_noindex_reason":"","advgb_blocks_editor_width":"","advgb_blocks_columns_visual_guide":"","footnotes":""},"product_brand":[],"product_cat":[2113],"product_tag":[],"class_list":{"0":"post-167318","1":"product","2":"type-product","3":"status-publish","4":"has-post-thumbnail","6":"product_cat-consumer-products-vie-de-sel-gelaatsverzorging-fr","8":"first","9":"instock","10":"taxable","11":"shipping-taxable","12":"product-type-simple"},"acf":[],"yoast_head":"<!-- This site is optimized with the Yoast SEO plugin v27.2 - https:\/\/yoast.com\/product\/yoast-seo-wordpress\/ -->\n<title>VIE DE SEL Body Mud Mask, 250ml - Praktivak<\/title>\n<meta name=\"robots\" content=\"index, follow, max-snippet:-1, max-image-preview:large, max-video-preview:-1\" \/>\n<link rel=\"canonical\" href=\"https:\/\/www.praktivak.be\/fr\/produit\/vie-de-sel-body-mud-mask-250ml\/\" \/>\n<meta property=\"og:locale\" content=\"fr_FR\" \/>\n<meta property=\"og:type\" content=\"article\" \/>\n<meta property=\"og:title\" content=\"VIE DE SEL Body Mud Mask, 250ml - Praktivak\" \/>\n<meta property=\"og:description\" content=\"Masque de boue pour le corps VIE DE SEL &ndash; Tous les types de peau -Elimine les impuret&eacute;s &ndash; Sels d&rsquo;Epsom &ndash; Pour un traitement spa professionnel &agrave; domicile &ndash; Nettoie en profondeur la peau et les pores &ndash; Permet &agrave; la peau de conserver l&rsquo;hydratation essentielle D&eacute;couvrez le luxe absolu et les r&eacute;sultats impressionnants &hellip; Continuer la lecture &quot;VIE DE SEL Body Mud Mask, 250ml&quot;\" \/>\n<meta property=\"og:url\" content=\"https:\/\/www.praktivak.be\/fr\/produit\/vie-de-sel-body-mud-mask-250ml\/\" \/>\n<meta property=\"og:site_name\" content=\"Praktivak\" \/>\n<meta property=\"article:modified_time\" content=\"2026-01-27T18:57:21+00:00\" \/>\n<meta property=\"og:image\" content=\"https:\/\/www.praktivak.be\/wp-content\/uploads\/2025\/09\/MSC77308-2.jpg\" \/>\n\t<meta property=\"og:image:width\" content=\"1000\" \/>\n\t<meta property=\"og:image:height\" content=\"1000\" \/>\n\t<meta property=\"og:image:type\" content=\"image\/jpeg\" \/>\n<meta name=\"twitter:card\" content=\"summary_large_image\" \/>\n<meta name=\"twitter:label1\" content=\"Dur\u00e9e de lecture estim\u00e9e\" \/>\n\t<meta name=\"twitter:data1\" content=\"2 minutes\" \/>\n<script type=\"application\/ld+json\" class=\"yoast-schema-graph\">{\"@context\":\"https:\/\/schema.org\",\"@graph\":[{\"@type\":\"WebPage\",\"@id\":\"https:\/\/www.praktivak.be\/fr\/produit\/vie-de-sel-body-mud-mask-250ml\/\",\"url\":\"https:\/\/www.praktivak.be\/fr\/produit\/vie-de-sel-body-mud-mask-250ml\/\",\"name\":\"VIE DE SEL Body Mud Mask, 250ml - Praktivak\",\"isPartOf\":{\"@id\":\"https:\/\/www.praktivak.be\/fr\/#website\"},\"primaryImageOfPage\":{\"@id\":\"https:\/\/www.praktivak.be\/fr\/produit\/vie-de-sel-body-mud-mask-250ml\/#primaryimage\"},\"image\":{\"@id\":\"https:\/\/www.praktivak.be\/fr\/produit\/vie-de-sel-body-mud-mask-250ml\/#primaryimage\"},\"thumbnailUrl\":\"https:\/\/www.praktivak.be\/wp-content\/uploads\/2025\/09\/MSC77308-2.jpg\",\"datePublished\":\"2025-08-14T19:29:40+00:00\",\"dateModified\":\"2026-01-27T18:57:21+00:00\",\"breadcrumb\":{\"@id\":\"https:\/\/www.praktivak.be\/fr\/produit\/vie-de-sel-body-mud-mask-250ml\/#breadcrumb\"},\"inLanguage\":\"fr-FR\",\"potentialAction\":[{\"@type\":\"ReadAction\",\"target\":[\"https:\/\/www.praktivak.be\/fr\/produit\/vie-de-sel-body-mud-mask-250ml\/\"]}]},{\"@type\":\"ImageObject\",\"inLanguage\":\"fr-FR\",\"@id\":\"https:\/\/www.praktivak.be\/fr\/produit\/vie-de-sel-body-mud-mask-250ml\/#primaryimage\",\"url\":\"https:\/\/www.praktivak.be\/wp-content\/uploads\/2025\/09\/MSC77308-2.jpg\",\"contentUrl\":\"https:\/\/www.praktivak.be\/wp-content\/uploads\/2025\/09\/MSC77308-2.jpg\",\"width\":1000,\"height\":1000},{\"@type\":\"BreadcrumbList\",\"@id\":\"https:\/\/www.praktivak.be\/fr\/produit\/vie-de-sel-body-mud-mask-250ml\/#breadcrumb\",\"itemListElement\":[{\"@type\":\"ListItem\",\"position\":1,\"name\":\"Home\",\"item\":\"https:\/\/www.praktivak.be\/fr\/\"},{\"@type\":\"ListItem\",\"position\":2,\"name\":\"Boutique\",\"item\":\"https:\/\/www.praktivak.be\/fr\/boutique\/\"},{\"@type\":\"ListItem\",\"position\":3,\"name\":\"VIE DE SEL Body Mud Mask, 250ml\"}]},{\"@type\":\"WebSite\",\"@id\":\"https:\/\/www.praktivak.be\/fr\/#website\",\"url\":\"https:\/\/www.praktivak.be\/fr\/\",\"name\":\"Praktivak\",\"description\":\"\",\"publisher\":{\"@id\":\"https:\/\/www.praktivak.be\/fr\/#organization\"},\"potentialAction\":[{\"@type\":\"SearchAction\",\"target\":{\"@type\":\"EntryPoint\",\"urlTemplate\":\"https:\/\/www.praktivak.be\/fr\/?s={search_term_string}\"},\"query-input\":{\"@type\":\"PropertyValueSpecification\",\"valueRequired\":true,\"valueName\":\"search_term_string\"}}],\"inLanguage\":\"fr-FR\"},{\"@type\":\"Organization\",\"@id\":\"https:\/\/www.praktivak.be\/fr\/#organization\",\"name\":\"Praktivak\",\"url\":\"https:\/\/www.praktivak.be\/fr\/\",\"logo\":{\"@type\":\"ImageObject\",\"inLanguage\":\"fr-FR\",\"@id\":\"https:\/\/www.praktivak.be\/fr\/#\/schema\/logo\/image\/\",\"url\":\"https:\/\/www.praktivak.be\/wp-content\/uploads\/2024\/09\/Logo.png\",\"contentUrl\":\"https:\/\/www.praktivak.be\/wp-content\/uploads\/2024\/09\/Logo.png\",\"width\":1774,\"height\":337,\"caption\":\"Praktivak\"},\"image\":{\"@id\":\"https:\/\/www.praktivak.be\/fr\/#\/schema\/logo\/image\/\"}}]}<\/script>\n<!-- \/ Yoast SEO plugin. -->","yoast_head_json":{"title":"VIE DE SEL Body Mud Mask, 250ml - Praktivak","robots":{"index":"index","follow":"follow","max-snippet":"max-snippet:-1","max-image-preview":"max-image-preview:large","max-video-preview":"max-video-preview:-1"},"canonical":"https:\/\/www.praktivak.be\/fr\/produit\/vie-de-sel-body-mud-mask-250ml\/","og_locale":"fr_FR","og_type":"article","og_title":"VIE DE SEL Body Mud Mask, 250ml - Praktivak","og_description":"Masque de boue pour le corps VIE DE SEL &ndash; Tous les types de peau -Elimine les impuret&eacute;s &ndash; Sels d&rsquo;Epsom &ndash; Pour un traitement spa professionnel &agrave; domicile &ndash; Nettoie en profondeur la peau et les pores &ndash; Permet &agrave; la peau de conserver l&rsquo;hydratation essentielle D&eacute;couvrez le luxe absolu et les r&eacute;sultats impressionnants &hellip; Continuer la lecture \"VIE DE SEL Body Mud Mask, 250ml\"","og_url":"https:\/\/www.praktivak.be\/fr\/produit\/vie-de-sel-body-mud-mask-250ml\/","og_site_name":"Praktivak","article_modified_time":"2026-01-27T18:57:21+00:00","og_image":[{"width":1000,"height":1000,"url":"https:\/\/www.praktivak.be\/wp-content\/uploads\/2025\/09\/MSC77308-2.jpg","type":"image\/jpeg"}],"twitter_card":"summary_large_image","twitter_misc":{"Dur\u00e9e de lecture estim\u00e9e":"2 minutes"},"schema":{"@context":"https:\/\/schema.org","@graph":[{"@type":"WebPage","@id":"https:\/\/www.praktivak.be\/fr\/produit\/vie-de-sel-body-mud-mask-250ml\/","url":"https:\/\/www.praktivak.be\/fr\/produit\/vie-de-sel-body-mud-mask-250ml\/","name":"VIE DE SEL Body Mud Mask, 250ml - Praktivak","isPartOf":{"@id":"https:\/\/www.praktivak.be\/fr\/#website"},"primaryImageOfPage":{"@id":"https:\/\/www.praktivak.be\/fr\/produit\/vie-de-sel-body-mud-mask-250ml\/#primaryimage"},"image":{"@id":"https:\/\/www.praktivak.be\/fr\/produit\/vie-de-sel-body-mud-mask-250ml\/#primaryimage"},"thumbnailUrl":"https:\/\/www.praktivak.be\/wp-content\/uploads\/2025\/09\/MSC77308-2.jpg","datePublished":"2025-08-14T19:29:40+00:00","dateModified":"2026-01-27T18:57:21+00:00","breadcrumb":{"@id":"https:\/\/www.praktivak.be\/fr\/produit\/vie-de-sel-body-mud-mask-250ml\/#breadcrumb"},"inLanguage":"fr-FR","potentialAction":[{"@type":"ReadAction","target":["https:\/\/www.praktivak.be\/fr\/produit\/vie-de-sel-body-mud-mask-250ml\/"]}]},{"@type":"ImageObject","inLanguage":"fr-FR","@id":"https:\/\/www.praktivak.be\/fr\/produit\/vie-de-sel-body-mud-mask-250ml\/#primaryimage","url":"https:\/\/www.praktivak.be\/wp-content\/uploads\/2025\/09\/MSC77308-2.jpg","contentUrl":"https:\/\/www.praktivak.be\/wp-content\/uploads\/2025\/09\/MSC77308-2.jpg","width":1000,"height":1000},{"@type":"BreadcrumbList","@id":"https:\/\/www.praktivak.be\/fr\/produit\/vie-de-sel-body-mud-mask-250ml\/#breadcrumb","itemListElement":[{"@type":"ListItem","position":1,"name":"Home","item":"https:\/\/www.praktivak.be\/fr\/"},{"@type":"ListItem","position":2,"name":"Boutique","item":"https:\/\/www.praktivak.be\/fr\/boutique\/"},{"@type":"ListItem","position":3,"name":"VIE DE SEL Body Mud Mask, 250ml"}]},{"@type":"WebSite","@id":"https:\/\/www.praktivak.be\/fr\/#website","url":"https:\/\/www.praktivak.be\/fr\/","name":"Praktivak","description":"","publisher":{"@id":"https:\/\/www.praktivak.be\/fr\/#organization"},"potentialAction":[{"@type":"SearchAction","target":{"@type":"EntryPoint","urlTemplate":"https:\/\/www.praktivak.be\/fr\/?s={search_term_string}"},"query-input":{"@type":"PropertyValueSpecification","valueRequired":true,"valueName":"search_term_string"}}],"inLanguage":"fr-FR"},{"@type":"Organization","@id":"https:\/\/www.praktivak.be\/fr\/#organization","name":"Praktivak","url":"https:\/\/www.praktivak.be\/fr\/","logo":{"@type":"ImageObject","inLanguage":"fr-FR","@id":"https:\/\/www.praktivak.be\/fr\/#\/schema\/logo\/image\/","url":"https:\/\/www.praktivak.be\/wp-content\/uploads\/2024\/09\/Logo.png","contentUrl":"https:\/\/www.praktivak.be\/wp-content\/uploads\/2024\/09\/Logo.png","width":1774,"height":337,"caption":"Praktivak"},"image":{"@id":"https:\/\/www.praktivak.be\/fr\/#\/schema\/logo\/image\/"}}]}},"featured_img":"https:\/\/www.praktivak.be\/wp-content\/uploads\/2025\/09\/MSC77308-2.jpg","coauthors":[],"author_meta":{"author_link":"https:\/\/www.praktivak.be\/fr\/author\/madeit\/","display_name":"Tjebbe Lievens"},"relative_dates":{"created":"Publi\u00e9 8 mois il y a","modified":"Mis \u00e0 jour 3 mois il y a"},"absolute_dates":{"created":"Publi\u00e9 le 14 ao\u00fbt 2025","modified":"Mise \u00e0 jour le 27 janvier 2026"},"absolute_dates_time":{"created":"Publi\u00e9 le 14 ao\u00fbt 2025 21h29","modified":"Mise \u00e0 jour le 27 janvier 2026 19h57"},"featured_img_caption":"","tax_additional":{"product_brand":{"linked":[],"unlinked":[],"slug":"product_brand","name":"Marques"},"product_type":{"linked":["<a href=\"https:\/\/www.praktivak.be\/fr\/?taxonomy=product_type&#038;term=simple\" class=\"advgb-post-tax-term\">simple<\/a>"],"unlinked":["<span class=\"advgb-post-tax-term\">simple<\/span>"],"slug":"product_type","name":"Type de produit"},"product_visibility":{"linked":[],"unlinked":[],"slug":"product_visibility","name":"Visibilit\u00e9 du produit"},"product_cat":{"linked":["<a href=\"https:\/\/www.praktivak.be\/fr\/categorie-de-produit\/gelaatsverzorging-fr\/vie-de-sel\/consumer-products-vie-de-sel-gelaatsverzorging-fr\/\" class=\"advgb-post-tax-term\">Consumer products<\/a>"],"unlinked":["<span class=\"advgb-post-tax-term\">Consumer products<\/span>"],"slug":"product_cat","name":"Cat\u00e9gories de produits"},"product_tag":{"linked":[],"unlinked":[],"slug":"product_tag","name":"\u00c9tiquettes produit"},"product_shipping_class":{"linked":[],"unlinked":[],"slug":"product_shipping_class","name":"Classe d\u2019exp\u00e9dition du produit"},"pos_product_visibility":{"linked":[],"unlinked":[],"slug":"pos_product_visibility","name":"Visibilit\u00e9 du produit sur le point de vente"},"translation_priority":{"linked":[],"unlinked":[],"slug":"translation_priority","name":"Priorit\u00e9s de traduction"}},"series_order":"","_links":{"self":[{"href":"https:\/\/www.praktivak.be\/fr\/wp-json\/wp\/v2\/product\/167318","targetHints":{"allow":["GET"]}}],"collection":[{"href":"https:\/\/www.praktivak.be\/fr\/wp-json\/wp\/v2\/product"}],"about":[{"href":"https:\/\/www.praktivak.be\/fr\/wp-json\/wp\/v2\/types\/product"}],"version-history":[{"count":89,"href":"https:\/\/www.praktivak.be\/fr\/wp-json\/wp\/v2\/product\/167318\/revisions"}],"predecessor-version":[{"id":325505,"href":"https:\/\/www.praktivak.be\/fr\/wp-json\/wp\/v2\/product\/167318\/revisions\/325505"}],"wp:featuredmedia":[{"embeddable":true,"href":"https:\/\/www.praktivak.be\/fr\/wp-json\/wp\/v2\/media\/309559"}],"wp:attachment":[{"href":"https:\/\/www.praktivak.be\/fr\/wp-json\/wp\/v2\/media?parent=167318"}],"wp:term":[{"taxonomy":"product_brand","embeddable":true,"href":"https:\/\/www.praktivak.be\/fr\/wp-json\/wp\/v2\/product_brand?post=167318"},{"taxonomy":"product_cat","embeddable":true,"href":"https:\/\/www.praktivak.be\/fr\/wp-json\/wp\/v2\/product_cat?post=167318"},{"taxonomy":"product_tag","embeddable":true,"href":"https:\/\/www.praktivak.be\/fr\/wp-json\/wp\/v2\/product_tag?post=167318"}],"curies":[{"name":"wp","href":"https:\/\/api.w.org\/{rel}","templated":true}]}}