

{"id":166355,"date":"2025-08-14T21:04:08","date_gmt":"2025-08-14T19:04:08","guid":{"rendered":"https:\/\/www.praktivak.be\/product\/tork-express-countertop-multifold-dispenser-wit\/"},"modified":"2026-02-01T03:00:38","modified_gmt":"2026-02-01T02:00:38","slug":"tork-express-countertop-multifold-dispenser-blanc","status":"publish","type":"product","link":"https:\/\/www.praktivak.be\/fr\/produit\/tork-express-countertop-multifold-dispenser-blanc\/","title":{"rendered":"Tork Express Countertop Multifold Dispenser blanc"},"content":{"rendered":"\n<p>\nTork Express Comptoir Multifold Display blanc<\/p>\n\n<p>\nDistributeur de serviettes &agrave; plis multiples<\/p>\n\n<p>\nSyst&egrave;me : H2<\/p>\n\n<p>\nDimensions : 32,3 x 21,8 x 11,6 cm<\/p>\n\n<p>\nLa taille compacte est id&eacute;ale lorsque l&rsquo;espace est limit&eacute; ou lorsque le montage mural n&rsquo;est pas possible. <\/p>\n<p>\nDosage feuille-par-feuille&nbsp;&raquo;, &eacute;conomies de consommation et de co&ucirc;ts. <\/p>\n<p>\nVous n&rsquo;avez de contact qu&rsquo;avec la serviette que vous utilisez<\/p>\n<p>\nMat&eacute;rial : plastique<\/p>\n\n<p>\nCouleur : blanc<\/p>\n\n<p>\nLigne de distribution : &Eacute;l&eacute;vation<\/p>\n\n\n<p>\nLe distributeur de serviettes &agrave; plis multiples Tork Xpress&reg; de la gamme Elevation est une excellente alternative &agrave; la pile de serviettes en vrac sur l&rsquo;&eacute;vier des toilettes. Les distributeurs Tork Elevation ont un design fonctionnel et moderne qui fera une impression durable sur vos invit&eacute;s. <\/p>\n<p>\nLa taille compacte est id&eacute;ale lorsque l&rsquo;espace est limit&eacute; ou lorsque le montage mural n&rsquo;est pas possible. Une apparence luxueuse et une meilleure hygi&egrave;ne au lieu de serviettes en papier empil&eacute;es<\/p>\n<p>\nLe dosage &laquo;&nbsp;feuille-par-feuille&nbsp;&raquo; r&eacute;duit les co&ucirc;ts d&rsquo;exploitation et les d&eacute;chets.<\/p>\n\n<p>\nMateriel : Plastique<\/p>\n\n<p>\nSyst&egrave;me : H2 &ndash; Syst&egrave;me de serviettes pli&eacute;es<\/p>\n\n<p>\nHauteur : 218 mm<\/p>\n\n<p>\nLargeur : 323 mm<\/p>\n\n<p>\nProfondeur : 116 mm<\/p>\n\n<p>\nCouleur : blanc&nbsp;&raquo;<\/p>\n\n","protected":false},"excerpt":{"rendered":"<p>Tork Express Comptoir Multifold Display blanc Distributeur de serviettes &agrave; plis multiples Syst&egrave;me : H2 Dimensions : 32,3 x 21,8 x 11,6 cm La taille compacte est id&eacute;ale lorsque l&rsquo;espace est limit&eacute; ou lorsque le montage mural n&rsquo;est pas possible. Dosage feuille-par-feuille&nbsp;&raquo;, &eacute;conomies de consommation et de co&ucirc;ts. Vous n&rsquo;avez de contact qu&rsquo;avec la serviette &hellip; <\/p>\n<p class=\"link-more\"><a href=\"https:\/\/www.praktivak.be\/fr\/produit\/tork-express-countertop-multifold-dispenser-blanc\/\" class=\"more-link\">Continuer la lecture<span class=\"screen-reader-text\"> \u00ab\u00a0Tork Express Countertop Multifold Dispenser blanc\u00a0\u00bb<\/span><\/a><\/p>\n","protected":false},"author":1,"featured_media":304040,"template":"","meta":{"_acf_changed":false,"_relevanssi_hide_post":"","_relevanssi_hide_content":"","_relevanssi_pin_for_all":"","_relevanssi_pin_keywords":"","_relevanssi_unpin_keywords":"","_relevanssi_related_keywords":"","_relevanssi_related_include_ids":"","_relevanssi_related_exclude_ids":"","_relevanssi_related_no_append":"","_relevanssi_related_not_related":"","_relevanssi_related_posts":"","_relevanssi_noindex_reason":"","advgb_blocks_editor_width":"","advgb_blocks_columns_visual_guide":"","footnotes":""},"product_brand":[],"product_cat":[2123],"product_tag":[],"class_list":{"0":"post-166355","1":"product","2":"type-product","3":"status-publish","4":"has-post-thumbnail","6":"product_cat-dispensers-fr","8":"first","9":"instock","10":"taxable","11":"shipping-taxable","12":"product-type-simple"},"acf":[],"yoast_head":"<!-- This site is optimized with the Yoast SEO plugin v27.2 - https:\/\/yoast.com\/product\/yoast-seo-wordpress\/ -->\n<title>Tork Express Countertop Multifold Dispenser blanc - Praktivak<\/title>\n<meta name=\"robots\" content=\"index, follow, max-snippet:-1, max-image-preview:large, max-video-preview:-1\" \/>\n<link rel=\"canonical\" href=\"https:\/\/www.praktivak.be\/fr\/produit\/tork-express-countertop-multifold-dispenser-blanc\/\" \/>\n<meta property=\"og:locale\" content=\"fr_FR\" \/>\n<meta property=\"og:type\" content=\"article\" \/>\n<meta property=\"og:title\" content=\"Tork Express Countertop Multifold Dispenser blanc - Praktivak\" \/>\n<meta property=\"og:description\" content=\"Tork Express Comptoir Multifold Display blanc Distributeur de serviettes &agrave; plis multiples Syst&egrave;me : H2 Dimensions : 32,3 x 21,8 x 11,6 cm La taille compacte est id&eacute;ale lorsque l&rsquo;espace est limit&eacute; ou lorsque le montage mural n&rsquo;est pas possible. Dosage feuille-par-feuille&nbsp;&raquo;, &eacute;conomies de consommation et de co&ucirc;ts. Vous n&rsquo;avez de contact qu&rsquo;avec la serviette &hellip; Continuer la lecture &quot;Tork Express Countertop Multifold Dispenser blanc&quot;\" \/>\n<meta property=\"og:url\" content=\"https:\/\/www.praktivak.be\/fr\/produit\/tork-express-countertop-multifold-dispenser-blanc\/\" \/>\n<meta property=\"og:site_name\" content=\"Praktivak\" \/>\n<meta property=\"article:modified_time\" content=\"2026-02-01T02:00:38+00:00\" \/>\n<meta property=\"og:image\" content=\"https:\/\/www.praktivak.be\/wp-content\/uploads\/2025\/09\/ZDHDT552200-2.jpg\" \/>\n\t<meta property=\"og:image:width\" content=\"400\" \/>\n\t<meta property=\"og:image:height\" content=\"331\" \/>\n\t<meta property=\"og:image:type\" content=\"image\/jpeg\" \/>\n<meta name=\"twitter:card\" content=\"summary_large_image\" \/>\n<meta name=\"twitter:label1\" content=\"Dur\u00e9e de lecture estim\u00e9e\" \/>\n\t<meta name=\"twitter:data1\" content=\"1 minute\" \/>\n<script type=\"application\/ld+json\" class=\"yoast-schema-graph\">{\"@context\":\"https:\/\/schema.org\",\"@graph\":[{\"@type\":\"WebPage\",\"@id\":\"https:\/\/www.praktivak.be\/fr\/produit\/tork-express-countertop-multifold-dispenser-blanc\/\",\"url\":\"https:\/\/www.praktivak.be\/fr\/produit\/tork-express-countertop-multifold-dispenser-blanc\/\",\"name\":\"Tork Express Countertop Multifold Dispenser blanc - Praktivak\",\"isPartOf\":{\"@id\":\"https:\/\/www.praktivak.be\/fr\/#website\"},\"primaryImageOfPage\":{\"@id\":\"https:\/\/www.praktivak.be\/fr\/produit\/tork-express-countertop-multifold-dispenser-blanc\/#primaryimage\"},\"image\":{\"@id\":\"https:\/\/www.praktivak.be\/fr\/produit\/tork-express-countertop-multifold-dispenser-blanc\/#primaryimage\"},\"thumbnailUrl\":\"https:\/\/www.praktivak.be\/wp-content\/uploads\/2025\/09\/ZDHDT552200-2.jpg\",\"datePublished\":\"2025-08-14T19:04:08+00:00\",\"dateModified\":\"2026-02-01T02:00:38+00:00\",\"breadcrumb\":{\"@id\":\"https:\/\/www.praktivak.be\/fr\/produit\/tork-express-countertop-multifold-dispenser-blanc\/#breadcrumb\"},\"inLanguage\":\"fr-FR\",\"potentialAction\":[{\"@type\":\"ReadAction\",\"target\":[\"https:\/\/www.praktivak.be\/fr\/produit\/tork-express-countertop-multifold-dispenser-blanc\/\"]}]},{\"@type\":\"ImageObject\",\"inLanguage\":\"fr-FR\",\"@id\":\"https:\/\/www.praktivak.be\/fr\/produit\/tork-express-countertop-multifold-dispenser-blanc\/#primaryimage\",\"url\":\"https:\/\/www.praktivak.be\/wp-content\/uploads\/2025\/09\/ZDHDT552200-2.jpg\",\"contentUrl\":\"https:\/\/www.praktivak.be\/wp-content\/uploads\/2025\/09\/ZDHDT552200-2.jpg\",\"width\":400,\"height\":331},{\"@type\":\"BreadcrumbList\",\"@id\":\"https:\/\/www.praktivak.be\/fr\/produit\/tork-express-countertop-multifold-dispenser-blanc\/#breadcrumb\",\"itemListElement\":[{\"@type\":\"ListItem\",\"position\":1,\"name\":\"Home\",\"item\":\"https:\/\/www.praktivak.be\/fr\/\"},{\"@type\":\"ListItem\",\"position\":2,\"name\":\"Boutique\",\"item\":\"https:\/\/www.praktivak.be\/fr\/boutique\/\"},{\"@type\":\"ListItem\",\"position\":3,\"name\":\"Tork Express Countertop Multifold Dispenser blanc\"}]},{\"@type\":\"WebSite\",\"@id\":\"https:\/\/www.praktivak.be\/fr\/#website\",\"url\":\"https:\/\/www.praktivak.be\/fr\/\",\"name\":\"Praktivak\",\"description\":\"\",\"publisher\":{\"@id\":\"https:\/\/www.praktivak.be\/fr\/#organization\"},\"potentialAction\":[{\"@type\":\"SearchAction\",\"target\":{\"@type\":\"EntryPoint\",\"urlTemplate\":\"https:\/\/www.praktivak.be\/fr\/?s={search_term_string}\"},\"query-input\":{\"@type\":\"PropertyValueSpecification\",\"valueRequired\":true,\"valueName\":\"search_term_string\"}}],\"inLanguage\":\"fr-FR\"},{\"@type\":\"Organization\",\"@id\":\"https:\/\/www.praktivak.be\/fr\/#organization\",\"name\":\"Praktivak\",\"url\":\"https:\/\/www.praktivak.be\/fr\/\",\"logo\":{\"@type\":\"ImageObject\",\"inLanguage\":\"fr-FR\",\"@id\":\"https:\/\/www.praktivak.be\/fr\/#\/schema\/logo\/image\/\",\"url\":\"https:\/\/www.praktivak.be\/wp-content\/uploads\/2024\/09\/Logo.png\",\"contentUrl\":\"https:\/\/www.praktivak.be\/wp-content\/uploads\/2024\/09\/Logo.png\",\"width\":1774,\"height\":337,\"caption\":\"Praktivak\"},\"image\":{\"@id\":\"https:\/\/www.praktivak.be\/fr\/#\/schema\/logo\/image\/\"}}]}<\/script>\n<!-- \/ Yoast SEO plugin. -->","yoast_head_json":{"title":"Tork Express Countertop Multifold Dispenser blanc - Praktivak","robots":{"index":"index","follow":"follow","max-snippet":"max-snippet:-1","max-image-preview":"max-image-preview:large","max-video-preview":"max-video-preview:-1"},"canonical":"https:\/\/www.praktivak.be\/fr\/produit\/tork-express-countertop-multifold-dispenser-blanc\/","og_locale":"fr_FR","og_type":"article","og_title":"Tork Express Countertop Multifold Dispenser blanc - Praktivak","og_description":"Tork Express Comptoir Multifold Display blanc Distributeur de serviettes &agrave; plis multiples Syst&egrave;me : H2 Dimensions : 32,3 x 21,8 x 11,6 cm La taille compacte est id&eacute;ale lorsque l&rsquo;espace est limit&eacute; ou lorsque le montage mural n&rsquo;est pas possible. Dosage feuille-par-feuille&nbsp;&raquo;, &eacute;conomies de consommation et de co&ucirc;ts. Vous n&rsquo;avez de contact qu&rsquo;avec la serviette &hellip; Continuer la lecture \"Tork Express Countertop Multifold Dispenser blanc\"","og_url":"https:\/\/www.praktivak.be\/fr\/produit\/tork-express-countertop-multifold-dispenser-blanc\/","og_site_name":"Praktivak","article_modified_time":"2026-02-01T02:00:38+00:00","og_image":[{"width":400,"height":331,"url":"https:\/\/www.praktivak.be\/wp-content\/uploads\/2025\/09\/ZDHDT552200-2.jpg","type":"image\/jpeg"}],"twitter_card":"summary_large_image","twitter_misc":{"Dur\u00e9e de lecture estim\u00e9e":"1 minute"},"schema":{"@context":"https:\/\/schema.org","@graph":[{"@type":"WebPage","@id":"https:\/\/www.praktivak.be\/fr\/produit\/tork-express-countertop-multifold-dispenser-blanc\/","url":"https:\/\/www.praktivak.be\/fr\/produit\/tork-express-countertop-multifold-dispenser-blanc\/","name":"Tork Express Countertop Multifold Dispenser blanc - Praktivak","isPartOf":{"@id":"https:\/\/www.praktivak.be\/fr\/#website"},"primaryImageOfPage":{"@id":"https:\/\/www.praktivak.be\/fr\/produit\/tork-express-countertop-multifold-dispenser-blanc\/#primaryimage"},"image":{"@id":"https:\/\/www.praktivak.be\/fr\/produit\/tork-express-countertop-multifold-dispenser-blanc\/#primaryimage"},"thumbnailUrl":"https:\/\/www.praktivak.be\/wp-content\/uploads\/2025\/09\/ZDHDT552200-2.jpg","datePublished":"2025-08-14T19:04:08+00:00","dateModified":"2026-02-01T02:00:38+00:00","breadcrumb":{"@id":"https:\/\/www.praktivak.be\/fr\/produit\/tork-express-countertop-multifold-dispenser-blanc\/#breadcrumb"},"inLanguage":"fr-FR","potentialAction":[{"@type":"ReadAction","target":["https:\/\/www.praktivak.be\/fr\/produit\/tork-express-countertop-multifold-dispenser-blanc\/"]}]},{"@type":"ImageObject","inLanguage":"fr-FR","@id":"https:\/\/www.praktivak.be\/fr\/produit\/tork-express-countertop-multifold-dispenser-blanc\/#primaryimage","url":"https:\/\/www.praktivak.be\/wp-content\/uploads\/2025\/09\/ZDHDT552200-2.jpg","contentUrl":"https:\/\/www.praktivak.be\/wp-content\/uploads\/2025\/09\/ZDHDT552200-2.jpg","width":400,"height":331},{"@type":"BreadcrumbList","@id":"https:\/\/www.praktivak.be\/fr\/produit\/tork-express-countertop-multifold-dispenser-blanc\/#breadcrumb","itemListElement":[{"@type":"ListItem","position":1,"name":"Home","item":"https:\/\/www.praktivak.be\/fr\/"},{"@type":"ListItem","position":2,"name":"Boutique","item":"https:\/\/www.praktivak.be\/fr\/boutique\/"},{"@type":"ListItem","position":3,"name":"Tork Express Countertop Multifold Dispenser blanc"}]},{"@type":"WebSite","@id":"https:\/\/www.praktivak.be\/fr\/#website","url":"https:\/\/www.praktivak.be\/fr\/","name":"Praktivak","description":"","publisher":{"@id":"https:\/\/www.praktivak.be\/fr\/#organization"},"potentialAction":[{"@type":"SearchAction","target":{"@type":"EntryPoint","urlTemplate":"https:\/\/www.praktivak.be\/fr\/?s={search_term_string}"},"query-input":{"@type":"PropertyValueSpecification","valueRequired":true,"valueName":"search_term_string"}}],"inLanguage":"fr-FR"},{"@type":"Organization","@id":"https:\/\/www.praktivak.be\/fr\/#organization","name":"Praktivak","url":"https:\/\/www.praktivak.be\/fr\/","logo":{"@type":"ImageObject","inLanguage":"fr-FR","@id":"https:\/\/www.praktivak.be\/fr\/#\/schema\/logo\/image\/","url":"https:\/\/www.praktivak.be\/wp-content\/uploads\/2024\/09\/Logo.png","contentUrl":"https:\/\/www.praktivak.be\/wp-content\/uploads\/2024\/09\/Logo.png","width":1774,"height":337,"caption":"Praktivak"},"image":{"@id":"https:\/\/www.praktivak.be\/fr\/#\/schema\/logo\/image\/"}}]}},"featured_img":"https:\/\/www.praktivak.be\/wp-content\/uploads\/2025\/09\/ZDHDT552200-2.jpg","coauthors":[],"author_meta":{"author_link":"https:\/\/www.praktivak.be\/fr\/author\/madeit\/","display_name":"Tjebbe Lievens"},"relative_dates":{"created":"Publi\u00e9 8 mois il y a","modified":"Mis \u00e0 jour 2 mois il y a"},"absolute_dates":{"created":"Publi\u00e9 le 14 ao\u00fbt 2025","modified":"Mise \u00e0 jour le 1 f\u00e9vrier 2026"},"absolute_dates_time":{"created":"Publi\u00e9 le 14 ao\u00fbt 2025 21h04","modified":"Mise \u00e0 jour le 1 f\u00e9vrier 2026 3h00"},"featured_img_caption":"","tax_additional":{"product_brand":{"linked":[],"unlinked":[],"slug":"product_brand","name":"Marques"},"product_type":{"linked":["<a href=\"https:\/\/www.praktivak.be\/fr\/?taxonomy=product_type&#038;term=simple\" class=\"advgb-post-tax-term\">simple<\/a>"],"unlinked":["<span class=\"advgb-post-tax-term\">simple<\/span>"],"slug":"product_type","name":"Type de produit"},"product_visibility":{"linked":[],"unlinked":[],"slug":"product_visibility","name":"Visibilit\u00e9 du produit"},"product_cat":{"linked":["<a href=\"https:\/\/www.praktivak.be\/fr\/categorie-de-produit\/hygiene-en-desinfectie-fr\/dispensers-fr\/\" class=\"advgb-post-tax-term\">Distributeurs<\/a>"],"unlinked":["<span class=\"advgb-post-tax-term\">Distributeurs<\/span>"],"slug":"product_cat","name":"Cat\u00e9gories de produits"},"product_tag":{"linked":[],"unlinked":[],"slug":"product_tag","name":"\u00c9tiquettes produit"},"product_shipping_class":{"linked":[],"unlinked":[],"slug":"product_shipping_class","name":"Classe d\u2019exp\u00e9dition du produit"},"pos_product_visibility":{"linked":[],"unlinked":[],"slug":"pos_product_visibility","name":"Visibilit\u00e9 du produit sur le point de vente"},"translation_priority":{"linked":[],"unlinked":[],"slug":"translation_priority","name":"Priorit\u00e9s de traduction"}},"series_order":"","_links":{"self":[{"href":"https:\/\/www.praktivak.be\/fr\/wp-json\/wp\/v2\/product\/166355","targetHints":{"allow":["GET"]}}],"collection":[{"href":"https:\/\/www.praktivak.be\/fr\/wp-json\/wp\/v2\/product"}],"about":[{"href":"https:\/\/www.praktivak.be\/fr\/wp-json\/wp\/v2\/types\/product"}],"version-history":[{"count":90,"href":"https:\/\/www.praktivak.be\/fr\/wp-json\/wp\/v2\/product\/166355\/revisions"}],"predecessor-version":[{"id":323739,"href":"https:\/\/www.praktivak.be\/fr\/wp-json\/wp\/v2\/product\/166355\/revisions\/323739"}],"wp:featuredmedia":[{"embeddable":true,"href":"https:\/\/www.praktivak.be\/fr\/wp-json\/wp\/v2\/media\/304040"}],"wp:attachment":[{"href":"https:\/\/www.praktivak.be\/fr\/wp-json\/wp\/v2\/media?parent=166355"}],"wp:term":[{"taxonomy":"product_brand","embeddable":true,"href":"https:\/\/www.praktivak.be\/fr\/wp-json\/wp\/v2\/product_brand?post=166355"},{"taxonomy":"product_cat","embeddable":true,"href":"https:\/\/www.praktivak.be\/fr\/wp-json\/wp\/v2\/product_cat?post=166355"},{"taxonomy":"product_tag","embeddable":true,"href":"https:\/\/www.praktivak.be\/fr\/wp-json\/wp\/v2\/product_tag?post=166355"}],"curies":[{"name":"wp","href":"https:\/\/api.w.org\/{rel}","templated":true}]}}