

{"id":165647,"date":"2025-08-14T20:44:22","date_gmt":"2025-08-14T18:44:22","guid":{"rendered":"https:\/\/www.praktivak.be\/product\/swop-s4-up-beige\/"},"modified":"2026-02-01T16:53:35","modified_gmt":"2026-02-01T15:53:35","slug":"naggura-swop-s4-up-beige","status":"publish","type":"product","link":"https:\/\/www.praktivak.be\/fr\/produit\/naggura-swop-s4-up-beige\/","title":{"rendered":"Naggura Swop S4 up beige"},"content":{"rendered":"\n<p>\nLe Swop S4 up est un canap&eacute; &eacute;lectrique dot&eacute; d&rsquo;un matelas souple avec 2 accoudoirs, d&rsquo;un chauffage et d&rsquo;un logement tr&egrave;s stable sur 2 piliers.  En outre, le canap&eacute; est &eacute;quip&eacute; de roues int&eacute;gr&eacute;es qui peuvent &ecirc;tre positionn&eacute;es et verrouill&eacute;es &agrave; l&rsquo;aide d&rsquo;un levier. Le canap&eacute; est &eacute;quip&eacute; de 4 moteurs pour r&eacute;gler la hauteur, le dossier, le repose-jambes et l&rsquo;inclinaison. En outre, la commande comporte 3 positions de m&eacute;moire et un bouton de r&eacute;initialisation.  La r&eacute;sistance &agrave; l&rsquo;usure du cuir artificiel n&rsquo;est pas inf&eacute;rieure &agrave; 250K et prot&egrave;ge contre les bact&eacute;ries et les rayons UV. Ce canap&eacute; est &eacute;quip&eacute; de s&eacute;rie d&rsquo;un porte-rouleau de papier, d&rsquo;un &eacute;clairage LED blanc sur le pi&egrave;tement, d&rsquo;accoudoirs &agrave; double &eacute;l&eacute;vation et de roulettes int&eacute;gr&eacute;es.  Vous pouvez l&rsquo;&eacute;tendre avec le Cromo Mood Led light.  (diff&eacute;rentes couleurs possibles) ainsi qu&rsquo;un syst&egrave;me audio en bambou (petit bo&icirc;tier int&eacute;gr&eacute; dans le banc) qui vous permet de diffuser une musique relaxante pendant que vous dorlotez vos clients. Fourni avec des panneaux en bois clair en standard. En outre, vous pouvez habiller le fauteuil &agrave; votre go&ucirc;t en choisissant les panneaux que vous souhaitez pour la base.<\/p>\n\n<p>\nOptions :<\/p>\n<p>\n&ndash; Rev&ecirc;tement en beige ou blanc<\/p>\n<p>\n&ndash; Panneaux interchangeables : par jeu de 2 ou collection compl&egrave;te <\/p>\n<p>\n&ndash; Haut-parleur Bluetooth (Bamboo Sound System)<\/p>\n<p>\n&ndash; &Eacute;clairage LED multicolore (Cromo Mood)<\/p>\n<p>\n&ndash; Commande au pied<\/p>\n<p>\n&ndash; Ensemble de levage<\/p>\n\n<p>\nLongueur : 200 cm<\/p>\n<p>\nLargeur : 74 cm<\/p>\n<p>\nHauteur minimale : 66 cm<\/p>\n<p>\nHauteur maximale : 87 cm<\/p>\n<p>\nPoids: 135 kg<\/p>\n<p>\nEpaisseur matelas: 10 kg<\/p>\n<p>\nCapacit&eacute; de charge: 300 kg<\/p>\n\n<p>\nNous donnons 3 ans de garantie sur les moteurs.<\/p>\n\n","protected":false},"excerpt":{"rendered":"<p>Le Swop S4 up est un canap&eacute; &eacute;lectrique dot&eacute; d&rsquo;un matelas souple avec 2 accoudoirs, d&rsquo;un chauffage et d&rsquo;un logement tr&egrave;s stable sur 2 piliers. En outre, le canap&eacute; est &eacute;quip&eacute; de roues int&eacute;gr&eacute;es qui peuvent &ecirc;tre positionn&eacute;es et verrouill&eacute;es &agrave; l&rsquo;aide d&rsquo;un levier. Le canap&eacute; est &eacute;quip&eacute; de 4 moteurs pour r&eacute;gler la hauteur, &hellip; <\/p>\n<p class=\"link-more\"><a href=\"https:\/\/www.praktivak.be\/fr\/produit\/naggura-swop-s4-up-beige\/\" class=\"more-link\">Continuer la lecture<span class=\"screen-reader-text\"> \u00ab\u00a0Naggura Swop S4 up beige\u00a0\u00bb<\/span><\/a><\/p>\n","protected":false},"author":1,"featured_media":345372,"template":"","meta":{"_acf_changed":false,"_relevanssi_hide_post":"","_relevanssi_hide_content":"","_relevanssi_pin_for_all":"","_relevanssi_pin_keywords":"","_relevanssi_unpin_keywords":"","_relevanssi_related_keywords":"","_relevanssi_related_include_ids":"","_relevanssi_related_exclude_ids":"","_relevanssi_related_no_append":"","_relevanssi_related_not_related":"","_relevanssi_related_posts":"","_relevanssi_noindex_reason":"","advgb_blocks_editor_width":"","advgb_blocks_columns_visual_guide":"","footnotes":""},"product_brand":[],"product_cat":[2081,2096],"product_tag":[],"class_list":{"0":"post-165647","1":"product","2":"type-product","3":"status-publish","4":"has-post-thumbnail","6":"product_cat-massagebanken-inrichtingen-fr","7":"product_cat-massagebanken-naggura-swop-inrichtingen-fr","9":"first","10":"instock","11":"taxable","12":"shipping-taxable","13":"product-type-simple"},"acf":[],"yoast_head":"<!-- This site is optimized with the Yoast SEO plugin v27.2 - https:\/\/yoast.com\/product\/yoast-seo-wordpress\/ -->\n<title>Naggura Swop S4 up beige - Praktivak<\/title>\n<meta name=\"robots\" content=\"index, follow, max-snippet:-1, max-image-preview:large, max-video-preview:-1\" \/>\n<link rel=\"canonical\" href=\"https:\/\/www.praktivak.be\/fr\/produit\/naggura-swop-s4-up-beige\/\" \/>\n<meta property=\"og:locale\" content=\"fr_FR\" \/>\n<meta property=\"og:type\" content=\"article\" \/>\n<meta property=\"og:title\" content=\"Naggura Swop S4 up beige - Praktivak\" \/>\n<meta property=\"og:description\" content=\"Le Swop S4 up est un canap&eacute; &eacute;lectrique dot&eacute; d&rsquo;un matelas souple avec 2 accoudoirs, d&rsquo;un chauffage et d&rsquo;un logement tr&egrave;s stable sur 2 piliers. En outre, le canap&eacute; est &eacute;quip&eacute; de roues int&eacute;gr&eacute;es qui peuvent &ecirc;tre positionn&eacute;es et verrouill&eacute;es &agrave; l&rsquo;aide d&rsquo;un levier. Le canap&eacute; est &eacute;quip&eacute; de 4 moteurs pour r&eacute;gler la hauteur, &hellip; Continuer la lecture &quot;Naggura Swop S4 up beige&quot;\" \/>\n<meta property=\"og:url\" content=\"https:\/\/www.praktivak.be\/fr\/produit\/naggura-swop-s4-up-beige\/\" \/>\n<meta property=\"og:site_name\" content=\"Praktivak\" \/>\n<meta property=\"article:modified_time\" content=\"2026-02-01T15:53:35+00:00\" \/>\n<meta property=\"og:image\" content=\"https:\/\/www.praktivak.be\/wp-content\/uploads\/2026\/02\/ES4.A33.UP_-1.webp\" \/>\n\t<meta property=\"og:image:width\" content=\"1920\" \/>\n\t<meta property=\"og:image:height\" content=\"1920\" \/>\n\t<meta property=\"og:image:type\" content=\"image\/webp\" \/>\n<meta name=\"twitter:card\" content=\"summary_large_image\" \/>\n<meta name=\"twitter:label1\" content=\"Dur\u00e9e de lecture estim\u00e9e\" \/>\n\t<meta name=\"twitter:data1\" content=\"1 minute\" \/>\n<script type=\"application\/ld+json\" class=\"yoast-schema-graph\">{\"@context\":\"https:\/\/schema.org\",\"@graph\":[{\"@type\":\"WebPage\",\"@id\":\"https:\/\/www.praktivak.be\/fr\/produit\/naggura-swop-s4-up-beige\/\",\"url\":\"https:\/\/www.praktivak.be\/fr\/produit\/naggura-swop-s4-up-beige\/\",\"name\":\"Naggura Swop S4 up beige - Praktivak\",\"isPartOf\":{\"@id\":\"https:\/\/www.praktivak.be\/fr\/#website\"},\"primaryImageOfPage\":{\"@id\":\"https:\/\/www.praktivak.be\/fr\/produit\/naggura-swop-s4-up-beige\/#primaryimage\"},\"image\":{\"@id\":\"https:\/\/www.praktivak.be\/fr\/produit\/naggura-swop-s4-up-beige\/#primaryimage\"},\"thumbnailUrl\":\"https:\/\/www.praktivak.be\/wp-content\/uploads\/2026\/02\/ES4.A33.UP_-1.webp\",\"datePublished\":\"2025-08-14T18:44:22+00:00\",\"dateModified\":\"2026-02-01T15:53:35+00:00\",\"breadcrumb\":{\"@id\":\"https:\/\/www.praktivak.be\/fr\/produit\/naggura-swop-s4-up-beige\/#breadcrumb\"},\"inLanguage\":\"fr-FR\",\"potentialAction\":[{\"@type\":\"ReadAction\",\"target\":[\"https:\/\/www.praktivak.be\/fr\/produit\/naggura-swop-s4-up-beige\/\"]}]},{\"@type\":\"ImageObject\",\"inLanguage\":\"fr-FR\",\"@id\":\"https:\/\/www.praktivak.be\/fr\/produit\/naggura-swop-s4-up-beige\/#primaryimage\",\"url\":\"https:\/\/www.praktivak.be\/wp-content\/uploads\/2026\/02\/ES4.A33.UP_-1.webp\",\"contentUrl\":\"https:\/\/www.praktivak.be\/wp-content\/uploads\/2026\/02\/ES4.A33.UP_-1.webp\",\"width\":1920,\"height\":1920,\"caption\":\"Naggura Swop S4 Up beige\"},{\"@type\":\"BreadcrumbList\",\"@id\":\"https:\/\/www.praktivak.be\/fr\/produit\/naggura-swop-s4-up-beige\/#breadcrumb\",\"itemListElement\":[{\"@type\":\"ListItem\",\"position\":1,\"name\":\"Home\",\"item\":\"https:\/\/www.praktivak.be\/fr\/\"},{\"@type\":\"ListItem\",\"position\":2,\"name\":\"Boutique\",\"item\":\"https:\/\/www.praktivak.be\/fr\/boutique\/\"},{\"@type\":\"ListItem\",\"position\":3,\"name\":\"Naggura Swop S4 up beige\"}]},{\"@type\":\"WebSite\",\"@id\":\"https:\/\/www.praktivak.be\/fr\/#website\",\"url\":\"https:\/\/www.praktivak.be\/fr\/\",\"name\":\"Praktivak\",\"description\":\"\",\"publisher\":{\"@id\":\"https:\/\/www.praktivak.be\/fr\/#organization\"},\"potentialAction\":[{\"@type\":\"SearchAction\",\"target\":{\"@type\":\"EntryPoint\",\"urlTemplate\":\"https:\/\/www.praktivak.be\/fr\/?s={search_term_string}\"},\"query-input\":{\"@type\":\"PropertyValueSpecification\",\"valueRequired\":true,\"valueName\":\"search_term_string\"}}],\"inLanguage\":\"fr-FR\"},{\"@type\":\"Organization\",\"@id\":\"https:\/\/www.praktivak.be\/fr\/#organization\",\"name\":\"Praktivak\",\"url\":\"https:\/\/www.praktivak.be\/fr\/\",\"logo\":{\"@type\":\"ImageObject\",\"inLanguage\":\"fr-FR\",\"@id\":\"https:\/\/www.praktivak.be\/fr\/#\/schema\/logo\/image\/\",\"url\":\"https:\/\/www.praktivak.be\/wp-content\/uploads\/2024\/09\/Logo.png\",\"contentUrl\":\"https:\/\/www.praktivak.be\/wp-content\/uploads\/2024\/09\/Logo.png\",\"width\":1774,\"height\":337,\"caption\":\"Praktivak\"},\"image\":{\"@id\":\"https:\/\/www.praktivak.be\/fr\/#\/schema\/logo\/image\/\"}}]}<\/script>\n<!-- \/ Yoast SEO plugin. -->","yoast_head_json":{"title":"Naggura Swop S4 up beige - Praktivak","robots":{"index":"index","follow":"follow","max-snippet":"max-snippet:-1","max-image-preview":"max-image-preview:large","max-video-preview":"max-video-preview:-1"},"canonical":"https:\/\/www.praktivak.be\/fr\/produit\/naggura-swop-s4-up-beige\/","og_locale":"fr_FR","og_type":"article","og_title":"Naggura Swop S4 up beige - Praktivak","og_description":"Le Swop S4 up est un canap&eacute; &eacute;lectrique dot&eacute; d&rsquo;un matelas souple avec 2 accoudoirs, d&rsquo;un chauffage et d&rsquo;un logement tr&egrave;s stable sur 2 piliers. En outre, le canap&eacute; est &eacute;quip&eacute; de roues int&eacute;gr&eacute;es qui peuvent &ecirc;tre positionn&eacute;es et verrouill&eacute;es &agrave; l&rsquo;aide d&rsquo;un levier. Le canap&eacute; est &eacute;quip&eacute; de 4 moteurs pour r&eacute;gler la hauteur, &hellip; Continuer la lecture \"Naggura Swop S4 up beige\"","og_url":"https:\/\/www.praktivak.be\/fr\/produit\/naggura-swop-s4-up-beige\/","og_site_name":"Praktivak","article_modified_time":"2026-02-01T15:53:35+00:00","og_image":[{"width":1920,"height":1920,"url":"https:\/\/www.praktivak.be\/wp-content\/uploads\/2026\/02\/ES4.A33.UP_-1.webp","type":"image\/webp"}],"twitter_card":"summary_large_image","twitter_misc":{"Dur\u00e9e de lecture estim\u00e9e":"1 minute"},"schema":{"@context":"https:\/\/schema.org","@graph":[{"@type":"WebPage","@id":"https:\/\/www.praktivak.be\/fr\/produit\/naggura-swop-s4-up-beige\/","url":"https:\/\/www.praktivak.be\/fr\/produit\/naggura-swop-s4-up-beige\/","name":"Naggura Swop S4 up beige - Praktivak","isPartOf":{"@id":"https:\/\/www.praktivak.be\/fr\/#website"},"primaryImageOfPage":{"@id":"https:\/\/www.praktivak.be\/fr\/produit\/naggura-swop-s4-up-beige\/#primaryimage"},"image":{"@id":"https:\/\/www.praktivak.be\/fr\/produit\/naggura-swop-s4-up-beige\/#primaryimage"},"thumbnailUrl":"https:\/\/www.praktivak.be\/wp-content\/uploads\/2026\/02\/ES4.A33.UP_-1.webp","datePublished":"2025-08-14T18:44:22+00:00","dateModified":"2026-02-01T15:53:35+00:00","breadcrumb":{"@id":"https:\/\/www.praktivak.be\/fr\/produit\/naggura-swop-s4-up-beige\/#breadcrumb"},"inLanguage":"fr-FR","potentialAction":[{"@type":"ReadAction","target":["https:\/\/www.praktivak.be\/fr\/produit\/naggura-swop-s4-up-beige\/"]}]},{"@type":"ImageObject","inLanguage":"fr-FR","@id":"https:\/\/www.praktivak.be\/fr\/produit\/naggura-swop-s4-up-beige\/#primaryimage","url":"https:\/\/www.praktivak.be\/wp-content\/uploads\/2026\/02\/ES4.A33.UP_-1.webp","contentUrl":"https:\/\/www.praktivak.be\/wp-content\/uploads\/2026\/02\/ES4.A33.UP_-1.webp","width":1920,"height":1920,"caption":"Naggura Swop S4 Up beige"},{"@type":"BreadcrumbList","@id":"https:\/\/www.praktivak.be\/fr\/produit\/naggura-swop-s4-up-beige\/#breadcrumb","itemListElement":[{"@type":"ListItem","position":1,"name":"Home","item":"https:\/\/www.praktivak.be\/fr\/"},{"@type":"ListItem","position":2,"name":"Boutique","item":"https:\/\/www.praktivak.be\/fr\/boutique\/"},{"@type":"ListItem","position":3,"name":"Naggura Swop S4 up beige"}]},{"@type":"WebSite","@id":"https:\/\/www.praktivak.be\/fr\/#website","url":"https:\/\/www.praktivak.be\/fr\/","name":"Praktivak","description":"","publisher":{"@id":"https:\/\/www.praktivak.be\/fr\/#organization"},"potentialAction":[{"@type":"SearchAction","target":{"@type":"EntryPoint","urlTemplate":"https:\/\/www.praktivak.be\/fr\/?s={search_term_string}"},"query-input":{"@type":"PropertyValueSpecification","valueRequired":true,"valueName":"search_term_string"}}],"inLanguage":"fr-FR"},{"@type":"Organization","@id":"https:\/\/www.praktivak.be\/fr\/#organization","name":"Praktivak","url":"https:\/\/www.praktivak.be\/fr\/","logo":{"@type":"ImageObject","inLanguage":"fr-FR","@id":"https:\/\/www.praktivak.be\/fr\/#\/schema\/logo\/image\/","url":"https:\/\/www.praktivak.be\/wp-content\/uploads\/2024\/09\/Logo.png","contentUrl":"https:\/\/www.praktivak.be\/wp-content\/uploads\/2024\/09\/Logo.png","width":1774,"height":337,"caption":"Praktivak"},"image":{"@id":"https:\/\/www.praktivak.be\/fr\/#\/schema\/logo\/image\/"}}]}},"featured_img":"https:\/\/www.praktivak.be\/wp-content\/uploads\/2026\/02\/ES4.A33.UP_-1.webp","coauthors":[],"author_meta":{"author_link":"https:\/\/www.praktivak.be\/fr\/author\/madeit\/","display_name":"Tjebbe Lievens"},"relative_dates":{"created":"Publi\u00e9 8 mois il y a","modified":"Mis \u00e0 jour 2 mois il y a"},"absolute_dates":{"created":"Publi\u00e9 le 14 ao\u00fbt 2025","modified":"Mise \u00e0 jour le 1 f\u00e9vrier 2026"},"absolute_dates_time":{"created":"Publi\u00e9 le 14 ao\u00fbt 2025 20h44","modified":"Mise \u00e0 jour le 1 f\u00e9vrier 2026 16h53"},"featured_img_caption":"","tax_additional":{"product_brand":{"linked":[],"unlinked":[],"slug":"product_brand","name":"Marques"},"product_type":{"linked":["<a href=\"https:\/\/www.praktivak.be\/fr\/?taxonomy=product_type&#038;term=simple\" class=\"advgb-post-tax-term\">simple<\/a>"],"unlinked":["<span class=\"advgb-post-tax-term\">simple<\/span>"],"slug":"product_type","name":"Type de produit"},"product_visibility":{"linked":[],"unlinked":[],"slug":"product_visibility","name":"Visibilit\u00e9 du produit"},"product_cat":{"linked":["<a href=\"https:\/\/www.praktivak.be\/fr\/categorie-de-produit\/inrichtingen-fr\/massagebanken-inrichtingen-fr\/\" class=\"advgb-post-tax-term\">Tables de massage<\/a>","<a href=\"https:\/\/www.praktivak.be\/fr\/categorie-de-produit\/inrichtingen-fr\/naggura-swop-inrichtingen-fr\/massagebanken-naggura-swop-inrichtingen-fr\/\" class=\"advgb-post-tax-term\">Tables de massage<\/a>"],"unlinked":["<span class=\"advgb-post-tax-term\">Tables de massage<\/span>","<span class=\"advgb-post-tax-term\">Tables de massage<\/span>"],"slug":"product_cat","name":"Cat\u00e9gories de produits"},"product_tag":{"linked":[],"unlinked":[],"slug":"product_tag","name":"\u00c9tiquettes produit"},"product_shipping_class":{"linked":[],"unlinked":[],"slug":"product_shipping_class","name":"Classe d\u2019exp\u00e9dition du produit"},"pos_product_visibility":{"linked":[],"unlinked":[],"slug":"pos_product_visibility","name":"Visibilit\u00e9 du produit sur le point de vente"},"translation_priority":{"linked":[],"unlinked":[],"slug":"translation_priority","name":"Priorit\u00e9s de traduction"}},"series_order":"","_links":{"self":[{"href":"https:\/\/www.praktivak.be\/fr\/wp-json\/wp\/v2\/product\/165647","targetHints":{"allow":["GET"]}}],"collection":[{"href":"https:\/\/www.praktivak.be\/fr\/wp-json\/wp\/v2\/product"}],"about":[{"href":"https:\/\/www.praktivak.be\/fr\/wp-json\/wp\/v2\/types\/product"}],"version-history":[{"count":107,"href":"https:\/\/www.praktivak.be\/fr\/wp-json\/wp\/v2\/product\/165647\/revisions"}],"predecessor-version":[{"id":345396,"href":"https:\/\/www.praktivak.be\/fr\/wp-json\/wp\/v2\/product\/165647\/revisions\/345396"}],"wp:featuredmedia":[{"embeddable":true,"href":"https:\/\/www.praktivak.be\/fr\/wp-json\/wp\/v2\/media\/345372"}],"wp:attachment":[{"href":"https:\/\/www.praktivak.be\/fr\/wp-json\/wp\/v2\/media?parent=165647"}],"wp:term":[{"taxonomy":"product_brand","embeddable":true,"href":"https:\/\/www.praktivak.be\/fr\/wp-json\/wp\/v2\/product_brand?post=165647"},{"taxonomy":"product_cat","embeddable":true,"href":"https:\/\/www.praktivak.be\/fr\/wp-json\/wp\/v2\/product_cat?post=165647"},{"taxonomy":"product_tag","embeddable":true,"href":"https:\/\/www.praktivak.be\/fr\/wp-json\/wp\/v2\/product_tag?post=165647"}],"curies":[{"name":"wp","href":"https:\/\/api.w.org\/{rel}","templated":true}]}}