

{"id":165607,"date":"2025-08-14T20:43:20","date_gmt":"2025-08-14T18:43:20","guid":{"rendered":"https:\/\/www.praktivak.be\/product\/swop-s3-pro-wit\/"},"modified":"2026-03-23T10:43:54","modified_gmt":"2026-03-23T09:43:54","slug":"swop-s3-pro-wit","status":"publish","type":"product","link":"https:\/\/www.praktivak.be\/fr\/produit\/swop-s3-pro-wit\/","title":{"rendered":"Naggura Swop S3 Pro wit"},"content":{"rendered":"\n<p data-oe-version=\"1.2\"><\/p>\n<p>\nDe  Swop S3 Pro is een elektrische bank met een softe matras met 2 armsteunen, verwarming en een houten behuizing. De bank is uitgerust met 3 motoren om de hoogte, de rugleuning en de kanteling van het beendeel te verstellen. De slijtvastheid van het kunstleer is maar liefst 250K en beschermt tegen bacteri&euml;n en UV stralen. Deze bank is standaard voorzien van een papierrolhouder, twinlift armsteunen en een wit LED-licht op het onderstel. U kan dit uitbreiden met het Cromo Mood Led licht.  (verschillende kleuren in te stellen) en ook een bamboo sound system (kleine box ge&iuml;ntegreerd in bank) waarmee u fijne relax muziek kunt afspelen tijdens het verwennen van uw klanten. De behuizing is gemaakt van natuurlijk licht hout. Standaard geleverd met lichthouten panelen. Daarnaast kan u de stoel aankleden naar uw smaak door panelen te kiezen die u mooi vindt voor het onderstel.<\/p>\n<p>\n<\/p>\n<p>\nOpties:<\/p>\n<p>\n&ndash; Verwisselbare panelen: per set van 2 of volledige collectie <\/p>\n<p>\n&ndash; Bluetooth Speaker (Bamboo Sound System)<\/p>\n<p>\n&ndash; Multi-coloured LED lighting (Cromo Mood)<\/p>\n<p>\n&ndash; Voetbediening<\/p>\n<p>\n&ndash; Hoesset<\/p>\n<p>\n<\/p>\n<p>\nLengte: 200 cm<\/p>\n<p>\nBreedte: 75 cm<\/p>\n<p>\nMinimum hoogte: 62 cm<\/p>\n<p>\nMaximum hoogte: 88 cm<\/p>\n<p>\nDikte matras: 10 cm<\/p>\n<p>\nGewicht: 110 kg<\/p>\n<p>\nDraagkracht: 175 kg<\/p>\n<p>\n<\/p>\n<p>\nWij geven 3 jaar garantie op de motoren<\/p>\n<p><\/p>\n\n","protected":false},"excerpt":{"rendered":"<p>De Swop S3 Pro is een elektrische bank met een softe matras met 2 armsteunen, verwarming en een houten behuizing. De bank is uitgerust met 3 motoren om de hoogte, de rugleuning en de kanteling van het beendeel te verstellen. De slijtvastheid van het kunstleer is maar liefst 250K en beschermt tegen bacteri&euml;n en UV &hellip; <\/p>\n<p class=\"link-more\"><a href=\"https:\/\/www.praktivak.be\/fr\/produit\/swop-s3-pro-wit\/\" class=\"more-link\">Continuer la lecture<span class=\"screen-reader-text\"> \u00ab\u00a0Naggura Swop S3 Pro wit\u00a0\u00bb<\/span><\/a><\/p>\n","protected":false},"author":1,"featured_media":349815,"template":"","meta":{"_acf_changed":false,"_relevanssi_hide_post":"","_relevanssi_hide_content":"","_relevanssi_pin_for_all":"","_relevanssi_pin_keywords":"","_relevanssi_unpin_keywords":"","_relevanssi_related_keywords":"","_relevanssi_related_include_ids":"","_relevanssi_related_exclude_ids":"","_relevanssi_related_no_append":"","_relevanssi_related_not_related":"","_relevanssi_related_posts":"","_relevanssi_noindex_reason":"","advgb_blocks_editor_width":"","advgb_blocks_columns_visual_guide":"","footnotes":""},"product_brand":[],"product_cat":[2081,2096],"product_tag":[],"class_list":{"0":"post-165607","1":"product","2":"type-product","3":"status-publish","4":"has-post-thumbnail","6":"product_cat-massagebanken-inrichtingen-fr","7":"product_cat-massagebanken-naggura-swop-inrichtingen-fr","9":"first","10":"instock","11":"taxable","12":"shipping-taxable","13":"product-type-simple"},"acf":[],"yoast_head":"<!-- This site is optimized with the Yoast SEO plugin v27.2 - https:\/\/yoast.com\/product\/yoast-seo-wordpress\/ -->\n<title>Naggura Swop S3 Pro wit - Praktivak<\/title>\n<meta name=\"robots\" content=\"index, follow, max-snippet:-1, max-image-preview:large, max-video-preview:-1\" \/>\n<link rel=\"canonical\" href=\"https:\/\/www.praktivak.be\/fr\/produit\/swop-s3-pro-wit\/\" \/>\n<meta property=\"og:locale\" content=\"fr_FR\" \/>\n<meta property=\"og:type\" content=\"article\" \/>\n<meta property=\"og:title\" content=\"Naggura Swop S3 Pro wit - Praktivak\" \/>\n<meta property=\"og:description\" content=\"De Swop S3 Pro is een elektrische bank met een softe matras met 2 armsteunen, verwarming en een houten behuizing. De bank is uitgerust met 3 motoren om de hoogte, de rugleuning en de kanteling van het beendeel te verstellen. De slijtvastheid van het kunstleer is maar liefst 250K en beschermt tegen bacteri&euml;n en UV &hellip; Continuer la lecture &quot;Naggura Swop S3 Pro wit&quot;\" \/>\n<meta property=\"og:url\" content=\"https:\/\/www.praktivak.be\/fr\/produit\/swop-s3-pro-wit\/\" \/>\n<meta property=\"og:site_name\" content=\"Praktivak\" \/>\n<meta property=\"article:modified_time\" content=\"2026-03-23T09:43:54+00:00\" \/>\n<meta property=\"og:image\" content=\"https:\/\/www.praktivak.be\/wp-content\/uploads\/2026\/03\/es33a26lbpro.jpg\" \/>\n\t<meta property=\"og:image:width\" content=\"1000\" \/>\n\t<meta property=\"og:image:height\" content=\"1000\" \/>\n\t<meta property=\"og:image:type\" content=\"image\/jpeg\" \/>\n<meta name=\"twitter:card\" content=\"summary_large_image\" \/>\n<meta name=\"twitter:label1\" content=\"Dur\u00e9e de lecture estim\u00e9e\" \/>\n\t<meta name=\"twitter:data1\" content=\"1 minute\" \/>\n<script type=\"application\/ld+json\" class=\"yoast-schema-graph\">{\"@context\":\"https:\/\/schema.org\",\"@graph\":[{\"@type\":\"WebPage\",\"@id\":\"https:\/\/www.praktivak.be\/fr\/produit\/swop-s3-pro-wit\/\",\"url\":\"https:\/\/www.praktivak.be\/fr\/produit\/swop-s3-pro-wit\/\",\"name\":\"Naggura Swop S3 Pro wit - Praktivak\",\"isPartOf\":{\"@id\":\"https:\/\/www.praktivak.be\/fr\/#website\"},\"primaryImageOfPage\":{\"@id\":\"https:\/\/www.praktivak.be\/fr\/produit\/swop-s3-pro-wit\/#primaryimage\"},\"image\":{\"@id\":\"https:\/\/www.praktivak.be\/fr\/produit\/swop-s3-pro-wit\/#primaryimage\"},\"thumbnailUrl\":\"https:\/\/www.praktivak.be\/wp-content\/uploads\/2026\/03\/es33a26lbpro.jpg\",\"datePublished\":\"2025-08-14T18:43:20+00:00\",\"dateModified\":\"2026-03-23T09:43:54+00:00\",\"breadcrumb\":{\"@id\":\"https:\/\/www.praktivak.be\/fr\/produit\/swop-s3-pro-wit\/#breadcrumb\"},\"inLanguage\":\"fr-FR\",\"potentialAction\":[{\"@type\":\"ReadAction\",\"target\":[\"https:\/\/www.praktivak.be\/fr\/produit\/swop-s3-pro-wit\/\"]}]},{\"@type\":\"ImageObject\",\"inLanguage\":\"fr-FR\",\"@id\":\"https:\/\/www.praktivak.be\/fr\/produit\/swop-s3-pro-wit\/#primaryimage\",\"url\":\"https:\/\/www.praktivak.be\/wp-content\/uploads\/2026\/03\/es33a26lbpro.jpg\",\"contentUrl\":\"https:\/\/www.praktivak.be\/wp-content\/uploads\/2026\/03\/es33a26lbpro.jpg\",\"width\":1000,\"height\":1000,\"caption\":\"Naggura Swop S3 Pro wit\"},{\"@type\":\"BreadcrumbList\",\"@id\":\"https:\/\/www.praktivak.be\/fr\/produit\/swop-s3-pro-wit\/#breadcrumb\",\"itemListElement\":[{\"@type\":\"ListItem\",\"position\":1,\"name\":\"Home\",\"item\":\"https:\/\/www.praktivak.be\/fr\/\"},{\"@type\":\"ListItem\",\"position\":2,\"name\":\"Boutique\",\"item\":\"https:\/\/www.praktivak.be\/fr\/boutique\/\"},{\"@type\":\"ListItem\",\"position\":3,\"name\":\"Naggura Swop S3 Pro wit\"}]},{\"@type\":\"WebSite\",\"@id\":\"https:\/\/www.praktivak.be\/fr\/#website\",\"url\":\"https:\/\/www.praktivak.be\/fr\/\",\"name\":\"Praktivak\",\"description\":\"\",\"publisher\":{\"@id\":\"https:\/\/www.praktivak.be\/fr\/#organization\"},\"potentialAction\":[{\"@type\":\"SearchAction\",\"target\":{\"@type\":\"EntryPoint\",\"urlTemplate\":\"https:\/\/www.praktivak.be\/fr\/?s={search_term_string}\"},\"query-input\":{\"@type\":\"PropertyValueSpecification\",\"valueRequired\":true,\"valueName\":\"search_term_string\"}}],\"inLanguage\":\"fr-FR\"},{\"@type\":\"Organization\",\"@id\":\"https:\/\/www.praktivak.be\/fr\/#organization\",\"name\":\"Praktivak\",\"url\":\"https:\/\/www.praktivak.be\/fr\/\",\"logo\":{\"@type\":\"ImageObject\",\"inLanguage\":\"fr-FR\",\"@id\":\"https:\/\/www.praktivak.be\/fr\/#\/schema\/logo\/image\/\",\"url\":\"https:\/\/www.praktivak.be\/wp-content\/uploads\/2024\/09\/Logo.png\",\"contentUrl\":\"https:\/\/www.praktivak.be\/wp-content\/uploads\/2024\/09\/Logo.png\",\"width\":1774,\"height\":337,\"caption\":\"Praktivak\"},\"image\":{\"@id\":\"https:\/\/www.praktivak.be\/fr\/#\/schema\/logo\/image\/\"}}]}<\/script>\n<!-- \/ Yoast SEO plugin. -->","yoast_head_json":{"title":"Naggura Swop S3 Pro wit - Praktivak","robots":{"index":"index","follow":"follow","max-snippet":"max-snippet:-1","max-image-preview":"max-image-preview:large","max-video-preview":"max-video-preview:-1"},"canonical":"https:\/\/www.praktivak.be\/fr\/produit\/swop-s3-pro-wit\/","og_locale":"fr_FR","og_type":"article","og_title":"Naggura Swop S3 Pro wit - Praktivak","og_description":"De Swop S3 Pro is een elektrische bank met een softe matras met 2 armsteunen, verwarming en een houten behuizing. De bank is uitgerust met 3 motoren om de hoogte, de rugleuning en de kanteling van het beendeel te verstellen. De slijtvastheid van het kunstleer is maar liefst 250K en beschermt tegen bacteri&euml;n en UV &hellip; Continuer la lecture \"Naggura Swop S3 Pro wit\"","og_url":"https:\/\/www.praktivak.be\/fr\/produit\/swop-s3-pro-wit\/","og_site_name":"Praktivak","article_modified_time":"2026-03-23T09:43:54+00:00","og_image":[{"width":1000,"height":1000,"url":"https:\/\/www.praktivak.be\/wp-content\/uploads\/2026\/03\/es33a26lbpro.jpg","type":"image\/jpeg"}],"twitter_card":"summary_large_image","twitter_misc":{"Dur\u00e9e de lecture estim\u00e9e":"1 minute"},"schema":{"@context":"https:\/\/schema.org","@graph":[{"@type":"WebPage","@id":"https:\/\/www.praktivak.be\/fr\/produit\/swop-s3-pro-wit\/","url":"https:\/\/www.praktivak.be\/fr\/produit\/swop-s3-pro-wit\/","name":"Naggura Swop S3 Pro wit - Praktivak","isPartOf":{"@id":"https:\/\/www.praktivak.be\/fr\/#website"},"primaryImageOfPage":{"@id":"https:\/\/www.praktivak.be\/fr\/produit\/swop-s3-pro-wit\/#primaryimage"},"image":{"@id":"https:\/\/www.praktivak.be\/fr\/produit\/swop-s3-pro-wit\/#primaryimage"},"thumbnailUrl":"https:\/\/www.praktivak.be\/wp-content\/uploads\/2026\/03\/es33a26lbpro.jpg","datePublished":"2025-08-14T18:43:20+00:00","dateModified":"2026-03-23T09:43:54+00:00","breadcrumb":{"@id":"https:\/\/www.praktivak.be\/fr\/produit\/swop-s3-pro-wit\/#breadcrumb"},"inLanguage":"fr-FR","potentialAction":[{"@type":"ReadAction","target":["https:\/\/www.praktivak.be\/fr\/produit\/swop-s3-pro-wit\/"]}]},{"@type":"ImageObject","inLanguage":"fr-FR","@id":"https:\/\/www.praktivak.be\/fr\/produit\/swop-s3-pro-wit\/#primaryimage","url":"https:\/\/www.praktivak.be\/wp-content\/uploads\/2026\/03\/es33a26lbpro.jpg","contentUrl":"https:\/\/www.praktivak.be\/wp-content\/uploads\/2026\/03\/es33a26lbpro.jpg","width":1000,"height":1000,"caption":"Naggura Swop S3 Pro wit"},{"@type":"BreadcrumbList","@id":"https:\/\/www.praktivak.be\/fr\/produit\/swop-s3-pro-wit\/#breadcrumb","itemListElement":[{"@type":"ListItem","position":1,"name":"Home","item":"https:\/\/www.praktivak.be\/fr\/"},{"@type":"ListItem","position":2,"name":"Boutique","item":"https:\/\/www.praktivak.be\/fr\/boutique\/"},{"@type":"ListItem","position":3,"name":"Naggura Swop S3 Pro wit"}]},{"@type":"WebSite","@id":"https:\/\/www.praktivak.be\/fr\/#website","url":"https:\/\/www.praktivak.be\/fr\/","name":"Praktivak","description":"","publisher":{"@id":"https:\/\/www.praktivak.be\/fr\/#organization"},"potentialAction":[{"@type":"SearchAction","target":{"@type":"EntryPoint","urlTemplate":"https:\/\/www.praktivak.be\/fr\/?s={search_term_string}"},"query-input":{"@type":"PropertyValueSpecification","valueRequired":true,"valueName":"search_term_string"}}],"inLanguage":"fr-FR"},{"@type":"Organization","@id":"https:\/\/www.praktivak.be\/fr\/#organization","name":"Praktivak","url":"https:\/\/www.praktivak.be\/fr\/","logo":{"@type":"ImageObject","inLanguage":"fr-FR","@id":"https:\/\/www.praktivak.be\/fr\/#\/schema\/logo\/image\/","url":"https:\/\/www.praktivak.be\/wp-content\/uploads\/2024\/09\/Logo.png","contentUrl":"https:\/\/www.praktivak.be\/wp-content\/uploads\/2024\/09\/Logo.png","width":1774,"height":337,"caption":"Praktivak"},"image":{"@id":"https:\/\/www.praktivak.be\/fr\/#\/schema\/logo\/image\/"}}]}},"featured_img":"https:\/\/www.praktivak.be\/wp-content\/uploads\/2026\/03\/es33a26lbpro.jpg","coauthors":[],"author_meta":{"author_link":"https:\/\/www.praktivak.be\/fr\/author\/madeit\/","display_name":"Tjebbe Lievens"},"relative_dates":{"created":"Publi\u00e9 8 mois il y a","modified":"Mis \u00e0 jour 3 semaines il y a"},"absolute_dates":{"created":"Publi\u00e9 le 14 ao\u00fbt 2025","modified":"Mise \u00e0 jour le 23 mars 2026"},"absolute_dates_time":{"created":"Publi\u00e9 le 14 ao\u00fbt 2025 20h43","modified":"Mise \u00e0 jour le 23 mars 2026 10h43"},"featured_img_caption":"","tax_additional":{"product_brand":{"linked":[],"unlinked":[],"slug":"product_brand","name":"Marques"},"product_type":{"linked":["<a href=\"https:\/\/www.praktivak.be\/fr\/?taxonomy=product_type&#038;term=simple\" class=\"advgb-post-tax-term\">simple<\/a>"],"unlinked":["<span class=\"advgb-post-tax-term\">simple<\/span>"],"slug":"product_type","name":"Type de produit"},"product_visibility":{"linked":[],"unlinked":[],"slug":"product_visibility","name":"Visibilit\u00e9 du produit"},"product_cat":{"linked":["<a href=\"https:\/\/www.praktivak.be\/fr\/categorie-de-produit\/inrichtingen-fr\/massagebanken-inrichtingen-fr\/\" class=\"advgb-post-tax-term\">Tables de massage<\/a>","<a href=\"https:\/\/www.praktivak.be\/fr\/categorie-de-produit\/inrichtingen-fr\/naggura-swop-inrichtingen-fr\/massagebanken-naggura-swop-inrichtingen-fr\/\" class=\"advgb-post-tax-term\">Tables de massage<\/a>"],"unlinked":["<span class=\"advgb-post-tax-term\">Tables de massage<\/span>","<span class=\"advgb-post-tax-term\">Tables de massage<\/span>"],"slug":"product_cat","name":"Cat\u00e9gories de produits"},"product_tag":{"linked":[],"unlinked":[],"slug":"product_tag","name":"\u00c9tiquettes produit"},"product_shipping_class":{"linked":[],"unlinked":[],"slug":"product_shipping_class","name":"Classe d\u2019exp\u00e9dition du produit"},"pos_product_visibility":{"linked":[],"unlinked":[],"slug":"pos_product_visibility","name":"Visibilit\u00e9 du produit sur le point de vente"},"translation_priority":{"linked":[],"unlinked":[],"slug":"translation_priority","name":"Priorit\u00e9s de traduction"}},"series_order":"","_links":{"self":[{"href":"https:\/\/www.praktivak.be\/fr\/wp-json\/wp\/v2\/product\/165607","targetHints":{"allow":["GET"]}}],"collection":[{"href":"https:\/\/www.praktivak.be\/fr\/wp-json\/wp\/v2\/product"}],"about":[{"href":"https:\/\/www.praktivak.be\/fr\/wp-json\/wp\/v2\/types\/product"}],"version-history":[{"count":1354,"href":"https:\/\/www.praktivak.be\/fr\/wp-json\/wp\/v2\/product\/165607\/revisions"}],"predecessor-version":[{"id":351848,"href":"https:\/\/www.praktivak.be\/fr\/wp-json\/wp\/v2\/product\/165607\/revisions\/351848"}],"wp:featuredmedia":[{"embeddable":true,"href":"https:\/\/www.praktivak.be\/fr\/wp-json\/wp\/v2\/media\/349815"}],"wp:attachment":[{"href":"https:\/\/www.praktivak.be\/fr\/wp-json\/wp\/v2\/media?parent=165607"}],"wp:term":[{"taxonomy":"product_brand","embeddable":true,"href":"https:\/\/www.praktivak.be\/fr\/wp-json\/wp\/v2\/product_brand?post=165607"},{"taxonomy":"product_cat","embeddable":true,"href":"https:\/\/www.praktivak.be\/fr\/wp-json\/wp\/v2\/product_cat?post=165607"},{"taxonomy":"product_tag","embeddable":true,"href":"https:\/\/www.praktivak.be\/fr\/wp-json\/wp\/v2\/product_tag?post=165607"}],"curies":[{"name":"wp","href":"https:\/\/api.w.org\/{rel}","templated":true}]}}