

{"id":165596,"date":"2025-08-14T20:43:06","date_gmt":"2025-08-14T18:43:06","guid":{"rendered":"https:\/\/www.praktivak.be\/product\/swop-praktijkmeubel-hap-lichtgrijs\/"},"modified":"2026-02-01T16:47:16","modified_gmt":"2026-02-01T15:47:16","slug":"gueridon-swop-hap-gris-clair","status":"publish","type":"product","link":"https:\/\/www.praktivak.be\/fr\/produit\/gueridon-swop-hap-gris-clair\/","title":{"rendered":"Gueridon Swop H\u00e4p gris clair"},"content":{"rendered":"\n<p>\nChariot de qualit&eacute; sup&eacute;rieure au design ultra robuste, id&eacute;al pour y placer votre mat&eacute;riel.  &Eacute;quip&eacute; de 4 roues pivotantes &agrave; 360&ordm; et d&rsquo;une poign&eacute;e avant ou arri&egrave;re. Espace de rangement spacieux et c&ocirc;t&eacute;s avec panneau m&eacute;tallique perfor&eacute;, &eacute;galement pr&eacute;vu pour y placer des accessoires. Fabriqu&eacute; en fer peint et en contreplaqu&eacute; avec panneau de m&eacute;lamine &agrave; l&rsquo;ext&eacute;rieur.<\/p>\n\n<p>\nDisponible en vert-gris, rose, gris clair et noir.<\/p>\n\n<p>\nHauteur: 100 cm<\/p>\n<p>\nLargeur: 47 cm<\/p>\n<p>\nLargeur de la table de travail: 40 cm<\/p>\n<p>\nProfondeur: 47 cm<\/p>\n<p>\nPoids: 45 kg<\/p>\n\n","protected":false},"excerpt":{"rendered":"<p>Chariot de qualit&eacute; sup&eacute;rieure au design ultra robuste, id&eacute;al pour y placer votre mat&eacute;riel. &Eacute;quip&eacute; de 4 roues pivotantes &agrave; 360&ordm; et d&rsquo;une poign&eacute;e avant ou arri&egrave;re. Espace de rangement spacieux et c&ocirc;t&eacute;s avec panneau m&eacute;tallique perfor&eacute;, &eacute;galement pr&eacute;vu pour y placer des accessoires. Fabriqu&eacute; en fer peint et en contreplaqu&eacute; avec panneau de m&eacute;lamine &hellip; <\/p>\n<p class=\"link-more\"><a href=\"https:\/\/www.praktivak.be\/fr\/produit\/gueridon-swop-hap-gris-clair\/\" class=\"more-link\">Continuer la lecture<span class=\"screen-reader-text\"> \u00ab\u00a0Gueridon Swop H\u00e4p gris clair\u00a0\u00bb<\/span><\/a><\/p>\n","protected":false},"author":1,"featured_media":344633,"template":"","meta":{"_acf_changed":false,"_relevanssi_hide_post":"","_relevanssi_hide_content":"","_relevanssi_pin_for_all":"","_relevanssi_pin_keywords":"","_relevanssi_unpin_keywords":"","_relevanssi_related_keywords":"","_relevanssi_related_include_ids":"","_relevanssi_related_exclude_ids":"","_relevanssi_related_no_append":"","_relevanssi_related_not_related":"","_relevanssi_related_posts":"","_relevanssi_noindex_reason":"","advgb_blocks_editor_width":"","advgb_blocks_columns_visual_guide":"","footnotes":""},"product_brand":[],"product_cat":[2080],"product_tag":[],"class_list":{"0":"post-165596","1":"product","2":"type-product","3":"status-publish","4":"has-post-thumbnail","6":"product_cat-meubels-inrichtingen-fr","8":"first","9":"instock","10":"taxable","11":"shipping-taxable","12":"product-type-simple"},"acf":[],"yoast_head":"<!-- This site is optimized with the Yoast SEO plugin v27.2 - https:\/\/yoast.com\/product\/yoast-seo-wordpress\/ -->\n<title>Gueridon Swop H\u00e4p gris clair - Praktivak<\/title>\n<meta name=\"robots\" content=\"index, follow, max-snippet:-1, max-image-preview:large, max-video-preview:-1\" \/>\n<link rel=\"canonical\" href=\"https:\/\/www.praktivak.be\/fr\/produit\/gueridon-swop-hap-gris-clair\/\" \/>\n<meta property=\"og:locale\" content=\"fr_FR\" \/>\n<meta property=\"og:type\" content=\"article\" \/>\n<meta property=\"og:title\" content=\"Gueridon Swop H\u00e4p gris clair - Praktivak\" \/>\n<meta property=\"og:description\" content=\"Chariot de qualit&eacute; sup&eacute;rieure au design ultra robuste, id&eacute;al pour y placer votre mat&eacute;riel. &Eacute;quip&eacute; de 4 roues pivotantes &agrave; 360&ordm; et d&rsquo;une poign&eacute;e avant ou arri&egrave;re. Espace de rangement spacieux et c&ocirc;t&eacute;s avec panneau m&eacute;tallique perfor&eacute;, &eacute;galement pr&eacute;vu pour y placer des accessoires. Fabriqu&eacute; en fer peint et en contreplaqu&eacute; avec panneau de m&eacute;lamine &hellip; Continuer la lecture &quot;Gueridon Swop H\u00e4p gris clair&quot;\" \/>\n<meta property=\"og:url\" content=\"https:\/\/www.praktivak.be\/fr\/produit\/gueridon-swop-hap-gris-clair\/\" \/>\n<meta property=\"og:site_name\" content=\"Praktivak\" \/>\n<meta property=\"article:modified_time\" content=\"2026-02-01T15:47:16+00:00\" \/>\n<meta property=\"og:image\" content=\"https:\/\/www.praktivak.be\/wp-content\/uploads\/2026\/02\/ELIGHTGREY.NGGA004-1.webp\" \/>\n\t<meta property=\"og:image:width\" content=\"1296\" \/>\n\t<meta property=\"og:image:height\" content=\"1296\" \/>\n\t<meta property=\"og:image:type\" content=\"image\/webp\" \/>\n<meta name=\"twitter:card\" content=\"summary_large_image\" \/>\n<script type=\"application\/ld+json\" class=\"yoast-schema-graph\">{\"@context\":\"https:\/\/schema.org\",\"@graph\":[{\"@type\":\"WebPage\",\"@id\":\"https:\/\/www.praktivak.be\/fr\/produit\/gueridon-swop-hap-gris-clair\/\",\"url\":\"https:\/\/www.praktivak.be\/fr\/produit\/gueridon-swop-hap-gris-clair\/\",\"name\":\"Gueridon Swop H\u00e4p gris clair - Praktivak\",\"isPartOf\":{\"@id\":\"https:\/\/www.praktivak.be\/fr\/#website\"},\"primaryImageOfPage\":{\"@id\":\"https:\/\/www.praktivak.be\/fr\/produit\/gueridon-swop-hap-gris-clair\/#primaryimage\"},\"image\":{\"@id\":\"https:\/\/www.praktivak.be\/fr\/produit\/gueridon-swop-hap-gris-clair\/#primaryimage\"},\"thumbnailUrl\":\"https:\/\/www.praktivak.be\/wp-content\/uploads\/2026\/02\/ELIGHTGREY.NGGA004-1.webp\",\"datePublished\":\"2025-08-14T18:43:06+00:00\",\"dateModified\":\"2026-02-01T15:47:16+00:00\",\"breadcrumb\":{\"@id\":\"https:\/\/www.praktivak.be\/fr\/produit\/gueridon-swop-hap-gris-clair\/#breadcrumb\"},\"inLanguage\":\"fr-FR\",\"potentialAction\":[{\"@type\":\"ReadAction\",\"target\":[\"https:\/\/www.praktivak.be\/fr\/produit\/gueridon-swop-hap-gris-clair\/\"]}]},{\"@type\":\"ImageObject\",\"inLanguage\":\"fr-FR\",\"@id\":\"https:\/\/www.praktivak.be\/fr\/produit\/gueridon-swop-hap-gris-clair\/#primaryimage\",\"url\":\"https:\/\/www.praktivak.be\/wp-content\/uploads\/2026\/02\/ELIGHTGREY.NGGA004-1.webp\",\"contentUrl\":\"https:\/\/www.praktivak.be\/wp-content\/uploads\/2026\/02\/ELIGHTGREY.NGGA004-1.webp\",\"width\":1296,\"height\":1296,\"caption\":\"Swop Praktijkmeubel H\u00e4p lichtgrijs\"},{\"@type\":\"BreadcrumbList\",\"@id\":\"https:\/\/www.praktivak.be\/fr\/produit\/gueridon-swop-hap-gris-clair\/#breadcrumb\",\"itemListElement\":[{\"@type\":\"ListItem\",\"position\":1,\"name\":\"Home\",\"item\":\"https:\/\/www.praktivak.be\/fr\/\"},{\"@type\":\"ListItem\",\"position\":2,\"name\":\"Boutique\",\"item\":\"https:\/\/www.praktivak.be\/fr\/boutique\/\"},{\"@type\":\"ListItem\",\"position\":3,\"name\":\"Gueridon Swop H\u00e4p gris clair\"}]},{\"@type\":\"WebSite\",\"@id\":\"https:\/\/www.praktivak.be\/fr\/#website\",\"url\":\"https:\/\/www.praktivak.be\/fr\/\",\"name\":\"Praktivak\",\"description\":\"\",\"publisher\":{\"@id\":\"https:\/\/www.praktivak.be\/fr\/#organization\"},\"potentialAction\":[{\"@type\":\"SearchAction\",\"target\":{\"@type\":\"EntryPoint\",\"urlTemplate\":\"https:\/\/www.praktivak.be\/fr\/?s={search_term_string}\"},\"query-input\":{\"@type\":\"PropertyValueSpecification\",\"valueRequired\":true,\"valueName\":\"search_term_string\"}}],\"inLanguage\":\"fr-FR\"},{\"@type\":\"Organization\",\"@id\":\"https:\/\/www.praktivak.be\/fr\/#organization\",\"name\":\"Praktivak\",\"url\":\"https:\/\/www.praktivak.be\/fr\/\",\"logo\":{\"@type\":\"ImageObject\",\"inLanguage\":\"fr-FR\",\"@id\":\"https:\/\/www.praktivak.be\/fr\/#\/schema\/logo\/image\/\",\"url\":\"https:\/\/www.praktivak.be\/wp-content\/uploads\/2024\/09\/Logo.png\",\"contentUrl\":\"https:\/\/www.praktivak.be\/wp-content\/uploads\/2024\/09\/Logo.png\",\"width\":1774,\"height\":337,\"caption\":\"Praktivak\"},\"image\":{\"@id\":\"https:\/\/www.praktivak.be\/fr\/#\/schema\/logo\/image\/\"}}]}<\/script>\n<!-- \/ Yoast SEO plugin. -->","yoast_head_json":{"title":"Gueridon Swop H\u00e4p gris clair - Praktivak","robots":{"index":"index","follow":"follow","max-snippet":"max-snippet:-1","max-image-preview":"max-image-preview:large","max-video-preview":"max-video-preview:-1"},"canonical":"https:\/\/www.praktivak.be\/fr\/produit\/gueridon-swop-hap-gris-clair\/","og_locale":"fr_FR","og_type":"article","og_title":"Gueridon Swop H\u00e4p gris clair - Praktivak","og_description":"Chariot de qualit&eacute; sup&eacute;rieure au design ultra robuste, id&eacute;al pour y placer votre mat&eacute;riel. &Eacute;quip&eacute; de 4 roues pivotantes &agrave; 360&ordm; et d&rsquo;une poign&eacute;e avant ou arri&egrave;re. Espace de rangement spacieux et c&ocirc;t&eacute;s avec panneau m&eacute;tallique perfor&eacute;, &eacute;galement pr&eacute;vu pour y placer des accessoires. Fabriqu&eacute; en fer peint et en contreplaqu&eacute; avec panneau de m&eacute;lamine &hellip; Continuer la lecture \"Gueridon Swop H\u00e4p gris clair\"","og_url":"https:\/\/www.praktivak.be\/fr\/produit\/gueridon-swop-hap-gris-clair\/","og_site_name":"Praktivak","article_modified_time":"2026-02-01T15:47:16+00:00","og_image":[{"width":1296,"height":1296,"url":"https:\/\/www.praktivak.be\/wp-content\/uploads\/2026\/02\/ELIGHTGREY.NGGA004-1.webp","type":"image\/webp"}],"twitter_card":"summary_large_image","schema":{"@context":"https:\/\/schema.org","@graph":[{"@type":"WebPage","@id":"https:\/\/www.praktivak.be\/fr\/produit\/gueridon-swop-hap-gris-clair\/","url":"https:\/\/www.praktivak.be\/fr\/produit\/gueridon-swop-hap-gris-clair\/","name":"Gueridon Swop H\u00e4p gris clair - Praktivak","isPartOf":{"@id":"https:\/\/www.praktivak.be\/fr\/#website"},"primaryImageOfPage":{"@id":"https:\/\/www.praktivak.be\/fr\/produit\/gueridon-swop-hap-gris-clair\/#primaryimage"},"image":{"@id":"https:\/\/www.praktivak.be\/fr\/produit\/gueridon-swop-hap-gris-clair\/#primaryimage"},"thumbnailUrl":"https:\/\/www.praktivak.be\/wp-content\/uploads\/2026\/02\/ELIGHTGREY.NGGA004-1.webp","datePublished":"2025-08-14T18:43:06+00:00","dateModified":"2026-02-01T15:47:16+00:00","breadcrumb":{"@id":"https:\/\/www.praktivak.be\/fr\/produit\/gueridon-swop-hap-gris-clair\/#breadcrumb"},"inLanguage":"fr-FR","potentialAction":[{"@type":"ReadAction","target":["https:\/\/www.praktivak.be\/fr\/produit\/gueridon-swop-hap-gris-clair\/"]}]},{"@type":"ImageObject","inLanguage":"fr-FR","@id":"https:\/\/www.praktivak.be\/fr\/produit\/gueridon-swop-hap-gris-clair\/#primaryimage","url":"https:\/\/www.praktivak.be\/wp-content\/uploads\/2026\/02\/ELIGHTGREY.NGGA004-1.webp","contentUrl":"https:\/\/www.praktivak.be\/wp-content\/uploads\/2026\/02\/ELIGHTGREY.NGGA004-1.webp","width":1296,"height":1296,"caption":"Swop Praktijkmeubel H\u00e4p lichtgrijs"},{"@type":"BreadcrumbList","@id":"https:\/\/www.praktivak.be\/fr\/produit\/gueridon-swop-hap-gris-clair\/#breadcrumb","itemListElement":[{"@type":"ListItem","position":1,"name":"Home","item":"https:\/\/www.praktivak.be\/fr\/"},{"@type":"ListItem","position":2,"name":"Boutique","item":"https:\/\/www.praktivak.be\/fr\/boutique\/"},{"@type":"ListItem","position":3,"name":"Gueridon Swop H\u00e4p gris clair"}]},{"@type":"WebSite","@id":"https:\/\/www.praktivak.be\/fr\/#website","url":"https:\/\/www.praktivak.be\/fr\/","name":"Praktivak","description":"","publisher":{"@id":"https:\/\/www.praktivak.be\/fr\/#organization"},"potentialAction":[{"@type":"SearchAction","target":{"@type":"EntryPoint","urlTemplate":"https:\/\/www.praktivak.be\/fr\/?s={search_term_string}"},"query-input":{"@type":"PropertyValueSpecification","valueRequired":true,"valueName":"search_term_string"}}],"inLanguage":"fr-FR"},{"@type":"Organization","@id":"https:\/\/www.praktivak.be\/fr\/#organization","name":"Praktivak","url":"https:\/\/www.praktivak.be\/fr\/","logo":{"@type":"ImageObject","inLanguage":"fr-FR","@id":"https:\/\/www.praktivak.be\/fr\/#\/schema\/logo\/image\/","url":"https:\/\/www.praktivak.be\/wp-content\/uploads\/2024\/09\/Logo.png","contentUrl":"https:\/\/www.praktivak.be\/wp-content\/uploads\/2024\/09\/Logo.png","width":1774,"height":337,"caption":"Praktivak"},"image":{"@id":"https:\/\/www.praktivak.be\/fr\/#\/schema\/logo\/image\/"}}]}},"featured_img":"https:\/\/www.praktivak.be\/wp-content\/uploads\/2026\/02\/ELIGHTGREY.NGGA004-1.webp","coauthors":[],"author_meta":{"author_link":"https:\/\/www.praktivak.be\/fr\/author\/madeit\/","display_name":"Tjebbe Lievens"},"relative_dates":{"created":"Publi\u00e9 8 mois il y a","modified":"Mis \u00e0 jour 2 mois il y a"},"absolute_dates":{"created":"Publi\u00e9 le 14 ao\u00fbt 2025","modified":"Mise \u00e0 jour le 1 f\u00e9vrier 2026"},"absolute_dates_time":{"created":"Publi\u00e9 le 14 ao\u00fbt 2025 20h43","modified":"Mise \u00e0 jour le 1 f\u00e9vrier 2026 16h47"},"featured_img_caption":"","tax_additional":{"product_brand":{"linked":[],"unlinked":[],"slug":"product_brand","name":"Marques"},"product_type":{"linked":["<a href=\"https:\/\/www.praktivak.be\/fr\/?taxonomy=product_type&#038;term=simple\" class=\"advgb-post-tax-term\">simple<\/a>"],"unlinked":["<span class=\"advgb-post-tax-term\">simple<\/span>"],"slug":"product_type","name":"Type de produit"},"product_visibility":{"linked":[],"unlinked":[],"slug":"product_visibility","name":"Visibilit\u00e9 du produit"},"product_cat":{"linked":["<a href=\"https:\/\/www.praktivak.be\/fr\/categorie-de-produit\/inrichtingen-fr\/meubels-inrichtingen-fr\/\" class=\"advgb-post-tax-term\">Meubles<\/a>"],"unlinked":["<span class=\"advgb-post-tax-term\">Meubles<\/span>"],"slug":"product_cat","name":"Cat\u00e9gories de produits"},"product_tag":{"linked":[],"unlinked":[],"slug":"product_tag","name":"\u00c9tiquettes produit"},"product_shipping_class":{"linked":[],"unlinked":[],"slug":"product_shipping_class","name":"Classe d\u2019exp\u00e9dition du produit"},"pos_product_visibility":{"linked":[],"unlinked":[],"slug":"pos_product_visibility","name":"Visibilit\u00e9 du produit sur le point de vente"},"translation_priority":{"linked":[],"unlinked":[],"slug":"translation_priority","name":"Priorit\u00e9s de traduction"}},"series_order":"","_links":{"self":[{"href":"https:\/\/www.praktivak.be\/fr\/wp-json\/wp\/v2\/product\/165596","targetHints":{"allow":["GET"]}}],"collection":[{"href":"https:\/\/www.praktivak.be\/fr\/wp-json\/wp\/v2\/product"}],"about":[{"href":"https:\/\/www.praktivak.be\/fr\/wp-json\/wp\/v2\/types\/product"}],"version-history":[{"count":101,"href":"https:\/\/www.praktivak.be\/fr\/wp-json\/wp\/v2\/product\/165596\/revisions"}],"predecessor-version":[{"id":344649,"href":"https:\/\/www.praktivak.be\/fr\/wp-json\/wp\/v2\/product\/165596\/revisions\/344649"}],"wp:featuredmedia":[{"embeddable":true,"href":"https:\/\/www.praktivak.be\/fr\/wp-json\/wp\/v2\/media\/344633"}],"wp:attachment":[{"href":"https:\/\/www.praktivak.be\/fr\/wp-json\/wp\/v2\/media?parent=165596"}],"wp:term":[{"taxonomy":"product_brand","embeddable":true,"href":"https:\/\/www.praktivak.be\/fr\/wp-json\/wp\/v2\/product_brand?post=165596"},{"taxonomy":"product_cat","embeddable":true,"href":"https:\/\/www.praktivak.be\/fr\/wp-json\/wp\/v2\/product_cat?post=165596"},{"taxonomy":"product_tag","embeddable":true,"href":"https:\/\/www.praktivak.be\/fr\/wp-json\/wp\/v2\/product_tag?post=165596"}],"curies":[{"name":"wp","href":"https:\/\/api.w.org\/{rel}","templated":true}]}}