

{"id":165194,"date":"2025-08-14T20:34:17","date_gmt":"2025-08-14T18:34:17","guid":{"rendered":"https:\/\/www.praktivak.be\/product\/swop-b4-pro-grijs\/"},"modified":"2026-02-01T16:54:45","modified_gmt":"2026-02-01T15:54:45","slug":"naggura-swop-b4-pro-gris","status":"publish","type":"product","link":"https:\/\/www.praktivak.be\/fr\/produit\/naggura-swop-b4-pro-gris\/","title":{"rendered":"Naggura Swop B4 Pro gris"},"content":{"rendered":"\n<p>\nLe Swop B4 Pro est un fauteuil d&rsquo;esth&eacute;tique &eacute;quip&eacute; de 4 moteurs. Le fauteuil est dot&eacute; d&rsquo;une base solide et stable (avec roulettes int&eacute;gr&eacute;es).  Les 4 moteurs permettent de r&eacute;gler facilement le dossier, le repose-pieds, la hauteur et l&rsquo;inclinaison dans la position souhait&eacute;e &agrave; l&rsquo;aide de la commande manuelle (incluse). Les parties de l&rsquo;appui-t&ecirc;te et du repose-pieds peuvent &ecirc;tre r&eacute;gl&eacute;es en longueur afin d&rsquo;obtenir un confort maximal pour le client. Les accoudoirs peuvent &ecirc;tre repli&eacute;s.  Ils peuvent &eacute;galement &ecirc;tre d&eacute;tach&eacute;s.<\/p>\n\n<p>\nCe fauteuil de traitement Swop est &eacute;quip&eacute; de s&eacute;rie d&rsquo;un &eacute;clairage LED blanc sur la base et d&rsquo;un syst&egrave;me &agrave; 4 roues qui peuvent &ecirc;tre tourn&eacute;es &agrave; 360&ordm; et verrouill&eacute;es et d&eacute;verrouill&eacute;es &agrave; l&rsquo;aide d&rsquo;un levier pour d&eacute;placer le fauteuil facilement et sans effort l&agrave; o&ugrave; vous le souhaitez. La r&eacute;sistance &agrave; l&rsquo;abrasion du cuir synth&eacute;tique atteint 250K et prot&egrave;ge contre les bact&eacute;ries et les rayons UV. Vous pouvez encore am&eacute;liorer le fauteuil avec la lumi&egrave;re Cromo Mood Led.  (diff&eacute;rentes couleurs possibles) et d&rsquo;un syst&egrave;me audio en bambou (petit bo&icirc;tier int&eacute;gr&eacute; dans le banc) qui vous permettra de diffuser de la musique relaxante tout en dorlotant vos clients. Fourni avec des panneaux en bois clair en standard.<\/p>\n\n<p>\nEn outre, vous pouvez habiller le fauteuil &agrave; votre go&ucirc;t en choisissant les panneaux que vous souhaitez pour la base.  <\/p>\n\n<p>\nLongueur : 178 cm<\/p>\n<p>\nLargeur sans les accoudoirs : 57,5 cm<\/p>\n<p>\nLargeur avec accoudoirs : 81 cm<\/p>\n<p>\nHauteur minimale : 58 cm<\/p>\n<p>\nHauteur maximale : 94 cm<\/p>\n<p>\nEpaisseur des coussins: 10 kg<\/p>\n<p>\nPoids: 100 kg<\/p>\n<p>\nPoids capacit&eacute; de charge maximale: 175 kg<\/p>\n\n<p>\nOptions :<\/p>\n<p>\n&ndash; Panneaux interchangeables : par jeu de 2 ou collection compl&egrave;te <\/p>\n<p>\n&ndash; Haut-parleur Bluetooth (Bamboo Sound System)<\/p>\n<p>\n&ndash; &Eacute;clairage LED multicolore (Cromo Mood)<\/p>\n<p>\n&ndash; Rembourrage gris ou blanc<\/p>\n<p>\n&ndash; Commande au pied<\/p>\n<p>\n&ndash; Jeu de tuyaux<\/p>\n<p>\n&ndash; Porte-rouleau de papier<\/p>\n\n","protected":false},"excerpt":{"rendered":"<p>Le Swop B4 Pro est un fauteuil d&rsquo;esth&eacute;tique &eacute;quip&eacute; de 4 moteurs. Le fauteuil est dot&eacute; d&rsquo;une base solide et stable (avec roulettes int&eacute;gr&eacute;es). Les 4 moteurs permettent de r&eacute;gler facilement le dossier, le repose-pieds, la hauteur et l&rsquo;inclinaison dans la position souhait&eacute;e &agrave; l&rsquo;aide de la commande manuelle (incluse). Les parties de l&rsquo;appui-t&ecirc;te et &hellip; <\/p>\n<p class=\"link-more\"><a href=\"https:\/\/www.praktivak.be\/fr\/produit\/naggura-swop-b4-pro-gris\/\" class=\"more-link\">Continuer la lecture<span class=\"screen-reader-text\"> \u00ab\u00a0Naggura Swop B4 Pro gris\u00a0\u00bb<\/span><\/a><\/p>\n","protected":false},"author":1,"featured_media":345567,"template":"","meta":{"_acf_changed":false,"_relevanssi_hide_post":"","_relevanssi_hide_content":"","_relevanssi_pin_for_all":"","_relevanssi_pin_keywords":"","_relevanssi_unpin_keywords":"","_relevanssi_related_keywords":"","_relevanssi_related_include_ids":"","_relevanssi_related_exclude_ids":"","_relevanssi_related_no_append":"","_relevanssi_related_not_related":"","_relevanssi_related_posts":"","_relevanssi_noindex_reason":"","advgb_blocks_editor_width":"","advgb_blocks_columns_visual_guide":"","footnotes":""},"product_brand":[],"product_cat":[2098,2063],"product_tag":[],"class_list":{"0":"post-165194","1":"product","2":"type-product","3":"status-publish","4":"has-post-thumbnail","6":"product_cat-behandelstoelen-naggura-swop-inrichtingen-fr","7":"product_cat-behandelstoelen-inrichtingen-fr","9":"first","10":"instock","11":"taxable","12":"shipping-taxable","13":"product-type-simple"},"acf":[],"yoast_head":"<!-- This site is optimized with the Yoast SEO plugin v27.2 - https:\/\/yoast.com\/product\/yoast-seo-wordpress\/ -->\n<title>Naggura Swop B4 Pro gris - Praktivak<\/title>\n<meta name=\"robots\" content=\"index, follow, max-snippet:-1, max-image-preview:large, max-video-preview:-1\" \/>\n<link rel=\"canonical\" href=\"https:\/\/www.praktivak.be\/fr\/produit\/naggura-swop-b4-pro-gris\/\" \/>\n<meta property=\"og:locale\" content=\"fr_FR\" \/>\n<meta property=\"og:type\" content=\"article\" \/>\n<meta property=\"og:title\" content=\"Naggura Swop B4 Pro gris - Praktivak\" \/>\n<meta property=\"og:description\" content=\"Le Swop B4 Pro est un fauteuil d&rsquo;esth&eacute;tique &eacute;quip&eacute; de 4 moteurs. Le fauteuil est dot&eacute; d&rsquo;une base solide et stable (avec roulettes int&eacute;gr&eacute;es). Les 4 moteurs permettent de r&eacute;gler facilement le dossier, le repose-pieds, la hauteur et l&rsquo;inclinaison dans la position souhait&eacute;e &agrave; l&rsquo;aide de la commande manuelle (incluse). Les parties de l&rsquo;appui-t&ecirc;te et &hellip; Continuer la lecture &quot;Naggura Swop B4 Pro gris&quot;\" \/>\n<meta property=\"og:url\" content=\"https:\/\/www.praktivak.be\/fr\/produit\/naggura-swop-b4-pro-gris\/\" \/>\n<meta property=\"og:site_name\" content=\"Praktivak\" \/>\n<meta property=\"article:modified_time\" content=\"2026-02-01T15:54:45+00:00\" \/>\n<meta property=\"og:image\" content=\"https:\/\/www.praktivak.be\/wp-content\/uploads\/2026\/02\/ESB4.4.A66.PRO_.V2-1.webp\" \/>\n\t<meta property=\"og:image:width\" content=\"1920\" \/>\n\t<meta property=\"og:image:height\" content=\"1920\" \/>\n\t<meta property=\"og:image:type\" content=\"image\/webp\" \/>\n<meta name=\"twitter:card\" content=\"summary_large_image\" \/>\n<meta name=\"twitter:label1\" content=\"Dur\u00e9e de lecture estim\u00e9e\" \/>\n\t<meta name=\"twitter:data1\" content=\"2 minutes\" \/>\n<script type=\"application\/ld+json\" class=\"yoast-schema-graph\">{\"@context\":\"https:\/\/schema.org\",\"@graph\":[{\"@type\":\"WebPage\",\"@id\":\"https:\/\/www.praktivak.be\/fr\/produit\/naggura-swop-b4-pro-gris\/\",\"url\":\"https:\/\/www.praktivak.be\/fr\/produit\/naggura-swop-b4-pro-gris\/\",\"name\":\"Naggura Swop B4 Pro gris - Praktivak\",\"isPartOf\":{\"@id\":\"https:\/\/www.praktivak.be\/fr\/#website\"},\"primaryImageOfPage\":{\"@id\":\"https:\/\/www.praktivak.be\/fr\/produit\/naggura-swop-b4-pro-gris\/#primaryimage\"},\"image\":{\"@id\":\"https:\/\/www.praktivak.be\/fr\/produit\/naggura-swop-b4-pro-gris\/#primaryimage\"},\"thumbnailUrl\":\"https:\/\/www.praktivak.be\/wp-content\/uploads\/2026\/02\/ESB4.4.A66.PRO_.V2-1.webp\",\"datePublished\":\"2025-08-14T18:34:17+00:00\",\"dateModified\":\"2026-02-01T15:54:45+00:00\",\"breadcrumb\":{\"@id\":\"https:\/\/www.praktivak.be\/fr\/produit\/naggura-swop-b4-pro-gris\/#breadcrumb\"},\"inLanguage\":\"fr-FR\",\"potentialAction\":[{\"@type\":\"ReadAction\",\"target\":[\"https:\/\/www.praktivak.be\/fr\/produit\/naggura-swop-b4-pro-gris\/\"]}]},{\"@type\":\"ImageObject\",\"inLanguage\":\"fr-FR\",\"@id\":\"https:\/\/www.praktivak.be\/fr\/produit\/naggura-swop-b4-pro-gris\/#primaryimage\",\"url\":\"https:\/\/www.praktivak.be\/wp-content\/uploads\/2026\/02\/ESB4.4.A66.PRO_.V2-1.webp\",\"contentUrl\":\"https:\/\/www.praktivak.be\/wp-content\/uploads\/2026\/02\/ESB4.4.A66.PRO_.V2-1.webp\",\"width\":1920,\"height\":1920,\"caption\":\"Naggura Swop B4 Pro grijs\"},{\"@type\":\"BreadcrumbList\",\"@id\":\"https:\/\/www.praktivak.be\/fr\/produit\/naggura-swop-b4-pro-gris\/#breadcrumb\",\"itemListElement\":[{\"@type\":\"ListItem\",\"position\":1,\"name\":\"Home\",\"item\":\"https:\/\/www.praktivak.be\/fr\/\"},{\"@type\":\"ListItem\",\"position\":2,\"name\":\"Boutique\",\"item\":\"https:\/\/www.praktivak.be\/fr\/boutique\/\"},{\"@type\":\"ListItem\",\"position\":3,\"name\":\"Naggura Swop B4 Pro gris\"}]},{\"@type\":\"WebSite\",\"@id\":\"https:\/\/www.praktivak.be\/fr\/#website\",\"url\":\"https:\/\/www.praktivak.be\/fr\/\",\"name\":\"Praktivak\",\"description\":\"\",\"publisher\":{\"@id\":\"https:\/\/www.praktivak.be\/fr\/#organization\"},\"potentialAction\":[{\"@type\":\"SearchAction\",\"target\":{\"@type\":\"EntryPoint\",\"urlTemplate\":\"https:\/\/www.praktivak.be\/fr\/?s={search_term_string}\"},\"query-input\":{\"@type\":\"PropertyValueSpecification\",\"valueRequired\":true,\"valueName\":\"search_term_string\"}}],\"inLanguage\":\"fr-FR\"},{\"@type\":\"Organization\",\"@id\":\"https:\/\/www.praktivak.be\/fr\/#organization\",\"name\":\"Praktivak\",\"url\":\"https:\/\/www.praktivak.be\/fr\/\",\"logo\":{\"@type\":\"ImageObject\",\"inLanguage\":\"fr-FR\",\"@id\":\"https:\/\/www.praktivak.be\/fr\/#\/schema\/logo\/image\/\",\"url\":\"https:\/\/www.praktivak.be\/wp-content\/uploads\/2024\/09\/Logo.png\",\"contentUrl\":\"https:\/\/www.praktivak.be\/wp-content\/uploads\/2024\/09\/Logo.png\",\"width\":1774,\"height\":337,\"caption\":\"Praktivak\"},\"image\":{\"@id\":\"https:\/\/www.praktivak.be\/fr\/#\/schema\/logo\/image\/\"}}]}<\/script>\n<!-- \/ Yoast SEO plugin. -->","yoast_head_json":{"title":"Naggura Swop B4 Pro gris - Praktivak","robots":{"index":"index","follow":"follow","max-snippet":"max-snippet:-1","max-image-preview":"max-image-preview:large","max-video-preview":"max-video-preview:-1"},"canonical":"https:\/\/www.praktivak.be\/fr\/produit\/naggura-swop-b4-pro-gris\/","og_locale":"fr_FR","og_type":"article","og_title":"Naggura Swop B4 Pro gris - Praktivak","og_description":"Le Swop B4 Pro est un fauteuil d&rsquo;esth&eacute;tique &eacute;quip&eacute; de 4 moteurs. Le fauteuil est dot&eacute; d&rsquo;une base solide et stable (avec roulettes int&eacute;gr&eacute;es). Les 4 moteurs permettent de r&eacute;gler facilement le dossier, le repose-pieds, la hauteur et l&rsquo;inclinaison dans la position souhait&eacute;e &agrave; l&rsquo;aide de la commande manuelle (incluse). Les parties de l&rsquo;appui-t&ecirc;te et &hellip; Continuer la lecture \"Naggura Swop B4 Pro gris\"","og_url":"https:\/\/www.praktivak.be\/fr\/produit\/naggura-swop-b4-pro-gris\/","og_site_name":"Praktivak","article_modified_time":"2026-02-01T15:54:45+00:00","og_image":[{"width":1920,"height":1920,"url":"https:\/\/www.praktivak.be\/wp-content\/uploads\/2026\/02\/ESB4.4.A66.PRO_.V2-1.webp","type":"image\/webp"}],"twitter_card":"summary_large_image","twitter_misc":{"Dur\u00e9e de lecture estim\u00e9e":"2 minutes"},"schema":{"@context":"https:\/\/schema.org","@graph":[{"@type":"WebPage","@id":"https:\/\/www.praktivak.be\/fr\/produit\/naggura-swop-b4-pro-gris\/","url":"https:\/\/www.praktivak.be\/fr\/produit\/naggura-swop-b4-pro-gris\/","name":"Naggura Swop B4 Pro gris - Praktivak","isPartOf":{"@id":"https:\/\/www.praktivak.be\/fr\/#website"},"primaryImageOfPage":{"@id":"https:\/\/www.praktivak.be\/fr\/produit\/naggura-swop-b4-pro-gris\/#primaryimage"},"image":{"@id":"https:\/\/www.praktivak.be\/fr\/produit\/naggura-swop-b4-pro-gris\/#primaryimage"},"thumbnailUrl":"https:\/\/www.praktivak.be\/wp-content\/uploads\/2026\/02\/ESB4.4.A66.PRO_.V2-1.webp","datePublished":"2025-08-14T18:34:17+00:00","dateModified":"2026-02-01T15:54:45+00:00","breadcrumb":{"@id":"https:\/\/www.praktivak.be\/fr\/produit\/naggura-swop-b4-pro-gris\/#breadcrumb"},"inLanguage":"fr-FR","potentialAction":[{"@type":"ReadAction","target":["https:\/\/www.praktivak.be\/fr\/produit\/naggura-swop-b4-pro-gris\/"]}]},{"@type":"ImageObject","inLanguage":"fr-FR","@id":"https:\/\/www.praktivak.be\/fr\/produit\/naggura-swop-b4-pro-gris\/#primaryimage","url":"https:\/\/www.praktivak.be\/wp-content\/uploads\/2026\/02\/ESB4.4.A66.PRO_.V2-1.webp","contentUrl":"https:\/\/www.praktivak.be\/wp-content\/uploads\/2026\/02\/ESB4.4.A66.PRO_.V2-1.webp","width":1920,"height":1920,"caption":"Naggura Swop B4 Pro grijs"},{"@type":"BreadcrumbList","@id":"https:\/\/www.praktivak.be\/fr\/produit\/naggura-swop-b4-pro-gris\/#breadcrumb","itemListElement":[{"@type":"ListItem","position":1,"name":"Home","item":"https:\/\/www.praktivak.be\/fr\/"},{"@type":"ListItem","position":2,"name":"Boutique","item":"https:\/\/www.praktivak.be\/fr\/boutique\/"},{"@type":"ListItem","position":3,"name":"Naggura Swop B4 Pro gris"}]},{"@type":"WebSite","@id":"https:\/\/www.praktivak.be\/fr\/#website","url":"https:\/\/www.praktivak.be\/fr\/","name":"Praktivak","description":"","publisher":{"@id":"https:\/\/www.praktivak.be\/fr\/#organization"},"potentialAction":[{"@type":"SearchAction","target":{"@type":"EntryPoint","urlTemplate":"https:\/\/www.praktivak.be\/fr\/?s={search_term_string}"},"query-input":{"@type":"PropertyValueSpecification","valueRequired":true,"valueName":"search_term_string"}}],"inLanguage":"fr-FR"},{"@type":"Organization","@id":"https:\/\/www.praktivak.be\/fr\/#organization","name":"Praktivak","url":"https:\/\/www.praktivak.be\/fr\/","logo":{"@type":"ImageObject","inLanguage":"fr-FR","@id":"https:\/\/www.praktivak.be\/fr\/#\/schema\/logo\/image\/","url":"https:\/\/www.praktivak.be\/wp-content\/uploads\/2024\/09\/Logo.png","contentUrl":"https:\/\/www.praktivak.be\/wp-content\/uploads\/2024\/09\/Logo.png","width":1774,"height":337,"caption":"Praktivak"},"image":{"@id":"https:\/\/www.praktivak.be\/fr\/#\/schema\/logo\/image\/"}}]}},"featured_img":"https:\/\/www.praktivak.be\/wp-content\/uploads\/2026\/02\/ESB4.4.A66.PRO_.V2-1.webp","coauthors":[],"author_meta":{"author_link":"https:\/\/www.praktivak.be\/fr\/author\/madeit\/","display_name":"Tjebbe Lievens"},"relative_dates":{"created":"Publi\u00e9 8 mois il y a","modified":"Mis \u00e0 jour 2 mois il y a"},"absolute_dates":{"created":"Publi\u00e9 le 14 ao\u00fbt 2025","modified":"Mise \u00e0 jour le 1 f\u00e9vrier 2026"},"absolute_dates_time":{"created":"Publi\u00e9 le 14 ao\u00fbt 2025 20h34","modified":"Mise \u00e0 jour le 1 f\u00e9vrier 2026 16h54"},"featured_img_caption":"","tax_additional":{"product_brand":{"linked":[],"unlinked":[],"slug":"product_brand","name":"Marques"},"product_type":{"linked":["<a href=\"https:\/\/www.praktivak.be\/fr\/?taxonomy=product_type&#038;term=simple\" class=\"advgb-post-tax-term\">simple<\/a>"],"unlinked":["<span class=\"advgb-post-tax-term\">simple<\/span>"],"slug":"product_type","name":"Type de produit"},"product_visibility":{"linked":[],"unlinked":[],"slug":"product_visibility","name":"Visibilit\u00e9 du produit"},"product_cat":{"linked":["<a href=\"https:\/\/www.praktivak.be\/fr\/categorie-de-produit\/inrichtingen-fr\/naggura-swop-inrichtingen-fr\/behandelstoelen-naggura-swop-inrichtingen-fr\/\" class=\"advgb-post-tax-term\">Fauteuils de soins<\/a>","<a href=\"https:\/\/www.praktivak.be\/fr\/categorie-de-produit\/inrichtingen-fr\/behandelstoelen-inrichtingen-fr\/\" class=\"advgb-post-tax-term\">Fauteuils de soins<\/a>"],"unlinked":["<span class=\"advgb-post-tax-term\">Fauteuils de soins<\/span>","<span class=\"advgb-post-tax-term\">Fauteuils de soins<\/span>"],"slug":"product_cat","name":"Cat\u00e9gories de produits"},"product_tag":{"linked":[],"unlinked":[],"slug":"product_tag","name":"\u00c9tiquettes produit"},"product_shipping_class":{"linked":[],"unlinked":[],"slug":"product_shipping_class","name":"Classe d\u2019exp\u00e9dition du produit"},"pos_product_visibility":{"linked":[],"unlinked":[],"slug":"pos_product_visibility","name":"Visibilit\u00e9 du produit sur le point de vente"},"translation_priority":{"linked":[],"unlinked":[],"slug":"translation_priority","name":"Priorit\u00e9s de traduction"}},"series_order":"","_links":{"self":[{"href":"https:\/\/www.praktivak.be\/fr\/wp-json\/wp\/v2\/product\/165194","targetHints":{"allow":["GET"]}}],"collection":[{"href":"https:\/\/www.praktivak.be\/fr\/wp-json\/wp\/v2\/product"}],"about":[{"href":"https:\/\/www.praktivak.be\/fr\/wp-json\/wp\/v2\/types\/product"}],"version-history":[{"count":104,"href":"https:\/\/www.praktivak.be\/fr\/wp-json\/wp\/v2\/product\/165194\/revisions"}],"predecessor-version":[{"id":345627,"href":"https:\/\/www.praktivak.be\/fr\/wp-json\/wp\/v2\/product\/165194\/revisions\/345627"}],"wp:featuredmedia":[{"embeddable":true,"href":"https:\/\/www.praktivak.be\/fr\/wp-json\/wp\/v2\/media\/345567"}],"wp:attachment":[{"href":"https:\/\/www.praktivak.be\/fr\/wp-json\/wp\/v2\/media?parent=165194"}],"wp:term":[{"taxonomy":"product_brand","embeddable":true,"href":"https:\/\/www.praktivak.be\/fr\/wp-json\/wp\/v2\/product_brand?post=165194"},{"taxonomy":"product_cat","embeddable":true,"href":"https:\/\/www.praktivak.be\/fr\/wp-json\/wp\/v2\/product_cat?post=165194"},{"taxonomy":"product_tag","embeddable":true,"href":"https:\/\/www.praktivak.be\/fr\/wp-json\/wp\/v2\/product_tag?post=165194"}],"curies":[{"name":"wp","href":"https:\/\/api.w.org\/{rel}","templated":true}]}}