

{"id":164661,"date":"2025-08-14T20:15:57","date_gmt":"2025-08-14T18:15:57","guid":{"rendered":"https:\/\/www.praktivak.be\/product\/spectro-450-tri-wave-7558081064nm-1600-watt-12x20\/"},"modified":"2026-02-01T16:49:00","modified_gmt":"2026-02-01T15:49:00","slug":"spectro-450-laser-tri-wave-7558081064nm-1600-watt-12x20","status":"publish","type":"product","link":"https:\/\/www.praktivak.be\/fr\/produit\/spectro-450-laser-tri-wave-7558081064nm-1600-watt-12x20\/","title":{"rendered":"Spectro-450 laser Tri-wave (755+808+1064nm) 1600 watt (12&#215;20)"},"content":{"rendered":"\n<p>\nSpectro-450 Laser 1600W Syst&egrave;me de diodes m&eacute;dicales<\/p>\n\n<p>\n&ndash; Puissant laser &agrave; diode<\/p>\n<p>\n&ndash; Avec base de donn&eacute;es clients CRM pour le stockage des donn&eacute;es de traitement<\/p>\n<p>\n&ndash; Avec la technologie 4 ondes<\/p>\n<p>\n&ndash; Le laser &agrave; diode Spectro-450 est certifi&eacute; CE m&eacute;dical.<\/p>\n<p>\n&ndash; Conditions de leasing tr&egrave;s avantageuses<\/p>\n\n<p>\nCe laser &agrave; diode a une puissance de travail tr&egrave;s &eacute;lev&eacute;e et une taille de spot de 1,44 cm&sup2;. Gr&acirc;ce &agrave; la toute derni&egrave;re technologie de lentille FAC (Fast Axis Collimation), cette nouvelle g&eacute;n&eacute;ration de lasers &agrave; diode est plus puissante et plus efficace. Au c&oelig;ur de cet appareil se trouvent de puissantes barres laser &agrave; macro-canaux. La grande efficacit&eacute; de cet appareil garantit des r&eacute;sultats d&rsquo;&eacute;pilation optimaux pour tous les types de peau et de poils. Le laser fonctionne avec 4 longueurs d&rsquo;onde diff&eacute;rentes (755nm &ndash; 808 nm &ndash; 940nm et 1064 nm) pour un traitement cibl&eacute; de tous les types de peau et de poils. Cet appareil peut &ecirc;tre utilis&eacute; en mode traditionnel &laquo; single-pass &raquo; (tir par tir) et dans le nouveau mode d&rsquo;&eacute;pilation &laquo; multi-pass &raquo; (SHR), qui permet &eacute;galement de traiter sp&eacute;cifiquement les peaux plus fonc&eacute;es de mani&egrave;re tr&egrave;s efficace et indolore.<\/p>\n<p>\ndonn&eacute;es par client.<\/p>\n\n<p>\nCe laser &agrave; diode est &eacute;quip&eacute; d&rsquo;une pi&egrave;ce &agrave; main ergonomique et l&eacute;g&egrave;re. La pi&egrave;ce &agrave; main du laser est dot&eacute;e d&rsquo;un syst&egrave;me de refroidissement par contact extr&ecirc;mement froid pour un traitement confortable et indolore. <\/p>\n\n<p>\nCe laser &agrave; diode est dot&eacute; d&rsquo;un grand &eacute;cran tactile couleur avec une interface logicielle Android intelligente pour une facilit&eacute; d&rsquo;utilisation optimale.<\/p>\n\n<p>\nCe laser &agrave; diode est &eacute;galement dot&eacute; d&rsquo;une base de donn&eacute;es client CRM permettant de stocker les donn&eacute;es de traitement par client.<\/p>\n\n","protected":false},"excerpt":{"rendered":"<p>Spectro-450 Laser 1600W Syst&egrave;me de diodes m&eacute;dicales &ndash; Puissant laser &agrave; diode &ndash; Avec base de donn&eacute;es clients CRM pour le stockage des donn&eacute;es de traitement &ndash; Avec la technologie 4 ondes &ndash; Le laser &agrave; diode Spectro-450 est certifi&eacute; CE m&eacute;dical. &ndash; Conditions de leasing tr&egrave;s avantageuses Ce laser &agrave; diode a une puissance &hellip; <\/p>\n<p class=\"link-more\"><a href=\"https:\/\/www.praktivak.be\/fr\/produit\/spectro-450-laser-tri-wave-7558081064nm-1600-watt-12x20\/\" class=\"more-link\">Continuer la lecture<span class=\"screen-reader-text\"> \u00ab\u00a0Spectro-450 laser Tri-wave (755+808+1064nm) 1600 watt (12&#215;20)\u00a0\u00bb<\/span><\/a><\/p>\n","protected":false},"author":1,"featured_media":301430,"template":"","meta":{"_acf_changed":false,"_relevanssi_hide_post":"","_relevanssi_hide_content":"","_relevanssi_pin_for_all":"","_relevanssi_pin_keywords":"","_relevanssi_unpin_keywords":"","_relevanssi_related_keywords":"","_relevanssi_related_include_ids":"","_relevanssi_related_exclude_ids":"","_relevanssi_related_no_append":"","_relevanssi_related_not_related":"","_relevanssi_related_posts":"","_relevanssi_noindex_reason":"","advgb_blocks_editor_width":"","advgb_blocks_columns_visual_guide":"","footnotes":""},"product_brand":[],"product_cat":[2075],"product_tag":[],"class_list":{"0":"post-164661","1":"product","2":"type-product","3":"status-publish","4":"has-post-thumbnail","6":"product_cat-apparatuur-laser-fr","8":"first","9":"instock","10":"taxable","11":"shipping-taxable","12":"product-type-simple"},"acf":[],"yoast_head":"<!-- This site is optimized with the Yoast SEO plugin v27.2 - https:\/\/yoast.com\/product\/yoast-seo-wordpress\/ -->\n<title>Spectro-450 laser Tri-wave (755+808+1064nm) 1600 watt (12x20) - Praktivak<\/title>\n<meta name=\"robots\" content=\"index, follow, max-snippet:-1, max-image-preview:large, max-video-preview:-1\" \/>\n<link rel=\"canonical\" href=\"https:\/\/www.praktivak.be\/fr\/produit\/spectro-450-laser-tri-wave-7558081064nm-1600-watt-12x20\/\" \/>\n<meta property=\"og:locale\" content=\"fr_FR\" \/>\n<meta property=\"og:type\" content=\"article\" \/>\n<meta property=\"og:title\" content=\"Spectro-450 laser Tri-wave (755+808+1064nm) 1600 watt (12x20) - Praktivak\" \/>\n<meta property=\"og:description\" content=\"Spectro-450 Laser 1600W Syst&egrave;me de diodes m&eacute;dicales &ndash; Puissant laser &agrave; diode &ndash; Avec base de donn&eacute;es clients CRM pour le stockage des donn&eacute;es de traitement &ndash; Avec la technologie 4 ondes &ndash; Le laser &agrave; diode Spectro-450 est certifi&eacute; CE m&eacute;dical. &ndash; Conditions de leasing tr&egrave;s avantageuses Ce laser &agrave; diode a une puissance &hellip; Continuer la lecture &quot;Spectro-450 laser Tri-wave (755+808+1064nm) 1600 watt (12&#215;20)&quot;\" \/>\n<meta property=\"og:url\" content=\"https:\/\/www.praktivak.be\/fr\/produit\/spectro-450-laser-tri-wave-7558081064nm-1600-watt-12x20\/\" \/>\n<meta property=\"og:site_name\" content=\"Praktivak\" \/>\n<meta property=\"article:modified_time\" content=\"2026-02-01T15:49:00+00:00\" \/>\n<meta property=\"og:image\" content=\"https:\/\/www.praktivak.be\/wp-content\/uploads\/2025\/09\/SP450-1600TRI.jpg\" \/>\n\t<meta property=\"og:image:width\" content=\"1000\" \/>\n\t<meta property=\"og:image:height\" content=\"1000\" \/>\n\t<meta property=\"og:image:type\" content=\"image\/jpeg\" \/>\n<meta name=\"twitter:card\" content=\"summary_large_image\" \/>\n<meta name=\"twitter:label1\" content=\"Dur\u00e9e de lecture estim\u00e9e\" \/>\n\t<meta name=\"twitter:data1\" content=\"1 minute\" \/>\n<script type=\"application\/ld+json\" class=\"yoast-schema-graph\">{\"@context\":\"https:\/\/schema.org\",\"@graph\":[{\"@type\":\"WebPage\",\"@id\":\"https:\/\/www.praktivak.be\/fr\/produit\/spectro-450-laser-tri-wave-7558081064nm-1600-watt-12x20\/\",\"url\":\"https:\/\/www.praktivak.be\/fr\/produit\/spectro-450-laser-tri-wave-7558081064nm-1600-watt-12x20\/\",\"name\":\"Spectro-450 laser Tri-wave (755+808+1064nm) 1600 watt (12x20) - Praktivak\",\"isPartOf\":{\"@id\":\"https:\/\/www.praktivak.be\/fr\/#website\"},\"primaryImageOfPage\":{\"@id\":\"https:\/\/www.praktivak.be\/fr\/produit\/spectro-450-laser-tri-wave-7558081064nm-1600-watt-12x20\/#primaryimage\"},\"image\":{\"@id\":\"https:\/\/www.praktivak.be\/fr\/produit\/spectro-450-laser-tri-wave-7558081064nm-1600-watt-12x20\/#primaryimage\"},\"thumbnailUrl\":\"https:\/\/www.praktivak.be\/wp-content\/uploads\/2025\/09\/SP450-1600TRI.jpg\",\"datePublished\":\"2025-08-14T18:15:57+00:00\",\"dateModified\":\"2026-02-01T15:49:00+00:00\",\"breadcrumb\":{\"@id\":\"https:\/\/www.praktivak.be\/fr\/produit\/spectro-450-laser-tri-wave-7558081064nm-1600-watt-12x20\/#breadcrumb\"},\"inLanguage\":\"fr-FR\",\"potentialAction\":[{\"@type\":\"ReadAction\",\"target\":[\"https:\/\/www.praktivak.be\/fr\/produit\/spectro-450-laser-tri-wave-7558081064nm-1600-watt-12x20\/\"]}]},{\"@type\":\"ImageObject\",\"inLanguage\":\"fr-FR\",\"@id\":\"https:\/\/www.praktivak.be\/fr\/produit\/spectro-450-laser-tri-wave-7558081064nm-1600-watt-12x20\/#primaryimage\",\"url\":\"https:\/\/www.praktivak.be\/wp-content\/uploads\/2025\/09\/SP450-1600TRI.jpg\",\"contentUrl\":\"https:\/\/www.praktivak.be\/wp-content\/uploads\/2025\/09\/SP450-1600TRI.jpg\",\"width\":1000,\"height\":1000},{\"@type\":\"BreadcrumbList\",\"@id\":\"https:\/\/www.praktivak.be\/fr\/produit\/spectro-450-laser-tri-wave-7558081064nm-1600-watt-12x20\/#breadcrumb\",\"itemListElement\":[{\"@type\":\"ListItem\",\"position\":1,\"name\":\"Home\",\"item\":\"https:\/\/www.praktivak.be\/fr\/\"},{\"@type\":\"ListItem\",\"position\":2,\"name\":\"Boutique\",\"item\":\"https:\/\/www.praktivak.be\/fr\/boutique\/\"},{\"@type\":\"ListItem\",\"position\":3,\"name\":\"Spectro-450 laser Tri-wave (755+808+1064nm) 1600 watt (12&#215;20)\"}]},{\"@type\":\"WebSite\",\"@id\":\"https:\/\/www.praktivak.be\/fr\/#website\",\"url\":\"https:\/\/www.praktivak.be\/fr\/\",\"name\":\"Praktivak\",\"description\":\"\",\"publisher\":{\"@id\":\"https:\/\/www.praktivak.be\/fr\/#organization\"},\"potentialAction\":[{\"@type\":\"SearchAction\",\"target\":{\"@type\":\"EntryPoint\",\"urlTemplate\":\"https:\/\/www.praktivak.be\/fr\/?s={search_term_string}\"},\"query-input\":{\"@type\":\"PropertyValueSpecification\",\"valueRequired\":true,\"valueName\":\"search_term_string\"}}],\"inLanguage\":\"fr-FR\"},{\"@type\":\"Organization\",\"@id\":\"https:\/\/www.praktivak.be\/fr\/#organization\",\"name\":\"Praktivak\",\"url\":\"https:\/\/www.praktivak.be\/fr\/\",\"logo\":{\"@type\":\"ImageObject\",\"inLanguage\":\"fr-FR\",\"@id\":\"https:\/\/www.praktivak.be\/fr\/#\/schema\/logo\/image\/\",\"url\":\"https:\/\/www.praktivak.be\/wp-content\/uploads\/2024\/09\/Logo.png\",\"contentUrl\":\"https:\/\/www.praktivak.be\/wp-content\/uploads\/2024\/09\/Logo.png\",\"width\":1774,\"height\":337,\"caption\":\"Praktivak\"},\"image\":{\"@id\":\"https:\/\/www.praktivak.be\/fr\/#\/schema\/logo\/image\/\"}}]}<\/script>\n<!-- \/ Yoast SEO plugin. -->","yoast_head_json":{"title":"Spectro-450 laser Tri-wave (755+808+1064nm) 1600 watt (12x20) - Praktivak","robots":{"index":"index","follow":"follow","max-snippet":"max-snippet:-1","max-image-preview":"max-image-preview:large","max-video-preview":"max-video-preview:-1"},"canonical":"https:\/\/www.praktivak.be\/fr\/produit\/spectro-450-laser-tri-wave-7558081064nm-1600-watt-12x20\/","og_locale":"fr_FR","og_type":"article","og_title":"Spectro-450 laser Tri-wave (755+808+1064nm) 1600 watt (12x20) - Praktivak","og_description":"Spectro-450 Laser 1600W Syst&egrave;me de diodes m&eacute;dicales &ndash; Puissant laser &agrave; diode &ndash; Avec base de donn&eacute;es clients CRM pour le stockage des donn&eacute;es de traitement &ndash; Avec la technologie 4 ondes &ndash; Le laser &agrave; diode Spectro-450 est certifi&eacute; CE m&eacute;dical. &ndash; Conditions de leasing tr&egrave;s avantageuses Ce laser &agrave; diode a une puissance &hellip; Continuer la lecture \"Spectro-450 laser Tri-wave (755+808+1064nm) 1600 watt (12&#215;20)\"","og_url":"https:\/\/www.praktivak.be\/fr\/produit\/spectro-450-laser-tri-wave-7558081064nm-1600-watt-12x20\/","og_site_name":"Praktivak","article_modified_time":"2026-02-01T15:49:00+00:00","og_image":[{"width":1000,"height":1000,"url":"https:\/\/www.praktivak.be\/wp-content\/uploads\/2025\/09\/SP450-1600TRI.jpg","type":"image\/jpeg"}],"twitter_card":"summary_large_image","twitter_misc":{"Dur\u00e9e de lecture estim\u00e9e":"1 minute"},"schema":{"@context":"https:\/\/schema.org","@graph":[{"@type":"WebPage","@id":"https:\/\/www.praktivak.be\/fr\/produit\/spectro-450-laser-tri-wave-7558081064nm-1600-watt-12x20\/","url":"https:\/\/www.praktivak.be\/fr\/produit\/spectro-450-laser-tri-wave-7558081064nm-1600-watt-12x20\/","name":"Spectro-450 laser Tri-wave (755+808+1064nm) 1600 watt (12x20) - Praktivak","isPartOf":{"@id":"https:\/\/www.praktivak.be\/fr\/#website"},"primaryImageOfPage":{"@id":"https:\/\/www.praktivak.be\/fr\/produit\/spectro-450-laser-tri-wave-7558081064nm-1600-watt-12x20\/#primaryimage"},"image":{"@id":"https:\/\/www.praktivak.be\/fr\/produit\/spectro-450-laser-tri-wave-7558081064nm-1600-watt-12x20\/#primaryimage"},"thumbnailUrl":"https:\/\/www.praktivak.be\/wp-content\/uploads\/2025\/09\/SP450-1600TRI.jpg","datePublished":"2025-08-14T18:15:57+00:00","dateModified":"2026-02-01T15:49:00+00:00","breadcrumb":{"@id":"https:\/\/www.praktivak.be\/fr\/produit\/spectro-450-laser-tri-wave-7558081064nm-1600-watt-12x20\/#breadcrumb"},"inLanguage":"fr-FR","potentialAction":[{"@type":"ReadAction","target":["https:\/\/www.praktivak.be\/fr\/produit\/spectro-450-laser-tri-wave-7558081064nm-1600-watt-12x20\/"]}]},{"@type":"ImageObject","inLanguage":"fr-FR","@id":"https:\/\/www.praktivak.be\/fr\/produit\/spectro-450-laser-tri-wave-7558081064nm-1600-watt-12x20\/#primaryimage","url":"https:\/\/www.praktivak.be\/wp-content\/uploads\/2025\/09\/SP450-1600TRI.jpg","contentUrl":"https:\/\/www.praktivak.be\/wp-content\/uploads\/2025\/09\/SP450-1600TRI.jpg","width":1000,"height":1000},{"@type":"BreadcrumbList","@id":"https:\/\/www.praktivak.be\/fr\/produit\/spectro-450-laser-tri-wave-7558081064nm-1600-watt-12x20\/#breadcrumb","itemListElement":[{"@type":"ListItem","position":1,"name":"Home","item":"https:\/\/www.praktivak.be\/fr\/"},{"@type":"ListItem","position":2,"name":"Boutique","item":"https:\/\/www.praktivak.be\/fr\/boutique\/"},{"@type":"ListItem","position":3,"name":"Spectro-450 laser Tri-wave (755+808+1064nm) 1600 watt (12&#215;20)"}]},{"@type":"WebSite","@id":"https:\/\/www.praktivak.be\/fr\/#website","url":"https:\/\/www.praktivak.be\/fr\/","name":"Praktivak","description":"","publisher":{"@id":"https:\/\/www.praktivak.be\/fr\/#organization"},"potentialAction":[{"@type":"SearchAction","target":{"@type":"EntryPoint","urlTemplate":"https:\/\/www.praktivak.be\/fr\/?s={search_term_string}"},"query-input":{"@type":"PropertyValueSpecification","valueRequired":true,"valueName":"search_term_string"}}],"inLanguage":"fr-FR"},{"@type":"Organization","@id":"https:\/\/www.praktivak.be\/fr\/#organization","name":"Praktivak","url":"https:\/\/www.praktivak.be\/fr\/","logo":{"@type":"ImageObject","inLanguage":"fr-FR","@id":"https:\/\/www.praktivak.be\/fr\/#\/schema\/logo\/image\/","url":"https:\/\/www.praktivak.be\/wp-content\/uploads\/2024\/09\/Logo.png","contentUrl":"https:\/\/www.praktivak.be\/wp-content\/uploads\/2024\/09\/Logo.png","width":1774,"height":337,"caption":"Praktivak"},"image":{"@id":"https:\/\/www.praktivak.be\/fr\/#\/schema\/logo\/image\/"}}]}},"featured_img":"https:\/\/www.praktivak.be\/wp-content\/uploads\/2025\/09\/SP450-1600TRI.jpg","coauthors":[],"author_meta":{"author_link":"https:\/\/www.praktivak.be\/fr\/author\/madeit\/","display_name":"Tjebbe Lievens"},"relative_dates":{"created":"Publi\u00e9 8 mois il y a","modified":"Mis \u00e0 jour 2 mois il y a"},"absolute_dates":{"created":"Publi\u00e9 le 14 ao\u00fbt 2025","modified":"Mise \u00e0 jour le 1 f\u00e9vrier 2026"},"absolute_dates_time":{"created":"Publi\u00e9 le 14 ao\u00fbt 2025 20h15","modified":"Mise \u00e0 jour le 1 f\u00e9vrier 2026 16h49"},"featured_img_caption":"","tax_additional":{"product_brand":{"linked":[],"unlinked":[],"slug":"product_brand","name":"Marques"},"product_type":{"linked":["<a href=\"https:\/\/www.praktivak.be\/fr\/?taxonomy=product_type&#038;term=simple\" class=\"advgb-post-tax-term\">simple<\/a>"],"unlinked":["<span class=\"advgb-post-tax-term\">simple<\/span>"],"slug":"product_type","name":"Type de produit"},"product_visibility":{"linked":[],"unlinked":[],"slug":"product_visibility","name":"Visibilit\u00e9 du produit"},"product_cat":{"linked":["<a href=\"https:\/\/www.praktivak.be\/fr\/categorie-de-produit\/esthetische-apparatuur-fr\/specialistische-apparatuur-esthetische-apparatuur-fr\/epilation\/laser-fr\/apparatuur-laser-fr\/\" class=\"advgb-post-tax-term\">Appareils<\/a>"],"unlinked":["<span class=\"advgb-post-tax-term\">Appareils<\/span>"],"slug":"product_cat","name":"Cat\u00e9gories de produits"},"product_tag":{"linked":[],"unlinked":[],"slug":"product_tag","name":"\u00c9tiquettes produit"},"product_shipping_class":{"linked":[],"unlinked":[],"slug":"product_shipping_class","name":"Classe d\u2019exp\u00e9dition du produit"},"pos_product_visibility":{"linked":[],"unlinked":[],"slug":"pos_product_visibility","name":"Visibilit\u00e9 du produit sur le point de vente"},"translation_priority":{"linked":[],"unlinked":[],"slug":"translation_priority","name":"Priorit\u00e9s de traduction"}},"series_order":"","_links":{"self":[{"href":"https:\/\/www.praktivak.be\/fr\/wp-json\/wp\/v2\/product\/164661","targetHints":{"allow":["GET"]}}],"collection":[{"href":"https:\/\/www.praktivak.be\/fr\/wp-json\/wp\/v2\/product"}],"about":[{"href":"https:\/\/www.praktivak.be\/fr\/wp-json\/wp\/v2\/types\/product"}],"version-history":[{"count":98,"href":"https:\/\/www.praktivak.be\/fr\/wp-json\/wp\/v2\/product\/164661\/revisions"}],"predecessor-version":[{"id":344861,"href":"https:\/\/www.praktivak.be\/fr\/wp-json\/wp\/v2\/product\/164661\/revisions\/344861"}],"wp:featuredmedia":[{"embeddable":true,"href":"https:\/\/www.praktivak.be\/fr\/wp-json\/wp\/v2\/media\/301430"}],"wp:attachment":[{"href":"https:\/\/www.praktivak.be\/fr\/wp-json\/wp\/v2\/media?parent=164661"}],"wp:term":[{"taxonomy":"product_brand","embeddable":true,"href":"https:\/\/www.praktivak.be\/fr\/wp-json\/wp\/v2\/product_brand?post=164661"},{"taxonomy":"product_cat","embeddable":true,"href":"https:\/\/www.praktivak.be\/fr\/wp-json\/wp\/v2\/product_cat?post=164661"},{"taxonomy":"product_tag","embeddable":true,"href":"https:\/\/www.praktivak.be\/fr\/wp-json\/wp\/v2\/product_tag?post=164661"}],"curies":[{"name":"wp","href":"https:\/\/api.w.org\/{rel}","templated":true}]}}