

{"id":164517,"date":"2025-08-14T20:10:32","date_gmt":"2025-08-14T18:10:32","guid":{"rendered":"https:\/\/www.praktivak.be\/product\/skinstation-oxy\/"},"modified":"2026-02-01T16:49:17","modified_gmt":"2026-02-01T15:49:17","slug":"skinstation-oxy","status":"publish","type":"product","link":"https:\/\/www.praktivak.be\/fr\/produit\/skinstation-oxy\/","title":{"rendered":"SkinStation Oxy+"},"content":{"rendered":"\n<p>\nLa SkinStation Oxy+ est une plateforme multifonctionnelle pour divers traitements de la peau.<\/p>\n\n<p>\nL&rsquo;appareil est &eacute;quip&eacute; d&rsquo;un &eacute;cran tactile facile &agrave; utiliser et de quatre pi&egrave;ces &agrave; main ergonomiques.<\/p>\n\n<p>\nLe syst&egrave;me offre 6 possibilit&eacute;s de traitement innovantes dans un seul appareil :<\/p>\n\n<p>\n1. Traitement CarboXyneo<\/p>\n\n<p>\n2. Traitement d&rsquo;aquadermabrasion<\/p>\n\n<p>\n3. Traitement de levage par radiofr&eacute;quence<\/p>\n\n<p>\n4. Traitement par pulv&eacute;risation d&rsquo;oxyg&egrave;ne<\/p>\n\n<p>\n5. Traitement chaud-froid<\/p>\n\n<p>\n6. Traitement par ultrasons (2 pi&egrave;ces &agrave; main : petite et grande)<\/p>\n\n\n<p>\nModule CARBOXYNEO :<\/p>\n\n<p>\nPendant l&rsquo;agr&eacute;able traitement CarboXyneo, 3 effets sont appliqu&eacute;s simultan&eacute;ment qui am&eacute;liorent en synergie la texture de la peau et donnent &agrave; la peau un aspect radieux et soign&eacute;.<\/p>\n\n<p>\n1. Exfoliation de la couche sup&eacute;rieure de la peau<\/p>\n\n<p>\n2. Inclusion d&rsquo;ingr&eacute;dients hautement actifs.<\/p>\n\n<p>\n3. Augmenter l&rsquo;apport d&rsquo;oxyg&egrave;ne dans la peau de l&rsquo;int&eacute;rieur vers l&rsquo;ext&eacute;rieur (appel&eacute; effet Bohr&nbsp;&raquo;).<\/p>\n\n<p>\nModule AQUA DERMABRASIE :<\/p>\n\n<p>\nLe module d&rsquo;Aqua Dermabrasion de l&rsquo;appareil fonctionne avec 4 fluides sp&eacute;ciaux. Gr&acirc;ce au vide, les liquides &agrave; traitement sp&eacute;cial s&rsquo;&eacute;coulent dans un vortex intensif (effet vortrex) sur la peau.<\/p>\n<p>\n Le traitement d&rsquo;aquadermabrasion non invasif est une combinaison de 4 &eacute;tapes :<\/p>\n\n<p>\n&ndash; Nettoyage intensif et exfoliation douce, <\/p>\n\n<p>\n&ndash; extraction indolore du s&eacute;bum\/laiton <\/p>\n\n<p>\n&ndash; hydratation intensive <\/p>\n\n<p>\n&ndash; l&rsquo;inclusion\/nutrition efficace avec des ingr&eacute;dients actifs.<\/p>\n\n\n<p>\nModule RF-LIFTING : <\/p>\n\n<p>\nLa pi&egrave;ce &agrave; main RF offre une technologie de radiofr&eacute;quence (RF) confortable et efficace pour resserrer et raffermir la peau (lifting non invasif). <\/p>\n\n\n<p>\nModule OXYGENE-PULSE :<\/p>\n\n<p>\nAvec la pi&egrave;ce &agrave; main Oxygen-Spray, de l&rsquo;oxyg&egrave;ne est pulv&eacute;ris&eacute; sur la peau, en combinaison ou non avec un ingr&eacute;dient actif n&eacute;bulis&eacute;. Ce traitement a un fort effet nettoyant, stimulant et nourrissant. La combinaison peut &eacute;galement &ecirc;tre utilis&eacute;e pour apaiser et rafra&icirc;chir. <\/p>\n\n\n<p>\nModule HOT-COLD :<\/p>\n\n<p>\n&Agrave; l&rsquo;aide de la pi&egrave;ce &agrave; main, on peut appliquer sur la peau une th&eacute;rapie par la chaleur ou le froid. La chaleur stimule et le froid apaise.<\/p>\n\n\n<p>\nModule ULTRASOUND :<\/p>\n\n<p>\nLes deux pi&egrave;ces &agrave; main &agrave; ultrasons permettent d&rsquo;introduire des principes actifs par ultrasons dans les couches profondes de la peau (sonof&eacute;r&egrave;se). Les ultrasons peuvent &eacute;galement &ecirc;tre utilis&eacute;s pour stimuler la peau gr&acirc;ce &agrave; un micro-massage sous-cutan&eacute; efficace.<\/p>\n\n<p>\n&laquo;&nbsp;<\/p>\n\n","protected":false},"excerpt":{"rendered":"<p>La SkinStation Oxy+ est une plateforme multifonctionnelle pour divers traitements de la peau. L&rsquo;appareil est &eacute;quip&eacute; d&rsquo;un &eacute;cran tactile facile &agrave; utiliser et de quatre pi&egrave;ces &agrave; main ergonomiques. Le syst&egrave;me offre 6 possibilit&eacute;s de traitement innovantes dans un seul appareil : 1. Traitement CarboXyneo 2. Traitement d&rsquo;aquadermabrasion 3. Traitement de levage par radiofr&eacute;quence 4. &hellip; <\/p>\n<p class=\"link-more\"><a href=\"https:\/\/www.praktivak.be\/fr\/produit\/skinstation-oxy\/\" class=\"more-link\">Continuer la lecture<span class=\"screen-reader-text\"> \u00ab\u00a0SkinStation Oxy+\u00a0\u00bb<\/span><\/a><\/p>\n","protected":false},"author":1,"featured_media":302118,"template":"","meta":{"_acf_changed":false,"_relevanssi_hide_post":"","_relevanssi_hide_content":"","_relevanssi_pin_for_all":"","_relevanssi_pin_keywords":"","_relevanssi_unpin_keywords":"","_relevanssi_related_keywords":"","_relevanssi_related_include_ids":"","_relevanssi_related_exclude_ids":"","_relevanssi_related_no_append":"","_relevanssi_related_not_related":"","_relevanssi_related_posts":"","_relevanssi_noindex_reason":"","advgb_blocks_editor_width":"","advgb_blocks_columns_visual_guide":"","footnotes":""},"product_brand":[],"product_cat":[2076],"product_tag":[],"class_list":{"0":"post-164517","1":"product","2":"type-product","3":"status-publish","4":"has-post-thumbnail","6":"product_cat-apparatuur-skinstation-specialistische-apparatuur-esthetische-apparatuur-fr","8":"first","9":"instock","10":"taxable","11":"shipping-taxable","12":"product-type-simple"},"acf":[],"yoast_head":"<!-- This site is optimized with the Yoast SEO plugin v27.2 - https:\/\/yoast.com\/product\/yoast-seo-wordpress\/ -->\n<title>SkinStation Oxy+ - Praktivak<\/title>\n<meta name=\"robots\" content=\"index, follow, max-snippet:-1, max-image-preview:large, max-video-preview:-1\" \/>\n<link rel=\"canonical\" href=\"https:\/\/www.praktivak.be\/fr\/produit\/skinstation-oxy\/\" \/>\n<meta property=\"og:locale\" content=\"fr_FR\" \/>\n<meta property=\"og:type\" content=\"article\" \/>\n<meta property=\"og:title\" content=\"SkinStation Oxy+ - Praktivak\" \/>\n<meta property=\"og:description\" content=\"La SkinStation Oxy+ est une plateforme multifonctionnelle pour divers traitements de la peau. L&rsquo;appareil est &eacute;quip&eacute; d&rsquo;un &eacute;cran tactile facile &agrave; utiliser et de quatre pi&egrave;ces &agrave; main ergonomiques. Le syst&egrave;me offre 6 possibilit&eacute;s de traitement innovantes dans un seul appareil : 1. Traitement CarboXyneo 2. Traitement d&rsquo;aquadermabrasion 3. Traitement de levage par radiofr&eacute;quence 4. &hellip; Continuer la lecture &quot;SkinStation Oxy+&quot;\" \/>\n<meta property=\"og:url\" content=\"https:\/\/www.praktivak.be\/fr\/produit\/skinstation-oxy\/\" \/>\n<meta property=\"og:site_name\" content=\"Praktivak\" \/>\n<meta property=\"article:modified_time\" content=\"2026-02-01T15:49:17+00:00\" \/>\n<meta property=\"og:image\" content=\"https:\/\/www.praktivak.be\/wp-content\/uploads\/2025\/09\/BS90005-2.jpg\" \/>\n\t<meta property=\"og:image:width\" content=\"1000\" \/>\n\t<meta property=\"og:image:height\" content=\"938\" \/>\n\t<meta property=\"og:image:type\" content=\"image\/jpeg\" \/>\n<meta name=\"twitter:card\" content=\"summary_large_image\" \/>\n<meta name=\"twitter:label1\" content=\"Dur\u00e9e de lecture estim\u00e9e\" \/>\n\t<meta name=\"twitter:data1\" content=\"2 minutes\" \/>\n<script type=\"application\/ld+json\" class=\"yoast-schema-graph\">{\"@context\":\"https:\/\/schema.org\",\"@graph\":[{\"@type\":\"WebPage\",\"@id\":\"https:\/\/www.praktivak.be\/fr\/produit\/skinstation-oxy\/\",\"url\":\"https:\/\/www.praktivak.be\/fr\/produit\/skinstation-oxy\/\",\"name\":\"SkinStation Oxy+ - Praktivak\",\"isPartOf\":{\"@id\":\"https:\/\/www.praktivak.be\/fr\/#website\"},\"primaryImageOfPage\":{\"@id\":\"https:\/\/www.praktivak.be\/fr\/produit\/skinstation-oxy\/#primaryimage\"},\"image\":{\"@id\":\"https:\/\/www.praktivak.be\/fr\/produit\/skinstation-oxy\/#primaryimage\"},\"thumbnailUrl\":\"https:\/\/www.praktivak.be\/wp-content\/uploads\/2025\/09\/BS90005-2.jpg\",\"datePublished\":\"2025-08-14T18:10:32+00:00\",\"dateModified\":\"2026-02-01T15:49:17+00:00\",\"breadcrumb\":{\"@id\":\"https:\/\/www.praktivak.be\/fr\/produit\/skinstation-oxy\/#breadcrumb\"},\"inLanguage\":\"fr-FR\",\"potentialAction\":[{\"@type\":\"ReadAction\",\"target\":[\"https:\/\/www.praktivak.be\/fr\/produit\/skinstation-oxy\/\"]}]},{\"@type\":\"ImageObject\",\"inLanguage\":\"fr-FR\",\"@id\":\"https:\/\/www.praktivak.be\/fr\/produit\/skinstation-oxy\/#primaryimage\",\"url\":\"https:\/\/www.praktivak.be\/wp-content\/uploads\/2025\/09\/BS90005-2.jpg\",\"contentUrl\":\"https:\/\/www.praktivak.be\/wp-content\/uploads\/2025\/09\/BS90005-2.jpg\",\"width\":1000,\"height\":938},{\"@type\":\"BreadcrumbList\",\"@id\":\"https:\/\/www.praktivak.be\/fr\/produit\/skinstation-oxy\/#breadcrumb\",\"itemListElement\":[{\"@type\":\"ListItem\",\"position\":1,\"name\":\"Home\",\"item\":\"https:\/\/www.praktivak.be\/fr\/\"},{\"@type\":\"ListItem\",\"position\":2,\"name\":\"Boutique\",\"item\":\"https:\/\/www.praktivak.be\/fr\/boutique\/\"},{\"@type\":\"ListItem\",\"position\":3,\"name\":\"SkinStation Oxy+\"}]},{\"@type\":\"WebSite\",\"@id\":\"https:\/\/www.praktivak.be\/fr\/#website\",\"url\":\"https:\/\/www.praktivak.be\/fr\/\",\"name\":\"Praktivak\",\"description\":\"\",\"publisher\":{\"@id\":\"https:\/\/www.praktivak.be\/fr\/#organization\"},\"potentialAction\":[{\"@type\":\"SearchAction\",\"target\":{\"@type\":\"EntryPoint\",\"urlTemplate\":\"https:\/\/www.praktivak.be\/fr\/?s={search_term_string}\"},\"query-input\":{\"@type\":\"PropertyValueSpecification\",\"valueRequired\":true,\"valueName\":\"search_term_string\"}}],\"inLanguage\":\"fr-FR\"},{\"@type\":\"Organization\",\"@id\":\"https:\/\/www.praktivak.be\/fr\/#organization\",\"name\":\"Praktivak\",\"url\":\"https:\/\/www.praktivak.be\/fr\/\",\"logo\":{\"@type\":\"ImageObject\",\"inLanguage\":\"fr-FR\",\"@id\":\"https:\/\/www.praktivak.be\/fr\/#\/schema\/logo\/image\/\",\"url\":\"https:\/\/www.praktivak.be\/wp-content\/uploads\/2024\/09\/Logo.png\",\"contentUrl\":\"https:\/\/www.praktivak.be\/wp-content\/uploads\/2024\/09\/Logo.png\",\"width\":1774,\"height\":337,\"caption\":\"Praktivak\"},\"image\":{\"@id\":\"https:\/\/www.praktivak.be\/fr\/#\/schema\/logo\/image\/\"}}]}<\/script>\n<!-- \/ Yoast SEO plugin. -->","yoast_head_json":{"title":"SkinStation Oxy+ - Praktivak","robots":{"index":"index","follow":"follow","max-snippet":"max-snippet:-1","max-image-preview":"max-image-preview:large","max-video-preview":"max-video-preview:-1"},"canonical":"https:\/\/www.praktivak.be\/fr\/produit\/skinstation-oxy\/","og_locale":"fr_FR","og_type":"article","og_title":"SkinStation Oxy+ - Praktivak","og_description":"La SkinStation Oxy+ est une plateforme multifonctionnelle pour divers traitements de la peau. L&rsquo;appareil est &eacute;quip&eacute; d&rsquo;un &eacute;cran tactile facile &agrave; utiliser et de quatre pi&egrave;ces &agrave; main ergonomiques. Le syst&egrave;me offre 6 possibilit&eacute;s de traitement innovantes dans un seul appareil : 1. Traitement CarboXyneo 2. Traitement d&rsquo;aquadermabrasion 3. Traitement de levage par radiofr&eacute;quence 4. &hellip; Continuer la lecture \"SkinStation Oxy+\"","og_url":"https:\/\/www.praktivak.be\/fr\/produit\/skinstation-oxy\/","og_site_name":"Praktivak","article_modified_time":"2026-02-01T15:49:17+00:00","og_image":[{"width":1000,"height":938,"url":"https:\/\/www.praktivak.be\/wp-content\/uploads\/2025\/09\/BS90005-2.jpg","type":"image\/jpeg"}],"twitter_card":"summary_large_image","twitter_misc":{"Dur\u00e9e de lecture estim\u00e9e":"2 minutes"},"schema":{"@context":"https:\/\/schema.org","@graph":[{"@type":"WebPage","@id":"https:\/\/www.praktivak.be\/fr\/produit\/skinstation-oxy\/","url":"https:\/\/www.praktivak.be\/fr\/produit\/skinstation-oxy\/","name":"SkinStation Oxy+ - Praktivak","isPartOf":{"@id":"https:\/\/www.praktivak.be\/fr\/#website"},"primaryImageOfPage":{"@id":"https:\/\/www.praktivak.be\/fr\/produit\/skinstation-oxy\/#primaryimage"},"image":{"@id":"https:\/\/www.praktivak.be\/fr\/produit\/skinstation-oxy\/#primaryimage"},"thumbnailUrl":"https:\/\/www.praktivak.be\/wp-content\/uploads\/2025\/09\/BS90005-2.jpg","datePublished":"2025-08-14T18:10:32+00:00","dateModified":"2026-02-01T15:49:17+00:00","breadcrumb":{"@id":"https:\/\/www.praktivak.be\/fr\/produit\/skinstation-oxy\/#breadcrumb"},"inLanguage":"fr-FR","potentialAction":[{"@type":"ReadAction","target":["https:\/\/www.praktivak.be\/fr\/produit\/skinstation-oxy\/"]}]},{"@type":"ImageObject","inLanguage":"fr-FR","@id":"https:\/\/www.praktivak.be\/fr\/produit\/skinstation-oxy\/#primaryimage","url":"https:\/\/www.praktivak.be\/wp-content\/uploads\/2025\/09\/BS90005-2.jpg","contentUrl":"https:\/\/www.praktivak.be\/wp-content\/uploads\/2025\/09\/BS90005-2.jpg","width":1000,"height":938},{"@type":"BreadcrumbList","@id":"https:\/\/www.praktivak.be\/fr\/produit\/skinstation-oxy\/#breadcrumb","itemListElement":[{"@type":"ListItem","position":1,"name":"Home","item":"https:\/\/www.praktivak.be\/fr\/"},{"@type":"ListItem","position":2,"name":"Boutique","item":"https:\/\/www.praktivak.be\/fr\/boutique\/"},{"@type":"ListItem","position":3,"name":"SkinStation Oxy+"}]},{"@type":"WebSite","@id":"https:\/\/www.praktivak.be\/fr\/#website","url":"https:\/\/www.praktivak.be\/fr\/","name":"Praktivak","description":"","publisher":{"@id":"https:\/\/www.praktivak.be\/fr\/#organization"},"potentialAction":[{"@type":"SearchAction","target":{"@type":"EntryPoint","urlTemplate":"https:\/\/www.praktivak.be\/fr\/?s={search_term_string}"},"query-input":{"@type":"PropertyValueSpecification","valueRequired":true,"valueName":"search_term_string"}}],"inLanguage":"fr-FR"},{"@type":"Organization","@id":"https:\/\/www.praktivak.be\/fr\/#organization","name":"Praktivak","url":"https:\/\/www.praktivak.be\/fr\/","logo":{"@type":"ImageObject","inLanguage":"fr-FR","@id":"https:\/\/www.praktivak.be\/fr\/#\/schema\/logo\/image\/","url":"https:\/\/www.praktivak.be\/wp-content\/uploads\/2024\/09\/Logo.png","contentUrl":"https:\/\/www.praktivak.be\/wp-content\/uploads\/2024\/09\/Logo.png","width":1774,"height":337,"caption":"Praktivak"},"image":{"@id":"https:\/\/www.praktivak.be\/fr\/#\/schema\/logo\/image\/"}}]}},"featured_img":"https:\/\/www.praktivak.be\/wp-content\/uploads\/2025\/09\/BS90005-2.jpg","coauthors":[],"author_meta":{"author_link":"https:\/\/www.praktivak.be\/fr\/author\/madeit\/","display_name":"Tjebbe Lievens"},"relative_dates":{"created":"Publi\u00e9 8 mois il y a","modified":"Mis \u00e0 jour 2 mois il y a"},"absolute_dates":{"created":"Publi\u00e9 le 14 ao\u00fbt 2025","modified":"Mise \u00e0 jour le 1 f\u00e9vrier 2026"},"absolute_dates_time":{"created":"Publi\u00e9 le 14 ao\u00fbt 2025 20h10","modified":"Mise \u00e0 jour le 1 f\u00e9vrier 2026 16h49"},"featured_img_caption":"","tax_additional":{"product_brand":{"linked":[],"unlinked":[],"slug":"product_brand","name":"Marques"},"product_type":{"linked":["<a href=\"https:\/\/www.praktivak.be\/fr\/?taxonomy=product_type&#038;term=simple\" class=\"advgb-post-tax-term\">simple<\/a>"],"unlinked":["<span class=\"advgb-post-tax-term\">simple<\/span>"],"slug":"product_type","name":"Type de produit"},"product_visibility":{"linked":[],"unlinked":[],"slug":"product_visibility","name":"Visibilit\u00e9 du produit"},"product_cat":{"linked":["<a href=\"https:\/\/www.praktivak.be\/fr\/categorie-de-produit\/esthetische-apparatuur-fr\/specialistische-apparatuur-esthetische-apparatuur-fr\/skinstation\/apparatuur-skinstation-specialistische-apparatuur-esthetische-apparatuur-fr\/\" class=\"advgb-post-tax-term\">Appareils<\/a>"],"unlinked":["<span class=\"advgb-post-tax-term\">Appareils<\/span>"],"slug":"product_cat","name":"Cat\u00e9gories de produits"},"product_tag":{"linked":[],"unlinked":[],"slug":"product_tag","name":"\u00c9tiquettes produit"},"product_shipping_class":{"linked":[],"unlinked":[],"slug":"product_shipping_class","name":"Classe d\u2019exp\u00e9dition du produit"},"pos_product_visibility":{"linked":[],"unlinked":[],"slug":"pos_product_visibility","name":"Visibilit\u00e9 du produit sur le point de vente"},"translation_priority":{"linked":[],"unlinked":[],"slug":"translation_priority","name":"Priorit\u00e9s de traduction"}},"series_order":"","_links":{"self":[{"href":"https:\/\/www.praktivak.be\/fr\/wp-json\/wp\/v2\/product\/164517","targetHints":{"allow":["GET"]}}],"collection":[{"href":"https:\/\/www.praktivak.be\/fr\/wp-json\/wp\/v2\/product"}],"about":[{"href":"https:\/\/www.praktivak.be\/fr\/wp-json\/wp\/v2\/types\/product"}],"version-history":[{"count":77,"href":"https:\/\/www.praktivak.be\/fr\/wp-json\/wp\/v2\/product\/164517\/revisions"}],"predecessor-version":[{"id":344897,"href":"https:\/\/www.praktivak.be\/fr\/wp-json\/wp\/v2\/product\/164517\/revisions\/344897"}],"wp:featuredmedia":[{"embeddable":true,"href":"https:\/\/www.praktivak.be\/fr\/wp-json\/wp\/v2\/media\/302118"}],"wp:attachment":[{"href":"https:\/\/www.praktivak.be\/fr\/wp-json\/wp\/v2\/media?parent=164517"}],"wp:term":[{"taxonomy":"product_brand","embeddable":true,"href":"https:\/\/www.praktivak.be\/fr\/wp-json\/wp\/v2\/product_brand?post=164517"},{"taxonomy":"product_cat","embeddable":true,"href":"https:\/\/www.praktivak.be\/fr\/wp-json\/wp\/v2\/product_cat?post=164517"},{"taxonomy":"product_tag","embeddable":true,"href":"https:\/\/www.praktivak.be\/fr\/wp-json\/wp\/v2\/product_tag?post=164517"}],"curies":[{"name":"wp","href":"https:\/\/api.w.org\/{rel}","templated":true}]}}