

{"id":164495,"date":"2025-08-14T20:08:15","date_gmt":"2025-08-14T18:08:15","guid":{"rendered":"https:\/\/www.praktivak.be\/product\/sinus-aqua-touch-spray-50-000tpm-power-met-intern-led-licht\/"},"modified":"2026-02-01T03:00:22","modified_gmt":"2026-02-01T02:00:22","slug":"sinus-aqua-touch-spray-50-000-tpm-power-avec-lumiere-led-interne","status":"publish","type":"product","link":"https:\/\/www.praktivak.be\/fr\/produit\/sinus-aqua-touch-spray-50-000-tpm-power-avec-lumiere-led-interne\/","title":{"rendered":"Sinus Aqua Touch Spray 50.000 TPM power avec lumi\u00e8re LED interne"},"content":{"rendered":"\n<p>\nFraiseuse de derni&egrave;re g&eacute;n&eacute;ration au design tr&egrave;s agr&eacute;able, enti&egrave;rement command&eacute;e par ordinateur, avec &eacute;cran tactile couleur, r&eacute;servoir amovible, 50 000 tr\/min et 3 positions m&eacute;moris&eacute;es. Pi&egrave;ce &agrave; main l&eacute;g&egrave;re, sans brosses en carbone, avec lumi&egrave;re LED interne.     &ndash; Nouveau : Panneau de commande &agrave; &eacute;cran tactile en couleur   -Dosage &eacute;lectronique intramatique du spray (volume et intensit&eacute; r&eacute;glables &eacute;lectroniquement)  -Pi&egrave;ces de qualit&eacute; sup&eacute;rieure fabriqu&eacute;es en Allemagne  &ndash; Positions de m&eacute;moire r&eacute;glables pour la vitesse et le r&eacute;glage du jet  &ndash; Indication du service \/ enregistrement des heures de travail (gestion du service)  &ndash; Fonctionnement silencieux  &ndash; Tr&egrave;s haute puissance jusqu&rsquo;&agrave; 50.000 TPM  &ndash; Force de rotation &eacute;lev&eacute;e sur la fraise  &ndash; Interrupteur marche\/arr&ecirc;t sur la pi&egrave;ce &agrave; main   &ndash; Possibilit&eacute; d&rsquo;une p&eacute;dale marche\/arr&ecirc;t ou d&rsquo;un fonctionnement variop&eacute;dal  &ndash; Convient pour l&rsquo;eau d&eacute;min&eacute;ralis&eacute;e et les liquides de pulv&eacute;risation  &ndash; Syst&egrave;me de tuyaux internes enti&egrave;rement r&eacute;sistant &agrave; l&rsquo;alcool (70%)  &ndash;  Avec le bouton de s&eacute;lection, choisissez rapidement entre air ou spray  &ndash; Pi&egrave;ce &agrave; main sans brosse, sans vibration et silencieuse  &ndash; Pi&egrave;ce &agrave; main de 110 grammes seulement &ndash;  &Eacute;quip&eacute; d&rsquo;une commande &eacute;lectronique de pulv&eacute;risation contr&ocirc;l&eacute;e par logiciel (technologie intramatique). Une vaporisation parfaite dans toutes les positions.   -Lampe &agrave; LED dont la luminosit&eacute; est enti&egrave;rement r&eacute;glable  &ndash; Grand r&eacute;servoir (400ml) facilement amovible avec &eacute;clairage  &ndash; Tuyaux l&eacute;gers et lisses  &ndash; Finition lisse et hygi&eacute;nique avec touches tactiles  &ndash; Syst&egrave;me de serrage simple pour le fraisage   <\/p>\n<p>\nLargeur : 28 cm &ndash; Profondeur : 24 cm &ndash; Hauteur : 15 cm  Poids : 3,0 Kg<\/p>\n\n<p>\nLe SINUS AQUA Touch LED est 100% fabriqu&eacute; en Allemagne.   UNITRONIC : le premier fabricant allemand d&rsquo;&eacute;quipements professionnels de p&eacute;dicure. Unitronic est l&rsquo;un des fabricants de moteurs de p&eacute;dicure les plus importants et les plus modernes au monde. Dans l&rsquo;usine sp&eacute;cialis&eacute;e d&rsquo;Unitronic en Allemagne, plusieurs dizaines de techniciens hautement sp&eacute;cialis&eacute;s travaillent chaque jour au d&eacute;veloppement et &agrave; la production de ces moteurs de p&eacute;dicure innovants et de haute qualit&eacute;. Tous les composants et pi&egrave;ces des moteurs Unitronic sont fabriqu&eacute;s &agrave; 100% dans leur propre usine allemande. Cela s&rsquo;applique &agrave; la pi&egrave;ce &agrave; main, au micromoteur, au bo&icirc;tier de commande et &agrave; toutes les autres parties de l&rsquo;appareil. Unitronic est une usine hautement sp&eacute;cialis&eacute;e qui ne produit que des moteurs de p&eacute;dicure. Les connaissances et l&rsquo;exp&eacute;rience d&rsquo;Unitronic sont uniques au monde et garantissent une qualit&eacute; et un service de premier ordre.<\/p>\n\n","protected":false},"excerpt":{"rendered":"<p>Fraiseuse de derni&egrave;re g&eacute;n&eacute;ration au design tr&egrave;s agr&eacute;able, enti&egrave;rement command&eacute;e par ordinateur, avec &eacute;cran tactile couleur, r&eacute;servoir amovible, 50 000 tr\/min et 3 positions m&eacute;moris&eacute;es. Pi&egrave;ce &agrave; main l&eacute;g&egrave;re, sans brosses en carbone, avec lumi&egrave;re LED interne. &ndash; Nouveau : Panneau de commande &agrave; &eacute;cran tactile en couleur -Dosage &eacute;lectronique intramatique du spray (volume et &hellip; <\/p>\n<p class=\"link-more\"><a href=\"https:\/\/www.praktivak.be\/fr\/produit\/sinus-aqua-touch-spray-50-000-tpm-power-avec-lumiere-led-interne\/\" class=\"more-link\">Continuer la lecture<span class=\"screen-reader-text\"> \u00ab\u00a0Sinus Aqua Touch Spray 50.000 TPM power avec lumi\u00e8re LED interne\u00a0\u00bb<\/span><\/a><\/p>\n","protected":false},"author":1,"featured_media":302120,"template":"","meta":{"_acf_changed":false,"_relevanssi_hide_post":"","_relevanssi_hide_content":"","_relevanssi_pin_for_all":"","_relevanssi_pin_keywords":"","_relevanssi_unpin_keywords":"","_relevanssi_related_keywords":"","_relevanssi_related_include_ids":"","_relevanssi_related_exclude_ids":"","_relevanssi_related_no_append":"","_relevanssi_related_not_related":"","_relevanssi_related_posts":"","_relevanssi_noindex_reason":"","advgb_blocks_editor_width":"","advgb_blocks_columns_visual_guide":"","footnotes":""},"product_brand":[],"product_cat":[2181],"product_tag":[],"class_list":{"0":"post-164495","1":"product","2":"type-product","3":"status-publish","4":"has-post-thumbnail","6":"product_cat-nattechniek-freestoestellen-fr","8":"first","9":"instock","10":"taxable","11":"shipping-taxable","12":"product-type-simple"},"acf":[],"yoast_head":"<!-- This site is optimized with the Yoast SEO plugin v27.2 - https:\/\/yoast.com\/product\/yoast-seo-wordpress\/ -->\n<title>Sinus Aqua Touch Spray 50.000 TPM power avec lumi\u00e8re LED interne - Praktivak<\/title>\n<meta name=\"robots\" content=\"index, follow, max-snippet:-1, max-image-preview:large, max-video-preview:-1\" \/>\n<link rel=\"canonical\" href=\"https:\/\/www.praktivak.be\/fr\/produit\/sinus-aqua-touch-spray-50-000-tpm-power-avec-lumiere-led-interne\/\" \/>\n<meta property=\"og:locale\" content=\"fr_FR\" \/>\n<meta property=\"og:type\" content=\"article\" \/>\n<meta property=\"og:title\" content=\"Sinus Aqua Touch Spray 50.000 TPM power avec lumi\u00e8re LED interne - Praktivak\" \/>\n<meta property=\"og:description\" content=\"Fraiseuse de derni&egrave;re g&eacute;n&eacute;ration au design tr&egrave;s agr&eacute;able, enti&egrave;rement command&eacute;e par ordinateur, avec &eacute;cran tactile couleur, r&eacute;servoir amovible, 50 000 tr\/min et 3 positions m&eacute;moris&eacute;es. Pi&egrave;ce &agrave; main l&eacute;g&egrave;re, sans brosses en carbone, avec lumi&egrave;re LED interne. &ndash; Nouveau : Panneau de commande &agrave; &eacute;cran tactile en couleur -Dosage &eacute;lectronique intramatique du spray (volume et &hellip; Continuer la lecture &quot;Sinus Aqua Touch Spray 50.000 TPM power avec lumi\u00e8re LED interne&quot;\" \/>\n<meta property=\"og:url\" content=\"https:\/\/www.praktivak.be\/fr\/produit\/sinus-aqua-touch-spray-50-000-tpm-power-avec-lumiere-led-interne\/\" \/>\n<meta property=\"og:site_name\" content=\"Praktivak\" \/>\n<meta property=\"article:modified_time\" content=\"2026-02-01T02:00:22+00:00\" \/>\n<meta property=\"og:image\" content=\"https:\/\/www.praktivak.be\/wp-content\/uploads\/2025\/09\/B0407-2.jpg\" \/>\n\t<meta property=\"og:image:width\" content=\"1000\" \/>\n\t<meta property=\"og:image:height\" content=\"810\" \/>\n\t<meta property=\"og:image:type\" content=\"image\/jpeg\" \/>\n<meta name=\"twitter:card\" content=\"summary_large_image\" \/>\n<meta name=\"twitter:label1\" content=\"Dur\u00e9e de lecture estim\u00e9e\" \/>\n\t<meta name=\"twitter:data1\" content=\"2 minutes\" \/>\n<script type=\"application\/ld+json\" class=\"yoast-schema-graph\">{\"@context\":\"https:\/\/schema.org\",\"@graph\":[{\"@type\":\"WebPage\",\"@id\":\"https:\/\/www.praktivak.be\/fr\/produit\/sinus-aqua-touch-spray-50-000-tpm-power-avec-lumiere-led-interne\/\",\"url\":\"https:\/\/www.praktivak.be\/fr\/produit\/sinus-aqua-touch-spray-50-000-tpm-power-avec-lumiere-led-interne\/\",\"name\":\"Sinus Aqua Touch Spray 50.000 TPM power avec lumi\u00e8re LED interne - Praktivak\",\"isPartOf\":{\"@id\":\"https:\/\/www.praktivak.be\/fr\/#website\"},\"primaryImageOfPage\":{\"@id\":\"https:\/\/www.praktivak.be\/fr\/produit\/sinus-aqua-touch-spray-50-000-tpm-power-avec-lumiere-led-interne\/#primaryimage\"},\"image\":{\"@id\":\"https:\/\/www.praktivak.be\/fr\/produit\/sinus-aqua-touch-spray-50-000-tpm-power-avec-lumiere-led-interne\/#primaryimage\"},\"thumbnailUrl\":\"https:\/\/www.praktivak.be\/wp-content\/uploads\/2025\/09\/B0407-2.jpg\",\"datePublished\":\"2025-08-14T18:08:15+00:00\",\"dateModified\":\"2026-02-01T02:00:22+00:00\",\"breadcrumb\":{\"@id\":\"https:\/\/www.praktivak.be\/fr\/produit\/sinus-aqua-touch-spray-50-000-tpm-power-avec-lumiere-led-interne\/#breadcrumb\"},\"inLanguage\":\"fr-FR\",\"potentialAction\":[{\"@type\":\"ReadAction\",\"target\":[\"https:\/\/www.praktivak.be\/fr\/produit\/sinus-aqua-touch-spray-50-000-tpm-power-avec-lumiere-led-interne\/\"]}]},{\"@type\":\"ImageObject\",\"inLanguage\":\"fr-FR\",\"@id\":\"https:\/\/www.praktivak.be\/fr\/produit\/sinus-aqua-touch-spray-50-000-tpm-power-avec-lumiere-led-interne\/#primaryimage\",\"url\":\"https:\/\/www.praktivak.be\/wp-content\/uploads\/2025\/09\/B0407-2.jpg\",\"contentUrl\":\"https:\/\/www.praktivak.be\/wp-content\/uploads\/2025\/09\/B0407-2.jpg\",\"width\":1000,\"height\":810},{\"@type\":\"BreadcrumbList\",\"@id\":\"https:\/\/www.praktivak.be\/fr\/produit\/sinus-aqua-touch-spray-50-000-tpm-power-avec-lumiere-led-interne\/#breadcrumb\",\"itemListElement\":[{\"@type\":\"ListItem\",\"position\":1,\"name\":\"Home\",\"item\":\"https:\/\/www.praktivak.be\/fr\/\"},{\"@type\":\"ListItem\",\"position\":2,\"name\":\"Boutique\",\"item\":\"https:\/\/www.praktivak.be\/fr\/boutique\/\"},{\"@type\":\"ListItem\",\"position\":3,\"name\":\"Sinus Aqua Touch Spray 50.000 TPM power avec lumi\u00e8re LED interne\"}]},{\"@type\":\"WebSite\",\"@id\":\"https:\/\/www.praktivak.be\/fr\/#website\",\"url\":\"https:\/\/www.praktivak.be\/fr\/\",\"name\":\"Praktivak\",\"description\":\"\",\"publisher\":{\"@id\":\"https:\/\/www.praktivak.be\/fr\/#organization\"},\"potentialAction\":[{\"@type\":\"SearchAction\",\"target\":{\"@type\":\"EntryPoint\",\"urlTemplate\":\"https:\/\/www.praktivak.be\/fr\/?s={search_term_string}\"},\"query-input\":{\"@type\":\"PropertyValueSpecification\",\"valueRequired\":true,\"valueName\":\"search_term_string\"}}],\"inLanguage\":\"fr-FR\"},{\"@type\":\"Organization\",\"@id\":\"https:\/\/www.praktivak.be\/fr\/#organization\",\"name\":\"Praktivak\",\"url\":\"https:\/\/www.praktivak.be\/fr\/\",\"logo\":{\"@type\":\"ImageObject\",\"inLanguage\":\"fr-FR\",\"@id\":\"https:\/\/www.praktivak.be\/fr\/#\/schema\/logo\/image\/\",\"url\":\"https:\/\/www.praktivak.be\/wp-content\/uploads\/2024\/09\/Logo.png\",\"contentUrl\":\"https:\/\/www.praktivak.be\/wp-content\/uploads\/2024\/09\/Logo.png\",\"width\":1774,\"height\":337,\"caption\":\"Praktivak\"},\"image\":{\"@id\":\"https:\/\/www.praktivak.be\/fr\/#\/schema\/logo\/image\/\"}}]}<\/script>\n<!-- \/ Yoast SEO plugin. -->","yoast_head_json":{"title":"Sinus Aqua Touch Spray 50.000 TPM power avec lumi\u00e8re LED interne - Praktivak","robots":{"index":"index","follow":"follow","max-snippet":"max-snippet:-1","max-image-preview":"max-image-preview:large","max-video-preview":"max-video-preview:-1"},"canonical":"https:\/\/www.praktivak.be\/fr\/produit\/sinus-aqua-touch-spray-50-000-tpm-power-avec-lumiere-led-interne\/","og_locale":"fr_FR","og_type":"article","og_title":"Sinus Aqua Touch Spray 50.000 TPM power avec lumi\u00e8re LED interne - Praktivak","og_description":"Fraiseuse de derni&egrave;re g&eacute;n&eacute;ration au design tr&egrave;s agr&eacute;able, enti&egrave;rement command&eacute;e par ordinateur, avec &eacute;cran tactile couleur, r&eacute;servoir amovible, 50 000 tr\/min et 3 positions m&eacute;moris&eacute;es. Pi&egrave;ce &agrave; main l&eacute;g&egrave;re, sans brosses en carbone, avec lumi&egrave;re LED interne. &ndash; Nouveau : Panneau de commande &agrave; &eacute;cran tactile en couleur -Dosage &eacute;lectronique intramatique du spray (volume et &hellip; Continuer la lecture \"Sinus Aqua Touch Spray 50.000 TPM power avec lumi\u00e8re LED interne\"","og_url":"https:\/\/www.praktivak.be\/fr\/produit\/sinus-aqua-touch-spray-50-000-tpm-power-avec-lumiere-led-interne\/","og_site_name":"Praktivak","article_modified_time":"2026-02-01T02:00:22+00:00","og_image":[{"width":1000,"height":810,"url":"https:\/\/www.praktivak.be\/wp-content\/uploads\/2025\/09\/B0407-2.jpg","type":"image\/jpeg"}],"twitter_card":"summary_large_image","twitter_misc":{"Dur\u00e9e de lecture estim\u00e9e":"2 minutes"},"schema":{"@context":"https:\/\/schema.org","@graph":[{"@type":"WebPage","@id":"https:\/\/www.praktivak.be\/fr\/produit\/sinus-aqua-touch-spray-50-000-tpm-power-avec-lumiere-led-interne\/","url":"https:\/\/www.praktivak.be\/fr\/produit\/sinus-aqua-touch-spray-50-000-tpm-power-avec-lumiere-led-interne\/","name":"Sinus Aqua Touch Spray 50.000 TPM power avec lumi\u00e8re LED interne - Praktivak","isPartOf":{"@id":"https:\/\/www.praktivak.be\/fr\/#website"},"primaryImageOfPage":{"@id":"https:\/\/www.praktivak.be\/fr\/produit\/sinus-aqua-touch-spray-50-000-tpm-power-avec-lumiere-led-interne\/#primaryimage"},"image":{"@id":"https:\/\/www.praktivak.be\/fr\/produit\/sinus-aqua-touch-spray-50-000-tpm-power-avec-lumiere-led-interne\/#primaryimage"},"thumbnailUrl":"https:\/\/www.praktivak.be\/wp-content\/uploads\/2025\/09\/B0407-2.jpg","datePublished":"2025-08-14T18:08:15+00:00","dateModified":"2026-02-01T02:00:22+00:00","breadcrumb":{"@id":"https:\/\/www.praktivak.be\/fr\/produit\/sinus-aqua-touch-spray-50-000-tpm-power-avec-lumiere-led-interne\/#breadcrumb"},"inLanguage":"fr-FR","potentialAction":[{"@type":"ReadAction","target":["https:\/\/www.praktivak.be\/fr\/produit\/sinus-aqua-touch-spray-50-000-tpm-power-avec-lumiere-led-interne\/"]}]},{"@type":"ImageObject","inLanguage":"fr-FR","@id":"https:\/\/www.praktivak.be\/fr\/produit\/sinus-aqua-touch-spray-50-000-tpm-power-avec-lumiere-led-interne\/#primaryimage","url":"https:\/\/www.praktivak.be\/wp-content\/uploads\/2025\/09\/B0407-2.jpg","contentUrl":"https:\/\/www.praktivak.be\/wp-content\/uploads\/2025\/09\/B0407-2.jpg","width":1000,"height":810},{"@type":"BreadcrumbList","@id":"https:\/\/www.praktivak.be\/fr\/produit\/sinus-aqua-touch-spray-50-000-tpm-power-avec-lumiere-led-interne\/#breadcrumb","itemListElement":[{"@type":"ListItem","position":1,"name":"Home","item":"https:\/\/www.praktivak.be\/fr\/"},{"@type":"ListItem","position":2,"name":"Boutique","item":"https:\/\/www.praktivak.be\/fr\/boutique\/"},{"@type":"ListItem","position":3,"name":"Sinus Aqua Touch Spray 50.000 TPM power avec lumi\u00e8re LED interne"}]},{"@type":"WebSite","@id":"https:\/\/www.praktivak.be\/fr\/#website","url":"https:\/\/www.praktivak.be\/fr\/","name":"Praktivak","description":"","publisher":{"@id":"https:\/\/www.praktivak.be\/fr\/#organization"},"potentialAction":[{"@type":"SearchAction","target":{"@type":"EntryPoint","urlTemplate":"https:\/\/www.praktivak.be\/fr\/?s={search_term_string}"},"query-input":{"@type":"PropertyValueSpecification","valueRequired":true,"valueName":"search_term_string"}}],"inLanguage":"fr-FR"},{"@type":"Organization","@id":"https:\/\/www.praktivak.be\/fr\/#organization","name":"Praktivak","url":"https:\/\/www.praktivak.be\/fr\/","logo":{"@type":"ImageObject","inLanguage":"fr-FR","@id":"https:\/\/www.praktivak.be\/fr\/#\/schema\/logo\/image\/","url":"https:\/\/www.praktivak.be\/wp-content\/uploads\/2024\/09\/Logo.png","contentUrl":"https:\/\/www.praktivak.be\/wp-content\/uploads\/2024\/09\/Logo.png","width":1774,"height":337,"caption":"Praktivak"},"image":{"@id":"https:\/\/www.praktivak.be\/fr\/#\/schema\/logo\/image\/"}}]}},"featured_img":"https:\/\/www.praktivak.be\/wp-content\/uploads\/2025\/09\/B0407-2.jpg","coauthors":[],"author_meta":{"author_link":"https:\/\/www.praktivak.be\/fr\/author\/madeit\/","display_name":"Tjebbe Lievens"},"relative_dates":{"created":"Publi\u00e9 8 mois il y a","modified":"Mis \u00e0 jour 2 mois il y a"},"absolute_dates":{"created":"Publi\u00e9 le 14 ao\u00fbt 2025","modified":"Mise \u00e0 jour le 1 f\u00e9vrier 2026"},"absolute_dates_time":{"created":"Publi\u00e9 le 14 ao\u00fbt 2025 20h08","modified":"Mise \u00e0 jour le 1 f\u00e9vrier 2026 3h00"},"featured_img_caption":"","tax_additional":{"product_brand":{"linked":[],"unlinked":[],"slug":"product_brand","name":"Marques"},"product_type":{"linked":["<a href=\"https:\/\/www.praktivak.be\/fr\/?taxonomy=product_type&#038;term=simple\" class=\"advgb-post-tax-term\">simple<\/a>"],"unlinked":["<span class=\"advgb-post-tax-term\">simple<\/span>"],"slug":"product_type","name":"Type de produit"},"product_visibility":{"linked":[],"unlinked":[],"slug":"product_visibility","name":"Visibilit\u00e9 du produit"},"product_cat":{"linked":["<a href=\"https:\/\/www.praktivak.be\/fr\/categorie-de-produit\/freestoestellen-fr\/nattechniek-freestoestellen-fr\/\" class=\"advgb-post-tax-term\">Technologie \u00e0 spray<\/a>"],"unlinked":["<span class=\"advgb-post-tax-term\">Technologie \u00e0 spray<\/span>"],"slug":"product_cat","name":"Cat\u00e9gories de produits"},"product_tag":{"linked":[],"unlinked":[],"slug":"product_tag","name":"\u00c9tiquettes produit"},"product_shipping_class":{"linked":[],"unlinked":[],"slug":"product_shipping_class","name":"Classe d\u2019exp\u00e9dition du produit"},"pos_product_visibility":{"linked":[],"unlinked":[],"slug":"pos_product_visibility","name":"Visibilit\u00e9 du produit sur le point de vente"},"translation_priority":{"linked":[],"unlinked":[],"slug":"translation_priority","name":"Priorit\u00e9s de traduction"}},"series_order":"","_links":{"self":[{"href":"https:\/\/www.praktivak.be\/fr\/wp-json\/wp\/v2\/product\/164495","targetHints":{"allow":["GET"]}}],"collection":[{"href":"https:\/\/www.praktivak.be\/fr\/wp-json\/wp\/v2\/product"}],"about":[{"href":"https:\/\/www.praktivak.be\/fr\/wp-json\/wp\/v2\/types\/product"}],"version-history":[{"count":62,"href":"https:\/\/www.praktivak.be\/fr\/wp-json\/wp\/v2\/product\/164495\/revisions"}],"predecessor-version":[{"id":323447,"href":"https:\/\/www.praktivak.be\/fr\/wp-json\/wp\/v2\/product\/164495\/revisions\/323447"}],"wp:featuredmedia":[{"embeddable":true,"href":"https:\/\/www.praktivak.be\/fr\/wp-json\/wp\/v2\/media\/302120"}],"wp:attachment":[{"href":"https:\/\/www.praktivak.be\/fr\/wp-json\/wp\/v2\/media?parent=164495"}],"wp:term":[{"taxonomy":"product_brand","embeddable":true,"href":"https:\/\/www.praktivak.be\/fr\/wp-json\/wp\/v2\/product_brand?post=164495"},{"taxonomy":"product_cat","embeddable":true,"href":"https:\/\/www.praktivak.be\/fr\/wp-json\/wp\/v2\/product_cat?post=164495"},{"taxonomy":"product_tag","embeddable":true,"href":"https:\/\/www.praktivak.be\/fr\/wp-json\/wp\/v2\/product_tag?post=164495"}],"curies":[{"name":"wp","href":"https:\/\/api.w.org\/{rel}","templated":true}]}}