

{"id":164459,"date":"2025-08-14T20:05:59","date_gmt":"2025-08-14T18:05:59","guid":{"rendered":"https:\/\/www.praktivak.be\/product\/setje-vloeistoffen-s2-voor-skinstation-setje-van-4-flessen\/"},"modified":"2026-02-01T16:49:24","modified_gmt":"2026-02-01T15:49:24","slug":"liquides-s2-pour-skin-station-4-bouteilles","status":"publish","type":"product","link":"https:\/\/www.praktivak.be\/fr\/produit\/liquides-s2-pour-skin-station-4-bouteilles\/","title":{"rendered":"Liquides S2 pour Skin Station+, 4 bouteilles"},"content":{"rendered":"\n<p>\nSet de liquide Aqua Clean (hyrdo-dermabrasion)<\/p>\n\n<p>\nKIT CELLULE<\/p>\n<p>\nEnsemble de 3 types de concentr&eacute;s pour la fabrication de liquides d&rsquo;hydro-dermabrasion<\/p>\n<p>\nCellnula Aqua Clean S1 :<\/p>\n<p>\nCellnula Aqua Clean S2 :<\/p>\n<p>\nCelnula Aqua Clean S3 :  <\/p>\n<p>\nCes liquides ne sont disponibles que sous forme de kit.<\/p>\n\n<p>\nATTENTION : SEULEMENT DISPONIBLE AUX CLIENTS QUI ONT ACHETE LE DISPOSITIF CHEZ BOWIE MEDICAL !<\/p>\n\n","protected":false},"excerpt":{"rendered":"<p>Set de liquide Aqua Clean (hyrdo-dermabrasion) KIT CELLULE Ensemble de 3 types de concentr&eacute;s pour la fabrication de liquides d&rsquo;hydro-dermabrasion Cellnula Aqua Clean S1 : Cellnula Aqua Clean S2 : Celnula Aqua Clean S3 : Ces liquides ne sont disponibles que sous forme de kit. ATTENTION : SEULEMENT DISPONIBLE AUX CLIENTS QUI ONT ACHETE LE &hellip; <\/p>\n<p class=\"link-more\"><a href=\"https:\/\/www.praktivak.be\/fr\/produit\/liquides-s2-pour-skin-station-4-bouteilles\/\" class=\"more-link\">Continuer la lecture<span class=\"screen-reader-text\"> \u00ab\u00a0Liquides S2 pour Skin Station+, 4 bouteilles\u00a0\u00bb<\/span><\/a><\/p>\n","protected":false},"author":1,"featured_media":302161,"template":"","meta":{"_acf_changed":false,"_relevanssi_hide_post":"","_relevanssi_hide_content":"","_relevanssi_pin_for_all":"","_relevanssi_pin_keywords":"","_relevanssi_unpin_keywords":"","_relevanssi_related_keywords":"","_relevanssi_related_include_ids":"","_relevanssi_related_exclude_ids":"","_relevanssi_related_no_append":"","_relevanssi_related_not_related":"","_relevanssi_related_posts":"","_relevanssi_noindex_reason":"","advgb_blocks_editor_width":"","advgb_blocks_columns_visual_guide":"","footnotes":""},"product_brand":[],"product_cat":[2133],"product_tag":[],"class_list":{"0":"post-164459","1":"product","2":"type-product","3":"status-publish","4":"has-post-thumbnail","6":"product_cat-toebehoren-skinstation-specialistische-apparatuur-esthetische-apparatuur-fr","8":"first","9":"instock","10":"taxable","11":"shipping-taxable","12":"product-type-simple"},"acf":[],"yoast_head":"<!-- This site is optimized with the Yoast SEO plugin v27.2 - https:\/\/yoast.com\/product\/yoast-seo-wordpress\/ -->\n<title>Liquides S2 pour Skin Station+, 4 bouteilles - Praktivak<\/title>\n<meta name=\"robots\" content=\"index, follow, max-snippet:-1, max-image-preview:large, max-video-preview:-1\" \/>\n<link rel=\"canonical\" href=\"https:\/\/www.praktivak.be\/fr\/produit\/liquides-s2-pour-skin-station-4-bouteilles\/\" \/>\n<meta property=\"og:locale\" content=\"fr_FR\" \/>\n<meta property=\"og:type\" content=\"article\" \/>\n<meta property=\"og:title\" content=\"Liquides S2 pour Skin Station+, 4 bouteilles - Praktivak\" \/>\n<meta property=\"og:description\" content=\"Set de liquide Aqua Clean (hyrdo-dermabrasion) KIT CELLULE Ensemble de 3 types de concentr&eacute;s pour la fabrication de liquides d&rsquo;hydro-dermabrasion Cellnula Aqua Clean S1 : Cellnula Aqua Clean S2 : Celnula Aqua Clean S3 : Ces liquides ne sont disponibles que sous forme de kit. ATTENTION : SEULEMENT DISPONIBLE AUX CLIENTS QUI ONT ACHETE LE &hellip; Continuer la lecture &quot;Liquides S2 pour Skin Station+, 4 bouteilles&quot;\" \/>\n<meta property=\"og:url\" content=\"https:\/\/www.praktivak.be\/fr\/produit\/liquides-s2-pour-skin-station-4-bouteilles\/\" \/>\n<meta property=\"og:site_name\" content=\"Praktivak\" \/>\n<meta property=\"article:modified_time\" content=\"2026-02-01T15:49:24+00:00\" \/>\n<meta property=\"og:image\" content=\"https:\/\/www.praktivak.be\/wp-content\/uploads\/2025\/09\/S90001S2-2.jpg\" \/>\n\t<meta property=\"og:image:width\" content=\"1000\" \/>\n\t<meta property=\"og:image:height\" content=\"750\" \/>\n\t<meta property=\"og:image:type\" content=\"image\/jpeg\" \/>\n<meta name=\"twitter:card\" content=\"summary_large_image\" \/>\n<script type=\"application\/ld+json\" class=\"yoast-schema-graph\">{\"@context\":\"https:\/\/schema.org\",\"@graph\":[{\"@type\":\"WebPage\",\"@id\":\"https:\/\/www.praktivak.be\/fr\/produit\/liquides-s2-pour-skin-station-4-bouteilles\/\",\"url\":\"https:\/\/www.praktivak.be\/fr\/produit\/liquides-s2-pour-skin-station-4-bouteilles\/\",\"name\":\"Liquides S2 pour Skin Station+, 4 bouteilles - Praktivak\",\"isPartOf\":{\"@id\":\"https:\/\/www.praktivak.be\/fr\/#website\"},\"primaryImageOfPage\":{\"@id\":\"https:\/\/www.praktivak.be\/fr\/produit\/liquides-s2-pour-skin-station-4-bouteilles\/#primaryimage\"},\"image\":{\"@id\":\"https:\/\/www.praktivak.be\/fr\/produit\/liquides-s2-pour-skin-station-4-bouteilles\/#primaryimage\"},\"thumbnailUrl\":\"https:\/\/www.praktivak.be\/wp-content\/uploads\/2025\/09\/S90001S2-2.jpg\",\"datePublished\":\"2025-08-14T18:05:59+00:00\",\"dateModified\":\"2026-02-01T15:49:24+00:00\",\"breadcrumb\":{\"@id\":\"https:\/\/www.praktivak.be\/fr\/produit\/liquides-s2-pour-skin-station-4-bouteilles\/#breadcrumb\"},\"inLanguage\":\"fr-FR\",\"potentialAction\":[{\"@type\":\"ReadAction\",\"target\":[\"https:\/\/www.praktivak.be\/fr\/produit\/liquides-s2-pour-skin-station-4-bouteilles\/\"]}]},{\"@type\":\"ImageObject\",\"inLanguage\":\"fr-FR\",\"@id\":\"https:\/\/www.praktivak.be\/fr\/produit\/liquides-s2-pour-skin-station-4-bouteilles\/#primaryimage\",\"url\":\"https:\/\/www.praktivak.be\/wp-content\/uploads\/2025\/09\/S90001S2-2.jpg\",\"contentUrl\":\"https:\/\/www.praktivak.be\/wp-content\/uploads\/2025\/09\/S90001S2-2.jpg\",\"width\":1000,\"height\":750},{\"@type\":\"BreadcrumbList\",\"@id\":\"https:\/\/www.praktivak.be\/fr\/produit\/liquides-s2-pour-skin-station-4-bouteilles\/#breadcrumb\",\"itemListElement\":[{\"@type\":\"ListItem\",\"position\":1,\"name\":\"Home\",\"item\":\"https:\/\/www.praktivak.be\/fr\/\"},{\"@type\":\"ListItem\",\"position\":2,\"name\":\"Boutique\",\"item\":\"https:\/\/www.praktivak.be\/fr\/boutique\/\"},{\"@type\":\"ListItem\",\"position\":3,\"name\":\"Liquides S2 pour Skin Station+, 4 bouteilles\"}]},{\"@type\":\"WebSite\",\"@id\":\"https:\/\/www.praktivak.be\/fr\/#website\",\"url\":\"https:\/\/www.praktivak.be\/fr\/\",\"name\":\"Praktivak\",\"description\":\"\",\"publisher\":{\"@id\":\"https:\/\/www.praktivak.be\/fr\/#organization\"},\"potentialAction\":[{\"@type\":\"SearchAction\",\"target\":{\"@type\":\"EntryPoint\",\"urlTemplate\":\"https:\/\/www.praktivak.be\/fr\/?s={search_term_string}\"},\"query-input\":{\"@type\":\"PropertyValueSpecification\",\"valueRequired\":true,\"valueName\":\"search_term_string\"}}],\"inLanguage\":\"fr-FR\"},{\"@type\":\"Organization\",\"@id\":\"https:\/\/www.praktivak.be\/fr\/#organization\",\"name\":\"Praktivak\",\"url\":\"https:\/\/www.praktivak.be\/fr\/\",\"logo\":{\"@type\":\"ImageObject\",\"inLanguage\":\"fr-FR\",\"@id\":\"https:\/\/www.praktivak.be\/fr\/#\/schema\/logo\/image\/\",\"url\":\"https:\/\/www.praktivak.be\/wp-content\/uploads\/2024\/09\/Logo.png\",\"contentUrl\":\"https:\/\/www.praktivak.be\/wp-content\/uploads\/2024\/09\/Logo.png\",\"width\":1774,\"height\":337,\"caption\":\"Praktivak\"},\"image\":{\"@id\":\"https:\/\/www.praktivak.be\/fr\/#\/schema\/logo\/image\/\"}}]}<\/script>\n<!-- \/ Yoast SEO plugin. -->","yoast_head_json":{"title":"Liquides S2 pour Skin Station+, 4 bouteilles - Praktivak","robots":{"index":"index","follow":"follow","max-snippet":"max-snippet:-1","max-image-preview":"max-image-preview:large","max-video-preview":"max-video-preview:-1"},"canonical":"https:\/\/www.praktivak.be\/fr\/produit\/liquides-s2-pour-skin-station-4-bouteilles\/","og_locale":"fr_FR","og_type":"article","og_title":"Liquides S2 pour Skin Station+, 4 bouteilles - Praktivak","og_description":"Set de liquide Aqua Clean (hyrdo-dermabrasion) KIT CELLULE Ensemble de 3 types de concentr&eacute;s pour la fabrication de liquides d&rsquo;hydro-dermabrasion Cellnula Aqua Clean S1 : Cellnula Aqua Clean S2 : Celnula Aqua Clean S3 : Ces liquides ne sont disponibles que sous forme de kit. ATTENTION : SEULEMENT DISPONIBLE AUX CLIENTS QUI ONT ACHETE LE &hellip; Continuer la lecture \"Liquides S2 pour Skin Station+, 4 bouteilles\"","og_url":"https:\/\/www.praktivak.be\/fr\/produit\/liquides-s2-pour-skin-station-4-bouteilles\/","og_site_name":"Praktivak","article_modified_time":"2026-02-01T15:49:24+00:00","og_image":[{"width":1000,"height":750,"url":"https:\/\/www.praktivak.be\/wp-content\/uploads\/2025\/09\/S90001S2-2.jpg","type":"image\/jpeg"}],"twitter_card":"summary_large_image","schema":{"@context":"https:\/\/schema.org","@graph":[{"@type":"WebPage","@id":"https:\/\/www.praktivak.be\/fr\/produit\/liquides-s2-pour-skin-station-4-bouteilles\/","url":"https:\/\/www.praktivak.be\/fr\/produit\/liquides-s2-pour-skin-station-4-bouteilles\/","name":"Liquides S2 pour Skin Station+, 4 bouteilles - Praktivak","isPartOf":{"@id":"https:\/\/www.praktivak.be\/fr\/#website"},"primaryImageOfPage":{"@id":"https:\/\/www.praktivak.be\/fr\/produit\/liquides-s2-pour-skin-station-4-bouteilles\/#primaryimage"},"image":{"@id":"https:\/\/www.praktivak.be\/fr\/produit\/liquides-s2-pour-skin-station-4-bouteilles\/#primaryimage"},"thumbnailUrl":"https:\/\/www.praktivak.be\/wp-content\/uploads\/2025\/09\/S90001S2-2.jpg","datePublished":"2025-08-14T18:05:59+00:00","dateModified":"2026-02-01T15:49:24+00:00","breadcrumb":{"@id":"https:\/\/www.praktivak.be\/fr\/produit\/liquides-s2-pour-skin-station-4-bouteilles\/#breadcrumb"},"inLanguage":"fr-FR","potentialAction":[{"@type":"ReadAction","target":["https:\/\/www.praktivak.be\/fr\/produit\/liquides-s2-pour-skin-station-4-bouteilles\/"]}]},{"@type":"ImageObject","inLanguage":"fr-FR","@id":"https:\/\/www.praktivak.be\/fr\/produit\/liquides-s2-pour-skin-station-4-bouteilles\/#primaryimage","url":"https:\/\/www.praktivak.be\/wp-content\/uploads\/2025\/09\/S90001S2-2.jpg","contentUrl":"https:\/\/www.praktivak.be\/wp-content\/uploads\/2025\/09\/S90001S2-2.jpg","width":1000,"height":750},{"@type":"BreadcrumbList","@id":"https:\/\/www.praktivak.be\/fr\/produit\/liquides-s2-pour-skin-station-4-bouteilles\/#breadcrumb","itemListElement":[{"@type":"ListItem","position":1,"name":"Home","item":"https:\/\/www.praktivak.be\/fr\/"},{"@type":"ListItem","position":2,"name":"Boutique","item":"https:\/\/www.praktivak.be\/fr\/boutique\/"},{"@type":"ListItem","position":3,"name":"Liquides S2 pour Skin Station+, 4 bouteilles"}]},{"@type":"WebSite","@id":"https:\/\/www.praktivak.be\/fr\/#website","url":"https:\/\/www.praktivak.be\/fr\/","name":"Praktivak","description":"","publisher":{"@id":"https:\/\/www.praktivak.be\/fr\/#organization"},"potentialAction":[{"@type":"SearchAction","target":{"@type":"EntryPoint","urlTemplate":"https:\/\/www.praktivak.be\/fr\/?s={search_term_string}"},"query-input":{"@type":"PropertyValueSpecification","valueRequired":true,"valueName":"search_term_string"}}],"inLanguage":"fr-FR"},{"@type":"Organization","@id":"https:\/\/www.praktivak.be\/fr\/#organization","name":"Praktivak","url":"https:\/\/www.praktivak.be\/fr\/","logo":{"@type":"ImageObject","inLanguage":"fr-FR","@id":"https:\/\/www.praktivak.be\/fr\/#\/schema\/logo\/image\/","url":"https:\/\/www.praktivak.be\/wp-content\/uploads\/2024\/09\/Logo.png","contentUrl":"https:\/\/www.praktivak.be\/wp-content\/uploads\/2024\/09\/Logo.png","width":1774,"height":337,"caption":"Praktivak"},"image":{"@id":"https:\/\/www.praktivak.be\/fr\/#\/schema\/logo\/image\/"}}]}},"featured_img":"https:\/\/www.praktivak.be\/wp-content\/uploads\/2025\/09\/S90001S2-2.jpg","coauthors":[],"author_meta":{"author_link":"https:\/\/www.praktivak.be\/fr\/author\/madeit\/","display_name":"Tjebbe Lievens"},"relative_dates":{"created":"Publi\u00e9 8 mois il y a","modified":"Mis \u00e0 jour 2 mois il y a"},"absolute_dates":{"created":"Publi\u00e9 le 14 ao\u00fbt 2025","modified":"Mise \u00e0 jour le 1 f\u00e9vrier 2026"},"absolute_dates_time":{"created":"Publi\u00e9 le 14 ao\u00fbt 2025 20h05","modified":"Mise \u00e0 jour le 1 f\u00e9vrier 2026 16h49"},"featured_img_caption":"","tax_additional":{"product_brand":{"linked":[],"unlinked":[],"slug":"product_brand","name":"Marques"},"product_type":{"linked":["<a href=\"https:\/\/www.praktivak.be\/fr\/?taxonomy=product_type&#038;term=simple\" class=\"advgb-post-tax-term\">simple<\/a>"],"unlinked":["<span class=\"advgb-post-tax-term\">simple<\/span>"],"slug":"product_type","name":"Type de produit"},"product_visibility":{"linked":[],"unlinked":[],"slug":"product_visibility","name":"Visibilit\u00e9 du produit"},"product_cat":{"linked":["<a href=\"https:\/\/www.praktivak.be\/fr\/categorie-de-produit\/esthetische-apparatuur-fr\/specialistische-apparatuur-esthetische-apparatuur-fr\/skinstation\/toebehoren-skinstation-specialistische-apparatuur-esthetische-apparatuur-fr\/\" class=\"advgb-post-tax-term\">Accessoires<\/a>"],"unlinked":["<span class=\"advgb-post-tax-term\">Accessoires<\/span>"],"slug":"product_cat","name":"Cat\u00e9gories de produits"},"product_tag":{"linked":[],"unlinked":[],"slug":"product_tag","name":"\u00c9tiquettes produit"},"product_shipping_class":{"linked":[],"unlinked":[],"slug":"product_shipping_class","name":"Classe d\u2019exp\u00e9dition du produit"},"pos_product_visibility":{"linked":[],"unlinked":[],"slug":"pos_product_visibility","name":"Visibilit\u00e9 du produit sur le point de vente"},"translation_priority":{"linked":[],"unlinked":[],"slug":"translation_priority","name":"Priorit\u00e9s de traduction"}},"series_order":"","_links":{"self":[{"href":"https:\/\/www.praktivak.be\/fr\/wp-json\/wp\/v2\/product\/164459","targetHints":{"allow":["GET"]}}],"collection":[{"href":"https:\/\/www.praktivak.be\/fr\/wp-json\/wp\/v2\/product"}],"about":[{"href":"https:\/\/www.praktivak.be\/fr\/wp-json\/wp\/v2\/types\/product"}],"version-history":[{"count":102,"href":"https:\/\/www.praktivak.be\/fr\/wp-json\/wp\/v2\/product\/164459\/revisions"}],"predecessor-version":[{"id":344912,"href":"https:\/\/www.praktivak.be\/fr\/wp-json\/wp\/v2\/product\/164459\/revisions\/344912"}],"wp:featuredmedia":[{"embeddable":true,"href":"https:\/\/www.praktivak.be\/fr\/wp-json\/wp\/v2\/media\/302161"}],"wp:attachment":[{"href":"https:\/\/www.praktivak.be\/fr\/wp-json\/wp\/v2\/media?parent=164459"}],"wp:term":[{"taxonomy":"product_brand","embeddable":true,"href":"https:\/\/www.praktivak.be\/fr\/wp-json\/wp\/v2\/product_brand?post=164459"},{"taxonomy":"product_cat","embeddable":true,"href":"https:\/\/www.praktivak.be\/fr\/wp-json\/wp\/v2\/product_cat?post=164459"},{"taxonomy":"product_tag","embeddable":true,"href":"https:\/\/www.praktivak.be\/fr\/wp-json\/wp\/v2\/product_tag?post=164459"}],"curies":[{"name":"wp","href":"https:\/\/api.w.org\/{rel}","templated":true}]}}