

{"id":163979,"date":"2025-08-14T19:49:57","date_gmt":"2025-08-14T17:49:57","guid":{"rendered":"https:\/\/www.praktivak.be\/product\/reinigingssponsjes-droog-o-60mm-3-stuks\/"},"modified":"2026-02-01T03:05:08","modified_gmt":"2026-02-01T02:05:08","slug":"eponge-de-nettoyage-sec-o-60mm-3-pieces","status":"publish","type":"product","link":"https:\/\/www.praktivak.be\/fr\/produit\/eponge-de-nettoyage-sec-o-60mm-3-pieces\/","title":{"rendered":"\u00c9ponge de nettoyage sec, \u00f8 60mm, 3 pi\u00e8ces"},"content":{"rendered":"\n<p>\nParfait pour le nettoyage et lavage de tous les types de peau. Merci &agrave; sa texture fine et consistance &eacute;lastique ferme, ces pads doux et agr&eacute;able aux contours de votre visage et le cou. <\/p>\n\n<p>\nFaire l&rsquo;&eacute;ponge imbib&eacute;e d&rsquo;eau ti&egrave;de, appliquer un nettoyant exfoliant pour le visage ou et masser doucement sur ??le visage dans un mouvement circulaire. Rincer &agrave; l&rsquo;eau ti&egrave;de.<\/p>\n\n","protected":false},"excerpt":{"rendered":"<p>Parfait pour le nettoyage et lavage de tous les types de peau. Merci &agrave; sa texture fine et consistance &eacute;lastique ferme, ces pads doux et agr&eacute;able aux contours de votre visage et le cou. Faire l&rsquo;&eacute;ponge imbib&eacute;e d&rsquo;eau ti&egrave;de, appliquer un nettoyant exfoliant pour le visage ou et masser doucement sur ??le visage dans un &hellip; <\/p>\n<p class=\"link-more\"><a href=\"https:\/\/www.praktivak.be\/fr\/produit\/eponge-de-nettoyage-sec-o-60mm-3-pieces\/\" class=\"more-link\">Continuer la lecture<span class=\"screen-reader-text\"> \u00ab\u00a0\u00c9ponge de nettoyage sec, \u00f8 60mm, 3 pi\u00e8ces\u00a0\u00bb<\/span><\/a><\/p>\n","protected":false},"author":1,"featured_media":301672,"template":"","meta":{"_acf_changed":false,"_relevanssi_hide_post":"","_relevanssi_hide_content":"","_relevanssi_pin_for_all":"","_relevanssi_pin_keywords":"","_relevanssi_unpin_keywords":"","_relevanssi_related_keywords":"","_relevanssi_related_include_ids":"","_relevanssi_related_exclude_ids":"","_relevanssi_related_no_append":"","_relevanssi_related_not_related":"","_relevanssi_related_posts":"","_relevanssi_noindex_reason":"","advgb_blocks_editor_width":"","advgb_blocks_columns_visual_guide":"","footnotes":""},"product_brand":[],"product_cat":[2035],"product_tag":[],"class_list":{"0":"post-163979","1":"product","2":"type-product","3":"status-publish","4":"has-post-thumbnail","6":"product_cat-watten-en-sponzen-disposables-salon-essentials-fr","8":"first","9":"instock","10":"taxable","11":"shipping-taxable","12":"product-type-simple"},"acf":[],"yoast_head":"<!-- This site is optimized with the Yoast SEO plugin v27.2 - https:\/\/yoast.com\/product\/yoast-seo-wordpress\/ -->\n<title>\u00c9ponge de nettoyage sec, \u00f8 60mm, 3 pi\u00e8ces - Praktivak<\/title>\n<meta name=\"robots\" content=\"index, follow, max-snippet:-1, max-image-preview:large, max-video-preview:-1\" \/>\n<link rel=\"canonical\" href=\"https:\/\/www.praktivak.be\/fr\/produit\/eponge-de-nettoyage-sec-o-60mm-3-pieces\/\" \/>\n<meta property=\"og:locale\" content=\"fr_FR\" \/>\n<meta property=\"og:type\" content=\"article\" \/>\n<meta property=\"og:title\" content=\"\u00c9ponge de nettoyage sec, \u00f8 60mm, 3 pi\u00e8ces - Praktivak\" \/>\n<meta property=\"og:description\" content=\"Parfait pour le nettoyage et lavage de tous les types de peau. Merci &agrave; sa texture fine et consistance &eacute;lastique ferme, ces pads doux et agr&eacute;able aux contours de votre visage et le cou. Faire l&rsquo;&eacute;ponge imbib&eacute;e d&rsquo;eau ti&egrave;de, appliquer un nettoyant exfoliant pour le visage ou et masser doucement sur ??le visage dans un &hellip; Continuer la lecture &quot;\u00c9ponge de nettoyage sec, \u00f8 60mm, 3 pi\u00e8ces&quot;\" \/>\n<meta property=\"og:url\" content=\"https:\/\/www.praktivak.be\/fr\/produit\/eponge-de-nettoyage-sec-o-60mm-3-pieces\/\" \/>\n<meta property=\"og:site_name\" content=\"Praktivak\" \/>\n<meta property=\"article:modified_time\" content=\"2026-02-01T02:05:08+00:00\" \/>\n<meta property=\"og:image\" content=\"https:\/\/www.praktivak.be\/wp-content\/uploads\/2025\/09\/SI0903133.jpg\" \/>\n\t<meta property=\"og:image:width\" content=\"320\" \/>\n\t<meta property=\"og:image:height\" content=\"193\" \/>\n\t<meta property=\"og:image:type\" content=\"image\/jpeg\" \/>\n<meta name=\"twitter:card\" content=\"summary_large_image\" \/>\n<script type=\"application\/ld+json\" class=\"yoast-schema-graph\">{\"@context\":\"https:\/\/schema.org\",\"@graph\":[{\"@type\":\"WebPage\",\"@id\":\"https:\/\/www.praktivak.be\/fr\/produit\/eponge-de-nettoyage-sec-o-60mm-3-pieces\/\",\"url\":\"https:\/\/www.praktivak.be\/fr\/produit\/eponge-de-nettoyage-sec-o-60mm-3-pieces\/\",\"name\":\"\u00c9ponge de nettoyage sec, \u00f8 60mm, 3 pi\u00e8ces - Praktivak\",\"isPartOf\":{\"@id\":\"https:\/\/www.praktivak.be\/fr\/#website\"},\"primaryImageOfPage\":{\"@id\":\"https:\/\/www.praktivak.be\/fr\/produit\/eponge-de-nettoyage-sec-o-60mm-3-pieces\/#primaryimage\"},\"image\":{\"@id\":\"https:\/\/www.praktivak.be\/fr\/produit\/eponge-de-nettoyage-sec-o-60mm-3-pieces\/#primaryimage\"},\"thumbnailUrl\":\"https:\/\/www.praktivak.be\/wp-content\/uploads\/2025\/09\/SI0903133.jpg\",\"datePublished\":\"2025-08-14T17:49:57+00:00\",\"dateModified\":\"2026-02-01T02:05:08+00:00\",\"breadcrumb\":{\"@id\":\"https:\/\/www.praktivak.be\/fr\/produit\/eponge-de-nettoyage-sec-o-60mm-3-pieces\/#breadcrumb\"},\"inLanguage\":\"fr-FR\",\"potentialAction\":[{\"@type\":\"ReadAction\",\"target\":[\"https:\/\/www.praktivak.be\/fr\/produit\/eponge-de-nettoyage-sec-o-60mm-3-pieces\/\"]}]},{\"@type\":\"ImageObject\",\"inLanguage\":\"fr-FR\",\"@id\":\"https:\/\/www.praktivak.be\/fr\/produit\/eponge-de-nettoyage-sec-o-60mm-3-pieces\/#primaryimage\",\"url\":\"https:\/\/www.praktivak.be\/wp-content\/uploads\/2025\/09\/SI0903133.jpg\",\"contentUrl\":\"https:\/\/www.praktivak.be\/wp-content\/uploads\/2025\/09\/SI0903133.jpg\",\"width\":320,\"height\":193},{\"@type\":\"BreadcrumbList\",\"@id\":\"https:\/\/www.praktivak.be\/fr\/produit\/eponge-de-nettoyage-sec-o-60mm-3-pieces\/#breadcrumb\",\"itemListElement\":[{\"@type\":\"ListItem\",\"position\":1,\"name\":\"Home\",\"item\":\"https:\/\/www.praktivak.be\/fr\/\"},{\"@type\":\"ListItem\",\"position\":2,\"name\":\"Boutique\",\"item\":\"https:\/\/www.praktivak.be\/fr\/boutique\/\"},{\"@type\":\"ListItem\",\"position\":3,\"name\":\"\u00c9ponge de nettoyage sec, \u00f8 60mm, 3 pi\u00e8ces\"}]},{\"@type\":\"WebSite\",\"@id\":\"https:\/\/www.praktivak.be\/fr\/#website\",\"url\":\"https:\/\/www.praktivak.be\/fr\/\",\"name\":\"Praktivak\",\"description\":\"\",\"publisher\":{\"@id\":\"https:\/\/www.praktivak.be\/fr\/#organization\"},\"potentialAction\":[{\"@type\":\"SearchAction\",\"target\":{\"@type\":\"EntryPoint\",\"urlTemplate\":\"https:\/\/www.praktivak.be\/fr\/?s={search_term_string}\"},\"query-input\":{\"@type\":\"PropertyValueSpecification\",\"valueRequired\":true,\"valueName\":\"search_term_string\"}}],\"inLanguage\":\"fr-FR\"},{\"@type\":\"Organization\",\"@id\":\"https:\/\/www.praktivak.be\/fr\/#organization\",\"name\":\"Praktivak\",\"url\":\"https:\/\/www.praktivak.be\/fr\/\",\"logo\":{\"@type\":\"ImageObject\",\"inLanguage\":\"fr-FR\",\"@id\":\"https:\/\/www.praktivak.be\/fr\/#\/schema\/logo\/image\/\",\"url\":\"https:\/\/www.praktivak.be\/wp-content\/uploads\/2024\/09\/Logo.png\",\"contentUrl\":\"https:\/\/www.praktivak.be\/wp-content\/uploads\/2024\/09\/Logo.png\",\"width\":1774,\"height\":337,\"caption\":\"Praktivak\"},\"image\":{\"@id\":\"https:\/\/www.praktivak.be\/fr\/#\/schema\/logo\/image\/\"}}]}<\/script>\n<!-- \/ Yoast SEO plugin. -->","yoast_head_json":{"title":"\u00c9ponge de nettoyage sec, \u00f8 60mm, 3 pi\u00e8ces - Praktivak","robots":{"index":"index","follow":"follow","max-snippet":"max-snippet:-1","max-image-preview":"max-image-preview:large","max-video-preview":"max-video-preview:-1"},"canonical":"https:\/\/www.praktivak.be\/fr\/produit\/eponge-de-nettoyage-sec-o-60mm-3-pieces\/","og_locale":"fr_FR","og_type":"article","og_title":"\u00c9ponge de nettoyage sec, \u00f8 60mm, 3 pi\u00e8ces - Praktivak","og_description":"Parfait pour le nettoyage et lavage de tous les types de peau. Merci &agrave; sa texture fine et consistance &eacute;lastique ferme, ces pads doux et agr&eacute;able aux contours de votre visage et le cou. Faire l&rsquo;&eacute;ponge imbib&eacute;e d&rsquo;eau ti&egrave;de, appliquer un nettoyant exfoliant pour le visage ou et masser doucement sur ??le visage dans un &hellip; Continuer la lecture \"\u00c9ponge de nettoyage sec, \u00f8 60mm, 3 pi\u00e8ces\"","og_url":"https:\/\/www.praktivak.be\/fr\/produit\/eponge-de-nettoyage-sec-o-60mm-3-pieces\/","og_site_name":"Praktivak","article_modified_time":"2026-02-01T02:05:08+00:00","og_image":[{"width":320,"height":193,"url":"https:\/\/www.praktivak.be\/wp-content\/uploads\/2025\/09\/SI0903133.jpg","type":"image\/jpeg"}],"twitter_card":"summary_large_image","schema":{"@context":"https:\/\/schema.org","@graph":[{"@type":"WebPage","@id":"https:\/\/www.praktivak.be\/fr\/produit\/eponge-de-nettoyage-sec-o-60mm-3-pieces\/","url":"https:\/\/www.praktivak.be\/fr\/produit\/eponge-de-nettoyage-sec-o-60mm-3-pieces\/","name":"\u00c9ponge de nettoyage sec, \u00f8 60mm, 3 pi\u00e8ces - Praktivak","isPartOf":{"@id":"https:\/\/www.praktivak.be\/fr\/#website"},"primaryImageOfPage":{"@id":"https:\/\/www.praktivak.be\/fr\/produit\/eponge-de-nettoyage-sec-o-60mm-3-pieces\/#primaryimage"},"image":{"@id":"https:\/\/www.praktivak.be\/fr\/produit\/eponge-de-nettoyage-sec-o-60mm-3-pieces\/#primaryimage"},"thumbnailUrl":"https:\/\/www.praktivak.be\/wp-content\/uploads\/2025\/09\/SI0903133.jpg","datePublished":"2025-08-14T17:49:57+00:00","dateModified":"2026-02-01T02:05:08+00:00","breadcrumb":{"@id":"https:\/\/www.praktivak.be\/fr\/produit\/eponge-de-nettoyage-sec-o-60mm-3-pieces\/#breadcrumb"},"inLanguage":"fr-FR","potentialAction":[{"@type":"ReadAction","target":["https:\/\/www.praktivak.be\/fr\/produit\/eponge-de-nettoyage-sec-o-60mm-3-pieces\/"]}]},{"@type":"ImageObject","inLanguage":"fr-FR","@id":"https:\/\/www.praktivak.be\/fr\/produit\/eponge-de-nettoyage-sec-o-60mm-3-pieces\/#primaryimage","url":"https:\/\/www.praktivak.be\/wp-content\/uploads\/2025\/09\/SI0903133.jpg","contentUrl":"https:\/\/www.praktivak.be\/wp-content\/uploads\/2025\/09\/SI0903133.jpg","width":320,"height":193},{"@type":"BreadcrumbList","@id":"https:\/\/www.praktivak.be\/fr\/produit\/eponge-de-nettoyage-sec-o-60mm-3-pieces\/#breadcrumb","itemListElement":[{"@type":"ListItem","position":1,"name":"Home","item":"https:\/\/www.praktivak.be\/fr\/"},{"@type":"ListItem","position":2,"name":"Boutique","item":"https:\/\/www.praktivak.be\/fr\/boutique\/"},{"@type":"ListItem","position":3,"name":"\u00c9ponge de nettoyage sec, \u00f8 60mm, 3 pi\u00e8ces"}]},{"@type":"WebSite","@id":"https:\/\/www.praktivak.be\/fr\/#website","url":"https:\/\/www.praktivak.be\/fr\/","name":"Praktivak","description":"","publisher":{"@id":"https:\/\/www.praktivak.be\/fr\/#organization"},"potentialAction":[{"@type":"SearchAction","target":{"@type":"EntryPoint","urlTemplate":"https:\/\/www.praktivak.be\/fr\/?s={search_term_string}"},"query-input":{"@type":"PropertyValueSpecification","valueRequired":true,"valueName":"search_term_string"}}],"inLanguage":"fr-FR"},{"@type":"Organization","@id":"https:\/\/www.praktivak.be\/fr\/#organization","name":"Praktivak","url":"https:\/\/www.praktivak.be\/fr\/","logo":{"@type":"ImageObject","inLanguage":"fr-FR","@id":"https:\/\/www.praktivak.be\/fr\/#\/schema\/logo\/image\/","url":"https:\/\/www.praktivak.be\/wp-content\/uploads\/2024\/09\/Logo.png","contentUrl":"https:\/\/www.praktivak.be\/wp-content\/uploads\/2024\/09\/Logo.png","width":1774,"height":337,"caption":"Praktivak"},"image":{"@id":"https:\/\/www.praktivak.be\/fr\/#\/schema\/logo\/image\/"}}]}},"featured_img":"https:\/\/www.praktivak.be\/wp-content\/uploads\/2025\/09\/SI0903133.jpg","coauthors":[],"author_meta":{"author_link":"https:\/\/www.praktivak.be\/fr\/author\/madeit\/","display_name":"Tjebbe Lievens"},"relative_dates":{"created":"Publi\u00e9 8 mois il y a","modified":"Mis \u00e0 jour 2 mois il y a"},"absolute_dates":{"created":"Publi\u00e9 le 14 ao\u00fbt 2025","modified":"Mise \u00e0 jour le 1 f\u00e9vrier 2026"},"absolute_dates_time":{"created":"Publi\u00e9 le 14 ao\u00fbt 2025 19h49","modified":"Mise \u00e0 jour le 1 f\u00e9vrier 2026 3h05"},"featured_img_caption":"","tax_additional":{"product_brand":{"linked":[],"unlinked":[],"slug":"product_brand","name":"Marques"},"product_type":{"linked":["<a href=\"https:\/\/www.praktivak.be\/fr\/?taxonomy=product_type&#038;term=simple\" class=\"advgb-post-tax-term\">simple<\/a>"],"unlinked":["<span class=\"advgb-post-tax-term\">simple<\/span>"],"slug":"product_type","name":"Type de produit"},"product_visibility":{"linked":[],"unlinked":[],"slug":"product_visibility","name":"Visibilit\u00e9 du produit"},"product_cat":{"linked":["<a href=\"https:\/\/www.praktivak.be\/fr\/categorie-de-produit\/salon-essentials-fr\/disposables-salon-essentials-fr\/watten-en-sponzen-disposables-salon-essentials-fr\/\" class=\"advgb-post-tax-term\">Cotons et \u00e9ponges<\/a>"],"unlinked":["<span class=\"advgb-post-tax-term\">Cotons et \u00e9ponges<\/span>"],"slug":"product_cat","name":"Cat\u00e9gories de produits"},"product_tag":{"linked":[],"unlinked":[],"slug":"product_tag","name":"\u00c9tiquettes produit"},"product_shipping_class":{"linked":[],"unlinked":[],"slug":"product_shipping_class","name":"Classe d\u2019exp\u00e9dition du produit"},"pos_product_visibility":{"linked":[],"unlinked":[],"slug":"pos_product_visibility","name":"Visibilit\u00e9 du produit sur le point de vente"},"translation_priority":{"linked":[],"unlinked":[],"slug":"translation_priority","name":"Priorit\u00e9s de traduction"}},"series_order":"","_links":{"self":[{"href":"https:\/\/www.praktivak.be\/fr\/wp-json\/wp\/v2\/product\/163979","targetHints":{"allow":["GET"]}}],"collection":[{"href":"https:\/\/www.praktivak.be\/fr\/wp-json\/wp\/v2\/product"}],"about":[{"href":"https:\/\/www.praktivak.be\/fr\/wp-json\/wp\/v2\/types\/product"}],"version-history":[{"count":58,"href":"https:\/\/www.praktivak.be\/fr\/wp-json\/wp\/v2\/product\/163979\/revisions"}],"predecessor-version":[{"id":328834,"href":"https:\/\/www.praktivak.be\/fr\/wp-json\/wp\/v2\/product\/163979\/revisions\/328834"}],"wp:featuredmedia":[{"embeddable":true,"href":"https:\/\/www.praktivak.be\/fr\/wp-json\/wp\/v2\/media\/301672"}],"wp:attachment":[{"href":"https:\/\/www.praktivak.be\/fr\/wp-json\/wp\/v2\/media?parent=163979"}],"wp:term":[{"taxonomy":"product_brand","embeddable":true,"href":"https:\/\/www.praktivak.be\/fr\/wp-json\/wp\/v2\/product_brand?post=163979"},{"taxonomy":"product_cat","embeddable":true,"href":"https:\/\/www.praktivak.be\/fr\/wp-json\/wp\/v2\/product_cat?post=163979"},{"taxonomy":"product_tag","embeddable":true,"href":"https:\/\/www.praktivak.be\/fr\/wp-json\/wp\/v2\/product_tag?post=163979"}],"curies":[{"name":"wp","href":"https:\/\/api.w.org\/{rel}","templated":true}]}}