

{"id":163917,"date":"2025-08-14T19:48:31","date_gmt":"2025-08-14T17:48:31","guid":{"rendered":"https:\/\/www.praktivak.be\/product\/refectocil-wimperverf-kastanje-15ml-nr-4\/"},"modified":"2026-02-01T02:58:30","modified_gmt":"2026-02-01T01:58:30","slug":"refectocil-teinture-cils-chatain-no-4","status":"publish","type":"product","link":"https:\/\/www.praktivak.be\/fr\/produit\/refectocil-teinture-cils-chatain-no-4\/","title":{"rendered":"Refectocil teinture cils ch\u00e2tain (no. 4)"},"content":{"rendered":"\n<p>[NL]<\/p>\n<p>\nVoor langdurige schoonheid!<\/p>\n<p>\nWimpers en wenkbrauwen getint met Refectocil zien er gewoon beter uit! De wimpers lijken duidelijk langer en volumineuzer, het accentueert de volle lengte van de wimpers. Lichte wenkbrauwen kunnen worden geaccentueerd door een donkere tint, donkere wenkbrauwen kunnen worden verlicht om goed te laten kleuren bij de haarkleur. <\/p>\n\n<p>\nMet getinte wimpers zien de ogen er levendiger uit, zelfs in de ochtend bij het wakker worden. Daarnaast is het verven van wimpers zeer praktisch en tijdbesparend, omdat dagelijks aanbrengen van mascara wordt vermeden! De verf dringt door in elke individuele wimper zonder de wimpers aan elkaar te plakken en zo &acute;bosjes&acute; te vormen of te klonteren. Vooral voor contactlensdragers is het verven van wimpers ideaal, omdat de fijne deeltjes van mascara vaak het oog irriteren. Ook voor sportliefhebbers is het verven van wimpers perfect , want het is waterbestendig en gaat zelfs bij zwaar transpireren niet uitlopen.<\/p>\n\n<p>\nDe kleur blijft tot 6 weken. Gedurende deze periode groeien nieuwe wimpers en wenkbrauwen aan, welke dan weer opnieuw gekleurd moeten worden. Bied uw cli&euml;nt een individueel , persoonlijk advies over de keuze van de kleuren. Er is keuze tussen zwart, grijs, blauw\/zwart, diep blauw, natuurlijk bruin, lichtbruin, kastanje, rood of blond .<\/p>\n\n<p>\nWelke kleur is de juiste?<\/p>\n<p>\nMeestal zijn de wimpers donker getint, zodat ze langer en meer volumineuze lijken. De kleuren diepzwart, blauw-zwart en natuurlijk bruin zijn zeer geschikt voor dit doel. Bleke wenkbrauwen kunnen worden geaccentueerd met een donkere kleur (diep zwart, blauw-zwart, natuurlijk bruin). Licht en\/of witte wenkbrauwen kunnen worden benadrukt met kleuren als grijs of lichtbruin. Voor mensen met geverfd haar kunnen de wenkbrauwen nauwkeurig worden aangepast aan de haarkleur. Bij klanten met geverfd blond haar waarbij de wenkbrouwen te donker uitvallen, kunnen deze gebleekt worden met pasta nr. 0 blond om ze lichter te maken.<\/p>\n\n<p>\nDe 9 Refectocil kleurschakeringen<\/p>\n<p>\n* De klassieke Refectocil nr 1. &lsquo;puur zwart&rsquo; tinten wimpers en wenkbrauwen puur diep zwart;<\/p>\n<p>\n* Speciaal voor alle grijze wenkbrauwen wordt Refectocil nr. 1.1 &lsquo;grijs&rsquo; gebruikt, omdat deze kleur subtiel grijzend of wit haar gelijkmatig dekt en het een licht tot donkergrijze schaduw geeft;<\/p>\n<p>\n* Refectocil nr. 2 &lsquo;blauw-zwart&rsquo; is een zwarte kleur die een blauwe glans van extra diepte geeft.<\/p>\n<p>\nRefectocil nr. 2 &lsquo;blauw-zwart&rsquo; is ideaal voor klanten die een beetje meer&nbsp;&raquo; dan puur zwart willen, de kleur gaat heel goed met bepaalde vormen van gezichten of oogmake-up<\/p>\n\n","protected":false},"excerpt":{"rendered":"<p>[NL] Voor langdurige schoonheid! Wimpers en wenkbrauwen getint met Refectocil zien er gewoon beter uit! De wimpers lijken duidelijk langer en volumineuzer, het accentueert de volle lengte van de wimpers. Lichte wenkbrauwen kunnen worden geaccentueerd door een donkere tint, donkere wenkbrauwen kunnen worden verlicht om goed te laten kleuren bij de haarkleur. Met getinte wimpers &hellip; <\/p>\n<p class=\"link-more\"><a href=\"https:\/\/www.praktivak.be\/fr\/produit\/refectocil-teinture-cils-chatain-no-4\/\" class=\"more-link\">Continuer la lecture<span class=\"screen-reader-text\"> \u00ab\u00a0Refectocil teinture cils ch\u00e2tain (no. 4)\u00a0\u00bb<\/span><\/a><\/p>\n","protected":false},"author":1,"featured_media":302033,"template":"","meta":{"_acf_changed":false,"_relevanssi_hide_post":"","_relevanssi_hide_content":"","_relevanssi_pin_for_all":"","_relevanssi_pin_keywords":"","_relevanssi_unpin_keywords":"","_relevanssi_related_keywords":"","_relevanssi_related_include_ids":"","_relevanssi_related_exclude_ids":"","_relevanssi_related_no_append":"","_relevanssi_related_not_related":"","_relevanssi_related_posts":"","_relevanssi_noindex_reason":"","advgb_blocks_editor_width":"","advgb_blocks_columns_visual_guide":"","footnotes":""},"product_brand":[],"product_cat":[2058],"product_tag":[],"class_list":{"0":"post-163917","1":"product","2":"type-product","3":"status-publish","4":"has-post-thumbnail","6":"product_cat-wimper-en-wenkbrauwverf-gelaatsverzorging-fr","8":"first","9":"instock","10":"taxable","11":"shipping-taxable","12":"product-type-simple"},"acf":[],"yoast_head":"<!-- This site is optimized with the Yoast SEO plugin v27.2 - https:\/\/yoast.com\/product\/yoast-seo-wordpress\/ -->\n<title>Refectocil teinture cils ch\u00e2tain (no. 4) - Praktivak<\/title>\n<meta name=\"robots\" content=\"index, follow, max-snippet:-1, max-image-preview:large, max-video-preview:-1\" \/>\n<link rel=\"canonical\" href=\"https:\/\/www.praktivak.be\/fr\/produit\/refectocil-teinture-cils-chatain-no-4\/\" \/>\n<meta property=\"og:locale\" content=\"fr_FR\" \/>\n<meta property=\"og:type\" content=\"article\" \/>\n<meta property=\"og:title\" content=\"Refectocil teinture cils ch\u00e2tain (no. 4) - Praktivak\" \/>\n<meta property=\"og:description\" content=\"[NL] Voor langdurige schoonheid! Wimpers en wenkbrauwen getint met Refectocil zien er gewoon beter uit! De wimpers lijken duidelijk langer en volumineuzer, het accentueert de volle lengte van de wimpers. Lichte wenkbrauwen kunnen worden geaccentueerd door een donkere tint, donkere wenkbrauwen kunnen worden verlicht om goed te laten kleuren bij de haarkleur. Met getinte wimpers &hellip; Continuer la lecture &quot;Refectocil teinture cils ch\u00e2tain (no. 4)&quot;\" \/>\n<meta property=\"og:url\" content=\"https:\/\/www.praktivak.be\/fr\/produit\/refectocil-teinture-cils-chatain-no-4\/\" \/>\n<meta property=\"og:site_name\" content=\"Praktivak\" \/>\n<meta property=\"article:modified_time\" content=\"2026-02-01T01:58:30+00:00\" \/>\n<meta property=\"og:image\" content=\"https:\/\/www.praktivak.be\/wp-content\/uploads\/2025\/09\/41001H-2.jpg\" \/>\n\t<meta property=\"og:image:width\" content=\"167\" \/>\n\t<meta property=\"og:image:height\" content=\"265\" \/>\n\t<meta property=\"og:image:type\" content=\"image\/jpeg\" \/>\n<meta name=\"twitter:card\" content=\"summary_large_image\" \/>\n<meta name=\"twitter:label1\" content=\"Dur\u00e9e de lecture estim\u00e9e\" \/>\n\t<meta name=\"twitter:data1\" content=\"2 minutes\" \/>\n<script type=\"application\/ld+json\" class=\"yoast-schema-graph\">{\"@context\":\"https:\/\/schema.org\",\"@graph\":[{\"@type\":\"WebPage\",\"@id\":\"https:\/\/www.praktivak.be\/fr\/produit\/refectocil-teinture-cils-chatain-no-4\/\",\"url\":\"https:\/\/www.praktivak.be\/fr\/produit\/refectocil-teinture-cils-chatain-no-4\/\",\"name\":\"Refectocil teinture cils ch\u00e2tain (no. 4) - Praktivak\",\"isPartOf\":{\"@id\":\"https:\/\/www.praktivak.be\/fr\/#website\"},\"primaryImageOfPage\":{\"@id\":\"https:\/\/www.praktivak.be\/fr\/produit\/refectocil-teinture-cils-chatain-no-4\/#primaryimage\"},\"image\":{\"@id\":\"https:\/\/www.praktivak.be\/fr\/produit\/refectocil-teinture-cils-chatain-no-4\/#primaryimage\"},\"thumbnailUrl\":\"https:\/\/www.praktivak.be\/wp-content\/uploads\/2025\/09\/41001H-2.jpg\",\"datePublished\":\"2025-08-14T17:48:31+00:00\",\"dateModified\":\"2026-02-01T01:58:30+00:00\",\"breadcrumb\":{\"@id\":\"https:\/\/www.praktivak.be\/fr\/produit\/refectocil-teinture-cils-chatain-no-4\/#breadcrumb\"},\"inLanguage\":\"fr-FR\",\"potentialAction\":[{\"@type\":\"ReadAction\",\"target\":[\"https:\/\/www.praktivak.be\/fr\/produit\/refectocil-teinture-cils-chatain-no-4\/\"]}]},{\"@type\":\"ImageObject\",\"inLanguage\":\"fr-FR\",\"@id\":\"https:\/\/www.praktivak.be\/fr\/produit\/refectocil-teinture-cils-chatain-no-4\/#primaryimage\",\"url\":\"https:\/\/www.praktivak.be\/wp-content\/uploads\/2025\/09\/41001H-2.jpg\",\"contentUrl\":\"https:\/\/www.praktivak.be\/wp-content\/uploads\/2025\/09\/41001H-2.jpg\",\"width\":167,\"height\":265},{\"@type\":\"BreadcrumbList\",\"@id\":\"https:\/\/www.praktivak.be\/fr\/produit\/refectocil-teinture-cils-chatain-no-4\/#breadcrumb\",\"itemListElement\":[{\"@type\":\"ListItem\",\"position\":1,\"name\":\"Home\",\"item\":\"https:\/\/www.praktivak.be\/fr\/\"},{\"@type\":\"ListItem\",\"position\":2,\"name\":\"Boutique\",\"item\":\"https:\/\/www.praktivak.be\/fr\/boutique\/\"},{\"@type\":\"ListItem\",\"position\":3,\"name\":\"Refectocil teinture cils ch\u00e2tain (no. 4)\"}]},{\"@type\":\"WebSite\",\"@id\":\"https:\/\/www.praktivak.be\/fr\/#website\",\"url\":\"https:\/\/www.praktivak.be\/fr\/\",\"name\":\"Praktivak\",\"description\":\"\",\"publisher\":{\"@id\":\"https:\/\/www.praktivak.be\/fr\/#organization\"},\"potentialAction\":[{\"@type\":\"SearchAction\",\"target\":{\"@type\":\"EntryPoint\",\"urlTemplate\":\"https:\/\/www.praktivak.be\/fr\/?s={search_term_string}\"},\"query-input\":{\"@type\":\"PropertyValueSpecification\",\"valueRequired\":true,\"valueName\":\"search_term_string\"}}],\"inLanguage\":\"fr-FR\"},{\"@type\":\"Organization\",\"@id\":\"https:\/\/www.praktivak.be\/fr\/#organization\",\"name\":\"Praktivak\",\"url\":\"https:\/\/www.praktivak.be\/fr\/\",\"logo\":{\"@type\":\"ImageObject\",\"inLanguage\":\"fr-FR\",\"@id\":\"https:\/\/www.praktivak.be\/fr\/#\/schema\/logo\/image\/\",\"url\":\"https:\/\/www.praktivak.be\/wp-content\/uploads\/2024\/09\/Logo.png\",\"contentUrl\":\"https:\/\/www.praktivak.be\/wp-content\/uploads\/2024\/09\/Logo.png\",\"width\":1774,\"height\":337,\"caption\":\"Praktivak\"},\"image\":{\"@id\":\"https:\/\/www.praktivak.be\/fr\/#\/schema\/logo\/image\/\"}}]}<\/script>\n<!-- \/ Yoast SEO plugin. -->","yoast_head_json":{"title":"Refectocil teinture cils ch\u00e2tain (no. 4) - Praktivak","robots":{"index":"index","follow":"follow","max-snippet":"max-snippet:-1","max-image-preview":"max-image-preview:large","max-video-preview":"max-video-preview:-1"},"canonical":"https:\/\/www.praktivak.be\/fr\/produit\/refectocil-teinture-cils-chatain-no-4\/","og_locale":"fr_FR","og_type":"article","og_title":"Refectocil teinture cils ch\u00e2tain (no. 4) - Praktivak","og_description":"[NL] Voor langdurige schoonheid! Wimpers en wenkbrauwen getint met Refectocil zien er gewoon beter uit! De wimpers lijken duidelijk langer en volumineuzer, het accentueert de volle lengte van de wimpers. Lichte wenkbrauwen kunnen worden geaccentueerd door een donkere tint, donkere wenkbrauwen kunnen worden verlicht om goed te laten kleuren bij de haarkleur. Met getinte wimpers &hellip; Continuer la lecture \"Refectocil teinture cils ch\u00e2tain (no. 4)\"","og_url":"https:\/\/www.praktivak.be\/fr\/produit\/refectocil-teinture-cils-chatain-no-4\/","og_site_name":"Praktivak","article_modified_time":"2026-02-01T01:58:30+00:00","og_image":[{"width":167,"height":265,"url":"https:\/\/www.praktivak.be\/wp-content\/uploads\/2025\/09\/41001H-2.jpg","type":"image\/jpeg"}],"twitter_card":"summary_large_image","twitter_misc":{"Dur\u00e9e de lecture estim\u00e9e":"2 minutes"},"schema":{"@context":"https:\/\/schema.org","@graph":[{"@type":"WebPage","@id":"https:\/\/www.praktivak.be\/fr\/produit\/refectocil-teinture-cils-chatain-no-4\/","url":"https:\/\/www.praktivak.be\/fr\/produit\/refectocil-teinture-cils-chatain-no-4\/","name":"Refectocil teinture cils ch\u00e2tain (no. 4) - Praktivak","isPartOf":{"@id":"https:\/\/www.praktivak.be\/fr\/#website"},"primaryImageOfPage":{"@id":"https:\/\/www.praktivak.be\/fr\/produit\/refectocil-teinture-cils-chatain-no-4\/#primaryimage"},"image":{"@id":"https:\/\/www.praktivak.be\/fr\/produit\/refectocil-teinture-cils-chatain-no-4\/#primaryimage"},"thumbnailUrl":"https:\/\/www.praktivak.be\/wp-content\/uploads\/2025\/09\/41001H-2.jpg","datePublished":"2025-08-14T17:48:31+00:00","dateModified":"2026-02-01T01:58:30+00:00","breadcrumb":{"@id":"https:\/\/www.praktivak.be\/fr\/produit\/refectocil-teinture-cils-chatain-no-4\/#breadcrumb"},"inLanguage":"fr-FR","potentialAction":[{"@type":"ReadAction","target":["https:\/\/www.praktivak.be\/fr\/produit\/refectocil-teinture-cils-chatain-no-4\/"]}]},{"@type":"ImageObject","inLanguage":"fr-FR","@id":"https:\/\/www.praktivak.be\/fr\/produit\/refectocil-teinture-cils-chatain-no-4\/#primaryimage","url":"https:\/\/www.praktivak.be\/wp-content\/uploads\/2025\/09\/41001H-2.jpg","contentUrl":"https:\/\/www.praktivak.be\/wp-content\/uploads\/2025\/09\/41001H-2.jpg","width":167,"height":265},{"@type":"BreadcrumbList","@id":"https:\/\/www.praktivak.be\/fr\/produit\/refectocil-teinture-cils-chatain-no-4\/#breadcrumb","itemListElement":[{"@type":"ListItem","position":1,"name":"Home","item":"https:\/\/www.praktivak.be\/fr\/"},{"@type":"ListItem","position":2,"name":"Boutique","item":"https:\/\/www.praktivak.be\/fr\/boutique\/"},{"@type":"ListItem","position":3,"name":"Refectocil teinture cils ch\u00e2tain (no. 4)"}]},{"@type":"WebSite","@id":"https:\/\/www.praktivak.be\/fr\/#website","url":"https:\/\/www.praktivak.be\/fr\/","name":"Praktivak","description":"","publisher":{"@id":"https:\/\/www.praktivak.be\/fr\/#organization"},"potentialAction":[{"@type":"SearchAction","target":{"@type":"EntryPoint","urlTemplate":"https:\/\/www.praktivak.be\/fr\/?s={search_term_string}"},"query-input":{"@type":"PropertyValueSpecification","valueRequired":true,"valueName":"search_term_string"}}],"inLanguage":"fr-FR"},{"@type":"Organization","@id":"https:\/\/www.praktivak.be\/fr\/#organization","name":"Praktivak","url":"https:\/\/www.praktivak.be\/fr\/","logo":{"@type":"ImageObject","inLanguage":"fr-FR","@id":"https:\/\/www.praktivak.be\/fr\/#\/schema\/logo\/image\/","url":"https:\/\/www.praktivak.be\/wp-content\/uploads\/2024\/09\/Logo.png","contentUrl":"https:\/\/www.praktivak.be\/wp-content\/uploads\/2024\/09\/Logo.png","width":1774,"height":337,"caption":"Praktivak"},"image":{"@id":"https:\/\/www.praktivak.be\/fr\/#\/schema\/logo\/image\/"}}]}},"featured_img":"https:\/\/www.praktivak.be\/wp-content\/uploads\/2025\/09\/41001H-2.jpg","coauthors":[],"author_meta":{"author_link":"https:\/\/www.praktivak.be\/fr\/author\/madeit\/","display_name":"Tjebbe Lievens"},"relative_dates":{"created":"Publi\u00e9 8 mois il y a","modified":"Mis \u00e0 jour 2 mois il y a"},"absolute_dates":{"created":"Publi\u00e9 le 14 ao\u00fbt 2025","modified":"Mise \u00e0 jour le 1 f\u00e9vrier 2026"},"absolute_dates_time":{"created":"Publi\u00e9 le 14 ao\u00fbt 2025 19h48","modified":"Mise \u00e0 jour le 1 f\u00e9vrier 2026 2h58"},"featured_img_caption":"","tax_additional":{"product_brand":{"linked":[],"unlinked":[],"slug":"product_brand","name":"Marques"},"product_type":{"linked":["<a href=\"https:\/\/www.praktivak.be\/fr\/?taxonomy=product_type&#038;term=simple\" class=\"advgb-post-tax-term\">simple<\/a>"],"unlinked":["<span class=\"advgb-post-tax-term\">simple<\/span>"],"slug":"product_type","name":"Type de produit"},"product_visibility":{"linked":[],"unlinked":[],"slug":"product_visibility","name":"Visibilit\u00e9 du produit"},"product_cat":{"linked":["<a href=\"https:\/\/www.praktivak.be\/fr\/categorie-de-produit\/gelaatsverzorging-fr\/wimper-en-wenkbrauwverf-gelaatsverzorging-fr\/\" class=\"advgb-post-tax-term\">Peinture pour cils et sourcils<\/a>"],"unlinked":["<span class=\"advgb-post-tax-term\">Peinture pour cils et sourcils<\/span>"],"slug":"product_cat","name":"Cat\u00e9gories de produits"},"product_tag":{"linked":[],"unlinked":[],"slug":"product_tag","name":"\u00c9tiquettes produit"},"product_shipping_class":{"linked":[],"unlinked":[],"slug":"product_shipping_class","name":"Classe d\u2019exp\u00e9dition du produit"},"pos_product_visibility":{"linked":[],"unlinked":[],"slug":"pos_product_visibility","name":"Visibilit\u00e9 du produit sur le point de vente"},"translation_priority":{"linked":[],"unlinked":[],"slug":"translation_priority","name":"Priorit\u00e9s de traduction"}},"series_order":"","_links":{"self":[{"href":"https:\/\/www.praktivak.be\/fr\/wp-json\/wp\/v2\/product\/163917","targetHints":{"allow":["GET"]}}],"collection":[{"href":"https:\/\/www.praktivak.be\/fr\/wp-json\/wp\/v2\/product"}],"about":[{"href":"https:\/\/www.praktivak.be\/fr\/wp-json\/wp\/v2\/types\/product"}],"version-history":[{"count":94,"href":"https:\/\/www.praktivak.be\/fr\/wp-json\/wp\/v2\/product\/163917\/revisions"}],"predecessor-version":[{"id":335314,"href":"https:\/\/www.praktivak.be\/fr\/wp-json\/wp\/v2\/product\/163917\/revisions\/335314"}],"wp:featuredmedia":[{"embeddable":true,"href":"https:\/\/www.praktivak.be\/fr\/wp-json\/wp\/v2\/media\/302033"}],"wp:attachment":[{"href":"https:\/\/www.praktivak.be\/fr\/wp-json\/wp\/v2\/media?parent=163917"}],"wp:term":[{"taxonomy":"product_brand","embeddable":true,"href":"https:\/\/www.praktivak.be\/fr\/wp-json\/wp\/v2\/product_brand?post=163917"},{"taxonomy":"product_cat","embeddable":true,"href":"https:\/\/www.praktivak.be\/fr\/wp-json\/wp\/v2\/product_cat?post=163917"},{"taxonomy":"product_tag","embeddable":true,"href":"https:\/\/www.praktivak.be\/fr\/wp-json\/wp\/v2\/product_tag?post=163917"}],"curies":[{"name":"wp","href":"https:\/\/api.w.org\/{rel}","templated":true}]}}