

{"id":162946,"date":"2025-08-14T19:16:45","date_gmt":"2025-08-14T17:16:45","guid":{"rendered":"https:\/\/www.praktivak.be\/product\/pedicurestoel-london-met-3-motoren\/"},"modified":"2026-02-01T16:52:14","modified_gmt":"2026-02-01T15:52:14","slug":"fauteuil-podo-london-avec-3-moteurs","status":"publish","type":"product","link":"https:\/\/www.praktivak.be\/fr\/produit\/fauteuil-podo-london-avec-3-moteurs\/","title":{"rendered":"Fauteuil podo London avec 3 moteurs"},"content":{"rendered":"\n<p>\nFauteuil de podologie avec trois moteurs et hauteur et si&egrave;ge (Trendelenburg) et inclinaison du dossier ajust&eacute; par t&eacute;l&eacute;commande.<\/p>\n\n<p>\nLes jambes sont ind&eacute;pendantes, avec un mouvement d&rsquo;ouverture lat&eacute;rale, une inclinaison r&eacute;glable et extensibles partout. Equip&eacute; d&rsquo;un appuie-t&ecirc;te t&eacute;lescopique et d&rsquo;accoudoirs rembourr&eacute;s qui sont synchronis&eacute;s avec le mouvement du dossier.<\/p>\n\n<p>\nLes accoudoirs peuvent &eacute;galement &ecirc;tre d&eacute;plac&eacute;s vers et depuis la chaise. Le fauteuil devient une table de podologie.<\/p>\n\n<p>\nBien qu&rsquo;utilis&eacute; comme table, si l&rsquo;utilisateur doit &ecirc;tre plac&eacute; en position couch&eacute;e, les accoudoirs peuvent &ecirc;tre tourn&eacute;s vers l&rsquo;appuie-t&ecirc;te pour augmenter le confort.<\/p>\n\n<p>\nToute la structure est en acier rev&ecirc;tu de poudre &eacute;poxy et le rembourrage est recouvert de mousse en &eacute;co-cuir r&eacute;sistant au feu de classe M1.<\/p>\n\n<p>\nOptions:<\/p>\n<p>\n&ndash; rotable  (L45&ordm; \/ R45&ordm;)<\/p>\n<p>\n&ndash; appui-t&ecirc;te avec trou<\/p>\n<p>\n&ndash; commande au pied sans fil avec m&eacute;moire<\/p>\n\n<p>\nlongueur : +\/-175 cm<\/p>\n<p>\nlargeur    :  +\/- 77 cm<\/p>\n<p>\nHatueur  :  min. 53 cm \/ max. 97 cm<\/p>\n\n<p>\nPoids : 102 kg<\/p>\n<p>\nCapacit&eacute;: 150kg<\/p>\n\n<p>\nA obtenir dans diff&eacute;rentes couleurs, aussi blanc.<\/p>\n\n<p>\nMADE IN ITALY<\/p>\n\n<p>\n3 ans de garantie sur les moteurs<\/p>\n\n","protected":false},"excerpt":{"rendered":"<p>Fauteuil de podologie avec trois moteurs et hauteur et si&egrave;ge (Trendelenburg) et inclinaison du dossier ajust&eacute; par t&eacute;l&eacute;commande. Les jambes sont ind&eacute;pendantes, avec un mouvement d&rsquo;ouverture lat&eacute;rale, une inclinaison r&eacute;glable et extensibles partout. Equip&eacute; d&rsquo;un appuie-t&ecirc;te t&eacute;lescopique et d&rsquo;accoudoirs rembourr&eacute;s qui sont synchronis&eacute;s avec le mouvement du dossier. Les accoudoirs peuvent &eacute;galement &ecirc;tre d&eacute;plac&eacute;s vers &hellip; <\/p>\n<p class=\"link-more\"><a href=\"https:\/\/www.praktivak.be\/fr\/produit\/fauteuil-podo-london-avec-3-moteurs\/\" class=\"more-link\">Continuer la lecture<span class=\"screen-reader-text\"> \u00ab\u00a0Fauteuil podo London avec 3 moteurs\u00a0\u00bb<\/span><\/a><\/p>\n","protected":false},"author":1,"featured_media":345240,"template":"","meta":{"_acf_changed":false,"_relevanssi_hide_post":"","_relevanssi_hide_content":"","_relevanssi_pin_for_all":"","_relevanssi_pin_keywords":"","_relevanssi_unpin_keywords":"","_relevanssi_related_keywords":"","_relevanssi_related_include_ids":"","_relevanssi_related_exclude_ids":"","_relevanssi_related_no_append":"","_relevanssi_related_not_related":"","_relevanssi_related_posts":"","_relevanssi_noindex_reason":"","advgb_blocks_editor_width":"","advgb_blocks_columns_visual_guide":"","footnotes":""},"product_brand":[],"product_cat":[2072,2062],"product_tag":[],"class_list":{"0":"post-162946","1":"product","2":"type-product","3":"status-publish","4":"has-post-thumbnail","6":"product_cat-pedicurestoelen-inrichtingen-fr","7":"product_cat-premium-line-italiaans-design-inrichtingen-fr","9":"first","10":"instock","11":"taxable","12":"shipping-taxable","13":"product-type-simple"},"acf":[],"yoast_head":"<!-- This site is optimized with the Yoast SEO plugin v27.2 - https:\/\/yoast.com\/product\/yoast-seo-wordpress\/ -->\n<title>Fauteuil podo London avec 3 moteurs - Praktivak<\/title>\n<meta name=\"robots\" content=\"index, follow, max-snippet:-1, max-image-preview:large, max-video-preview:-1\" \/>\n<link rel=\"canonical\" href=\"https:\/\/www.praktivak.be\/fr\/produit\/fauteuil-podo-london-avec-3-moteurs\/\" \/>\n<meta property=\"og:locale\" content=\"fr_FR\" \/>\n<meta property=\"og:type\" content=\"article\" \/>\n<meta property=\"og:title\" content=\"Fauteuil podo London avec 3 moteurs - Praktivak\" \/>\n<meta property=\"og:description\" content=\"Fauteuil de podologie avec trois moteurs et hauteur et si&egrave;ge (Trendelenburg) et inclinaison du dossier ajust&eacute; par t&eacute;l&eacute;commande. Les jambes sont ind&eacute;pendantes, avec un mouvement d&rsquo;ouverture lat&eacute;rale, une inclinaison r&eacute;glable et extensibles partout. Equip&eacute; d&rsquo;un appuie-t&ecirc;te t&eacute;lescopique et d&rsquo;accoudoirs rembourr&eacute;s qui sont synchronis&eacute;s avec le mouvement du dossier. Les accoudoirs peuvent &eacute;galement &ecirc;tre d&eacute;plac&eacute;s vers &hellip; Continuer la lecture &quot;Fauteuil podo London avec 3 moteurs&quot;\" \/>\n<meta property=\"og:url\" content=\"https:\/\/www.praktivak.be\/fr\/produit\/fauteuil-podo-london-avec-3-moteurs\/\" \/>\n<meta property=\"og:site_name\" content=\"Praktivak\" \/>\n<meta property=\"article:modified_time\" content=\"2026-02-01T15:52:14+00:00\" \/>\n<meta property=\"og:image\" content=\"https:\/\/www.praktivak.be\/wp-content\/uploads\/2026\/02\/LSC23-1.webp\" \/>\n\t<meta property=\"og:image:width\" content=\"700\" \/>\n\t<meta property=\"og:image:height\" content=\"562\" \/>\n\t<meta property=\"og:image:type\" content=\"image\/webp\" \/>\n<meta name=\"twitter:card\" content=\"summary_large_image\" \/>\n<meta name=\"twitter:label1\" content=\"Dur\u00e9e de lecture estim\u00e9e\" \/>\n\t<meta name=\"twitter:data1\" content=\"1 minute\" \/>\n<script type=\"application\/ld+json\" class=\"yoast-schema-graph\">{\"@context\":\"https:\/\/schema.org\",\"@graph\":[{\"@type\":\"WebPage\",\"@id\":\"https:\/\/www.praktivak.be\/fr\/produit\/fauteuil-podo-london-avec-3-moteurs\/\",\"url\":\"https:\/\/www.praktivak.be\/fr\/produit\/fauteuil-podo-london-avec-3-moteurs\/\",\"name\":\"Fauteuil podo London avec 3 moteurs - Praktivak\",\"isPartOf\":{\"@id\":\"https:\/\/www.praktivak.be\/fr\/#website\"},\"primaryImageOfPage\":{\"@id\":\"https:\/\/www.praktivak.be\/fr\/produit\/fauteuil-podo-london-avec-3-moteurs\/#primaryimage\"},\"image\":{\"@id\":\"https:\/\/www.praktivak.be\/fr\/produit\/fauteuil-podo-london-avec-3-moteurs\/#primaryimage\"},\"thumbnailUrl\":\"https:\/\/www.praktivak.be\/wp-content\/uploads\/2026\/02\/LSC23-1.webp\",\"datePublished\":\"2025-08-14T17:16:45+00:00\",\"dateModified\":\"2026-02-01T15:52:14+00:00\",\"breadcrumb\":{\"@id\":\"https:\/\/www.praktivak.be\/fr\/produit\/fauteuil-podo-london-avec-3-moteurs\/#breadcrumb\"},\"inLanguage\":\"fr-FR\",\"potentialAction\":[{\"@type\":\"ReadAction\",\"target\":[\"https:\/\/www.praktivak.be\/fr\/produit\/fauteuil-podo-london-avec-3-moteurs\/\"]}]},{\"@type\":\"ImageObject\",\"inLanguage\":\"fr-FR\",\"@id\":\"https:\/\/www.praktivak.be\/fr\/produit\/fauteuil-podo-london-avec-3-moteurs\/#primaryimage\",\"url\":\"https:\/\/www.praktivak.be\/wp-content\/uploads\/2026\/02\/LSC23-1.webp\",\"contentUrl\":\"https:\/\/www.praktivak.be\/wp-content\/uploads\/2026\/02\/LSC23-1.webp\",\"width\":700,\"height\":562,\"caption\":\"Pedicurestoel London met 3 motoren\"},{\"@type\":\"BreadcrumbList\",\"@id\":\"https:\/\/www.praktivak.be\/fr\/produit\/fauteuil-podo-london-avec-3-moteurs\/#breadcrumb\",\"itemListElement\":[{\"@type\":\"ListItem\",\"position\":1,\"name\":\"Home\",\"item\":\"https:\/\/www.praktivak.be\/fr\/\"},{\"@type\":\"ListItem\",\"position\":2,\"name\":\"Boutique\",\"item\":\"https:\/\/www.praktivak.be\/fr\/boutique\/\"},{\"@type\":\"ListItem\",\"position\":3,\"name\":\"Fauteuil podo London avec 3 moteurs\"}]},{\"@type\":\"WebSite\",\"@id\":\"https:\/\/www.praktivak.be\/fr\/#website\",\"url\":\"https:\/\/www.praktivak.be\/fr\/\",\"name\":\"Praktivak\",\"description\":\"\",\"publisher\":{\"@id\":\"https:\/\/www.praktivak.be\/fr\/#organization\"},\"potentialAction\":[{\"@type\":\"SearchAction\",\"target\":{\"@type\":\"EntryPoint\",\"urlTemplate\":\"https:\/\/www.praktivak.be\/fr\/?s={search_term_string}\"},\"query-input\":{\"@type\":\"PropertyValueSpecification\",\"valueRequired\":true,\"valueName\":\"search_term_string\"}}],\"inLanguage\":\"fr-FR\"},{\"@type\":\"Organization\",\"@id\":\"https:\/\/www.praktivak.be\/fr\/#organization\",\"name\":\"Praktivak\",\"url\":\"https:\/\/www.praktivak.be\/fr\/\",\"logo\":{\"@type\":\"ImageObject\",\"inLanguage\":\"fr-FR\",\"@id\":\"https:\/\/www.praktivak.be\/fr\/#\/schema\/logo\/image\/\",\"url\":\"https:\/\/www.praktivak.be\/wp-content\/uploads\/2024\/09\/Logo.png\",\"contentUrl\":\"https:\/\/www.praktivak.be\/wp-content\/uploads\/2024\/09\/Logo.png\",\"width\":1774,\"height\":337,\"caption\":\"Praktivak\"},\"image\":{\"@id\":\"https:\/\/www.praktivak.be\/fr\/#\/schema\/logo\/image\/\"}}]}<\/script>\n<!-- \/ Yoast SEO plugin. -->","yoast_head_json":{"title":"Fauteuil podo London avec 3 moteurs - Praktivak","robots":{"index":"index","follow":"follow","max-snippet":"max-snippet:-1","max-image-preview":"max-image-preview:large","max-video-preview":"max-video-preview:-1"},"canonical":"https:\/\/www.praktivak.be\/fr\/produit\/fauteuil-podo-london-avec-3-moteurs\/","og_locale":"fr_FR","og_type":"article","og_title":"Fauteuil podo London avec 3 moteurs - Praktivak","og_description":"Fauteuil de podologie avec trois moteurs et hauteur et si&egrave;ge (Trendelenburg) et inclinaison du dossier ajust&eacute; par t&eacute;l&eacute;commande. Les jambes sont ind&eacute;pendantes, avec un mouvement d&rsquo;ouverture lat&eacute;rale, une inclinaison r&eacute;glable et extensibles partout. Equip&eacute; d&rsquo;un appuie-t&ecirc;te t&eacute;lescopique et d&rsquo;accoudoirs rembourr&eacute;s qui sont synchronis&eacute;s avec le mouvement du dossier. Les accoudoirs peuvent &eacute;galement &ecirc;tre d&eacute;plac&eacute;s vers &hellip; Continuer la lecture \"Fauteuil podo London avec 3 moteurs\"","og_url":"https:\/\/www.praktivak.be\/fr\/produit\/fauteuil-podo-london-avec-3-moteurs\/","og_site_name":"Praktivak","article_modified_time":"2026-02-01T15:52:14+00:00","og_image":[{"width":700,"height":562,"url":"https:\/\/www.praktivak.be\/wp-content\/uploads\/2026\/02\/LSC23-1.webp","type":"image\/webp"}],"twitter_card":"summary_large_image","twitter_misc":{"Dur\u00e9e de lecture estim\u00e9e":"1 minute"},"schema":{"@context":"https:\/\/schema.org","@graph":[{"@type":"WebPage","@id":"https:\/\/www.praktivak.be\/fr\/produit\/fauteuil-podo-london-avec-3-moteurs\/","url":"https:\/\/www.praktivak.be\/fr\/produit\/fauteuil-podo-london-avec-3-moteurs\/","name":"Fauteuil podo London avec 3 moteurs - Praktivak","isPartOf":{"@id":"https:\/\/www.praktivak.be\/fr\/#website"},"primaryImageOfPage":{"@id":"https:\/\/www.praktivak.be\/fr\/produit\/fauteuil-podo-london-avec-3-moteurs\/#primaryimage"},"image":{"@id":"https:\/\/www.praktivak.be\/fr\/produit\/fauteuil-podo-london-avec-3-moteurs\/#primaryimage"},"thumbnailUrl":"https:\/\/www.praktivak.be\/wp-content\/uploads\/2026\/02\/LSC23-1.webp","datePublished":"2025-08-14T17:16:45+00:00","dateModified":"2026-02-01T15:52:14+00:00","breadcrumb":{"@id":"https:\/\/www.praktivak.be\/fr\/produit\/fauteuil-podo-london-avec-3-moteurs\/#breadcrumb"},"inLanguage":"fr-FR","potentialAction":[{"@type":"ReadAction","target":["https:\/\/www.praktivak.be\/fr\/produit\/fauteuil-podo-london-avec-3-moteurs\/"]}]},{"@type":"ImageObject","inLanguage":"fr-FR","@id":"https:\/\/www.praktivak.be\/fr\/produit\/fauteuil-podo-london-avec-3-moteurs\/#primaryimage","url":"https:\/\/www.praktivak.be\/wp-content\/uploads\/2026\/02\/LSC23-1.webp","contentUrl":"https:\/\/www.praktivak.be\/wp-content\/uploads\/2026\/02\/LSC23-1.webp","width":700,"height":562,"caption":"Pedicurestoel London met 3 motoren"},{"@type":"BreadcrumbList","@id":"https:\/\/www.praktivak.be\/fr\/produit\/fauteuil-podo-london-avec-3-moteurs\/#breadcrumb","itemListElement":[{"@type":"ListItem","position":1,"name":"Home","item":"https:\/\/www.praktivak.be\/fr\/"},{"@type":"ListItem","position":2,"name":"Boutique","item":"https:\/\/www.praktivak.be\/fr\/boutique\/"},{"@type":"ListItem","position":3,"name":"Fauteuil podo London avec 3 moteurs"}]},{"@type":"WebSite","@id":"https:\/\/www.praktivak.be\/fr\/#website","url":"https:\/\/www.praktivak.be\/fr\/","name":"Praktivak","description":"","publisher":{"@id":"https:\/\/www.praktivak.be\/fr\/#organization"},"potentialAction":[{"@type":"SearchAction","target":{"@type":"EntryPoint","urlTemplate":"https:\/\/www.praktivak.be\/fr\/?s={search_term_string}"},"query-input":{"@type":"PropertyValueSpecification","valueRequired":true,"valueName":"search_term_string"}}],"inLanguage":"fr-FR"},{"@type":"Organization","@id":"https:\/\/www.praktivak.be\/fr\/#organization","name":"Praktivak","url":"https:\/\/www.praktivak.be\/fr\/","logo":{"@type":"ImageObject","inLanguage":"fr-FR","@id":"https:\/\/www.praktivak.be\/fr\/#\/schema\/logo\/image\/","url":"https:\/\/www.praktivak.be\/wp-content\/uploads\/2024\/09\/Logo.png","contentUrl":"https:\/\/www.praktivak.be\/wp-content\/uploads\/2024\/09\/Logo.png","width":1774,"height":337,"caption":"Praktivak"},"image":{"@id":"https:\/\/www.praktivak.be\/fr\/#\/schema\/logo\/image\/"}}]}},"featured_img":"https:\/\/www.praktivak.be\/wp-content\/uploads\/2026\/02\/LSC23-1.webp","coauthors":[],"author_meta":{"author_link":"https:\/\/www.praktivak.be\/fr\/author\/madeit\/","display_name":"Tjebbe Lievens"},"relative_dates":{"created":"Publi\u00e9 8 mois il y a","modified":"Mis \u00e0 jour 2 mois il y a"},"absolute_dates":{"created":"Publi\u00e9 le 14 ao\u00fbt 2025","modified":"Mise \u00e0 jour le 1 f\u00e9vrier 2026"},"absolute_dates_time":{"created":"Publi\u00e9 le 14 ao\u00fbt 2025 19h16","modified":"Mise \u00e0 jour le 1 f\u00e9vrier 2026 16h52"},"featured_img_caption":"","tax_additional":{"product_brand":{"linked":[],"unlinked":[],"slug":"product_brand","name":"Marques"},"product_type":{"linked":["<a href=\"https:\/\/www.praktivak.be\/fr\/?taxonomy=product_type&#038;term=simple\" class=\"advgb-post-tax-term\">simple<\/a>"],"unlinked":["<span class=\"advgb-post-tax-term\">simple<\/span>"],"slug":"product_type","name":"Type de produit"},"product_visibility":{"linked":[],"unlinked":[],"slug":"product_visibility","name":"Visibilit\u00e9 du produit"},"product_cat":{"linked":["<a href=\"https:\/\/www.praktivak.be\/fr\/categorie-de-produit\/inrichtingen-fr\/pedicurestoelen-inrichtingen-fr\/\" class=\"advgb-post-tax-term\">Pedicurestoelen<\/a>","<a href=\"https:\/\/www.praktivak.be\/fr\/categorie-de-produit\/inrichtingen-fr\/premium-line-italiaans-design-inrichtingen-fr\/\" class=\"advgb-post-tax-term\">Premium Line \u2013 design italien<\/a>"],"unlinked":["<span class=\"advgb-post-tax-term\">Pedicurestoelen<\/span>","<span class=\"advgb-post-tax-term\">Premium Line \u2013 design italien<\/span>"],"slug":"product_cat","name":"Cat\u00e9gories de produits"},"product_tag":{"linked":[],"unlinked":[],"slug":"product_tag","name":"\u00c9tiquettes produit"},"product_shipping_class":{"linked":[],"unlinked":[],"slug":"product_shipping_class","name":"Classe d\u2019exp\u00e9dition du produit"},"pos_product_visibility":{"linked":[],"unlinked":[],"slug":"pos_product_visibility","name":"Visibilit\u00e9 du produit sur le point de vente"},"translation_priority":{"linked":[],"unlinked":[],"slug":"translation_priority","name":"Priorit\u00e9s de traduction"}},"series_order":"","_links":{"self":[{"href":"https:\/\/www.praktivak.be\/fr\/wp-json\/wp\/v2\/product\/162946","targetHints":{"allow":["GET"]}}],"collection":[{"href":"https:\/\/www.praktivak.be\/fr\/wp-json\/wp\/v2\/product"}],"about":[{"href":"https:\/\/www.praktivak.be\/fr\/wp-json\/wp\/v2\/types\/product"}],"version-history":[{"count":102,"href":"https:\/\/www.praktivak.be\/fr\/wp-json\/wp\/v2\/product\/162946\/revisions"}],"predecessor-version":[{"id":345247,"href":"https:\/\/www.praktivak.be\/fr\/wp-json\/wp\/v2\/product\/162946\/revisions\/345247"}],"wp:featuredmedia":[{"embeddable":true,"href":"https:\/\/www.praktivak.be\/fr\/wp-json\/wp\/v2\/media\/345240"}],"wp:attachment":[{"href":"https:\/\/www.praktivak.be\/fr\/wp-json\/wp\/v2\/media?parent=162946"}],"wp:term":[{"taxonomy":"product_brand","embeddable":true,"href":"https:\/\/www.praktivak.be\/fr\/wp-json\/wp\/v2\/product_brand?post=162946"},{"taxonomy":"product_cat","embeddable":true,"href":"https:\/\/www.praktivak.be\/fr\/wp-json\/wp\/v2\/product_cat?post=162946"},{"taxonomy":"product_tag","embeddable":true,"href":"https:\/\/www.praktivak.be\/fr\/wp-json\/wp\/v2\/product_tag?post=162946"}],"curies":[{"name":"wp","href":"https:\/\/api.w.org\/{rel}","templated":true}]}}