

{"id":162923,"date":"2025-08-14T19:16:08","date_gmt":"2025-08-14T17:16:08","guid":{"rendered":"https:\/\/www.praktivak.be\/product\/pedicurestoel-empire-twist-podo-met-3-motoren-en-2-gasveren-en-reset\/"},"modified":"2026-02-01T16:52:22","modified_gmt":"2026-02-01T15:52:22","slug":"fauteuil-de-pedicure-empire-twist-avec-3-moteurs-et-2-suspensions-et-reset","status":"publish","type":"product","link":"https:\/\/www.praktivak.be\/fr\/produit\/fauteuil-de-pedicure-empire-twist-avec-3-moteurs-et-2-suspensions-et-reset\/","title":{"rendered":"Fauteuil de p\u00e9dicure Empire Twist avec 3 moteurs et 2 suspensions et reset"},"content":{"rendered":"\n<p>\nFauteuil de p&eacute;dicure de haute qualit&eacute; et tr&egrave;s bien ex&eacute;cut&eacute; qui peut tourner de 240 degr&eacute;s pour la facilit&eacute; d&rsquo;utilisation. Le si&egrave;ge dispose de 3 moteurs pour commander &eacute;lectriquement la hauteur, dossier et inclinaison. Les 2 parties de jambe sont r&eacute;glables manuellement &agrave; l&rsquo;aide de deux ressorts &agrave; gaz. Le si&egrave;ge est &eacute;galement &eacute;quip&eacute; de bras articul&eacute;s et un appui-t&ecirc;te r&eacute;glable avec narine. Les boutonni&egrave;res int&eacute;gr&eacute;es dans le dossier, le repose-pied et le si&egrave;ge permettent un<\/p>\n<p>\ncontr&ocirc;le total des mouvements dans n&#146;importe quel point du fauteuil. Rev&ecirc;tement en PU blanc pour un entretien facile. <\/p>\n\n<p>\nD&eacute;tails: <\/p>\n<p>\nLongueur:+\/- 186cm <\/p>\n<p>\nLargeur avec accoudoir:+\/- 82cm <\/p>\n<p>\nLargeur sans accoudoirs: +\/-57cm <\/p>\n<p>\nPosition la plus basse: +\/-63cm <\/p>\n<p>\nPosition la plus haute:+\/-115cm <\/p>\n<p>\nRotation: 240 degr&eacute;s <\/p>\n<p>\n3 moteurs + 2 ressorts &agrave; gaz <\/p>\n<p>\nPoids:+\/- 77 kg <\/p>\n<p>\nRev&ecirc;tement: PU<\/p>\n\n<p>\nOptions: <\/p>\n<p>\n&ndash; op&eacute;ration &agrave; main<\/p>\n<p>\n&ndash; op&eacute;ration &agrave; pied  <\/p>\n<p>\n&ndash; 5 moteurs<\/p>\n<p>\n&ndash; roues<\/p>\n\n<p>\n3 ans de garantie sur les moteurs<\/p>\n\n","protected":false},"excerpt":{"rendered":"<p>Fauteuil de p&eacute;dicure de haute qualit&eacute; et tr&egrave;s bien ex&eacute;cut&eacute; qui peut tourner de 240 degr&eacute;s pour la facilit&eacute; d&rsquo;utilisation. Le si&egrave;ge dispose de 3 moteurs pour commander &eacute;lectriquement la hauteur, dossier et inclinaison. Les 2 parties de jambe sont r&eacute;glables manuellement &agrave; l&rsquo;aide de deux ressorts &agrave; gaz. Le si&egrave;ge est &eacute;galement &eacute;quip&eacute; de &hellip; <\/p>\n<p class=\"link-more\"><a href=\"https:\/\/www.praktivak.be\/fr\/produit\/fauteuil-de-pedicure-empire-twist-avec-3-moteurs-et-2-suspensions-et-reset\/\" class=\"more-link\">Continuer la lecture<span class=\"screen-reader-text\"> \u00ab\u00a0Fauteuil de p\u00e9dicure Empire Twist avec 3 moteurs et 2 suspensions et reset\u00a0\u00bb<\/span><\/a><\/p>\n","protected":false},"author":1,"featured_media":345254,"template":"","meta":{"_acf_changed":false,"_relevanssi_hide_post":"","_relevanssi_hide_content":"","_relevanssi_pin_for_all":"","_relevanssi_pin_keywords":"","_relevanssi_unpin_keywords":"","_relevanssi_related_keywords":"","_relevanssi_related_include_ids":"","_relevanssi_related_exclude_ids":"","_relevanssi_related_no_append":"","_relevanssi_related_not_related":"","_relevanssi_related_posts":"","_relevanssi_noindex_reason":"","advgb_blocks_editor_width":"","advgb_blocks_columns_visual_guide":"","footnotes":""},"product_brand":[],"product_cat":[2072],"product_tag":[],"class_list":{"0":"post-162923","1":"product","2":"type-product","3":"status-publish","4":"has-post-thumbnail","6":"product_cat-pedicurestoelen-inrichtingen-fr","8":"first","9":"instock","10":"taxable","11":"shipping-taxable","12":"product-type-simple"},"acf":[],"yoast_head":"<!-- This site is optimized with the Yoast SEO plugin v27.2 - https:\/\/yoast.com\/product\/yoast-seo-wordpress\/ -->\n<title>Fauteuil de p\u00e9dicure Empire Twist avec 3 moteurs et 2 suspensions et reset - Praktivak<\/title>\n<meta name=\"robots\" content=\"index, follow, max-snippet:-1, max-image-preview:large, max-video-preview:-1\" \/>\n<link rel=\"canonical\" href=\"https:\/\/www.praktivak.be\/fr\/produit\/fauteuil-de-pedicure-empire-twist-avec-3-moteurs-et-2-suspensions-et-reset\/\" \/>\n<meta property=\"og:locale\" content=\"fr_FR\" \/>\n<meta property=\"og:type\" content=\"article\" \/>\n<meta property=\"og:title\" content=\"Fauteuil de p\u00e9dicure Empire Twist avec 3 moteurs et 2 suspensions et reset - Praktivak\" \/>\n<meta property=\"og:description\" content=\"Fauteuil de p&eacute;dicure de haute qualit&eacute; et tr&egrave;s bien ex&eacute;cut&eacute; qui peut tourner de 240 degr&eacute;s pour la facilit&eacute; d&rsquo;utilisation. Le si&egrave;ge dispose de 3 moteurs pour commander &eacute;lectriquement la hauteur, dossier et inclinaison. Les 2 parties de jambe sont r&eacute;glables manuellement &agrave; l&rsquo;aide de deux ressorts &agrave; gaz. Le si&egrave;ge est &eacute;galement &eacute;quip&eacute; de &hellip; Continuer la lecture &quot;Fauteuil de p\u00e9dicure Empire Twist avec 3 moteurs et 2 suspensions et reset&quot;\" \/>\n<meta property=\"og:url\" content=\"https:\/\/www.praktivak.be\/fr\/produit\/fauteuil-de-pedicure-empire-twist-avec-3-moteurs-et-2-suspensions-et-reset\/\" \/>\n<meta property=\"og:site_name\" content=\"Praktivak\" \/>\n<meta property=\"article:modified_time\" content=\"2026-02-01T15:52:22+00:00\" \/>\n<meta property=\"og:image\" content=\"https:\/\/www.praktivak.be\/wp-content\/uploads\/2026\/02\/E70002-1.webp\" \/>\n\t<meta property=\"og:image:width\" content=\"1025\" \/>\n\t<meta property=\"og:image:height\" content=\"1025\" \/>\n\t<meta property=\"og:image:type\" content=\"image\/webp\" \/>\n<meta name=\"twitter:card\" content=\"summary_large_image\" \/>\n<meta name=\"twitter:label1\" content=\"Dur\u00e9e de lecture estim\u00e9e\" \/>\n\t<meta name=\"twitter:data1\" content=\"1 minute\" \/>\n<script type=\"application\/ld+json\" class=\"yoast-schema-graph\">{\"@context\":\"https:\/\/schema.org\",\"@graph\":[{\"@type\":\"WebPage\",\"@id\":\"https:\/\/www.praktivak.be\/fr\/produit\/fauteuil-de-pedicure-empire-twist-avec-3-moteurs-et-2-suspensions-et-reset\/\",\"url\":\"https:\/\/www.praktivak.be\/fr\/produit\/fauteuil-de-pedicure-empire-twist-avec-3-moteurs-et-2-suspensions-et-reset\/\",\"name\":\"Fauteuil de p\u00e9dicure Empire Twist avec 3 moteurs et 2 suspensions et reset - Praktivak\",\"isPartOf\":{\"@id\":\"https:\/\/www.praktivak.be\/fr\/#website\"},\"primaryImageOfPage\":{\"@id\":\"https:\/\/www.praktivak.be\/fr\/produit\/fauteuil-de-pedicure-empire-twist-avec-3-moteurs-et-2-suspensions-et-reset\/#primaryimage\"},\"image\":{\"@id\":\"https:\/\/www.praktivak.be\/fr\/produit\/fauteuil-de-pedicure-empire-twist-avec-3-moteurs-et-2-suspensions-et-reset\/#primaryimage\"},\"thumbnailUrl\":\"https:\/\/www.praktivak.be\/wp-content\/uploads\/2026\/02\/E70002-1.webp\",\"datePublished\":\"2025-08-14T17:16:08+00:00\",\"dateModified\":\"2026-02-01T15:52:22+00:00\",\"breadcrumb\":{\"@id\":\"https:\/\/www.praktivak.be\/fr\/produit\/fauteuil-de-pedicure-empire-twist-avec-3-moteurs-et-2-suspensions-et-reset\/#breadcrumb\"},\"inLanguage\":\"fr-FR\",\"potentialAction\":[{\"@type\":\"ReadAction\",\"target\":[\"https:\/\/www.praktivak.be\/fr\/produit\/fauteuil-de-pedicure-empire-twist-avec-3-moteurs-et-2-suspensions-et-reset\/\"]}]},{\"@type\":\"ImageObject\",\"inLanguage\":\"fr-FR\",\"@id\":\"https:\/\/www.praktivak.be\/fr\/produit\/fauteuil-de-pedicure-empire-twist-avec-3-moteurs-et-2-suspensions-et-reset\/#primaryimage\",\"url\":\"https:\/\/www.praktivak.be\/wp-content\/uploads\/2026\/02\/E70002-1.webp\",\"contentUrl\":\"https:\/\/www.praktivak.be\/wp-content\/uploads\/2026\/02\/E70002-1.webp\",\"width\":1025,\"height\":1025,\"caption\":\"Pedicurestoel Empire Twist Podo met 3 motoren en 2 gasveren en reset\"},{\"@type\":\"BreadcrumbList\",\"@id\":\"https:\/\/www.praktivak.be\/fr\/produit\/fauteuil-de-pedicure-empire-twist-avec-3-moteurs-et-2-suspensions-et-reset\/#breadcrumb\",\"itemListElement\":[{\"@type\":\"ListItem\",\"position\":1,\"name\":\"Home\",\"item\":\"https:\/\/www.praktivak.be\/fr\/\"},{\"@type\":\"ListItem\",\"position\":2,\"name\":\"Boutique\",\"item\":\"https:\/\/www.praktivak.be\/fr\/boutique\/\"},{\"@type\":\"ListItem\",\"position\":3,\"name\":\"Fauteuil de p\u00e9dicure Empire Twist avec 3 moteurs et 2 suspensions et reset\"}]},{\"@type\":\"WebSite\",\"@id\":\"https:\/\/www.praktivak.be\/fr\/#website\",\"url\":\"https:\/\/www.praktivak.be\/fr\/\",\"name\":\"Praktivak\",\"description\":\"\",\"publisher\":{\"@id\":\"https:\/\/www.praktivak.be\/fr\/#organization\"},\"potentialAction\":[{\"@type\":\"SearchAction\",\"target\":{\"@type\":\"EntryPoint\",\"urlTemplate\":\"https:\/\/www.praktivak.be\/fr\/?s={search_term_string}\"},\"query-input\":{\"@type\":\"PropertyValueSpecification\",\"valueRequired\":true,\"valueName\":\"search_term_string\"}}],\"inLanguage\":\"fr-FR\"},{\"@type\":\"Organization\",\"@id\":\"https:\/\/www.praktivak.be\/fr\/#organization\",\"name\":\"Praktivak\",\"url\":\"https:\/\/www.praktivak.be\/fr\/\",\"logo\":{\"@type\":\"ImageObject\",\"inLanguage\":\"fr-FR\",\"@id\":\"https:\/\/www.praktivak.be\/fr\/#\/schema\/logo\/image\/\",\"url\":\"https:\/\/www.praktivak.be\/wp-content\/uploads\/2024\/09\/Logo.png\",\"contentUrl\":\"https:\/\/www.praktivak.be\/wp-content\/uploads\/2024\/09\/Logo.png\",\"width\":1774,\"height\":337,\"caption\":\"Praktivak\"},\"image\":{\"@id\":\"https:\/\/www.praktivak.be\/fr\/#\/schema\/logo\/image\/\"}}]}<\/script>\n<!-- \/ Yoast SEO plugin. -->","yoast_head_json":{"title":"Fauteuil de p\u00e9dicure Empire Twist avec 3 moteurs et 2 suspensions et reset - Praktivak","robots":{"index":"index","follow":"follow","max-snippet":"max-snippet:-1","max-image-preview":"max-image-preview:large","max-video-preview":"max-video-preview:-1"},"canonical":"https:\/\/www.praktivak.be\/fr\/produit\/fauteuil-de-pedicure-empire-twist-avec-3-moteurs-et-2-suspensions-et-reset\/","og_locale":"fr_FR","og_type":"article","og_title":"Fauteuil de p\u00e9dicure Empire Twist avec 3 moteurs et 2 suspensions et reset - Praktivak","og_description":"Fauteuil de p&eacute;dicure de haute qualit&eacute; et tr&egrave;s bien ex&eacute;cut&eacute; qui peut tourner de 240 degr&eacute;s pour la facilit&eacute; d&rsquo;utilisation. Le si&egrave;ge dispose de 3 moteurs pour commander &eacute;lectriquement la hauteur, dossier et inclinaison. Les 2 parties de jambe sont r&eacute;glables manuellement &agrave; l&rsquo;aide de deux ressorts &agrave; gaz. Le si&egrave;ge est &eacute;galement &eacute;quip&eacute; de &hellip; Continuer la lecture \"Fauteuil de p\u00e9dicure Empire Twist avec 3 moteurs et 2 suspensions et reset\"","og_url":"https:\/\/www.praktivak.be\/fr\/produit\/fauteuil-de-pedicure-empire-twist-avec-3-moteurs-et-2-suspensions-et-reset\/","og_site_name":"Praktivak","article_modified_time":"2026-02-01T15:52:22+00:00","og_image":[{"width":1025,"height":1025,"url":"https:\/\/www.praktivak.be\/wp-content\/uploads\/2026\/02\/E70002-1.webp","type":"image\/webp"}],"twitter_card":"summary_large_image","twitter_misc":{"Dur\u00e9e de lecture estim\u00e9e":"1 minute"},"schema":{"@context":"https:\/\/schema.org","@graph":[{"@type":"WebPage","@id":"https:\/\/www.praktivak.be\/fr\/produit\/fauteuil-de-pedicure-empire-twist-avec-3-moteurs-et-2-suspensions-et-reset\/","url":"https:\/\/www.praktivak.be\/fr\/produit\/fauteuil-de-pedicure-empire-twist-avec-3-moteurs-et-2-suspensions-et-reset\/","name":"Fauteuil de p\u00e9dicure Empire Twist avec 3 moteurs et 2 suspensions et reset - Praktivak","isPartOf":{"@id":"https:\/\/www.praktivak.be\/fr\/#website"},"primaryImageOfPage":{"@id":"https:\/\/www.praktivak.be\/fr\/produit\/fauteuil-de-pedicure-empire-twist-avec-3-moteurs-et-2-suspensions-et-reset\/#primaryimage"},"image":{"@id":"https:\/\/www.praktivak.be\/fr\/produit\/fauteuil-de-pedicure-empire-twist-avec-3-moteurs-et-2-suspensions-et-reset\/#primaryimage"},"thumbnailUrl":"https:\/\/www.praktivak.be\/wp-content\/uploads\/2026\/02\/E70002-1.webp","datePublished":"2025-08-14T17:16:08+00:00","dateModified":"2026-02-01T15:52:22+00:00","breadcrumb":{"@id":"https:\/\/www.praktivak.be\/fr\/produit\/fauteuil-de-pedicure-empire-twist-avec-3-moteurs-et-2-suspensions-et-reset\/#breadcrumb"},"inLanguage":"fr-FR","potentialAction":[{"@type":"ReadAction","target":["https:\/\/www.praktivak.be\/fr\/produit\/fauteuil-de-pedicure-empire-twist-avec-3-moteurs-et-2-suspensions-et-reset\/"]}]},{"@type":"ImageObject","inLanguage":"fr-FR","@id":"https:\/\/www.praktivak.be\/fr\/produit\/fauteuil-de-pedicure-empire-twist-avec-3-moteurs-et-2-suspensions-et-reset\/#primaryimage","url":"https:\/\/www.praktivak.be\/wp-content\/uploads\/2026\/02\/E70002-1.webp","contentUrl":"https:\/\/www.praktivak.be\/wp-content\/uploads\/2026\/02\/E70002-1.webp","width":1025,"height":1025,"caption":"Pedicurestoel Empire Twist Podo met 3 motoren en 2 gasveren en reset"},{"@type":"BreadcrumbList","@id":"https:\/\/www.praktivak.be\/fr\/produit\/fauteuil-de-pedicure-empire-twist-avec-3-moteurs-et-2-suspensions-et-reset\/#breadcrumb","itemListElement":[{"@type":"ListItem","position":1,"name":"Home","item":"https:\/\/www.praktivak.be\/fr\/"},{"@type":"ListItem","position":2,"name":"Boutique","item":"https:\/\/www.praktivak.be\/fr\/boutique\/"},{"@type":"ListItem","position":3,"name":"Fauteuil de p\u00e9dicure Empire Twist avec 3 moteurs et 2 suspensions et reset"}]},{"@type":"WebSite","@id":"https:\/\/www.praktivak.be\/fr\/#website","url":"https:\/\/www.praktivak.be\/fr\/","name":"Praktivak","description":"","publisher":{"@id":"https:\/\/www.praktivak.be\/fr\/#organization"},"potentialAction":[{"@type":"SearchAction","target":{"@type":"EntryPoint","urlTemplate":"https:\/\/www.praktivak.be\/fr\/?s={search_term_string}"},"query-input":{"@type":"PropertyValueSpecification","valueRequired":true,"valueName":"search_term_string"}}],"inLanguage":"fr-FR"},{"@type":"Organization","@id":"https:\/\/www.praktivak.be\/fr\/#organization","name":"Praktivak","url":"https:\/\/www.praktivak.be\/fr\/","logo":{"@type":"ImageObject","inLanguage":"fr-FR","@id":"https:\/\/www.praktivak.be\/fr\/#\/schema\/logo\/image\/","url":"https:\/\/www.praktivak.be\/wp-content\/uploads\/2024\/09\/Logo.png","contentUrl":"https:\/\/www.praktivak.be\/wp-content\/uploads\/2024\/09\/Logo.png","width":1774,"height":337,"caption":"Praktivak"},"image":{"@id":"https:\/\/www.praktivak.be\/fr\/#\/schema\/logo\/image\/"}}]}},"featured_img":"https:\/\/www.praktivak.be\/wp-content\/uploads\/2026\/02\/E70002-1.webp","coauthors":[],"author_meta":{"author_link":"https:\/\/www.praktivak.be\/fr\/author\/madeit\/","display_name":"Tjebbe Lievens"},"relative_dates":{"created":"Publi\u00e9 8 mois il y a","modified":"Mis \u00e0 jour 3 mois il y a"},"absolute_dates":{"created":"Publi\u00e9 le 14 ao\u00fbt 2025","modified":"Mise \u00e0 jour le 1 f\u00e9vrier 2026"},"absolute_dates_time":{"created":"Publi\u00e9 le 14 ao\u00fbt 2025 19h16","modified":"Mise \u00e0 jour le 1 f\u00e9vrier 2026 16h52"},"featured_img_caption":"","tax_additional":{"product_brand":{"linked":[],"unlinked":[],"slug":"product_brand","name":"Marques"},"product_type":{"linked":["<a href=\"https:\/\/www.praktivak.be\/fr\/?taxonomy=product_type&#038;term=simple\" class=\"advgb-post-tax-term\">simple<\/a>"],"unlinked":["<span class=\"advgb-post-tax-term\">simple<\/span>"],"slug":"product_type","name":"Type de produit"},"product_visibility":{"linked":[],"unlinked":[],"slug":"product_visibility","name":"Visibilit\u00e9 du produit"},"product_cat":{"linked":["<a href=\"https:\/\/www.praktivak.be\/fr\/categorie-de-produit\/inrichtingen-fr\/pedicurestoelen-inrichtingen-fr\/\" class=\"advgb-post-tax-term\">Pedicurestoelen<\/a>"],"unlinked":["<span class=\"advgb-post-tax-term\">Pedicurestoelen<\/span>"],"slug":"product_cat","name":"Cat\u00e9gories de produits"},"product_tag":{"linked":[],"unlinked":[],"slug":"product_tag","name":"\u00c9tiquettes produit"},"product_shipping_class":{"linked":[],"unlinked":[],"slug":"product_shipping_class","name":"Classe d\u2019exp\u00e9dition du produit"},"pos_product_visibility":{"linked":[],"unlinked":[],"slug":"pos_product_visibility","name":"Visibilit\u00e9 du produit sur le point de vente"},"translation_priority":{"linked":[],"unlinked":[],"slug":"translation_priority","name":"Priorit\u00e9s de traduction"}},"series_order":"","_links":{"self":[{"href":"https:\/\/www.praktivak.be\/fr\/wp-json\/wp\/v2\/product\/162923","targetHints":{"allow":["GET"]}}],"collection":[{"href":"https:\/\/www.praktivak.be\/fr\/wp-json\/wp\/v2\/product"}],"about":[{"href":"https:\/\/www.praktivak.be\/fr\/wp-json\/wp\/v2\/types\/product"}],"version-history":[{"count":78,"href":"https:\/\/www.praktivak.be\/fr\/wp-json\/wp\/v2\/product\/162923\/revisions"}],"predecessor-version":[{"id":345261,"href":"https:\/\/www.praktivak.be\/fr\/wp-json\/wp\/v2\/product\/162923\/revisions\/345261"}],"wp:featuredmedia":[{"embeddable":true,"href":"https:\/\/www.praktivak.be\/fr\/wp-json\/wp\/v2\/media\/345254"}],"wp:attachment":[{"href":"https:\/\/www.praktivak.be\/fr\/wp-json\/wp\/v2\/media?parent=162923"}],"wp:term":[{"taxonomy":"product_brand","embeddable":true,"href":"https:\/\/www.praktivak.be\/fr\/wp-json\/wp\/v2\/product_brand?post=162923"},{"taxonomy":"product_cat","embeddable":true,"href":"https:\/\/www.praktivak.be\/fr\/wp-json\/wp\/v2\/product_cat?post=162923"},{"taxonomy":"product_tag","embeddable":true,"href":"https:\/\/www.praktivak.be\/fr\/wp-json\/wp\/v2\/product_tag?post=162923"}],"curies":[{"name":"wp","href":"https:\/\/api.w.org\/{rel}","templated":true}]}}