

{"id":162740,"date":"2025-08-14T19:09:32","date_gmt":"2025-08-14T17:09:32","guid":{"rendered":"https:\/\/www.praktivak.be\/product\/pdt-led-therapie\/"},"modified":"2026-03-30T15:48:30","modified_gmt":"2026-03-30T13:48:30","slug":"pdt-led-therapie","status":"publish","type":"product","link":"https:\/\/www.praktivak.be\/fr\/produit\/pdt-led-therapie\/","title":{"rendered":"PDT-LED therapie"},"content":{"rendered":"\n<p>\nPDT-LED behandelingen worden steeds vaker succesvol toegepast bij huidtherapie. De PDT-LED lichttherapie kan worden ingezet bij de behandeling van diverse huidproblemen en biedt ondersteuning bij diverse traditionele behandelingen. PDT-LED therapie stimuleert celvernieuwing en herstelprocessen.<\/p>\n<p>\nDe huidconditie wordt verbeterd. Een gezonde en frisse uitstraling is het gevolg<\/p>\n\n<p>\n7 kleuren licht therapie:<\/p>\n\n<p>\n1. Rood licht: golflengte van 635nm<\/p>\n<p>\nWerkt herstellend op huidbeschadigingen, gaat afvalstoffen afvoeren en bevordert het metabolisme van de huid. <\/p>\n<p>\nHet versnelt de bloedcirculatie, verhoogt de productie van collageen en zal de elasticiteit verbeteren waardoor rimpels ook verminderen. <\/p>\n\n<p>\n2. Groen licht: golflengte van 560nm<\/p>\n<p>\nGroen licht wordt o.a. gebruikt voor de behandeling de pigmentatie. Het werkt effectief op de reductie van melanine. Hierdoor vermindert overmatige pigmentatie en gaan we verkleuringen tegen. Ook werkt het kalmerend op een onrustige en gestreste huid. <\/p>\n\n<p>\n3. Blauw licht: golflengte van 415nm<\/p>\n<p>\nMet het blauwe licht werken we antiseptisch en doden we bacteri&euml;n. Het verkleint de pori&euml;n en verfrist de huid. Blauw licht werkt verminderend op puistjes, ontstekingen en pakt de bacterie aan die verantwoordelijk is voor ontstekingen in het gelaat. Kalmeert en vermindert roodheden ideaal bij rosacea en couperose.<\/p>\n\n<p>\n4. Paars licht: golflengte van 308nm<\/p>\n<p>\nvoor behandelen en herstellen van littekens na ontstekingen of puistjes in de huid. Heeft ook een herstellende werking op huid en slijmvliezen<\/p>\n\n<p>\n5. Geel licht: golflengte van 590 nm<\/p>\n<p>\nVoor ontwikkeld verouderde en\/of gevoelige huid<\/p>\n<p>\n. <\/p>\n<p>\nVerbetering van de zuurstofafwisseling in de cellen<\/p>\n<p>\n. <\/p>\n<p>\nBevordering van de lymfeafscheiding<\/p>\n<p>\n. <\/p>\n<p>\nStimuleert opname van Vitaminen uit producten. <\/p>\n<p>\nVermindert roodheid, irritatie, droogheid en werkt kalmerend.<\/p>\n\n<p>\n6. Oranje licht: golflengte 610nm<\/p>\n<p>\nBevordert de bloedcirculatie<\/p>\n<p>\n, versnelthet  huidmetabolisme<\/p>\n<p>\nen verhoogt de celenergie.<\/p>\n\n<p>\n7. Calcium supplementatie licht: 2 uvb lampen van 320nm  <\/p>\n<p>\nNa bestraling van de menselijke huid en door fotochemisch effect, kan het licht het 7-dehydrocholesterol van de huid versnellen en transformeren in cholecalciferol en de metabolische balans van calcium- en fosforionen verder verbeteren.  Dit heeft een positief effect op de botdichtheid, osteoporose, chondropathie en dysplasie.<\/p>\n\n<p>\nDit PDT-LED paneel kan ideaal worden gebruikt in combinatie met o.a.:<\/p>\n<p>\n&ndash; Fusion Glow<\/p>\n<p>\n&ndash; SkinStation Oxy+<\/p>\n<p>\n&ndash; Aqua-dermabrasie<\/p>\n<p>\n&ndash; Carboxyneo<\/p>\n\n","protected":false},"excerpt":{"rendered":"<p>PDT-LED behandelingen worden steeds vaker succesvol toegepast bij huidtherapie. De PDT-LED lichttherapie kan worden ingezet bij de behandeling van diverse huidproblemen en biedt ondersteuning bij diverse traditionele behandelingen. PDT-LED therapie stimuleert celvernieuwing en herstelprocessen. De huidconditie wordt verbeterd. Een gezonde en frisse uitstraling is het gevolg 7 kleuren licht therapie: 1. Rood licht: golflengte van &hellip; <\/p>\n<p class=\"link-more\"><a href=\"https:\/\/www.praktivak.be\/fr\/produit\/pdt-led-therapie\/\" class=\"more-link\">Continuer la lecture<span class=\"screen-reader-text\"> \u00ab\u00a0PDT-LED therapie\u00a0\u00bb<\/span><\/a><\/p>\n","protected":false},"author":1,"featured_media":300238,"template":"","meta":{"_acf_changed":false,"_relevanssi_hide_post":"","_relevanssi_hide_content":"","_relevanssi_pin_for_all":"","_relevanssi_pin_keywords":"","_relevanssi_unpin_keywords":"","_relevanssi_related_keywords":"","_relevanssi_related_include_ids":"","_relevanssi_related_exclude_ids":"","_relevanssi_related_no_append":"","_relevanssi_related_not_related":"","_relevanssi_related_posts":"","_relevanssi_noindex_reason":"","advgb_blocks_editor_width":"","advgb_blocks_columns_visual_guide":"","footnotes":""},"product_brand":[],"product_cat":[2139],"product_tag":[],"class_list":{"0":"post-162740","1":"product","2":"type-product","3":"status-publish","4":"has-post-thumbnail","6":"product_cat-led-therapie-specialistische-apparatuur-esthetische-apparatuur-fr","8":"first","9":"instock","10":"taxable","11":"shipping-taxable","12":"product-type-simple"},"acf":[],"yoast_head":"<!-- This site is optimized with the Yoast SEO plugin v27.2 - https:\/\/yoast.com\/product\/yoast-seo-wordpress\/ -->\n<title>PDT-LED therapie - Praktivak<\/title>\n<meta name=\"robots\" content=\"index, follow, max-snippet:-1, max-image-preview:large, max-video-preview:-1\" \/>\n<link rel=\"canonical\" href=\"https:\/\/www.praktivak.be\/fr\/produit\/pdt-led-therapie\/\" \/>\n<meta property=\"og:locale\" content=\"fr_FR\" \/>\n<meta property=\"og:type\" content=\"article\" \/>\n<meta property=\"og:title\" content=\"PDT-LED therapie - Praktivak\" \/>\n<meta property=\"og:description\" content=\"PDT-LED behandelingen worden steeds vaker succesvol toegepast bij huidtherapie. De PDT-LED lichttherapie kan worden ingezet bij de behandeling van diverse huidproblemen en biedt ondersteuning bij diverse traditionele behandelingen. PDT-LED therapie stimuleert celvernieuwing en herstelprocessen. De huidconditie wordt verbeterd. Een gezonde en frisse uitstraling is het gevolg 7 kleuren licht therapie: 1. Rood licht: golflengte van &hellip; Continuer la lecture &quot;PDT-LED therapie&quot;\" \/>\n<meta property=\"og:url\" content=\"https:\/\/www.praktivak.be\/fr\/produit\/pdt-led-therapie\/\" \/>\n<meta property=\"og:site_name\" content=\"Praktivak\" \/>\n<meta property=\"article:modified_time\" content=\"2026-03-30T13:48:30+00:00\" \/>\n<meta property=\"og:image\" content=\"https:\/\/www.praktivak.be\/wp-content\/uploads\/2025\/09\/190-19P-2.jpg\" \/>\n\t<meta property=\"og:image:width\" content=\"616\" \/>\n\t<meta property=\"og:image:height\" content=\"464\" \/>\n\t<meta property=\"og:image:type\" content=\"image\/jpeg\" \/>\n<meta name=\"twitter:card\" content=\"summary_large_image\" \/>\n<meta name=\"twitter:label1\" content=\"Dur\u00e9e de lecture estim\u00e9e\" \/>\n\t<meta name=\"twitter:data1\" content=\"2 minutes\" \/>\n<script type=\"application\/ld+json\" class=\"yoast-schema-graph\">{\"@context\":\"https:\/\/schema.org\",\"@graph\":[{\"@type\":\"WebPage\",\"@id\":\"https:\/\/www.praktivak.be\/fr\/produit\/pdt-led-therapie\/\",\"url\":\"https:\/\/www.praktivak.be\/fr\/produit\/pdt-led-therapie\/\",\"name\":\"PDT-LED therapie - Praktivak\",\"isPartOf\":{\"@id\":\"https:\/\/www.praktivak.be\/fr\/#website\"},\"primaryImageOfPage\":{\"@id\":\"https:\/\/www.praktivak.be\/fr\/produit\/pdt-led-therapie\/#primaryimage\"},\"image\":{\"@id\":\"https:\/\/www.praktivak.be\/fr\/produit\/pdt-led-therapie\/#primaryimage\"},\"thumbnailUrl\":\"https:\/\/www.praktivak.be\/wp-content\/uploads\/2025\/09\/190-19P-2.jpg\",\"datePublished\":\"2025-08-14T17:09:32+00:00\",\"dateModified\":\"2026-03-30T13:48:30+00:00\",\"breadcrumb\":{\"@id\":\"https:\/\/www.praktivak.be\/fr\/produit\/pdt-led-therapie\/#breadcrumb\"},\"inLanguage\":\"fr-FR\",\"potentialAction\":[{\"@type\":\"ReadAction\",\"target\":[\"https:\/\/www.praktivak.be\/fr\/produit\/pdt-led-therapie\/\"]}]},{\"@type\":\"ImageObject\",\"inLanguage\":\"fr-FR\",\"@id\":\"https:\/\/www.praktivak.be\/fr\/produit\/pdt-led-therapie\/#primaryimage\",\"url\":\"https:\/\/www.praktivak.be\/wp-content\/uploads\/2025\/09\/190-19P-2.jpg\",\"contentUrl\":\"https:\/\/www.praktivak.be\/wp-content\/uploads\/2025\/09\/190-19P-2.jpg\",\"width\":616,\"height\":464},{\"@type\":\"BreadcrumbList\",\"@id\":\"https:\/\/www.praktivak.be\/fr\/produit\/pdt-led-therapie\/#breadcrumb\",\"itemListElement\":[{\"@type\":\"ListItem\",\"position\":1,\"name\":\"Home\",\"item\":\"https:\/\/www.praktivak.be\/fr\/\"},{\"@type\":\"ListItem\",\"position\":2,\"name\":\"Boutique\",\"item\":\"https:\/\/www.praktivak.be\/fr\/boutique\/\"},{\"@type\":\"ListItem\",\"position\":3,\"name\":\"PDT-LED therapie\"}]},{\"@type\":\"WebSite\",\"@id\":\"https:\/\/www.praktivak.be\/fr\/#website\",\"url\":\"https:\/\/www.praktivak.be\/fr\/\",\"name\":\"Praktivak\",\"description\":\"\",\"publisher\":{\"@id\":\"https:\/\/www.praktivak.be\/fr\/#organization\"},\"potentialAction\":[{\"@type\":\"SearchAction\",\"target\":{\"@type\":\"EntryPoint\",\"urlTemplate\":\"https:\/\/www.praktivak.be\/fr\/?s={search_term_string}\"},\"query-input\":{\"@type\":\"PropertyValueSpecification\",\"valueRequired\":true,\"valueName\":\"search_term_string\"}}],\"inLanguage\":\"fr-FR\"},{\"@type\":\"Organization\",\"@id\":\"https:\/\/www.praktivak.be\/fr\/#organization\",\"name\":\"Praktivak\",\"url\":\"https:\/\/www.praktivak.be\/fr\/\",\"logo\":{\"@type\":\"ImageObject\",\"inLanguage\":\"fr-FR\",\"@id\":\"https:\/\/www.praktivak.be\/fr\/#\/schema\/logo\/image\/\",\"url\":\"https:\/\/www.praktivak.be\/wp-content\/uploads\/2024\/09\/Logo.png\",\"contentUrl\":\"https:\/\/www.praktivak.be\/wp-content\/uploads\/2024\/09\/Logo.png\",\"width\":1774,\"height\":337,\"caption\":\"Praktivak\"},\"image\":{\"@id\":\"https:\/\/www.praktivak.be\/fr\/#\/schema\/logo\/image\/\"}}]}<\/script>\n<!-- \/ Yoast SEO plugin. -->","yoast_head_json":{"title":"PDT-LED therapie - Praktivak","robots":{"index":"index","follow":"follow","max-snippet":"max-snippet:-1","max-image-preview":"max-image-preview:large","max-video-preview":"max-video-preview:-1"},"canonical":"https:\/\/www.praktivak.be\/fr\/produit\/pdt-led-therapie\/","og_locale":"fr_FR","og_type":"article","og_title":"PDT-LED therapie - Praktivak","og_description":"PDT-LED behandelingen worden steeds vaker succesvol toegepast bij huidtherapie. De PDT-LED lichttherapie kan worden ingezet bij de behandeling van diverse huidproblemen en biedt ondersteuning bij diverse traditionele behandelingen. PDT-LED therapie stimuleert celvernieuwing en herstelprocessen. De huidconditie wordt verbeterd. Een gezonde en frisse uitstraling is het gevolg 7 kleuren licht therapie: 1. Rood licht: golflengte van &hellip; Continuer la lecture \"PDT-LED therapie\"","og_url":"https:\/\/www.praktivak.be\/fr\/produit\/pdt-led-therapie\/","og_site_name":"Praktivak","article_modified_time":"2026-03-30T13:48:30+00:00","og_image":[{"width":616,"height":464,"url":"https:\/\/www.praktivak.be\/wp-content\/uploads\/2025\/09\/190-19P-2.jpg","type":"image\/jpeg"}],"twitter_card":"summary_large_image","twitter_misc":{"Dur\u00e9e de lecture estim\u00e9e":"2 minutes"},"schema":{"@context":"https:\/\/schema.org","@graph":[{"@type":"WebPage","@id":"https:\/\/www.praktivak.be\/fr\/produit\/pdt-led-therapie\/","url":"https:\/\/www.praktivak.be\/fr\/produit\/pdt-led-therapie\/","name":"PDT-LED therapie - Praktivak","isPartOf":{"@id":"https:\/\/www.praktivak.be\/fr\/#website"},"primaryImageOfPage":{"@id":"https:\/\/www.praktivak.be\/fr\/produit\/pdt-led-therapie\/#primaryimage"},"image":{"@id":"https:\/\/www.praktivak.be\/fr\/produit\/pdt-led-therapie\/#primaryimage"},"thumbnailUrl":"https:\/\/www.praktivak.be\/wp-content\/uploads\/2025\/09\/190-19P-2.jpg","datePublished":"2025-08-14T17:09:32+00:00","dateModified":"2026-03-30T13:48:30+00:00","breadcrumb":{"@id":"https:\/\/www.praktivak.be\/fr\/produit\/pdt-led-therapie\/#breadcrumb"},"inLanguage":"fr-FR","potentialAction":[{"@type":"ReadAction","target":["https:\/\/www.praktivak.be\/fr\/produit\/pdt-led-therapie\/"]}]},{"@type":"ImageObject","inLanguage":"fr-FR","@id":"https:\/\/www.praktivak.be\/fr\/produit\/pdt-led-therapie\/#primaryimage","url":"https:\/\/www.praktivak.be\/wp-content\/uploads\/2025\/09\/190-19P-2.jpg","contentUrl":"https:\/\/www.praktivak.be\/wp-content\/uploads\/2025\/09\/190-19P-2.jpg","width":616,"height":464},{"@type":"BreadcrumbList","@id":"https:\/\/www.praktivak.be\/fr\/produit\/pdt-led-therapie\/#breadcrumb","itemListElement":[{"@type":"ListItem","position":1,"name":"Home","item":"https:\/\/www.praktivak.be\/fr\/"},{"@type":"ListItem","position":2,"name":"Boutique","item":"https:\/\/www.praktivak.be\/fr\/boutique\/"},{"@type":"ListItem","position":3,"name":"PDT-LED therapie"}]},{"@type":"WebSite","@id":"https:\/\/www.praktivak.be\/fr\/#website","url":"https:\/\/www.praktivak.be\/fr\/","name":"Praktivak","description":"","publisher":{"@id":"https:\/\/www.praktivak.be\/fr\/#organization"},"potentialAction":[{"@type":"SearchAction","target":{"@type":"EntryPoint","urlTemplate":"https:\/\/www.praktivak.be\/fr\/?s={search_term_string}"},"query-input":{"@type":"PropertyValueSpecification","valueRequired":true,"valueName":"search_term_string"}}],"inLanguage":"fr-FR"},{"@type":"Organization","@id":"https:\/\/www.praktivak.be\/fr\/#organization","name":"Praktivak","url":"https:\/\/www.praktivak.be\/fr\/","logo":{"@type":"ImageObject","inLanguage":"fr-FR","@id":"https:\/\/www.praktivak.be\/fr\/#\/schema\/logo\/image\/","url":"https:\/\/www.praktivak.be\/wp-content\/uploads\/2024\/09\/Logo.png","contentUrl":"https:\/\/www.praktivak.be\/wp-content\/uploads\/2024\/09\/Logo.png","width":1774,"height":337,"caption":"Praktivak"},"image":{"@id":"https:\/\/www.praktivak.be\/fr\/#\/schema\/logo\/image\/"}}]}},"featured_img":"https:\/\/www.praktivak.be\/wp-content\/uploads\/2025\/09\/190-19P-2.jpg","coauthors":[],"author_meta":{"author_link":"https:\/\/www.praktivak.be\/fr\/author\/madeit\/","display_name":"Tjebbe Lievens"},"relative_dates":{"created":"Publi\u00e9 8 mois il y a","modified":"Mis \u00e0 jour 2 semaines il y a"},"absolute_dates":{"created":"Publi\u00e9 le 14 ao\u00fbt 2025","modified":"Mise \u00e0 jour le 30 mars 2026"},"absolute_dates_time":{"created":"Publi\u00e9 le 14 ao\u00fbt 2025 19h09","modified":"Mise \u00e0 jour le 30 mars 2026 15h48"},"featured_img_caption":"","tax_additional":{"product_brand":{"linked":[],"unlinked":[],"slug":"product_brand","name":"Marques"},"product_type":{"linked":["<a href=\"https:\/\/www.praktivak.be\/fr\/?taxonomy=product_type&#038;term=simple\" class=\"advgb-post-tax-term\">simple<\/a>"],"unlinked":["<span class=\"advgb-post-tax-term\">simple<\/span>"],"slug":"product_type","name":"Type de produit"},"product_visibility":{"linked":[],"unlinked":[],"slug":"product_visibility","name":"Visibilit\u00e9 du produit"},"product_cat":{"linked":["<a href=\"https:\/\/www.praktivak.be\/fr\/categorie-de-produit\/esthetische-apparatuur-fr\/specialistische-apparatuur-esthetische-apparatuur-fr\/led-therapie-specialistische-apparatuur-esthetische-apparatuur-fr\/\" class=\"advgb-post-tax-term\">LED th\u00e9rapie<\/a>"],"unlinked":["<span class=\"advgb-post-tax-term\">LED th\u00e9rapie<\/span>"],"slug":"product_cat","name":"Cat\u00e9gories de produits"},"product_tag":{"linked":[],"unlinked":[],"slug":"product_tag","name":"\u00c9tiquettes produit"},"product_shipping_class":{"linked":[],"unlinked":[],"slug":"product_shipping_class","name":"Classe d\u2019exp\u00e9dition du produit"},"pos_product_visibility":{"linked":[],"unlinked":[],"slug":"pos_product_visibility","name":"Visibilit\u00e9 du produit sur le point de vente"},"translation_priority":{"linked":[],"unlinked":[],"slug":"translation_priority","name":"Priorit\u00e9s de traduction"}},"series_order":"","_links":{"self":[{"href":"https:\/\/www.praktivak.be\/fr\/wp-json\/wp\/v2\/product\/162740","targetHints":{"allow":["GET"]}}],"collection":[{"href":"https:\/\/www.praktivak.be\/fr\/wp-json\/wp\/v2\/product"}],"about":[{"href":"https:\/\/www.praktivak.be\/fr\/wp-json\/wp\/v2\/types\/product"}],"version-history":[{"count":297,"href":"https:\/\/www.praktivak.be\/fr\/wp-json\/wp\/v2\/product\/162740\/revisions"}],"predecessor-version":[{"id":354101,"href":"https:\/\/www.praktivak.be\/fr\/wp-json\/wp\/v2\/product\/162740\/revisions\/354101"}],"wp:featuredmedia":[{"embeddable":true,"href":"https:\/\/www.praktivak.be\/fr\/wp-json\/wp\/v2\/media\/300238"}],"wp:attachment":[{"href":"https:\/\/www.praktivak.be\/fr\/wp-json\/wp\/v2\/media?parent=162740"}],"wp:term":[{"taxonomy":"product_brand","embeddable":true,"href":"https:\/\/www.praktivak.be\/fr\/wp-json\/wp\/v2\/product_brand?post=162740"},{"taxonomy":"product_cat","embeddable":true,"href":"https:\/\/www.praktivak.be\/fr\/wp-json\/wp\/v2\/product_cat?post=162740"},{"taxonomy":"product_tag","embeddable":true,"href":"https:\/\/www.praktivak.be\/fr\/wp-json\/wp\/v2\/product_tag?post=162740"}],"curies":[{"name":"wp","href":"https:\/\/api.w.org\/{rel}","templated":true}]}}