

{"id":161578,"date":"2025-08-14T18:33:01","date_gmt":"2025-08-14T16:33:01","guid":{"rendered":"https:\/\/www.praktivak.be\/product\/meso-pro-apparaat-3-0\/"},"modified":"2026-02-17T17:56:49","modified_gmt":"2026-02-17T16:56:49","slug":"dispositif-mesopro-3-0","status":"publish","type":"product","link":"https:\/\/www.praktivak.be\/fr\/produit\/dispositif-mesopro-3-0\/","title":{"rendered":"Dispositif Mesopro 3.0"},"content":{"rendered":"\n<p>\nTechnologie allemande innovante pour une performance optimale et des excellents r&eacute;sultats.<\/p>\n<p>\n&#145;Made in Germany&#146;<\/p>\n\n<p>\nLes laboratoires de recherche de l&#146;innovateur allemand Unitronic ont travaill&eacute; dur pour d&eacute;velopper un nouveau dispositif efficace et abordable pour la m&eacute;soth&eacute;rapie sans aiguilles. Ce nouveau &eacute;quipement de haute technologie, mis au point dans une des entreprises de technologie les plus avanc&eacute;es en Allemagne, est maintenant pr&ecirc;t &agrave; &ecirc;tre mis en place. Des m&eacute;decins, th&eacute;rapeutes de la peau et esth&eacute;ticiennes peuvent utiliser ce nouveau dispositif pour atteindre une p&eacute;n&eacute;tration profonde directe de tous les types de pr&eacute;parations m&eacute;so tr&egrave;s concentr&eacute;es, sans injections.<\/p>\n\n<p>\nCe nouveau dispositif peut &ecirc;tre utilis&eacute; efficacement en combinaison avec des techniques de micro-aiguilletage tels que rouleaux de m&eacute;so et des appareils fractional needling.<\/p>\n\n<p>\nDans le domaine des soins de beaut&eacute; et esth&eacute;tiques m&eacute;soporation dermaceutique est actuellement une m&eacute;thode tr&egrave;s innovante et efficace pour introduire des ingr&eacute;dients m&eacute;so-actifs mol&eacute;culaires actives avec haut poids dans les couches profondes de la peau, sans endommager la peau.<\/p>\n\n<p>\nM&eacute;soporation est un proc&egrave;s d&#146;&eacute;lectrolocation. Impulsions &eacute;lectriques rapides cr&eacute;ent un champ de contraintes, permettant des canaux petites d&#146;ouvrir dans la peau pour une fraction de seconde. La capacit&eacute; d&#146;absorption de la peau est imm&eacute;diatement augment&eacute; cent fois, les produits peuvent p&eacute;n&eacute;trer compl&egrave;tement &agrave; travers la peau.<\/p>\n\n<p>\nL&#146;effet de p&eacute;n&eacute;tration de m&eacute;soporation est beaucoup plus profonde que les autres m&eacute;thodes, telles que l&#146;iontophor&egrave;se ou d&#146;ultrasons. R&eacute;sultats am&eacute;lior&eacute;s et des r&eacute;sultats plus durables, peuvent &ecirc;tre obtenus &agrave; l&#146;&eacute;gard de l&#146;efficacit&eacute; et de la p&eacute;n&eacute;tration. Les r&eacute;sultats sont souvent vu et ressenti apr&egrave;s le premier traitement.<\/p>\n\n<p>\nM&eacute;soporation est un processus absolument lisse et sans effets secondaires ind&eacute;sirables, comme aucuns dommage n&#146;est fait &agrave; la peau, comme sera le cas avec l&#146;utilisation d&#146;aiguilles (m&eacute;so-gun) dans la m&eacute;soth&eacute;rapie traditionnelle. Cela peut causer pas d&#146;effets secondaires ind&eacute;sirables, tels que des h&eacute;matomes et des ecchymoses et l&#146;enflure, tandis que les r&eacute;sultats sont similaires et parfois m&ecirc;me mieux avec Meso-Pro..<\/p>\n\n<p>\nProduits antivieillissement tr&egrave;s efficaces, tels que l&#146;acide hyaluronique, du collag&egrave;ne et des vitamines, qui sont introduits dans la cellule de la peau, fourniront un remplissage interne et un resserrement de la peau, de sorte que le teint est nettement plus ferme apr&egrave;s un seul traitement.<\/p>\n\n<p>\nMeso-Pro<\/p>\n<p>\n&ndash; r&eacute;duction des rides et ridules;<\/p>\n<p>\n&ndash; serrage et rajeunissement de la peau;<\/p>\n<p>\n&ndash; augmentation du volume de la peau;<\/p>\n<p>\n&ndash; pr&eacute;vention du vieillissement rapide de la peau;<\/p>\n<p>\n&ndash; r&eacute;sultats visibles et durables rapide.<\/p>\n\n<p>\nDomaines d&#146;application:<\/p>\n<p>\n&ndash; rajeunissement de la peau;<\/p>\n<p>\n&ndash; lissage;<\/p>\n<p>\n&ndash; pr&eacute;vention du vieillissement de la peau;<\/p>\n<p>\n&ndash; raffermissant;<\/p>\n<p>\n&ndash; stimulation de la peau.<\/p>\n\n","protected":false},"excerpt":{"rendered":"<p>Technologie allemande innovante pour une performance optimale et des excellents r&eacute;sultats. &#145;Made in Germany&#146; Les laboratoires de recherche de l&#146;innovateur allemand Unitronic ont travaill&eacute; dur pour d&eacute;velopper un nouveau dispositif efficace et abordable pour la m&eacute;soth&eacute;rapie sans aiguilles. Ce nouveau &eacute;quipement de haute technologie, mis au point dans une des entreprises de technologie les plus &hellip; <\/p>\n<p class=\"link-more\"><a href=\"https:\/\/www.praktivak.be\/fr\/produit\/dispositif-mesopro-3-0\/\" class=\"more-link\">Continuer la lecture<span class=\"screen-reader-text\"> \u00ab\u00a0Dispositif Mesopro 3.0\u00a0\u00bb<\/span><\/a><\/p>\n","protected":false},"author":1,"featured_media":300434,"template":"","meta":{"_acf_changed":false,"_relevanssi_hide_post":"","_relevanssi_hide_content":"","_relevanssi_pin_for_all":"","_relevanssi_pin_keywords":"","_relevanssi_unpin_keywords":"","_relevanssi_related_keywords":"","_relevanssi_related_include_ids":"","_relevanssi_related_exclude_ids":"","_relevanssi_related_no_append":"","_relevanssi_related_not_related":"","_relevanssi_related_posts":"","_relevanssi_noindex_reason":"","advgb_blocks_editor_width":"","advgb_blocks_columns_visual_guide":"","footnotes":""},"product_brand":[],"product_cat":[2171],"product_tag":[],"class_list":{"0":"post-161578","1":"product","2":"type-product","3":"status-publish","4":"has-post-thumbnail","6":"product_cat-apparatuur-mesotherapie-specialistische-apparatuur-esthetische-apparatuur-fr","8":"first","9":"instock","10":"taxable","11":"shipping-taxable","12":"product-type-simple"},"acf":[],"yoast_head":"<!-- This site is optimized with the Yoast SEO plugin v27.2 - https:\/\/yoast.com\/product\/yoast-seo-wordpress\/ -->\n<title>Dispositif Mesopro 3.0 - Praktivak<\/title>\n<meta name=\"robots\" content=\"index, follow, max-snippet:-1, max-image-preview:large, max-video-preview:-1\" \/>\n<link rel=\"canonical\" href=\"https:\/\/www.praktivak.be\/fr\/produit\/dispositif-mesopro-3-0\/\" \/>\n<meta property=\"og:locale\" content=\"fr_FR\" \/>\n<meta property=\"og:type\" content=\"article\" \/>\n<meta property=\"og:title\" content=\"Dispositif Mesopro 3.0 - Praktivak\" \/>\n<meta property=\"og:description\" content=\"Technologie allemande innovante pour une performance optimale et des excellents r&eacute;sultats. &#145;Made in Germany&#146; Les laboratoires de recherche de l&#146;innovateur allemand Unitronic ont travaill&eacute; dur pour d&eacute;velopper un nouveau dispositif efficace et abordable pour la m&eacute;soth&eacute;rapie sans aiguilles. Ce nouveau &eacute;quipement de haute technologie, mis au point dans une des entreprises de technologie les plus &hellip; Continuer la lecture &quot;Dispositif Mesopro 3.0&quot;\" \/>\n<meta property=\"og:url\" content=\"https:\/\/www.praktivak.be\/fr\/produit\/dispositif-mesopro-3-0\/\" \/>\n<meta property=\"og:site_name\" content=\"Praktivak\" \/>\n<meta property=\"article:modified_time\" content=\"2026-02-17T16:56:49+00:00\" \/>\n<meta property=\"og:image\" content=\"https:\/\/www.praktivak.be\/wp-content\/uploads\/2025\/09\/M10103-2.jpg\" \/>\n\t<meta property=\"og:image:width\" content=\"1000\" \/>\n\t<meta property=\"og:image:height\" content=\"995\" \/>\n\t<meta property=\"og:image:type\" content=\"image\/jpeg\" \/>\n<meta name=\"twitter:card\" content=\"summary_large_image\" \/>\n<meta name=\"twitter:label1\" content=\"Dur\u00e9e de lecture estim\u00e9e\" \/>\n\t<meta name=\"twitter:data1\" content=\"2 minutes\" \/>\n<script type=\"application\/ld+json\" class=\"yoast-schema-graph\">{\"@context\":\"https:\/\/schema.org\",\"@graph\":[{\"@type\":\"WebPage\",\"@id\":\"https:\/\/www.praktivak.be\/fr\/produit\/dispositif-mesopro-3-0\/\",\"url\":\"https:\/\/www.praktivak.be\/fr\/produit\/dispositif-mesopro-3-0\/\",\"name\":\"Dispositif Mesopro 3.0 - Praktivak\",\"isPartOf\":{\"@id\":\"https:\/\/www.praktivak.be\/fr\/#website\"},\"primaryImageOfPage\":{\"@id\":\"https:\/\/www.praktivak.be\/fr\/produit\/dispositif-mesopro-3-0\/#primaryimage\"},\"image\":{\"@id\":\"https:\/\/www.praktivak.be\/fr\/produit\/dispositif-mesopro-3-0\/#primaryimage\"},\"thumbnailUrl\":\"https:\/\/www.praktivak.be\/wp-content\/uploads\/2025\/09\/M10103-2.jpg\",\"datePublished\":\"2025-08-14T16:33:01+00:00\",\"dateModified\":\"2026-02-17T16:56:49+00:00\",\"breadcrumb\":{\"@id\":\"https:\/\/www.praktivak.be\/fr\/produit\/dispositif-mesopro-3-0\/#breadcrumb\"},\"inLanguage\":\"fr-FR\",\"potentialAction\":[{\"@type\":\"ReadAction\",\"target\":[\"https:\/\/www.praktivak.be\/fr\/produit\/dispositif-mesopro-3-0\/\"]}]},{\"@type\":\"ImageObject\",\"inLanguage\":\"fr-FR\",\"@id\":\"https:\/\/www.praktivak.be\/fr\/produit\/dispositif-mesopro-3-0\/#primaryimage\",\"url\":\"https:\/\/www.praktivak.be\/wp-content\/uploads\/2025\/09\/M10103-2.jpg\",\"contentUrl\":\"https:\/\/www.praktivak.be\/wp-content\/uploads\/2025\/09\/M10103-2.jpg\",\"width\":1000,\"height\":995},{\"@type\":\"BreadcrumbList\",\"@id\":\"https:\/\/www.praktivak.be\/fr\/produit\/dispositif-mesopro-3-0\/#breadcrumb\",\"itemListElement\":[{\"@type\":\"ListItem\",\"position\":1,\"name\":\"Home\",\"item\":\"https:\/\/www.praktivak.be\/fr\/\"},{\"@type\":\"ListItem\",\"position\":2,\"name\":\"Boutique\",\"item\":\"https:\/\/www.praktivak.be\/fr\/boutique\/\"},{\"@type\":\"ListItem\",\"position\":3,\"name\":\"Dispositif Mesopro 3.0\"}]},{\"@type\":\"WebSite\",\"@id\":\"https:\/\/www.praktivak.be\/fr\/#website\",\"url\":\"https:\/\/www.praktivak.be\/fr\/\",\"name\":\"Praktivak\",\"description\":\"\",\"publisher\":{\"@id\":\"https:\/\/www.praktivak.be\/fr\/#organization\"},\"potentialAction\":[{\"@type\":\"SearchAction\",\"target\":{\"@type\":\"EntryPoint\",\"urlTemplate\":\"https:\/\/www.praktivak.be\/fr\/?s={search_term_string}\"},\"query-input\":{\"@type\":\"PropertyValueSpecification\",\"valueRequired\":true,\"valueName\":\"search_term_string\"}}],\"inLanguage\":\"fr-FR\"},{\"@type\":\"Organization\",\"@id\":\"https:\/\/www.praktivak.be\/fr\/#organization\",\"name\":\"Praktivak\",\"url\":\"https:\/\/www.praktivak.be\/fr\/\",\"logo\":{\"@type\":\"ImageObject\",\"inLanguage\":\"fr-FR\",\"@id\":\"https:\/\/www.praktivak.be\/fr\/#\/schema\/logo\/image\/\",\"url\":\"https:\/\/www.praktivak.be\/wp-content\/uploads\/2024\/09\/Logo.png\",\"contentUrl\":\"https:\/\/www.praktivak.be\/wp-content\/uploads\/2024\/09\/Logo.png\",\"width\":1774,\"height\":337,\"caption\":\"Praktivak\"},\"image\":{\"@id\":\"https:\/\/www.praktivak.be\/fr\/#\/schema\/logo\/image\/\"}}]}<\/script>\n<!-- \/ Yoast SEO plugin. -->","yoast_head_json":{"title":"Dispositif Mesopro 3.0 - Praktivak","robots":{"index":"index","follow":"follow","max-snippet":"max-snippet:-1","max-image-preview":"max-image-preview:large","max-video-preview":"max-video-preview:-1"},"canonical":"https:\/\/www.praktivak.be\/fr\/produit\/dispositif-mesopro-3-0\/","og_locale":"fr_FR","og_type":"article","og_title":"Dispositif Mesopro 3.0 - Praktivak","og_description":"Technologie allemande innovante pour une performance optimale et des excellents r&eacute;sultats. &#145;Made in Germany&#146; Les laboratoires de recherche de l&#146;innovateur allemand Unitronic ont travaill&eacute; dur pour d&eacute;velopper un nouveau dispositif efficace et abordable pour la m&eacute;soth&eacute;rapie sans aiguilles. Ce nouveau &eacute;quipement de haute technologie, mis au point dans une des entreprises de technologie les plus &hellip; Continuer la lecture \"Dispositif Mesopro 3.0\"","og_url":"https:\/\/www.praktivak.be\/fr\/produit\/dispositif-mesopro-3-0\/","og_site_name":"Praktivak","article_modified_time":"2026-02-17T16:56:49+00:00","og_image":[{"width":1000,"height":995,"url":"https:\/\/www.praktivak.be\/wp-content\/uploads\/2025\/09\/M10103-2.jpg","type":"image\/jpeg"}],"twitter_card":"summary_large_image","twitter_misc":{"Dur\u00e9e de lecture estim\u00e9e":"2 minutes"},"schema":{"@context":"https:\/\/schema.org","@graph":[{"@type":"WebPage","@id":"https:\/\/www.praktivak.be\/fr\/produit\/dispositif-mesopro-3-0\/","url":"https:\/\/www.praktivak.be\/fr\/produit\/dispositif-mesopro-3-0\/","name":"Dispositif Mesopro 3.0 - Praktivak","isPartOf":{"@id":"https:\/\/www.praktivak.be\/fr\/#website"},"primaryImageOfPage":{"@id":"https:\/\/www.praktivak.be\/fr\/produit\/dispositif-mesopro-3-0\/#primaryimage"},"image":{"@id":"https:\/\/www.praktivak.be\/fr\/produit\/dispositif-mesopro-3-0\/#primaryimage"},"thumbnailUrl":"https:\/\/www.praktivak.be\/wp-content\/uploads\/2025\/09\/M10103-2.jpg","datePublished":"2025-08-14T16:33:01+00:00","dateModified":"2026-02-17T16:56:49+00:00","breadcrumb":{"@id":"https:\/\/www.praktivak.be\/fr\/produit\/dispositif-mesopro-3-0\/#breadcrumb"},"inLanguage":"fr-FR","potentialAction":[{"@type":"ReadAction","target":["https:\/\/www.praktivak.be\/fr\/produit\/dispositif-mesopro-3-0\/"]}]},{"@type":"ImageObject","inLanguage":"fr-FR","@id":"https:\/\/www.praktivak.be\/fr\/produit\/dispositif-mesopro-3-0\/#primaryimage","url":"https:\/\/www.praktivak.be\/wp-content\/uploads\/2025\/09\/M10103-2.jpg","contentUrl":"https:\/\/www.praktivak.be\/wp-content\/uploads\/2025\/09\/M10103-2.jpg","width":1000,"height":995},{"@type":"BreadcrumbList","@id":"https:\/\/www.praktivak.be\/fr\/produit\/dispositif-mesopro-3-0\/#breadcrumb","itemListElement":[{"@type":"ListItem","position":1,"name":"Home","item":"https:\/\/www.praktivak.be\/fr\/"},{"@type":"ListItem","position":2,"name":"Boutique","item":"https:\/\/www.praktivak.be\/fr\/boutique\/"},{"@type":"ListItem","position":3,"name":"Dispositif Mesopro 3.0"}]},{"@type":"WebSite","@id":"https:\/\/www.praktivak.be\/fr\/#website","url":"https:\/\/www.praktivak.be\/fr\/","name":"Praktivak","description":"","publisher":{"@id":"https:\/\/www.praktivak.be\/fr\/#organization"},"potentialAction":[{"@type":"SearchAction","target":{"@type":"EntryPoint","urlTemplate":"https:\/\/www.praktivak.be\/fr\/?s={search_term_string}"},"query-input":{"@type":"PropertyValueSpecification","valueRequired":true,"valueName":"search_term_string"}}],"inLanguage":"fr-FR"},{"@type":"Organization","@id":"https:\/\/www.praktivak.be\/fr\/#organization","name":"Praktivak","url":"https:\/\/www.praktivak.be\/fr\/","logo":{"@type":"ImageObject","inLanguage":"fr-FR","@id":"https:\/\/www.praktivak.be\/fr\/#\/schema\/logo\/image\/","url":"https:\/\/www.praktivak.be\/wp-content\/uploads\/2024\/09\/Logo.png","contentUrl":"https:\/\/www.praktivak.be\/wp-content\/uploads\/2024\/09\/Logo.png","width":1774,"height":337,"caption":"Praktivak"},"image":{"@id":"https:\/\/www.praktivak.be\/fr\/#\/schema\/logo\/image\/"}}]}},"featured_img":"https:\/\/www.praktivak.be\/wp-content\/uploads\/2025\/09\/M10103-2.jpg","coauthors":[],"author_meta":{"author_link":"https:\/\/www.praktivak.be\/fr\/author\/madeit\/","display_name":"Tjebbe Lievens"},"relative_dates":{"created":"Publi\u00e9 8 mois il y a","modified":"Mis \u00e0 jour 2 mois il y a"},"absolute_dates":{"created":"Publi\u00e9 le 14 ao\u00fbt 2025","modified":"Mise \u00e0 jour le 17 f\u00e9vrier 2026"},"absolute_dates_time":{"created":"Publi\u00e9 le 14 ao\u00fbt 2025 18h33","modified":"Mise \u00e0 jour le 17 f\u00e9vrier 2026 17h56"},"featured_img_caption":"","tax_additional":{"product_brand":{"linked":[],"unlinked":[],"slug":"product_brand","name":"Marques"},"product_type":{"linked":["<a href=\"https:\/\/www.praktivak.be\/fr\/?taxonomy=product_type&#038;term=simple\" class=\"advgb-post-tax-term\">simple<\/a>"],"unlinked":["<span class=\"advgb-post-tax-term\">simple<\/span>"],"slug":"product_type","name":"Type de produit"},"product_visibility":{"linked":[],"unlinked":[],"slug":"product_visibility","name":"Visibilit\u00e9 du produit"},"product_cat":{"linked":["<a href=\"https:\/\/www.praktivak.be\/fr\/categorie-de-produit\/esthetische-apparatuur-fr\/specialistische-apparatuur-esthetische-apparatuur-fr\/mesotherapie\/apparatuur-mesotherapie-specialistische-apparatuur-esthetische-apparatuur-fr\/\" class=\"advgb-post-tax-term\">Appareils<\/a>"],"unlinked":["<span class=\"advgb-post-tax-term\">Appareils<\/span>"],"slug":"product_cat","name":"Cat\u00e9gories de produits"},"product_tag":{"linked":[],"unlinked":[],"slug":"product_tag","name":"\u00c9tiquettes produit"},"product_shipping_class":{"linked":[],"unlinked":[],"slug":"product_shipping_class","name":"Classe d\u2019exp\u00e9dition du produit"},"pos_product_visibility":{"linked":[],"unlinked":[],"slug":"pos_product_visibility","name":"Visibilit\u00e9 du produit sur le point de vente"},"translation_priority":{"linked":[],"unlinked":[],"slug":"translation_priority","name":"Priorit\u00e9s de traduction"}},"series_order":"","_links":{"self":[{"href":"https:\/\/www.praktivak.be\/fr\/wp-json\/wp\/v2\/product\/161578","targetHints":{"allow":["GET"]}}],"collection":[{"href":"https:\/\/www.praktivak.be\/fr\/wp-json\/wp\/v2\/product"}],"about":[{"href":"https:\/\/www.praktivak.be\/fr\/wp-json\/wp\/v2\/types\/product"}],"version-history":[{"count":80,"href":"https:\/\/www.praktivak.be\/fr\/wp-json\/wp\/v2\/product\/161578\/revisions"}],"predecessor-version":[{"id":346401,"href":"https:\/\/www.praktivak.be\/fr\/wp-json\/wp\/v2\/product\/161578\/revisions\/346401"}],"wp:featuredmedia":[{"embeddable":true,"href":"https:\/\/www.praktivak.be\/fr\/wp-json\/wp\/v2\/media\/300434"}],"wp:attachment":[{"href":"https:\/\/www.praktivak.be\/fr\/wp-json\/wp\/v2\/media?parent=161578"}],"wp:term":[{"taxonomy":"product_brand","embeddable":true,"href":"https:\/\/www.praktivak.be\/fr\/wp-json\/wp\/v2\/product_brand?post=161578"},{"taxonomy":"product_cat","embeddable":true,"href":"https:\/\/www.praktivak.be\/fr\/wp-json\/wp\/v2\/product_cat?post=161578"},{"taxonomy":"product_tag","embeddable":true,"href":"https:\/\/www.praktivak.be\/fr\/wp-json\/wp\/v2\/product_tag?post=161578"}],"curies":[{"name":"wp","href":"https:\/\/api.w.org\/{rel}","templated":true}]}}