

{"id":161213,"date":"2025-08-14T18:22:43","date_gmt":"2025-08-14T16:22:43","guid":{"rendered":"https:\/\/www.praktivak.be\/product\/massagebank-quadra-4-motoren\/"},"modified":"2026-02-01T16:55:51","modified_gmt":"2026-02-01T15:55:51","slug":"table-de-massage-quadra-4-moteurs","status":"publish","type":"product","link":"https:\/\/www.praktivak.be\/fr\/produit\/table-de-massage-quadra-4-moteurs\/","title":{"rendered":"Table de massage Quadra 4 moteurs"},"content":{"rendered":"\n<p>\nTable de massage fabriqu&eacute;e en Italie. Dossier, hauteur et inclinaison de la partie des jambes ajustable gr&acirc;ce &agrave; des actionneurs &eacute;lectriques basse tension avec t&eacute;l&eacute;commande. &Eacute;quip&eacute; d&rsquo;un trou de visage et d&rsquo;un porte-rouleau.<\/p>\n\n<p>\nLe haut effet confort est fabriqu&eacute; en mousse double densit&eacute;, recouvert de cuir &eacute;cologique r&eacute;sistant au feu de classe M1<\/p>\n\n<p>\nLa base est en m&eacute;lamine et est &eacute;quip&eacute;e d&rsquo;un tiroir coulissant. Cette base est disponible en diff&eacute;rentes couleurs.<\/p>\n\n<p>\nRev&ecirc;tement disponible dans diff&eacute;rentes couleurs.<\/p>\n\n<p>\nOptions:<\/p>\n<p>\n&ndash; verwarming<\/p>\n<p>\n&ndash; commande au pied sans fil avec m&eacute;moire<\/p>\n<p>\n&ndash; matelas large et souple en mousse &agrave; m&eacute;moire de forme avec accoudoirs<\/p>\n\n<p>\nLongueur : 190 cm<\/p>\n<p>\nLargeur    :  70 cm<\/p>\n<p>\nHauteur   :  min. 63 cm \/ max. 103 cm<\/p>\n<p>\nPoids       : 131 kg<\/p>\n\n<p>\nMADE IN ITALY<\/p>\n\n<p>\n3 ans de garantie sur les moteurs<\/p>\n\n","protected":false},"excerpt":{"rendered":"<p>Table de massage fabriqu&eacute;e en Italie. Dossier, hauteur et inclinaison de la partie des jambes ajustable gr&acirc;ce &agrave; des actionneurs &eacute;lectriques basse tension avec t&eacute;l&eacute;commande. &Eacute;quip&eacute; d&rsquo;un trou de visage et d&rsquo;un porte-rouleau. Le haut effet confort est fabriqu&eacute; en mousse double densit&eacute;, recouvert de cuir &eacute;cologique r&eacute;sistant au feu de classe M1 La base &hellip; <\/p>\n<p class=\"link-more\"><a href=\"https:\/\/www.praktivak.be\/fr\/produit\/table-de-massage-quadra-4-moteurs\/\" class=\"more-link\">Continuer la lecture<span class=\"screen-reader-text\"> \u00ab\u00a0Table de massage Quadra 4 moteurs\u00a0\u00bb<\/span><\/a><\/p>\n","protected":false},"author":1,"featured_media":345735,"template":"","meta":{"_acf_changed":false,"_relevanssi_hide_post":"","_relevanssi_hide_content":"","_relevanssi_pin_for_all":"","_relevanssi_pin_keywords":"","_relevanssi_unpin_keywords":"","_relevanssi_related_keywords":"","_relevanssi_related_include_ids":"","_relevanssi_related_exclude_ids":"","_relevanssi_related_no_append":"","_relevanssi_related_not_related":"","_relevanssi_related_posts":"","_relevanssi_noindex_reason":"","advgb_blocks_editor_width":"","advgb_blocks_columns_visual_guide":"","footnotes":""},"product_brand":[],"product_cat":[2062,2081],"product_tag":[],"class_list":{"0":"post-161213","1":"product","2":"type-product","3":"status-publish","4":"has-post-thumbnail","6":"product_cat-premium-line-italiaans-design-inrichtingen-fr","7":"product_cat-massagebanken-inrichtingen-fr","9":"first","10":"instock","11":"taxable","12":"shipping-taxable","13":"product-type-simple"},"acf":[],"yoast_head":"<!-- This site is optimized with the Yoast SEO plugin v27.2 - https:\/\/yoast.com\/product\/yoast-seo-wordpress\/ -->\n<title>Table de massage Quadra 4 moteurs - Praktivak<\/title>\n<meta name=\"robots\" content=\"index, follow, max-snippet:-1, max-image-preview:large, max-video-preview:-1\" \/>\n<link rel=\"canonical\" href=\"https:\/\/www.praktivak.be\/fr\/produit\/table-de-massage-quadra-4-moteurs\/\" \/>\n<meta property=\"og:locale\" content=\"fr_FR\" \/>\n<meta property=\"og:type\" content=\"article\" \/>\n<meta property=\"og:title\" content=\"Table de massage Quadra 4 moteurs - Praktivak\" \/>\n<meta property=\"og:description\" content=\"Table de massage fabriqu&eacute;e en Italie. Dossier, hauteur et inclinaison de la partie des jambes ajustable gr&acirc;ce &agrave; des actionneurs &eacute;lectriques basse tension avec t&eacute;l&eacute;commande. &Eacute;quip&eacute; d&rsquo;un trou de visage et d&rsquo;un porte-rouleau. Le haut effet confort est fabriqu&eacute; en mousse double densit&eacute;, recouvert de cuir &eacute;cologique r&eacute;sistant au feu de classe M1 La base &hellip; Continuer la lecture &quot;Table de massage Quadra 4 moteurs&quot;\" \/>\n<meta property=\"og:url\" content=\"https:\/\/www.praktivak.be\/fr\/produit\/table-de-massage-quadra-4-moteurs\/\" \/>\n<meta property=\"og:site_name\" content=\"Praktivak\" \/>\n<meta property=\"article:modified_time\" content=\"2026-02-01T15:55:51+00:00\" \/>\n<meta property=\"og:image\" content=\"https:\/\/www.praktivak.be\/wp-content\/uploads\/2026\/02\/LSA51-1-scaled.webp\" \/>\n\t<meta property=\"og:image:width\" content=\"2560\" \/>\n\t<meta property=\"og:image:height\" content=\"1475\" \/>\n\t<meta property=\"og:image:type\" content=\"image\/webp\" \/>\n<meta name=\"twitter:card\" content=\"summary_large_image\" \/>\n<meta name=\"twitter:label1\" content=\"Dur\u00e9e de lecture estim\u00e9e\" \/>\n\t<meta name=\"twitter:data1\" content=\"1 minute\" \/>\n<script type=\"application\/ld+json\" class=\"yoast-schema-graph\">{\"@context\":\"https:\/\/schema.org\",\"@graph\":[{\"@type\":\"WebPage\",\"@id\":\"https:\/\/www.praktivak.be\/fr\/produit\/table-de-massage-quadra-4-moteurs\/\",\"url\":\"https:\/\/www.praktivak.be\/fr\/produit\/table-de-massage-quadra-4-moteurs\/\",\"name\":\"Table de massage Quadra 4 moteurs - Praktivak\",\"isPartOf\":{\"@id\":\"https:\/\/www.praktivak.be\/fr\/#website\"},\"primaryImageOfPage\":{\"@id\":\"https:\/\/www.praktivak.be\/fr\/produit\/table-de-massage-quadra-4-moteurs\/#primaryimage\"},\"image\":{\"@id\":\"https:\/\/www.praktivak.be\/fr\/produit\/table-de-massage-quadra-4-moteurs\/#primaryimage\"},\"thumbnailUrl\":\"https:\/\/www.praktivak.be\/wp-content\/uploads\/2026\/02\/LSA51-1-scaled.webp\",\"datePublished\":\"2025-08-14T16:22:43+00:00\",\"dateModified\":\"2026-02-01T15:55:51+00:00\",\"breadcrumb\":{\"@id\":\"https:\/\/www.praktivak.be\/fr\/produit\/table-de-massage-quadra-4-moteurs\/#breadcrumb\"},\"inLanguage\":\"fr-FR\",\"potentialAction\":[{\"@type\":\"ReadAction\",\"target\":[\"https:\/\/www.praktivak.be\/fr\/produit\/table-de-massage-quadra-4-moteurs\/\"]}]},{\"@type\":\"ImageObject\",\"inLanguage\":\"fr-FR\",\"@id\":\"https:\/\/www.praktivak.be\/fr\/produit\/table-de-massage-quadra-4-moteurs\/#primaryimage\",\"url\":\"https:\/\/www.praktivak.be\/wp-content\/uploads\/2026\/02\/LSA51-1-scaled.webp\",\"contentUrl\":\"https:\/\/www.praktivak.be\/wp-content\/uploads\/2026\/02\/LSA51-1-scaled.webp\",\"width\":2560,\"height\":1475,\"caption\":\"Massagebank Quadra 4 motoren\"},{\"@type\":\"BreadcrumbList\",\"@id\":\"https:\/\/www.praktivak.be\/fr\/produit\/table-de-massage-quadra-4-moteurs\/#breadcrumb\",\"itemListElement\":[{\"@type\":\"ListItem\",\"position\":1,\"name\":\"Home\",\"item\":\"https:\/\/www.praktivak.be\/fr\/\"},{\"@type\":\"ListItem\",\"position\":2,\"name\":\"Boutique\",\"item\":\"https:\/\/www.praktivak.be\/fr\/boutique\/\"},{\"@type\":\"ListItem\",\"position\":3,\"name\":\"Table de massage Quadra 4 moteurs\"}]},{\"@type\":\"WebSite\",\"@id\":\"https:\/\/www.praktivak.be\/fr\/#website\",\"url\":\"https:\/\/www.praktivak.be\/fr\/\",\"name\":\"Praktivak\",\"description\":\"\",\"publisher\":{\"@id\":\"https:\/\/www.praktivak.be\/fr\/#organization\"},\"potentialAction\":[{\"@type\":\"SearchAction\",\"target\":{\"@type\":\"EntryPoint\",\"urlTemplate\":\"https:\/\/www.praktivak.be\/fr\/?s={search_term_string}\"},\"query-input\":{\"@type\":\"PropertyValueSpecification\",\"valueRequired\":true,\"valueName\":\"search_term_string\"}}],\"inLanguage\":\"fr-FR\"},{\"@type\":\"Organization\",\"@id\":\"https:\/\/www.praktivak.be\/fr\/#organization\",\"name\":\"Praktivak\",\"url\":\"https:\/\/www.praktivak.be\/fr\/\",\"logo\":{\"@type\":\"ImageObject\",\"inLanguage\":\"fr-FR\",\"@id\":\"https:\/\/www.praktivak.be\/fr\/#\/schema\/logo\/image\/\",\"url\":\"https:\/\/www.praktivak.be\/wp-content\/uploads\/2024\/09\/Logo.png\",\"contentUrl\":\"https:\/\/www.praktivak.be\/wp-content\/uploads\/2024\/09\/Logo.png\",\"width\":1774,\"height\":337,\"caption\":\"Praktivak\"},\"image\":{\"@id\":\"https:\/\/www.praktivak.be\/fr\/#\/schema\/logo\/image\/\"}}]}<\/script>\n<!-- \/ Yoast SEO plugin. -->","yoast_head_json":{"title":"Table de massage Quadra 4 moteurs - Praktivak","robots":{"index":"index","follow":"follow","max-snippet":"max-snippet:-1","max-image-preview":"max-image-preview:large","max-video-preview":"max-video-preview:-1"},"canonical":"https:\/\/www.praktivak.be\/fr\/produit\/table-de-massage-quadra-4-moteurs\/","og_locale":"fr_FR","og_type":"article","og_title":"Table de massage Quadra 4 moteurs - Praktivak","og_description":"Table de massage fabriqu&eacute;e en Italie. Dossier, hauteur et inclinaison de la partie des jambes ajustable gr&acirc;ce &agrave; des actionneurs &eacute;lectriques basse tension avec t&eacute;l&eacute;commande. &Eacute;quip&eacute; d&rsquo;un trou de visage et d&rsquo;un porte-rouleau. Le haut effet confort est fabriqu&eacute; en mousse double densit&eacute;, recouvert de cuir &eacute;cologique r&eacute;sistant au feu de classe M1 La base &hellip; Continuer la lecture \"Table de massage Quadra 4 moteurs\"","og_url":"https:\/\/www.praktivak.be\/fr\/produit\/table-de-massage-quadra-4-moteurs\/","og_site_name":"Praktivak","article_modified_time":"2026-02-01T15:55:51+00:00","og_image":[{"width":2560,"height":1475,"url":"https:\/\/www.praktivak.be\/wp-content\/uploads\/2026\/02\/LSA51-1-scaled.webp","type":"image\/webp"}],"twitter_card":"summary_large_image","twitter_misc":{"Dur\u00e9e de lecture estim\u00e9e":"1 minute"},"schema":{"@context":"https:\/\/schema.org","@graph":[{"@type":"WebPage","@id":"https:\/\/www.praktivak.be\/fr\/produit\/table-de-massage-quadra-4-moteurs\/","url":"https:\/\/www.praktivak.be\/fr\/produit\/table-de-massage-quadra-4-moteurs\/","name":"Table de massage Quadra 4 moteurs - Praktivak","isPartOf":{"@id":"https:\/\/www.praktivak.be\/fr\/#website"},"primaryImageOfPage":{"@id":"https:\/\/www.praktivak.be\/fr\/produit\/table-de-massage-quadra-4-moteurs\/#primaryimage"},"image":{"@id":"https:\/\/www.praktivak.be\/fr\/produit\/table-de-massage-quadra-4-moteurs\/#primaryimage"},"thumbnailUrl":"https:\/\/www.praktivak.be\/wp-content\/uploads\/2026\/02\/LSA51-1-scaled.webp","datePublished":"2025-08-14T16:22:43+00:00","dateModified":"2026-02-01T15:55:51+00:00","breadcrumb":{"@id":"https:\/\/www.praktivak.be\/fr\/produit\/table-de-massage-quadra-4-moteurs\/#breadcrumb"},"inLanguage":"fr-FR","potentialAction":[{"@type":"ReadAction","target":["https:\/\/www.praktivak.be\/fr\/produit\/table-de-massage-quadra-4-moteurs\/"]}]},{"@type":"ImageObject","inLanguage":"fr-FR","@id":"https:\/\/www.praktivak.be\/fr\/produit\/table-de-massage-quadra-4-moteurs\/#primaryimage","url":"https:\/\/www.praktivak.be\/wp-content\/uploads\/2026\/02\/LSA51-1-scaled.webp","contentUrl":"https:\/\/www.praktivak.be\/wp-content\/uploads\/2026\/02\/LSA51-1-scaled.webp","width":2560,"height":1475,"caption":"Massagebank Quadra 4 motoren"},{"@type":"BreadcrumbList","@id":"https:\/\/www.praktivak.be\/fr\/produit\/table-de-massage-quadra-4-moteurs\/#breadcrumb","itemListElement":[{"@type":"ListItem","position":1,"name":"Home","item":"https:\/\/www.praktivak.be\/fr\/"},{"@type":"ListItem","position":2,"name":"Boutique","item":"https:\/\/www.praktivak.be\/fr\/boutique\/"},{"@type":"ListItem","position":3,"name":"Table de massage Quadra 4 moteurs"}]},{"@type":"WebSite","@id":"https:\/\/www.praktivak.be\/fr\/#website","url":"https:\/\/www.praktivak.be\/fr\/","name":"Praktivak","description":"","publisher":{"@id":"https:\/\/www.praktivak.be\/fr\/#organization"},"potentialAction":[{"@type":"SearchAction","target":{"@type":"EntryPoint","urlTemplate":"https:\/\/www.praktivak.be\/fr\/?s={search_term_string}"},"query-input":{"@type":"PropertyValueSpecification","valueRequired":true,"valueName":"search_term_string"}}],"inLanguage":"fr-FR"},{"@type":"Organization","@id":"https:\/\/www.praktivak.be\/fr\/#organization","name":"Praktivak","url":"https:\/\/www.praktivak.be\/fr\/","logo":{"@type":"ImageObject","inLanguage":"fr-FR","@id":"https:\/\/www.praktivak.be\/fr\/#\/schema\/logo\/image\/","url":"https:\/\/www.praktivak.be\/wp-content\/uploads\/2024\/09\/Logo.png","contentUrl":"https:\/\/www.praktivak.be\/wp-content\/uploads\/2024\/09\/Logo.png","width":1774,"height":337,"caption":"Praktivak"},"image":{"@id":"https:\/\/www.praktivak.be\/fr\/#\/schema\/logo\/image\/"}}]}},"featured_img":"https:\/\/www.praktivak.be\/wp-content\/uploads\/2026\/02\/LSA51-1-scaled.webp","coauthors":[],"author_meta":{"author_link":"https:\/\/www.praktivak.be\/fr\/author\/madeit\/","display_name":"Tjebbe Lievens"},"relative_dates":{"created":"Publi\u00e9 8 mois il y a","modified":"Mis \u00e0 jour 2 mois il y a"},"absolute_dates":{"created":"Publi\u00e9 le 14 ao\u00fbt 2025","modified":"Mise \u00e0 jour le 1 f\u00e9vrier 2026"},"absolute_dates_time":{"created":"Publi\u00e9 le 14 ao\u00fbt 2025 18h22","modified":"Mise \u00e0 jour le 1 f\u00e9vrier 2026 16h55"},"featured_img_caption":"","tax_additional":{"product_brand":{"linked":[],"unlinked":[],"slug":"product_brand","name":"Marques"},"product_type":{"linked":["<a href=\"https:\/\/www.praktivak.be\/fr\/?taxonomy=product_type&#038;term=simple\" class=\"advgb-post-tax-term\">simple<\/a>"],"unlinked":["<span class=\"advgb-post-tax-term\">simple<\/span>"],"slug":"product_type","name":"Type de produit"},"product_visibility":{"linked":[],"unlinked":[],"slug":"product_visibility","name":"Visibilit\u00e9 du produit"},"product_cat":{"linked":["<a href=\"https:\/\/www.praktivak.be\/fr\/categorie-de-produit\/inrichtingen-fr\/premium-line-italiaans-design-inrichtingen-fr\/\" class=\"advgb-post-tax-term\">Premium Line \u2013 design italien<\/a>","<a href=\"https:\/\/www.praktivak.be\/fr\/categorie-de-produit\/inrichtingen-fr\/massagebanken-inrichtingen-fr\/\" class=\"advgb-post-tax-term\">Tables de massage<\/a>"],"unlinked":["<span class=\"advgb-post-tax-term\">Premium Line \u2013 design italien<\/span>","<span class=\"advgb-post-tax-term\">Tables de massage<\/span>"],"slug":"product_cat","name":"Cat\u00e9gories de produits"},"product_tag":{"linked":[],"unlinked":[],"slug":"product_tag","name":"\u00c9tiquettes produit"},"product_shipping_class":{"linked":[],"unlinked":[],"slug":"product_shipping_class","name":"Classe d\u2019exp\u00e9dition du produit"},"pos_product_visibility":{"linked":[],"unlinked":[],"slug":"pos_product_visibility","name":"Visibilit\u00e9 du produit sur le point de vente"},"translation_priority":{"linked":[],"unlinked":[],"slug":"translation_priority","name":"Priorit\u00e9s de traduction"}},"series_order":"","_links":{"self":[{"href":"https:\/\/www.praktivak.be\/fr\/wp-json\/wp\/v2\/product\/161213","targetHints":{"allow":["GET"]}}],"collection":[{"href":"https:\/\/www.praktivak.be\/fr\/wp-json\/wp\/v2\/product"}],"about":[{"href":"https:\/\/www.praktivak.be\/fr\/wp-json\/wp\/v2\/types\/product"}],"version-history":[{"count":98,"href":"https:\/\/www.praktivak.be\/fr\/wp-json\/wp\/v2\/product\/161213\/revisions"}],"predecessor-version":[{"id":345809,"href":"https:\/\/www.praktivak.be\/fr\/wp-json\/wp\/v2\/product\/161213\/revisions\/345809"}],"wp:featuredmedia":[{"embeddable":true,"href":"https:\/\/www.praktivak.be\/fr\/wp-json\/wp\/v2\/media\/345735"}],"wp:attachment":[{"href":"https:\/\/www.praktivak.be\/fr\/wp-json\/wp\/v2\/media?parent=161213"}],"wp:term":[{"taxonomy":"product_brand","embeddable":true,"href":"https:\/\/www.praktivak.be\/fr\/wp-json\/wp\/v2\/product_brand?post=161213"},{"taxonomy":"product_cat","embeddable":true,"href":"https:\/\/www.praktivak.be\/fr\/wp-json\/wp\/v2\/product_cat?post=161213"},{"taxonomy":"product_tag","embeddable":true,"href":"https:\/\/www.praktivak.be\/fr\/wp-json\/wp\/v2\/product_tag?post=161213"}],"curies":[{"name":"wp","href":"https:\/\/api.w.org\/{rel}","templated":true}]}}