

{"id":161193,"date":"2025-08-14T18:22:26","date_gmt":"2025-08-14T16:22:26","guid":{"rendered":"https:\/\/www.praktivak.be\/product\/massagebank-pro-line-2-delig-1-motor-zwart\/"},"modified":"2026-02-01T16:55:50","modified_gmt":"2026-02-01T15:55:50","slug":"table-de-massage-pro-line-2-pieces-1-moteur-noir","status":"publish","type":"product","link":"https:\/\/www.praktivak.be\/fr\/produit\/table-de-massage-pro-line-2-pieces-1-moteur-noir\/","title":{"rendered":"Table de massage Pro-Line 2 pieces, 1 moteur noir"},"content":{"rendered":"\n<p>\nTable &agrave; 2 plans avec une structure m&eacute;tallique tr&egrave;s stable. &Eacute;quip&eacute;e d&rsquo;1 moteur qui r&egrave;gle la hauteur par une boutonni&egrave;re lat&eacute;rale int&eacute;gr&eacute;e dans la structure. Dossier r&eacute;glable par v&eacute;rin &agrave; gaz. Coussin repose-t&ecirc;te amovible avec trou visage. Roulettes escamotables pour faciliter son d&eacute;placement. Rev&ecirc;tement en PU blanc de haute qualit&eacute; et facile &agrave; nettoyer. Porte-rouleau de papier pr&eacute;vu &agrave; l&rsquo;extr&eacute;mit&eacute; du dossier inf&eacute;rieur. <\/p>\n\n<p>\nD&eacute;tails: <\/p>\n<p>\nDimensions                                           : 186 x 68 x 54cm <\/p>\n<p>\nPoids                                                       : +\/-  57 kg <\/p>\n<p>\nPosition la plus basse                       : 54cm <\/p>\n<p>\nMeilleure position                                : 86cm <\/p>\n\n<p>\nOptions: <\/p>\n<p>\nCommande manuelle<\/p>\n<p>\nCommande &agrave; p&eacute;dale<\/p>\n<p>\nCcouleur rev&ecirc;tement (noir ou blanc)<\/p>\n\n","protected":false},"excerpt":{"rendered":"<p>Table &agrave; 2 plans avec une structure m&eacute;tallique tr&egrave;s stable. &Eacute;quip&eacute;e d&rsquo;1 moteur qui r&egrave;gle la hauteur par une boutonni&egrave;re lat&eacute;rale int&eacute;gr&eacute;e dans la structure. Dossier r&eacute;glable par v&eacute;rin &agrave; gaz. Coussin repose-t&ecirc;te amovible avec trou visage. Roulettes escamotables pour faciliter son d&eacute;placement. Rev&ecirc;tement en PU blanc de haute qualit&eacute; et facile &agrave; nettoyer. Porte-rouleau &hellip; <\/p>\n<p class=\"link-more\"><a href=\"https:\/\/www.praktivak.be\/fr\/produit\/table-de-massage-pro-line-2-pieces-1-moteur-noir\/\" class=\"more-link\">Continuer la lecture<span class=\"screen-reader-text\"> \u00ab\u00a0Table de massage Pro-Line 2 pieces, 1 moteur noir\u00a0\u00bb<\/span><\/a><\/p>\n","protected":false},"author":1,"featured_media":299153,"template":"","meta":{"_acf_changed":false,"_relevanssi_hide_post":"","_relevanssi_hide_content":"","_relevanssi_pin_for_all":"","_relevanssi_pin_keywords":"","_relevanssi_unpin_keywords":"","_relevanssi_related_keywords":"","_relevanssi_related_include_ids":"","_relevanssi_related_exclude_ids":"","_relevanssi_related_no_append":"","_relevanssi_related_not_related":"","_relevanssi_related_posts":"","_relevanssi_noindex_reason":"","advgb_blocks_editor_width":"","advgb_blocks_columns_visual_guide":"","footnotes":""},"product_brand":[],"product_cat":[2081],"product_tag":[],"class_list":{"0":"post-161193","1":"product","2":"type-product","3":"status-publish","4":"has-post-thumbnail","6":"product_cat-massagebanken-inrichtingen-fr","8":"first","9":"instock","10":"taxable","11":"shipping-taxable","12":"product-type-simple"},"acf":[],"yoast_head":"<!-- This site is optimized with the Yoast SEO plugin v27.2 - https:\/\/yoast.com\/product\/yoast-seo-wordpress\/ -->\n<title>Table de massage Pro-Line 2 pieces, 1 moteur noir - Praktivak<\/title>\n<meta name=\"robots\" content=\"index, follow, max-snippet:-1, max-image-preview:large, max-video-preview:-1\" \/>\n<link rel=\"canonical\" href=\"https:\/\/www.praktivak.be\/fr\/produit\/table-de-massage-pro-line-2-pieces-1-moteur-noir\/\" \/>\n<meta property=\"og:locale\" content=\"fr_FR\" \/>\n<meta property=\"og:type\" content=\"article\" \/>\n<meta property=\"og:title\" content=\"Table de massage Pro-Line 2 pieces, 1 moteur noir - Praktivak\" \/>\n<meta property=\"og:description\" content=\"Table &agrave; 2 plans avec une structure m&eacute;tallique tr&egrave;s stable. &Eacute;quip&eacute;e d&rsquo;1 moteur qui r&egrave;gle la hauteur par une boutonni&egrave;re lat&eacute;rale int&eacute;gr&eacute;e dans la structure. Dossier r&eacute;glable par v&eacute;rin &agrave; gaz. Coussin repose-t&ecirc;te amovible avec trou visage. Roulettes escamotables pour faciliter son d&eacute;placement. Rev&ecirc;tement en PU blanc de haute qualit&eacute; et facile &agrave; nettoyer. Porte-rouleau &hellip; Continuer la lecture &quot;Table de massage Pro-Line 2 pieces, 1 moteur noir&quot;\" \/>\n<meta property=\"og:url\" content=\"https:\/\/www.praktivak.be\/fr\/produit\/table-de-massage-pro-line-2-pieces-1-moteur-noir\/\" \/>\n<meta property=\"og:site_name\" content=\"Praktivak\" \/>\n<meta property=\"article:modified_time\" content=\"2026-02-01T15:55:50+00:00\" \/>\n<meta property=\"og:image\" content=\"https:\/\/www.praktivak.be\/wp-content\/uploads\/2025\/09\/E60006Z.jpg\" \/>\n\t<meta property=\"og:image:width\" content=\"770\" \/>\n\t<meta property=\"og:image:height\" content=\"440\" \/>\n\t<meta property=\"og:image:type\" content=\"image\/jpeg\" \/>\n<meta name=\"twitter:card\" content=\"summary_large_image\" \/>\n<meta name=\"twitter:label1\" content=\"Dur\u00e9e de lecture estim\u00e9e\" \/>\n\t<meta name=\"twitter:data1\" content=\"1 minute\" \/>\n<script type=\"application\/ld+json\" class=\"yoast-schema-graph\">{\"@context\":\"https:\/\/schema.org\",\"@graph\":[{\"@type\":\"WebPage\",\"@id\":\"https:\/\/www.praktivak.be\/fr\/produit\/table-de-massage-pro-line-2-pieces-1-moteur-noir\/\",\"url\":\"https:\/\/www.praktivak.be\/fr\/produit\/table-de-massage-pro-line-2-pieces-1-moteur-noir\/\",\"name\":\"Table de massage Pro-Line 2 pieces, 1 moteur noir - Praktivak\",\"isPartOf\":{\"@id\":\"https:\/\/www.praktivak.be\/fr\/#website\"},\"primaryImageOfPage\":{\"@id\":\"https:\/\/www.praktivak.be\/fr\/produit\/table-de-massage-pro-line-2-pieces-1-moteur-noir\/#primaryimage\"},\"image\":{\"@id\":\"https:\/\/www.praktivak.be\/fr\/produit\/table-de-massage-pro-line-2-pieces-1-moteur-noir\/#primaryimage\"},\"thumbnailUrl\":\"https:\/\/www.praktivak.be\/wp-content\/uploads\/2025\/09\/E60006Z.jpg\",\"datePublished\":\"2025-08-14T16:22:26+00:00\",\"dateModified\":\"2026-02-01T15:55:50+00:00\",\"breadcrumb\":{\"@id\":\"https:\/\/www.praktivak.be\/fr\/produit\/table-de-massage-pro-line-2-pieces-1-moteur-noir\/#breadcrumb\"},\"inLanguage\":\"fr-FR\",\"potentialAction\":[{\"@type\":\"ReadAction\",\"target\":[\"https:\/\/www.praktivak.be\/fr\/produit\/table-de-massage-pro-line-2-pieces-1-moteur-noir\/\"]}]},{\"@type\":\"ImageObject\",\"inLanguage\":\"fr-FR\",\"@id\":\"https:\/\/www.praktivak.be\/fr\/produit\/table-de-massage-pro-line-2-pieces-1-moteur-noir\/#primaryimage\",\"url\":\"https:\/\/www.praktivak.be\/wp-content\/uploads\/2025\/09\/E60006Z.jpg\",\"contentUrl\":\"https:\/\/www.praktivak.be\/wp-content\/uploads\/2025\/09\/E60006Z.jpg\",\"width\":770,\"height\":440},{\"@type\":\"BreadcrumbList\",\"@id\":\"https:\/\/www.praktivak.be\/fr\/produit\/table-de-massage-pro-line-2-pieces-1-moteur-noir\/#breadcrumb\",\"itemListElement\":[{\"@type\":\"ListItem\",\"position\":1,\"name\":\"Home\",\"item\":\"https:\/\/www.praktivak.be\/fr\/\"},{\"@type\":\"ListItem\",\"position\":2,\"name\":\"Boutique\",\"item\":\"https:\/\/www.praktivak.be\/fr\/boutique\/\"},{\"@type\":\"ListItem\",\"position\":3,\"name\":\"Table de massage Pro-Line 2 pieces, 1 moteur noir\"}]},{\"@type\":\"WebSite\",\"@id\":\"https:\/\/www.praktivak.be\/fr\/#website\",\"url\":\"https:\/\/www.praktivak.be\/fr\/\",\"name\":\"Praktivak\",\"description\":\"\",\"publisher\":{\"@id\":\"https:\/\/www.praktivak.be\/fr\/#organization\"},\"potentialAction\":[{\"@type\":\"SearchAction\",\"target\":{\"@type\":\"EntryPoint\",\"urlTemplate\":\"https:\/\/www.praktivak.be\/fr\/?s={search_term_string}\"},\"query-input\":{\"@type\":\"PropertyValueSpecification\",\"valueRequired\":true,\"valueName\":\"search_term_string\"}}],\"inLanguage\":\"fr-FR\"},{\"@type\":\"Organization\",\"@id\":\"https:\/\/www.praktivak.be\/fr\/#organization\",\"name\":\"Praktivak\",\"url\":\"https:\/\/www.praktivak.be\/fr\/\",\"logo\":{\"@type\":\"ImageObject\",\"inLanguage\":\"fr-FR\",\"@id\":\"https:\/\/www.praktivak.be\/fr\/#\/schema\/logo\/image\/\",\"url\":\"https:\/\/www.praktivak.be\/wp-content\/uploads\/2024\/09\/Logo.png\",\"contentUrl\":\"https:\/\/www.praktivak.be\/wp-content\/uploads\/2024\/09\/Logo.png\",\"width\":1774,\"height\":337,\"caption\":\"Praktivak\"},\"image\":{\"@id\":\"https:\/\/www.praktivak.be\/fr\/#\/schema\/logo\/image\/\"}}]}<\/script>\n<!-- \/ Yoast SEO plugin. -->","yoast_head_json":{"title":"Table de massage Pro-Line 2 pieces, 1 moteur noir - Praktivak","robots":{"index":"index","follow":"follow","max-snippet":"max-snippet:-1","max-image-preview":"max-image-preview:large","max-video-preview":"max-video-preview:-1"},"canonical":"https:\/\/www.praktivak.be\/fr\/produit\/table-de-massage-pro-line-2-pieces-1-moteur-noir\/","og_locale":"fr_FR","og_type":"article","og_title":"Table de massage Pro-Line 2 pieces, 1 moteur noir - Praktivak","og_description":"Table &agrave; 2 plans avec une structure m&eacute;tallique tr&egrave;s stable. &Eacute;quip&eacute;e d&rsquo;1 moteur qui r&egrave;gle la hauteur par une boutonni&egrave;re lat&eacute;rale int&eacute;gr&eacute;e dans la structure. Dossier r&eacute;glable par v&eacute;rin &agrave; gaz. Coussin repose-t&ecirc;te amovible avec trou visage. Roulettes escamotables pour faciliter son d&eacute;placement. Rev&ecirc;tement en PU blanc de haute qualit&eacute; et facile &agrave; nettoyer. Porte-rouleau &hellip; Continuer la lecture \"Table de massage Pro-Line 2 pieces, 1 moteur noir\"","og_url":"https:\/\/www.praktivak.be\/fr\/produit\/table-de-massage-pro-line-2-pieces-1-moteur-noir\/","og_site_name":"Praktivak","article_modified_time":"2026-02-01T15:55:50+00:00","og_image":[{"width":770,"height":440,"url":"https:\/\/www.praktivak.be\/wp-content\/uploads\/2025\/09\/E60006Z.jpg","type":"image\/jpeg"}],"twitter_card":"summary_large_image","twitter_misc":{"Dur\u00e9e de lecture estim\u00e9e":"1 minute"},"schema":{"@context":"https:\/\/schema.org","@graph":[{"@type":"WebPage","@id":"https:\/\/www.praktivak.be\/fr\/produit\/table-de-massage-pro-line-2-pieces-1-moteur-noir\/","url":"https:\/\/www.praktivak.be\/fr\/produit\/table-de-massage-pro-line-2-pieces-1-moteur-noir\/","name":"Table de massage Pro-Line 2 pieces, 1 moteur noir - Praktivak","isPartOf":{"@id":"https:\/\/www.praktivak.be\/fr\/#website"},"primaryImageOfPage":{"@id":"https:\/\/www.praktivak.be\/fr\/produit\/table-de-massage-pro-line-2-pieces-1-moteur-noir\/#primaryimage"},"image":{"@id":"https:\/\/www.praktivak.be\/fr\/produit\/table-de-massage-pro-line-2-pieces-1-moteur-noir\/#primaryimage"},"thumbnailUrl":"https:\/\/www.praktivak.be\/wp-content\/uploads\/2025\/09\/E60006Z.jpg","datePublished":"2025-08-14T16:22:26+00:00","dateModified":"2026-02-01T15:55:50+00:00","breadcrumb":{"@id":"https:\/\/www.praktivak.be\/fr\/produit\/table-de-massage-pro-line-2-pieces-1-moteur-noir\/#breadcrumb"},"inLanguage":"fr-FR","potentialAction":[{"@type":"ReadAction","target":["https:\/\/www.praktivak.be\/fr\/produit\/table-de-massage-pro-line-2-pieces-1-moteur-noir\/"]}]},{"@type":"ImageObject","inLanguage":"fr-FR","@id":"https:\/\/www.praktivak.be\/fr\/produit\/table-de-massage-pro-line-2-pieces-1-moteur-noir\/#primaryimage","url":"https:\/\/www.praktivak.be\/wp-content\/uploads\/2025\/09\/E60006Z.jpg","contentUrl":"https:\/\/www.praktivak.be\/wp-content\/uploads\/2025\/09\/E60006Z.jpg","width":770,"height":440},{"@type":"BreadcrumbList","@id":"https:\/\/www.praktivak.be\/fr\/produit\/table-de-massage-pro-line-2-pieces-1-moteur-noir\/#breadcrumb","itemListElement":[{"@type":"ListItem","position":1,"name":"Home","item":"https:\/\/www.praktivak.be\/fr\/"},{"@type":"ListItem","position":2,"name":"Boutique","item":"https:\/\/www.praktivak.be\/fr\/boutique\/"},{"@type":"ListItem","position":3,"name":"Table de massage Pro-Line 2 pieces, 1 moteur noir"}]},{"@type":"WebSite","@id":"https:\/\/www.praktivak.be\/fr\/#website","url":"https:\/\/www.praktivak.be\/fr\/","name":"Praktivak","description":"","publisher":{"@id":"https:\/\/www.praktivak.be\/fr\/#organization"},"potentialAction":[{"@type":"SearchAction","target":{"@type":"EntryPoint","urlTemplate":"https:\/\/www.praktivak.be\/fr\/?s={search_term_string}"},"query-input":{"@type":"PropertyValueSpecification","valueRequired":true,"valueName":"search_term_string"}}],"inLanguage":"fr-FR"},{"@type":"Organization","@id":"https:\/\/www.praktivak.be\/fr\/#organization","name":"Praktivak","url":"https:\/\/www.praktivak.be\/fr\/","logo":{"@type":"ImageObject","inLanguage":"fr-FR","@id":"https:\/\/www.praktivak.be\/fr\/#\/schema\/logo\/image\/","url":"https:\/\/www.praktivak.be\/wp-content\/uploads\/2024\/09\/Logo.png","contentUrl":"https:\/\/www.praktivak.be\/wp-content\/uploads\/2024\/09\/Logo.png","width":1774,"height":337,"caption":"Praktivak"},"image":{"@id":"https:\/\/www.praktivak.be\/fr\/#\/schema\/logo\/image\/"}}]}},"featured_img":"https:\/\/www.praktivak.be\/wp-content\/uploads\/2025\/09\/E60006Z.jpg","coauthors":[],"author_meta":{"author_link":"https:\/\/www.praktivak.be\/fr\/author\/madeit\/","display_name":"Tjebbe Lievens"},"relative_dates":{"created":"Publi\u00e9 8 mois il y a","modified":"Mis \u00e0 jour 2 mois il y a"},"absolute_dates":{"created":"Publi\u00e9 le 14 ao\u00fbt 2025","modified":"Mise \u00e0 jour le 1 f\u00e9vrier 2026"},"absolute_dates_time":{"created":"Publi\u00e9 le 14 ao\u00fbt 2025 18h22","modified":"Mise \u00e0 jour le 1 f\u00e9vrier 2026 16h55"},"featured_img_caption":"","tax_additional":{"product_brand":{"linked":[],"unlinked":[],"slug":"product_brand","name":"Marques"},"product_type":{"linked":["<a href=\"https:\/\/www.praktivak.be\/fr\/?taxonomy=product_type&#038;term=simple\" class=\"advgb-post-tax-term\">simple<\/a>"],"unlinked":["<span class=\"advgb-post-tax-term\">simple<\/span>"],"slug":"product_type","name":"Type de produit"},"product_visibility":{"linked":[],"unlinked":[],"slug":"product_visibility","name":"Visibilit\u00e9 du produit"},"product_cat":{"linked":["<a href=\"https:\/\/www.praktivak.be\/fr\/categorie-de-produit\/inrichtingen-fr\/massagebanken-inrichtingen-fr\/\" class=\"advgb-post-tax-term\">Tables de massage<\/a>"],"unlinked":["<span class=\"advgb-post-tax-term\">Tables de massage<\/span>"],"slug":"product_cat","name":"Cat\u00e9gories de produits"},"product_tag":{"linked":[],"unlinked":[],"slug":"product_tag","name":"\u00c9tiquettes produit"},"product_shipping_class":{"linked":[],"unlinked":[],"slug":"product_shipping_class","name":"Classe d\u2019exp\u00e9dition du produit"},"pos_product_visibility":{"linked":[],"unlinked":[],"slug":"pos_product_visibility","name":"Visibilit\u00e9 du produit sur le point de vente"},"translation_priority":{"linked":[],"unlinked":[],"slug":"translation_priority","name":"Priorit\u00e9s de traduction"}},"series_order":"","_links":{"self":[{"href":"https:\/\/www.praktivak.be\/fr\/wp-json\/wp\/v2\/product\/161193","targetHints":{"allow":["GET"]}}],"collection":[{"href":"https:\/\/www.praktivak.be\/fr\/wp-json\/wp\/v2\/product"}],"about":[{"href":"https:\/\/www.praktivak.be\/fr\/wp-json\/wp\/v2\/types\/product"}],"version-history":[{"count":70,"href":"https:\/\/www.praktivak.be\/fr\/wp-json\/wp\/v2\/product\/161193\/revisions"}],"predecessor-version":[{"id":345805,"href":"https:\/\/www.praktivak.be\/fr\/wp-json\/wp\/v2\/product\/161193\/revisions\/345805"}],"wp:featuredmedia":[{"embeddable":true,"href":"https:\/\/www.praktivak.be\/fr\/wp-json\/wp\/v2\/media\/299153"}],"wp:attachment":[{"href":"https:\/\/www.praktivak.be\/fr\/wp-json\/wp\/v2\/media?parent=161193"}],"wp:term":[{"taxonomy":"product_brand","embeddable":true,"href":"https:\/\/www.praktivak.be\/fr\/wp-json\/wp\/v2\/product_brand?post=161193"},{"taxonomy":"product_cat","embeddable":true,"href":"https:\/\/www.praktivak.be\/fr\/wp-json\/wp\/v2\/product_cat?post=161193"},{"taxonomy":"product_tag","embeddable":true,"href":"https:\/\/www.praktivak.be\/fr\/wp-json\/wp\/v2\/product_tag?post=161193"}],"curies":[{"name":"wp","href":"https:\/\/api.w.org\/{rel}","templated":true}]}}