

{"id":161158,"date":"2025-08-14T18:21:45","date_gmt":"2025-08-14T16:21:45","guid":{"rendered":"https:\/\/www.praktivak.be\/product\/massagebank-onda-softe-matras-met-armsteunen-4-motoren-en-verwarming\/"},"modified":"2026-02-01T16:55:52","modified_gmt":"2026-02-01T15:55:52","slug":"table-de-massage-onda-matelas-soft-avec-accoudoirs-et-4-moteurs-et-chauffage","status":"publish","type":"product","link":"https:\/\/www.praktivak.be\/fr\/produit\/table-de-massage-onda-matelas-soft-avec-accoudoirs-et-4-moteurs-et-chauffage\/","title":{"rendered":"Table de massage Onda matelas soft avec accoudoirs et 4 moteurs et chauffage"},"content":{"rendered":"\n<p>\nMagnifique banc de massage italien avec 4 moteurs et chauffage de haute qualit&eacute; standard avec porte-rouleau et narine. Gr&acirc;ce au matelas double densit&eacute;, il offre un confort total pour tout type de traitement. Equip&eacute; d&rsquo;un tiroir lat&eacute;ral enti&egrave;rement extensible pour ranger divers accessoires. Le design aux lignes arrondies et harmonieuses s&rsquo;int&egrave;gre dans n&rsquo;importe quel int&eacute;rieur.<\/p>\n\n<p>\n&Eacute;quip&eacute; d&rsquo;un trou de visage et d&rsquo;un porte-rouleau.<\/p>\n\n<p>\nLe haut effet confort est fabriqu&eacute; en mousse double densit&eacute;, recouvert de cuir &eacute;cologique r&eacute;sistant au feu de classe M1.<\/p>\n\n<p>\nOption:<\/p>\n<p>\n&ndash; commande au pied sans fil avec m&eacute;moire<\/p>\n<p>\n&ndash; matelas soft et &eacute;pais avec accoudoirs<\/p>\n<p>\n&ndash; chauffage<\/p>\n\n<p>\nLongueur : &plusmn; 190cm<\/p>\n<p>\nLargeur : &plusmn; 80cm<\/p>\n<p>\nPosition plus bas : &plusmn; 63cm<\/p>\n<p>\nPosition plus haut : &plusmn; 103cm<\/p>\n<p>\nCapacit&eacute; de charge +\/- 200 kg<\/p>\n<p>\nPoids : &plusmn; 136Kg<\/p>\n\n<p>\nLe rev&ecirc;tement est &eacute;galement disponible dans d&rsquo;autres couleurs.<\/p>\n<p>\nBase &eacute;galement disponible dans d&rsquo;autres couleurs de bois.<\/p>\n\n<p>\nMADE IN ITALY<\/p>\n\n<p>\n3 ans de garantie sur les moteurs<\/p>\n\n","protected":false},"excerpt":{"rendered":"<p>Magnifique banc de massage italien avec 4 moteurs et chauffage de haute qualit&eacute; standard avec porte-rouleau et narine. Gr&acirc;ce au matelas double densit&eacute;, il offre un confort total pour tout type de traitement. Equip&eacute; d&rsquo;un tiroir lat&eacute;ral enti&egrave;rement extensible pour ranger divers accessoires. Le design aux lignes arrondies et harmonieuses s&rsquo;int&egrave;gre dans n&rsquo;importe quel int&eacute;rieur. &hellip; <\/p>\n<p class=\"link-more\"><a href=\"https:\/\/www.praktivak.be\/fr\/produit\/table-de-massage-onda-matelas-soft-avec-accoudoirs-et-4-moteurs-et-chauffage\/\" class=\"more-link\">Continuer la lecture<span class=\"screen-reader-text\"> \u00ab\u00a0Table de massage Onda matelas soft avec accoudoirs et 4 moteurs et chauffage\u00a0\u00bb<\/span><\/a><\/p>\n","protected":false},"author":1,"featured_media":345744,"template":"","meta":{"_acf_changed":false,"_relevanssi_hide_post":"","_relevanssi_hide_content":"","_relevanssi_pin_for_all":"","_relevanssi_pin_keywords":"","_relevanssi_unpin_keywords":"","_relevanssi_related_keywords":"","_relevanssi_related_include_ids":"","_relevanssi_related_exclude_ids":"","_relevanssi_related_no_append":"","_relevanssi_related_not_related":"","_relevanssi_related_posts":"","_relevanssi_noindex_reason":"","advgb_blocks_editor_width":"","advgb_blocks_columns_visual_guide":"","footnotes":""},"product_brand":[],"product_cat":[2062,2081],"product_tag":[],"class_list":{"0":"post-161158","1":"product","2":"type-product","3":"status-publish","4":"has-post-thumbnail","6":"product_cat-premium-line-italiaans-design-inrichtingen-fr","7":"product_cat-massagebanken-inrichtingen-fr","9":"first","10":"instock","11":"taxable","12":"shipping-taxable","13":"product-type-simple"},"acf":[],"yoast_head":"<!-- This site is optimized with the Yoast SEO plugin v27.2 - https:\/\/yoast.com\/product\/yoast-seo-wordpress\/ -->\n<title>Table de massage Onda matelas soft avec accoudoirs et 4 moteurs et chauffage - Praktivak<\/title>\n<meta name=\"robots\" content=\"index, follow, max-snippet:-1, max-image-preview:large, max-video-preview:-1\" \/>\n<link rel=\"canonical\" href=\"https:\/\/www.praktivak.be\/fr\/produit\/table-de-massage-onda-matelas-soft-avec-accoudoirs-et-4-moteurs-et-chauffage\/\" \/>\n<meta property=\"og:locale\" content=\"fr_FR\" \/>\n<meta property=\"og:type\" content=\"article\" \/>\n<meta property=\"og:title\" content=\"Table de massage Onda matelas soft avec accoudoirs et 4 moteurs et chauffage - Praktivak\" \/>\n<meta property=\"og:description\" content=\"Magnifique banc de massage italien avec 4 moteurs et chauffage de haute qualit&eacute; standard avec porte-rouleau et narine. Gr&acirc;ce au matelas double densit&eacute;, il offre un confort total pour tout type de traitement. Equip&eacute; d&rsquo;un tiroir lat&eacute;ral enti&egrave;rement extensible pour ranger divers accessoires. Le design aux lignes arrondies et harmonieuses s&rsquo;int&egrave;gre dans n&rsquo;importe quel int&eacute;rieur. &hellip; Continuer la lecture &quot;Table de massage Onda matelas soft avec accoudoirs et 4 moteurs et chauffage&quot;\" \/>\n<meta property=\"og:url\" content=\"https:\/\/www.praktivak.be\/fr\/produit\/table-de-massage-onda-matelas-soft-avec-accoudoirs-et-4-moteurs-et-chauffage\/\" \/>\n<meta property=\"og:site_name\" content=\"Praktivak\" \/>\n<meta property=\"article:modified_time\" content=\"2026-02-01T15:55:52+00:00\" \/>\n<meta property=\"og:image\" content=\"https:\/\/www.praktivak.be\/wp-content\/uploads\/2026\/02\/LSA52SH-1.webp\" \/>\n\t<meta property=\"og:image:width\" content=\"700\" \/>\n\t<meta property=\"og:image:height\" content=\"562\" \/>\n\t<meta property=\"og:image:type\" content=\"image\/webp\" \/>\n<meta name=\"twitter:card\" content=\"summary_large_image\" \/>\n<meta name=\"twitter:label1\" content=\"Dur\u00e9e de lecture estim\u00e9e\" \/>\n\t<meta name=\"twitter:data1\" content=\"1 minute\" \/>\n<script type=\"application\/ld+json\" class=\"yoast-schema-graph\">{\"@context\":\"https:\/\/schema.org\",\"@graph\":[{\"@type\":\"WebPage\",\"@id\":\"https:\/\/www.praktivak.be\/fr\/produit\/table-de-massage-onda-matelas-soft-avec-accoudoirs-et-4-moteurs-et-chauffage\/\",\"url\":\"https:\/\/www.praktivak.be\/fr\/produit\/table-de-massage-onda-matelas-soft-avec-accoudoirs-et-4-moteurs-et-chauffage\/\",\"name\":\"Table de massage Onda matelas soft avec accoudoirs et 4 moteurs et chauffage - Praktivak\",\"isPartOf\":{\"@id\":\"https:\/\/www.praktivak.be\/fr\/#website\"},\"primaryImageOfPage\":{\"@id\":\"https:\/\/www.praktivak.be\/fr\/produit\/table-de-massage-onda-matelas-soft-avec-accoudoirs-et-4-moteurs-et-chauffage\/#primaryimage\"},\"image\":{\"@id\":\"https:\/\/www.praktivak.be\/fr\/produit\/table-de-massage-onda-matelas-soft-avec-accoudoirs-et-4-moteurs-et-chauffage\/#primaryimage\"},\"thumbnailUrl\":\"https:\/\/www.praktivak.be\/wp-content\/uploads\/2026\/02\/LSA52SH-1.webp\",\"datePublished\":\"2025-08-14T16:21:45+00:00\",\"dateModified\":\"2026-02-01T15:55:52+00:00\",\"breadcrumb\":{\"@id\":\"https:\/\/www.praktivak.be\/fr\/produit\/table-de-massage-onda-matelas-soft-avec-accoudoirs-et-4-moteurs-et-chauffage\/#breadcrumb\"},\"inLanguage\":\"fr-FR\",\"potentialAction\":[{\"@type\":\"ReadAction\",\"target\":[\"https:\/\/www.praktivak.be\/fr\/produit\/table-de-massage-onda-matelas-soft-avec-accoudoirs-et-4-moteurs-et-chauffage\/\"]}]},{\"@type\":\"ImageObject\",\"inLanguage\":\"fr-FR\",\"@id\":\"https:\/\/www.praktivak.be\/fr\/produit\/table-de-massage-onda-matelas-soft-avec-accoudoirs-et-4-moteurs-et-chauffage\/#primaryimage\",\"url\":\"https:\/\/www.praktivak.be\/wp-content\/uploads\/2026\/02\/LSA52SH-1.webp\",\"contentUrl\":\"https:\/\/www.praktivak.be\/wp-content\/uploads\/2026\/02\/LSA52SH-1.webp\",\"width\":700,\"height\":562,\"caption\":\"Massagebank Onda softe matras met armsteunen, 4 motoren en verwarming\"},{\"@type\":\"BreadcrumbList\",\"@id\":\"https:\/\/www.praktivak.be\/fr\/produit\/table-de-massage-onda-matelas-soft-avec-accoudoirs-et-4-moteurs-et-chauffage\/#breadcrumb\",\"itemListElement\":[{\"@type\":\"ListItem\",\"position\":1,\"name\":\"Home\",\"item\":\"https:\/\/www.praktivak.be\/fr\/\"},{\"@type\":\"ListItem\",\"position\":2,\"name\":\"Boutique\",\"item\":\"https:\/\/www.praktivak.be\/fr\/boutique\/\"},{\"@type\":\"ListItem\",\"position\":3,\"name\":\"Table de massage Onda matelas soft avec accoudoirs et 4 moteurs et chauffage\"}]},{\"@type\":\"WebSite\",\"@id\":\"https:\/\/www.praktivak.be\/fr\/#website\",\"url\":\"https:\/\/www.praktivak.be\/fr\/\",\"name\":\"Praktivak\",\"description\":\"\",\"publisher\":{\"@id\":\"https:\/\/www.praktivak.be\/fr\/#organization\"},\"potentialAction\":[{\"@type\":\"SearchAction\",\"target\":{\"@type\":\"EntryPoint\",\"urlTemplate\":\"https:\/\/www.praktivak.be\/fr\/?s={search_term_string}\"},\"query-input\":{\"@type\":\"PropertyValueSpecification\",\"valueRequired\":true,\"valueName\":\"search_term_string\"}}],\"inLanguage\":\"fr-FR\"},{\"@type\":\"Organization\",\"@id\":\"https:\/\/www.praktivak.be\/fr\/#organization\",\"name\":\"Praktivak\",\"url\":\"https:\/\/www.praktivak.be\/fr\/\",\"logo\":{\"@type\":\"ImageObject\",\"inLanguage\":\"fr-FR\",\"@id\":\"https:\/\/www.praktivak.be\/fr\/#\/schema\/logo\/image\/\",\"url\":\"https:\/\/www.praktivak.be\/wp-content\/uploads\/2024\/09\/Logo.png\",\"contentUrl\":\"https:\/\/www.praktivak.be\/wp-content\/uploads\/2024\/09\/Logo.png\",\"width\":1774,\"height\":337,\"caption\":\"Praktivak\"},\"image\":{\"@id\":\"https:\/\/www.praktivak.be\/fr\/#\/schema\/logo\/image\/\"}}]}<\/script>\n<!-- \/ Yoast SEO plugin. -->","yoast_head_json":{"title":"Table de massage Onda matelas soft avec accoudoirs et 4 moteurs et chauffage - Praktivak","robots":{"index":"index","follow":"follow","max-snippet":"max-snippet:-1","max-image-preview":"max-image-preview:large","max-video-preview":"max-video-preview:-1"},"canonical":"https:\/\/www.praktivak.be\/fr\/produit\/table-de-massage-onda-matelas-soft-avec-accoudoirs-et-4-moteurs-et-chauffage\/","og_locale":"fr_FR","og_type":"article","og_title":"Table de massage Onda matelas soft avec accoudoirs et 4 moteurs et chauffage - Praktivak","og_description":"Magnifique banc de massage italien avec 4 moteurs et chauffage de haute qualit&eacute; standard avec porte-rouleau et narine. Gr&acirc;ce au matelas double densit&eacute;, il offre un confort total pour tout type de traitement. Equip&eacute; d&rsquo;un tiroir lat&eacute;ral enti&egrave;rement extensible pour ranger divers accessoires. Le design aux lignes arrondies et harmonieuses s&rsquo;int&egrave;gre dans n&rsquo;importe quel int&eacute;rieur. &hellip; Continuer la lecture \"Table de massage Onda matelas soft avec accoudoirs et 4 moteurs et chauffage\"","og_url":"https:\/\/www.praktivak.be\/fr\/produit\/table-de-massage-onda-matelas-soft-avec-accoudoirs-et-4-moteurs-et-chauffage\/","og_site_name":"Praktivak","article_modified_time":"2026-02-01T15:55:52+00:00","og_image":[{"width":700,"height":562,"url":"https:\/\/www.praktivak.be\/wp-content\/uploads\/2026\/02\/LSA52SH-1.webp","type":"image\/webp"}],"twitter_card":"summary_large_image","twitter_misc":{"Dur\u00e9e de lecture estim\u00e9e":"1 minute"},"schema":{"@context":"https:\/\/schema.org","@graph":[{"@type":"WebPage","@id":"https:\/\/www.praktivak.be\/fr\/produit\/table-de-massage-onda-matelas-soft-avec-accoudoirs-et-4-moteurs-et-chauffage\/","url":"https:\/\/www.praktivak.be\/fr\/produit\/table-de-massage-onda-matelas-soft-avec-accoudoirs-et-4-moteurs-et-chauffage\/","name":"Table de massage Onda matelas soft avec accoudoirs et 4 moteurs et chauffage - Praktivak","isPartOf":{"@id":"https:\/\/www.praktivak.be\/fr\/#website"},"primaryImageOfPage":{"@id":"https:\/\/www.praktivak.be\/fr\/produit\/table-de-massage-onda-matelas-soft-avec-accoudoirs-et-4-moteurs-et-chauffage\/#primaryimage"},"image":{"@id":"https:\/\/www.praktivak.be\/fr\/produit\/table-de-massage-onda-matelas-soft-avec-accoudoirs-et-4-moteurs-et-chauffage\/#primaryimage"},"thumbnailUrl":"https:\/\/www.praktivak.be\/wp-content\/uploads\/2026\/02\/LSA52SH-1.webp","datePublished":"2025-08-14T16:21:45+00:00","dateModified":"2026-02-01T15:55:52+00:00","breadcrumb":{"@id":"https:\/\/www.praktivak.be\/fr\/produit\/table-de-massage-onda-matelas-soft-avec-accoudoirs-et-4-moteurs-et-chauffage\/#breadcrumb"},"inLanguage":"fr-FR","potentialAction":[{"@type":"ReadAction","target":["https:\/\/www.praktivak.be\/fr\/produit\/table-de-massage-onda-matelas-soft-avec-accoudoirs-et-4-moteurs-et-chauffage\/"]}]},{"@type":"ImageObject","inLanguage":"fr-FR","@id":"https:\/\/www.praktivak.be\/fr\/produit\/table-de-massage-onda-matelas-soft-avec-accoudoirs-et-4-moteurs-et-chauffage\/#primaryimage","url":"https:\/\/www.praktivak.be\/wp-content\/uploads\/2026\/02\/LSA52SH-1.webp","contentUrl":"https:\/\/www.praktivak.be\/wp-content\/uploads\/2026\/02\/LSA52SH-1.webp","width":700,"height":562,"caption":"Massagebank Onda softe matras met armsteunen, 4 motoren en verwarming"},{"@type":"BreadcrumbList","@id":"https:\/\/www.praktivak.be\/fr\/produit\/table-de-massage-onda-matelas-soft-avec-accoudoirs-et-4-moteurs-et-chauffage\/#breadcrumb","itemListElement":[{"@type":"ListItem","position":1,"name":"Home","item":"https:\/\/www.praktivak.be\/fr\/"},{"@type":"ListItem","position":2,"name":"Boutique","item":"https:\/\/www.praktivak.be\/fr\/boutique\/"},{"@type":"ListItem","position":3,"name":"Table de massage Onda matelas soft avec accoudoirs et 4 moteurs et chauffage"}]},{"@type":"WebSite","@id":"https:\/\/www.praktivak.be\/fr\/#website","url":"https:\/\/www.praktivak.be\/fr\/","name":"Praktivak","description":"","publisher":{"@id":"https:\/\/www.praktivak.be\/fr\/#organization"},"potentialAction":[{"@type":"SearchAction","target":{"@type":"EntryPoint","urlTemplate":"https:\/\/www.praktivak.be\/fr\/?s={search_term_string}"},"query-input":{"@type":"PropertyValueSpecification","valueRequired":true,"valueName":"search_term_string"}}],"inLanguage":"fr-FR"},{"@type":"Organization","@id":"https:\/\/www.praktivak.be\/fr\/#organization","name":"Praktivak","url":"https:\/\/www.praktivak.be\/fr\/","logo":{"@type":"ImageObject","inLanguage":"fr-FR","@id":"https:\/\/www.praktivak.be\/fr\/#\/schema\/logo\/image\/","url":"https:\/\/www.praktivak.be\/wp-content\/uploads\/2024\/09\/Logo.png","contentUrl":"https:\/\/www.praktivak.be\/wp-content\/uploads\/2024\/09\/Logo.png","width":1774,"height":337,"caption":"Praktivak"},"image":{"@id":"https:\/\/www.praktivak.be\/fr\/#\/schema\/logo\/image\/"}}]}},"featured_img":"https:\/\/www.praktivak.be\/wp-content\/uploads\/2026\/02\/LSA52SH-1.webp","coauthors":[],"author_meta":{"author_link":"https:\/\/www.praktivak.be\/fr\/author\/madeit\/","display_name":"Tjebbe Lievens"},"relative_dates":{"created":"Publi\u00e9 8 mois il y a","modified":"Mis \u00e0 jour 2 mois il y a"},"absolute_dates":{"created":"Publi\u00e9 le 14 ao\u00fbt 2025","modified":"Mise \u00e0 jour le 1 f\u00e9vrier 2026"},"absolute_dates_time":{"created":"Publi\u00e9 le 14 ao\u00fbt 2025 18h21","modified":"Mise \u00e0 jour le 1 f\u00e9vrier 2026 16h55"},"featured_img_caption":"","tax_additional":{"product_brand":{"linked":[],"unlinked":[],"slug":"product_brand","name":"Marques"},"product_type":{"linked":["<a href=\"https:\/\/www.praktivak.be\/fr\/?taxonomy=product_type&#038;term=simple\" class=\"advgb-post-tax-term\">simple<\/a>"],"unlinked":["<span class=\"advgb-post-tax-term\">simple<\/span>"],"slug":"product_type","name":"Type de produit"},"product_visibility":{"linked":[],"unlinked":[],"slug":"product_visibility","name":"Visibilit\u00e9 du produit"},"product_cat":{"linked":["<a href=\"https:\/\/www.praktivak.be\/fr\/categorie-de-produit\/inrichtingen-fr\/premium-line-italiaans-design-inrichtingen-fr\/\" class=\"advgb-post-tax-term\">Premium Line \u2013 design italien<\/a>","<a href=\"https:\/\/www.praktivak.be\/fr\/categorie-de-produit\/inrichtingen-fr\/massagebanken-inrichtingen-fr\/\" class=\"advgb-post-tax-term\">Tables de massage<\/a>"],"unlinked":["<span class=\"advgb-post-tax-term\">Premium Line \u2013 design italien<\/span>","<span class=\"advgb-post-tax-term\">Tables de massage<\/span>"],"slug":"product_cat","name":"Cat\u00e9gories de produits"},"product_tag":{"linked":[],"unlinked":[],"slug":"product_tag","name":"\u00c9tiquettes produit"},"product_shipping_class":{"linked":[],"unlinked":[],"slug":"product_shipping_class","name":"Classe d\u2019exp\u00e9dition du produit"},"pos_product_visibility":{"linked":[],"unlinked":[],"slug":"pos_product_visibility","name":"Visibilit\u00e9 du produit sur le point de vente"},"translation_priority":{"linked":[],"unlinked":[],"slug":"translation_priority","name":"Priorit\u00e9s de traduction"}},"series_order":"","_links":{"self":[{"href":"https:\/\/www.praktivak.be\/fr\/wp-json\/wp\/v2\/product\/161158","targetHints":{"allow":["GET"]}}],"collection":[{"href":"https:\/\/www.praktivak.be\/fr\/wp-json\/wp\/v2\/product"}],"about":[{"href":"https:\/\/www.praktivak.be\/fr\/wp-json\/wp\/v2\/types\/product"}],"version-history":[{"count":102,"href":"https:\/\/www.praktivak.be\/fr\/wp-json\/wp\/v2\/product\/161158\/revisions"}],"predecessor-version":[{"id":345811,"href":"https:\/\/www.praktivak.be\/fr\/wp-json\/wp\/v2\/product\/161158\/revisions\/345811"}],"wp:featuredmedia":[{"embeddable":true,"href":"https:\/\/www.praktivak.be\/fr\/wp-json\/wp\/v2\/media\/345744"}],"wp:attachment":[{"href":"https:\/\/www.praktivak.be\/fr\/wp-json\/wp\/v2\/media?parent=161158"}],"wp:term":[{"taxonomy":"product_brand","embeddable":true,"href":"https:\/\/www.praktivak.be\/fr\/wp-json\/wp\/v2\/product_brand?post=161158"},{"taxonomy":"product_cat","embeddable":true,"href":"https:\/\/www.praktivak.be\/fr\/wp-json\/wp\/v2\/product_cat?post=161158"},{"taxonomy":"product_tag","embeddable":true,"href":"https:\/\/www.praktivak.be\/fr\/wp-json\/wp\/v2\/product_tag?post=161158"}],"curies":[{"name":"wp","href":"https:\/\/api.w.org\/{rel}","templated":true}]}}