

{"id":161078,"date":"2025-08-14T18:19:43","date_gmt":"2025-08-14T16:19:43","guid":{"rendered":"https:\/\/www.praktivak.be\/product\/massagebank-design-op-pilaar-2-delig-1-motor\/"},"modified":"2026-02-01T16:56:24","modified_gmt":"2026-02-01T15:56:24","slug":"banc-de-massage-design-sur-colonne-2-pieces-1-moteur","status":"publish","type":"product","link":"https:\/\/www.praktivak.be\/fr\/produit\/banc-de-massage-design-sur-colonne-2-pieces-1-moteur\/","title":{"rendered":"Banc de massage Design sur colonne, 2 pieces, 1 moteur"},"content":{"rendered":"\n<p>\nTable &agrave; 2 plans tr&egrave;s polyvalente avec un design &eacute;l&eacute;gant. &Eacute;quip&eacute;e d&#146;1 moteur qui r&egrave;gle la hauteur par une boutonni&egrave;re lat&eacute;rale int&eacute;gr&eacute;e dans la structure. Dossier r&eacute;glable par v&eacute;rin &agrave; gaz. Rev&ecirc;tement en PU blanc facile &agrave; nettoyer. Porte-rouleau inclus. <\/p>\n\n<p>\nD&eacute;tails: <\/p>\n<p>\nDimensions                                      : 196 x 70cm<\/p>\n<p>\nPoids                                                  : 65 kg <\/p>\n<p>\nPosition la plus basse                  : 61cm <\/p>\n<p>\nMeilleure position                           : 86cm <\/p>\n\n<p>\nOptions: <\/p>\n<p>\nCommande &agrave; main<\/p>\n<p>\nCommande &agrave; p&eacute;dale<\/p>\n\n","protected":false},"excerpt":{"rendered":"<p>Table &agrave; 2 plans tr&egrave;s polyvalente avec un design &eacute;l&eacute;gant. &Eacute;quip&eacute;e d&#146;1 moteur qui r&egrave;gle la hauteur par une boutonni&egrave;re lat&eacute;rale int&eacute;gr&eacute;e dans la structure. Dossier r&eacute;glable par v&eacute;rin &agrave; gaz. Rev&ecirc;tement en PU blanc facile &agrave; nettoyer. Porte-rouleau inclus. D&eacute;tails: Dimensions : 196 x 70cm Poids : 65 kg Position la plus basse : &hellip; <\/p>\n<p class=\"link-more\"><a href=\"https:\/\/www.praktivak.be\/fr\/produit\/banc-de-massage-design-sur-colonne-2-pieces-1-moteur\/\" class=\"more-link\">Continuer la lecture<span class=\"screen-reader-text\"> \u00ab\u00a0Banc de massage Design sur colonne, 2 pieces, 1 moteur\u00a0\u00bb<\/span><\/a><\/p>\n","protected":false},"author":1,"featured_media":298624,"template":"","meta":{"_acf_changed":false,"_relevanssi_hide_post":"","_relevanssi_hide_content":"","_relevanssi_pin_for_all":"","_relevanssi_pin_keywords":"","_relevanssi_unpin_keywords":"","_relevanssi_related_keywords":"","_relevanssi_related_include_ids":"","_relevanssi_related_exclude_ids":"","_relevanssi_related_no_append":"","_relevanssi_related_not_related":"","_relevanssi_related_posts":"","_relevanssi_noindex_reason":"","advgb_blocks_editor_width":"","advgb_blocks_columns_visual_guide":"","footnotes":""},"product_brand":[],"product_cat":[2081],"product_tag":[],"class_list":{"0":"post-161078","1":"product","2":"type-product","3":"status-publish","4":"has-post-thumbnail","6":"product_cat-massagebanken-inrichtingen-fr","8":"first","9":"instock","10":"taxable","11":"shipping-taxable","12":"product-type-simple"},"acf":[],"yoast_head":"<!-- This site is optimized with the Yoast SEO plugin v27.2 - https:\/\/yoast.com\/product\/yoast-seo-wordpress\/ -->\n<title>Banc de massage Design sur colonne, 2 pieces, 1 moteur - Praktivak<\/title>\n<meta name=\"robots\" content=\"index, follow, max-snippet:-1, max-image-preview:large, max-video-preview:-1\" \/>\n<link rel=\"canonical\" href=\"https:\/\/www.praktivak.be\/fr\/produit\/banc-de-massage-design-sur-colonne-2-pieces-1-moteur\/\" \/>\n<meta property=\"og:locale\" content=\"fr_FR\" \/>\n<meta property=\"og:type\" content=\"article\" \/>\n<meta property=\"og:title\" content=\"Banc de massage Design sur colonne, 2 pieces, 1 moteur - Praktivak\" \/>\n<meta property=\"og:description\" content=\"Table &agrave; 2 plans tr&egrave;s polyvalente avec un design &eacute;l&eacute;gant. &Eacute;quip&eacute;e d&#146;1 moteur qui r&egrave;gle la hauteur par une boutonni&egrave;re lat&eacute;rale int&eacute;gr&eacute;e dans la structure. Dossier r&eacute;glable par v&eacute;rin &agrave; gaz. Rev&ecirc;tement en PU blanc facile &agrave; nettoyer. Porte-rouleau inclus. D&eacute;tails: Dimensions : 196 x 70cm Poids : 65 kg Position la plus basse : &hellip; Continuer la lecture &quot;Banc de massage Design sur colonne, 2 pieces, 1 moteur&quot;\" \/>\n<meta property=\"og:url\" content=\"https:\/\/www.praktivak.be\/fr\/produit\/banc-de-massage-design-sur-colonne-2-pieces-1-moteur\/\" \/>\n<meta property=\"og:site_name\" content=\"Praktivak\" \/>\n<meta property=\"article:modified_time\" content=\"2026-02-01T15:56:24+00:00\" \/>\n<meta property=\"og:image\" content=\"https:\/\/www.praktivak.be\/wp-content\/uploads\/2025\/09\/E60015-2.jpg\" \/>\n\t<meta property=\"og:image:width\" content=\"800\" \/>\n\t<meta property=\"og:image:height\" content=\"800\" \/>\n\t<meta property=\"og:image:type\" content=\"image\/jpeg\" \/>\n<meta name=\"twitter:card\" content=\"summary_large_image\" \/>\n<script type=\"application\/ld+json\" class=\"yoast-schema-graph\">{\"@context\":\"https:\/\/schema.org\",\"@graph\":[{\"@type\":\"WebPage\",\"@id\":\"https:\/\/www.praktivak.be\/fr\/produit\/banc-de-massage-design-sur-colonne-2-pieces-1-moteur\/\",\"url\":\"https:\/\/www.praktivak.be\/fr\/produit\/banc-de-massage-design-sur-colonne-2-pieces-1-moteur\/\",\"name\":\"Banc de massage Design sur colonne, 2 pieces, 1 moteur - Praktivak\",\"isPartOf\":{\"@id\":\"https:\/\/www.praktivak.be\/fr\/#website\"},\"primaryImageOfPage\":{\"@id\":\"https:\/\/www.praktivak.be\/fr\/produit\/banc-de-massage-design-sur-colonne-2-pieces-1-moteur\/#primaryimage\"},\"image\":{\"@id\":\"https:\/\/www.praktivak.be\/fr\/produit\/banc-de-massage-design-sur-colonne-2-pieces-1-moteur\/#primaryimage\"},\"thumbnailUrl\":\"https:\/\/www.praktivak.be\/wp-content\/uploads\/2025\/09\/E60015-2.jpg\",\"datePublished\":\"2025-08-14T16:19:43+00:00\",\"dateModified\":\"2026-02-01T15:56:24+00:00\",\"breadcrumb\":{\"@id\":\"https:\/\/www.praktivak.be\/fr\/produit\/banc-de-massage-design-sur-colonne-2-pieces-1-moteur\/#breadcrumb\"},\"inLanguage\":\"fr-FR\",\"potentialAction\":[{\"@type\":\"ReadAction\",\"target\":[\"https:\/\/www.praktivak.be\/fr\/produit\/banc-de-massage-design-sur-colonne-2-pieces-1-moteur\/\"]}]},{\"@type\":\"ImageObject\",\"inLanguage\":\"fr-FR\",\"@id\":\"https:\/\/www.praktivak.be\/fr\/produit\/banc-de-massage-design-sur-colonne-2-pieces-1-moteur\/#primaryimage\",\"url\":\"https:\/\/www.praktivak.be\/wp-content\/uploads\/2025\/09\/E60015-2.jpg\",\"contentUrl\":\"https:\/\/www.praktivak.be\/wp-content\/uploads\/2025\/09\/E60015-2.jpg\",\"width\":800,\"height\":800},{\"@type\":\"BreadcrumbList\",\"@id\":\"https:\/\/www.praktivak.be\/fr\/produit\/banc-de-massage-design-sur-colonne-2-pieces-1-moteur\/#breadcrumb\",\"itemListElement\":[{\"@type\":\"ListItem\",\"position\":1,\"name\":\"Home\",\"item\":\"https:\/\/www.praktivak.be\/fr\/\"},{\"@type\":\"ListItem\",\"position\":2,\"name\":\"Boutique\",\"item\":\"https:\/\/www.praktivak.be\/fr\/boutique\/\"},{\"@type\":\"ListItem\",\"position\":3,\"name\":\"Banc de massage Design sur colonne, 2 pieces, 1 moteur\"}]},{\"@type\":\"WebSite\",\"@id\":\"https:\/\/www.praktivak.be\/fr\/#website\",\"url\":\"https:\/\/www.praktivak.be\/fr\/\",\"name\":\"Praktivak\",\"description\":\"\",\"publisher\":{\"@id\":\"https:\/\/www.praktivak.be\/fr\/#organization\"},\"potentialAction\":[{\"@type\":\"SearchAction\",\"target\":{\"@type\":\"EntryPoint\",\"urlTemplate\":\"https:\/\/www.praktivak.be\/fr\/?s={search_term_string}\"},\"query-input\":{\"@type\":\"PropertyValueSpecification\",\"valueRequired\":true,\"valueName\":\"search_term_string\"}}],\"inLanguage\":\"fr-FR\"},{\"@type\":\"Organization\",\"@id\":\"https:\/\/www.praktivak.be\/fr\/#organization\",\"name\":\"Praktivak\",\"url\":\"https:\/\/www.praktivak.be\/fr\/\",\"logo\":{\"@type\":\"ImageObject\",\"inLanguage\":\"fr-FR\",\"@id\":\"https:\/\/www.praktivak.be\/fr\/#\/schema\/logo\/image\/\",\"url\":\"https:\/\/www.praktivak.be\/wp-content\/uploads\/2024\/09\/Logo.png\",\"contentUrl\":\"https:\/\/www.praktivak.be\/wp-content\/uploads\/2024\/09\/Logo.png\",\"width\":1774,\"height\":337,\"caption\":\"Praktivak\"},\"image\":{\"@id\":\"https:\/\/www.praktivak.be\/fr\/#\/schema\/logo\/image\/\"}}]}<\/script>\n<!-- \/ Yoast SEO plugin. -->","yoast_head_json":{"title":"Banc de massage Design sur colonne, 2 pieces, 1 moteur - Praktivak","robots":{"index":"index","follow":"follow","max-snippet":"max-snippet:-1","max-image-preview":"max-image-preview:large","max-video-preview":"max-video-preview:-1"},"canonical":"https:\/\/www.praktivak.be\/fr\/produit\/banc-de-massage-design-sur-colonne-2-pieces-1-moteur\/","og_locale":"fr_FR","og_type":"article","og_title":"Banc de massage Design sur colonne, 2 pieces, 1 moteur - Praktivak","og_description":"Table &agrave; 2 plans tr&egrave;s polyvalente avec un design &eacute;l&eacute;gant. &Eacute;quip&eacute;e d&#146;1 moteur qui r&egrave;gle la hauteur par une boutonni&egrave;re lat&eacute;rale int&eacute;gr&eacute;e dans la structure. Dossier r&eacute;glable par v&eacute;rin &agrave; gaz. Rev&ecirc;tement en PU blanc facile &agrave; nettoyer. Porte-rouleau inclus. D&eacute;tails: Dimensions : 196 x 70cm Poids : 65 kg Position la plus basse : &hellip; Continuer la lecture \"Banc de massage Design sur colonne, 2 pieces, 1 moteur\"","og_url":"https:\/\/www.praktivak.be\/fr\/produit\/banc-de-massage-design-sur-colonne-2-pieces-1-moteur\/","og_site_name":"Praktivak","article_modified_time":"2026-02-01T15:56:24+00:00","og_image":[{"width":800,"height":800,"url":"https:\/\/www.praktivak.be\/wp-content\/uploads\/2025\/09\/E60015-2.jpg","type":"image\/jpeg"}],"twitter_card":"summary_large_image","schema":{"@context":"https:\/\/schema.org","@graph":[{"@type":"WebPage","@id":"https:\/\/www.praktivak.be\/fr\/produit\/banc-de-massage-design-sur-colonne-2-pieces-1-moteur\/","url":"https:\/\/www.praktivak.be\/fr\/produit\/banc-de-massage-design-sur-colonne-2-pieces-1-moteur\/","name":"Banc de massage Design sur colonne, 2 pieces, 1 moteur - Praktivak","isPartOf":{"@id":"https:\/\/www.praktivak.be\/fr\/#website"},"primaryImageOfPage":{"@id":"https:\/\/www.praktivak.be\/fr\/produit\/banc-de-massage-design-sur-colonne-2-pieces-1-moteur\/#primaryimage"},"image":{"@id":"https:\/\/www.praktivak.be\/fr\/produit\/banc-de-massage-design-sur-colonne-2-pieces-1-moteur\/#primaryimage"},"thumbnailUrl":"https:\/\/www.praktivak.be\/wp-content\/uploads\/2025\/09\/E60015-2.jpg","datePublished":"2025-08-14T16:19:43+00:00","dateModified":"2026-02-01T15:56:24+00:00","breadcrumb":{"@id":"https:\/\/www.praktivak.be\/fr\/produit\/banc-de-massage-design-sur-colonne-2-pieces-1-moteur\/#breadcrumb"},"inLanguage":"fr-FR","potentialAction":[{"@type":"ReadAction","target":["https:\/\/www.praktivak.be\/fr\/produit\/banc-de-massage-design-sur-colonne-2-pieces-1-moteur\/"]}]},{"@type":"ImageObject","inLanguage":"fr-FR","@id":"https:\/\/www.praktivak.be\/fr\/produit\/banc-de-massage-design-sur-colonne-2-pieces-1-moteur\/#primaryimage","url":"https:\/\/www.praktivak.be\/wp-content\/uploads\/2025\/09\/E60015-2.jpg","contentUrl":"https:\/\/www.praktivak.be\/wp-content\/uploads\/2025\/09\/E60015-2.jpg","width":800,"height":800},{"@type":"BreadcrumbList","@id":"https:\/\/www.praktivak.be\/fr\/produit\/banc-de-massage-design-sur-colonne-2-pieces-1-moteur\/#breadcrumb","itemListElement":[{"@type":"ListItem","position":1,"name":"Home","item":"https:\/\/www.praktivak.be\/fr\/"},{"@type":"ListItem","position":2,"name":"Boutique","item":"https:\/\/www.praktivak.be\/fr\/boutique\/"},{"@type":"ListItem","position":3,"name":"Banc de massage Design sur colonne, 2 pieces, 1 moteur"}]},{"@type":"WebSite","@id":"https:\/\/www.praktivak.be\/fr\/#website","url":"https:\/\/www.praktivak.be\/fr\/","name":"Praktivak","description":"","publisher":{"@id":"https:\/\/www.praktivak.be\/fr\/#organization"},"potentialAction":[{"@type":"SearchAction","target":{"@type":"EntryPoint","urlTemplate":"https:\/\/www.praktivak.be\/fr\/?s={search_term_string}"},"query-input":{"@type":"PropertyValueSpecification","valueRequired":true,"valueName":"search_term_string"}}],"inLanguage":"fr-FR"},{"@type":"Organization","@id":"https:\/\/www.praktivak.be\/fr\/#organization","name":"Praktivak","url":"https:\/\/www.praktivak.be\/fr\/","logo":{"@type":"ImageObject","inLanguage":"fr-FR","@id":"https:\/\/www.praktivak.be\/fr\/#\/schema\/logo\/image\/","url":"https:\/\/www.praktivak.be\/wp-content\/uploads\/2024\/09\/Logo.png","contentUrl":"https:\/\/www.praktivak.be\/wp-content\/uploads\/2024\/09\/Logo.png","width":1774,"height":337,"caption":"Praktivak"},"image":{"@id":"https:\/\/www.praktivak.be\/fr\/#\/schema\/logo\/image\/"}}]}},"featured_img":"https:\/\/www.praktivak.be\/wp-content\/uploads\/2025\/09\/E60015-2.jpg","coauthors":[],"author_meta":{"author_link":"https:\/\/www.praktivak.be\/fr\/author\/madeit\/","display_name":"Tjebbe Lievens"},"relative_dates":{"created":"Publi\u00e9 8 mois il y a","modified":"Mis \u00e0 jour 2 mois il y a"},"absolute_dates":{"created":"Publi\u00e9 le 14 ao\u00fbt 2025","modified":"Mise \u00e0 jour le 1 f\u00e9vrier 2026"},"absolute_dates_time":{"created":"Publi\u00e9 le 14 ao\u00fbt 2025 18h19","modified":"Mise \u00e0 jour le 1 f\u00e9vrier 2026 16h56"},"featured_img_caption":"","tax_additional":{"product_brand":{"linked":[],"unlinked":[],"slug":"product_brand","name":"Marques"},"product_type":{"linked":["<a href=\"https:\/\/www.praktivak.be\/fr\/?taxonomy=product_type&#038;term=simple\" class=\"advgb-post-tax-term\">simple<\/a>"],"unlinked":["<span class=\"advgb-post-tax-term\">simple<\/span>"],"slug":"product_type","name":"Type de produit"},"product_visibility":{"linked":[],"unlinked":[],"slug":"product_visibility","name":"Visibilit\u00e9 du produit"},"product_cat":{"linked":["<a href=\"https:\/\/www.praktivak.be\/fr\/categorie-de-produit\/inrichtingen-fr\/massagebanken-inrichtingen-fr\/\" class=\"advgb-post-tax-term\">Tables de massage<\/a>"],"unlinked":["<span class=\"advgb-post-tax-term\">Tables de massage<\/span>"],"slug":"product_cat","name":"Cat\u00e9gories de produits"},"product_tag":{"linked":[],"unlinked":[],"slug":"product_tag","name":"\u00c9tiquettes produit"},"product_shipping_class":{"linked":[],"unlinked":[],"slug":"product_shipping_class","name":"Classe d\u2019exp\u00e9dition du produit"},"pos_product_visibility":{"linked":[],"unlinked":[],"slug":"pos_product_visibility","name":"Visibilit\u00e9 du produit sur le point de vente"},"translation_priority":{"linked":[],"unlinked":[],"slug":"translation_priority","name":"Priorit\u00e9s de traduction"}},"series_order":"","_links":{"self":[{"href":"https:\/\/www.praktivak.be\/fr\/wp-json\/wp\/v2\/product\/161078","targetHints":{"allow":["GET"]}}],"collection":[{"href":"https:\/\/www.praktivak.be\/fr\/wp-json\/wp\/v2\/product"}],"about":[{"href":"https:\/\/www.praktivak.be\/fr\/wp-json\/wp\/v2\/types\/product"}],"version-history":[{"count":70,"href":"https:\/\/www.praktivak.be\/fr\/wp-json\/wp\/v2\/product\/161078\/revisions"}],"predecessor-version":[{"id":345897,"href":"https:\/\/www.praktivak.be\/fr\/wp-json\/wp\/v2\/product\/161078\/revisions\/345897"}],"wp:featuredmedia":[{"embeddable":true,"href":"https:\/\/www.praktivak.be\/fr\/wp-json\/wp\/v2\/media\/298624"}],"wp:attachment":[{"href":"https:\/\/www.praktivak.be\/fr\/wp-json\/wp\/v2\/media?parent=161078"}],"wp:term":[{"taxonomy":"product_brand","embeddable":true,"href":"https:\/\/www.praktivak.be\/fr\/wp-json\/wp\/v2\/product_brand?post=161078"},{"taxonomy":"product_cat","embeddable":true,"href":"https:\/\/www.praktivak.be\/fr\/wp-json\/wp\/v2\/product_cat?post=161078"},{"taxonomy":"product_tag","embeddable":true,"href":"https:\/\/www.praktivak.be\/fr\/wp-json\/wp\/v2\/product_tag?post=161078"}],"curies":[{"name":"wp","href":"https:\/\/api.w.org\/{rel}","templated":true}]}}