

{"id":160746,"date":"2025-08-14T18:10:11","date_gmt":"2025-08-14T16:10:11","guid":{"rendered":"https:\/\/www.praktivak.be\/product\/lycon-wax-en-styling-workshop-wenkbrauwen\/"},"modified":"2026-02-01T03:06:34","modified_gmt":"2026-02-01T02:06:34","slug":"lycon-wax-en-styling-workshop-wenkbrauwen","status":"publish","type":"product","link":"https:\/\/www.praktivak.be\/fr\/produit\/lycon-wax-en-styling-workshop-wenkbrauwen\/","title":{"rendered":"Lycon Wax en Styling Workshop &#8211; wenkbrauwen"},"content":{"rendered":"\n<p>[NL]<\/p>\n<p>\nDeze LYCON Wax &amp; Styling &ndash; Wenkbrauwen workshop is speciaal bedoeld voor zowel starters als schoonheidsspecialisten, kappers en Brow-specialisten. Voor alle specialisten die willen overstappen naar de producten en behandelmethoden van LYCON of in hun salon willen uitbreiden.<\/p>\n\n<p>\nIn deze workshop leer je strakke wenkbrauwen waxen en juiste kleuren mengen! KIES voor alleen de workshop &oacute;f incl. de EYEBROW WAX KIT met EXTRA korting!<\/p>\n\n<p>\nDeze workshop bestaat uit &lsquo;hands on&rsquo; praktijktraining. Je oefent op je model de wax techniek en leert werken met de waxsoort LycoJet en LYCON-producten. We zorgen dat je de kunst van de unieke LYCON wax techniek goed onder de knie krijgt om strakke wenkbrauwen te waxen &eacute;n een bovenlip.<\/p>\n\n<p>\nWe zorgen dat je creatiever worden met de kleuren van RefectoCil! Wij maken van jou een echte kleurspecialist! In de workshop maak je kennis met het LYCON-concept, het LYCON-productassortiment, SPA en After Wax Care @home.<\/p>\n\n<p>\nWat je weet en kunt na deze training<\/p>\n<p>\n&ndash; Je hebt de LYCON spateltechniek voor de wenkbrauwen goed onder de knie<\/p>\n<p>\n&ndash; Je ontvangt veel praktische tips en tricks<\/p>\n<p>\n&ndash; Je bent een wenkbrauw kleurspecialist!<\/p>\n<p>\n&ndash; Je gaat vol vertrouwen aan de slag in jouw salon<\/p>\n\n<p>\nNa je aanmelding nemen wij contact met je op en plannen we een datum in. <\/p>\n\n<p>\nPLANNING:<\/p>\n<p>\n&ndash; Welkom<\/p>\n<p>\n&ndash; Kleuradvies op maat en verven* wenkbrauwen<\/p>\n<p>\n&ndash; Introductie Lycon EyeBrow WAX methode<\/p>\n<p>\n&ndash; Aanleren en toepassen spateltechniek<\/p>\n<p>\n&ndash; Extra bovenlip waxen!<\/p>\n<p>\n&ndash; Evaluatie<\/p>\n<p>\n*We werken met de verf van Refectocil, je leert kleuren mengen voor de perfecte BROW!<\/p>\n\n<p>\nInhoud EYEBROW WAX KIT: 1 x LycoPRO Baby Heater (225 ml) 1 x EyeBrow Wax (500 gr) 1 x Pre- Post Kit ((Lycotane, Pre-Waxing Oil, Tea-Tree Soothe, Tea-Tree Perfect, Wax Solvent) 1 x Paddle Pops (100 stuks) 1 x Orange Sticks (100 stuks)<\/p>\n\n<p>\nJe hebt een model nodig voor deze workshop. Je ontvangt na aanmelding een uitnodiging met alle info!<\/p>\n\n\n","protected":false},"excerpt":{"rendered":"<p>[NL] Deze LYCON Wax &amp; Styling &ndash; Wenkbrauwen workshop is speciaal bedoeld voor zowel starters als schoonheidsspecialisten, kappers en Brow-specialisten. Voor alle specialisten die willen overstappen naar de producten en behandelmethoden van LYCON of in hun salon willen uitbreiden. In deze workshop leer je strakke wenkbrauwen waxen en juiste kleuren mengen! KIES voor alleen de &hellip; <\/p>\n<p class=\"link-more\"><a href=\"https:\/\/www.praktivak.be\/fr\/produit\/lycon-wax-en-styling-workshop-wenkbrauwen\/\" class=\"more-link\">Continuer la lecture<span class=\"screen-reader-text\"> \u00ab\u00a0Lycon Wax en Styling Workshop &#8211; wenkbrauwen\u00a0\u00bb<\/span><\/a><\/p>\n","protected":false},"author":1,"featured_media":298029,"template":"","meta":{"_acf_changed":false,"_relevanssi_hide_post":"","_relevanssi_hide_content":"","_relevanssi_pin_for_all":"","_relevanssi_pin_keywords":"","_relevanssi_unpin_keywords":"","_relevanssi_related_keywords":"","_relevanssi_related_include_ids":"","_relevanssi_related_exclude_ids":"","_relevanssi_related_no_append":"","_relevanssi_related_not_related":"","_relevanssi_related_posts":"","_relevanssi_noindex_reason":"","advgb_blocks_editor_width":"","advgb_blocks_columns_visual_guide":"","footnotes":""},"product_brand":[],"product_cat":[2079],"product_tag":[],"class_list":{"0":"post-160746","1":"product","2":"type-product","3":"status-publish","4":"has-post-thumbnail","6":"product_cat-trainingen-fr","8":"first","9":"instock","10":"taxable","11":"shipping-taxable","12":"product-type-simple"},"acf":[],"yoast_head":"<!-- This site is optimized with the Yoast SEO plugin v27.2 - https:\/\/yoast.com\/product\/yoast-seo-wordpress\/ -->\n<title>Lycon Wax en Styling Workshop - wenkbrauwen - Praktivak<\/title>\n<meta name=\"robots\" content=\"index, follow, max-snippet:-1, max-image-preview:large, max-video-preview:-1\" \/>\n<link rel=\"canonical\" href=\"https:\/\/www.praktivak.be\/fr\/produit\/lycon-wax-en-styling-workshop-wenkbrauwen\/\" \/>\n<meta property=\"og:locale\" content=\"fr_FR\" \/>\n<meta property=\"og:type\" content=\"article\" \/>\n<meta property=\"og:title\" content=\"Lycon Wax en Styling Workshop - wenkbrauwen - Praktivak\" \/>\n<meta property=\"og:description\" content=\"[NL] Deze LYCON Wax &amp; Styling &ndash; Wenkbrauwen workshop is speciaal bedoeld voor zowel starters als schoonheidsspecialisten, kappers en Brow-specialisten. Voor alle specialisten die willen overstappen naar de producten en behandelmethoden van LYCON of in hun salon willen uitbreiden. In deze workshop leer je strakke wenkbrauwen waxen en juiste kleuren mengen! KIES voor alleen de &hellip; Continuer la lecture &quot;Lycon Wax en Styling Workshop &#8211; wenkbrauwen&quot;\" \/>\n<meta property=\"og:url\" content=\"https:\/\/www.praktivak.be\/fr\/produit\/lycon-wax-en-styling-workshop-wenkbrauwen\/\" \/>\n<meta property=\"og:site_name\" content=\"Praktivak\" \/>\n<meta property=\"article:modified_time\" content=\"2026-02-01T02:06:34+00:00\" \/>\n<meta property=\"og:image\" content=\"https:\/\/www.praktivak.be\/wp-content\/uploads\/2025\/09\/LNWS003.jpg\" \/>\n\t<meta property=\"og:image:width\" content=\"1000\" \/>\n\t<meta property=\"og:image:height\" content=\"1000\" \/>\n\t<meta property=\"og:image:type\" content=\"image\/jpeg\" \/>\n<meta name=\"twitter:card\" content=\"summary_large_image\" \/>\n<meta name=\"twitter:label1\" content=\"Dur\u00e9e de lecture estim\u00e9e\" \/>\n\t<meta name=\"twitter:data1\" content=\"2 minutes\" \/>\n<script type=\"application\/ld+json\" class=\"yoast-schema-graph\">{\"@context\":\"https:\/\/schema.org\",\"@graph\":[{\"@type\":\"WebPage\",\"@id\":\"https:\/\/www.praktivak.be\/fr\/produit\/lycon-wax-en-styling-workshop-wenkbrauwen\/\",\"url\":\"https:\/\/www.praktivak.be\/fr\/produit\/lycon-wax-en-styling-workshop-wenkbrauwen\/\",\"name\":\"Lycon Wax en Styling Workshop - wenkbrauwen - Praktivak\",\"isPartOf\":{\"@id\":\"https:\/\/www.praktivak.be\/fr\/#website\"},\"primaryImageOfPage\":{\"@id\":\"https:\/\/www.praktivak.be\/fr\/produit\/lycon-wax-en-styling-workshop-wenkbrauwen\/#primaryimage\"},\"image\":{\"@id\":\"https:\/\/www.praktivak.be\/fr\/produit\/lycon-wax-en-styling-workshop-wenkbrauwen\/#primaryimage\"},\"thumbnailUrl\":\"https:\/\/www.praktivak.be\/wp-content\/uploads\/2025\/09\/LNWS003.jpg\",\"datePublished\":\"2025-08-14T16:10:11+00:00\",\"dateModified\":\"2026-02-01T02:06:34+00:00\",\"breadcrumb\":{\"@id\":\"https:\/\/www.praktivak.be\/fr\/produit\/lycon-wax-en-styling-workshop-wenkbrauwen\/#breadcrumb\"},\"inLanguage\":\"fr-FR\",\"potentialAction\":[{\"@type\":\"ReadAction\",\"target\":[\"https:\/\/www.praktivak.be\/fr\/produit\/lycon-wax-en-styling-workshop-wenkbrauwen\/\"]}]},{\"@type\":\"ImageObject\",\"inLanguage\":\"fr-FR\",\"@id\":\"https:\/\/www.praktivak.be\/fr\/produit\/lycon-wax-en-styling-workshop-wenkbrauwen\/#primaryimage\",\"url\":\"https:\/\/www.praktivak.be\/wp-content\/uploads\/2025\/09\/LNWS003.jpg\",\"contentUrl\":\"https:\/\/www.praktivak.be\/wp-content\/uploads\/2025\/09\/LNWS003.jpg\",\"width\":1000,\"height\":1000},{\"@type\":\"BreadcrumbList\",\"@id\":\"https:\/\/www.praktivak.be\/fr\/produit\/lycon-wax-en-styling-workshop-wenkbrauwen\/#breadcrumb\",\"itemListElement\":[{\"@type\":\"ListItem\",\"position\":1,\"name\":\"Home\",\"item\":\"https:\/\/www.praktivak.be\/fr\/\"},{\"@type\":\"ListItem\",\"position\":2,\"name\":\"Boutique\",\"item\":\"https:\/\/www.praktivak.be\/fr\/boutique\/\"},{\"@type\":\"ListItem\",\"position\":3,\"name\":\"Lycon Wax en Styling Workshop &#8211; wenkbrauwen\"}]},{\"@type\":\"WebSite\",\"@id\":\"https:\/\/www.praktivak.be\/fr\/#website\",\"url\":\"https:\/\/www.praktivak.be\/fr\/\",\"name\":\"Praktivak\",\"description\":\"\",\"publisher\":{\"@id\":\"https:\/\/www.praktivak.be\/fr\/#organization\"},\"potentialAction\":[{\"@type\":\"SearchAction\",\"target\":{\"@type\":\"EntryPoint\",\"urlTemplate\":\"https:\/\/www.praktivak.be\/fr\/?s={search_term_string}\"},\"query-input\":{\"@type\":\"PropertyValueSpecification\",\"valueRequired\":true,\"valueName\":\"search_term_string\"}}],\"inLanguage\":\"fr-FR\"},{\"@type\":\"Organization\",\"@id\":\"https:\/\/www.praktivak.be\/fr\/#organization\",\"name\":\"Praktivak\",\"url\":\"https:\/\/www.praktivak.be\/fr\/\",\"logo\":{\"@type\":\"ImageObject\",\"inLanguage\":\"fr-FR\",\"@id\":\"https:\/\/www.praktivak.be\/fr\/#\/schema\/logo\/image\/\",\"url\":\"https:\/\/www.praktivak.be\/wp-content\/uploads\/2024\/09\/Logo.png\",\"contentUrl\":\"https:\/\/www.praktivak.be\/wp-content\/uploads\/2024\/09\/Logo.png\",\"width\":1774,\"height\":337,\"caption\":\"Praktivak\"},\"image\":{\"@id\":\"https:\/\/www.praktivak.be\/fr\/#\/schema\/logo\/image\/\"}}]}<\/script>\n<!-- \/ Yoast SEO plugin. -->","yoast_head_json":{"title":"Lycon Wax en Styling Workshop - wenkbrauwen - Praktivak","robots":{"index":"index","follow":"follow","max-snippet":"max-snippet:-1","max-image-preview":"max-image-preview:large","max-video-preview":"max-video-preview:-1"},"canonical":"https:\/\/www.praktivak.be\/fr\/produit\/lycon-wax-en-styling-workshop-wenkbrauwen\/","og_locale":"fr_FR","og_type":"article","og_title":"Lycon Wax en Styling Workshop - wenkbrauwen - Praktivak","og_description":"[NL] Deze LYCON Wax &amp; Styling &ndash; Wenkbrauwen workshop is speciaal bedoeld voor zowel starters als schoonheidsspecialisten, kappers en Brow-specialisten. Voor alle specialisten die willen overstappen naar de producten en behandelmethoden van LYCON of in hun salon willen uitbreiden. In deze workshop leer je strakke wenkbrauwen waxen en juiste kleuren mengen! KIES voor alleen de &hellip; Continuer la lecture \"Lycon Wax en Styling Workshop &#8211; wenkbrauwen\"","og_url":"https:\/\/www.praktivak.be\/fr\/produit\/lycon-wax-en-styling-workshop-wenkbrauwen\/","og_site_name":"Praktivak","article_modified_time":"2026-02-01T02:06:34+00:00","og_image":[{"width":1000,"height":1000,"url":"https:\/\/www.praktivak.be\/wp-content\/uploads\/2025\/09\/LNWS003.jpg","type":"image\/jpeg"}],"twitter_card":"summary_large_image","twitter_misc":{"Dur\u00e9e de lecture estim\u00e9e":"2 minutes"},"schema":{"@context":"https:\/\/schema.org","@graph":[{"@type":"WebPage","@id":"https:\/\/www.praktivak.be\/fr\/produit\/lycon-wax-en-styling-workshop-wenkbrauwen\/","url":"https:\/\/www.praktivak.be\/fr\/produit\/lycon-wax-en-styling-workshop-wenkbrauwen\/","name":"Lycon Wax en Styling Workshop - wenkbrauwen - Praktivak","isPartOf":{"@id":"https:\/\/www.praktivak.be\/fr\/#website"},"primaryImageOfPage":{"@id":"https:\/\/www.praktivak.be\/fr\/produit\/lycon-wax-en-styling-workshop-wenkbrauwen\/#primaryimage"},"image":{"@id":"https:\/\/www.praktivak.be\/fr\/produit\/lycon-wax-en-styling-workshop-wenkbrauwen\/#primaryimage"},"thumbnailUrl":"https:\/\/www.praktivak.be\/wp-content\/uploads\/2025\/09\/LNWS003.jpg","datePublished":"2025-08-14T16:10:11+00:00","dateModified":"2026-02-01T02:06:34+00:00","breadcrumb":{"@id":"https:\/\/www.praktivak.be\/fr\/produit\/lycon-wax-en-styling-workshop-wenkbrauwen\/#breadcrumb"},"inLanguage":"fr-FR","potentialAction":[{"@type":"ReadAction","target":["https:\/\/www.praktivak.be\/fr\/produit\/lycon-wax-en-styling-workshop-wenkbrauwen\/"]}]},{"@type":"ImageObject","inLanguage":"fr-FR","@id":"https:\/\/www.praktivak.be\/fr\/produit\/lycon-wax-en-styling-workshop-wenkbrauwen\/#primaryimage","url":"https:\/\/www.praktivak.be\/wp-content\/uploads\/2025\/09\/LNWS003.jpg","contentUrl":"https:\/\/www.praktivak.be\/wp-content\/uploads\/2025\/09\/LNWS003.jpg","width":1000,"height":1000},{"@type":"BreadcrumbList","@id":"https:\/\/www.praktivak.be\/fr\/produit\/lycon-wax-en-styling-workshop-wenkbrauwen\/#breadcrumb","itemListElement":[{"@type":"ListItem","position":1,"name":"Home","item":"https:\/\/www.praktivak.be\/fr\/"},{"@type":"ListItem","position":2,"name":"Boutique","item":"https:\/\/www.praktivak.be\/fr\/boutique\/"},{"@type":"ListItem","position":3,"name":"Lycon Wax en Styling Workshop &#8211; wenkbrauwen"}]},{"@type":"WebSite","@id":"https:\/\/www.praktivak.be\/fr\/#website","url":"https:\/\/www.praktivak.be\/fr\/","name":"Praktivak","description":"","publisher":{"@id":"https:\/\/www.praktivak.be\/fr\/#organization"},"potentialAction":[{"@type":"SearchAction","target":{"@type":"EntryPoint","urlTemplate":"https:\/\/www.praktivak.be\/fr\/?s={search_term_string}"},"query-input":{"@type":"PropertyValueSpecification","valueRequired":true,"valueName":"search_term_string"}}],"inLanguage":"fr-FR"},{"@type":"Organization","@id":"https:\/\/www.praktivak.be\/fr\/#organization","name":"Praktivak","url":"https:\/\/www.praktivak.be\/fr\/","logo":{"@type":"ImageObject","inLanguage":"fr-FR","@id":"https:\/\/www.praktivak.be\/fr\/#\/schema\/logo\/image\/","url":"https:\/\/www.praktivak.be\/wp-content\/uploads\/2024\/09\/Logo.png","contentUrl":"https:\/\/www.praktivak.be\/wp-content\/uploads\/2024\/09\/Logo.png","width":1774,"height":337,"caption":"Praktivak"},"image":{"@id":"https:\/\/www.praktivak.be\/fr\/#\/schema\/logo\/image\/"}}]}},"featured_img":"https:\/\/www.praktivak.be\/wp-content\/uploads\/2025\/09\/LNWS003.jpg","coauthors":[],"author_meta":{"author_link":"https:\/\/www.praktivak.be\/fr\/author\/madeit\/","display_name":"Tjebbe Lievens"},"relative_dates":{"created":"Publi\u00e9 8 mois il y a","modified":"Mis \u00e0 jour 2 mois il y a"},"absolute_dates":{"created":"Publi\u00e9 le 14 ao\u00fbt 2025","modified":"Mise \u00e0 jour le 1 f\u00e9vrier 2026"},"absolute_dates_time":{"created":"Publi\u00e9 le 14 ao\u00fbt 2025 18h10","modified":"Mise \u00e0 jour le 1 f\u00e9vrier 2026 3h06"},"featured_img_caption":"","tax_additional":{"product_brand":{"linked":[],"unlinked":[],"slug":"product_brand","name":"Marques"},"product_type":{"linked":["<a href=\"https:\/\/www.praktivak.be\/fr\/?taxonomy=product_type&#038;term=simple\" class=\"advgb-post-tax-term\">simple<\/a>"],"unlinked":["<span class=\"advgb-post-tax-term\">simple<\/span>"],"slug":"product_type","name":"Type de produit"},"product_visibility":{"linked":[],"unlinked":[],"slug":"product_visibility","name":"Visibilit\u00e9 du produit"},"product_cat":{"linked":["<a href=\"https:\/\/www.praktivak.be\/fr\/categorie-de-produit\/ontharing-fr\/lycon-fr\/trainingen-fr\/\" class=\"advgb-post-tax-term\">Formations<\/a>"],"unlinked":["<span class=\"advgb-post-tax-term\">Formations<\/span>"],"slug":"product_cat","name":"Cat\u00e9gories de produits"},"product_tag":{"linked":[],"unlinked":[],"slug":"product_tag","name":"\u00c9tiquettes produit"},"product_shipping_class":{"linked":[],"unlinked":[],"slug":"product_shipping_class","name":"Classe d\u2019exp\u00e9dition du produit"},"pos_product_visibility":{"linked":[],"unlinked":[],"slug":"pos_product_visibility","name":"Visibilit\u00e9 du produit sur le point de vente"},"translation_priority":{"linked":[],"unlinked":[],"slug":"translation_priority","name":"Priorit\u00e9s de traduction"}},"series_order":"","_links":{"self":[{"href":"https:\/\/www.praktivak.be\/fr\/wp-json\/wp\/v2\/product\/160746","targetHints":{"allow":["GET"]}}],"collection":[{"href":"https:\/\/www.praktivak.be\/fr\/wp-json\/wp\/v2\/product"}],"about":[{"href":"https:\/\/www.praktivak.be\/fr\/wp-json\/wp\/v2\/types\/product"}],"version-history":[{"count":65,"href":"https:\/\/www.praktivak.be\/fr\/wp-json\/wp\/v2\/product\/160746\/revisions"}],"predecessor-version":[{"id":329882,"href":"https:\/\/www.praktivak.be\/fr\/wp-json\/wp\/v2\/product\/160746\/revisions\/329882"}],"wp:featuredmedia":[{"embeddable":true,"href":"https:\/\/www.praktivak.be\/fr\/wp-json\/wp\/v2\/media\/298029"}],"wp:attachment":[{"href":"https:\/\/www.praktivak.be\/fr\/wp-json\/wp\/v2\/media?parent=160746"}],"wp:term":[{"taxonomy":"product_brand","embeddable":true,"href":"https:\/\/www.praktivak.be\/fr\/wp-json\/wp\/v2\/product_brand?post=160746"},{"taxonomy":"product_cat","embeddable":true,"href":"https:\/\/www.praktivak.be\/fr\/wp-json\/wp\/v2\/product_cat?post=160746"},{"taxonomy":"product_tag","embeddable":true,"href":"https:\/\/www.praktivak.be\/fr\/wp-json\/wp\/v2\/product_tag?post=160746"}],"curies":[{"name":"wp","href":"https:\/\/api.w.org\/{rel}","templated":true}]}}