

{"id":160732,"date":"2025-08-14T18:09:56","date_gmt":"2025-08-14T16:09:56","guid":{"rendered":"https:\/\/www.praktivak.be\/product\/lycon-wax-workshop-gezicht-en-oksels\/"},"modified":"2026-02-01T03:06:33","modified_gmt":"2026-02-01T02:06:33","slug":"lycon-wax-workshop","status":"publish","type":"product","link":"https:\/\/www.praktivak.be\/fr\/produit\/lycon-wax-workshop\/","title":{"rendered":"Lycon Wax Workshop"},"content":{"rendered":"\n<p>[NL]<\/p>\n<p>\nDeze workshop is gericht op praktijktraining. Je oefent de wax techniek voor het volledig gezicht en oksels met de waxsoorten Hot en LycoJet Wax. Je leert volgens de LYCON methode de juiste handelingen en techniek. Ook maak je kennis met de waxsoort Lycotec voor de zeer gevoelige huid en demonstreren de behandeling kaaklijn &amp; wangen.<\/p>\n\n<p>\nIn de workshop maak je kennis met het LYCON-concept, het LYCON-productassortiment, SPA en After Wax Care @home. Tenslotte besteden we aandacht aan vragen die je in de praktijk kunt tegenkomen.<\/p>\n\n<p>\nDe 3,5-uur durende workshop start met een presentatie step-by-step uitleg over het LYCON-concept. Je maakt kennis met de SPA en after wax care productlijnen en de unieke waxsoorten. Je hebt een model nodig om goed te kunnen oefenen.<\/p>\n\n<p>\nJe leert de spateltechnieken aan met de wax soorten Hot wax, LycoJet en LycoTEC wax voor de zeer gevoelige huid van de bovenlip, wenkbrauwen, kin, wangen, kaaklijn en oksels.<\/p>\n\n<p>\nWe bespreken veel gestelde vragen uit de praktijk en staan uitgebreid stil bij het comfort van je klanten tijdens de waxbehandelingen. We adviseren je over marketing en sales en geven volop extra tips en adviezen voor het waxen in je salon.<\/p>\n\n<p>\nKosten workshop:<\/p>\n<p>\n&euro; 99,- excl. BTW per deelnemer + 20% extra korting op alle wax starterskitten &eacute;n boek direct een nieuwe Training met 10% korting! Naast de ervaren waxer en schoonheidsspecialisten ook een geschikte workshop voor kappers en brow-specialisten.<\/p>\n\n<p>\nLocatie<\/p>\n<p>\nBowie Medical bv &ndash; Brugstraat 51 Turnhout.<\/p>\n\n<p>\nDeze LYCON Wax workshop &ndash; gezicht &amp; oksels is speciaal bedoeld voor zowel starters, schoonheidsspecialisten en de ervaren waxing professionals die al waxbehandelingen voor het gezicht aanbieden en willen overstappen naar de producten en behandelmethoden van LYCON of in hun salon willen uitbreiden.<\/p>\n\n<p>\nIn de workshop maak je kennis met het LYCON-concept, het LYCON-productassortiment, SPA en After Wax Care@home. Tenslotte besteden we aandacht aan vragen die je in de praktijk kunt tegenkomen.<\/p>\n\n<p>\nWat je weet en kunt na deze training<\/p>\n<p>\nJe hebt de LYCON spateltechnieken voor het gezicht en oksels goed onder de knie<\/p>\n<p>\nJe weet hoe je te alle tijde zorgt voor het comfort van je klanten<\/p>\n<p>\nJe ontvangt veel praktische tips en tricks<\/p>\n<p>\nJe ontvangt het orginele LYCON wax workshop certificaat!<\/p>\n<p>\nJe gaat vol vertrouwen aan de slag in jouw salon<\/p>\n\n<p>\nGRATIS bij aanschaf van WAX KIT 3 na de training<\/p>\n\n","protected":false},"excerpt":{"rendered":"<p>[NL] Deze workshop is gericht op praktijktraining. Je oefent de wax techniek voor het volledig gezicht en oksels met de waxsoorten Hot en LycoJet Wax. Je leert volgens de LYCON methode de juiste handelingen en techniek. Ook maak je kennis met de waxsoort Lycotec voor de zeer gevoelige huid en demonstreren de behandeling kaaklijn &amp; &hellip; <\/p>\n<p class=\"link-more\"><a href=\"https:\/\/www.praktivak.be\/fr\/produit\/lycon-wax-workshop\/\" class=\"more-link\">Continuer la lecture<span class=\"screen-reader-text\"> \u00ab\u00a0Lycon Wax Workshop\u00a0\u00bb<\/span><\/a><\/p>\n","protected":false},"author":1,"featured_media":299020,"template":"","meta":{"_acf_changed":false,"_relevanssi_hide_post":"","_relevanssi_hide_content":"","_relevanssi_pin_for_all":"","_relevanssi_pin_keywords":"","_relevanssi_unpin_keywords":"","_relevanssi_related_keywords":"","_relevanssi_related_include_ids":"","_relevanssi_related_exclude_ids":"","_relevanssi_related_no_append":"","_relevanssi_related_not_related":"","_relevanssi_related_posts":"","_relevanssi_noindex_reason":"","advgb_blocks_editor_width":"","advgb_blocks_columns_visual_guide":"","footnotes":""},"product_brand":[],"product_cat":[2079],"product_tag":[],"class_list":{"0":"post-160732","1":"product","2":"type-product","3":"status-publish","4":"has-post-thumbnail","6":"product_cat-trainingen-fr","8":"first","9":"instock","10":"taxable","11":"shipping-taxable","12":"product-type-simple"},"acf":[],"yoast_head":"<!-- This site is optimized with the Yoast SEO plugin v27.2 - https:\/\/yoast.com\/product\/yoast-seo-wordpress\/ -->\n<title>Lycon Wax Workshop - Praktivak<\/title>\n<meta name=\"robots\" content=\"index, follow, max-snippet:-1, max-image-preview:large, max-video-preview:-1\" \/>\n<link rel=\"canonical\" href=\"https:\/\/www.praktivak.be\/fr\/produit\/lycon-wax-workshop\/\" \/>\n<meta property=\"og:locale\" content=\"fr_FR\" \/>\n<meta property=\"og:type\" content=\"article\" \/>\n<meta property=\"og:title\" content=\"Lycon Wax Workshop - Praktivak\" \/>\n<meta property=\"og:description\" content=\"[NL] Deze workshop is gericht op praktijktraining. Je oefent de wax techniek voor het volledig gezicht en oksels met de waxsoorten Hot en LycoJet Wax. Je leert volgens de LYCON methode de juiste handelingen en techniek. Ook maak je kennis met de waxsoort Lycotec voor de zeer gevoelige huid en demonstreren de behandeling kaaklijn &amp; &hellip; Continuer la lecture &quot;Lycon Wax Workshop&quot;\" \/>\n<meta property=\"og:url\" content=\"https:\/\/www.praktivak.be\/fr\/produit\/lycon-wax-workshop\/\" \/>\n<meta property=\"og:site_name\" content=\"Praktivak\" \/>\n<meta property=\"article:modified_time\" content=\"2026-02-01T02:06:33+00:00\" \/>\n<meta property=\"og:image\" content=\"https:\/\/www.praktivak.be\/wp-content\/uploads\/2025\/09\/LNWS001.jpg\" \/>\n\t<meta property=\"og:image:width\" content=\"1000\" \/>\n\t<meta property=\"og:image:height\" content=\"1000\" \/>\n\t<meta property=\"og:image:type\" content=\"image\/jpeg\" \/>\n<meta name=\"twitter:card\" content=\"summary_large_image\" \/>\n<meta name=\"twitter:label1\" content=\"Dur\u00e9e de lecture estim\u00e9e\" \/>\n\t<meta name=\"twitter:data1\" content=\"2 minutes\" \/>\n<script type=\"application\/ld+json\" class=\"yoast-schema-graph\">{\"@context\":\"https:\/\/schema.org\",\"@graph\":[{\"@type\":\"WebPage\",\"@id\":\"https:\/\/www.praktivak.be\/fr\/produit\/lycon-wax-workshop\/\",\"url\":\"https:\/\/www.praktivak.be\/fr\/produit\/lycon-wax-workshop\/\",\"name\":\"Lycon Wax Workshop - Praktivak\",\"isPartOf\":{\"@id\":\"https:\/\/www.praktivak.be\/fr\/#website\"},\"primaryImageOfPage\":{\"@id\":\"https:\/\/www.praktivak.be\/fr\/produit\/lycon-wax-workshop\/#primaryimage\"},\"image\":{\"@id\":\"https:\/\/www.praktivak.be\/fr\/produit\/lycon-wax-workshop\/#primaryimage\"},\"thumbnailUrl\":\"https:\/\/www.praktivak.be\/wp-content\/uploads\/2025\/09\/LNWS001.jpg\",\"datePublished\":\"2025-08-14T16:09:56+00:00\",\"dateModified\":\"2026-02-01T02:06:33+00:00\",\"breadcrumb\":{\"@id\":\"https:\/\/www.praktivak.be\/fr\/produit\/lycon-wax-workshop\/#breadcrumb\"},\"inLanguage\":\"fr-FR\",\"potentialAction\":[{\"@type\":\"ReadAction\",\"target\":[\"https:\/\/www.praktivak.be\/fr\/produit\/lycon-wax-workshop\/\"]}]},{\"@type\":\"ImageObject\",\"inLanguage\":\"fr-FR\",\"@id\":\"https:\/\/www.praktivak.be\/fr\/produit\/lycon-wax-workshop\/#primaryimage\",\"url\":\"https:\/\/www.praktivak.be\/wp-content\/uploads\/2025\/09\/LNWS001.jpg\",\"contentUrl\":\"https:\/\/www.praktivak.be\/wp-content\/uploads\/2025\/09\/LNWS001.jpg\",\"width\":1000,\"height\":1000},{\"@type\":\"BreadcrumbList\",\"@id\":\"https:\/\/www.praktivak.be\/fr\/produit\/lycon-wax-workshop\/#breadcrumb\",\"itemListElement\":[{\"@type\":\"ListItem\",\"position\":1,\"name\":\"Home\",\"item\":\"https:\/\/www.praktivak.be\/fr\/\"},{\"@type\":\"ListItem\",\"position\":2,\"name\":\"Boutique\",\"item\":\"https:\/\/www.praktivak.be\/fr\/boutique\/\"},{\"@type\":\"ListItem\",\"position\":3,\"name\":\"Lycon Wax Workshop\"}]},{\"@type\":\"WebSite\",\"@id\":\"https:\/\/www.praktivak.be\/fr\/#website\",\"url\":\"https:\/\/www.praktivak.be\/fr\/\",\"name\":\"Praktivak\",\"description\":\"\",\"publisher\":{\"@id\":\"https:\/\/www.praktivak.be\/fr\/#organization\"},\"potentialAction\":[{\"@type\":\"SearchAction\",\"target\":{\"@type\":\"EntryPoint\",\"urlTemplate\":\"https:\/\/www.praktivak.be\/fr\/?s={search_term_string}\"},\"query-input\":{\"@type\":\"PropertyValueSpecification\",\"valueRequired\":true,\"valueName\":\"search_term_string\"}}],\"inLanguage\":\"fr-FR\"},{\"@type\":\"Organization\",\"@id\":\"https:\/\/www.praktivak.be\/fr\/#organization\",\"name\":\"Praktivak\",\"url\":\"https:\/\/www.praktivak.be\/fr\/\",\"logo\":{\"@type\":\"ImageObject\",\"inLanguage\":\"fr-FR\",\"@id\":\"https:\/\/www.praktivak.be\/fr\/#\/schema\/logo\/image\/\",\"url\":\"https:\/\/www.praktivak.be\/wp-content\/uploads\/2024\/09\/Logo.png\",\"contentUrl\":\"https:\/\/www.praktivak.be\/wp-content\/uploads\/2024\/09\/Logo.png\",\"width\":1774,\"height\":337,\"caption\":\"Praktivak\"},\"image\":{\"@id\":\"https:\/\/www.praktivak.be\/fr\/#\/schema\/logo\/image\/\"}}]}<\/script>\n<!-- \/ Yoast SEO plugin. -->","yoast_head_json":{"title":"Lycon Wax Workshop - Praktivak","robots":{"index":"index","follow":"follow","max-snippet":"max-snippet:-1","max-image-preview":"max-image-preview:large","max-video-preview":"max-video-preview:-1"},"canonical":"https:\/\/www.praktivak.be\/fr\/produit\/lycon-wax-workshop\/","og_locale":"fr_FR","og_type":"article","og_title":"Lycon Wax Workshop - Praktivak","og_description":"[NL] Deze workshop is gericht op praktijktraining. Je oefent de wax techniek voor het volledig gezicht en oksels met de waxsoorten Hot en LycoJet Wax. Je leert volgens de LYCON methode de juiste handelingen en techniek. Ook maak je kennis met de waxsoort Lycotec voor de zeer gevoelige huid en demonstreren de behandeling kaaklijn &amp; &hellip; Continuer la lecture \"Lycon Wax Workshop\"","og_url":"https:\/\/www.praktivak.be\/fr\/produit\/lycon-wax-workshop\/","og_site_name":"Praktivak","article_modified_time":"2026-02-01T02:06:33+00:00","og_image":[{"width":1000,"height":1000,"url":"https:\/\/www.praktivak.be\/wp-content\/uploads\/2025\/09\/LNWS001.jpg","type":"image\/jpeg"}],"twitter_card":"summary_large_image","twitter_misc":{"Dur\u00e9e de lecture estim\u00e9e":"2 minutes"},"schema":{"@context":"https:\/\/schema.org","@graph":[{"@type":"WebPage","@id":"https:\/\/www.praktivak.be\/fr\/produit\/lycon-wax-workshop\/","url":"https:\/\/www.praktivak.be\/fr\/produit\/lycon-wax-workshop\/","name":"Lycon Wax Workshop - Praktivak","isPartOf":{"@id":"https:\/\/www.praktivak.be\/fr\/#website"},"primaryImageOfPage":{"@id":"https:\/\/www.praktivak.be\/fr\/produit\/lycon-wax-workshop\/#primaryimage"},"image":{"@id":"https:\/\/www.praktivak.be\/fr\/produit\/lycon-wax-workshop\/#primaryimage"},"thumbnailUrl":"https:\/\/www.praktivak.be\/wp-content\/uploads\/2025\/09\/LNWS001.jpg","datePublished":"2025-08-14T16:09:56+00:00","dateModified":"2026-02-01T02:06:33+00:00","breadcrumb":{"@id":"https:\/\/www.praktivak.be\/fr\/produit\/lycon-wax-workshop\/#breadcrumb"},"inLanguage":"fr-FR","potentialAction":[{"@type":"ReadAction","target":["https:\/\/www.praktivak.be\/fr\/produit\/lycon-wax-workshop\/"]}]},{"@type":"ImageObject","inLanguage":"fr-FR","@id":"https:\/\/www.praktivak.be\/fr\/produit\/lycon-wax-workshop\/#primaryimage","url":"https:\/\/www.praktivak.be\/wp-content\/uploads\/2025\/09\/LNWS001.jpg","contentUrl":"https:\/\/www.praktivak.be\/wp-content\/uploads\/2025\/09\/LNWS001.jpg","width":1000,"height":1000},{"@type":"BreadcrumbList","@id":"https:\/\/www.praktivak.be\/fr\/produit\/lycon-wax-workshop\/#breadcrumb","itemListElement":[{"@type":"ListItem","position":1,"name":"Home","item":"https:\/\/www.praktivak.be\/fr\/"},{"@type":"ListItem","position":2,"name":"Boutique","item":"https:\/\/www.praktivak.be\/fr\/boutique\/"},{"@type":"ListItem","position":3,"name":"Lycon Wax Workshop"}]},{"@type":"WebSite","@id":"https:\/\/www.praktivak.be\/fr\/#website","url":"https:\/\/www.praktivak.be\/fr\/","name":"Praktivak","description":"","publisher":{"@id":"https:\/\/www.praktivak.be\/fr\/#organization"},"potentialAction":[{"@type":"SearchAction","target":{"@type":"EntryPoint","urlTemplate":"https:\/\/www.praktivak.be\/fr\/?s={search_term_string}"},"query-input":{"@type":"PropertyValueSpecification","valueRequired":true,"valueName":"search_term_string"}}],"inLanguage":"fr-FR"},{"@type":"Organization","@id":"https:\/\/www.praktivak.be\/fr\/#organization","name":"Praktivak","url":"https:\/\/www.praktivak.be\/fr\/","logo":{"@type":"ImageObject","inLanguage":"fr-FR","@id":"https:\/\/www.praktivak.be\/fr\/#\/schema\/logo\/image\/","url":"https:\/\/www.praktivak.be\/wp-content\/uploads\/2024\/09\/Logo.png","contentUrl":"https:\/\/www.praktivak.be\/wp-content\/uploads\/2024\/09\/Logo.png","width":1774,"height":337,"caption":"Praktivak"},"image":{"@id":"https:\/\/www.praktivak.be\/fr\/#\/schema\/logo\/image\/"}}]}},"featured_img":"https:\/\/www.praktivak.be\/wp-content\/uploads\/2025\/09\/LNWS001.jpg","coauthors":[],"author_meta":{"author_link":"https:\/\/www.praktivak.be\/fr\/author\/madeit\/","display_name":"Tjebbe Lievens"},"relative_dates":{"created":"Publi\u00e9 8 mois il y a","modified":"Mis \u00e0 jour 2 mois il y a"},"absolute_dates":{"created":"Publi\u00e9 le 14 ao\u00fbt 2025","modified":"Mise \u00e0 jour le 1 f\u00e9vrier 2026"},"absolute_dates_time":{"created":"Publi\u00e9 le 14 ao\u00fbt 2025 18h09","modified":"Mise \u00e0 jour le 1 f\u00e9vrier 2026 3h06"},"featured_img_caption":"","tax_additional":{"product_brand":{"linked":[],"unlinked":[],"slug":"product_brand","name":"Marques"},"product_type":{"linked":["<a href=\"https:\/\/www.praktivak.be\/fr\/?taxonomy=product_type&#038;term=simple\" class=\"advgb-post-tax-term\">simple<\/a>"],"unlinked":["<span class=\"advgb-post-tax-term\">simple<\/span>"],"slug":"product_type","name":"Type de produit"},"product_visibility":{"linked":[],"unlinked":[],"slug":"product_visibility","name":"Visibilit\u00e9 du produit"},"product_cat":{"linked":["<a href=\"https:\/\/www.praktivak.be\/fr\/categorie-de-produit\/ontharing-fr\/lycon-fr\/trainingen-fr\/\" class=\"advgb-post-tax-term\">Formations<\/a>"],"unlinked":["<span class=\"advgb-post-tax-term\">Formations<\/span>"],"slug":"product_cat","name":"Cat\u00e9gories de produits"},"product_tag":{"linked":[],"unlinked":[],"slug":"product_tag","name":"\u00c9tiquettes produit"},"product_shipping_class":{"linked":[],"unlinked":[],"slug":"product_shipping_class","name":"Classe d\u2019exp\u00e9dition du produit"},"pos_product_visibility":{"linked":[],"unlinked":[],"slug":"pos_product_visibility","name":"Visibilit\u00e9 du produit sur le point de vente"},"translation_priority":{"linked":[],"unlinked":[],"slug":"translation_priority","name":"Priorit\u00e9s de traduction"}},"series_order":"","_links":{"self":[{"href":"https:\/\/www.praktivak.be\/fr\/wp-json\/wp\/v2\/product\/160732","targetHints":{"allow":["GET"]}}],"collection":[{"href":"https:\/\/www.praktivak.be\/fr\/wp-json\/wp\/v2\/product"}],"about":[{"href":"https:\/\/www.praktivak.be\/fr\/wp-json\/wp\/v2\/types\/product"}],"version-history":[{"count":64,"href":"https:\/\/www.praktivak.be\/fr\/wp-json\/wp\/v2\/product\/160732\/revisions"}],"predecessor-version":[{"id":336078,"href":"https:\/\/www.praktivak.be\/fr\/wp-json\/wp\/v2\/product\/160732\/revisions\/336078"}],"wp:featuredmedia":[{"embeddable":true,"href":"https:\/\/www.praktivak.be\/fr\/wp-json\/wp\/v2\/media\/299020"}],"wp:attachment":[{"href":"https:\/\/www.praktivak.be\/fr\/wp-json\/wp\/v2\/media?parent=160732"}],"wp:term":[{"taxonomy":"product_brand","embeddable":true,"href":"https:\/\/www.praktivak.be\/fr\/wp-json\/wp\/v2\/product_brand?post=160732"},{"taxonomy":"product_cat","embeddable":true,"href":"https:\/\/www.praktivak.be\/fr\/wp-json\/wp\/v2\/product_cat?post=160732"},{"taxonomy":"product_tag","embeddable":true,"href":"https:\/\/www.praktivak.be\/fr\/wp-json\/wp\/v2\/product_tag?post=160732"}],"curies":[{"name":"wp","href":"https:\/\/api.w.org\/{rel}","templated":true}]}}