

{"id":160653,"date":"2025-08-14T18:08:09","date_gmt":"2025-08-14T16:08:09","guid":{"rendered":"https:\/\/www.praktivak.be\/product\/lycon-sugar-scrub-mango-guava-520-gr\/"},"modified":"2026-02-01T03:02:08","modified_gmt":"2026-02-01T02:02:08","slug":"lycon-sugar-scrub-mango-guava-520-gr","status":"publish","type":"product","link":"https:\/\/www.praktivak.be\/fr\/produit\/lycon-sugar-scrub-mango-guava-520-gr\/","title":{"rendered":"Lycon Sugar Scrub Mango &amp; Guava (520 gr.)"},"content":{"rendered":"\n<p>\nGommage au Sucre Mangue &amp; Goyave (520gr)<\/p>\n<p>\nComme un cocktail tropical !<\/p>\n\n<p>\nContenu : 520g<\/p>\n<p>\nUn luxueux gommage au sucre sans huile de qualit&eacute; Spa. Pour tout le corps, &agrave; la mangue exotique et &agrave; la goyave. Un gommage doux qui nourrit la peau en m&ecirc;me temps. Ne laisse pas de couche d&rsquo;huile, ce qui &eacute;vite les &eacute;ruptions cutan&eacute;es dues aux pores obstru&eacute;s. Cette formule premium ne laisse aucun r&eacute;sidu collant ou granuleux sur la peau, permettant &agrave; la peau de respirer et d&rsquo;&eacute;liminer la salet&eacute;. Excellent contre les poils incarn&eacute;s, &agrave; utiliser apr&egrave;s l&rsquo;&eacute;pilation ou le rasage. Hydratez la peau apr&egrave;s le gommage avec la lotion pour les mains et le corps LYCON Mango &amp; Guava.<\/p>\n\n<p>\nAu sein de sa gamme SPA, LYCON propose une s&eacute;rie de six gommages au sucre diff&eacute;rents avec des exp&eacute;riences parfum&eacute;es all&eacute;chantes ! Ces gommages corporels luxueux et sans huile ont &eacute;t&eacute; d&eacute;velopp&eacute;s &agrave; base de cristaux de sucre et de vitamine E. Ils contiennent &eacute;galement des ingr&eacute;dients bienfaisants issus d&rsquo;extraits naturels de fruits et d&rsquo;ingr&eacute;dients botaniques. Il y a un choix de pomme et canneberge, grenade, mangue et goyave, pamplemousse rose, lavande et camomille et noix de coco et vanille. Ces gommages doux et efficaces nourrissent la peau et &eacute;liminent les cellules mortes de la peau, sans laisser de film gras ni de r&eacute;sidus granuleux pouvant obstruer les pores. La composition est parfaitement adapt&eacute;e pour pr&eacute;venir les poils incarn&eacute;s avant une &eacute;pilation avec le LYCON Waxing Professional.<\/p>\n\n<p>\n&ndash; Ces gommages doux et efficaces nourrissent la peau et &eacute;liminent les cellules mortes de la peau, sans laisser de film gras ni de r&eacute;sidus granuleux qui pourraient obstruer les pores.<\/p>\n<p>\n&ndash; Appliquez le gommage sur la peau avec votre main ou un gant de cire puis rincez &agrave; l&rsquo;eau.<\/p>\n<p>\n&ndash; avec mangue, goyave et vitamine E<\/p>\n\n","protected":false},"excerpt":{"rendered":"<p>Gommage au Sucre Mangue &amp; Goyave (520gr) Comme un cocktail tropical ! Contenu : 520g Un luxueux gommage au sucre sans huile de qualit&eacute; Spa. Pour tout le corps, &agrave; la mangue exotique et &agrave; la goyave. Un gommage doux qui nourrit la peau en m&ecirc;me temps. Ne laisse pas de couche d&rsquo;huile, ce qui &hellip; <\/p>\n<p class=\"link-more\"><a href=\"https:\/\/www.praktivak.be\/fr\/produit\/lycon-sugar-scrub-mango-guava-520-gr\/\" class=\"more-link\">Continuer la lecture<span class=\"screen-reader-text\"> \u00ab\u00a0Lycon Sugar Scrub Mango &amp; Guava (520 gr.)\u00a0\u00bb<\/span><\/a><\/p>\n","protected":false},"author":1,"featured_media":299697,"template":"","meta":{"_acf_changed":false,"_relevanssi_hide_post":"","_relevanssi_hide_content":"","_relevanssi_pin_for_all":"","_relevanssi_pin_keywords":"","_relevanssi_unpin_keywords":"","_relevanssi_related_keywords":"","_relevanssi_related_include_ids":"","_relevanssi_related_exclude_ids":"","_relevanssi_related_no_append":"","_relevanssi_related_not_related":"","_relevanssi_related_posts":"","_relevanssi_noindex_reason":"","advgb_blocks_editor_width":"","advgb_blocks_columns_visual_guide":"","footnotes":""},"product_brand":[],"product_cat":[2108],"product_tag":[],"class_list":{"0":"post-160653","1":"product","2":"type-product","3":"status-publish","4":"has-post-thumbnail","6":"product_cat-sugar-scrubs-fr","8":"first","9":"instock","10":"taxable","11":"shipping-taxable","12":"product-type-simple"},"acf":[],"yoast_head":"<!-- This site is optimized with the Yoast SEO plugin v27.2 - https:\/\/yoast.com\/product\/yoast-seo-wordpress\/ -->\n<title>Lycon Sugar Scrub Mango &amp; Guava (520 gr.) - Praktivak<\/title>\n<meta name=\"robots\" content=\"index, follow, max-snippet:-1, max-image-preview:large, max-video-preview:-1\" \/>\n<link rel=\"canonical\" href=\"https:\/\/www.praktivak.be\/fr\/produit\/lycon-sugar-scrub-mango-guava-520-gr\/\" \/>\n<meta property=\"og:locale\" content=\"fr_FR\" \/>\n<meta property=\"og:type\" content=\"article\" \/>\n<meta property=\"og:title\" content=\"Lycon Sugar Scrub Mango &amp; Guava (520 gr.) - Praktivak\" \/>\n<meta property=\"og:description\" content=\"Gommage au Sucre Mangue &amp; Goyave (520gr) Comme un cocktail tropical ! Contenu : 520g Un luxueux gommage au sucre sans huile de qualit&eacute; Spa. Pour tout le corps, &agrave; la mangue exotique et &agrave; la goyave. Un gommage doux qui nourrit la peau en m&ecirc;me temps. Ne laisse pas de couche d&rsquo;huile, ce qui &hellip; Continuer la lecture &quot;Lycon Sugar Scrub Mango &amp; Guava (520 gr.)&quot;\" \/>\n<meta property=\"og:url\" content=\"https:\/\/www.praktivak.be\/fr\/produit\/lycon-sugar-scrub-mango-guava-520-gr\/\" \/>\n<meta property=\"og:site_name\" content=\"Praktivak\" \/>\n<meta property=\"article:modified_time\" content=\"2026-02-01T02:02:08+00:00\" \/>\n<meta property=\"og:image\" content=\"https:\/\/www.praktivak.be\/wp-content\/uploads\/2025\/09\/2DS1181-2.jpg\" \/>\n\t<meta property=\"og:image:width\" content=\"539\" \/>\n\t<meta property=\"og:image:height\" content=\"460\" \/>\n\t<meta property=\"og:image:type\" content=\"image\/jpeg\" \/>\n<meta name=\"twitter:card\" content=\"summary_large_image\" \/>\n<meta name=\"twitter:label1\" content=\"Dur\u00e9e de lecture estim\u00e9e\" \/>\n\t<meta name=\"twitter:data1\" content=\"2 minutes\" \/>\n<script type=\"application\/ld+json\" class=\"yoast-schema-graph\">{\"@context\":\"https:\/\/schema.org\",\"@graph\":[{\"@type\":\"WebPage\",\"@id\":\"https:\/\/www.praktivak.be\/fr\/produit\/lycon-sugar-scrub-mango-guava-520-gr\/\",\"url\":\"https:\/\/www.praktivak.be\/fr\/produit\/lycon-sugar-scrub-mango-guava-520-gr\/\",\"name\":\"Lycon Sugar Scrub Mango &amp; Guava (520 gr.) - Praktivak\",\"isPartOf\":{\"@id\":\"https:\/\/www.praktivak.be\/fr\/#website\"},\"primaryImageOfPage\":{\"@id\":\"https:\/\/www.praktivak.be\/fr\/produit\/lycon-sugar-scrub-mango-guava-520-gr\/#primaryimage\"},\"image\":{\"@id\":\"https:\/\/www.praktivak.be\/fr\/produit\/lycon-sugar-scrub-mango-guava-520-gr\/#primaryimage\"},\"thumbnailUrl\":\"https:\/\/www.praktivak.be\/wp-content\/uploads\/2025\/09\/2DS1181-2.jpg\",\"datePublished\":\"2025-08-14T16:08:09+00:00\",\"dateModified\":\"2026-02-01T02:02:08+00:00\",\"breadcrumb\":{\"@id\":\"https:\/\/www.praktivak.be\/fr\/produit\/lycon-sugar-scrub-mango-guava-520-gr\/#breadcrumb\"},\"inLanguage\":\"fr-FR\",\"potentialAction\":[{\"@type\":\"ReadAction\",\"target\":[\"https:\/\/www.praktivak.be\/fr\/produit\/lycon-sugar-scrub-mango-guava-520-gr\/\"]}]},{\"@type\":\"ImageObject\",\"inLanguage\":\"fr-FR\",\"@id\":\"https:\/\/www.praktivak.be\/fr\/produit\/lycon-sugar-scrub-mango-guava-520-gr\/#primaryimage\",\"url\":\"https:\/\/www.praktivak.be\/wp-content\/uploads\/2025\/09\/2DS1181-2.jpg\",\"contentUrl\":\"https:\/\/www.praktivak.be\/wp-content\/uploads\/2025\/09\/2DS1181-2.jpg\",\"width\":539,\"height\":460},{\"@type\":\"BreadcrumbList\",\"@id\":\"https:\/\/www.praktivak.be\/fr\/produit\/lycon-sugar-scrub-mango-guava-520-gr\/#breadcrumb\",\"itemListElement\":[{\"@type\":\"ListItem\",\"position\":1,\"name\":\"Home\",\"item\":\"https:\/\/www.praktivak.be\/fr\/\"},{\"@type\":\"ListItem\",\"position\":2,\"name\":\"Boutique\",\"item\":\"https:\/\/www.praktivak.be\/fr\/boutique\/\"},{\"@type\":\"ListItem\",\"position\":3,\"name\":\"Lycon Sugar Scrub Mango &amp; Guava (520 gr.)\"}]},{\"@type\":\"WebSite\",\"@id\":\"https:\/\/www.praktivak.be\/fr\/#website\",\"url\":\"https:\/\/www.praktivak.be\/fr\/\",\"name\":\"Praktivak\",\"description\":\"\",\"publisher\":{\"@id\":\"https:\/\/www.praktivak.be\/fr\/#organization\"},\"potentialAction\":[{\"@type\":\"SearchAction\",\"target\":{\"@type\":\"EntryPoint\",\"urlTemplate\":\"https:\/\/www.praktivak.be\/fr\/?s={search_term_string}\"},\"query-input\":{\"@type\":\"PropertyValueSpecification\",\"valueRequired\":true,\"valueName\":\"search_term_string\"}}],\"inLanguage\":\"fr-FR\"},{\"@type\":\"Organization\",\"@id\":\"https:\/\/www.praktivak.be\/fr\/#organization\",\"name\":\"Praktivak\",\"url\":\"https:\/\/www.praktivak.be\/fr\/\",\"logo\":{\"@type\":\"ImageObject\",\"inLanguage\":\"fr-FR\",\"@id\":\"https:\/\/www.praktivak.be\/fr\/#\/schema\/logo\/image\/\",\"url\":\"https:\/\/www.praktivak.be\/wp-content\/uploads\/2024\/09\/Logo.png\",\"contentUrl\":\"https:\/\/www.praktivak.be\/wp-content\/uploads\/2024\/09\/Logo.png\",\"width\":1774,\"height\":337,\"caption\":\"Praktivak\"},\"image\":{\"@id\":\"https:\/\/www.praktivak.be\/fr\/#\/schema\/logo\/image\/\"}}]}<\/script>\n<!-- \/ Yoast SEO plugin. -->","yoast_head_json":{"title":"Lycon Sugar Scrub Mango &amp; Guava (520 gr.) - Praktivak","robots":{"index":"index","follow":"follow","max-snippet":"max-snippet:-1","max-image-preview":"max-image-preview:large","max-video-preview":"max-video-preview:-1"},"canonical":"https:\/\/www.praktivak.be\/fr\/produit\/lycon-sugar-scrub-mango-guava-520-gr\/","og_locale":"fr_FR","og_type":"article","og_title":"Lycon Sugar Scrub Mango &amp; Guava (520 gr.) - Praktivak","og_description":"Gommage au Sucre Mangue &amp; Goyave (520gr) Comme un cocktail tropical ! Contenu : 520g Un luxueux gommage au sucre sans huile de qualit&eacute; Spa. Pour tout le corps, &agrave; la mangue exotique et &agrave; la goyave. Un gommage doux qui nourrit la peau en m&ecirc;me temps. Ne laisse pas de couche d&rsquo;huile, ce qui &hellip; Continuer la lecture \"Lycon Sugar Scrub Mango &amp; Guava (520 gr.)\"","og_url":"https:\/\/www.praktivak.be\/fr\/produit\/lycon-sugar-scrub-mango-guava-520-gr\/","og_site_name":"Praktivak","article_modified_time":"2026-02-01T02:02:08+00:00","og_image":[{"width":539,"height":460,"url":"https:\/\/www.praktivak.be\/wp-content\/uploads\/2025\/09\/2DS1181-2.jpg","type":"image\/jpeg"}],"twitter_card":"summary_large_image","twitter_misc":{"Dur\u00e9e de lecture estim\u00e9e":"2 minutes"},"schema":{"@context":"https:\/\/schema.org","@graph":[{"@type":"WebPage","@id":"https:\/\/www.praktivak.be\/fr\/produit\/lycon-sugar-scrub-mango-guava-520-gr\/","url":"https:\/\/www.praktivak.be\/fr\/produit\/lycon-sugar-scrub-mango-guava-520-gr\/","name":"Lycon Sugar Scrub Mango &amp; Guava (520 gr.) - Praktivak","isPartOf":{"@id":"https:\/\/www.praktivak.be\/fr\/#website"},"primaryImageOfPage":{"@id":"https:\/\/www.praktivak.be\/fr\/produit\/lycon-sugar-scrub-mango-guava-520-gr\/#primaryimage"},"image":{"@id":"https:\/\/www.praktivak.be\/fr\/produit\/lycon-sugar-scrub-mango-guava-520-gr\/#primaryimage"},"thumbnailUrl":"https:\/\/www.praktivak.be\/wp-content\/uploads\/2025\/09\/2DS1181-2.jpg","datePublished":"2025-08-14T16:08:09+00:00","dateModified":"2026-02-01T02:02:08+00:00","breadcrumb":{"@id":"https:\/\/www.praktivak.be\/fr\/produit\/lycon-sugar-scrub-mango-guava-520-gr\/#breadcrumb"},"inLanguage":"fr-FR","potentialAction":[{"@type":"ReadAction","target":["https:\/\/www.praktivak.be\/fr\/produit\/lycon-sugar-scrub-mango-guava-520-gr\/"]}]},{"@type":"ImageObject","inLanguage":"fr-FR","@id":"https:\/\/www.praktivak.be\/fr\/produit\/lycon-sugar-scrub-mango-guava-520-gr\/#primaryimage","url":"https:\/\/www.praktivak.be\/wp-content\/uploads\/2025\/09\/2DS1181-2.jpg","contentUrl":"https:\/\/www.praktivak.be\/wp-content\/uploads\/2025\/09\/2DS1181-2.jpg","width":539,"height":460},{"@type":"BreadcrumbList","@id":"https:\/\/www.praktivak.be\/fr\/produit\/lycon-sugar-scrub-mango-guava-520-gr\/#breadcrumb","itemListElement":[{"@type":"ListItem","position":1,"name":"Home","item":"https:\/\/www.praktivak.be\/fr\/"},{"@type":"ListItem","position":2,"name":"Boutique","item":"https:\/\/www.praktivak.be\/fr\/boutique\/"},{"@type":"ListItem","position":3,"name":"Lycon Sugar Scrub Mango &amp; Guava (520 gr.)"}]},{"@type":"WebSite","@id":"https:\/\/www.praktivak.be\/fr\/#website","url":"https:\/\/www.praktivak.be\/fr\/","name":"Praktivak","description":"","publisher":{"@id":"https:\/\/www.praktivak.be\/fr\/#organization"},"potentialAction":[{"@type":"SearchAction","target":{"@type":"EntryPoint","urlTemplate":"https:\/\/www.praktivak.be\/fr\/?s={search_term_string}"},"query-input":{"@type":"PropertyValueSpecification","valueRequired":true,"valueName":"search_term_string"}}],"inLanguage":"fr-FR"},{"@type":"Organization","@id":"https:\/\/www.praktivak.be\/fr\/#organization","name":"Praktivak","url":"https:\/\/www.praktivak.be\/fr\/","logo":{"@type":"ImageObject","inLanguage":"fr-FR","@id":"https:\/\/www.praktivak.be\/fr\/#\/schema\/logo\/image\/","url":"https:\/\/www.praktivak.be\/wp-content\/uploads\/2024\/09\/Logo.png","contentUrl":"https:\/\/www.praktivak.be\/wp-content\/uploads\/2024\/09\/Logo.png","width":1774,"height":337,"caption":"Praktivak"},"image":{"@id":"https:\/\/www.praktivak.be\/fr\/#\/schema\/logo\/image\/"}}]}},"featured_img":"https:\/\/www.praktivak.be\/wp-content\/uploads\/2025\/09\/2DS1181-2.jpg","coauthors":[],"author_meta":{"author_link":"https:\/\/www.praktivak.be\/fr\/author\/madeit\/","display_name":"Tjebbe Lievens"},"relative_dates":{"created":"Publi\u00e9 8 mois il y a","modified":"Mis \u00e0 jour 2 mois il y a"},"absolute_dates":{"created":"Publi\u00e9 le 14 ao\u00fbt 2025","modified":"Mise \u00e0 jour le 1 f\u00e9vrier 2026"},"absolute_dates_time":{"created":"Publi\u00e9 le 14 ao\u00fbt 2025 18h08","modified":"Mise \u00e0 jour le 1 f\u00e9vrier 2026 3h02"},"featured_img_caption":"","tax_additional":{"product_brand":{"linked":[],"unlinked":[],"slug":"product_brand","name":"Marques"},"product_type":{"linked":["<a href=\"https:\/\/www.praktivak.be\/fr\/?taxonomy=product_type&#038;term=simple\" class=\"advgb-post-tax-term\">simple<\/a>"],"unlinked":["<span class=\"advgb-post-tax-term\">simple<\/span>"],"slug":"product_type","name":"Type de produit"},"product_visibility":{"linked":[],"unlinked":[],"slug":"product_visibility","name":"Visibilit\u00e9 du produit"},"product_cat":{"linked":["<a href=\"https:\/\/www.praktivak.be\/fr\/categorie-de-produit\/ontharing-fr\/lycon-fr\/sugar-scrubs-fr\/\" class=\"advgb-post-tax-term\">Sugar scrubs<\/a>"],"unlinked":["<span class=\"advgb-post-tax-term\">Sugar scrubs<\/span>"],"slug":"product_cat","name":"Cat\u00e9gories de produits"},"product_tag":{"linked":[],"unlinked":[],"slug":"product_tag","name":"\u00c9tiquettes produit"},"product_shipping_class":{"linked":[],"unlinked":[],"slug":"product_shipping_class","name":"Classe d\u2019exp\u00e9dition du produit"},"pos_product_visibility":{"linked":[],"unlinked":[],"slug":"pos_product_visibility","name":"Visibilit\u00e9 du produit sur le point de vente"},"translation_priority":{"linked":[],"unlinked":[],"slug":"translation_priority","name":"Priorit\u00e9s de traduction"}},"series_order":"","_links":{"self":[{"href":"https:\/\/www.praktivak.be\/fr\/wp-json\/wp\/v2\/product\/160653","targetHints":{"allow":["GET"]}}],"collection":[{"href":"https:\/\/www.praktivak.be\/fr\/wp-json\/wp\/v2\/product"}],"about":[{"href":"https:\/\/www.praktivak.be\/fr\/wp-json\/wp\/v2\/types\/product"}],"version-history":[{"count":113,"href":"https:\/\/www.praktivak.be\/fr\/wp-json\/wp\/v2\/product\/160653\/revisions"}],"predecessor-version":[{"id":337904,"href":"https:\/\/www.praktivak.be\/fr\/wp-json\/wp\/v2\/product\/160653\/revisions\/337904"}],"wp:featuredmedia":[{"embeddable":true,"href":"https:\/\/www.praktivak.be\/fr\/wp-json\/wp\/v2\/media\/299697"}],"wp:attachment":[{"href":"https:\/\/www.praktivak.be\/fr\/wp-json\/wp\/v2\/media?parent=160653"}],"wp:term":[{"taxonomy":"product_brand","embeddable":true,"href":"https:\/\/www.praktivak.be\/fr\/wp-json\/wp\/v2\/product_brand?post=160653"},{"taxonomy":"product_cat","embeddable":true,"href":"https:\/\/www.praktivak.be\/fr\/wp-json\/wp\/v2\/product_cat?post=160653"},{"taxonomy":"product_tag","embeddable":true,"href":"https:\/\/www.praktivak.be\/fr\/wp-json\/wp\/v2\/product_tag?post=160653"}],"curies":[{"name":"wp","href":"https:\/\/api.w.org\/{rel}","templated":true}]}}