

{"id":160527,"date":"2025-08-14T18:05:24","date_gmt":"2025-08-14T16:05:24","guid":{"rendered":"https:\/\/www.praktivak.be\/product\/lycon-soberry-delicious-strip-wax-800ml\/"},"modified":"2026-02-01T03:02:05","modified_gmt":"2026-02-01T02:02:05","slug":"lycon-soberry-delicious-strip-wax-800ml","status":"publish","type":"product","link":"https:\/\/www.praktivak.be\/fr\/produit\/lycon-soberry-delicious-strip-wax-800ml\/","title":{"rendered":"Lycon SoBerry Delicious Strip Wax (800ml)"},"content":{"rendered":"\n<p data-oe-version=\"1.2\">\n<\/p><p>\nSoBerry Delicious Strip Wax 800ml<\/p>\n<p>\nBerry Nice !<\/p>\n\n<p>\nD&eacute;licieux rose fruit&eacute; et doux ! Le luxe &agrave; l&rsquo;&eacute;tat pur : des fraises avec des paillettes roses. Sp&eacute;cialement pour les vraies dames. Procure une sensation de propret&eacute; et de douceur. Cramoisi, fort et doux. &Eacute;limine rapidement les poils et les rend visiblement lisses. Avec Micro Mica &eacute;tincelant pour un traitement &agrave; la cire extra doux qui ne tire pas sur la peau.<\/p>\n\n<p>\nLes c&eacute;l&egrave;bres bandes de cire super douces de LYCON sont &eacute;tonnamment rapides &agrave; appliquer et ont une tenue extra ferme. Aucun r&eacute;sidu collant et les bandes ne tirent pas sur la peau. Les cires professionnelles avec bandes de LYCON contiennent une combinaison sp&eacute;ciale d&rsquo;ingr&eacute;dients naturels pour une meilleure adh&eacute;rence, de sorte que m&ecirc;me les poils de 2 mm peuvent &ecirc;tre enlev&eacute;s. La cire liquide LYCON peut &ecirc;tre appliqu&eacute;e tr&egrave;s finement, de sorte que la quantit&eacute; de cire utilis&eacute;e par traitement est juste suffisante. Chaque 800 ml contient jusqu&rsquo;&agrave; 23 traitements pour le bas des jambes. Des huiles aromatiques sp&eacute;ciales sont ajout&eacute;es pour leur effet soignant et apaisant. M&ecirc;me les clients les plus exigeants peuvent d&eacute;sormais compter sur un confort total.<\/p>\n\n<p>\nLes cires professionnelles avec bandes de LYCON contiennent une combinaison sp&eacute;ciale d&rsquo;ingr&eacute;dients naturels pour une meilleure adh&eacute;rence, de sorte que m&ecirc;me les poils de 2 mm peuvent &ecirc;tre enlev&eacute;s.<\/p>\n\n<p>\nMode d&rsquo;emploi :<\/p>\n<p>\n1. Nettoyer la peau avec le nettoyant LYCOTANE. 2. Appliquer la cire en bandes &agrave; l&rsquo;aide d&rsquo;une spatule m&eacute;tallique, tr&egrave;s finement et en exer&ccedil;ant une certaine pression, dans le sens de la pousse du poil. 4. Appliquer ensuite une bande de cire&nbsp;sur la cire (frotter bri&egrave;vement et fermement la bande sur la cire). Retirez ensuite la bande de cire dans le sens inverse de la pousse des poils. 5. Nettoyez la peau avec le LYCOTANE Skin Cleanser, qui referme les pores. 6. Nettoyez ensuite la peau avec PERFECT Finish ou Tea Tree Perfect pour &eacute;liminer les derni&egrave;res traces de cire sur la peau. 7. Enfin, massez la peau avec la Cr&egrave;me Apaisante ou le Tea Tree Sooth. CONSEIL : Si n&eacute;cessaire, utilisez le spray Ingrown X-It, massez l&eacute;g&egrave;rement et informez-en l&rsquo;utilisateur.<\/p>\n\n","protected":false},"excerpt":{"rendered":"<p>SoBerry Delicious Strip Wax 800ml Berry Nice ! D&eacute;licieux rose fruit&eacute; et doux ! Le luxe &agrave; l&rsquo;&eacute;tat pur : des fraises avec des paillettes roses. Sp&eacute;cialement pour les vraies dames. Procure une sensation de propret&eacute; et de douceur. Cramoisi, fort et doux. &Eacute;limine rapidement les poils et les rend visiblement lisses. Avec Micro Mica &hellip; <\/p>\n<p class=\"link-more\"><a href=\"https:\/\/www.praktivak.be\/fr\/produit\/lycon-soberry-delicious-strip-wax-800ml\/\" class=\"more-link\">Continuer la lecture<span class=\"screen-reader-text\"> \u00ab\u00a0Lycon SoBerry Delicious Strip Wax (800ml)\u00a0\u00bb<\/span><\/a><\/p>\n","protected":false},"author":1,"featured_media":298744,"template":"","meta":{"_acf_changed":false,"_relevanssi_hide_post":"","_relevanssi_hide_content":"","_relevanssi_pin_for_all":"","_relevanssi_pin_keywords":"","_relevanssi_unpin_keywords":"","_relevanssi_related_keywords":"","_relevanssi_related_include_ids":"","_relevanssi_related_exclude_ids":"","_relevanssi_related_no_append":"","_relevanssi_related_not_related":"","_relevanssi_related_posts":"","_relevanssi_noindex_reason":"","advgb_blocks_editor_width":"","advgb_blocks_columns_visual_guide":"","footnotes":""},"product_brand":[],"product_cat":[2129],"product_tag":[],"class_list":{"0":"post-160527","1":"product","2":"type-product","3":"status-publish","4":"has-post-thumbnail","6":"product_cat-strip-wax-lycon-fr","8":"first","9":"instock","10":"taxable","11":"shipping-taxable","12":"product-type-simple"},"acf":[],"yoast_head":"<!-- This site is optimized with the Yoast SEO plugin v27.2 - https:\/\/yoast.com\/product\/yoast-seo-wordpress\/ -->\n<title>Lycon SoBerry Delicious Strip Wax (800ml) - Praktivak<\/title>\n<meta name=\"robots\" content=\"index, follow, max-snippet:-1, max-image-preview:large, max-video-preview:-1\" \/>\n<link rel=\"canonical\" href=\"https:\/\/www.praktivak.be\/fr\/produit\/lycon-soberry-delicious-strip-wax-800ml\/\" \/>\n<meta property=\"og:locale\" content=\"fr_FR\" \/>\n<meta property=\"og:type\" content=\"article\" \/>\n<meta property=\"og:title\" content=\"Lycon SoBerry Delicious Strip Wax (800ml) - Praktivak\" \/>\n<meta property=\"og:description\" content=\"SoBerry Delicious Strip Wax 800ml Berry Nice ! D&eacute;licieux rose fruit&eacute; et doux ! Le luxe &agrave; l&rsquo;&eacute;tat pur : des fraises avec des paillettes roses. Sp&eacute;cialement pour les vraies dames. Procure une sensation de propret&eacute; et de douceur. Cramoisi, fort et doux. &Eacute;limine rapidement les poils et les rend visiblement lisses. Avec Micro Mica &hellip; Continuer la lecture &quot;Lycon SoBerry Delicious Strip Wax (800ml)&quot;\" \/>\n<meta property=\"og:url\" content=\"https:\/\/www.praktivak.be\/fr\/produit\/lycon-soberry-delicious-strip-wax-800ml\/\" \/>\n<meta property=\"og:site_name\" content=\"Praktivak\" \/>\n<meta property=\"article:modified_time\" content=\"2026-02-01T02:02:05+00:00\" \/>\n<meta property=\"og:image\" content=\"https:\/\/www.praktivak.be\/wp-content\/uploads\/2025\/09\/1SL0221-2.jpg\" \/>\n\t<meta property=\"og:image:width\" content=\"622\" \/>\n\t<meta property=\"og:image:height\" content=\"615\" \/>\n\t<meta property=\"og:image:type\" content=\"image\/jpeg\" \/>\n<meta name=\"twitter:card\" content=\"summary_large_image\" \/>\n<meta name=\"twitter:label1\" content=\"Dur\u00e9e de lecture estim\u00e9e\" \/>\n\t<meta name=\"twitter:data1\" content=\"2 minutes\" \/>\n<script type=\"application\/ld+json\" class=\"yoast-schema-graph\">{\"@context\":\"https:\/\/schema.org\",\"@graph\":[{\"@type\":\"WebPage\",\"@id\":\"https:\/\/www.praktivak.be\/fr\/produit\/lycon-soberry-delicious-strip-wax-800ml\/\",\"url\":\"https:\/\/www.praktivak.be\/fr\/produit\/lycon-soberry-delicious-strip-wax-800ml\/\",\"name\":\"Lycon SoBerry Delicious Strip Wax (800ml) - Praktivak\",\"isPartOf\":{\"@id\":\"https:\/\/www.praktivak.be\/fr\/#website\"},\"primaryImageOfPage\":{\"@id\":\"https:\/\/www.praktivak.be\/fr\/produit\/lycon-soberry-delicious-strip-wax-800ml\/#primaryimage\"},\"image\":{\"@id\":\"https:\/\/www.praktivak.be\/fr\/produit\/lycon-soberry-delicious-strip-wax-800ml\/#primaryimage\"},\"thumbnailUrl\":\"https:\/\/www.praktivak.be\/wp-content\/uploads\/2025\/09\/1SL0221-2.jpg\",\"datePublished\":\"2025-08-14T16:05:24+00:00\",\"dateModified\":\"2026-02-01T02:02:05+00:00\",\"breadcrumb\":{\"@id\":\"https:\/\/www.praktivak.be\/fr\/produit\/lycon-soberry-delicious-strip-wax-800ml\/#breadcrumb\"},\"inLanguage\":\"fr-FR\",\"potentialAction\":[{\"@type\":\"ReadAction\",\"target\":[\"https:\/\/www.praktivak.be\/fr\/produit\/lycon-soberry-delicious-strip-wax-800ml\/\"]}]},{\"@type\":\"ImageObject\",\"inLanguage\":\"fr-FR\",\"@id\":\"https:\/\/www.praktivak.be\/fr\/produit\/lycon-soberry-delicious-strip-wax-800ml\/#primaryimage\",\"url\":\"https:\/\/www.praktivak.be\/wp-content\/uploads\/2025\/09\/1SL0221-2.jpg\",\"contentUrl\":\"https:\/\/www.praktivak.be\/wp-content\/uploads\/2025\/09\/1SL0221-2.jpg\",\"width\":622,\"height\":615},{\"@type\":\"BreadcrumbList\",\"@id\":\"https:\/\/www.praktivak.be\/fr\/produit\/lycon-soberry-delicious-strip-wax-800ml\/#breadcrumb\",\"itemListElement\":[{\"@type\":\"ListItem\",\"position\":1,\"name\":\"Home\",\"item\":\"https:\/\/www.praktivak.be\/fr\/\"},{\"@type\":\"ListItem\",\"position\":2,\"name\":\"Boutique\",\"item\":\"https:\/\/www.praktivak.be\/fr\/boutique\/\"},{\"@type\":\"ListItem\",\"position\":3,\"name\":\"Lycon SoBerry Delicious Strip Wax (800ml)\"}]},{\"@type\":\"WebSite\",\"@id\":\"https:\/\/www.praktivak.be\/fr\/#website\",\"url\":\"https:\/\/www.praktivak.be\/fr\/\",\"name\":\"Praktivak\",\"description\":\"\",\"publisher\":{\"@id\":\"https:\/\/www.praktivak.be\/fr\/#organization\"},\"potentialAction\":[{\"@type\":\"SearchAction\",\"target\":{\"@type\":\"EntryPoint\",\"urlTemplate\":\"https:\/\/www.praktivak.be\/fr\/?s={search_term_string}\"},\"query-input\":{\"@type\":\"PropertyValueSpecification\",\"valueRequired\":true,\"valueName\":\"search_term_string\"}}],\"inLanguage\":\"fr-FR\"},{\"@type\":\"Organization\",\"@id\":\"https:\/\/www.praktivak.be\/fr\/#organization\",\"name\":\"Praktivak\",\"url\":\"https:\/\/www.praktivak.be\/fr\/\",\"logo\":{\"@type\":\"ImageObject\",\"inLanguage\":\"fr-FR\",\"@id\":\"https:\/\/www.praktivak.be\/fr\/#\/schema\/logo\/image\/\",\"url\":\"https:\/\/www.praktivak.be\/wp-content\/uploads\/2024\/09\/Logo.png\",\"contentUrl\":\"https:\/\/www.praktivak.be\/wp-content\/uploads\/2024\/09\/Logo.png\",\"width\":1774,\"height\":337,\"caption\":\"Praktivak\"},\"image\":{\"@id\":\"https:\/\/www.praktivak.be\/fr\/#\/schema\/logo\/image\/\"}}]}<\/script>\n<!-- \/ Yoast SEO plugin. -->","yoast_head_json":{"title":"Lycon SoBerry Delicious Strip Wax (800ml) - Praktivak","robots":{"index":"index","follow":"follow","max-snippet":"max-snippet:-1","max-image-preview":"max-image-preview:large","max-video-preview":"max-video-preview:-1"},"canonical":"https:\/\/www.praktivak.be\/fr\/produit\/lycon-soberry-delicious-strip-wax-800ml\/","og_locale":"fr_FR","og_type":"article","og_title":"Lycon SoBerry Delicious Strip Wax (800ml) - Praktivak","og_description":"SoBerry Delicious Strip Wax 800ml Berry Nice ! D&eacute;licieux rose fruit&eacute; et doux ! Le luxe &agrave; l&rsquo;&eacute;tat pur : des fraises avec des paillettes roses. Sp&eacute;cialement pour les vraies dames. Procure une sensation de propret&eacute; et de douceur. Cramoisi, fort et doux. &Eacute;limine rapidement les poils et les rend visiblement lisses. Avec Micro Mica &hellip; Continuer la lecture \"Lycon SoBerry Delicious Strip Wax (800ml)\"","og_url":"https:\/\/www.praktivak.be\/fr\/produit\/lycon-soberry-delicious-strip-wax-800ml\/","og_site_name":"Praktivak","article_modified_time":"2026-02-01T02:02:05+00:00","og_image":[{"width":622,"height":615,"url":"https:\/\/www.praktivak.be\/wp-content\/uploads\/2025\/09\/1SL0221-2.jpg","type":"image\/jpeg"}],"twitter_card":"summary_large_image","twitter_misc":{"Dur\u00e9e de lecture estim\u00e9e":"2 minutes"},"schema":{"@context":"https:\/\/schema.org","@graph":[{"@type":"WebPage","@id":"https:\/\/www.praktivak.be\/fr\/produit\/lycon-soberry-delicious-strip-wax-800ml\/","url":"https:\/\/www.praktivak.be\/fr\/produit\/lycon-soberry-delicious-strip-wax-800ml\/","name":"Lycon SoBerry Delicious Strip Wax (800ml) - Praktivak","isPartOf":{"@id":"https:\/\/www.praktivak.be\/fr\/#website"},"primaryImageOfPage":{"@id":"https:\/\/www.praktivak.be\/fr\/produit\/lycon-soberry-delicious-strip-wax-800ml\/#primaryimage"},"image":{"@id":"https:\/\/www.praktivak.be\/fr\/produit\/lycon-soberry-delicious-strip-wax-800ml\/#primaryimage"},"thumbnailUrl":"https:\/\/www.praktivak.be\/wp-content\/uploads\/2025\/09\/1SL0221-2.jpg","datePublished":"2025-08-14T16:05:24+00:00","dateModified":"2026-02-01T02:02:05+00:00","breadcrumb":{"@id":"https:\/\/www.praktivak.be\/fr\/produit\/lycon-soberry-delicious-strip-wax-800ml\/#breadcrumb"},"inLanguage":"fr-FR","potentialAction":[{"@type":"ReadAction","target":["https:\/\/www.praktivak.be\/fr\/produit\/lycon-soberry-delicious-strip-wax-800ml\/"]}]},{"@type":"ImageObject","inLanguage":"fr-FR","@id":"https:\/\/www.praktivak.be\/fr\/produit\/lycon-soberry-delicious-strip-wax-800ml\/#primaryimage","url":"https:\/\/www.praktivak.be\/wp-content\/uploads\/2025\/09\/1SL0221-2.jpg","contentUrl":"https:\/\/www.praktivak.be\/wp-content\/uploads\/2025\/09\/1SL0221-2.jpg","width":622,"height":615},{"@type":"BreadcrumbList","@id":"https:\/\/www.praktivak.be\/fr\/produit\/lycon-soberry-delicious-strip-wax-800ml\/#breadcrumb","itemListElement":[{"@type":"ListItem","position":1,"name":"Home","item":"https:\/\/www.praktivak.be\/fr\/"},{"@type":"ListItem","position":2,"name":"Boutique","item":"https:\/\/www.praktivak.be\/fr\/boutique\/"},{"@type":"ListItem","position":3,"name":"Lycon SoBerry Delicious Strip Wax (800ml)"}]},{"@type":"WebSite","@id":"https:\/\/www.praktivak.be\/fr\/#website","url":"https:\/\/www.praktivak.be\/fr\/","name":"Praktivak","description":"","publisher":{"@id":"https:\/\/www.praktivak.be\/fr\/#organization"},"potentialAction":[{"@type":"SearchAction","target":{"@type":"EntryPoint","urlTemplate":"https:\/\/www.praktivak.be\/fr\/?s={search_term_string}"},"query-input":{"@type":"PropertyValueSpecification","valueRequired":true,"valueName":"search_term_string"}}],"inLanguage":"fr-FR"},{"@type":"Organization","@id":"https:\/\/www.praktivak.be\/fr\/#organization","name":"Praktivak","url":"https:\/\/www.praktivak.be\/fr\/","logo":{"@type":"ImageObject","inLanguage":"fr-FR","@id":"https:\/\/www.praktivak.be\/fr\/#\/schema\/logo\/image\/","url":"https:\/\/www.praktivak.be\/wp-content\/uploads\/2024\/09\/Logo.png","contentUrl":"https:\/\/www.praktivak.be\/wp-content\/uploads\/2024\/09\/Logo.png","width":1774,"height":337,"caption":"Praktivak"},"image":{"@id":"https:\/\/www.praktivak.be\/fr\/#\/schema\/logo\/image\/"}}]}},"featured_img":"https:\/\/www.praktivak.be\/wp-content\/uploads\/2025\/09\/1SL0221-2.jpg","coauthors":[],"author_meta":{"author_link":"https:\/\/www.praktivak.be\/fr\/author\/madeit\/","display_name":"Tjebbe Lievens"},"relative_dates":{"created":"Publi\u00e9 8 mois il y a","modified":"Mis \u00e0 jour 2 mois il y a"},"absolute_dates":{"created":"Publi\u00e9 le 14 ao\u00fbt 2025","modified":"Mise \u00e0 jour le 1 f\u00e9vrier 2026"},"absolute_dates_time":{"created":"Publi\u00e9 le 14 ao\u00fbt 2025 18h05","modified":"Mise \u00e0 jour le 1 f\u00e9vrier 2026 3h02"},"featured_img_caption":"","tax_additional":{"product_brand":{"linked":[],"unlinked":[],"slug":"product_brand","name":"Marques"},"product_type":{"linked":["<a href=\"https:\/\/www.praktivak.be\/fr\/?taxonomy=product_type&#038;term=simple\" class=\"advgb-post-tax-term\">simple<\/a>"],"unlinked":["<span class=\"advgb-post-tax-term\">simple<\/span>"],"slug":"product_type","name":"Type de produit"},"product_visibility":{"linked":[],"unlinked":[],"slug":"product_visibility","name":"Visibilit\u00e9 du produit"},"product_cat":{"linked":["<a href=\"https:\/\/www.praktivak.be\/fr\/categorie-de-produit\/ontharing-fr\/lycon-fr\/strip-wax-lycon-fr\/\" class=\"advgb-post-tax-term\">Strip wax<\/a>"],"unlinked":["<span class=\"advgb-post-tax-term\">Strip wax<\/span>"],"slug":"product_cat","name":"Cat\u00e9gories de produits"},"product_tag":{"linked":[],"unlinked":[],"slug":"product_tag","name":"\u00c9tiquettes produit"},"product_shipping_class":{"linked":[],"unlinked":[],"slug":"product_shipping_class","name":"Classe d\u2019exp\u00e9dition du produit"},"pos_product_visibility":{"linked":[],"unlinked":[],"slug":"pos_product_visibility","name":"Visibilit\u00e9 du produit sur le point de vente"},"translation_priority":{"linked":[],"unlinked":[],"slug":"translation_priority","name":"Priorit\u00e9s de traduction"}},"series_order":"","_links":{"self":[{"href":"https:\/\/www.praktivak.be\/fr\/wp-json\/wp\/v2\/product\/160527","targetHints":{"allow":["GET"]}}],"collection":[{"href":"https:\/\/www.praktivak.be\/fr\/wp-json\/wp\/v2\/product"}],"about":[{"href":"https:\/\/www.praktivak.be\/fr\/wp-json\/wp\/v2\/types\/product"}],"version-history":[{"count":93,"href":"https:\/\/www.praktivak.be\/fr\/wp-json\/wp\/v2\/product\/160527\/revisions"}],"predecessor-version":[{"id":325979,"href":"https:\/\/www.praktivak.be\/fr\/wp-json\/wp\/v2\/product\/160527\/revisions\/325979"}],"wp:featuredmedia":[{"embeddable":true,"href":"https:\/\/www.praktivak.be\/fr\/wp-json\/wp\/v2\/media\/298744"}],"wp:attachment":[{"href":"https:\/\/www.praktivak.be\/fr\/wp-json\/wp\/v2\/media?parent=160527"}],"wp:term":[{"taxonomy":"product_brand","embeddable":true,"href":"https:\/\/www.praktivak.be\/fr\/wp-json\/wp\/v2\/product_brand?post=160527"},{"taxonomy":"product_cat","embeddable":true,"href":"https:\/\/www.praktivak.be\/fr\/wp-json\/wp\/v2\/product_cat?post=160527"},{"taxonomy":"product_tag","embeddable":true,"href":"https:\/\/www.praktivak.be\/fr\/wp-json\/wp\/v2\/product_tag?post=160527"}],"curies":[{"name":"wp","href":"https:\/\/api.w.org\/{rel}","templated":true}]}}