

{"id":160467,"date":"2025-08-14T18:03:54","date_gmt":"2025-08-14T16:03:54","guid":{"rendered":"https:\/\/www.praktivak.be\/product\/lycon-rosette-hot-wax-1kg\/"},"modified":"2026-04-13T05:02:38","modified_gmt":"2026-04-13T03:02:38","slug":"lycon-rosette-hot-wax-1kg","status":"publish","type":"product","link":"https:\/\/www.praktivak.be\/fr\/produit\/lycon-rosette-hot-wax-1kg\/","title":{"rendered":"Lycon Rosette Hot Wax (1kg)"},"content":{"rendered":"\n<p data-oe-version=\"1.2\">\n<\/p><p>\nCire chaude Rosette<\/p>\n<p>\nA la rose et &agrave; la camomille ! &ndash; 1 kilo<\/p>\n\n<p>\nLe coup de c&oelig;ur de la gamme ! Douce et efficace, elle ne tire pas sur la peau. Un classique au r&eacute;sultat toujours parfait. Rose cr&eacute;meux et ultra apaisant ! A la rose, &agrave; la camomille et &agrave; la derni&egrave;re et unique technologie au dioxyde de titane de LYCON. La cire chaude Rosette convient &agrave; l&rsquo;&eacute;pilation du visage, des aisselles, du maillot et est parfaite pour le Br&eacute;sil. <\/p>\n\n<p>\n&ndash; &Agrave; base de cire&nbsp;naturelle et de cire d&rsquo;abeille, cette cire puissante permet d&rsquo;&eacute;piler des poils de 1 mm seulement. Les cires chaudes LYCON contiennent une s&eacute;lection des meilleurs ingr&eacute;dients naturels et &eacute;mollients. Les poils disparaissent &agrave; 100 % pendant des semaines et la peau est parfaitement lisse et douce, sans barbe, ni d&eacute;mangeaisons, ni poils incarn&eacute;s ! Avec les cires chaudes LYCON, vous &eacute;liminez sans effort tous les poils raides et toujours ras&eacute;s. Les professionnels font confiance &agrave; LYCON pour un r&eacute;sultat complet et sans poils, quel que soit le type de pilosit&eacute; !<\/p>\n\n<p>\n&ndash; Cette cire forte &eacute;limine tous les poils drus, longs et persistants &agrave; partir de 1 mm sur n&rsquo;importe quelle partie du visage, des aisselles, du maillot ou de la zone intime.<\/p>\n\n<p>\nMode d&rsquo;emploi :<\/p>\n<p>\n1. Nettoyer la peau avec LYCOTANE Skin Cleanser.<\/p>\n<p>\n2. Masser la peau &agrave; traiter avec un peu d&rsquo;HUILE DE PR&Eacute;-CIRE. L&rsquo;huile permet &agrave; la cire de n&rsquo;attirer que les poils et non la peau elle-m&ecirc;me, ce qui rend le traitement confortable et pratiquement indolore pour le client.<\/p>\n<p>\n3. Appliquer la cire sur la peau par sections avec le c&ocirc;t&eacute; arrondi de la spatule, CONTRE le sens de la pousse des poils.<\/p>\n<p>\n4. Retirer la cire d&rsquo;un mouvement rapide dans le sens contraire de la pousse du poil.<\/p>\n<p>\nASTUCE : utilisez la cire chaude LycoJET comme cire de post-traitement pour tous les poils fins et duveteux, sans pince &agrave; &eacute;piler.<\/p>\n<p>\n5. Nettoyer la peau avec le nettoyant LYCOTANE, afin de refermer les pores.<\/p>\n<p>\n6. Enfin, massez la peau avec la cr&egrave;me apaisante, le Tea Tree Sooth ou le gel d&rsquo;aloe vera.<\/p>\n\n<p>\nIngr&eacute;dients :<\/p>\n<p>\nIls ne contiennent que les meilleures cires&nbsp;naturelles combin&eacute;es &agrave; de la cire d&rsquo;abeille pure et soignante et &agrave; l&rsquo;ajout d&rsquo;huiles aromatiques raffin&eacute;es. Toutes les formules ont des propri&eacute;t&eacute;s de soin intensif pour la peau et sont un d&eacute;lice pour les sens gr&acirc;ce aux exp&eacute;riences uniques de parfum aromatique et aux textures douces ! Sans parfum.<\/p>\n\n","protected":false},"excerpt":{"rendered":"<p>Cire chaude Rosette A la rose et &agrave; la camomille ! &ndash; 1 kilo Le coup de c&oelig;ur de la gamme ! Douce et efficace, elle ne tire pas sur la peau. Un classique au r&eacute;sultat toujours parfait. Rose cr&eacute;meux et ultra apaisant ! A la rose, &agrave; la camomille et &agrave; la derni&egrave;re et &hellip; <\/p>\n<p class=\"link-more\"><a href=\"https:\/\/www.praktivak.be\/fr\/produit\/lycon-rosette-hot-wax-1kg\/\" class=\"more-link\">Continuer la lecture<span class=\"screen-reader-text\"> \u00ab\u00a0Lycon Rosette Hot Wax (1kg)\u00a0\u00bb<\/span><\/a><\/p>\n","protected":false},"author":1,"featured_media":298446,"template":"","meta":{"_acf_changed":false,"_relevanssi_hide_post":"","_relevanssi_hide_content":"","_relevanssi_pin_for_all":"","_relevanssi_pin_keywords":"","_relevanssi_unpin_keywords":"","_relevanssi_related_keywords":"","_relevanssi_related_include_ids":"","_relevanssi_related_exclude_ids":"","_relevanssi_related_no_append":"","_relevanssi_related_not_related":"","_relevanssi_related_posts":"","_relevanssi_noindex_reason":"","advgb_blocks_editor_width":"","advgb_blocks_columns_visual_guide":"","footnotes":""},"product_brand":[],"product_cat":[2128],"product_tag":[],"class_list":{"0":"post-160467","1":"product","2":"type-product","3":"status-publish","4":"has-post-thumbnail","6":"product_cat-hot-wax-lycon-fr","8":"first","9":"instock","10":"taxable","11":"shipping-taxable","12":"product-type-simple"},"acf":[],"yoast_head":"<!-- This site is optimized with the Yoast SEO plugin v27.2 - https:\/\/yoast.com\/product\/yoast-seo-wordpress\/ -->\n<title>Lycon Rosette Hot Wax (1kg) - Praktivak<\/title>\n<meta name=\"robots\" content=\"index, follow, max-snippet:-1, max-image-preview:large, max-video-preview:-1\" \/>\n<link rel=\"canonical\" href=\"https:\/\/www.praktivak.be\/fr\/produit\/lycon-rosette-hot-wax-1kg\/\" \/>\n<meta property=\"og:locale\" content=\"fr_FR\" \/>\n<meta property=\"og:type\" content=\"article\" \/>\n<meta property=\"og:title\" content=\"Lycon Rosette Hot Wax (1kg) - Praktivak\" \/>\n<meta property=\"og:description\" content=\"Cire chaude Rosette A la rose et &agrave; la camomille ! &ndash; 1 kilo Le coup de c&oelig;ur de la gamme ! Douce et efficace, elle ne tire pas sur la peau. Un classique au r&eacute;sultat toujours parfait. Rose cr&eacute;meux et ultra apaisant ! A la rose, &agrave; la camomille et &agrave; la derni&egrave;re et &hellip; Continuer la lecture &quot;Lycon Rosette Hot Wax (1kg)&quot;\" \/>\n<meta property=\"og:url\" content=\"https:\/\/www.praktivak.be\/fr\/produit\/lycon-rosette-hot-wax-1kg\/\" \/>\n<meta property=\"og:site_name\" content=\"Praktivak\" \/>\n<meta property=\"article:modified_time\" content=\"2026-04-13T03:02:38+00:00\" \/>\n<meta property=\"og:image\" content=\"https:\/\/www.praktivak.be\/wp-content\/uploads\/2025\/09\/1HL0191-2.jpg\" \/>\n\t<meta property=\"og:image:width\" content=\"453\" \/>\n\t<meta property=\"og:image:height\" content=\"418\" \/>\n\t<meta property=\"og:image:type\" content=\"image\/jpeg\" \/>\n<meta name=\"twitter:card\" content=\"summary_large_image\" \/>\n<meta name=\"twitter:label1\" content=\"Dur\u00e9e de lecture estim\u00e9e\" \/>\n\t<meta name=\"twitter:data1\" content=\"2 minutes\" \/>\n<script type=\"application\/ld+json\" class=\"yoast-schema-graph\">{\"@context\":\"https:\/\/schema.org\",\"@graph\":[{\"@type\":\"WebPage\",\"@id\":\"https:\/\/www.praktivak.be\/fr\/produit\/lycon-rosette-hot-wax-1kg\/\",\"url\":\"https:\/\/www.praktivak.be\/fr\/produit\/lycon-rosette-hot-wax-1kg\/\",\"name\":\"Lycon Rosette Hot Wax (1kg) - Praktivak\",\"isPartOf\":{\"@id\":\"https:\/\/www.praktivak.be\/fr\/#website\"},\"primaryImageOfPage\":{\"@id\":\"https:\/\/www.praktivak.be\/fr\/produit\/lycon-rosette-hot-wax-1kg\/#primaryimage\"},\"image\":{\"@id\":\"https:\/\/www.praktivak.be\/fr\/produit\/lycon-rosette-hot-wax-1kg\/#primaryimage\"},\"thumbnailUrl\":\"https:\/\/www.praktivak.be\/wp-content\/uploads\/2025\/09\/1HL0191-2.jpg\",\"datePublished\":\"2025-08-14T16:03:54+00:00\",\"dateModified\":\"2026-04-13T03:02:38+00:00\",\"breadcrumb\":{\"@id\":\"https:\/\/www.praktivak.be\/fr\/produit\/lycon-rosette-hot-wax-1kg\/#breadcrumb\"},\"inLanguage\":\"fr-FR\",\"potentialAction\":[{\"@type\":\"ReadAction\",\"target\":[\"https:\/\/www.praktivak.be\/fr\/produit\/lycon-rosette-hot-wax-1kg\/\"]}]},{\"@type\":\"ImageObject\",\"inLanguage\":\"fr-FR\",\"@id\":\"https:\/\/www.praktivak.be\/fr\/produit\/lycon-rosette-hot-wax-1kg\/#primaryimage\",\"url\":\"https:\/\/www.praktivak.be\/wp-content\/uploads\/2025\/09\/1HL0191-2.jpg\",\"contentUrl\":\"https:\/\/www.praktivak.be\/wp-content\/uploads\/2025\/09\/1HL0191-2.jpg\",\"width\":453,\"height\":418},{\"@type\":\"BreadcrumbList\",\"@id\":\"https:\/\/www.praktivak.be\/fr\/produit\/lycon-rosette-hot-wax-1kg\/#breadcrumb\",\"itemListElement\":[{\"@type\":\"ListItem\",\"position\":1,\"name\":\"Home\",\"item\":\"https:\/\/www.praktivak.be\/fr\/\"},{\"@type\":\"ListItem\",\"position\":2,\"name\":\"Boutique\",\"item\":\"https:\/\/www.praktivak.be\/fr\/boutique\/\"},{\"@type\":\"ListItem\",\"position\":3,\"name\":\"Lycon Rosette Hot Wax (1kg)\"}]},{\"@type\":\"WebSite\",\"@id\":\"https:\/\/www.praktivak.be\/fr\/#website\",\"url\":\"https:\/\/www.praktivak.be\/fr\/\",\"name\":\"Praktivak\",\"description\":\"\",\"publisher\":{\"@id\":\"https:\/\/www.praktivak.be\/fr\/#organization\"},\"potentialAction\":[{\"@type\":\"SearchAction\",\"target\":{\"@type\":\"EntryPoint\",\"urlTemplate\":\"https:\/\/www.praktivak.be\/fr\/?s={search_term_string}\"},\"query-input\":{\"@type\":\"PropertyValueSpecification\",\"valueRequired\":true,\"valueName\":\"search_term_string\"}}],\"inLanguage\":\"fr-FR\"},{\"@type\":\"Organization\",\"@id\":\"https:\/\/www.praktivak.be\/fr\/#organization\",\"name\":\"Praktivak\",\"url\":\"https:\/\/www.praktivak.be\/fr\/\",\"logo\":{\"@type\":\"ImageObject\",\"inLanguage\":\"fr-FR\",\"@id\":\"https:\/\/www.praktivak.be\/fr\/#\/schema\/logo\/image\/\",\"url\":\"https:\/\/www.praktivak.be\/wp-content\/uploads\/2024\/09\/Logo.png\",\"contentUrl\":\"https:\/\/www.praktivak.be\/wp-content\/uploads\/2024\/09\/Logo.png\",\"width\":1774,\"height\":337,\"caption\":\"Praktivak\"},\"image\":{\"@id\":\"https:\/\/www.praktivak.be\/fr\/#\/schema\/logo\/image\/\"}}]}<\/script>\n<!-- \/ Yoast SEO plugin. -->","yoast_head_json":{"title":"Lycon Rosette Hot Wax (1kg) - Praktivak","robots":{"index":"index","follow":"follow","max-snippet":"max-snippet:-1","max-image-preview":"max-image-preview:large","max-video-preview":"max-video-preview:-1"},"canonical":"https:\/\/www.praktivak.be\/fr\/produit\/lycon-rosette-hot-wax-1kg\/","og_locale":"fr_FR","og_type":"article","og_title":"Lycon Rosette Hot Wax (1kg) - Praktivak","og_description":"Cire chaude Rosette A la rose et &agrave; la camomille ! &ndash; 1 kilo Le coup de c&oelig;ur de la gamme ! Douce et efficace, elle ne tire pas sur la peau. Un classique au r&eacute;sultat toujours parfait. Rose cr&eacute;meux et ultra apaisant ! A la rose, &agrave; la camomille et &agrave; la derni&egrave;re et &hellip; Continuer la lecture \"Lycon Rosette Hot Wax (1kg)\"","og_url":"https:\/\/www.praktivak.be\/fr\/produit\/lycon-rosette-hot-wax-1kg\/","og_site_name":"Praktivak","article_modified_time":"2026-04-13T03:02:38+00:00","og_image":[{"width":453,"height":418,"url":"https:\/\/www.praktivak.be\/wp-content\/uploads\/2025\/09\/1HL0191-2.jpg","type":"image\/jpeg"}],"twitter_card":"summary_large_image","twitter_misc":{"Dur\u00e9e de lecture estim\u00e9e":"2 minutes"},"schema":{"@context":"https:\/\/schema.org","@graph":[{"@type":"WebPage","@id":"https:\/\/www.praktivak.be\/fr\/produit\/lycon-rosette-hot-wax-1kg\/","url":"https:\/\/www.praktivak.be\/fr\/produit\/lycon-rosette-hot-wax-1kg\/","name":"Lycon Rosette Hot Wax (1kg) - Praktivak","isPartOf":{"@id":"https:\/\/www.praktivak.be\/fr\/#website"},"primaryImageOfPage":{"@id":"https:\/\/www.praktivak.be\/fr\/produit\/lycon-rosette-hot-wax-1kg\/#primaryimage"},"image":{"@id":"https:\/\/www.praktivak.be\/fr\/produit\/lycon-rosette-hot-wax-1kg\/#primaryimage"},"thumbnailUrl":"https:\/\/www.praktivak.be\/wp-content\/uploads\/2025\/09\/1HL0191-2.jpg","datePublished":"2025-08-14T16:03:54+00:00","dateModified":"2026-04-13T03:02:38+00:00","breadcrumb":{"@id":"https:\/\/www.praktivak.be\/fr\/produit\/lycon-rosette-hot-wax-1kg\/#breadcrumb"},"inLanguage":"fr-FR","potentialAction":[{"@type":"ReadAction","target":["https:\/\/www.praktivak.be\/fr\/produit\/lycon-rosette-hot-wax-1kg\/"]}]},{"@type":"ImageObject","inLanguage":"fr-FR","@id":"https:\/\/www.praktivak.be\/fr\/produit\/lycon-rosette-hot-wax-1kg\/#primaryimage","url":"https:\/\/www.praktivak.be\/wp-content\/uploads\/2025\/09\/1HL0191-2.jpg","contentUrl":"https:\/\/www.praktivak.be\/wp-content\/uploads\/2025\/09\/1HL0191-2.jpg","width":453,"height":418},{"@type":"BreadcrumbList","@id":"https:\/\/www.praktivak.be\/fr\/produit\/lycon-rosette-hot-wax-1kg\/#breadcrumb","itemListElement":[{"@type":"ListItem","position":1,"name":"Home","item":"https:\/\/www.praktivak.be\/fr\/"},{"@type":"ListItem","position":2,"name":"Boutique","item":"https:\/\/www.praktivak.be\/fr\/boutique\/"},{"@type":"ListItem","position":3,"name":"Lycon Rosette Hot Wax (1kg)"}]},{"@type":"WebSite","@id":"https:\/\/www.praktivak.be\/fr\/#website","url":"https:\/\/www.praktivak.be\/fr\/","name":"Praktivak","description":"","publisher":{"@id":"https:\/\/www.praktivak.be\/fr\/#organization"},"potentialAction":[{"@type":"SearchAction","target":{"@type":"EntryPoint","urlTemplate":"https:\/\/www.praktivak.be\/fr\/?s={search_term_string}"},"query-input":{"@type":"PropertyValueSpecification","valueRequired":true,"valueName":"search_term_string"}}],"inLanguage":"fr-FR"},{"@type":"Organization","@id":"https:\/\/www.praktivak.be\/fr\/#organization","name":"Praktivak","url":"https:\/\/www.praktivak.be\/fr\/","logo":{"@type":"ImageObject","inLanguage":"fr-FR","@id":"https:\/\/www.praktivak.be\/fr\/#\/schema\/logo\/image\/","url":"https:\/\/www.praktivak.be\/wp-content\/uploads\/2024\/09\/Logo.png","contentUrl":"https:\/\/www.praktivak.be\/wp-content\/uploads\/2024\/09\/Logo.png","width":1774,"height":337,"caption":"Praktivak"},"image":{"@id":"https:\/\/www.praktivak.be\/fr\/#\/schema\/logo\/image\/"}}]}},"featured_img":"https:\/\/www.praktivak.be\/wp-content\/uploads\/2025\/09\/1HL0191-2.jpg","coauthors":[],"author_meta":{"author_link":"https:\/\/www.praktivak.be\/fr\/author\/madeit\/","display_name":"Tjebbe Lievens"},"relative_dates":{"created":"Publi\u00e9 8 mois il y a","modified":"Mis \u00e0 jour 17 heures il y a"},"absolute_dates":{"created":"Publi\u00e9 le 14 ao\u00fbt 2025","modified":"Mise \u00e0 jour le 13 avril 2026"},"absolute_dates_time":{"created":"Publi\u00e9 le 14 ao\u00fbt 2025 18h03","modified":"Mise \u00e0 jour le 13 avril 2026 5h02"},"featured_img_caption":"","tax_additional":{"product_brand":{"linked":[],"unlinked":[],"slug":"product_brand","name":"Marques"},"product_type":{"linked":["<a href=\"https:\/\/www.praktivak.be\/fr\/?taxonomy=product_type&#038;term=simple\" class=\"advgb-post-tax-term\">simple<\/a>"],"unlinked":["<span class=\"advgb-post-tax-term\">simple<\/span>"],"slug":"product_type","name":"Type de produit"},"product_visibility":{"linked":[],"unlinked":[],"slug":"product_visibility","name":"Visibilit\u00e9 du produit"},"product_cat":{"linked":["<a href=\"https:\/\/www.praktivak.be\/fr\/categorie-de-produit\/ontharing-fr\/lycon-fr\/hot-wax-lycon-fr\/\" class=\"advgb-post-tax-term\">Hot wax<\/a>"],"unlinked":["<span class=\"advgb-post-tax-term\">Hot wax<\/span>"],"slug":"product_cat","name":"Cat\u00e9gories de produits"},"product_tag":{"linked":[],"unlinked":[],"slug":"product_tag","name":"\u00c9tiquettes produit"},"product_shipping_class":{"linked":[],"unlinked":[],"slug":"product_shipping_class","name":"Classe d\u2019exp\u00e9dition du produit"},"pos_product_visibility":{"linked":[],"unlinked":[],"slug":"pos_product_visibility","name":"Visibilit\u00e9 du produit sur le point de vente"},"translation_priority":{"linked":[],"unlinked":[],"slug":"translation_priority","name":"Priorit\u00e9s de traduction"}},"series_order":"","_links":{"self":[{"href":"https:\/\/www.praktivak.be\/fr\/wp-json\/wp\/v2\/product\/160467","targetHints":{"allow":["GET"]}}],"collection":[{"href":"https:\/\/www.praktivak.be\/fr\/wp-json\/wp\/v2\/product"}],"about":[{"href":"https:\/\/www.praktivak.be\/fr\/wp-json\/wp\/v2\/types\/product"}],"version-history":[{"count":101,"href":"https:\/\/www.praktivak.be\/fr\/wp-json\/wp\/v2\/product\/160467\/revisions"}],"predecessor-version":[{"id":360698,"href":"https:\/\/www.praktivak.be\/fr\/wp-json\/wp\/v2\/product\/160467\/revisions\/360698"}],"wp:featuredmedia":[{"embeddable":true,"href":"https:\/\/www.praktivak.be\/fr\/wp-json\/wp\/v2\/media\/298446"}],"wp:attachment":[{"href":"https:\/\/www.praktivak.be\/fr\/wp-json\/wp\/v2\/media?parent=160467"}],"wp:term":[{"taxonomy":"product_brand","embeddable":true,"href":"https:\/\/www.praktivak.be\/fr\/wp-json\/wp\/v2\/product_brand?post=160467"},{"taxonomy":"product_cat","embeddable":true,"href":"https:\/\/www.praktivak.be\/fr\/wp-json\/wp\/v2\/product_cat?post=160467"},{"taxonomy":"product_tag","embeddable":true,"href":"https:\/\/www.praktivak.be\/fr\/wp-json\/wp\/v2\/product_tag?post=160467"}],"curies":[{"name":"wp","href":"https:\/\/api.w.org\/{rel}","templated":true}]}}