

{"id":160427,"date":"2025-08-14T18:03:05","date_gmt":"2025-08-14T16:03:05","guid":{"rendered":"https:\/\/www.praktivak.be\/product\/lycon-pinkini-brazilian-hybrid-hot-wax-1kg\/"},"modified":"2026-04-14T05:03:25","modified_gmt":"2026-04-14T03:03:25","slug":"lycon-pinkini-brazilian-hybrid-hot-wax-1kg","status":"publish","type":"product","link":"https:\/\/www.praktivak.be\/fr\/produit\/lycon-pinkini-brazilian-hybrid-hot-wax-1kg\/","title":{"rendered":"Lycon Pinkini Brazilian Hybrid Hot Wax (1kg)"},"content":{"rendered":"\n<p>\nPinkini Brazilian Hybrid Hot Wax<\/p>\n\n<p>\nHuile d&rsquo;argan, extraits de calendula et de camomille &ndash; 1 kilo<\/p>\n\n<p>\nLa cire rose puissante de LYCON est formul&eacute;e avec la technologie unique de LYCON, enrichie de dioxyde de titane. Cette cire est puissante, cr&eacute;meuse et &eacute;lastique, ce qui permet une application fine pour un r&eacute;sultat optimal. Les basses temp&eacute;ratures offrent un confort suppl&eacute;mentaire sans rougeur ni irritation. Elle convient &agrave; l&rsquo;&eacute;pilation de tous les poils raides et jamais ras&eacute;s &agrave; partir de 1 mm, y compris le visage et les aisselles. Apr&egrave;s l&rsquo;&eacute;pilation, la peau est confortable et soyeuse, et les r&eacute;sultats sont durables.<\/p>\n\n<p>\n&ndash; La cire chaude hybride br&eacute;silienne LYCON PINKINI offre les m&ecirc;mes performances que la cire chaude traditionnelle LYCON, &eacute;liminant sans effort les poils de 1 mm de long, ainsi que l&rsquo;&eacute;lasticit&eacute; (souplesse) et la facilit&eacute; d&rsquo;utilisation de la cire film LYCOtec moderne. Cette nouvelle collection est un changement pour vous et vos clientes, car elle est absolument la meilleure pour une &eacute;pilation intime facile et tr&egrave;s confortable.<\/p>\n\n<p>\n&ndash; Cette cire puissante &eacute;limine tous les poils raides, longs et toujours ras&eacute;s &agrave; partir de 1 mm sur n&rsquo;importe quelle partie du maillot ou de la zone intime.<\/p>\n\n<p>\nMode d&rsquo;emploi :<\/p>\n\n<p>\nNettoyer la peau avec Pinkini Skin Cleanser. 2. Massez bien la peau &agrave; traiter avec un peu d&rsquo;huile Pinkini PRE-WAXING OIL, l&rsquo;huile garantit que la cire ne tire que sur les poils et non sur la peau elle-m&ecirc;me, ce qui rend le traitement confortable et pratiquement indolore pour le client. 3. Appliquez la cire sur la peau par sections avec le c&ocirc;t&eacute; arrondi de la spatule, CONTRE le sens de la pousse des poils. 4. Retirer la cire d&rsquo;un mouvement rapide, dans le sens inverse de la pousse des poils. ASTUCE ! Utilisez le LycoJET comme cire de post-traitement pour tous les poils fins et duveteux, plus besoin de pince &agrave; &eacute;piler. 5. Nettoyez la peau avec le nettoyant Pinkini Skin Cleanser, qui referme les pores. 6. Enfin, massez la peau avec la lotion de finition Pinkini.<\/p>\n\n<p>\nIngr&eacute;dients :<\/p>\n<p>\nFormul&eacute; &agrave; partir de la technologie unique de LYCON avec du dioxyde de titane et de l&rsquo;huile d&rsquo;argan, du calendula et de la camomille pour prot&eacute;ger, apaiser et hydrater la peau sensible pendant l&rsquo;&eacute;pilation &agrave; la cire.<\/p>\n\n","protected":false},"excerpt":{"rendered":"<p>Pinkini Brazilian Hybrid Hot Wax Huile d&rsquo;argan, extraits de calendula et de camomille &ndash; 1 kilo La cire rose puissante de LYCON est formul&eacute;e avec la technologie unique de LYCON, enrichie de dioxyde de titane. Cette cire est puissante, cr&eacute;meuse et &eacute;lastique, ce qui permet une application fine pour un r&eacute;sultat optimal. Les basses temp&eacute;ratures &hellip; <\/p>\n<p class=\"link-more\"><a href=\"https:\/\/www.praktivak.be\/fr\/produit\/lycon-pinkini-brazilian-hybrid-hot-wax-1kg\/\" class=\"more-link\">Continuer la lecture<span class=\"screen-reader-text\"> \u00ab\u00a0Lycon Pinkini Brazilian Hybrid Hot Wax (1kg)\u00a0\u00bb<\/span><\/a><\/p>\n","protected":false},"author":1,"featured_media":298165,"template":"","meta":{"_acf_changed":false,"_relevanssi_hide_post":"","_relevanssi_hide_content":"","_relevanssi_pin_for_all":"","_relevanssi_pin_keywords":"","_relevanssi_unpin_keywords":"","_relevanssi_related_keywords":"","_relevanssi_related_include_ids":"","_relevanssi_related_exclude_ids":"","_relevanssi_related_no_append":"","_relevanssi_related_not_related":"","_relevanssi_related_posts":"","_relevanssi_noindex_reason":"","advgb_blocks_editor_width":"","advgb_blocks_columns_visual_guide":"","footnotes":""},"product_brand":[],"product_cat":[2124],"product_tag":[],"class_list":{"0":"post-160427","1":"product","2":"type-product","3":"status-publish","4":"has-post-thumbnail","6":"product_cat-film-wax-hybrid-hot-wax-lycon-fr","8":"first","9":"instock","10":"taxable","11":"shipping-taxable","12":"product-type-simple"},"acf":[],"yoast_head":"<!-- This site is optimized with the Yoast SEO plugin v27.2 - https:\/\/yoast.com\/product\/yoast-seo-wordpress\/ -->\n<title>Lycon Pinkini Brazilian Hybrid Hot Wax (1kg) - Praktivak<\/title>\n<meta name=\"robots\" content=\"index, follow, max-snippet:-1, max-image-preview:large, max-video-preview:-1\" \/>\n<link rel=\"canonical\" href=\"https:\/\/www.praktivak.be\/fr\/produit\/lycon-pinkini-brazilian-hybrid-hot-wax-1kg\/\" \/>\n<meta property=\"og:locale\" content=\"fr_FR\" \/>\n<meta property=\"og:type\" content=\"article\" \/>\n<meta property=\"og:title\" content=\"Lycon Pinkini Brazilian Hybrid Hot Wax (1kg) - Praktivak\" \/>\n<meta property=\"og:description\" content=\"Pinkini Brazilian Hybrid Hot Wax Huile d&rsquo;argan, extraits de calendula et de camomille &ndash; 1 kilo La cire rose puissante de LYCON est formul&eacute;e avec la technologie unique de LYCON, enrichie de dioxyde de titane. Cette cire est puissante, cr&eacute;meuse et &eacute;lastique, ce qui permet une application fine pour un r&eacute;sultat optimal. Les basses temp&eacute;ratures &hellip; Continuer la lecture &quot;Lycon Pinkini Brazilian Hybrid Hot Wax (1kg)&quot;\" \/>\n<meta property=\"og:url\" content=\"https:\/\/www.praktivak.be\/fr\/produit\/lycon-pinkini-brazilian-hybrid-hot-wax-1kg\/\" \/>\n<meta property=\"og:site_name\" content=\"Praktivak\" \/>\n<meta property=\"article:modified_time\" content=\"2026-04-14T03:03:25+00:00\" \/>\n<meta property=\"og:image\" content=\"https:\/\/www.praktivak.be\/wp-content\/uploads\/2025\/09\/1HK0181-2.jpg\" \/>\n\t<meta property=\"og:image:width\" content=\"1000\" \/>\n\t<meta property=\"og:image:height\" content=\"1000\" \/>\n\t<meta property=\"og:image:type\" content=\"image\/jpeg\" \/>\n<meta name=\"twitter:card\" content=\"summary_large_image\" \/>\n<meta name=\"twitter:label1\" content=\"Dur\u00e9e de lecture estim\u00e9e\" \/>\n\t<meta name=\"twitter:data1\" content=\"2 minutes\" \/>\n<script type=\"application\/ld+json\" class=\"yoast-schema-graph\">{\"@context\":\"https:\/\/schema.org\",\"@graph\":[{\"@type\":\"WebPage\",\"@id\":\"https:\/\/www.praktivak.be\/fr\/produit\/lycon-pinkini-brazilian-hybrid-hot-wax-1kg\/\",\"url\":\"https:\/\/www.praktivak.be\/fr\/produit\/lycon-pinkini-brazilian-hybrid-hot-wax-1kg\/\",\"name\":\"Lycon Pinkini Brazilian Hybrid Hot Wax (1kg) - Praktivak\",\"isPartOf\":{\"@id\":\"https:\/\/www.praktivak.be\/fr\/#website\"},\"primaryImageOfPage\":{\"@id\":\"https:\/\/www.praktivak.be\/fr\/produit\/lycon-pinkini-brazilian-hybrid-hot-wax-1kg\/#primaryimage\"},\"image\":{\"@id\":\"https:\/\/www.praktivak.be\/fr\/produit\/lycon-pinkini-brazilian-hybrid-hot-wax-1kg\/#primaryimage\"},\"thumbnailUrl\":\"https:\/\/www.praktivak.be\/wp-content\/uploads\/2025\/09\/1HK0181-2.jpg\",\"datePublished\":\"2025-08-14T16:03:05+00:00\",\"dateModified\":\"2026-04-14T03:03:25+00:00\",\"breadcrumb\":{\"@id\":\"https:\/\/www.praktivak.be\/fr\/produit\/lycon-pinkini-brazilian-hybrid-hot-wax-1kg\/#breadcrumb\"},\"inLanguage\":\"fr-FR\",\"potentialAction\":[{\"@type\":\"ReadAction\",\"target\":[\"https:\/\/www.praktivak.be\/fr\/produit\/lycon-pinkini-brazilian-hybrid-hot-wax-1kg\/\"]}]},{\"@type\":\"ImageObject\",\"inLanguage\":\"fr-FR\",\"@id\":\"https:\/\/www.praktivak.be\/fr\/produit\/lycon-pinkini-brazilian-hybrid-hot-wax-1kg\/#primaryimage\",\"url\":\"https:\/\/www.praktivak.be\/wp-content\/uploads\/2025\/09\/1HK0181-2.jpg\",\"contentUrl\":\"https:\/\/www.praktivak.be\/wp-content\/uploads\/2025\/09\/1HK0181-2.jpg\",\"width\":1000,\"height\":1000},{\"@type\":\"BreadcrumbList\",\"@id\":\"https:\/\/www.praktivak.be\/fr\/produit\/lycon-pinkini-brazilian-hybrid-hot-wax-1kg\/#breadcrumb\",\"itemListElement\":[{\"@type\":\"ListItem\",\"position\":1,\"name\":\"Home\",\"item\":\"https:\/\/www.praktivak.be\/fr\/\"},{\"@type\":\"ListItem\",\"position\":2,\"name\":\"Boutique\",\"item\":\"https:\/\/www.praktivak.be\/fr\/boutique\/\"},{\"@type\":\"ListItem\",\"position\":3,\"name\":\"Lycon Pinkini Brazilian Hybrid Hot Wax (1kg)\"}]},{\"@type\":\"WebSite\",\"@id\":\"https:\/\/www.praktivak.be\/fr\/#website\",\"url\":\"https:\/\/www.praktivak.be\/fr\/\",\"name\":\"Praktivak\",\"description\":\"\",\"publisher\":{\"@id\":\"https:\/\/www.praktivak.be\/fr\/#organization\"},\"potentialAction\":[{\"@type\":\"SearchAction\",\"target\":{\"@type\":\"EntryPoint\",\"urlTemplate\":\"https:\/\/www.praktivak.be\/fr\/?s={search_term_string}\"},\"query-input\":{\"@type\":\"PropertyValueSpecification\",\"valueRequired\":true,\"valueName\":\"search_term_string\"}}],\"inLanguage\":\"fr-FR\"},{\"@type\":\"Organization\",\"@id\":\"https:\/\/www.praktivak.be\/fr\/#organization\",\"name\":\"Praktivak\",\"url\":\"https:\/\/www.praktivak.be\/fr\/\",\"logo\":{\"@type\":\"ImageObject\",\"inLanguage\":\"fr-FR\",\"@id\":\"https:\/\/www.praktivak.be\/fr\/#\/schema\/logo\/image\/\",\"url\":\"https:\/\/www.praktivak.be\/wp-content\/uploads\/2024\/09\/Logo.png\",\"contentUrl\":\"https:\/\/www.praktivak.be\/wp-content\/uploads\/2024\/09\/Logo.png\",\"width\":1774,\"height\":337,\"caption\":\"Praktivak\"},\"image\":{\"@id\":\"https:\/\/www.praktivak.be\/fr\/#\/schema\/logo\/image\/\"}}]}<\/script>\n<!-- \/ Yoast SEO plugin. -->","yoast_head_json":{"title":"Lycon Pinkini Brazilian Hybrid Hot Wax (1kg) - Praktivak","robots":{"index":"index","follow":"follow","max-snippet":"max-snippet:-1","max-image-preview":"max-image-preview:large","max-video-preview":"max-video-preview:-1"},"canonical":"https:\/\/www.praktivak.be\/fr\/produit\/lycon-pinkini-brazilian-hybrid-hot-wax-1kg\/","og_locale":"fr_FR","og_type":"article","og_title":"Lycon Pinkini Brazilian Hybrid Hot Wax (1kg) - Praktivak","og_description":"Pinkini Brazilian Hybrid Hot Wax Huile d&rsquo;argan, extraits de calendula et de camomille &ndash; 1 kilo La cire rose puissante de LYCON est formul&eacute;e avec la technologie unique de LYCON, enrichie de dioxyde de titane. Cette cire est puissante, cr&eacute;meuse et &eacute;lastique, ce qui permet une application fine pour un r&eacute;sultat optimal. Les basses temp&eacute;ratures &hellip; Continuer la lecture \"Lycon Pinkini Brazilian Hybrid Hot Wax (1kg)\"","og_url":"https:\/\/www.praktivak.be\/fr\/produit\/lycon-pinkini-brazilian-hybrid-hot-wax-1kg\/","og_site_name":"Praktivak","article_modified_time":"2026-04-14T03:03:25+00:00","og_image":[{"width":1000,"height":1000,"url":"https:\/\/www.praktivak.be\/wp-content\/uploads\/2025\/09\/1HK0181-2.jpg","type":"image\/jpeg"}],"twitter_card":"summary_large_image","twitter_misc":{"Dur\u00e9e de lecture estim\u00e9e":"2 minutes"},"schema":{"@context":"https:\/\/schema.org","@graph":[{"@type":"WebPage","@id":"https:\/\/www.praktivak.be\/fr\/produit\/lycon-pinkini-brazilian-hybrid-hot-wax-1kg\/","url":"https:\/\/www.praktivak.be\/fr\/produit\/lycon-pinkini-brazilian-hybrid-hot-wax-1kg\/","name":"Lycon Pinkini Brazilian Hybrid Hot Wax (1kg) - Praktivak","isPartOf":{"@id":"https:\/\/www.praktivak.be\/fr\/#website"},"primaryImageOfPage":{"@id":"https:\/\/www.praktivak.be\/fr\/produit\/lycon-pinkini-brazilian-hybrid-hot-wax-1kg\/#primaryimage"},"image":{"@id":"https:\/\/www.praktivak.be\/fr\/produit\/lycon-pinkini-brazilian-hybrid-hot-wax-1kg\/#primaryimage"},"thumbnailUrl":"https:\/\/www.praktivak.be\/wp-content\/uploads\/2025\/09\/1HK0181-2.jpg","datePublished":"2025-08-14T16:03:05+00:00","dateModified":"2026-04-14T03:03:25+00:00","breadcrumb":{"@id":"https:\/\/www.praktivak.be\/fr\/produit\/lycon-pinkini-brazilian-hybrid-hot-wax-1kg\/#breadcrumb"},"inLanguage":"fr-FR","potentialAction":[{"@type":"ReadAction","target":["https:\/\/www.praktivak.be\/fr\/produit\/lycon-pinkini-brazilian-hybrid-hot-wax-1kg\/"]}]},{"@type":"ImageObject","inLanguage":"fr-FR","@id":"https:\/\/www.praktivak.be\/fr\/produit\/lycon-pinkini-brazilian-hybrid-hot-wax-1kg\/#primaryimage","url":"https:\/\/www.praktivak.be\/wp-content\/uploads\/2025\/09\/1HK0181-2.jpg","contentUrl":"https:\/\/www.praktivak.be\/wp-content\/uploads\/2025\/09\/1HK0181-2.jpg","width":1000,"height":1000},{"@type":"BreadcrumbList","@id":"https:\/\/www.praktivak.be\/fr\/produit\/lycon-pinkini-brazilian-hybrid-hot-wax-1kg\/#breadcrumb","itemListElement":[{"@type":"ListItem","position":1,"name":"Home","item":"https:\/\/www.praktivak.be\/fr\/"},{"@type":"ListItem","position":2,"name":"Boutique","item":"https:\/\/www.praktivak.be\/fr\/boutique\/"},{"@type":"ListItem","position":3,"name":"Lycon Pinkini Brazilian Hybrid Hot Wax (1kg)"}]},{"@type":"WebSite","@id":"https:\/\/www.praktivak.be\/fr\/#website","url":"https:\/\/www.praktivak.be\/fr\/","name":"Praktivak","description":"","publisher":{"@id":"https:\/\/www.praktivak.be\/fr\/#organization"},"potentialAction":[{"@type":"SearchAction","target":{"@type":"EntryPoint","urlTemplate":"https:\/\/www.praktivak.be\/fr\/?s={search_term_string}"},"query-input":{"@type":"PropertyValueSpecification","valueRequired":true,"valueName":"search_term_string"}}],"inLanguage":"fr-FR"},{"@type":"Organization","@id":"https:\/\/www.praktivak.be\/fr\/#organization","name":"Praktivak","url":"https:\/\/www.praktivak.be\/fr\/","logo":{"@type":"ImageObject","inLanguage":"fr-FR","@id":"https:\/\/www.praktivak.be\/fr\/#\/schema\/logo\/image\/","url":"https:\/\/www.praktivak.be\/wp-content\/uploads\/2024\/09\/Logo.png","contentUrl":"https:\/\/www.praktivak.be\/wp-content\/uploads\/2024\/09\/Logo.png","width":1774,"height":337,"caption":"Praktivak"},"image":{"@id":"https:\/\/www.praktivak.be\/fr\/#\/schema\/logo\/image\/"}}]}},"featured_img":"https:\/\/www.praktivak.be\/wp-content\/uploads\/2025\/09\/1HK0181-2.jpg","coauthors":[],"author_meta":{"author_link":"https:\/\/www.praktivak.be\/fr\/author\/madeit\/","display_name":"Tjebbe Lievens"},"relative_dates":{"created":"Publi\u00e9 8 mois il y a","modified":"Mis \u00e0 jour 13 heures il y a"},"absolute_dates":{"created":"Publi\u00e9 le 14 ao\u00fbt 2025","modified":"Mise \u00e0 jour le 14 avril 2026"},"absolute_dates_time":{"created":"Publi\u00e9 le 14 ao\u00fbt 2025 18h03","modified":"Mise \u00e0 jour le 14 avril 2026 5h03"},"featured_img_caption":"","tax_additional":{"product_brand":{"linked":[],"unlinked":[],"slug":"product_brand","name":"Marques"},"product_type":{"linked":["<a href=\"https:\/\/www.praktivak.be\/fr\/?taxonomy=product_type&#038;term=simple\" class=\"advgb-post-tax-term\">simple<\/a>"],"unlinked":["<span class=\"advgb-post-tax-term\">simple<\/span>"],"slug":"product_type","name":"Type de produit"},"product_visibility":{"linked":[],"unlinked":[],"slug":"product_visibility","name":"Visibilit\u00e9 du produit"},"product_cat":{"linked":["<a href=\"https:\/\/www.praktivak.be\/fr\/categorie-de-produit\/ontharing-fr\/lycon-fr\/film-wax-hybrid-hot-wax-lycon-fr\/\" class=\"advgb-post-tax-term\">Film wax (hybrid hot wax)<\/a>"],"unlinked":["<span class=\"advgb-post-tax-term\">Film wax (hybrid hot wax)<\/span>"],"slug":"product_cat","name":"Cat\u00e9gories de produits"},"product_tag":{"linked":[],"unlinked":[],"slug":"product_tag","name":"\u00c9tiquettes produit"},"product_shipping_class":{"linked":[],"unlinked":[],"slug":"product_shipping_class","name":"Classe d\u2019exp\u00e9dition du produit"},"pos_product_visibility":{"linked":[],"unlinked":[],"slug":"pos_product_visibility","name":"Visibilit\u00e9 du produit sur le point de vente"},"translation_priority":{"linked":[],"unlinked":[],"slug":"translation_priority","name":"Priorit\u00e9s de traduction"}},"series_order":"","_links":{"self":[{"href":"https:\/\/www.praktivak.be\/fr\/wp-json\/wp\/v2\/product\/160427","targetHints":{"allow":["GET"]}}],"collection":[{"href":"https:\/\/www.praktivak.be\/fr\/wp-json\/wp\/v2\/product"}],"about":[{"href":"https:\/\/www.praktivak.be\/fr\/wp-json\/wp\/v2\/types\/product"}],"version-history":[{"count":101,"href":"https:\/\/www.praktivak.be\/fr\/wp-json\/wp\/v2\/product\/160427\/revisions"}],"predecessor-version":[{"id":360694,"href":"https:\/\/www.praktivak.be\/fr\/wp-json\/wp\/v2\/product\/160427\/revisions\/360694"}],"wp:featuredmedia":[{"embeddable":true,"href":"https:\/\/www.praktivak.be\/fr\/wp-json\/wp\/v2\/media\/298165"}],"wp:attachment":[{"href":"https:\/\/www.praktivak.be\/fr\/wp-json\/wp\/v2\/media?parent=160427"}],"wp:term":[{"taxonomy":"product_brand","embeddable":true,"href":"https:\/\/www.praktivak.be\/fr\/wp-json\/wp\/v2\/product_brand?post=160427"},{"taxonomy":"product_cat","embeddable":true,"href":"https:\/\/www.praktivak.be\/fr\/wp-json\/wp\/v2\/product_cat?post=160427"},{"taxonomy":"product_tag","embeddable":true,"href":"https:\/\/www.praktivak.be\/fr\/wp-json\/wp\/v2\/product_tag?post=160427"}],"curies":[{"name":"wp","href":"https:\/\/api.w.org\/{rel}","templated":true}]}}