

{"id":160377,"date":"2025-08-14T18:02:06","date_gmt":"2025-08-14T16:02:06","guid":{"rendered":"https:\/\/www.praktivak.be\/product\/lycon-lycotec-white-strip-wax-cartridges-100ml\/"},"modified":"2026-02-01T03:02:15","modified_gmt":"2026-02-01T02:02:15","slug":"lycon-lycotec-white-strip-wax-cartridges-100ml","status":"publish","type":"product","link":"https:\/\/www.praktivak.be\/fr\/produit\/lycon-lycotec-white-strip-wax-cartridges-100ml\/","title":{"rendered":"Lycon LycoTec White Strip Wax Cartridges (100ml)"},"content":{"rendered":"\n<p data-oe-version=\"1.2\">\n<\/p><p>\nCartouches de cire blanche Lycotec<\/p>\n<p>\n100% blanc de coco !<\/p>\n\n<p>\nCartouches de 100 ml<\/p>\n<p>\nUne cire&nbsp;de cire VEGAN de haute technologie, lisse et extra douce, d&rsquo;un blanc cr&eacute;meux. Tr&egrave;s fine &agrave; appliquer et donc extr&ecirc;mement &eacute;conomique &agrave; utiliser. Contient de l&rsquo;huile de noix de coco et la derni&egrave;re et unique technologie de LYCON &agrave; base de dioxyde de titane et de micro mica, pour un traitement &agrave; la cire professionnel et extra doux, sans r&eacute;sidus collants. Ne tire pas sur la peau. Convient aux peaux tr&egrave;s sensibles. Id&eacute;ale pour les zones plus &eacute;tendues telles que les jambes, les bras, la poitrine et le dos.<\/p>\n\n<p>\nLes c&eacute;l&egrave;bres bandes de cire super douces de LYCON sont &eacute;tonnamment rapides &agrave; appliquer et ont une prise tr&egrave;s ferme. Il n&rsquo;y a pas de r&eacute;sidus collants et les bandes ne tirent pas sur la peau. Les cires professionnelles avec bandes de LYCON contiennent une combinaison sp&eacute;ciale d&rsquo;ingr&eacute;dients naturels pour une meilleure adh&eacute;rence, de sorte que m&ecirc;me les poils de 2 mm peuvent &ecirc;tre enlev&eacute;s. Des huiles aromatiques sp&eacute;ciales sont ajout&eacute;es pour leur effet soignant et apaisant. M&ecirc;me les clients les plus exigeants peuvent d&eacute;sormais compter sur un confort total. La cire avec bandes est &eacute;galement disponible en pots de 800 ml dans de d&eacute;licieux parfums ! La cartouche mesure 5 cm de large et 2 cm d&rsquo;&eacute;paisseur.<\/p>\n\n<p>\nLa cire avec bandes Lycon permet d&rsquo;&eacute;piler des poils de 2 mm ! Convient pour les zones plus &eacute;tendues telles que les bras, les jambes, la poitrine, l&rsquo;abdomen et le dos !<\/p>\n\n<p>\nMODE D&rsquo;EMPLOI :<\/p>\n\n<p>\n1. Nettoyer la peau avec le nettoyant LYCOTANE. <\/p>\n<p>\n2. Tendez la peau et, en exer&ccedil;ant une certaine pression, faites rouler le rouleau le long de la peau &agrave; un angle de 45 degr&eacute;s, dans le sens de la pousse des poils. <\/p>\n<p>\n3. Appliquer la bande de cire. Frottez fermement la bande pour qu&rsquo;elle adh&egrave;re. <\/p>\n<p>\n4. Retirez la bande de cire, dans le sens inverse de la pousse des poils. Tendez bien la peau. Nettoyez la peau avec le LYCOTANE Skin Cleanser, afin de refermer les pores. <\/p>\n<p>\n5. Nettoyez ensuite la peau avec PERFECT Finish ou Tea Tree Perfect pour &eacute;liminer les derni&egrave;res traces de cire sur la peau. <\/p>\n<p>\n6. Enfin, massez la peau avec la Cr&egrave;me apaisante ou le Tea Tree Sooth. CONSEIL : Si n&eacute;cessaire, utilisez le spray Ingrown X-It, massez l&eacute;g&egrave;rement et informez-en l&rsquo;utilisateur.<\/p>\n\n","protected":false},"excerpt":{"rendered":"<p>Cartouches de cire blanche Lycotec 100% blanc de coco ! Cartouches de 100 ml Une cire&nbsp;de cire VEGAN de haute technologie, lisse et extra douce, d&rsquo;un blanc cr&eacute;meux. Tr&egrave;s fine &agrave; appliquer et donc extr&ecirc;mement &eacute;conomique &agrave; utiliser. Contient de l&rsquo;huile de noix de coco et la derni&egrave;re et unique technologie de LYCON &agrave; base &hellip; <\/p>\n<p class=\"link-more\"><a href=\"https:\/\/www.praktivak.be\/fr\/produit\/lycon-lycotec-white-strip-wax-cartridges-100ml\/\" class=\"more-link\">Continuer la lecture<span class=\"screen-reader-text\"> \u00ab\u00a0Lycon LycoTec White Strip Wax Cartridges (100ml)\u00a0\u00bb<\/span><\/a><\/p>\n","protected":false},"author":1,"featured_media":298578,"template":"","meta":{"_acf_changed":false,"_relevanssi_hide_post":"","_relevanssi_hide_content":"","_relevanssi_pin_for_all":"","_relevanssi_pin_keywords":"","_relevanssi_unpin_keywords":"","_relevanssi_related_keywords":"","_relevanssi_related_include_ids":"","_relevanssi_related_exclude_ids":"","_relevanssi_related_no_append":"","_relevanssi_related_not_related":"","_relevanssi_related_posts":"","_relevanssi_noindex_reason":"","advgb_blocks_editor_width":"","advgb_blocks_columns_visual_guide":"","footnotes":""},"product_brand":[],"product_cat":[2070],"product_tag":[],"class_list":{"0":"post-160377","1":"product","2":"type-product","3":"status-publish","4":"has-post-thumbnail","6":"product_cat-cartridges-fr","8":"first","9":"instock","10":"taxable","11":"shipping-taxable","12":"product-type-simple"},"acf":[],"yoast_head":"<!-- This site is optimized with the Yoast SEO plugin v27.2 - https:\/\/yoast.com\/product\/yoast-seo-wordpress\/ -->\n<title>Lycon LycoTec White Strip Wax Cartridges (100ml) - Praktivak<\/title>\n<meta name=\"robots\" content=\"index, follow, max-snippet:-1, max-image-preview:large, max-video-preview:-1\" \/>\n<link rel=\"canonical\" href=\"https:\/\/www.praktivak.be\/fr\/produit\/lycon-lycotec-white-strip-wax-cartridges-100ml\/\" \/>\n<meta property=\"og:locale\" content=\"fr_FR\" \/>\n<meta property=\"og:type\" content=\"article\" \/>\n<meta property=\"og:title\" content=\"Lycon LycoTec White Strip Wax Cartridges (100ml) - Praktivak\" \/>\n<meta property=\"og:description\" content=\"Cartouches de cire blanche Lycotec 100% blanc de coco ! Cartouches de 100 ml Une cire&nbsp;de cire VEGAN de haute technologie, lisse et extra douce, d&rsquo;un blanc cr&eacute;meux. Tr&egrave;s fine &agrave; appliquer et donc extr&ecirc;mement &eacute;conomique &agrave; utiliser. Contient de l&rsquo;huile de noix de coco et la derni&egrave;re et unique technologie de LYCON &agrave; base &hellip; Continuer la lecture &quot;Lycon LycoTec White Strip Wax Cartridges (100ml)&quot;\" \/>\n<meta property=\"og:url\" content=\"https:\/\/www.praktivak.be\/fr\/produit\/lycon-lycotec-white-strip-wax-cartridges-100ml\/\" \/>\n<meta property=\"og:site_name\" content=\"Praktivak\" \/>\n<meta property=\"article:modified_time\" content=\"2026-02-01T02:02:15+00:00\" \/>\n<meta property=\"og:image\" content=\"https:\/\/www.praktivak.be\/wp-content\/uploads\/2025\/09\/1KL0151-2.png\" \/>\n\t<meta property=\"og:image:width\" content=\"434\" \/>\n\t<meta property=\"og:image:height\" content=\"1000\" \/>\n\t<meta property=\"og:image:type\" content=\"image\/png\" \/>\n<meta name=\"twitter:card\" content=\"summary_large_image\" \/>\n<meta name=\"twitter:label1\" content=\"Dur\u00e9e de lecture estim\u00e9e\" \/>\n\t<meta name=\"twitter:data1\" content=\"2 minutes\" \/>\n<script type=\"application\/ld+json\" class=\"yoast-schema-graph\">{\"@context\":\"https:\/\/schema.org\",\"@graph\":[{\"@type\":\"WebPage\",\"@id\":\"https:\/\/www.praktivak.be\/fr\/produit\/lycon-lycotec-white-strip-wax-cartridges-100ml\/\",\"url\":\"https:\/\/www.praktivak.be\/fr\/produit\/lycon-lycotec-white-strip-wax-cartridges-100ml\/\",\"name\":\"Lycon LycoTec White Strip Wax Cartridges (100ml) - Praktivak\",\"isPartOf\":{\"@id\":\"https:\/\/www.praktivak.be\/fr\/#website\"},\"primaryImageOfPage\":{\"@id\":\"https:\/\/www.praktivak.be\/fr\/produit\/lycon-lycotec-white-strip-wax-cartridges-100ml\/#primaryimage\"},\"image\":{\"@id\":\"https:\/\/www.praktivak.be\/fr\/produit\/lycon-lycotec-white-strip-wax-cartridges-100ml\/#primaryimage\"},\"thumbnailUrl\":\"https:\/\/www.praktivak.be\/wp-content\/uploads\/2025\/09\/1KL0151-2.png\",\"datePublished\":\"2025-08-14T16:02:06+00:00\",\"dateModified\":\"2026-02-01T02:02:15+00:00\",\"breadcrumb\":{\"@id\":\"https:\/\/www.praktivak.be\/fr\/produit\/lycon-lycotec-white-strip-wax-cartridges-100ml\/#breadcrumb\"},\"inLanguage\":\"fr-FR\",\"potentialAction\":[{\"@type\":\"ReadAction\",\"target\":[\"https:\/\/www.praktivak.be\/fr\/produit\/lycon-lycotec-white-strip-wax-cartridges-100ml\/\"]}]},{\"@type\":\"ImageObject\",\"inLanguage\":\"fr-FR\",\"@id\":\"https:\/\/www.praktivak.be\/fr\/produit\/lycon-lycotec-white-strip-wax-cartridges-100ml\/#primaryimage\",\"url\":\"https:\/\/www.praktivak.be\/wp-content\/uploads\/2025\/09\/1KL0151-2.png\",\"contentUrl\":\"https:\/\/www.praktivak.be\/wp-content\/uploads\/2025\/09\/1KL0151-2.png\",\"width\":434,\"height\":1000},{\"@type\":\"BreadcrumbList\",\"@id\":\"https:\/\/www.praktivak.be\/fr\/produit\/lycon-lycotec-white-strip-wax-cartridges-100ml\/#breadcrumb\",\"itemListElement\":[{\"@type\":\"ListItem\",\"position\":1,\"name\":\"Home\",\"item\":\"https:\/\/www.praktivak.be\/fr\/\"},{\"@type\":\"ListItem\",\"position\":2,\"name\":\"Boutique\",\"item\":\"https:\/\/www.praktivak.be\/fr\/boutique\/\"},{\"@type\":\"ListItem\",\"position\":3,\"name\":\"Lycon LycoTec White Strip Wax Cartridges (100ml)\"}]},{\"@type\":\"WebSite\",\"@id\":\"https:\/\/www.praktivak.be\/fr\/#website\",\"url\":\"https:\/\/www.praktivak.be\/fr\/\",\"name\":\"Praktivak\",\"description\":\"\",\"publisher\":{\"@id\":\"https:\/\/www.praktivak.be\/fr\/#organization\"},\"potentialAction\":[{\"@type\":\"SearchAction\",\"target\":{\"@type\":\"EntryPoint\",\"urlTemplate\":\"https:\/\/www.praktivak.be\/fr\/?s={search_term_string}\"},\"query-input\":{\"@type\":\"PropertyValueSpecification\",\"valueRequired\":true,\"valueName\":\"search_term_string\"}}],\"inLanguage\":\"fr-FR\"},{\"@type\":\"Organization\",\"@id\":\"https:\/\/www.praktivak.be\/fr\/#organization\",\"name\":\"Praktivak\",\"url\":\"https:\/\/www.praktivak.be\/fr\/\",\"logo\":{\"@type\":\"ImageObject\",\"inLanguage\":\"fr-FR\",\"@id\":\"https:\/\/www.praktivak.be\/fr\/#\/schema\/logo\/image\/\",\"url\":\"https:\/\/www.praktivak.be\/wp-content\/uploads\/2024\/09\/Logo.png\",\"contentUrl\":\"https:\/\/www.praktivak.be\/wp-content\/uploads\/2024\/09\/Logo.png\",\"width\":1774,\"height\":337,\"caption\":\"Praktivak\"},\"image\":{\"@id\":\"https:\/\/www.praktivak.be\/fr\/#\/schema\/logo\/image\/\"}}]}<\/script>\n<!-- \/ Yoast SEO plugin. -->","yoast_head_json":{"title":"Lycon LycoTec White Strip Wax Cartridges (100ml) - Praktivak","robots":{"index":"index","follow":"follow","max-snippet":"max-snippet:-1","max-image-preview":"max-image-preview:large","max-video-preview":"max-video-preview:-1"},"canonical":"https:\/\/www.praktivak.be\/fr\/produit\/lycon-lycotec-white-strip-wax-cartridges-100ml\/","og_locale":"fr_FR","og_type":"article","og_title":"Lycon LycoTec White Strip Wax Cartridges (100ml) - Praktivak","og_description":"Cartouches de cire blanche Lycotec 100% blanc de coco ! Cartouches de 100 ml Une cire&nbsp;de cire VEGAN de haute technologie, lisse et extra douce, d&rsquo;un blanc cr&eacute;meux. Tr&egrave;s fine &agrave; appliquer et donc extr&ecirc;mement &eacute;conomique &agrave; utiliser. Contient de l&rsquo;huile de noix de coco et la derni&egrave;re et unique technologie de LYCON &agrave; base &hellip; Continuer la lecture \"Lycon LycoTec White Strip Wax Cartridges (100ml)\"","og_url":"https:\/\/www.praktivak.be\/fr\/produit\/lycon-lycotec-white-strip-wax-cartridges-100ml\/","og_site_name":"Praktivak","article_modified_time":"2026-02-01T02:02:15+00:00","og_image":[{"width":434,"height":1000,"url":"https:\/\/www.praktivak.be\/wp-content\/uploads\/2025\/09\/1KL0151-2.png","type":"image\/png"}],"twitter_card":"summary_large_image","twitter_misc":{"Dur\u00e9e de lecture estim\u00e9e":"2 minutes"},"schema":{"@context":"https:\/\/schema.org","@graph":[{"@type":"WebPage","@id":"https:\/\/www.praktivak.be\/fr\/produit\/lycon-lycotec-white-strip-wax-cartridges-100ml\/","url":"https:\/\/www.praktivak.be\/fr\/produit\/lycon-lycotec-white-strip-wax-cartridges-100ml\/","name":"Lycon LycoTec White Strip Wax Cartridges (100ml) - Praktivak","isPartOf":{"@id":"https:\/\/www.praktivak.be\/fr\/#website"},"primaryImageOfPage":{"@id":"https:\/\/www.praktivak.be\/fr\/produit\/lycon-lycotec-white-strip-wax-cartridges-100ml\/#primaryimage"},"image":{"@id":"https:\/\/www.praktivak.be\/fr\/produit\/lycon-lycotec-white-strip-wax-cartridges-100ml\/#primaryimage"},"thumbnailUrl":"https:\/\/www.praktivak.be\/wp-content\/uploads\/2025\/09\/1KL0151-2.png","datePublished":"2025-08-14T16:02:06+00:00","dateModified":"2026-02-01T02:02:15+00:00","breadcrumb":{"@id":"https:\/\/www.praktivak.be\/fr\/produit\/lycon-lycotec-white-strip-wax-cartridges-100ml\/#breadcrumb"},"inLanguage":"fr-FR","potentialAction":[{"@type":"ReadAction","target":["https:\/\/www.praktivak.be\/fr\/produit\/lycon-lycotec-white-strip-wax-cartridges-100ml\/"]}]},{"@type":"ImageObject","inLanguage":"fr-FR","@id":"https:\/\/www.praktivak.be\/fr\/produit\/lycon-lycotec-white-strip-wax-cartridges-100ml\/#primaryimage","url":"https:\/\/www.praktivak.be\/wp-content\/uploads\/2025\/09\/1KL0151-2.png","contentUrl":"https:\/\/www.praktivak.be\/wp-content\/uploads\/2025\/09\/1KL0151-2.png","width":434,"height":1000},{"@type":"BreadcrumbList","@id":"https:\/\/www.praktivak.be\/fr\/produit\/lycon-lycotec-white-strip-wax-cartridges-100ml\/#breadcrumb","itemListElement":[{"@type":"ListItem","position":1,"name":"Home","item":"https:\/\/www.praktivak.be\/fr\/"},{"@type":"ListItem","position":2,"name":"Boutique","item":"https:\/\/www.praktivak.be\/fr\/boutique\/"},{"@type":"ListItem","position":3,"name":"Lycon LycoTec White Strip Wax Cartridges (100ml)"}]},{"@type":"WebSite","@id":"https:\/\/www.praktivak.be\/fr\/#website","url":"https:\/\/www.praktivak.be\/fr\/","name":"Praktivak","description":"","publisher":{"@id":"https:\/\/www.praktivak.be\/fr\/#organization"},"potentialAction":[{"@type":"SearchAction","target":{"@type":"EntryPoint","urlTemplate":"https:\/\/www.praktivak.be\/fr\/?s={search_term_string}"},"query-input":{"@type":"PropertyValueSpecification","valueRequired":true,"valueName":"search_term_string"}}],"inLanguage":"fr-FR"},{"@type":"Organization","@id":"https:\/\/www.praktivak.be\/fr\/#organization","name":"Praktivak","url":"https:\/\/www.praktivak.be\/fr\/","logo":{"@type":"ImageObject","inLanguage":"fr-FR","@id":"https:\/\/www.praktivak.be\/fr\/#\/schema\/logo\/image\/","url":"https:\/\/www.praktivak.be\/wp-content\/uploads\/2024\/09\/Logo.png","contentUrl":"https:\/\/www.praktivak.be\/wp-content\/uploads\/2024\/09\/Logo.png","width":1774,"height":337,"caption":"Praktivak"},"image":{"@id":"https:\/\/www.praktivak.be\/fr\/#\/schema\/logo\/image\/"}}]}},"featured_img":"https:\/\/www.praktivak.be\/wp-content\/uploads\/2025\/09\/1KL0151-2.png","coauthors":[],"author_meta":{"author_link":"https:\/\/www.praktivak.be\/fr\/author\/madeit\/","display_name":"Tjebbe Lievens"},"relative_dates":{"created":"Publi\u00e9 8 mois il y a","modified":"Mis \u00e0 jour 2 mois il y a"},"absolute_dates":{"created":"Publi\u00e9 le 14 ao\u00fbt 2025","modified":"Mise \u00e0 jour le 1 f\u00e9vrier 2026"},"absolute_dates_time":{"created":"Publi\u00e9 le 14 ao\u00fbt 2025 18h02","modified":"Mise \u00e0 jour le 1 f\u00e9vrier 2026 3h02"},"featured_img_caption":"","tax_additional":{"product_brand":{"linked":[],"unlinked":[],"slug":"product_brand","name":"Marques"},"product_type":{"linked":["<a href=\"https:\/\/www.praktivak.be\/fr\/?taxonomy=product_type&#038;term=simple\" class=\"advgb-post-tax-term\">simple<\/a>"],"unlinked":["<span class=\"advgb-post-tax-term\">simple<\/span>"],"slug":"product_type","name":"Type de produit"},"product_visibility":{"linked":[],"unlinked":[],"slug":"product_visibility","name":"Visibilit\u00e9 du produit"},"product_cat":{"linked":["<a href=\"https:\/\/www.praktivak.be\/fr\/categorie-de-produit\/ontharing-fr\/lycon-fr\/cartridges-fr\/\" class=\"advgb-post-tax-term\">Cartouches<\/a>"],"unlinked":["<span class=\"advgb-post-tax-term\">Cartouches<\/span>"],"slug":"product_cat","name":"Cat\u00e9gories de produits"},"product_tag":{"linked":[],"unlinked":[],"slug":"product_tag","name":"\u00c9tiquettes produit"},"product_shipping_class":{"linked":[],"unlinked":[],"slug":"product_shipping_class","name":"Classe d\u2019exp\u00e9dition du produit"},"pos_product_visibility":{"linked":[],"unlinked":[],"slug":"pos_product_visibility","name":"Visibilit\u00e9 du produit sur le point de vente"},"translation_priority":{"linked":[],"unlinked":[],"slug":"translation_priority","name":"Priorit\u00e9s de traduction"}},"series_order":"","_links":{"self":[{"href":"https:\/\/www.praktivak.be\/fr\/wp-json\/wp\/v2\/product\/160377","targetHints":{"allow":["GET"]}}],"collection":[{"href":"https:\/\/www.praktivak.be\/fr\/wp-json\/wp\/v2\/product"}],"about":[{"href":"https:\/\/www.praktivak.be\/fr\/wp-json\/wp\/v2\/types\/product"}],"version-history":[{"count":97,"href":"https:\/\/www.praktivak.be\/fr\/wp-json\/wp\/v2\/product\/160377\/revisions"}],"predecessor-version":[{"id":326099,"href":"https:\/\/www.praktivak.be\/fr\/wp-json\/wp\/v2\/product\/160377\/revisions\/326099"}],"wp:featuredmedia":[{"embeddable":true,"href":"https:\/\/www.praktivak.be\/fr\/wp-json\/wp\/v2\/media\/298578"}],"wp:attachment":[{"href":"https:\/\/www.praktivak.be\/fr\/wp-json\/wp\/v2\/media?parent=160377"}],"wp:term":[{"taxonomy":"product_brand","embeddable":true,"href":"https:\/\/www.praktivak.be\/fr\/wp-json\/wp\/v2\/product_brand?post=160377"},{"taxonomy":"product_cat","embeddable":true,"href":"https:\/\/www.praktivak.be\/fr\/wp-json\/wp\/v2\/product_cat?post=160377"},{"taxonomy":"product_tag","embeddable":true,"href":"https:\/\/www.praktivak.be\/fr\/wp-json\/wp\/v2\/product_tag?post=160377"}],"curies":[{"name":"wp","href":"https:\/\/api.w.org\/{rel}","templated":true}]}}