

{"id":160360,"date":"2025-08-14T18:01:33","date_gmt":"2025-08-14T16:01:33","guid":{"rendered":"https:\/\/www.praktivak.be\/product\/lycon-lycotec-superberry-hot-wax-500-gr\/"},"modified":"2026-04-13T05:02:39","modified_gmt":"2026-04-13T03:02:39","slug":"lycon-lycotec-superberry-hot-wax-500-gr","status":"publish","type":"product","link":"https:\/\/www.praktivak.be\/fr\/produit\/lycon-lycotec-superberry-hot-wax-500-gr\/","title":{"rendered":"Lycon LycoTec SuperBerry Hot Wax (500 gr.)"},"content":{"rendered":"\n<p>\nLycotec SuperBerry Cire chaude 500 gr.<\/p>\n<p>\nRose fraise ! &ndash; POP &ndash; N &ndash; GO TRAYS 500 gr<\/p>\n\n<p>\nD&eacute;licieusement parfum&eacute;e ! Cire VEGAN pour les peaux tr&egrave;s sensibles et les clients allergiques ! Une formule de haute technologie avec une nouvelle g&eacute;n&eacute;ration de cire synth&eacute;tique, du dioxyde de titane, super lisse, tr&egrave;s &eacute;lastique et qui ne se casse pas. Appliqu&eacute;e &agrave; tr&egrave;s basse temp&eacute;rature. <\/p>\n\n<p>\n&ndash; La cire chaude LYCOtec enl&egrave;ve sans effort les poils d&rsquo;une longueur de 1 mm. Id&eacute;ale pour l&rsquo;&eacute;pilation du visage, mais aussi pour les aisselles, le maillot et les grandes zones sans bandes. Les poils restent 100% &eacute;limin&eacute;s pendant des semaines et la peau est parfaitement lisse et douce, sans barbe, d&eacute;mangeaisons ou poils incarn&eacute;s ! Les cires TEC de LYCON conviennent aux peaux tr&egrave;s sensibles et &agrave; l&rsquo;&eacute;pilation de grandes surfaces sans bandes ! VEGA WAX pour le salon qui ne veut travailler qu&rsquo;avec des produits ne contenant pas d&rsquo;ingr&eacute;dients d&rsquo;origine animale.<\/p>\n\n<p>\n&ndash; La cire pour le corps entier &eacute;limine tous les poils &agrave; partir de 1 mm.<\/p>\n\n<p>\nMode d&rsquo;emploi : <\/p>\n<p>\nNettoyer la peau avec le LYCOTANE Skin Cleanser. 2. Masser la peau &agrave; traiter avec un peu d&rsquo;HUILE DE PR&Eacute;-&eacute;pilation. L&rsquo;huile garantit que la cire ne tire que sur les poils et non sur la peau elle-m&ecirc;me, ce qui rend le traitement confortable et pratiquement indolore pour le client. 3. Appliquez la cire sur la peau par sections avec le c&ocirc;t&eacute; arrondi de la spatule, CONTRE le sens de la pousse des poils. 4. Retirer la cire d&rsquo;un mouvement rapide, dans le sens inverse de la pousse des poils. 5. Nettoyer la peau avec le LYCOTANE Skin Cleanser, qui referme les pores. 6. Enfin, massez la peau avec la Cr&egrave;me Apaisante, le Tea Tree Sooth ou le Gel d&rsquo;Aloe Vera. ASTUCE ! Utilisez le LycoJET comme cire post-traitement pour tous les poils fins et duveteux, plus besoin de pince &agrave; &eacute;piler. (Ne pas utiliser sur les peaux hypoallerg&eacute;niques).<\/p>\n\n","protected":false},"excerpt":{"rendered":"<p>Lycotec SuperBerry Cire chaude 500 gr. Rose fraise ! &ndash; POP &ndash; N &ndash; GO TRAYS 500 gr D&eacute;licieusement parfum&eacute;e ! Cire VEGAN pour les peaux tr&egrave;s sensibles et les clients allergiques ! Une formule de haute technologie avec une nouvelle g&eacute;n&eacute;ration de cire synth&eacute;tique, du dioxyde de titane, super lisse, tr&egrave;s &eacute;lastique et qui &hellip; <\/p>\n<p class=\"link-more\"><a href=\"https:\/\/www.praktivak.be\/fr\/produit\/lycon-lycotec-superberry-hot-wax-500-gr\/\" class=\"more-link\">Continuer la lecture<span class=\"screen-reader-text\"> \u00ab\u00a0Lycon LycoTec SuperBerry Hot Wax (500 gr.)\u00a0\u00bb<\/span><\/a><\/p>\n","protected":false},"author":1,"featured_media":298919,"template":"","meta":{"_acf_changed":false,"_relevanssi_hide_post":"","_relevanssi_hide_content":"","_relevanssi_pin_for_all":"","_relevanssi_pin_keywords":"","_relevanssi_unpin_keywords":"","_relevanssi_related_keywords":"","_relevanssi_related_include_ids":"","_relevanssi_related_exclude_ids":"","_relevanssi_related_no_append":"","_relevanssi_related_not_related":"","_relevanssi_related_posts":"","_relevanssi_noindex_reason":"","advgb_blocks_editor_width":"","advgb_blocks_columns_visual_guide":"","footnotes":""},"product_brand":[],"product_cat":[2128],"product_tag":[],"class_list":{"0":"post-160360","1":"product","2":"type-product","3":"status-publish","4":"has-post-thumbnail","6":"product_cat-hot-wax-lycon-fr","8":"first","9":"instock","10":"taxable","11":"shipping-taxable","12":"product-type-simple"},"acf":[],"yoast_head":"<!-- This site is optimized with the Yoast SEO plugin v27.2 - https:\/\/yoast.com\/product\/yoast-seo-wordpress\/ -->\n<title>Lycon LycoTec SuperBerry Hot Wax (500 gr.) - Praktivak<\/title>\n<meta name=\"robots\" content=\"index, follow, max-snippet:-1, max-image-preview:large, max-video-preview:-1\" \/>\n<link rel=\"canonical\" href=\"https:\/\/www.praktivak.be\/fr\/produit\/lycon-lycotec-superberry-hot-wax-500-gr\/\" \/>\n<meta property=\"og:locale\" content=\"fr_FR\" \/>\n<meta property=\"og:type\" content=\"article\" \/>\n<meta property=\"og:title\" content=\"Lycon LycoTec SuperBerry Hot Wax (500 gr.) - Praktivak\" \/>\n<meta property=\"og:description\" content=\"Lycotec SuperBerry Cire chaude 500 gr. Rose fraise ! &ndash; POP &ndash; N &ndash; GO TRAYS 500 gr D&eacute;licieusement parfum&eacute;e ! Cire VEGAN pour les peaux tr&egrave;s sensibles et les clients allergiques ! Une formule de haute technologie avec une nouvelle g&eacute;n&eacute;ration de cire synth&eacute;tique, du dioxyde de titane, super lisse, tr&egrave;s &eacute;lastique et qui &hellip; Continuer la lecture &quot;Lycon LycoTec SuperBerry Hot Wax (500 gr.)&quot;\" \/>\n<meta property=\"og:url\" content=\"https:\/\/www.praktivak.be\/fr\/produit\/lycon-lycotec-superberry-hot-wax-500-gr\/\" \/>\n<meta property=\"og:site_name\" content=\"Praktivak\" \/>\n<meta property=\"article:modified_time\" content=\"2026-04-13T03:02:39+00:00\" \/>\n<meta property=\"og:image\" content=\"https:\/\/www.praktivak.be\/wp-content\/uploads\/2025\/09\/1HL0141-2.jpg\" \/>\n\t<meta property=\"og:image:width\" content=\"455\" \/>\n\t<meta property=\"og:image:height\" content=\"452\" \/>\n\t<meta property=\"og:image:type\" content=\"image\/jpeg\" \/>\n<meta name=\"twitter:card\" content=\"summary_large_image\" \/>\n<meta name=\"twitter:label1\" content=\"Dur\u00e9e de lecture estim\u00e9e\" \/>\n\t<meta name=\"twitter:data1\" content=\"2 minutes\" \/>\n<script type=\"application\/ld+json\" class=\"yoast-schema-graph\">{\"@context\":\"https:\/\/schema.org\",\"@graph\":[{\"@type\":\"WebPage\",\"@id\":\"https:\/\/www.praktivak.be\/fr\/produit\/lycon-lycotec-superberry-hot-wax-500-gr\/\",\"url\":\"https:\/\/www.praktivak.be\/fr\/produit\/lycon-lycotec-superberry-hot-wax-500-gr\/\",\"name\":\"Lycon LycoTec SuperBerry Hot Wax (500 gr.) - Praktivak\",\"isPartOf\":{\"@id\":\"https:\/\/www.praktivak.be\/fr\/#website\"},\"primaryImageOfPage\":{\"@id\":\"https:\/\/www.praktivak.be\/fr\/produit\/lycon-lycotec-superberry-hot-wax-500-gr\/#primaryimage\"},\"image\":{\"@id\":\"https:\/\/www.praktivak.be\/fr\/produit\/lycon-lycotec-superberry-hot-wax-500-gr\/#primaryimage\"},\"thumbnailUrl\":\"https:\/\/www.praktivak.be\/wp-content\/uploads\/2025\/09\/1HL0141-2.jpg\",\"datePublished\":\"2025-08-14T16:01:33+00:00\",\"dateModified\":\"2026-04-13T03:02:39+00:00\",\"breadcrumb\":{\"@id\":\"https:\/\/www.praktivak.be\/fr\/produit\/lycon-lycotec-superberry-hot-wax-500-gr\/#breadcrumb\"},\"inLanguage\":\"fr-FR\",\"potentialAction\":[{\"@type\":\"ReadAction\",\"target\":[\"https:\/\/www.praktivak.be\/fr\/produit\/lycon-lycotec-superberry-hot-wax-500-gr\/\"]}]},{\"@type\":\"ImageObject\",\"inLanguage\":\"fr-FR\",\"@id\":\"https:\/\/www.praktivak.be\/fr\/produit\/lycon-lycotec-superberry-hot-wax-500-gr\/#primaryimage\",\"url\":\"https:\/\/www.praktivak.be\/wp-content\/uploads\/2025\/09\/1HL0141-2.jpg\",\"contentUrl\":\"https:\/\/www.praktivak.be\/wp-content\/uploads\/2025\/09\/1HL0141-2.jpg\",\"width\":455,\"height\":452},{\"@type\":\"BreadcrumbList\",\"@id\":\"https:\/\/www.praktivak.be\/fr\/produit\/lycon-lycotec-superberry-hot-wax-500-gr\/#breadcrumb\",\"itemListElement\":[{\"@type\":\"ListItem\",\"position\":1,\"name\":\"Home\",\"item\":\"https:\/\/www.praktivak.be\/fr\/\"},{\"@type\":\"ListItem\",\"position\":2,\"name\":\"Boutique\",\"item\":\"https:\/\/www.praktivak.be\/fr\/boutique\/\"},{\"@type\":\"ListItem\",\"position\":3,\"name\":\"Lycon LycoTec SuperBerry Hot Wax (500 gr.)\"}]},{\"@type\":\"WebSite\",\"@id\":\"https:\/\/www.praktivak.be\/fr\/#website\",\"url\":\"https:\/\/www.praktivak.be\/fr\/\",\"name\":\"Praktivak\",\"description\":\"\",\"publisher\":{\"@id\":\"https:\/\/www.praktivak.be\/fr\/#organization\"},\"potentialAction\":[{\"@type\":\"SearchAction\",\"target\":{\"@type\":\"EntryPoint\",\"urlTemplate\":\"https:\/\/www.praktivak.be\/fr\/?s={search_term_string}\"},\"query-input\":{\"@type\":\"PropertyValueSpecification\",\"valueRequired\":true,\"valueName\":\"search_term_string\"}}],\"inLanguage\":\"fr-FR\"},{\"@type\":\"Organization\",\"@id\":\"https:\/\/www.praktivak.be\/fr\/#organization\",\"name\":\"Praktivak\",\"url\":\"https:\/\/www.praktivak.be\/fr\/\",\"logo\":{\"@type\":\"ImageObject\",\"inLanguage\":\"fr-FR\",\"@id\":\"https:\/\/www.praktivak.be\/fr\/#\/schema\/logo\/image\/\",\"url\":\"https:\/\/www.praktivak.be\/wp-content\/uploads\/2024\/09\/Logo.png\",\"contentUrl\":\"https:\/\/www.praktivak.be\/wp-content\/uploads\/2024\/09\/Logo.png\",\"width\":1774,\"height\":337,\"caption\":\"Praktivak\"},\"image\":{\"@id\":\"https:\/\/www.praktivak.be\/fr\/#\/schema\/logo\/image\/\"}}]}<\/script>\n<!-- \/ Yoast SEO plugin. -->","yoast_head_json":{"title":"Lycon LycoTec SuperBerry Hot Wax (500 gr.) - Praktivak","robots":{"index":"index","follow":"follow","max-snippet":"max-snippet:-1","max-image-preview":"max-image-preview:large","max-video-preview":"max-video-preview:-1"},"canonical":"https:\/\/www.praktivak.be\/fr\/produit\/lycon-lycotec-superberry-hot-wax-500-gr\/","og_locale":"fr_FR","og_type":"article","og_title":"Lycon LycoTec SuperBerry Hot Wax (500 gr.) - Praktivak","og_description":"Lycotec SuperBerry Cire chaude 500 gr. Rose fraise ! &ndash; POP &ndash; N &ndash; GO TRAYS 500 gr D&eacute;licieusement parfum&eacute;e ! Cire VEGAN pour les peaux tr&egrave;s sensibles et les clients allergiques ! Une formule de haute technologie avec une nouvelle g&eacute;n&eacute;ration de cire synth&eacute;tique, du dioxyde de titane, super lisse, tr&egrave;s &eacute;lastique et qui &hellip; Continuer la lecture \"Lycon LycoTec SuperBerry Hot Wax (500 gr.)\"","og_url":"https:\/\/www.praktivak.be\/fr\/produit\/lycon-lycotec-superberry-hot-wax-500-gr\/","og_site_name":"Praktivak","article_modified_time":"2026-04-13T03:02:39+00:00","og_image":[{"width":455,"height":452,"url":"https:\/\/www.praktivak.be\/wp-content\/uploads\/2025\/09\/1HL0141-2.jpg","type":"image\/jpeg"}],"twitter_card":"summary_large_image","twitter_misc":{"Dur\u00e9e de lecture estim\u00e9e":"2 minutes"},"schema":{"@context":"https:\/\/schema.org","@graph":[{"@type":"WebPage","@id":"https:\/\/www.praktivak.be\/fr\/produit\/lycon-lycotec-superberry-hot-wax-500-gr\/","url":"https:\/\/www.praktivak.be\/fr\/produit\/lycon-lycotec-superberry-hot-wax-500-gr\/","name":"Lycon LycoTec SuperBerry Hot Wax (500 gr.) - Praktivak","isPartOf":{"@id":"https:\/\/www.praktivak.be\/fr\/#website"},"primaryImageOfPage":{"@id":"https:\/\/www.praktivak.be\/fr\/produit\/lycon-lycotec-superberry-hot-wax-500-gr\/#primaryimage"},"image":{"@id":"https:\/\/www.praktivak.be\/fr\/produit\/lycon-lycotec-superberry-hot-wax-500-gr\/#primaryimage"},"thumbnailUrl":"https:\/\/www.praktivak.be\/wp-content\/uploads\/2025\/09\/1HL0141-2.jpg","datePublished":"2025-08-14T16:01:33+00:00","dateModified":"2026-04-13T03:02:39+00:00","breadcrumb":{"@id":"https:\/\/www.praktivak.be\/fr\/produit\/lycon-lycotec-superberry-hot-wax-500-gr\/#breadcrumb"},"inLanguage":"fr-FR","potentialAction":[{"@type":"ReadAction","target":["https:\/\/www.praktivak.be\/fr\/produit\/lycon-lycotec-superberry-hot-wax-500-gr\/"]}]},{"@type":"ImageObject","inLanguage":"fr-FR","@id":"https:\/\/www.praktivak.be\/fr\/produit\/lycon-lycotec-superberry-hot-wax-500-gr\/#primaryimage","url":"https:\/\/www.praktivak.be\/wp-content\/uploads\/2025\/09\/1HL0141-2.jpg","contentUrl":"https:\/\/www.praktivak.be\/wp-content\/uploads\/2025\/09\/1HL0141-2.jpg","width":455,"height":452},{"@type":"BreadcrumbList","@id":"https:\/\/www.praktivak.be\/fr\/produit\/lycon-lycotec-superberry-hot-wax-500-gr\/#breadcrumb","itemListElement":[{"@type":"ListItem","position":1,"name":"Home","item":"https:\/\/www.praktivak.be\/fr\/"},{"@type":"ListItem","position":2,"name":"Boutique","item":"https:\/\/www.praktivak.be\/fr\/boutique\/"},{"@type":"ListItem","position":3,"name":"Lycon LycoTec SuperBerry Hot Wax (500 gr.)"}]},{"@type":"WebSite","@id":"https:\/\/www.praktivak.be\/fr\/#website","url":"https:\/\/www.praktivak.be\/fr\/","name":"Praktivak","description":"","publisher":{"@id":"https:\/\/www.praktivak.be\/fr\/#organization"},"potentialAction":[{"@type":"SearchAction","target":{"@type":"EntryPoint","urlTemplate":"https:\/\/www.praktivak.be\/fr\/?s={search_term_string}"},"query-input":{"@type":"PropertyValueSpecification","valueRequired":true,"valueName":"search_term_string"}}],"inLanguage":"fr-FR"},{"@type":"Organization","@id":"https:\/\/www.praktivak.be\/fr\/#organization","name":"Praktivak","url":"https:\/\/www.praktivak.be\/fr\/","logo":{"@type":"ImageObject","inLanguage":"fr-FR","@id":"https:\/\/www.praktivak.be\/fr\/#\/schema\/logo\/image\/","url":"https:\/\/www.praktivak.be\/wp-content\/uploads\/2024\/09\/Logo.png","contentUrl":"https:\/\/www.praktivak.be\/wp-content\/uploads\/2024\/09\/Logo.png","width":1774,"height":337,"caption":"Praktivak"},"image":{"@id":"https:\/\/www.praktivak.be\/fr\/#\/schema\/logo\/image\/"}}]}},"featured_img":"https:\/\/www.praktivak.be\/wp-content\/uploads\/2025\/09\/1HL0141-2.jpg","coauthors":[],"author_meta":{"author_link":"https:\/\/www.praktivak.be\/fr\/author\/madeit\/","display_name":"Tjebbe Lievens"},"relative_dates":{"created":"Publi\u00e9 8 mois il y a","modified":"Mis \u00e0 jour 15 heures il y a"},"absolute_dates":{"created":"Publi\u00e9 le 14 ao\u00fbt 2025","modified":"Mise \u00e0 jour le 13 avril 2026"},"absolute_dates_time":{"created":"Publi\u00e9 le 14 ao\u00fbt 2025 18h01","modified":"Mise \u00e0 jour le 13 avril 2026 5h02"},"featured_img_caption":"","tax_additional":{"product_brand":{"linked":[],"unlinked":[],"slug":"product_brand","name":"Marques"},"product_type":{"linked":["<a href=\"https:\/\/www.praktivak.be\/fr\/?taxonomy=product_type&#038;term=simple\" class=\"advgb-post-tax-term\">simple<\/a>"],"unlinked":["<span class=\"advgb-post-tax-term\">simple<\/span>"],"slug":"product_type","name":"Type de produit"},"product_visibility":{"linked":[],"unlinked":[],"slug":"product_visibility","name":"Visibilit\u00e9 du produit"},"product_cat":{"linked":["<a href=\"https:\/\/www.praktivak.be\/fr\/categorie-de-produit\/ontharing-fr\/lycon-fr\/hot-wax-lycon-fr\/\" class=\"advgb-post-tax-term\">Hot wax<\/a>"],"unlinked":["<span class=\"advgb-post-tax-term\">Hot wax<\/span>"],"slug":"product_cat","name":"Cat\u00e9gories de produits"},"product_tag":{"linked":[],"unlinked":[],"slug":"product_tag","name":"\u00c9tiquettes produit"},"product_shipping_class":{"linked":[],"unlinked":[],"slug":"product_shipping_class","name":"Classe d\u2019exp\u00e9dition du produit"},"pos_product_visibility":{"linked":[],"unlinked":[],"slug":"pos_product_visibility","name":"Visibilit\u00e9 du produit sur le point de vente"},"translation_priority":{"linked":[],"unlinked":[],"slug":"translation_priority","name":"Priorit\u00e9s de traduction"}},"series_order":"","_links":{"self":[{"href":"https:\/\/www.praktivak.be\/fr\/wp-json\/wp\/v2\/product\/160360","targetHints":{"allow":["GET"]}}],"collection":[{"href":"https:\/\/www.praktivak.be\/fr\/wp-json\/wp\/v2\/product"}],"about":[{"href":"https:\/\/www.praktivak.be\/fr\/wp-json\/wp\/v2\/types\/product"}],"version-history":[{"count":91,"href":"https:\/\/www.praktivak.be\/fr\/wp-json\/wp\/v2\/product\/160360\/revisions"}],"predecessor-version":[{"id":360697,"href":"https:\/\/www.praktivak.be\/fr\/wp-json\/wp\/v2\/product\/160360\/revisions\/360697"}],"wp:featuredmedia":[{"embeddable":true,"href":"https:\/\/www.praktivak.be\/fr\/wp-json\/wp\/v2\/media\/298919"}],"wp:attachment":[{"href":"https:\/\/www.praktivak.be\/fr\/wp-json\/wp\/v2\/media?parent=160360"}],"wp:term":[{"taxonomy":"product_brand","embeddable":true,"href":"https:\/\/www.praktivak.be\/fr\/wp-json\/wp\/v2\/product_brand?post=160360"},{"taxonomy":"product_cat","embeddable":true,"href":"https:\/\/www.praktivak.be\/fr\/wp-json\/wp\/v2\/product_cat?post=160360"},{"taxonomy":"product_tag","embeddable":true,"href":"https:\/\/www.praktivak.be\/fr\/wp-json\/wp\/v2\/product_tag?post=160360"}],"curies":[{"name":"wp","href":"https:\/\/api.w.org\/{rel}","templated":true}]}}