

{"id":160275,"date":"2025-08-14T17:59:37","date_gmt":"2025-08-14T15:59:37","guid":{"rendered":"https:\/\/www.praktivak.be\/product\/lycon-lycodream-hybrid-hot-wax-500-gr\/"},"modified":"2026-04-14T05:03:30","modified_gmt":"2026-04-14T03:03:30","slug":"lycon-lycodream-hybrid-hot-wax-500-gr","status":"publish","type":"product","link":"https:\/\/www.praktivak.be\/fr\/produit\/lycon-lycodream-hybrid-hot-wax-500-gr\/","title":{"rendered":"Lycon LycoDream Hybrid Hot Wax (500 gr.)"},"content":{"rendered":"\n<p>\nLYCOdream Cire chaude hybride &ndash; Lycon<\/p>\n<p>\nA l&rsquo;huile d&rsquo;argan, &agrave; l&rsquo;arnica et &agrave; l&rsquo;aloe vera !<\/p>\n\n<p>\n500 gr<\/p>\n<p>\nLYCOdream est le m&eacute;lange parfait de la cire chaude et de la cire Lycotec, &eacute;galement connue sous le nom de cire pelliculaire ! Tr&egrave;s &eacute;lastique, douce pour la peau mais tr&egrave;s puissante. Elle &eacute;pile les poils du visage &agrave; partir de 1 mm, elle est facile &agrave; appliquer, sa temp&eacute;rature d&rsquo;application basse est agr&eacute;able pour le client et convient &agrave; tout le corps. Application fine donc tr&egrave;s &eacute;conomique. Une cire confortable !<\/p>\n\n<p>\nLA PREMI&Egrave;RE CIRE HYBRIDE AU MONDE ! Avec de l&rsquo;huile d&rsquo;argan, de l&rsquo;arnica et de l&rsquo;aloe vera ! LYCOdream est le m&eacute;lange parfait entre la cire chaude traditionnelle de Lycon et la nouvelle g&eacute;n&eacute;ration de cires LYCOtec. S&rsquo;applique de la m&ecirc;me mani&egrave;re que la cire chaude. Elle donne la m&ecirc;me qualit&eacute; de r&eacute;traction que la cire chaude, enl&egrave;ve les poils d&rsquo;une longueur de 1 mm et est tout aussi &eacute;lastique que la cire LYCOtec. LYCOdream offre le meilleur de deux mondes. La cire hybride LYCOdream a &eacute;t&eacute; d&eacute;velopp&eacute;e avec du dioxyde de titane et du micro-mica pour prot&eacute;ger la peau de mani&egrave;re optimale. L&rsquo;huile d&rsquo;argan, l&rsquo;arnica et l&rsquo;aloe vera garantissent une peau douce et hydrat&eacute;e. Confortable et nourrissant !<\/p>\n\n","protected":false},"excerpt":{"rendered":"<p>LYCOdream Cire chaude hybride &ndash; Lycon A l&rsquo;huile d&rsquo;argan, &agrave; l&rsquo;arnica et &agrave; l&rsquo;aloe vera ! 500 gr LYCOdream est le m&eacute;lange parfait de la cire chaude et de la cire Lycotec, &eacute;galement connue sous le nom de cire pelliculaire ! Tr&egrave;s &eacute;lastique, douce pour la peau mais tr&egrave;s puissante. Elle &eacute;pile les poils du &hellip; <\/p>\n<p class=\"link-more\"><a href=\"https:\/\/www.praktivak.be\/fr\/produit\/lycon-lycodream-hybrid-hot-wax-500-gr\/\" class=\"more-link\">Continuer la lecture<span class=\"screen-reader-text\"> \u00ab\u00a0Lycon LycoDream Hybrid Hot Wax (500 gr.)\u00a0\u00bb<\/span><\/a><\/p>\n","protected":false},"author":1,"featured_media":299398,"template":"","meta":{"_acf_changed":false,"_relevanssi_hide_post":"","_relevanssi_hide_content":"","_relevanssi_pin_for_all":"","_relevanssi_pin_keywords":"","_relevanssi_unpin_keywords":"","_relevanssi_related_keywords":"","_relevanssi_related_include_ids":"","_relevanssi_related_exclude_ids":"","_relevanssi_related_no_append":"","_relevanssi_related_not_related":"","_relevanssi_related_posts":"","_relevanssi_noindex_reason":"","advgb_blocks_editor_width":"","advgb_blocks_columns_visual_guide":"","footnotes":""},"product_brand":[],"product_cat":[2124],"product_tag":[],"class_list":{"0":"post-160275","1":"product","2":"type-product","3":"status-publish","4":"has-post-thumbnail","6":"product_cat-film-wax-hybrid-hot-wax-lycon-fr","8":"first","9":"instock","10":"taxable","11":"shipping-taxable","12":"product-type-simple"},"acf":[],"yoast_head":"<!-- This site is optimized with the Yoast SEO plugin v27.2 - https:\/\/yoast.com\/product\/yoast-seo-wordpress\/ -->\n<title>Lycon LycoDream Hybrid Hot Wax (500 gr.) - Praktivak<\/title>\n<meta name=\"robots\" content=\"index, follow, max-snippet:-1, max-image-preview:large, max-video-preview:-1\" \/>\n<link rel=\"canonical\" href=\"https:\/\/www.praktivak.be\/fr\/produit\/lycon-lycodream-hybrid-hot-wax-500-gr\/\" \/>\n<meta property=\"og:locale\" content=\"fr_FR\" \/>\n<meta property=\"og:type\" content=\"article\" \/>\n<meta property=\"og:title\" content=\"Lycon LycoDream Hybrid Hot Wax (500 gr.) - Praktivak\" \/>\n<meta property=\"og:description\" content=\"LYCOdream Cire chaude hybride &ndash; Lycon A l&rsquo;huile d&rsquo;argan, &agrave; l&rsquo;arnica et &agrave; l&rsquo;aloe vera ! 500 gr LYCOdream est le m&eacute;lange parfait de la cire chaude et de la cire Lycotec, &eacute;galement connue sous le nom de cire pelliculaire ! Tr&egrave;s &eacute;lastique, douce pour la peau mais tr&egrave;s puissante. Elle &eacute;pile les poils du &hellip; Continuer la lecture &quot;Lycon LycoDream Hybrid Hot Wax (500 gr.)&quot;\" \/>\n<meta property=\"og:url\" content=\"https:\/\/www.praktivak.be\/fr\/produit\/lycon-lycodream-hybrid-hot-wax-500-gr\/\" \/>\n<meta property=\"og:site_name\" content=\"Praktivak\" \/>\n<meta property=\"article:modified_time\" content=\"2026-04-14T03:03:30+00:00\" \/>\n<meta property=\"og:image\" content=\"https:\/\/www.praktivak.be\/wp-content\/uploads\/2025\/09\/1HL0051-2.png\" \/>\n\t<meta property=\"og:image:width\" content=\"1000\" \/>\n\t<meta property=\"og:image:height\" content=\"999\" \/>\n\t<meta property=\"og:image:type\" content=\"image\/png\" \/>\n<meta name=\"twitter:card\" content=\"summary_large_image\" \/>\n<meta name=\"twitter:label1\" content=\"Dur\u00e9e de lecture estim\u00e9e\" \/>\n\t<meta name=\"twitter:data1\" content=\"1 minute\" \/>\n<script type=\"application\/ld+json\" class=\"yoast-schema-graph\">{\"@context\":\"https:\/\/schema.org\",\"@graph\":[{\"@type\":\"WebPage\",\"@id\":\"https:\/\/www.praktivak.be\/fr\/produit\/lycon-lycodream-hybrid-hot-wax-500-gr\/\",\"url\":\"https:\/\/www.praktivak.be\/fr\/produit\/lycon-lycodream-hybrid-hot-wax-500-gr\/\",\"name\":\"Lycon LycoDream Hybrid Hot Wax (500 gr.) - Praktivak\",\"isPartOf\":{\"@id\":\"https:\/\/www.praktivak.be\/fr\/#website\"},\"primaryImageOfPage\":{\"@id\":\"https:\/\/www.praktivak.be\/fr\/produit\/lycon-lycodream-hybrid-hot-wax-500-gr\/#primaryimage\"},\"image\":{\"@id\":\"https:\/\/www.praktivak.be\/fr\/produit\/lycon-lycodream-hybrid-hot-wax-500-gr\/#primaryimage\"},\"thumbnailUrl\":\"https:\/\/www.praktivak.be\/wp-content\/uploads\/2025\/09\/1HL0051-2.png\",\"datePublished\":\"2025-08-14T15:59:37+00:00\",\"dateModified\":\"2026-04-14T03:03:30+00:00\",\"breadcrumb\":{\"@id\":\"https:\/\/www.praktivak.be\/fr\/produit\/lycon-lycodream-hybrid-hot-wax-500-gr\/#breadcrumb\"},\"inLanguage\":\"fr-FR\",\"potentialAction\":[{\"@type\":\"ReadAction\",\"target\":[\"https:\/\/www.praktivak.be\/fr\/produit\/lycon-lycodream-hybrid-hot-wax-500-gr\/\"]}]},{\"@type\":\"ImageObject\",\"inLanguage\":\"fr-FR\",\"@id\":\"https:\/\/www.praktivak.be\/fr\/produit\/lycon-lycodream-hybrid-hot-wax-500-gr\/#primaryimage\",\"url\":\"https:\/\/www.praktivak.be\/wp-content\/uploads\/2025\/09\/1HL0051-2.png\",\"contentUrl\":\"https:\/\/www.praktivak.be\/wp-content\/uploads\/2025\/09\/1HL0051-2.png\",\"width\":1000,\"height\":999},{\"@type\":\"BreadcrumbList\",\"@id\":\"https:\/\/www.praktivak.be\/fr\/produit\/lycon-lycodream-hybrid-hot-wax-500-gr\/#breadcrumb\",\"itemListElement\":[{\"@type\":\"ListItem\",\"position\":1,\"name\":\"Home\",\"item\":\"https:\/\/www.praktivak.be\/fr\/\"},{\"@type\":\"ListItem\",\"position\":2,\"name\":\"Boutique\",\"item\":\"https:\/\/www.praktivak.be\/fr\/boutique\/\"},{\"@type\":\"ListItem\",\"position\":3,\"name\":\"Lycon LycoDream Hybrid Hot Wax (500 gr.)\"}]},{\"@type\":\"WebSite\",\"@id\":\"https:\/\/www.praktivak.be\/fr\/#website\",\"url\":\"https:\/\/www.praktivak.be\/fr\/\",\"name\":\"Praktivak\",\"description\":\"\",\"publisher\":{\"@id\":\"https:\/\/www.praktivak.be\/fr\/#organization\"},\"potentialAction\":[{\"@type\":\"SearchAction\",\"target\":{\"@type\":\"EntryPoint\",\"urlTemplate\":\"https:\/\/www.praktivak.be\/fr\/?s={search_term_string}\"},\"query-input\":{\"@type\":\"PropertyValueSpecification\",\"valueRequired\":true,\"valueName\":\"search_term_string\"}}],\"inLanguage\":\"fr-FR\"},{\"@type\":\"Organization\",\"@id\":\"https:\/\/www.praktivak.be\/fr\/#organization\",\"name\":\"Praktivak\",\"url\":\"https:\/\/www.praktivak.be\/fr\/\",\"logo\":{\"@type\":\"ImageObject\",\"inLanguage\":\"fr-FR\",\"@id\":\"https:\/\/www.praktivak.be\/fr\/#\/schema\/logo\/image\/\",\"url\":\"https:\/\/www.praktivak.be\/wp-content\/uploads\/2024\/09\/Logo.png\",\"contentUrl\":\"https:\/\/www.praktivak.be\/wp-content\/uploads\/2024\/09\/Logo.png\",\"width\":1774,\"height\":337,\"caption\":\"Praktivak\"},\"image\":{\"@id\":\"https:\/\/www.praktivak.be\/fr\/#\/schema\/logo\/image\/\"}}]}<\/script>\n<!-- \/ Yoast SEO plugin. -->","yoast_head_json":{"title":"Lycon LycoDream Hybrid Hot Wax (500 gr.) - Praktivak","robots":{"index":"index","follow":"follow","max-snippet":"max-snippet:-1","max-image-preview":"max-image-preview:large","max-video-preview":"max-video-preview:-1"},"canonical":"https:\/\/www.praktivak.be\/fr\/produit\/lycon-lycodream-hybrid-hot-wax-500-gr\/","og_locale":"fr_FR","og_type":"article","og_title":"Lycon LycoDream Hybrid Hot Wax (500 gr.) - Praktivak","og_description":"LYCOdream Cire chaude hybride &ndash; Lycon A l&rsquo;huile d&rsquo;argan, &agrave; l&rsquo;arnica et &agrave; l&rsquo;aloe vera ! 500 gr LYCOdream est le m&eacute;lange parfait de la cire chaude et de la cire Lycotec, &eacute;galement connue sous le nom de cire pelliculaire ! Tr&egrave;s &eacute;lastique, douce pour la peau mais tr&egrave;s puissante. Elle &eacute;pile les poils du &hellip; Continuer la lecture \"Lycon LycoDream Hybrid Hot Wax (500 gr.)\"","og_url":"https:\/\/www.praktivak.be\/fr\/produit\/lycon-lycodream-hybrid-hot-wax-500-gr\/","og_site_name":"Praktivak","article_modified_time":"2026-04-14T03:03:30+00:00","og_image":[{"width":1000,"height":999,"url":"https:\/\/www.praktivak.be\/wp-content\/uploads\/2025\/09\/1HL0051-2.png","type":"image\/png"}],"twitter_card":"summary_large_image","twitter_misc":{"Dur\u00e9e de lecture estim\u00e9e":"1 minute"},"schema":{"@context":"https:\/\/schema.org","@graph":[{"@type":"WebPage","@id":"https:\/\/www.praktivak.be\/fr\/produit\/lycon-lycodream-hybrid-hot-wax-500-gr\/","url":"https:\/\/www.praktivak.be\/fr\/produit\/lycon-lycodream-hybrid-hot-wax-500-gr\/","name":"Lycon LycoDream Hybrid Hot Wax (500 gr.) - Praktivak","isPartOf":{"@id":"https:\/\/www.praktivak.be\/fr\/#website"},"primaryImageOfPage":{"@id":"https:\/\/www.praktivak.be\/fr\/produit\/lycon-lycodream-hybrid-hot-wax-500-gr\/#primaryimage"},"image":{"@id":"https:\/\/www.praktivak.be\/fr\/produit\/lycon-lycodream-hybrid-hot-wax-500-gr\/#primaryimage"},"thumbnailUrl":"https:\/\/www.praktivak.be\/wp-content\/uploads\/2025\/09\/1HL0051-2.png","datePublished":"2025-08-14T15:59:37+00:00","dateModified":"2026-04-14T03:03:30+00:00","breadcrumb":{"@id":"https:\/\/www.praktivak.be\/fr\/produit\/lycon-lycodream-hybrid-hot-wax-500-gr\/#breadcrumb"},"inLanguage":"fr-FR","potentialAction":[{"@type":"ReadAction","target":["https:\/\/www.praktivak.be\/fr\/produit\/lycon-lycodream-hybrid-hot-wax-500-gr\/"]}]},{"@type":"ImageObject","inLanguage":"fr-FR","@id":"https:\/\/www.praktivak.be\/fr\/produit\/lycon-lycodream-hybrid-hot-wax-500-gr\/#primaryimage","url":"https:\/\/www.praktivak.be\/wp-content\/uploads\/2025\/09\/1HL0051-2.png","contentUrl":"https:\/\/www.praktivak.be\/wp-content\/uploads\/2025\/09\/1HL0051-2.png","width":1000,"height":999},{"@type":"BreadcrumbList","@id":"https:\/\/www.praktivak.be\/fr\/produit\/lycon-lycodream-hybrid-hot-wax-500-gr\/#breadcrumb","itemListElement":[{"@type":"ListItem","position":1,"name":"Home","item":"https:\/\/www.praktivak.be\/fr\/"},{"@type":"ListItem","position":2,"name":"Boutique","item":"https:\/\/www.praktivak.be\/fr\/boutique\/"},{"@type":"ListItem","position":3,"name":"Lycon LycoDream Hybrid Hot Wax (500 gr.)"}]},{"@type":"WebSite","@id":"https:\/\/www.praktivak.be\/fr\/#website","url":"https:\/\/www.praktivak.be\/fr\/","name":"Praktivak","description":"","publisher":{"@id":"https:\/\/www.praktivak.be\/fr\/#organization"},"potentialAction":[{"@type":"SearchAction","target":{"@type":"EntryPoint","urlTemplate":"https:\/\/www.praktivak.be\/fr\/?s={search_term_string}"},"query-input":{"@type":"PropertyValueSpecification","valueRequired":true,"valueName":"search_term_string"}}],"inLanguage":"fr-FR"},{"@type":"Organization","@id":"https:\/\/www.praktivak.be\/fr\/#organization","name":"Praktivak","url":"https:\/\/www.praktivak.be\/fr\/","logo":{"@type":"ImageObject","inLanguage":"fr-FR","@id":"https:\/\/www.praktivak.be\/fr\/#\/schema\/logo\/image\/","url":"https:\/\/www.praktivak.be\/wp-content\/uploads\/2024\/09\/Logo.png","contentUrl":"https:\/\/www.praktivak.be\/wp-content\/uploads\/2024\/09\/Logo.png","width":1774,"height":337,"caption":"Praktivak"},"image":{"@id":"https:\/\/www.praktivak.be\/fr\/#\/schema\/logo\/image\/"}}]}},"featured_img":"https:\/\/www.praktivak.be\/wp-content\/uploads\/2025\/09\/1HL0051-2.png","coauthors":[],"author_meta":{"author_link":"https:\/\/www.praktivak.be\/fr\/author\/madeit\/","display_name":"Tjebbe Lievens"},"relative_dates":{"created":"Publi\u00e9 8 mois il y a","modified":"Mis \u00e0 jour 18 heures il y a"},"absolute_dates":{"created":"Publi\u00e9 le 14 ao\u00fbt 2025","modified":"Mise \u00e0 jour le 14 avril 2026"},"absolute_dates_time":{"created":"Publi\u00e9 le 14 ao\u00fbt 2025 17h59","modified":"Mise \u00e0 jour le 14 avril 2026 5h03"},"featured_img_caption":"","tax_additional":{"product_brand":{"linked":[],"unlinked":[],"slug":"product_brand","name":"Marques"},"product_type":{"linked":["<a href=\"https:\/\/www.praktivak.be\/fr\/?taxonomy=product_type&#038;term=simple\" class=\"advgb-post-tax-term\">simple<\/a>"],"unlinked":["<span class=\"advgb-post-tax-term\">simple<\/span>"],"slug":"product_type","name":"Type de produit"},"product_visibility":{"linked":[],"unlinked":[],"slug":"product_visibility","name":"Visibilit\u00e9 du produit"},"product_cat":{"linked":["<a href=\"https:\/\/www.praktivak.be\/fr\/categorie-de-produit\/ontharing-fr\/lycon-fr\/film-wax-hybrid-hot-wax-lycon-fr\/\" class=\"advgb-post-tax-term\">Film wax (hybrid hot wax)<\/a>"],"unlinked":["<span class=\"advgb-post-tax-term\">Film wax (hybrid hot wax)<\/span>"],"slug":"product_cat","name":"Cat\u00e9gories de produits"},"product_tag":{"linked":[],"unlinked":[],"slug":"product_tag","name":"\u00c9tiquettes produit"},"product_shipping_class":{"linked":[],"unlinked":[],"slug":"product_shipping_class","name":"Classe d\u2019exp\u00e9dition du produit"},"pos_product_visibility":{"linked":[],"unlinked":[],"slug":"pos_product_visibility","name":"Visibilit\u00e9 du produit sur le point de vente"},"translation_priority":{"linked":[],"unlinked":[],"slug":"translation_priority","name":"Priorit\u00e9s de traduction"}},"series_order":"","_links":{"self":[{"href":"https:\/\/www.praktivak.be\/fr\/wp-json\/wp\/v2\/product\/160275","targetHints":{"allow":["GET"]}}],"collection":[{"href":"https:\/\/www.praktivak.be\/fr\/wp-json\/wp\/v2\/product"}],"about":[{"href":"https:\/\/www.praktivak.be\/fr\/wp-json\/wp\/v2\/types\/product"}],"version-history":[{"count":93,"href":"https:\/\/www.praktivak.be\/fr\/wp-json\/wp\/v2\/product\/160275\/revisions"}],"predecessor-version":[{"id":360377,"href":"https:\/\/www.praktivak.be\/fr\/wp-json\/wp\/v2\/product\/160275\/revisions\/360377"}],"wp:featuredmedia":[{"embeddable":true,"href":"https:\/\/www.praktivak.be\/fr\/wp-json\/wp\/v2\/media\/299398"}],"wp:attachment":[{"href":"https:\/\/www.praktivak.be\/fr\/wp-json\/wp\/v2\/media?parent=160275"}],"wp:term":[{"taxonomy":"product_brand","embeddable":true,"href":"https:\/\/www.praktivak.be\/fr\/wp-json\/wp\/v2\/product_brand?post=160275"},{"taxonomy":"product_cat","embeddable":true,"href":"https:\/\/www.praktivak.be\/fr\/wp-json\/wp\/v2\/product_cat?post=160275"},{"taxonomy":"product_tag","embeddable":true,"href":"https:\/\/www.praktivak.be\/fr\/wp-json\/wp\/v2\/product_tag?post=160275"}],"curies":[{"name":"wp","href":"https:\/\/api.w.org\/{rel}","templated":true}]}}