

{"id":160264,"date":"2025-08-14T17:59:23","date_gmt":"2025-08-14T15:59:23","guid":{"rendered":"https:\/\/www.praktivak.be\/product\/lycon-lavender-hot-wax-beads-800-gr\/"},"modified":"2026-04-13T05:02:45","modified_gmt":"2026-04-13T03:02:45","slug":"lycon-lavender-hot-wax-beads-800-gr","status":"publish","type":"product","link":"https:\/\/www.praktivak.be\/fr\/produit\/lycon-lavender-hot-wax-beads-800-gr\/","title":{"rendered":"Lycon Lavender Hot Wax Beads (800 gr.)"},"content":{"rendered":"\n<p data-oe-version=\"1.2\"><\/p>\n<p>&nbsp;PERLES &ndash; Lycojet Granules de cire chaude &agrave; la lavande (800gr) &ndash; Lycon<\/p>\n<p>Facile &agrave; doser<\/p>\n<p>Les perles que vous attendiez&hellip; Des perles de cire&nbsp;avec les ingr&eacute;dients familiers que vous connaissez des kilos de cire. Facile &agrave; doser, sachet refermable. La cire chaude LycoJET sans bandes, &agrave; base de cire&nbsp;naturelle et de cire d&rsquo;abeille, &eacute;limine sans effort tous les duvets, poils fins et doux &agrave; partir de 1 mm. Parfaite pour le visage (sourcils, l&egrave;vre sup&eacute;rieure, menton, joues) et convient parfaitement comme cire de 2&egrave;me &eacute;tape apr&egrave;s l&rsquo;&eacute;pilation des aisselles, du maillot et l&rsquo;&eacute;pilation &agrave; la cire br&eacute;silienne. Appliquer finement comme une cire en film, avec efficacit&eacute;.<\/p>\n<p>Lycon introduit le grain de cire avec les ingr&eacute;dients familiers auxquels vous &ecirc;tes habitu&eacute;s depuis les kilos ! Les cires sans bandes LYCOJET, sensationnelles et technologiquement uniques, s&rsquo;appliquent plus finement que la plupart des cires dures et sont indispensables &agrave; tout salon de beaut&eacute;. Ces cires peuvent &ecirc;tre utilis&eacute;es &agrave; basse temp&eacute;rature pour l&rsquo;&eacute;pilation du visage et du corps. &Agrave; base de cire&nbsp;naturelle et de cire d&rsquo;abeille, cette cire permet d&rsquo;&eacute;piler des poils de 1 mm seulement. Les cires LycoJET de LYCON contiennent une s&eacute;lection des meilleurs ingr&eacute;dients naturels et &eacute;mollients. Les poils restent &eacute;limin&eacute;s &agrave; 100% pendant des semaines et la peau est parfaitement lisse et douce. Les cires LYCOJET sont efficaces apr&egrave;s tous les types de traitements &agrave; la cire. Plus besoin de pince &agrave; &eacute;piler, avec LYCOJET vous n&rsquo;aurez plus jamais besoin de vous &eacute;piler.<\/p>\n<p>&ndash; Enl&egrave;ve sans effort tous les poils fins et duveteux sur tout le corps apr&egrave;s un traitement &agrave; la cire chaude.<\/p>\n<p>Mode d&rsquo;emploi :<\/p>\n<p>&Eacute;tape 1. Nettoyer la peau avec le nettoyant LYCOTANE. 2. Masser la peau &agrave; traiter avec un peu d&rsquo;HUILE DE PR&Eacute;-&eacute;pilation. L&rsquo;huile permet &agrave; la cire de n&rsquo;attirer que les poils et non la peau elle-m&ecirc;me, ce qui rend le traitement confortable et pratiquement indolore pour le client. 3. Appliquer la cire sur la peau par sections avec le c&ocirc;t&eacute; arrondi de la spatule, CONTRE le sens de la pousse des poils. 4. Retirer la cire d&rsquo;un geste rapide, dans le sens inverse de la pousse des poils. ASTUCE ! Pour des poils raides et toujours ras&eacute;s, utilisez la cire chaude avant le LycoJET ! 5. Nettoyer la peau avec le LYCOTANE Skin Cleanser, afin de refermer les pores. 6. Enfin, massez la peau avec la cr&egrave;me apaisante, le Tea Tree Sooth ou le gel d&rsquo;aloe vera.<\/p>\n<p>Sans parfum.<\/p>\n\n","protected":false},"excerpt":{"rendered":"<p>&nbsp;PERLES &ndash; Lycojet Granules de cire chaude &agrave; la lavande (800gr) &ndash; Lycon Facile &agrave; doser Les perles que vous attendiez&hellip; Des perles de cire&nbsp;avec les ingr&eacute;dients familiers que vous connaissez des kilos de cire. Facile &agrave; doser, sachet refermable. La cire chaude LycoJET sans bandes, &agrave; base de cire&nbsp;naturelle et de cire d&rsquo;abeille, &eacute;limine &hellip; <\/p>\n<p class=\"link-more\"><a href=\"https:\/\/www.praktivak.be\/fr\/produit\/lycon-lavender-hot-wax-beads-800-gr\/\" class=\"more-link\">Continuer la lecture<span class=\"screen-reader-text\"> \u00ab\u00a0Lycon Lavender Hot Wax Beads (800 gr.)\u00a0\u00bb<\/span><\/a><\/p>\n","protected":false},"author":1,"featured_media":297799,"template":"","meta":{"_acf_changed":false,"_relevanssi_hide_post":"","_relevanssi_hide_content":"","_relevanssi_pin_for_all":"","_relevanssi_pin_keywords":"","_relevanssi_unpin_keywords":"","_relevanssi_related_keywords":"","_relevanssi_related_include_ids":"","_relevanssi_related_exclude_ids":"","_relevanssi_related_no_append":"","_relevanssi_related_not_related":"","_relevanssi_related_posts":"","_relevanssi_noindex_reason":"","advgb_blocks_editor_width":"","advgb_blocks_columns_visual_guide":"","footnotes":""},"product_brand":[],"product_cat":[2128],"product_tag":[],"class_list":{"0":"post-160264","1":"product","2":"type-product","3":"status-publish","4":"has-post-thumbnail","6":"product_cat-hot-wax-lycon-fr","8":"first","9":"instock","10":"taxable","11":"shipping-taxable","12":"product-type-simple"},"acf":[],"yoast_head":"<!-- This site is optimized with the Yoast SEO plugin v27.2 - https:\/\/yoast.com\/product\/yoast-seo-wordpress\/ -->\n<title>Lycon Lavender Hot Wax Beads (800 gr.) - Praktivak<\/title>\n<meta name=\"robots\" content=\"index, follow, max-snippet:-1, max-image-preview:large, max-video-preview:-1\" \/>\n<link rel=\"canonical\" href=\"https:\/\/www.praktivak.be\/fr\/produit\/lycon-lavender-hot-wax-beads-800-gr\/\" \/>\n<meta property=\"og:locale\" content=\"fr_FR\" \/>\n<meta property=\"og:type\" content=\"article\" \/>\n<meta property=\"og:title\" content=\"Lycon Lavender Hot Wax Beads (800 gr.) - Praktivak\" \/>\n<meta property=\"og:description\" content=\"&nbsp;PERLES &ndash; Lycojet Granules de cire chaude &agrave; la lavande (800gr) &ndash; Lycon Facile &agrave; doser Les perles que vous attendiez&hellip; Des perles de cire&nbsp;avec les ingr&eacute;dients familiers que vous connaissez des kilos de cire. Facile &agrave; doser, sachet refermable. La cire chaude LycoJET sans bandes, &agrave; base de cire&nbsp;naturelle et de cire d&rsquo;abeille, &eacute;limine &hellip; Continuer la lecture &quot;Lycon Lavender Hot Wax Beads (800 gr.)&quot;\" \/>\n<meta property=\"og:url\" content=\"https:\/\/www.praktivak.be\/fr\/produit\/lycon-lavender-hot-wax-beads-800-gr\/\" \/>\n<meta property=\"og:site_name\" content=\"Praktivak\" \/>\n<meta property=\"article:modified_time\" content=\"2026-04-13T03:02:45+00:00\" \/>\n<meta property=\"og:image\" content=\"https:\/\/www.praktivak.be\/wp-content\/uploads\/2025\/09\/1PL0111-2.jpg\" \/>\n\t<meta property=\"og:image:width\" content=\"900\" \/>\n\t<meta property=\"og:image:height\" content=\"900\" \/>\n\t<meta property=\"og:image:type\" content=\"image\/jpeg\" \/>\n<meta name=\"twitter:card\" content=\"summary_large_image\" \/>\n<meta name=\"twitter:label1\" content=\"Dur\u00e9e de lecture estim\u00e9e\" \/>\n\t<meta name=\"twitter:data1\" content=\"2 minutes\" \/>\n<script type=\"application\/ld+json\" class=\"yoast-schema-graph\">{\"@context\":\"https:\/\/schema.org\",\"@graph\":[{\"@type\":\"WebPage\",\"@id\":\"https:\/\/www.praktivak.be\/fr\/produit\/lycon-lavender-hot-wax-beads-800-gr\/\",\"url\":\"https:\/\/www.praktivak.be\/fr\/produit\/lycon-lavender-hot-wax-beads-800-gr\/\",\"name\":\"Lycon Lavender Hot Wax Beads (800 gr.) - Praktivak\",\"isPartOf\":{\"@id\":\"https:\/\/www.praktivak.be\/fr\/#website\"},\"primaryImageOfPage\":{\"@id\":\"https:\/\/www.praktivak.be\/fr\/produit\/lycon-lavender-hot-wax-beads-800-gr\/#primaryimage\"},\"image\":{\"@id\":\"https:\/\/www.praktivak.be\/fr\/produit\/lycon-lavender-hot-wax-beads-800-gr\/#primaryimage\"},\"thumbnailUrl\":\"https:\/\/www.praktivak.be\/wp-content\/uploads\/2025\/09\/1PL0111-2.jpg\",\"datePublished\":\"2025-08-14T15:59:23+00:00\",\"dateModified\":\"2026-04-13T03:02:45+00:00\",\"breadcrumb\":{\"@id\":\"https:\/\/www.praktivak.be\/fr\/produit\/lycon-lavender-hot-wax-beads-800-gr\/#breadcrumb\"},\"inLanguage\":\"fr-FR\",\"potentialAction\":[{\"@type\":\"ReadAction\",\"target\":[\"https:\/\/www.praktivak.be\/fr\/produit\/lycon-lavender-hot-wax-beads-800-gr\/\"]}]},{\"@type\":\"ImageObject\",\"inLanguage\":\"fr-FR\",\"@id\":\"https:\/\/www.praktivak.be\/fr\/produit\/lycon-lavender-hot-wax-beads-800-gr\/#primaryimage\",\"url\":\"https:\/\/www.praktivak.be\/wp-content\/uploads\/2025\/09\/1PL0111-2.jpg\",\"contentUrl\":\"https:\/\/www.praktivak.be\/wp-content\/uploads\/2025\/09\/1PL0111-2.jpg\",\"width\":900,\"height\":900},{\"@type\":\"BreadcrumbList\",\"@id\":\"https:\/\/www.praktivak.be\/fr\/produit\/lycon-lavender-hot-wax-beads-800-gr\/#breadcrumb\",\"itemListElement\":[{\"@type\":\"ListItem\",\"position\":1,\"name\":\"Home\",\"item\":\"https:\/\/www.praktivak.be\/fr\/\"},{\"@type\":\"ListItem\",\"position\":2,\"name\":\"Boutique\",\"item\":\"https:\/\/www.praktivak.be\/fr\/boutique\/\"},{\"@type\":\"ListItem\",\"position\":3,\"name\":\"Lycon Lavender Hot Wax Beads (800 gr.)\"}]},{\"@type\":\"WebSite\",\"@id\":\"https:\/\/www.praktivak.be\/fr\/#website\",\"url\":\"https:\/\/www.praktivak.be\/fr\/\",\"name\":\"Praktivak\",\"description\":\"\",\"publisher\":{\"@id\":\"https:\/\/www.praktivak.be\/fr\/#organization\"},\"potentialAction\":[{\"@type\":\"SearchAction\",\"target\":{\"@type\":\"EntryPoint\",\"urlTemplate\":\"https:\/\/www.praktivak.be\/fr\/?s={search_term_string}\"},\"query-input\":{\"@type\":\"PropertyValueSpecification\",\"valueRequired\":true,\"valueName\":\"search_term_string\"}}],\"inLanguage\":\"fr-FR\"},{\"@type\":\"Organization\",\"@id\":\"https:\/\/www.praktivak.be\/fr\/#organization\",\"name\":\"Praktivak\",\"url\":\"https:\/\/www.praktivak.be\/fr\/\",\"logo\":{\"@type\":\"ImageObject\",\"inLanguage\":\"fr-FR\",\"@id\":\"https:\/\/www.praktivak.be\/fr\/#\/schema\/logo\/image\/\",\"url\":\"https:\/\/www.praktivak.be\/wp-content\/uploads\/2024\/09\/Logo.png\",\"contentUrl\":\"https:\/\/www.praktivak.be\/wp-content\/uploads\/2024\/09\/Logo.png\",\"width\":1774,\"height\":337,\"caption\":\"Praktivak\"},\"image\":{\"@id\":\"https:\/\/www.praktivak.be\/fr\/#\/schema\/logo\/image\/\"}}]}<\/script>\n<!-- \/ Yoast SEO plugin. -->","yoast_head_json":{"title":"Lycon Lavender Hot Wax Beads (800 gr.) - Praktivak","robots":{"index":"index","follow":"follow","max-snippet":"max-snippet:-1","max-image-preview":"max-image-preview:large","max-video-preview":"max-video-preview:-1"},"canonical":"https:\/\/www.praktivak.be\/fr\/produit\/lycon-lavender-hot-wax-beads-800-gr\/","og_locale":"fr_FR","og_type":"article","og_title":"Lycon Lavender Hot Wax Beads (800 gr.) - Praktivak","og_description":"&nbsp;PERLES &ndash; Lycojet Granules de cire chaude &agrave; la lavande (800gr) &ndash; Lycon Facile &agrave; doser Les perles que vous attendiez&hellip; Des perles de cire&nbsp;avec les ingr&eacute;dients familiers que vous connaissez des kilos de cire. Facile &agrave; doser, sachet refermable. La cire chaude LycoJET sans bandes, &agrave; base de cire&nbsp;naturelle et de cire d&rsquo;abeille, &eacute;limine &hellip; Continuer la lecture \"Lycon Lavender Hot Wax Beads (800 gr.)\"","og_url":"https:\/\/www.praktivak.be\/fr\/produit\/lycon-lavender-hot-wax-beads-800-gr\/","og_site_name":"Praktivak","article_modified_time":"2026-04-13T03:02:45+00:00","og_image":[{"width":900,"height":900,"url":"https:\/\/www.praktivak.be\/wp-content\/uploads\/2025\/09\/1PL0111-2.jpg","type":"image\/jpeg"}],"twitter_card":"summary_large_image","twitter_misc":{"Dur\u00e9e de lecture estim\u00e9e":"2 minutes"},"schema":{"@context":"https:\/\/schema.org","@graph":[{"@type":"WebPage","@id":"https:\/\/www.praktivak.be\/fr\/produit\/lycon-lavender-hot-wax-beads-800-gr\/","url":"https:\/\/www.praktivak.be\/fr\/produit\/lycon-lavender-hot-wax-beads-800-gr\/","name":"Lycon Lavender Hot Wax Beads (800 gr.) - Praktivak","isPartOf":{"@id":"https:\/\/www.praktivak.be\/fr\/#website"},"primaryImageOfPage":{"@id":"https:\/\/www.praktivak.be\/fr\/produit\/lycon-lavender-hot-wax-beads-800-gr\/#primaryimage"},"image":{"@id":"https:\/\/www.praktivak.be\/fr\/produit\/lycon-lavender-hot-wax-beads-800-gr\/#primaryimage"},"thumbnailUrl":"https:\/\/www.praktivak.be\/wp-content\/uploads\/2025\/09\/1PL0111-2.jpg","datePublished":"2025-08-14T15:59:23+00:00","dateModified":"2026-04-13T03:02:45+00:00","breadcrumb":{"@id":"https:\/\/www.praktivak.be\/fr\/produit\/lycon-lavender-hot-wax-beads-800-gr\/#breadcrumb"},"inLanguage":"fr-FR","potentialAction":[{"@type":"ReadAction","target":["https:\/\/www.praktivak.be\/fr\/produit\/lycon-lavender-hot-wax-beads-800-gr\/"]}]},{"@type":"ImageObject","inLanguage":"fr-FR","@id":"https:\/\/www.praktivak.be\/fr\/produit\/lycon-lavender-hot-wax-beads-800-gr\/#primaryimage","url":"https:\/\/www.praktivak.be\/wp-content\/uploads\/2025\/09\/1PL0111-2.jpg","contentUrl":"https:\/\/www.praktivak.be\/wp-content\/uploads\/2025\/09\/1PL0111-2.jpg","width":900,"height":900},{"@type":"BreadcrumbList","@id":"https:\/\/www.praktivak.be\/fr\/produit\/lycon-lavender-hot-wax-beads-800-gr\/#breadcrumb","itemListElement":[{"@type":"ListItem","position":1,"name":"Home","item":"https:\/\/www.praktivak.be\/fr\/"},{"@type":"ListItem","position":2,"name":"Boutique","item":"https:\/\/www.praktivak.be\/fr\/boutique\/"},{"@type":"ListItem","position":3,"name":"Lycon Lavender Hot Wax Beads (800 gr.)"}]},{"@type":"WebSite","@id":"https:\/\/www.praktivak.be\/fr\/#website","url":"https:\/\/www.praktivak.be\/fr\/","name":"Praktivak","description":"","publisher":{"@id":"https:\/\/www.praktivak.be\/fr\/#organization"},"potentialAction":[{"@type":"SearchAction","target":{"@type":"EntryPoint","urlTemplate":"https:\/\/www.praktivak.be\/fr\/?s={search_term_string}"},"query-input":{"@type":"PropertyValueSpecification","valueRequired":true,"valueName":"search_term_string"}}],"inLanguage":"fr-FR"},{"@type":"Organization","@id":"https:\/\/www.praktivak.be\/fr\/#organization","name":"Praktivak","url":"https:\/\/www.praktivak.be\/fr\/","logo":{"@type":"ImageObject","inLanguage":"fr-FR","@id":"https:\/\/www.praktivak.be\/fr\/#\/schema\/logo\/image\/","url":"https:\/\/www.praktivak.be\/wp-content\/uploads\/2024\/09\/Logo.png","contentUrl":"https:\/\/www.praktivak.be\/wp-content\/uploads\/2024\/09\/Logo.png","width":1774,"height":337,"caption":"Praktivak"},"image":{"@id":"https:\/\/www.praktivak.be\/fr\/#\/schema\/logo\/image\/"}}]}},"featured_img":"https:\/\/www.praktivak.be\/wp-content\/uploads\/2025\/09\/1PL0111-2.jpg","coauthors":[],"author_meta":{"author_link":"https:\/\/www.praktivak.be\/fr\/author\/madeit\/","display_name":"Tjebbe Lievens"},"relative_dates":{"created":"Publi\u00e9 8 mois il y a","modified":"Mis \u00e0 jour 15 heures il y a"},"absolute_dates":{"created":"Publi\u00e9 le 14 ao\u00fbt 2025","modified":"Mise \u00e0 jour le 13 avril 2026"},"absolute_dates_time":{"created":"Publi\u00e9 le 14 ao\u00fbt 2025 17h59","modified":"Mise \u00e0 jour le 13 avril 2026 5h02"},"featured_img_caption":"","tax_additional":{"product_brand":{"linked":[],"unlinked":[],"slug":"product_brand","name":"Marques"},"product_type":{"linked":["<a href=\"https:\/\/www.praktivak.be\/fr\/?taxonomy=product_type&#038;term=simple\" class=\"advgb-post-tax-term\">simple<\/a>"],"unlinked":["<span class=\"advgb-post-tax-term\">simple<\/span>"],"slug":"product_type","name":"Type de produit"},"product_visibility":{"linked":[],"unlinked":[],"slug":"product_visibility","name":"Visibilit\u00e9 du produit"},"product_cat":{"linked":["<a href=\"https:\/\/www.praktivak.be\/fr\/categorie-de-produit\/ontharing-fr\/lycon-fr\/hot-wax-lycon-fr\/\" class=\"advgb-post-tax-term\">Hot wax<\/a>"],"unlinked":["<span class=\"advgb-post-tax-term\">Hot wax<\/span>"],"slug":"product_cat","name":"Cat\u00e9gories de produits"},"product_tag":{"linked":[],"unlinked":[],"slug":"product_tag","name":"\u00c9tiquettes produit"},"product_shipping_class":{"linked":[],"unlinked":[],"slug":"product_shipping_class","name":"Classe d\u2019exp\u00e9dition du produit"},"pos_product_visibility":{"linked":[],"unlinked":[],"slug":"pos_product_visibility","name":"Visibilit\u00e9 du produit sur le point de vente"},"translation_priority":{"linked":[],"unlinked":[],"slug":"translation_priority","name":"Priorit\u00e9s de traduction"}},"series_order":"","_links":{"self":[{"href":"https:\/\/www.praktivak.be\/fr\/wp-json\/wp\/v2\/product\/160264","targetHints":{"allow":["GET"]}}],"collection":[{"href":"https:\/\/www.praktivak.be\/fr\/wp-json\/wp\/v2\/product"}],"about":[{"href":"https:\/\/www.praktivak.be\/fr\/wp-json\/wp\/v2\/types\/product"}],"version-history":[{"count":121,"href":"https:\/\/www.praktivak.be\/fr\/wp-json\/wp\/v2\/product\/160264\/revisions"}],"predecessor-version":[{"id":360375,"href":"https:\/\/www.praktivak.be\/fr\/wp-json\/wp\/v2\/product\/160264\/revisions\/360375"}],"wp:featuredmedia":[{"embeddable":true,"href":"https:\/\/www.praktivak.be\/fr\/wp-json\/wp\/v2\/media\/297799"}],"wp:attachment":[{"href":"https:\/\/www.praktivak.be\/fr\/wp-json\/wp\/v2\/media?parent=160264"}],"wp:term":[{"taxonomy":"product_brand","embeddable":true,"href":"https:\/\/www.praktivak.be\/fr\/wp-json\/wp\/v2\/product_brand?post=160264"},{"taxonomy":"product_cat","embeddable":true,"href":"https:\/\/www.praktivak.be\/fr\/wp-json\/wp\/v2\/product_cat?post=160264"},{"taxonomy":"product_tag","embeddable":true,"href":"https:\/\/www.praktivak.be\/fr\/wp-json\/wp\/v2\/product_tag?post=160264"}],"curies":[{"name":"wp","href":"https:\/\/api.w.org\/{rel}","templated":true}]}}