

{"id":160223,"date":"2025-08-14T17:58:46","date_gmt":"2025-08-14T15:58:46","guid":{"rendered":"https:\/\/www.praktivak.be\/product\/lycon-hybrid-film-wax-kit-incl-heater\/"},"modified":"2025-09-06T11:02:38","modified_gmt":"2025-09-06T09:02:38","slug":"lycon-hybrid-film-wax-kit-incl-heater","status":"publish","type":"product","link":"https:\/\/www.praktivak.be\/fr\/produit\/lycon-hybrid-film-wax-kit-incl-heater\/","title":{"rendered":"Lycon Hybrid Film Wax Kit incl. heater"},"content":{"rendered":"\n<p>\nKIT DE CIRE HYBRIDE POUR FILM (avec chauffage) &ndash; Lycon<\/p>\n<p>\nRapide et &eacute;conomique !<\/p>\n<p>\nChoisissez le KIT FILM WAX de votre choix. Vous cherchez une cire pour les peaux tr&egrave;s sensibles et les personnes allergiques ? Choisissez la cire LycoTEC, une cire synth&eacute;tique, douce pour la peau et flexible. Sans colophane et v&eacute;g&eacute;talienne. Vous pouvez aussi opter pour la cire hybride australienne Lycodream NR.1 ou MANifico pour les hommes. Facile &agrave; appliquer, cette cire est tr&egrave;s bon march&eacute;. Rapide et solide ! Les deux cires agissent &agrave; basse temp&eacute;rature, en &eacute;liminant les poils de 1 mm seulement, pour des r&eacute;sultats lisses et sans poils de longue dur&eacute;e. Facile &agrave; appliquer et &agrave; retirer sans bandes de cire. Elles conviennent &agrave; l&rsquo;&eacute;pilation du corps entier, mais sont surtout id&eacute;ales pour une &eacute;pilation confortable et douce du visage.<\/p>\n\n<p>\nCire LycoTEC :<\/p>\n\n<p>\n&ndash; Id&eacute;ale pour les peaux sensibles et les clients allergiques.<\/p>\n<p>\n&ndash; Sans colophane et v&eacute;g&eacute;talienne.<\/p>\n<p>\n&ndash; Fonctionne &agrave; basse temp&eacute;rature et &eacute;limine les poils de 1 mm.<\/p>\n<p>\n&ndash; R&eacute;sultat durable sans poils.<\/p>\n<p>\n&ndash; Convient &agrave; l&rsquo;ensemble du corps et est suffisamment douce pour les soins du visage.<\/p>\n\n<p>\nLes deux types de cire offrent une exp&eacute;rience d&rsquo;&eacute;pilation confortable et efficace, parfaite pour des r&eacute;sultats durables.<\/p>\n\n<p>\nCONTENU :<\/p>\n\n<p>\n1 x Chauffe-cire num&eacute;rique (500gr)<\/p>\n<p>\n1 x cire Hybride ou Tec (500gr) de votre choix<\/p>\n<p>\n1 x Kit pr&eacute;-post ((Lycotane, huile pr&eacute;-&eacute;pilation, Tea-Tree Soothe, Tea-Tree Perfect, solvant pour cire))<\/p>\n<p>\n1 x spatules pour le visage (100 pi&egrave;ces) <\/p>\n<p>\n1 x spatules ordinaires (100 pi&egrave;ces)<\/p>\n\n<p>\nMode d&rsquo;emploi :<\/p>\n<p>\n1. Nettoyer la peau avec Skin Cleanser.<\/p>\n<p>\n2. Massez bien la peau &agrave; traiter avec un peu d&rsquo;HUILE DE PR&Eacute;-CIRE. L&rsquo;huile permet &agrave; la cire de ne tirer que sur les poils et non sur la peau elle-m&ecirc;me, ce qui rend le traitement confortable et pratiquement indolore pour le client.<\/p>\n<p>\n3. Appliquez la cire sur la peau par sections avec le c&ocirc;t&eacute; arrondi de la spatule, CONTRE le sens de la pousse des poils.<\/p>\n<p>\n4. Retirer la cire d&rsquo;un mouvement rapide, dans le sens inverse de la pousse du poil.<\/p>\n\n<p>\nCONSEIL : utilisez le LycoJET comme cire de post-traitement pour tous les poils fins et duveteux, plus besoin de pince &agrave; &eacute;piler.<\/p>\n\n<p>\n5. nettoyer la peau avec Skin Cleanser pour refermer les pores.<\/p>\n<p>\n6. Enfin, masser la peau avec la cire de post-traitement LYCON.<\/p>\n\n","protected":false},"excerpt":{"rendered":"<p>KIT DE CIRE HYBRIDE POUR FILM (avec chauffage) &ndash; Lycon Rapide et &eacute;conomique ! Choisissez le KIT FILM WAX de votre choix. Vous cherchez une cire pour les peaux tr&egrave;s sensibles et les personnes allergiques ? Choisissez la cire LycoTEC, une cire synth&eacute;tique, douce pour la peau et flexible. Sans colophane et v&eacute;g&eacute;talienne. Vous pouvez &hellip; <\/p>\n<p class=\"link-more\"><a href=\"https:\/\/www.praktivak.be\/fr\/produit\/lycon-hybrid-film-wax-kit-incl-heater\/\" class=\"more-link\">Continuer la lecture<span class=\"screen-reader-text\"> \u00ab\u00a0Lycon Hybrid Film Wax Kit incl. heater\u00a0\u00bb<\/span><\/a><\/p>\n","protected":false},"author":1,"featured_media":297991,"template":"","meta":{"_acf_changed":false,"_relevanssi_hide_post":"","_relevanssi_hide_content":"","_relevanssi_pin_for_all":"","_relevanssi_pin_keywords":"","_relevanssi_unpin_keywords":"","_relevanssi_related_keywords":"","_relevanssi_related_include_ids":"","_relevanssi_related_exclude_ids":"","_relevanssi_related_no_append":"","_relevanssi_related_not_related":"","_relevanssi_related_posts":"","_relevanssi_noindex_reason":"","advgb_blocks_editor_width":"","advgb_blocks_columns_visual_guide":"","footnotes":""},"product_brand":[],"product_cat":[2073],"product_tag":[],"class_list":{"0":"post-160223","1":"product","2":"type-product","3":"status-publish","4":"has-post-thumbnail","6":"product_cat-waxing-kits-fr","8":"first","9":"instock","10":"taxable","11":"shipping-taxable","12":"product-type-simple"},"acf":[],"yoast_head":"<!-- This site is optimized with the Yoast SEO plugin v27.2 - https:\/\/yoast.com\/product\/yoast-seo-wordpress\/ -->\n<title>Lycon Hybrid Film Wax Kit incl. heater - Praktivak<\/title>\n<meta name=\"robots\" content=\"index, follow, max-snippet:-1, max-image-preview:large, max-video-preview:-1\" \/>\n<link rel=\"canonical\" href=\"https:\/\/www.praktivak.be\/fr\/produit\/lycon-hybrid-film-wax-kit-incl-heater\/\" \/>\n<meta property=\"og:locale\" content=\"fr_FR\" \/>\n<meta property=\"og:type\" content=\"article\" \/>\n<meta property=\"og:title\" content=\"Lycon Hybrid Film Wax Kit incl. heater - Praktivak\" \/>\n<meta property=\"og:description\" content=\"KIT DE CIRE HYBRIDE POUR FILM (avec chauffage) &ndash; Lycon Rapide et &eacute;conomique ! Choisissez le KIT FILM WAX de votre choix. Vous cherchez une cire pour les peaux tr&egrave;s sensibles et les personnes allergiques ? Choisissez la cire LycoTEC, une cire synth&eacute;tique, douce pour la peau et flexible. Sans colophane et v&eacute;g&eacute;talienne. Vous pouvez &hellip; Continuer la lecture &quot;Lycon Hybrid Film Wax Kit incl. heater&quot;\" \/>\n<meta property=\"og:url\" content=\"https:\/\/www.praktivak.be\/fr\/produit\/lycon-hybrid-film-wax-kit-incl-heater\/\" \/>\n<meta property=\"og:site_name\" content=\"Praktivak\" \/>\n<meta property=\"article:modified_time\" content=\"2025-09-06T09:02:38+00:00\" \/>\n<meta property=\"og:image\" content=\"https:\/\/www.praktivak.be\/wp-content\/uploads\/2025\/09\/KIT-FILM-2.jpg\" \/>\n\t<meta property=\"og:image:width\" content=\"1000\" \/>\n\t<meta property=\"og:image:height\" content=\"1000\" \/>\n\t<meta property=\"og:image:type\" content=\"image\/jpeg\" \/>\n<meta name=\"twitter:card\" content=\"summary_large_image\" \/>\n<meta name=\"twitter:label1\" content=\"Dur\u00e9e de lecture estim\u00e9e\" \/>\n\t<meta name=\"twitter:data1\" content=\"2 minutes\" \/>\n<script type=\"application\/ld+json\" class=\"yoast-schema-graph\">{\"@context\":\"https:\/\/schema.org\",\"@graph\":[{\"@type\":\"WebPage\",\"@id\":\"https:\/\/www.praktivak.be\/fr\/produit\/lycon-hybrid-film-wax-kit-incl-heater\/\",\"url\":\"https:\/\/www.praktivak.be\/fr\/produit\/lycon-hybrid-film-wax-kit-incl-heater\/\",\"name\":\"Lycon Hybrid Film Wax Kit incl. heater - Praktivak\",\"isPartOf\":{\"@id\":\"https:\/\/www.praktivak.be\/fr\/#website\"},\"primaryImageOfPage\":{\"@id\":\"https:\/\/www.praktivak.be\/fr\/produit\/lycon-hybrid-film-wax-kit-incl-heater\/#primaryimage\"},\"image\":{\"@id\":\"https:\/\/www.praktivak.be\/fr\/produit\/lycon-hybrid-film-wax-kit-incl-heater\/#primaryimage\"},\"thumbnailUrl\":\"https:\/\/www.praktivak.be\/wp-content\/uploads\/2025\/09\/KIT-FILM-2.jpg\",\"datePublished\":\"2025-08-14T15:58:46+00:00\",\"dateModified\":\"2025-09-06T09:02:38+00:00\",\"breadcrumb\":{\"@id\":\"https:\/\/www.praktivak.be\/fr\/produit\/lycon-hybrid-film-wax-kit-incl-heater\/#breadcrumb\"},\"inLanguage\":\"fr-FR\",\"potentialAction\":[{\"@type\":\"ReadAction\",\"target\":[\"https:\/\/www.praktivak.be\/fr\/produit\/lycon-hybrid-film-wax-kit-incl-heater\/\"]}]},{\"@type\":\"ImageObject\",\"inLanguage\":\"fr-FR\",\"@id\":\"https:\/\/www.praktivak.be\/fr\/produit\/lycon-hybrid-film-wax-kit-incl-heater\/#primaryimage\",\"url\":\"https:\/\/www.praktivak.be\/wp-content\/uploads\/2025\/09\/KIT-FILM-2.jpg\",\"contentUrl\":\"https:\/\/www.praktivak.be\/wp-content\/uploads\/2025\/09\/KIT-FILM-2.jpg\",\"width\":1000,\"height\":1000},{\"@type\":\"BreadcrumbList\",\"@id\":\"https:\/\/www.praktivak.be\/fr\/produit\/lycon-hybrid-film-wax-kit-incl-heater\/#breadcrumb\",\"itemListElement\":[{\"@type\":\"ListItem\",\"position\":1,\"name\":\"Home\",\"item\":\"https:\/\/www.praktivak.be\/fr\/\"},{\"@type\":\"ListItem\",\"position\":2,\"name\":\"Boutique\",\"item\":\"https:\/\/www.praktivak.be\/fr\/boutique\/\"},{\"@type\":\"ListItem\",\"position\":3,\"name\":\"Lycon Hybrid Film Wax Kit incl. heater\"}]},{\"@type\":\"WebSite\",\"@id\":\"https:\/\/www.praktivak.be\/fr\/#website\",\"url\":\"https:\/\/www.praktivak.be\/fr\/\",\"name\":\"Praktivak\",\"description\":\"\",\"publisher\":{\"@id\":\"https:\/\/www.praktivak.be\/fr\/#organization\"},\"potentialAction\":[{\"@type\":\"SearchAction\",\"target\":{\"@type\":\"EntryPoint\",\"urlTemplate\":\"https:\/\/www.praktivak.be\/fr\/?s={search_term_string}\"},\"query-input\":{\"@type\":\"PropertyValueSpecification\",\"valueRequired\":true,\"valueName\":\"search_term_string\"}}],\"inLanguage\":\"fr-FR\"},{\"@type\":\"Organization\",\"@id\":\"https:\/\/www.praktivak.be\/fr\/#organization\",\"name\":\"Praktivak\",\"url\":\"https:\/\/www.praktivak.be\/fr\/\",\"logo\":{\"@type\":\"ImageObject\",\"inLanguage\":\"fr-FR\",\"@id\":\"https:\/\/www.praktivak.be\/fr\/#\/schema\/logo\/image\/\",\"url\":\"https:\/\/www.praktivak.be\/wp-content\/uploads\/2024\/09\/Logo.png\",\"contentUrl\":\"https:\/\/www.praktivak.be\/wp-content\/uploads\/2024\/09\/Logo.png\",\"width\":1774,\"height\":337,\"caption\":\"Praktivak\"},\"image\":{\"@id\":\"https:\/\/www.praktivak.be\/fr\/#\/schema\/logo\/image\/\"}}]}<\/script>\n<!-- \/ Yoast SEO plugin. -->","yoast_head_json":{"title":"Lycon Hybrid Film Wax Kit incl. heater - Praktivak","robots":{"index":"index","follow":"follow","max-snippet":"max-snippet:-1","max-image-preview":"max-image-preview:large","max-video-preview":"max-video-preview:-1"},"canonical":"https:\/\/www.praktivak.be\/fr\/produit\/lycon-hybrid-film-wax-kit-incl-heater\/","og_locale":"fr_FR","og_type":"article","og_title":"Lycon Hybrid Film Wax Kit incl. heater - Praktivak","og_description":"KIT DE CIRE HYBRIDE POUR FILM (avec chauffage) &ndash; Lycon Rapide et &eacute;conomique ! Choisissez le KIT FILM WAX de votre choix. Vous cherchez une cire pour les peaux tr&egrave;s sensibles et les personnes allergiques ? Choisissez la cire LycoTEC, une cire synth&eacute;tique, douce pour la peau et flexible. Sans colophane et v&eacute;g&eacute;talienne. Vous pouvez &hellip; Continuer la lecture \"Lycon Hybrid Film Wax Kit incl. heater\"","og_url":"https:\/\/www.praktivak.be\/fr\/produit\/lycon-hybrid-film-wax-kit-incl-heater\/","og_site_name":"Praktivak","article_modified_time":"2025-09-06T09:02:38+00:00","og_image":[{"width":1000,"height":1000,"url":"https:\/\/www.praktivak.be\/wp-content\/uploads\/2025\/09\/KIT-FILM-2.jpg","type":"image\/jpeg"}],"twitter_card":"summary_large_image","twitter_misc":{"Dur\u00e9e de lecture estim\u00e9e":"2 minutes"},"schema":{"@context":"https:\/\/schema.org","@graph":[{"@type":"WebPage","@id":"https:\/\/www.praktivak.be\/fr\/produit\/lycon-hybrid-film-wax-kit-incl-heater\/","url":"https:\/\/www.praktivak.be\/fr\/produit\/lycon-hybrid-film-wax-kit-incl-heater\/","name":"Lycon Hybrid Film Wax Kit incl. heater - Praktivak","isPartOf":{"@id":"https:\/\/www.praktivak.be\/fr\/#website"},"primaryImageOfPage":{"@id":"https:\/\/www.praktivak.be\/fr\/produit\/lycon-hybrid-film-wax-kit-incl-heater\/#primaryimage"},"image":{"@id":"https:\/\/www.praktivak.be\/fr\/produit\/lycon-hybrid-film-wax-kit-incl-heater\/#primaryimage"},"thumbnailUrl":"https:\/\/www.praktivak.be\/wp-content\/uploads\/2025\/09\/KIT-FILM-2.jpg","datePublished":"2025-08-14T15:58:46+00:00","dateModified":"2025-09-06T09:02:38+00:00","breadcrumb":{"@id":"https:\/\/www.praktivak.be\/fr\/produit\/lycon-hybrid-film-wax-kit-incl-heater\/#breadcrumb"},"inLanguage":"fr-FR","potentialAction":[{"@type":"ReadAction","target":["https:\/\/www.praktivak.be\/fr\/produit\/lycon-hybrid-film-wax-kit-incl-heater\/"]}]},{"@type":"ImageObject","inLanguage":"fr-FR","@id":"https:\/\/www.praktivak.be\/fr\/produit\/lycon-hybrid-film-wax-kit-incl-heater\/#primaryimage","url":"https:\/\/www.praktivak.be\/wp-content\/uploads\/2025\/09\/KIT-FILM-2.jpg","contentUrl":"https:\/\/www.praktivak.be\/wp-content\/uploads\/2025\/09\/KIT-FILM-2.jpg","width":1000,"height":1000},{"@type":"BreadcrumbList","@id":"https:\/\/www.praktivak.be\/fr\/produit\/lycon-hybrid-film-wax-kit-incl-heater\/#breadcrumb","itemListElement":[{"@type":"ListItem","position":1,"name":"Home","item":"https:\/\/www.praktivak.be\/fr\/"},{"@type":"ListItem","position":2,"name":"Boutique","item":"https:\/\/www.praktivak.be\/fr\/boutique\/"},{"@type":"ListItem","position":3,"name":"Lycon Hybrid Film Wax Kit incl. heater"}]},{"@type":"WebSite","@id":"https:\/\/www.praktivak.be\/fr\/#website","url":"https:\/\/www.praktivak.be\/fr\/","name":"Praktivak","description":"","publisher":{"@id":"https:\/\/www.praktivak.be\/fr\/#organization"},"potentialAction":[{"@type":"SearchAction","target":{"@type":"EntryPoint","urlTemplate":"https:\/\/www.praktivak.be\/fr\/?s={search_term_string}"},"query-input":{"@type":"PropertyValueSpecification","valueRequired":true,"valueName":"search_term_string"}}],"inLanguage":"fr-FR"},{"@type":"Organization","@id":"https:\/\/www.praktivak.be\/fr\/#organization","name":"Praktivak","url":"https:\/\/www.praktivak.be\/fr\/","logo":{"@type":"ImageObject","inLanguage":"fr-FR","@id":"https:\/\/www.praktivak.be\/fr\/#\/schema\/logo\/image\/","url":"https:\/\/www.praktivak.be\/wp-content\/uploads\/2024\/09\/Logo.png","contentUrl":"https:\/\/www.praktivak.be\/wp-content\/uploads\/2024\/09\/Logo.png","width":1774,"height":337,"caption":"Praktivak"},"image":{"@id":"https:\/\/www.praktivak.be\/fr\/#\/schema\/logo\/image\/"}}]}},"featured_img":"https:\/\/www.praktivak.be\/wp-content\/uploads\/2025\/09\/KIT-FILM-2.jpg","coauthors":[],"author_meta":{"author_link":"https:\/\/www.praktivak.be\/fr\/author\/madeit\/","display_name":"Tjebbe Lievens"},"relative_dates":{"created":"Publi\u00e9 8 mois il y a","modified":"Mis \u00e0 jour 7 mois il y a"},"absolute_dates":{"created":"Publi\u00e9 le 14 ao\u00fbt 2025","modified":"Mise \u00e0 jour le 6 septembre 2025"},"absolute_dates_time":{"created":"Publi\u00e9 le 14 ao\u00fbt 2025 17h58","modified":"Mise \u00e0 jour le 6 septembre 2025 11h02"},"featured_img_caption":"","tax_additional":{"product_brand":{"linked":[],"unlinked":[],"slug":"product_brand","name":"Marques"},"product_type":{"linked":["<a href=\"https:\/\/www.praktivak.be\/fr\/?taxonomy=product_type&#038;term=simple\" class=\"advgb-post-tax-term\">simple<\/a>"],"unlinked":["<span class=\"advgb-post-tax-term\">simple<\/span>"],"slug":"product_type","name":"Type de produit"},"product_visibility":{"linked":[],"unlinked":[],"slug":"product_visibility","name":"Visibilit\u00e9 du produit"},"product_cat":{"linked":["<a href=\"https:\/\/www.praktivak.be\/fr\/categorie-de-produit\/ontharing-fr\/lycon-fr\/waxing-kits-fr\/\" class=\"advgb-post-tax-term\">Waxing kits<\/a>"],"unlinked":["<span class=\"advgb-post-tax-term\">Waxing kits<\/span>"],"slug":"product_cat","name":"Cat\u00e9gories de produits"},"product_tag":{"linked":[],"unlinked":[],"slug":"product_tag","name":"\u00c9tiquettes produit"},"product_shipping_class":{"linked":[],"unlinked":[],"slug":"product_shipping_class","name":"Classe d\u2019exp\u00e9dition du produit"},"pos_product_visibility":{"linked":[],"unlinked":[],"slug":"pos_product_visibility","name":"Visibilit\u00e9 du produit sur le point de vente"},"translation_priority":{"linked":[],"unlinked":[],"slug":"translation_priority","name":"Priorit\u00e9s de traduction"}},"series_order":"","_links":{"self":[{"href":"https:\/\/www.praktivak.be\/fr\/wp-json\/wp\/v2\/product\/160223","targetHints":{"allow":["GET"]}}],"collection":[{"href":"https:\/\/www.praktivak.be\/fr\/wp-json\/wp\/v2\/product"}],"about":[{"href":"https:\/\/www.praktivak.be\/fr\/wp-json\/wp\/v2\/types\/product"}],"version-history":[{"count":89,"href":"https:\/\/www.praktivak.be\/fr\/wp-json\/wp\/v2\/product\/160223\/revisions"}],"predecessor-version":[{"id":313262,"href":"https:\/\/www.praktivak.be\/fr\/wp-json\/wp\/v2\/product\/160223\/revisions\/313262"}],"wp:featuredmedia":[{"embeddable":true,"href":"https:\/\/www.praktivak.be\/fr\/wp-json\/wp\/v2\/media\/297991"}],"wp:attachment":[{"href":"https:\/\/www.praktivak.be\/fr\/wp-json\/wp\/v2\/media?parent=160223"}],"wp:term":[{"taxonomy":"product_brand","embeddable":true,"href":"https:\/\/www.praktivak.be\/fr\/wp-json\/wp\/v2\/product_brand?post=160223"},{"taxonomy":"product_cat","embeddable":true,"href":"https:\/\/www.praktivak.be\/fr\/wp-json\/wp\/v2\/product_cat?post=160223"},{"taxonomy":"product_tag","embeddable":true,"href":"https:\/\/www.praktivak.be\/fr\/wp-json\/wp\/v2\/product_tag?post=160223"}],"curies":[{"name":"wp","href":"https:\/\/api.w.org\/{rel}","templated":true}]}}