

{"id":160139,"date":"2025-08-14T17:56:45","date_gmt":"2025-08-14T15:56:45","guid":{"rendered":"https:\/\/www.praktivak.be\/product\/lycon-active-gold-strip-wax-800ml\/"},"modified":"2026-02-01T03:02:05","modified_gmt":"2026-02-01T02:02:05","slug":"lycon-active-gold-strip-wax-800ml","status":"publish","type":"product","link":"https:\/\/www.praktivak.be\/fr\/produit\/lycon-active-gold-strip-wax-800ml\/","title":{"rendered":"Lycon Active Gold Strip Wax (800ml)"},"content":{"rendered":"\n<p data-oe-version=\"1.2\"><\/p>\n<p>\nActive Gold Strip Wax 800ml<\/p>\n<p>\nDe l&rsquo;or liquide !<\/p>\n<p>\n <\/p>\n<p>\nLa cire &agrave; bandes LYCON Active GOLD est un must dans tous les salons de coiffure. Id&eacute;ale pour les zones plus &eacute;tendues telles que les jambes, les bras, la poitrine et le dos. Elle &eacute;limine les poils rapidement, efficacement et adoucit la peau ! La cire LYCON Active GOLD s&rsquo;applique en bandes tr&egrave;s fines. Contient les bienfaits apaisants de la camomille et du micro-mica de la meilleure qualit&eacute;. Ne tire pas sur la peau !<\/p>\n<p>\n<\/p>\n<p>\nL&rsquo;&eacute;dition limit&eacute;e de la cire en bandes Lycon Active GOLD est un must dans tous les salons de coiffure. Elle est id&eacute;ale pour offrir &agrave; vos clients quelque chose de sp&eacute;cial pendant les f&ecirc;tes de fin d&rsquo;ann&eacute;e. Id&eacute;ale pour les zones plus &eacute;tendues telles que les jambes, les bras, le torse et le dos. &Eacute;pile rapidement les poils &agrave; partir de 2 mm de longueur, efficacement et en adoucissant la peau ! La cire &agrave; bandes Lycon Active GOLD s&rsquo;applique en couche tr&egrave;s fine. Contient les bienfaits apaisants de la camomille et du micro-mica de la meilleure qualit&eacute;. Ne tire pas sur la peau ! &Eacute;tincellez et brillez !<\/p>\n<p>\n<\/p>\n<p>\nChaque 800ml contient pas moins de 23 traitements pour les jambes. Des huiles aromatiques sp&eacute;ciales ont &eacute;t&eacute; ajout&eacute;es pour leur effet soignant et apaisant. M&ecirc;me les clients les plus exigeants peuvent d&eacute;sormais compter sur un confort total.<\/p>\n<p>\n<\/p>\n<p>\nLes cires professionnelles LYCON contiennent une combinaison sp&eacute;ciale d&rsquo;ingr&eacute;dients naturels pour une meilleure adh&eacute;rence, ce qui permet d&rsquo;&eacute;piler m&ecirc;me des poils de 2 mm.<\/p>\n<p>Mode d&rsquo;emploi :<\/p>\n<p>&nbsp;1. Nettoyer la peau avec le nettoyant LYCOTANE. 2. Appliquer la cire en bandes &agrave; l&rsquo;aide d&rsquo;une spatule m&eacute;tallique, tr&egrave;s finement et en exer&ccedil;ant une certaine pression, dans le sens de la pousse du poil. 4. Appliquer ensuite une bande de cire&nbsp;sur la cire (frotter bri&egrave;vement et fermement la bande sur la cire). Retirez ensuite la bande de cire dans le sens inverse de la pousse des poils. 5. Nettoyez la peau avec le LYCOTANE Skin Cleanser, qui referme les pores. 6. Nettoyer ensuite la peau avec PERFECT Finish ou Tea Tree Perfect pour &eacute;liminer les derni&egrave;res traces de cire sur la peau. 7. Enfin, massez la peau avec la Cr&egrave;me apaisante ou le Tea Tree Sooth. CONSEIL : Si n&eacute;cessaire, utilisez le spray Ingrown X-It, massez l&eacute;g&egrave;rement et informez-en l&rsquo;utilisateur.<\/p>\n<p>Sans parfum.<\/p>\n\n","protected":false},"excerpt":{"rendered":"<p>Active Gold Strip Wax 800ml De l&rsquo;or liquide ! La cire &agrave; bandes LYCON Active GOLD est un must dans tous les salons de coiffure. Id&eacute;ale pour les zones plus &eacute;tendues telles que les jambes, les bras, la poitrine et le dos. Elle &eacute;limine les poils rapidement, efficacement et adoucit la peau ! La cire &hellip; <\/p>\n<p class=\"link-more\"><a href=\"https:\/\/www.praktivak.be\/fr\/produit\/lycon-active-gold-strip-wax-800ml\/\" class=\"more-link\">Continuer la lecture<span class=\"screen-reader-text\"> \u00ab\u00a0Lycon Active Gold Strip Wax (800ml)\u00a0\u00bb<\/span><\/a><\/p>\n","protected":false},"author":1,"featured_media":297953,"template":"","meta":{"_acf_changed":false,"_relevanssi_hide_post":"","_relevanssi_hide_content":"","_relevanssi_pin_for_all":"","_relevanssi_pin_keywords":"","_relevanssi_unpin_keywords":"","_relevanssi_related_keywords":"","_relevanssi_related_include_ids":"","_relevanssi_related_exclude_ids":"","_relevanssi_related_no_append":"","_relevanssi_related_not_related":"","_relevanssi_related_posts":"","_relevanssi_noindex_reason":"","advgb_blocks_editor_width":"","advgb_blocks_columns_visual_guide":"","footnotes":""},"product_brand":[],"product_cat":[2129],"product_tag":[],"class_list":{"0":"post-160139","1":"product","2":"type-product","3":"status-publish","4":"has-post-thumbnail","6":"product_cat-strip-wax-lycon-fr","8":"first","9":"instock","10":"taxable","11":"shipping-taxable","12":"product-type-simple"},"acf":[],"yoast_head":"<!-- This site is optimized with the Yoast SEO plugin v27.2 - https:\/\/yoast.com\/product\/yoast-seo-wordpress\/ -->\n<title>Lycon Active Gold Strip Wax (800ml) - Praktivak<\/title>\n<meta name=\"robots\" content=\"index, follow, max-snippet:-1, max-image-preview:large, max-video-preview:-1\" \/>\n<link rel=\"canonical\" href=\"https:\/\/www.praktivak.be\/fr\/produit\/lycon-active-gold-strip-wax-800ml\/\" \/>\n<meta property=\"og:locale\" content=\"fr_FR\" \/>\n<meta property=\"og:type\" content=\"article\" \/>\n<meta property=\"og:title\" content=\"Lycon Active Gold Strip Wax (800ml) - Praktivak\" \/>\n<meta property=\"og:description\" content=\"Active Gold Strip Wax 800ml De l&rsquo;or liquide ! La cire &agrave; bandes LYCON Active GOLD est un must dans tous les salons de coiffure. Id&eacute;ale pour les zones plus &eacute;tendues telles que les jambes, les bras, la poitrine et le dos. Elle &eacute;limine les poils rapidement, efficacement et adoucit la peau ! La cire &hellip; Continuer la lecture &quot;Lycon Active Gold Strip Wax (800ml)&quot;\" \/>\n<meta property=\"og:url\" content=\"https:\/\/www.praktivak.be\/fr\/produit\/lycon-active-gold-strip-wax-800ml\/\" \/>\n<meta property=\"og:site_name\" content=\"Praktivak\" \/>\n<meta property=\"article:modified_time\" content=\"2026-02-01T02:02:05+00:00\" \/>\n<meta property=\"og:image\" content=\"https:\/\/www.praktivak.be\/wp-content\/uploads\/2025\/09\/1SL001-2.jpg\" \/>\n\t<meta property=\"og:image:width\" content=\"620\" \/>\n\t<meta property=\"og:image:height\" content=\"624\" \/>\n\t<meta property=\"og:image:type\" content=\"image\/jpeg\" \/>\n<meta name=\"twitter:card\" content=\"summary_large_image\" \/>\n<meta name=\"twitter:label1\" content=\"Dur\u00e9e de lecture estim\u00e9e\" \/>\n\t<meta name=\"twitter:data1\" content=\"2 minutes\" \/>\n<script type=\"application\/ld+json\" class=\"yoast-schema-graph\">{\"@context\":\"https:\/\/schema.org\",\"@graph\":[{\"@type\":\"WebPage\",\"@id\":\"https:\/\/www.praktivak.be\/fr\/produit\/lycon-active-gold-strip-wax-800ml\/\",\"url\":\"https:\/\/www.praktivak.be\/fr\/produit\/lycon-active-gold-strip-wax-800ml\/\",\"name\":\"Lycon Active Gold Strip Wax (800ml) - Praktivak\",\"isPartOf\":{\"@id\":\"https:\/\/www.praktivak.be\/fr\/#website\"},\"primaryImageOfPage\":{\"@id\":\"https:\/\/www.praktivak.be\/fr\/produit\/lycon-active-gold-strip-wax-800ml\/#primaryimage\"},\"image\":{\"@id\":\"https:\/\/www.praktivak.be\/fr\/produit\/lycon-active-gold-strip-wax-800ml\/#primaryimage\"},\"thumbnailUrl\":\"https:\/\/www.praktivak.be\/wp-content\/uploads\/2025\/09\/1SL001-2.jpg\",\"datePublished\":\"2025-08-14T15:56:45+00:00\",\"dateModified\":\"2026-02-01T02:02:05+00:00\",\"breadcrumb\":{\"@id\":\"https:\/\/www.praktivak.be\/fr\/produit\/lycon-active-gold-strip-wax-800ml\/#breadcrumb\"},\"inLanguage\":\"fr-FR\",\"potentialAction\":[{\"@type\":\"ReadAction\",\"target\":[\"https:\/\/www.praktivak.be\/fr\/produit\/lycon-active-gold-strip-wax-800ml\/\"]}]},{\"@type\":\"ImageObject\",\"inLanguage\":\"fr-FR\",\"@id\":\"https:\/\/www.praktivak.be\/fr\/produit\/lycon-active-gold-strip-wax-800ml\/#primaryimage\",\"url\":\"https:\/\/www.praktivak.be\/wp-content\/uploads\/2025\/09\/1SL001-2.jpg\",\"contentUrl\":\"https:\/\/www.praktivak.be\/wp-content\/uploads\/2025\/09\/1SL001-2.jpg\",\"width\":620,\"height\":624},{\"@type\":\"BreadcrumbList\",\"@id\":\"https:\/\/www.praktivak.be\/fr\/produit\/lycon-active-gold-strip-wax-800ml\/#breadcrumb\",\"itemListElement\":[{\"@type\":\"ListItem\",\"position\":1,\"name\":\"Home\",\"item\":\"https:\/\/www.praktivak.be\/fr\/\"},{\"@type\":\"ListItem\",\"position\":2,\"name\":\"Boutique\",\"item\":\"https:\/\/www.praktivak.be\/fr\/boutique\/\"},{\"@type\":\"ListItem\",\"position\":3,\"name\":\"Lycon Active Gold Strip Wax (800ml)\"}]},{\"@type\":\"WebSite\",\"@id\":\"https:\/\/www.praktivak.be\/fr\/#website\",\"url\":\"https:\/\/www.praktivak.be\/fr\/\",\"name\":\"Praktivak\",\"description\":\"\",\"publisher\":{\"@id\":\"https:\/\/www.praktivak.be\/fr\/#organization\"},\"potentialAction\":[{\"@type\":\"SearchAction\",\"target\":{\"@type\":\"EntryPoint\",\"urlTemplate\":\"https:\/\/www.praktivak.be\/fr\/?s={search_term_string}\"},\"query-input\":{\"@type\":\"PropertyValueSpecification\",\"valueRequired\":true,\"valueName\":\"search_term_string\"}}],\"inLanguage\":\"fr-FR\"},{\"@type\":\"Organization\",\"@id\":\"https:\/\/www.praktivak.be\/fr\/#organization\",\"name\":\"Praktivak\",\"url\":\"https:\/\/www.praktivak.be\/fr\/\",\"logo\":{\"@type\":\"ImageObject\",\"inLanguage\":\"fr-FR\",\"@id\":\"https:\/\/www.praktivak.be\/fr\/#\/schema\/logo\/image\/\",\"url\":\"https:\/\/www.praktivak.be\/wp-content\/uploads\/2024\/09\/Logo.png\",\"contentUrl\":\"https:\/\/www.praktivak.be\/wp-content\/uploads\/2024\/09\/Logo.png\",\"width\":1774,\"height\":337,\"caption\":\"Praktivak\"},\"image\":{\"@id\":\"https:\/\/www.praktivak.be\/fr\/#\/schema\/logo\/image\/\"}}]}<\/script>\n<!-- \/ Yoast SEO plugin. -->","yoast_head_json":{"title":"Lycon Active Gold Strip Wax (800ml) - Praktivak","robots":{"index":"index","follow":"follow","max-snippet":"max-snippet:-1","max-image-preview":"max-image-preview:large","max-video-preview":"max-video-preview:-1"},"canonical":"https:\/\/www.praktivak.be\/fr\/produit\/lycon-active-gold-strip-wax-800ml\/","og_locale":"fr_FR","og_type":"article","og_title":"Lycon Active Gold Strip Wax (800ml) - Praktivak","og_description":"Active Gold Strip Wax 800ml De l&rsquo;or liquide ! La cire &agrave; bandes LYCON Active GOLD est un must dans tous les salons de coiffure. Id&eacute;ale pour les zones plus &eacute;tendues telles que les jambes, les bras, la poitrine et le dos. Elle &eacute;limine les poils rapidement, efficacement et adoucit la peau ! La cire &hellip; Continuer la lecture \"Lycon Active Gold Strip Wax (800ml)\"","og_url":"https:\/\/www.praktivak.be\/fr\/produit\/lycon-active-gold-strip-wax-800ml\/","og_site_name":"Praktivak","article_modified_time":"2026-02-01T02:02:05+00:00","og_image":[{"width":620,"height":624,"url":"https:\/\/www.praktivak.be\/wp-content\/uploads\/2025\/09\/1SL001-2.jpg","type":"image\/jpeg"}],"twitter_card":"summary_large_image","twitter_misc":{"Dur\u00e9e de lecture estim\u00e9e":"2 minutes"},"schema":{"@context":"https:\/\/schema.org","@graph":[{"@type":"WebPage","@id":"https:\/\/www.praktivak.be\/fr\/produit\/lycon-active-gold-strip-wax-800ml\/","url":"https:\/\/www.praktivak.be\/fr\/produit\/lycon-active-gold-strip-wax-800ml\/","name":"Lycon Active Gold Strip Wax (800ml) - Praktivak","isPartOf":{"@id":"https:\/\/www.praktivak.be\/fr\/#website"},"primaryImageOfPage":{"@id":"https:\/\/www.praktivak.be\/fr\/produit\/lycon-active-gold-strip-wax-800ml\/#primaryimage"},"image":{"@id":"https:\/\/www.praktivak.be\/fr\/produit\/lycon-active-gold-strip-wax-800ml\/#primaryimage"},"thumbnailUrl":"https:\/\/www.praktivak.be\/wp-content\/uploads\/2025\/09\/1SL001-2.jpg","datePublished":"2025-08-14T15:56:45+00:00","dateModified":"2026-02-01T02:02:05+00:00","breadcrumb":{"@id":"https:\/\/www.praktivak.be\/fr\/produit\/lycon-active-gold-strip-wax-800ml\/#breadcrumb"},"inLanguage":"fr-FR","potentialAction":[{"@type":"ReadAction","target":["https:\/\/www.praktivak.be\/fr\/produit\/lycon-active-gold-strip-wax-800ml\/"]}]},{"@type":"ImageObject","inLanguage":"fr-FR","@id":"https:\/\/www.praktivak.be\/fr\/produit\/lycon-active-gold-strip-wax-800ml\/#primaryimage","url":"https:\/\/www.praktivak.be\/wp-content\/uploads\/2025\/09\/1SL001-2.jpg","contentUrl":"https:\/\/www.praktivak.be\/wp-content\/uploads\/2025\/09\/1SL001-2.jpg","width":620,"height":624},{"@type":"BreadcrumbList","@id":"https:\/\/www.praktivak.be\/fr\/produit\/lycon-active-gold-strip-wax-800ml\/#breadcrumb","itemListElement":[{"@type":"ListItem","position":1,"name":"Home","item":"https:\/\/www.praktivak.be\/fr\/"},{"@type":"ListItem","position":2,"name":"Boutique","item":"https:\/\/www.praktivak.be\/fr\/boutique\/"},{"@type":"ListItem","position":3,"name":"Lycon Active Gold Strip Wax (800ml)"}]},{"@type":"WebSite","@id":"https:\/\/www.praktivak.be\/fr\/#website","url":"https:\/\/www.praktivak.be\/fr\/","name":"Praktivak","description":"","publisher":{"@id":"https:\/\/www.praktivak.be\/fr\/#organization"},"potentialAction":[{"@type":"SearchAction","target":{"@type":"EntryPoint","urlTemplate":"https:\/\/www.praktivak.be\/fr\/?s={search_term_string}"},"query-input":{"@type":"PropertyValueSpecification","valueRequired":true,"valueName":"search_term_string"}}],"inLanguage":"fr-FR"},{"@type":"Organization","@id":"https:\/\/www.praktivak.be\/fr\/#organization","name":"Praktivak","url":"https:\/\/www.praktivak.be\/fr\/","logo":{"@type":"ImageObject","inLanguage":"fr-FR","@id":"https:\/\/www.praktivak.be\/fr\/#\/schema\/logo\/image\/","url":"https:\/\/www.praktivak.be\/wp-content\/uploads\/2024\/09\/Logo.png","contentUrl":"https:\/\/www.praktivak.be\/wp-content\/uploads\/2024\/09\/Logo.png","width":1774,"height":337,"caption":"Praktivak"},"image":{"@id":"https:\/\/www.praktivak.be\/fr\/#\/schema\/logo\/image\/"}}]}},"featured_img":"https:\/\/www.praktivak.be\/wp-content\/uploads\/2025\/09\/1SL001-2.jpg","coauthors":[],"author_meta":{"author_link":"https:\/\/www.praktivak.be\/fr\/author\/madeit\/","display_name":"Tjebbe Lievens"},"relative_dates":{"created":"Publi\u00e9 8 mois il y a","modified":"Mis \u00e0 jour 2 mois il y a"},"absolute_dates":{"created":"Publi\u00e9 le 14 ao\u00fbt 2025","modified":"Mise \u00e0 jour le 1 f\u00e9vrier 2026"},"absolute_dates_time":{"created":"Publi\u00e9 le 14 ao\u00fbt 2025 17h56","modified":"Mise \u00e0 jour le 1 f\u00e9vrier 2026 3h02"},"featured_img_caption":"","tax_additional":{"product_brand":{"linked":[],"unlinked":[],"slug":"product_brand","name":"Marques"},"product_type":{"linked":["<a href=\"https:\/\/www.praktivak.be\/fr\/?taxonomy=product_type&#038;term=simple\" class=\"advgb-post-tax-term\">simple<\/a>"],"unlinked":["<span class=\"advgb-post-tax-term\">simple<\/span>"],"slug":"product_type","name":"Type de produit"},"product_visibility":{"linked":[],"unlinked":[],"slug":"product_visibility","name":"Visibilit\u00e9 du produit"},"product_cat":{"linked":["<a href=\"https:\/\/www.praktivak.be\/fr\/categorie-de-produit\/ontharing-fr\/lycon-fr\/strip-wax-lycon-fr\/\" class=\"advgb-post-tax-term\">Strip wax<\/a>"],"unlinked":["<span class=\"advgb-post-tax-term\">Strip wax<\/span>"],"slug":"product_cat","name":"Cat\u00e9gories de produits"},"product_tag":{"linked":[],"unlinked":[],"slug":"product_tag","name":"\u00c9tiquettes produit"},"product_shipping_class":{"linked":[],"unlinked":[],"slug":"product_shipping_class","name":"Classe d\u2019exp\u00e9dition du produit"},"pos_product_visibility":{"linked":[],"unlinked":[],"slug":"pos_product_visibility","name":"Visibilit\u00e9 du produit sur le point de vente"},"translation_priority":{"linked":[],"unlinked":[],"slug":"translation_priority","name":"Priorit\u00e9s de traduction"}},"series_order":"","_links":{"self":[{"href":"https:\/\/www.praktivak.be\/fr\/wp-json\/wp\/v2\/product\/160139","targetHints":{"allow":["GET"]}}],"collection":[{"href":"https:\/\/www.praktivak.be\/fr\/wp-json\/wp\/v2\/product"}],"about":[{"href":"https:\/\/www.praktivak.be\/fr\/wp-json\/wp\/v2\/types\/product"}],"version-history":[{"count":97,"href":"https:\/\/www.praktivak.be\/fr\/wp-json\/wp\/v2\/product\/160139\/revisions"}],"predecessor-version":[{"id":325975,"href":"https:\/\/www.praktivak.be\/fr\/wp-json\/wp\/v2\/product\/160139\/revisions\/325975"}],"wp:featuredmedia":[{"embeddable":true,"href":"https:\/\/www.praktivak.be\/fr\/wp-json\/wp\/v2\/media\/297953"}],"wp:attachment":[{"href":"https:\/\/www.praktivak.be\/fr\/wp-json\/wp\/v2\/media?parent=160139"}],"wp:term":[{"taxonomy":"product_brand","embeddable":true,"href":"https:\/\/www.praktivak.be\/fr\/wp-json\/wp\/v2\/product_brand?post=160139"},{"taxonomy":"product_cat","embeddable":true,"href":"https:\/\/www.praktivak.be\/fr\/wp-json\/wp\/v2\/product_cat?post=160139"},{"taxonomy":"product_tag","embeddable":true,"href":"https:\/\/www.praktivak.be\/fr\/wp-json\/wp\/v2\/product_tag?post=160139"}],"curies":[{"name":"wp","href":"https:\/\/api.w.org\/{rel}","templated":true}]}}