

{"id":160029,"date":"2025-08-14T17:53:50","date_gmt":"2025-08-14T15:53:50","guid":{"rendered":"https:\/\/www.praktivak.be\/product\/loeplamp-luxo-wave-led-dioptrie-35\/"},"modified":"2026-02-01T16:57:16","modified_gmt":"2026-02-01T15:57:16","slug":"lampe-loupe-luxo-wave-led-diop-3-5","status":"publish","type":"product","link":"https:\/\/www.praktivak.be\/fr\/produit\/lampe-loupe-luxo-wave-led-diop-3-5\/","title":{"rendered":"Lampe loupe Luxo Wave LED diop. 3.5"},"content":{"rendered":"\n<p>Omschrijving:<\/p>\n<p>\nProfessionele loeplamp voorzien van een rechthoekige lens waardoor men een duidelijk en onvervormd beeld verkrijgt. Aan weerzijden van de lens bevinden zich 6 Watt LED lampjes welke beide onafhankelijk van elkaar ingeschakeld kunnen worden. Het licht is ook dimbaar en schakelt zichzelf uit na 4 &ndash; 9uur. <\/p>\n<p>\nDioptrie 3 is standaard.<\/p>\n<p>\nDoor het dubbel scharnier tussen arm en lens kan men de lamp in elke gewenste positie zetten<\/p>\n\n<p>\nDetails:<\/p>\n<p>\n&ndash; dioptrie 3,5<\/p>\n<p>\n&ndash; 2 x 6 Watt LED<\/p>\n<p>\n&ndash; apart inschakelbaar<\/p>\n<p>\n&ndash; dimbaar<\/p>\n<p>\n&ndash; dubbel scharnier<\/p>\n\n","protected":false},"excerpt":{"rendered":"<p>Omschrijving: Professionele loeplamp voorzien van een rechthoekige lens waardoor men een duidelijk en onvervormd beeld verkrijgt. Aan weerzijden van de lens bevinden zich 6 Watt LED lampjes welke beide onafhankelijk van elkaar ingeschakeld kunnen worden. Het licht is ook dimbaar en schakelt zichzelf uit na 4 &ndash; 9uur. Dioptrie 3 is standaard. Door het dubbel &hellip; <\/p>\n<p class=\"link-more\"><a href=\"https:\/\/www.praktivak.be\/fr\/produit\/lampe-loupe-luxo-wave-led-diop-3-5\/\" class=\"more-link\">Continuer la lecture<span class=\"screen-reader-text\"> \u00ab\u00a0Lampe loupe Luxo Wave LED diop. 3.5\u00a0\u00bb<\/span><\/a><\/p>\n","protected":false},"author":1,"featured_media":297293,"template":"","meta":{"_acf_changed":false,"_relevanssi_hide_post":"","_relevanssi_hide_content":"","_relevanssi_pin_for_all":"","_relevanssi_pin_keywords":"","_relevanssi_unpin_keywords":"","_relevanssi_related_keywords":"","_relevanssi_related_include_ids":"","_relevanssi_related_exclude_ids":"","_relevanssi_related_no_append":"","_relevanssi_related_not_related":"","_relevanssi_related_posts":"","_relevanssi_noindex_reason":"","advgb_blocks_editor_width":"","advgb_blocks_columns_visual_guide":"","footnotes":""},"product_brand":[],"product_cat":[2060],"product_tag":[],"class_list":{"0":"post-160029","1":"product","2":"type-product","3":"status-publish","4":"has-post-thumbnail","6":"product_cat-lampen-salonapparatuur-esthetische-apparatuur-fr","8":"first","9":"instock","10":"taxable","11":"shipping-taxable","12":"product-type-simple"},"acf":[],"yoast_head":"<!-- This site is optimized with the Yoast SEO plugin v27.2 - https:\/\/yoast.com\/product\/yoast-seo-wordpress\/ -->\n<title>Lampe loupe Luxo Wave LED diop. 3.5 - Praktivak<\/title>\n<meta name=\"robots\" content=\"index, follow, max-snippet:-1, max-image-preview:large, max-video-preview:-1\" \/>\n<link rel=\"canonical\" href=\"https:\/\/www.praktivak.be\/fr\/produit\/lampe-loupe-luxo-wave-led-diop-3-5\/\" \/>\n<meta property=\"og:locale\" content=\"fr_FR\" \/>\n<meta property=\"og:type\" content=\"article\" \/>\n<meta property=\"og:title\" content=\"Lampe loupe Luxo Wave LED diop. 3.5 - Praktivak\" \/>\n<meta property=\"og:description\" content=\"Omschrijving: Professionele loeplamp voorzien van een rechthoekige lens waardoor men een duidelijk en onvervormd beeld verkrijgt. Aan weerzijden van de lens bevinden zich 6 Watt LED lampjes welke beide onafhankelijk van elkaar ingeschakeld kunnen worden. Het licht is ook dimbaar en schakelt zichzelf uit na 4 &ndash; 9uur. Dioptrie 3 is standaard. Door het dubbel &hellip; Continuer la lecture &quot;Lampe loupe Luxo Wave LED diop. 3.5&quot;\" \/>\n<meta property=\"og:url\" content=\"https:\/\/www.praktivak.be\/fr\/produit\/lampe-loupe-luxo-wave-led-diop-3-5\/\" \/>\n<meta property=\"og:site_name\" content=\"Praktivak\" \/>\n<meta property=\"article:modified_time\" content=\"2026-02-01T15:57:16+00:00\" \/>\n<meta property=\"og:image\" content=\"https:\/\/www.praktivak.be\/wp-content\/uploads\/2025\/09\/65022-2.jpg\" \/>\n\t<meta property=\"og:image:width\" content=\"591\" \/>\n\t<meta property=\"og:image:height\" content=\"720\" \/>\n\t<meta property=\"og:image:type\" content=\"image\/jpeg\" \/>\n<meta name=\"twitter:card\" content=\"summary_large_image\" \/>\n<script type=\"application\/ld+json\" class=\"yoast-schema-graph\">{\"@context\":\"https:\/\/schema.org\",\"@graph\":[{\"@type\":\"WebPage\",\"@id\":\"https:\/\/www.praktivak.be\/fr\/produit\/lampe-loupe-luxo-wave-led-diop-3-5\/\",\"url\":\"https:\/\/www.praktivak.be\/fr\/produit\/lampe-loupe-luxo-wave-led-diop-3-5\/\",\"name\":\"Lampe loupe Luxo Wave LED diop. 3.5 - Praktivak\",\"isPartOf\":{\"@id\":\"https:\/\/www.praktivak.be\/fr\/#website\"},\"primaryImageOfPage\":{\"@id\":\"https:\/\/www.praktivak.be\/fr\/produit\/lampe-loupe-luxo-wave-led-diop-3-5\/#primaryimage\"},\"image\":{\"@id\":\"https:\/\/www.praktivak.be\/fr\/produit\/lampe-loupe-luxo-wave-led-diop-3-5\/#primaryimage\"},\"thumbnailUrl\":\"https:\/\/www.praktivak.be\/wp-content\/uploads\/2025\/09\/65022-2.jpg\",\"datePublished\":\"2025-08-14T15:53:50+00:00\",\"dateModified\":\"2026-02-01T15:57:16+00:00\",\"breadcrumb\":{\"@id\":\"https:\/\/www.praktivak.be\/fr\/produit\/lampe-loupe-luxo-wave-led-diop-3-5\/#breadcrumb\"},\"inLanguage\":\"fr-FR\",\"potentialAction\":[{\"@type\":\"ReadAction\",\"target\":[\"https:\/\/www.praktivak.be\/fr\/produit\/lampe-loupe-luxo-wave-led-diop-3-5\/\"]}]},{\"@type\":\"ImageObject\",\"inLanguage\":\"fr-FR\",\"@id\":\"https:\/\/www.praktivak.be\/fr\/produit\/lampe-loupe-luxo-wave-led-diop-3-5\/#primaryimage\",\"url\":\"https:\/\/www.praktivak.be\/wp-content\/uploads\/2025\/09\/65022-2.jpg\",\"contentUrl\":\"https:\/\/www.praktivak.be\/wp-content\/uploads\/2025\/09\/65022-2.jpg\",\"width\":591,\"height\":720},{\"@type\":\"BreadcrumbList\",\"@id\":\"https:\/\/www.praktivak.be\/fr\/produit\/lampe-loupe-luxo-wave-led-diop-3-5\/#breadcrumb\",\"itemListElement\":[{\"@type\":\"ListItem\",\"position\":1,\"name\":\"Home\",\"item\":\"https:\/\/www.praktivak.be\/fr\/\"},{\"@type\":\"ListItem\",\"position\":2,\"name\":\"Boutique\",\"item\":\"https:\/\/www.praktivak.be\/fr\/boutique\/\"},{\"@type\":\"ListItem\",\"position\":3,\"name\":\"Lampe loupe Luxo Wave LED diop. 3.5\"}]},{\"@type\":\"WebSite\",\"@id\":\"https:\/\/www.praktivak.be\/fr\/#website\",\"url\":\"https:\/\/www.praktivak.be\/fr\/\",\"name\":\"Praktivak\",\"description\":\"\",\"publisher\":{\"@id\":\"https:\/\/www.praktivak.be\/fr\/#organization\"},\"potentialAction\":[{\"@type\":\"SearchAction\",\"target\":{\"@type\":\"EntryPoint\",\"urlTemplate\":\"https:\/\/www.praktivak.be\/fr\/?s={search_term_string}\"},\"query-input\":{\"@type\":\"PropertyValueSpecification\",\"valueRequired\":true,\"valueName\":\"search_term_string\"}}],\"inLanguage\":\"fr-FR\"},{\"@type\":\"Organization\",\"@id\":\"https:\/\/www.praktivak.be\/fr\/#organization\",\"name\":\"Praktivak\",\"url\":\"https:\/\/www.praktivak.be\/fr\/\",\"logo\":{\"@type\":\"ImageObject\",\"inLanguage\":\"fr-FR\",\"@id\":\"https:\/\/www.praktivak.be\/fr\/#\/schema\/logo\/image\/\",\"url\":\"https:\/\/www.praktivak.be\/wp-content\/uploads\/2024\/09\/Logo.png\",\"contentUrl\":\"https:\/\/www.praktivak.be\/wp-content\/uploads\/2024\/09\/Logo.png\",\"width\":1774,\"height\":337,\"caption\":\"Praktivak\"},\"image\":{\"@id\":\"https:\/\/www.praktivak.be\/fr\/#\/schema\/logo\/image\/\"}}]}<\/script>\n<!-- \/ Yoast SEO plugin. -->","yoast_head_json":{"title":"Lampe loupe Luxo Wave LED diop. 3.5 - Praktivak","robots":{"index":"index","follow":"follow","max-snippet":"max-snippet:-1","max-image-preview":"max-image-preview:large","max-video-preview":"max-video-preview:-1"},"canonical":"https:\/\/www.praktivak.be\/fr\/produit\/lampe-loupe-luxo-wave-led-diop-3-5\/","og_locale":"fr_FR","og_type":"article","og_title":"Lampe loupe Luxo Wave LED diop. 3.5 - Praktivak","og_description":"Omschrijving: Professionele loeplamp voorzien van een rechthoekige lens waardoor men een duidelijk en onvervormd beeld verkrijgt. Aan weerzijden van de lens bevinden zich 6 Watt LED lampjes welke beide onafhankelijk van elkaar ingeschakeld kunnen worden. Het licht is ook dimbaar en schakelt zichzelf uit na 4 &ndash; 9uur. Dioptrie 3 is standaard. Door het dubbel &hellip; Continuer la lecture \"Lampe loupe Luxo Wave LED diop. 3.5\"","og_url":"https:\/\/www.praktivak.be\/fr\/produit\/lampe-loupe-luxo-wave-led-diop-3-5\/","og_site_name":"Praktivak","article_modified_time":"2026-02-01T15:57:16+00:00","og_image":[{"width":591,"height":720,"url":"https:\/\/www.praktivak.be\/wp-content\/uploads\/2025\/09\/65022-2.jpg","type":"image\/jpeg"}],"twitter_card":"summary_large_image","schema":{"@context":"https:\/\/schema.org","@graph":[{"@type":"WebPage","@id":"https:\/\/www.praktivak.be\/fr\/produit\/lampe-loupe-luxo-wave-led-diop-3-5\/","url":"https:\/\/www.praktivak.be\/fr\/produit\/lampe-loupe-luxo-wave-led-diop-3-5\/","name":"Lampe loupe Luxo Wave LED diop. 3.5 - Praktivak","isPartOf":{"@id":"https:\/\/www.praktivak.be\/fr\/#website"},"primaryImageOfPage":{"@id":"https:\/\/www.praktivak.be\/fr\/produit\/lampe-loupe-luxo-wave-led-diop-3-5\/#primaryimage"},"image":{"@id":"https:\/\/www.praktivak.be\/fr\/produit\/lampe-loupe-luxo-wave-led-diop-3-5\/#primaryimage"},"thumbnailUrl":"https:\/\/www.praktivak.be\/wp-content\/uploads\/2025\/09\/65022-2.jpg","datePublished":"2025-08-14T15:53:50+00:00","dateModified":"2026-02-01T15:57:16+00:00","breadcrumb":{"@id":"https:\/\/www.praktivak.be\/fr\/produit\/lampe-loupe-luxo-wave-led-diop-3-5\/#breadcrumb"},"inLanguage":"fr-FR","potentialAction":[{"@type":"ReadAction","target":["https:\/\/www.praktivak.be\/fr\/produit\/lampe-loupe-luxo-wave-led-diop-3-5\/"]}]},{"@type":"ImageObject","inLanguage":"fr-FR","@id":"https:\/\/www.praktivak.be\/fr\/produit\/lampe-loupe-luxo-wave-led-diop-3-5\/#primaryimage","url":"https:\/\/www.praktivak.be\/wp-content\/uploads\/2025\/09\/65022-2.jpg","contentUrl":"https:\/\/www.praktivak.be\/wp-content\/uploads\/2025\/09\/65022-2.jpg","width":591,"height":720},{"@type":"BreadcrumbList","@id":"https:\/\/www.praktivak.be\/fr\/produit\/lampe-loupe-luxo-wave-led-diop-3-5\/#breadcrumb","itemListElement":[{"@type":"ListItem","position":1,"name":"Home","item":"https:\/\/www.praktivak.be\/fr\/"},{"@type":"ListItem","position":2,"name":"Boutique","item":"https:\/\/www.praktivak.be\/fr\/boutique\/"},{"@type":"ListItem","position":3,"name":"Lampe loupe Luxo Wave LED diop. 3.5"}]},{"@type":"WebSite","@id":"https:\/\/www.praktivak.be\/fr\/#website","url":"https:\/\/www.praktivak.be\/fr\/","name":"Praktivak","description":"","publisher":{"@id":"https:\/\/www.praktivak.be\/fr\/#organization"},"potentialAction":[{"@type":"SearchAction","target":{"@type":"EntryPoint","urlTemplate":"https:\/\/www.praktivak.be\/fr\/?s={search_term_string}"},"query-input":{"@type":"PropertyValueSpecification","valueRequired":true,"valueName":"search_term_string"}}],"inLanguage":"fr-FR"},{"@type":"Organization","@id":"https:\/\/www.praktivak.be\/fr\/#organization","name":"Praktivak","url":"https:\/\/www.praktivak.be\/fr\/","logo":{"@type":"ImageObject","inLanguage":"fr-FR","@id":"https:\/\/www.praktivak.be\/fr\/#\/schema\/logo\/image\/","url":"https:\/\/www.praktivak.be\/wp-content\/uploads\/2024\/09\/Logo.png","contentUrl":"https:\/\/www.praktivak.be\/wp-content\/uploads\/2024\/09\/Logo.png","width":1774,"height":337,"caption":"Praktivak"},"image":{"@id":"https:\/\/www.praktivak.be\/fr\/#\/schema\/logo\/image\/"}}]}},"featured_img":"https:\/\/www.praktivak.be\/wp-content\/uploads\/2025\/09\/65022-2.jpg","coauthors":[],"author_meta":{"author_link":"https:\/\/www.praktivak.be\/fr\/author\/madeit\/","display_name":"Tjebbe Lievens"},"relative_dates":{"created":"Publi\u00e9 8 mois il y a","modified":"Mis \u00e0 jour 2 mois il y a"},"absolute_dates":{"created":"Publi\u00e9 le 14 ao\u00fbt 2025","modified":"Mise \u00e0 jour le 1 f\u00e9vrier 2026"},"absolute_dates_time":{"created":"Publi\u00e9 le 14 ao\u00fbt 2025 17h53","modified":"Mise \u00e0 jour le 1 f\u00e9vrier 2026 16h57"},"featured_img_caption":"","tax_additional":{"product_brand":{"linked":[],"unlinked":[],"slug":"product_brand","name":"Marques"},"product_type":{"linked":["<a href=\"https:\/\/www.praktivak.be\/fr\/?taxonomy=product_type&#038;term=simple\" class=\"advgb-post-tax-term\">simple<\/a>"],"unlinked":["<span class=\"advgb-post-tax-term\">simple<\/span>"],"slug":"product_type","name":"Type de produit"},"product_visibility":{"linked":[],"unlinked":[],"slug":"product_visibility","name":"Visibilit\u00e9 du produit"},"product_cat":{"linked":["<a href=\"https:\/\/www.praktivak.be\/fr\/categorie-de-produit\/esthetische-apparatuur-fr\/salonapparatuur-esthetische-apparatuur-fr\/lampen-salonapparatuur-esthetische-apparatuur-fr\/\" class=\"advgb-post-tax-term\">Lampes<\/a>"],"unlinked":["<span class=\"advgb-post-tax-term\">Lampes<\/span>"],"slug":"product_cat","name":"Cat\u00e9gories de produits"},"product_tag":{"linked":[],"unlinked":[],"slug":"product_tag","name":"\u00c9tiquettes produit"},"product_shipping_class":{"linked":[],"unlinked":[],"slug":"product_shipping_class","name":"Classe d\u2019exp\u00e9dition du produit"},"pos_product_visibility":{"linked":[],"unlinked":[],"slug":"pos_product_visibility","name":"Visibilit\u00e9 du produit sur le point de vente"},"translation_priority":{"linked":[],"unlinked":[],"slug":"translation_priority","name":"Priorit\u00e9s de traduction"}},"series_order":"","_links":{"self":[{"href":"https:\/\/www.praktivak.be\/fr\/wp-json\/wp\/v2\/product\/160029","targetHints":{"allow":["GET"]}}],"collection":[{"href":"https:\/\/www.praktivak.be\/fr\/wp-json\/wp\/v2\/product"}],"about":[{"href":"https:\/\/www.praktivak.be\/fr\/wp-json\/wp\/v2\/types\/product"}],"version-history":[{"count":72,"href":"https:\/\/www.praktivak.be\/fr\/wp-json\/wp\/v2\/product\/160029\/revisions"}],"predecessor-version":[{"id":346042,"href":"https:\/\/www.praktivak.be\/fr\/wp-json\/wp\/v2\/product\/160029\/revisions\/346042"}],"wp:featuredmedia":[{"embeddable":true,"href":"https:\/\/www.praktivak.be\/fr\/wp-json\/wp\/v2\/media\/297293"}],"wp:attachment":[{"href":"https:\/\/www.praktivak.be\/fr\/wp-json\/wp\/v2\/media?parent=160029"}],"wp:term":[{"taxonomy":"product_brand","embeddable":true,"href":"https:\/\/www.praktivak.be\/fr\/wp-json\/wp\/v2\/product_brand?post=160029"},{"taxonomy":"product_cat","embeddable":true,"href":"https:\/\/www.praktivak.be\/fr\/wp-json\/wp\/v2\/product_cat?post=160029"},{"taxonomy":"product_tag","embeddable":true,"href":"https:\/\/www.praktivak.be\/fr\/wp-json\/wp\/v2\/product_tag?post=160029"}],"curies":[{"name":"wp","href":"https:\/\/api.w.org\/{rel}","templated":true}]}}