

{"id":160018,"date":"2025-08-14T17:53:38","date_gmt":"2025-08-14T15:53:38","guid":{"rendered":"https:\/\/www.praktivak.be\/product\/loeplamp-luxo-lfm-led-dioptrie-3\/"},"modified":"2026-02-01T16:57:19","modified_gmt":"2026-02-01T15:57:19","slug":"lampe-loupe-luxo-lfm-led-diop-3","status":"publish","type":"product","link":"https:\/\/www.praktivak.be\/fr\/produit\/lampe-loupe-luxo-lfm-led-diop-3\/","title":{"rendered":"Lampe loupe Luxo LFM LED diop 3"},"content":{"rendered":"\n<p>\nLa Luxo LFM LED est une lampe loupe l&eacute;g&egrave;re avec une construction enti&egrave;rement m&eacute;tallique, des sources lumineuses LED et un bras flexible et &eacute;quilibr&eacute;. Le bras offre une grande port&eacute;e et un maximum de mouvements verticaux et horizontaux et reste dans la bonne position sans d&eacute;river. La longueur du bras est de 105 cm. La flexibilit&eacute; de la connexion entre la t&ecirc;te de la lampe et le bras facilite un positionnement pr&eacute;cis.<\/p>\n\n<p>\nLe faible poids de cette lampe la rend facile &agrave; d&eacute;placer. Facile &agrave; monter gr&acirc;ce &agrave; une pince de table amovible.<\/p>\n\n<p>\nLa lentille en verre de 127 mm est plac&eacute;e au centre d&rsquo;un cercle de sources lumineuses LED. C&rsquo;est la fa&ccedil;on id&eacute;ale d&rsquo;&eacute;clairer un objet, les ombres sont pratiquement &eacute;limin&eacute;es.<\/p>\n\n<p>\nUne housse en tissu est incluse pour prot&eacute;ger la lentille de la poussi&egrave;re et &eacute;viter que le luminaire ne prenne accidentellement la lumi&egrave;re du soleil et ne provoque un incendie.<\/p>\n\n<p>\nCette lampe loupe dispose d&rsquo;un gradateur &agrave; trois niveaux (100% -50% -0). Le luminaire s&rsquo;&eacute;teint automatiquement apr&egrave;s 4 ou 9 heures pour &eacute;conomiser de l&rsquo;&eacute;nergie.  Les LED de cette Luxo LFM LED ont une dur&eacute;e de vie de 50.000 heures, soit 25 ans ou plus dans le cadre d&rsquo;une utilisation normale.<\/p>\n\n\n\n","protected":false},"excerpt":{"rendered":"<p>La Luxo LFM LED est une lampe loupe l&eacute;g&egrave;re avec une construction enti&egrave;rement m&eacute;tallique, des sources lumineuses LED et un bras flexible et &eacute;quilibr&eacute;. Le bras offre une grande port&eacute;e et un maximum de mouvements verticaux et horizontaux et reste dans la bonne position sans d&eacute;river. La longueur du bras est de 105 cm. La &hellip; <\/p>\n<p class=\"link-more\"><a href=\"https:\/\/www.praktivak.be\/fr\/produit\/lampe-loupe-luxo-lfm-led-diop-3\/\" class=\"more-link\">Continuer la lecture<span class=\"screen-reader-text\"> \u00ab\u00a0Lampe loupe Luxo LFM LED diop 3\u00a0\u00bb<\/span><\/a><\/p>\n","protected":false},"author":1,"featured_media":298145,"template":"","meta":{"_acf_changed":false,"_relevanssi_hide_post":"","_relevanssi_hide_content":"","_relevanssi_pin_for_all":"","_relevanssi_pin_keywords":"","_relevanssi_unpin_keywords":"","_relevanssi_related_keywords":"","_relevanssi_related_include_ids":"","_relevanssi_related_exclude_ids":"","_relevanssi_related_no_append":"","_relevanssi_related_not_related":"","_relevanssi_related_posts":"","_relevanssi_noindex_reason":"","advgb_blocks_editor_width":"","advgb_blocks_columns_visual_guide":"","footnotes":""},"product_brand":[],"product_cat":[2060],"product_tag":[],"class_list":{"0":"post-160018","1":"product","2":"type-product","3":"status-publish","4":"has-post-thumbnail","6":"product_cat-lampen-salonapparatuur-esthetische-apparatuur-fr","8":"first","9":"instock","10":"taxable","11":"shipping-taxable","12":"product-type-simple"},"acf":[],"yoast_head":"<!-- This site is optimized with the Yoast SEO plugin v27.2 - https:\/\/yoast.com\/product\/yoast-seo-wordpress\/ -->\n<title>Lampe loupe Luxo LFM LED diop 3 - Praktivak<\/title>\n<meta name=\"robots\" content=\"index, follow, max-snippet:-1, max-image-preview:large, max-video-preview:-1\" \/>\n<link rel=\"canonical\" href=\"https:\/\/www.praktivak.be\/fr\/produit\/lampe-loupe-luxo-lfm-led-diop-3\/\" \/>\n<meta property=\"og:locale\" content=\"fr_FR\" \/>\n<meta property=\"og:type\" content=\"article\" \/>\n<meta property=\"og:title\" content=\"Lampe loupe Luxo LFM LED diop 3 - Praktivak\" \/>\n<meta property=\"og:description\" content=\"La Luxo LFM LED est une lampe loupe l&eacute;g&egrave;re avec une construction enti&egrave;rement m&eacute;tallique, des sources lumineuses LED et un bras flexible et &eacute;quilibr&eacute;. Le bras offre une grande port&eacute;e et un maximum de mouvements verticaux et horizontaux et reste dans la bonne position sans d&eacute;river. La longueur du bras est de 105 cm. La &hellip; Continuer la lecture &quot;Lampe loupe Luxo LFM LED diop 3&quot;\" \/>\n<meta property=\"og:url\" content=\"https:\/\/www.praktivak.be\/fr\/produit\/lampe-loupe-luxo-lfm-led-diop-3\/\" \/>\n<meta property=\"og:site_name\" content=\"Praktivak\" \/>\n<meta property=\"article:modified_time\" content=\"2026-02-01T15:57:19+00:00\" \/>\n<meta property=\"og:image\" content=\"https:\/\/www.praktivak.be\/wp-content\/uploads\/2025\/09\/65023-2.jpg\" \/>\n\t<meta property=\"og:image:width\" content=\"700\" \/>\n\t<meta property=\"og:image:height\" content=\"467\" \/>\n\t<meta property=\"og:image:type\" content=\"image\/jpeg\" \/>\n<meta name=\"twitter:card\" content=\"summary_large_image\" \/>\n<meta name=\"twitter:label1\" content=\"Dur\u00e9e de lecture estim\u00e9e\" \/>\n\t<meta name=\"twitter:data1\" content=\"1 minute\" \/>\n<script type=\"application\/ld+json\" class=\"yoast-schema-graph\">{\"@context\":\"https:\/\/schema.org\",\"@graph\":[{\"@type\":\"WebPage\",\"@id\":\"https:\/\/www.praktivak.be\/fr\/produit\/lampe-loupe-luxo-lfm-led-diop-3\/\",\"url\":\"https:\/\/www.praktivak.be\/fr\/produit\/lampe-loupe-luxo-lfm-led-diop-3\/\",\"name\":\"Lampe loupe Luxo LFM LED diop 3 - Praktivak\",\"isPartOf\":{\"@id\":\"https:\/\/www.praktivak.be\/fr\/#website\"},\"primaryImageOfPage\":{\"@id\":\"https:\/\/www.praktivak.be\/fr\/produit\/lampe-loupe-luxo-lfm-led-diop-3\/#primaryimage\"},\"image\":{\"@id\":\"https:\/\/www.praktivak.be\/fr\/produit\/lampe-loupe-luxo-lfm-led-diop-3\/#primaryimage\"},\"thumbnailUrl\":\"https:\/\/www.praktivak.be\/wp-content\/uploads\/2025\/09\/65023-2.jpg\",\"datePublished\":\"2025-08-14T15:53:38+00:00\",\"dateModified\":\"2026-02-01T15:57:19+00:00\",\"breadcrumb\":{\"@id\":\"https:\/\/www.praktivak.be\/fr\/produit\/lampe-loupe-luxo-lfm-led-diop-3\/#breadcrumb\"},\"inLanguage\":\"fr-FR\",\"potentialAction\":[{\"@type\":\"ReadAction\",\"target\":[\"https:\/\/www.praktivak.be\/fr\/produit\/lampe-loupe-luxo-lfm-led-diop-3\/\"]}]},{\"@type\":\"ImageObject\",\"inLanguage\":\"fr-FR\",\"@id\":\"https:\/\/www.praktivak.be\/fr\/produit\/lampe-loupe-luxo-lfm-led-diop-3\/#primaryimage\",\"url\":\"https:\/\/www.praktivak.be\/wp-content\/uploads\/2025\/09\/65023-2.jpg\",\"contentUrl\":\"https:\/\/www.praktivak.be\/wp-content\/uploads\/2025\/09\/65023-2.jpg\",\"width\":700,\"height\":467},{\"@type\":\"BreadcrumbList\",\"@id\":\"https:\/\/www.praktivak.be\/fr\/produit\/lampe-loupe-luxo-lfm-led-diop-3\/#breadcrumb\",\"itemListElement\":[{\"@type\":\"ListItem\",\"position\":1,\"name\":\"Home\",\"item\":\"https:\/\/www.praktivak.be\/fr\/\"},{\"@type\":\"ListItem\",\"position\":2,\"name\":\"Boutique\",\"item\":\"https:\/\/www.praktivak.be\/fr\/boutique\/\"},{\"@type\":\"ListItem\",\"position\":3,\"name\":\"Lampe loupe Luxo LFM LED diop 3\"}]},{\"@type\":\"WebSite\",\"@id\":\"https:\/\/www.praktivak.be\/fr\/#website\",\"url\":\"https:\/\/www.praktivak.be\/fr\/\",\"name\":\"Praktivak\",\"description\":\"\",\"publisher\":{\"@id\":\"https:\/\/www.praktivak.be\/fr\/#organization\"},\"potentialAction\":[{\"@type\":\"SearchAction\",\"target\":{\"@type\":\"EntryPoint\",\"urlTemplate\":\"https:\/\/www.praktivak.be\/fr\/?s={search_term_string}\"},\"query-input\":{\"@type\":\"PropertyValueSpecification\",\"valueRequired\":true,\"valueName\":\"search_term_string\"}}],\"inLanguage\":\"fr-FR\"},{\"@type\":\"Organization\",\"@id\":\"https:\/\/www.praktivak.be\/fr\/#organization\",\"name\":\"Praktivak\",\"url\":\"https:\/\/www.praktivak.be\/fr\/\",\"logo\":{\"@type\":\"ImageObject\",\"inLanguage\":\"fr-FR\",\"@id\":\"https:\/\/www.praktivak.be\/fr\/#\/schema\/logo\/image\/\",\"url\":\"https:\/\/www.praktivak.be\/wp-content\/uploads\/2024\/09\/Logo.png\",\"contentUrl\":\"https:\/\/www.praktivak.be\/wp-content\/uploads\/2024\/09\/Logo.png\",\"width\":1774,\"height\":337,\"caption\":\"Praktivak\"},\"image\":{\"@id\":\"https:\/\/www.praktivak.be\/fr\/#\/schema\/logo\/image\/\"}}]}<\/script>\n<!-- \/ Yoast SEO plugin. -->","yoast_head_json":{"title":"Lampe loupe Luxo LFM LED diop 3 - Praktivak","robots":{"index":"index","follow":"follow","max-snippet":"max-snippet:-1","max-image-preview":"max-image-preview:large","max-video-preview":"max-video-preview:-1"},"canonical":"https:\/\/www.praktivak.be\/fr\/produit\/lampe-loupe-luxo-lfm-led-diop-3\/","og_locale":"fr_FR","og_type":"article","og_title":"Lampe loupe Luxo LFM LED diop 3 - Praktivak","og_description":"La Luxo LFM LED est une lampe loupe l&eacute;g&egrave;re avec une construction enti&egrave;rement m&eacute;tallique, des sources lumineuses LED et un bras flexible et &eacute;quilibr&eacute;. Le bras offre une grande port&eacute;e et un maximum de mouvements verticaux et horizontaux et reste dans la bonne position sans d&eacute;river. La longueur du bras est de 105 cm. La &hellip; Continuer la lecture \"Lampe loupe Luxo LFM LED diop 3\"","og_url":"https:\/\/www.praktivak.be\/fr\/produit\/lampe-loupe-luxo-lfm-led-diop-3\/","og_site_name":"Praktivak","article_modified_time":"2026-02-01T15:57:19+00:00","og_image":[{"width":700,"height":467,"url":"https:\/\/www.praktivak.be\/wp-content\/uploads\/2025\/09\/65023-2.jpg","type":"image\/jpeg"}],"twitter_card":"summary_large_image","twitter_misc":{"Dur\u00e9e de lecture estim\u00e9e":"1 minute"},"schema":{"@context":"https:\/\/schema.org","@graph":[{"@type":"WebPage","@id":"https:\/\/www.praktivak.be\/fr\/produit\/lampe-loupe-luxo-lfm-led-diop-3\/","url":"https:\/\/www.praktivak.be\/fr\/produit\/lampe-loupe-luxo-lfm-led-diop-3\/","name":"Lampe loupe Luxo LFM LED diop 3 - Praktivak","isPartOf":{"@id":"https:\/\/www.praktivak.be\/fr\/#website"},"primaryImageOfPage":{"@id":"https:\/\/www.praktivak.be\/fr\/produit\/lampe-loupe-luxo-lfm-led-diop-3\/#primaryimage"},"image":{"@id":"https:\/\/www.praktivak.be\/fr\/produit\/lampe-loupe-luxo-lfm-led-diop-3\/#primaryimage"},"thumbnailUrl":"https:\/\/www.praktivak.be\/wp-content\/uploads\/2025\/09\/65023-2.jpg","datePublished":"2025-08-14T15:53:38+00:00","dateModified":"2026-02-01T15:57:19+00:00","breadcrumb":{"@id":"https:\/\/www.praktivak.be\/fr\/produit\/lampe-loupe-luxo-lfm-led-diop-3\/#breadcrumb"},"inLanguage":"fr-FR","potentialAction":[{"@type":"ReadAction","target":["https:\/\/www.praktivak.be\/fr\/produit\/lampe-loupe-luxo-lfm-led-diop-3\/"]}]},{"@type":"ImageObject","inLanguage":"fr-FR","@id":"https:\/\/www.praktivak.be\/fr\/produit\/lampe-loupe-luxo-lfm-led-diop-3\/#primaryimage","url":"https:\/\/www.praktivak.be\/wp-content\/uploads\/2025\/09\/65023-2.jpg","contentUrl":"https:\/\/www.praktivak.be\/wp-content\/uploads\/2025\/09\/65023-2.jpg","width":700,"height":467},{"@type":"BreadcrumbList","@id":"https:\/\/www.praktivak.be\/fr\/produit\/lampe-loupe-luxo-lfm-led-diop-3\/#breadcrumb","itemListElement":[{"@type":"ListItem","position":1,"name":"Home","item":"https:\/\/www.praktivak.be\/fr\/"},{"@type":"ListItem","position":2,"name":"Boutique","item":"https:\/\/www.praktivak.be\/fr\/boutique\/"},{"@type":"ListItem","position":3,"name":"Lampe loupe Luxo LFM LED diop 3"}]},{"@type":"WebSite","@id":"https:\/\/www.praktivak.be\/fr\/#website","url":"https:\/\/www.praktivak.be\/fr\/","name":"Praktivak","description":"","publisher":{"@id":"https:\/\/www.praktivak.be\/fr\/#organization"},"potentialAction":[{"@type":"SearchAction","target":{"@type":"EntryPoint","urlTemplate":"https:\/\/www.praktivak.be\/fr\/?s={search_term_string}"},"query-input":{"@type":"PropertyValueSpecification","valueRequired":true,"valueName":"search_term_string"}}],"inLanguage":"fr-FR"},{"@type":"Organization","@id":"https:\/\/www.praktivak.be\/fr\/#organization","name":"Praktivak","url":"https:\/\/www.praktivak.be\/fr\/","logo":{"@type":"ImageObject","inLanguage":"fr-FR","@id":"https:\/\/www.praktivak.be\/fr\/#\/schema\/logo\/image\/","url":"https:\/\/www.praktivak.be\/wp-content\/uploads\/2024\/09\/Logo.png","contentUrl":"https:\/\/www.praktivak.be\/wp-content\/uploads\/2024\/09\/Logo.png","width":1774,"height":337,"caption":"Praktivak"},"image":{"@id":"https:\/\/www.praktivak.be\/fr\/#\/schema\/logo\/image\/"}}]}},"featured_img":"https:\/\/www.praktivak.be\/wp-content\/uploads\/2025\/09\/65023-2.jpg","coauthors":[],"author_meta":{"author_link":"https:\/\/www.praktivak.be\/fr\/author\/madeit\/","display_name":"Tjebbe Lievens"},"relative_dates":{"created":"Publi\u00e9 8 mois il y a","modified":"Mis \u00e0 jour 3 mois il y a"},"absolute_dates":{"created":"Publi\u00e9 le 14 ao\u00fbt 2025","modified":"Mise \u00e0 jour le 1 f\u00e9vrier 2026"},"absolute_dates_time":{"created":"Publi\u00e9 le 14 ao\u00fbt 2025 17h53","modified":"Mise \u00e0 jour le 1 f\u00e9vrier 2026 16h57"},"featured_img_caption":"","tax_additional":{"product_brand":{"linked":[],"unlinked":[],"slug":"product_brand","name":"Marques"},"product_type":{"linked":["<a href=\"https:\/\/www.praktivak.be\/fr\/?taxonomy=product_type&#038;term=simple\" class=\"advgb-post-tax-term\">simple<\/a>"],"unlinked":["<span class=\"advgb-post-tax-term\">simple<\/span>"],"slug":"product_type","name":"Type de produit"},"product_visibility":{"linked":[],"unlinked":[],"slug":"product_visibility","name":"Visibilit\u00e9 du produit"},"product_cat":{"linked":["<a href=\"https:\/\/www.praktivak.be\/fr\/categorie-de-produit\/esthetische-apparatuur-fr\/salonapparatuur-esthetische-apparatuur-fr\/lampen-salonapparatuur-esthetische-apparatuur-fr\/\" class=\"advgb-post-tax-term\">Lampes<\/a>"],"unlinked":["<span class=\"advgb-post-tax-term\">Lampes<\/span>"],"slug":"product_cat","name":"Cat\u00e9gories de produits"},"product_tag":{"linked":[],"unlinked":[],"slug":"product_tag","name":"\u00c9tiquettes produit"},"product_shipping_class":{"linked":[],"unlinked":[],"slug":"product_shipping_class","name":"Classe d\u2019exp\u00e9dition du produit"},"pos_product_visibility":{"linked":[],"unlinked":[],"slug":"pos_product_visibility","name":"Visibilit\u00e9 du produit sur le point de vente"},"translation_priority":{"linked":[],"unlinked":[],"slug":"translation_priority","name":"Priorit\u00e9s de traduction"}},"series_order":"","_links":{"self":[{"href":"https:\/\/www.praktivak.be\/fr\/wp-json\/wp\/v2\/product\/160018","targetHints":{"allow":["GET"]}}],"collection":[{"href":"https:\/\/www.praktivak.be\/fr\/wp-json\/wp\/v2\/product"}],"about":[{"href":"https:\/\/www.praktivak.be\/fr\/wp-json\/wp\/v2\/types\/product"}],"version-history":[{"count":70,"href":"https:\/\/www.praktivak.be\/fr\/wp-json\/wp\/v2\/product\/160018\/revisions"}],"predecessor-version":[{"id":346049,"href":"https:\/\/www.praktivak.be\/fr\/wp-json\/wp\/v2\/product\/160018\/revisions\/346049"}],"wp:featuredmedia":[{"embeddable":true,"href":"https:\/\/www.praktivak.be\/fr\/wp-json\/wp\/v2\/media\/298145"}],"wp:attachment":[{"href":"https:\/\/www.praktivak.be\/fr\/wp-json\/wp\/v2\/media?parent=160018"}],"wp:term":[{"taxonomy":"product_brand","embeddable":true,"href":"https:\/\/www.praktivak.be\/fr\/wp-json\/wp\/v2\/product_brand?post=160018"},{"taxonomy":"product_cat","embeddable":true,"href":"https:\/\/www.praktivak.be\/fr\/wp-json\/wp\/v2\/product_cat?post=160018"},{"taxonomy":"product_tag","embeddable":true,"href":"https:\/\/www.praktivak.be\/fr\/wp-json\/wp\/v2\/product_tag?post=160018"}],"curies":[{"name":"wp","href":"https:\/\/api.w.org\/{rel}","templated":true}]}}