

{"id":159591,"date":"2025-08-14T17:40:50","date_gmt":"2025-08-14T15:40:50","guid":{"rendered":"https:\/\/www.praktivak.be\/product\/lycon-wax-kit-ii-gezicht-oksels-bikinilijn-incl-heater\/"},"modified":"2026-02-01T03:02:13","modified_gmt":"2026-02-01T02:02:13","slug":"lycon-wax-kit-2-visage-aisselles-ligne-du-bikini-heater-inclus","status":"publish","type":"product","link":"https:\/\/www.praktivak.be\/fr\/produit\/lycon-wax-kit-2-visage-aisselles-ligne-du-bikini-heater-inclus\/","title":{"rendered":"Lycon Wax Kit 2: visage, aisselles, ligne du bikini, heater inclus"},"content":{"rendered":"\n<p>\nKIT CIRE 2 &ndash; visage- aisselles-maillot &ndash; LYCON<\/p>\n<p>\nVisage, aisselles et maillot !<\/p>\n<p>\nUn kit de d&eacute;marrage professionnel pratique pour l&rsquo;&eacute;pilation du visage, des aisselles, du maillot et l&rsquo;&eacute;pilation br&eacute;silienne. Tout ce dont vous avez besoin pour un r&eacute;sultat parfait dans 1 kit d&rsquo;&eacute;pilation professionnel. Un r&eacute;sultat 100% doux et sans poils avec la cire chaude forte, pour les poils les plus raides, et le Lycojet, pour les poils fins et duveteux. <\/p>\n\n<p>\nKIT DE CIRE professionnel pour le visage, les aisselles et le maillot. Contient tout ce dont vous avez besoin pour un r&eacute;sultat parfait sans poils. <\/p>\n\n<p>\nCONTENU :<\/p>\n\n<p>\n-Choix entre : 2 po&ecirc;les d&rsquo;un litre en noir ou en blanc, 2 po&ecirc;les num&eacute;riques de 500 ml ou 1 po&ecirc;le duo de 800 ml.<\/p>\n\n<p>\n&ndash; 2 x Digitale heater 500ml <\/p>\n<p>\n&ndash; 1 kilo de cire chaude (&laquo;&nbsp;saveur&nbsp;&raquo; au choix)<\/p>\n<p>\n&ndash; 1 kilo de cire LycoJET (&laquo;&nbsp;parfum&nbsp;&raquo; au choix)<\/p>\n<p>\n&ndash; 500ml Lycotane Skin Cleanser<\/p>\n<p>\n&ndash; 500 ml Huile pr&eacute;-cirante<\/p>\n<p>\n&ndash; 500ml Tea Tree Soothe, cr&egrave;me apaisante, lotion de finition ou gel d&rsquo;aloe vera (au choix)<\/p>\n<p>\n&ndash; 500ml Wax Sovent<\/p>\n<p>\n&ndash; 100 pi&egrave;ces Wooden Resin Pads Regular<\/p>\n<p>\n&ndash; 100 b&acirc;tonnets en bois<\/p>\n\n<p>\nLa cire chaude forte &eacute;limine tous les poils raides, longs et toujours ras&eacute;s &agrave; partir de 1 mm et la cire chaude Lycojet les derniers poils fins et duveteux. Les &eacute;tapes d&rsquo;&eacute;pilation &agrave; la cire chaude et &agrave; la cire Lycojet garantissent un r&eacute;sultat durable et 100 % sans poils ! La peau est plus douce au toucher apr&egrave;s un traitement &agrave; la cire Lycon.<\/p>\n\n<p>\nNettoyer la peau avec le Nettoyant LYCOTANE.<\/p>\n<p>\nMassez bien la peau &agrave; traiter avec un peu d&rsquo;HUILE DE PR&Eacute;-CIRE. L&rsquo;huile permet &agrave; la cire de ne tirer que sur les poils et non sur la peau elle-m&ecirc;me, ce qui rend le traitement confortable et pratiquement indolore pour le client.<\/p>\n<p>\nAppliquez la cire chaude sur la peau par sections avec le c&ocirc;t&eacute; arrondi de la spatule, CONTRE le sens de la pousse des poils.<\/p>\n<p>\nRetirer la cire d&rsquo;un mouvement rapide dans le sens contraire de la pousse du poil.<\/p>\n<p>\nAppliquer ensuite la cire chaude LycoJET comme cire de post-traitement pour tous les poils fins et duveteux (sans pince &agrave; &eacute;piler). Dans le sens contraire de la pousse du poil. Retirer la cire d&rsquo;un mouvement rapide dans le sens contraire de la pousse du poil.<\/p>\n<p>\n6. nettoyer la peau avec le LYCOTANE Skin Cleanser, qui referme les pores.<\/p>\n<p>\n7. Enfin, massez la peau avec la Cr&egrave;me apaisante, la Lotion apaisante &agrave; l&rsquo;arbre &agrave; th&eacute;, la Lotion de finition ou le Gel &agrave; l&rsquo;aloe vera.<\/p>\n\n","protected":false},"excerpt":{"rendered":"<p>KIT CIRE 2 &ndash; visage- aisselles-maillot &ndash; LYCON Visage, aisselles et maillot ! Un kit de d&eacute;marrage professionnel pratique pour l&rsquo;&eacute;pilation du visage, des aisselles, du maillot et l&rsquo;&eacute;pilation br&eacute;silienne. Tout ce dont vous avez besoin pour un r&eacute;sultat parfait dans 1 kit d&rsquo;&eacute;pilation professionnel. Un r&eacute;sultat 100% doux et sans poils avec la cire &hellip; <\/p>\n<p class=\"link-more\"><a href=\"https:\/\/www.praktivak.be\/fr\/produit\/lycon-wax-kit-2-visage-aisselles-ligne-du-bikini-heater-inclus\/\" class=\"more-link\">Continuer la lecture<span class=\"screen-reader-text\"> \u00ab\u00a0Lycon Wax Kit 2: visage, aisselles, ligne du bikini, heater inclus\u00a0\u00bb<\/span><\/a><\/p>\n","protected":false},"author":1,"featured_media":297248,"template":"","meta":{"_acf_changed":false,"_relevanssi_hide_post":"","_relevanssi_hide_content":"","_relevanssi_pin_for_all":"","_relevanssi_pin_keywords":"","_relevanssi_unpin_keywords":"","_relevanssi_related_keywords":"","_relevanssi_related_include_ids":"","_relevanssi_related_exclude_ids":"","_relevanssi_related_no_append":"","_relevanssi_related_not_related":"","_relevanssi_related_posts":"","_relevanssi_noindex_reason":"","advgb_blocks_editor_width":"","advgb_blocks_columns_visual_guide":"","footnotes":""},"product_brand":[],"product_cat":[2073],"product_tag":[],"class_list":{"0":"post-159591","1":"product","2":"type-product","3":"status-publish","4":"has-post-thumbnail","6":"product_cat-waxing-kits-fr","8":"first","9":"instock","10":"taxable","11":"shipping-taxable","12":"product-type-simple"},"acf":[],"yoast_head":"<!-- This site is optimized with the Yoast SEO plugin v27.2 - https:\/\/yoast.com\/product\/yoast-seo-wordpress\/ -->\n<title>Lycon Wax Kit 2: visage, aisselles, ligne du bikini, heater inclus - Praktivak<\/title>\n<meta name=\"robots\" content=\"index, follow, max-snippet:-1, max-image-preview:large, max-video-preview:-1\" \/>\n<link rel=\"canonical\" href=\"https:\/\/www.praktivak.be\/fr\/produit\/lycon-wax-kit-2-visage-aisselles-ligne-du-bikini-heater-inclus\/\" \/>\n<meta property=\"og:locale\" content=\"fr_FR\" \/>\n<meta property=\"og:type\" content=\"article\" \/>\n<meta property=\"og:title\" content=\"Lycon Wax Kit 2: visage, aisselles, ligne du bikini, heater inclus - Praktivak\" \/>\n<meta property=\"og:description\" content=\"KIT CIRE 2 &ndash; visage- aisselles-maillot &ndash; LYCON Visage, aisselles et maillot ! Un kit de d&eacute;marrage professionnel pratique pour l&rsquo;&eacute;pilation du visage, des aisselles, du maillot et l&rsquo;&eacute;pilation br&eacute;silienne. Tout ce dont vous avez besoin pour un r&eacute;sultat parfait dans 1 kit d&rsquo;&eacute;pilation professionnel. Un r&eacute;sultat 100% doux et sans poils avec la cire &hellip; Continuer la lecture &quot;Lycon Wax Kit 2: visage, aisselles, ligne du bikini, heater inclus&quot;\" \/>\n<meta property=\"og:url\" content=\"https:\/\/www.praktivak.be\/fr\/produit\/lycon-wax-kit-2-visage-aisselles-ligne-du-bikini-heater-inclus\/\" \/>\n<meta property=\"og:site_name\" content=\"Praktivak\" \/>\n<meta property=\"article:modified_time\" content=\"2026-02-01T02:02:13+00:00\" \/>\n<meta property=\"og:image\" content=\"https:\/\/www.praktivak.be\/wp-content\/uploads\/2025\/09\/KIT-2-2.png\" \/>\n\t<meta property=\"og:image:width\" content=\"700\" \/>\n\t<meta property=\"og:image:height\" content=\"700\" \/>\n\t<meta property=\"og:image:type\" content=\"image\/png\" \/>\n<meta name=\"twitter:card\" content=\"summary_large_image\" \/>\n<meta name=\"twitter:label1\" content=\"Dur\u00e9e de lecture estim\u00e9e\" \/>\n\t<meta name=\"twitter:data1\" content=\"2 minutes\" \/>\n<script type=\"application\/ld+json\" class=\"yoast-schema-graph\">{\"@context\":\"https:\/\/schema.org\",\"@graph\":[{\"@type\":\"WebPage\",\"@id\":\"https:\/\/www.praktivak.be\/fr\/produit\/lycon-wax-kit-2-visage-aisselles-ligne-du-bikini-heater-inclus\/\",\"url\":\"https:\/\/www.praktivak.be\/fr\/produit\/lycon-wax-kit-2-visage-aisselles-ligne-du-bikini-heater-inclus\/\",\"name\":\"Lycon Wax Kit 2: visage, aisselles, ligne du bikini, heater inclus - Praktivak\",\"isPartOf\":{\"@id\":\"https:\/\/www.praktivak.be\/fr\/#website\"},\"primaryImageOfPage\":{\"@id\":\"https:\/\/www.praktivak.be\/fr\/produit\/lycon-wax-kit-2-visage-aisselles-ligne-du-bikini-heater-inclus\/#primaryimage\"},\"image\":{\"@id\":\"https:\/\/www.praktivak.be\/fr\/produit\/lycon-wax-kit-2-visage-aisselles-ligne-du-bikini-heater-inclus\/#primaryimage\"},\"thumbnailUrl\":\"https:\/\/www.praktivak.be\/wp-content\/uploads\/2025\/09\/KIT-2-2.png\",\"datePublished\":\"2025-08-14T15:40:50+00:00\",\"dateModified\":\"2026-02-01T02:02:13+00:00\",\"breadcrumb\":{\"@id\":\"https:\/\/www.praktivak.be\/fr\/produit\/lycon-wax-kit-2-visage-aisselles-ligne-du-bikini-heater-inclus\/#breadcrumb\"},\"inLanguage\":\"fr-FR\",\"potentialAction\":[{\"@type\":\"ReadAction\",\"target\":[\"https:\/\/www.praktivak.be\/fr\/produit\/lycon-wax-kit-2-visage-aisselles-ligne-du-bikini-heater-inclus\/\"]}]},{\"@type\":\"ImageObject\",\"inLanguage\":\"fr-FR\",\"@id\":\"https:\/\/www.praktivak.be\/fr\/produit\/lycon-wax-kit-2-visage-aisselles-ligne-du-bikini-heater-inclus\/#primaryimage\",\"url\":\"https:\/\/www.praktivak.be\/wp-content\/uploads\/2025\/09\/KIT-2-2.png\",\"contentUrl\":\"https:\/\/www.praktivak.be\/wp-content\/uploads\/2025\/09\/KIT-2-2.png\",\"width\":700,\"height\":700},{\"@type\":\"BreadcrumbList\",\"@id\":\"https:\/\/www.praktivak.be\/fr\/produit\/lycon-wax-kit-2-visage-aisselles-ligne-du-bikini-heater-inclus\/#breadcrumb\",\"itemListElement\":[{\"@type\":\"ListItem\",\"position\":1,\"name\":\"Home\",\"item\":\"https:\/\/www.praktivak.be\/fr\/\"},{\"@type\":\"ListItem\",\"position\":2,\"name\":\"Boutique\",\"item\":\"https:\/\/www.praktivak.be\/fr\/boutique\/\"},{\"@type\":\"ListItem\",\"position\":3,\"name\":\"Lycon Wax Kit 2: visage, aisselles, ligne du bikini, heater inclus\"}]},{\"@type\":\"WebSite\",\"@id\":\"https:\/\/www.praktivak.be\/fr\/#website\",\"url\":\"https:\/\/www.praktivak.be\/fr\/\",\"name\":\"Praktivak\",\"description\":\"\",\"publisher\":{\"@id\":\"https:\/\/www.praktivak.be\/fr\/#organization\"},\"potentialAction\":[{\"@type\":\"SearchAction\",\"target\":{\"@type\":\"EntryPoint\",\"urlTemplate\":\"https:\/\/www.praktivak.be\/fr\/?s={search_term_string}\"},\"query-input\":{\"@type\":\"PropertyValueSpecification\",\"valueRequired\":true,\"valueName\":\"search_term_string\"}}],\"inLanguage\":\"fr-FR\"},{\"@type\":\"Organization\",\"@id\":\"https:\/\/www.praktivak.be\/fr\/#organization\",\"name\":\"Praktivak\",\"url\":\"https:\/\/www.praktivak.be\/fr\/\",\"logo\":{\"@type\":\"ImageObject\",\"inLanguage\":\"fr-FR\",\"@id\":\"https:\/\/www.praktivak.be\/fr\/#\/schema\/logo\/image\/\",\"url\":\"https:\/\/www.praktivak.be\/wp-content\/uploads\/2024\/09\/Logo.png\",\"contentUrl\":\"https:\/\/www.praktivak.be\/wp-content\/uploads\/2024\/09\/Logo.png\",\"width\":1774,\"height\":337,\"caption\":\"Praktivak\"},\"image\":{\"@id\":\"https:\/\/www.praktivak.be\/fr\/#\/schema\/logo\/image\/\"}}]}<\/script>\n<!-- \/ Yoast SEO plugin. -->","yoast_head_json":{"title":"Lycon Wax Kit 2: visage, aisselles, ligne du bikini, heater inclus - Praktivak","robots":{"index":"index","follow":"follow","max-snippet":"max-snippet:-1","max-image-preview":"max-image-preview:large","max-video-preview":"max-video-preview:-1"},"canonical":"https:\/\/www.praktivak.be\/fr\/produit\/lycon-wax-kit-2-visage-aisselles-ligne-du-bikini-heater-inclus\/","og_locale":"fr_FR","og_type":"article","og_title":"Lycon Wax Kit 2: visage, aisselles, ligne du bikini, heater inclus - Praktivak","og_description":"KIT CIRE 2 &ndash; visage- aisselles-maillot &ndash; LYCON Visage, aisselles et maillot ! Un kit de d&eacute;marrage professionnel pratique pour l&rsquo;&eacute;pilation du visage, des aisselles, du maillot et l&rsquo;&eacute;pilation br&eacute;silienne. Tout ce dont vous avez besoin pour un r&eacute;sultat parfait dans 1 kit d&rsquo;&eacute;pilation professionnel. Un r&eacute;sultat 100% doux et sans poils avec la cire &hellip; Continuer la lecture \"Lycon Wax Kit 2: visage, aisselles, ligne du bikini, heater inclus\"","og_url":"https:\/\/www.praktivak.be\/fr\/produit\/lycon-wax-kit-2-visage-aisselles-ligne-du-bikini-heater-inclus\/","og_site_name":"Praktivak","article_modified_time":"2026-02-01T02:02:13+00:00","og_image":[{"width":700,"height":700,"url":"https:\/\/www.praktivak.be\/wp-content\/uploads\/2025\/09\/KIT-2-2.png","type":"image\/png"}],"twitter_card":"summary_large_image","twitter_misc":{"Dur\u00e9e de lecture estim\u00e9e":"2 minutes"},"schema":{"@context":"https:\/\/schema.org","@graph":[{"@type":"WebPage","@id":"https:\/\/www.praktivak.be\/fr\/produit\/lycon-wax-kit-2-visage-aisselles-ligne-du-bikini-heater-inclus\/","url":"https:\/\/www.praktivak.be\/fr\/produit\/lycon-wax-kit-2-visage-aisselles-ligne-du-bikini-heater-inclus\/","name":"Lycon Wax Kit 2: visage, aisselles, ligne du bikini, heater inclus - Praktivak","isPartOf":{"@id":"https:\/\/www.praktivak.be\/fr\/#website"},"primaryImageOfPage":{"@id":"https:\/\/www.praktivak.be\/fr\/produit\/lycon-wax-kit-2-visage-aisselles-ligne-du-bikini-heater-inclus\/#primaryimage"},"image":{"@id":"https:\/\/www.praktivak.be\/fr\/produit\/lycon-wax-kit-2-visage-aisselles-ligne-du-bikini-heater-inclus\/#primaryimage"},"thumbnailUrl":"https:\/\/www.praktivak.be\/wp-content\/uploads\/2025\/09\/KIT-2-2.png","datePublished":"2025-08-14T15:40:50+00:00","dateModified":"2026-02-01T02:02:13+00:00","breadcrumb":{"@id":"https:\/\/www.praktivak.be\/fr\/produit\/lycon-wax-kit-2-visage-aisselles-ligne-du-bikini-heater-inclus\/#breadcrumb"},"inLanguage":"fr-FR","potentialAction":[{"@type":"ReadAction","target":["https:\/\/www.praktivak.be\/fr\/produit\/lycon-wax-kit-2-visage-aisselles-ligne-du-bikini-heater-inclus\/"]}]},{"@type":"ImageObject","inLanguage":"fr-FR","@id":"https:\/\/www.praktivak.be\/fr\/produit\/lycon-wax-kit-2-visage-aisselles-ligne-du-bikini-heater-inclus\/#primaryimage","url":"https:\/\/www.praktivak.be\/wp-content\/uploads\/2025\/09\/KIT-2-2.png","contentUrl":"https:\/\/www.praktivak.be\/wp-content\/uploads\/2025\/09\/KIT-2-2.png","width":700,"height":700},{"@type":"BreadcrumbList","@id":"https:\/\/www.praktivak.be\/fr\/produit\/lycon-wax-kit-2-visage-aisselles-ligne-du-bikini-heater-inclus\/#breadcrumb","itemListElement":[{"@type":"ListItem","position":1,"name":"Home","item":"https:\/\/www.praktivak.be\/fr\/"},{"@type":"ListItem","position":2,"name":"Boutique","item":"https:\/\/www.praktivak.be\/fr\/boutique\/"},{"@type":"ListItem","position":3,"name":"Lycon Wax Kit 2: visage, aisselles, ligne du bikini, heater inclus"}]},{"@type":"WebSite","@id":"https:\/\/www.praktivak.be\/fr\/#website","url":"https:\/\/www.praktivak.be\/fr\/","name":"Praktivak","description":"","publisher":{"@id":"https:\/\/www.praktivak.be\/fr\/#organization"},"potentialAction":[{"@type":"SearchAction","target":{"@type":"EntryPoint","urlTemplate":"https:\/\/www.praktivak.be\/fr\/?s={search_term_string}"},"query-input":{"@type":"PropertyValueSpecification","valueRequired":true,"valueName":"search_term_string"}}],"inLanguage":"fr-FR"},{"@type":"Organization","@id":"https:\/\/www.praktivak.be\/fr\/#organization","name":"Praktivak","url":"https:\/\/www.praktivak.be\/fr\/","logo":{"@type":"ImageObject","inLanguage":"fr-FR","@id":"https:\/\/www.praktivak.be\/fr\/#\/schema\/logo\/image\/","url":"https:\/\/www.praktivak.be\/wp-content\/uploads\/2024\/09\/Logo.png","contentUrl":"https:\/\/www.praktivak.be\/wp-content\/uploads\/2024\/09\/Logo.png","width":1774,"height":337,"caption":"Praktivak"},"image":{"@id":"https:\/\/www.praktivak.be\/fr\/#\/schema\/logo\/image\/"}}]}},"featured_img":"https:\/\/www.praktivak.be\/wp-content\/uploads\/2025\/09\/KIT-2-2.png","coauthors":[],"author_meta":{"author_link":"https:\/\/www.praktivak.be\/fr\/author\/madeit\/","display_name":"Tjebbe Lievens"},"relative_dates":{"created":"Publi\u00e9 8 mois il y a","modified":"Mis \u00e0 jour 2 mois il y a"},"absolute_dates":{"created":"Publi\u00e9 le 14 ao\u00fbt 2025","modified":"Mise \u00e0 jour le 1 f\u00e9vrier 2026"},"absolute_dates_time":{"created":"Publi\u00e9 le 14 ao\u00fbt 2025 17h40","modified":"Mise \u00e0 jour le 1 f\u00e9vrier 2026 3h02"},"featured_img_caption":"","tax_additional":{"product_brand":{"linked":[],"unlinked":[],"slug":"product_brand","name":"Marques"},"product_type":{"linked":["<a href=\"https:\/\/www.praktivak.be\/fr\/?taxonomy=product_type&#038;term=simple\" class=\"advgb-post-tax-term\">simple<\/a>"],"unlinked":["<span class=\"advgb-post-tax-term\">simple<\/span>"],"slug":"product_type","name":"Type de produit"},"product_visibility":{"linked":[],"unlinked":[],"slug":"product_visibility","name":"Visibilit\u00e9 du produit"},"product_cat":{"linked":["<a href=\"https:\/\/www.praktivak.be\/fr\/categorie-de-produit\/ontharing-fr\/lycon-fr\/waxing-kits-fr\/\" class=\"advgb-post-tax-term\">Waxing kits<\/a>"],"unlinked":["<span class=\"advgb-post-tax-term\">Waxing kits<\/span>"],"slug":"product_cat","name":"Cat\u00e9gories de produits"},"product_tag":{"linked":[],"unlinked":[],"slug":"product_tag","name":"\u00c9tiquettes produit"},"product_shipping_class":{"linked":[],"unlinked":[],"slug":"product_shipping_class","name":"Classe d\u2019exp\u00e9dition du produit"},"pos_product_visibility":{"linked":[],"unlinked":[],"slug":"pos_product_visibility","name":"Visibilit\u00e9 du produit sur le point de vente"},"translation_priority":{"linked":[],"unlinked":[],"slug":"translation_priority","name":"Priorit\u00e9s de traduction"}},"series_order":"","_links":{"self":[{"href":"https:\/\/www.praktivak.be\/fr\/wp-json\/wp\/v2\/product\/159591","targetHints":{"allow":["GET"]}}],"collection":[{"href":"https:\/\/www.praktivak.be\/fr\/wp-json\/wp\/v2\/product"}],"about":[{"href":"https:\/\/www.praktivak.be\/fr\/wp-json\/wp\/v2\/types\/product"}],"version-history":[{"count":94,"href":"https:\/\/www.praktivak.be\/fr\/wp-json\/wp\/v2\/product\/159591\/revisions"}],"predecessor-version":[{"id":326083,"href":"https:\/\/www.praktivak.be\/fr\/wp-json\/wp\/v2\/product\/159591\/revisions\/326083"}],"wp:featuredmedia":[{"embeddable":true,"href":"https:\/\/www.praktivak.be\/fr\/wp-json\/wp\/v2\/media\/297248"}],"wp:attachment":[{"href":"https:\/\/www.praktivak.be\/fr\/wp-json\/wp\/v2\/media?parent=159591"}],"wp:term":[{"taxonomy":"product_brand","embeddable":true,"href":"https:\/\/www.praktivak.be\/fr\/wp-json\/wp\/v2\/product_brand?post=159591"},{"taxonomy":"product_cat","embeddable":true,"href":"https:\/\/www.praktivak.be\/fr\/wp-json\/wp\/v2\/product_cat?post=159591"},{"taxonomy":"product_tag","embeddable":true,"href":"https:\/\/www.praktivak.be\/fr\/wp-json\/wp\/v2\/product_tag?post=159591"}],"curies":[{"name":"wp","href":"https:\/\/api.w.org\/{rel}","templated":true}]}}