

{"id":159585,"date":"2025-08-14T17:40:36","date_gmt":"2025-08-14T15:40:36","guid":{"rendered":"https:\/\/www.praktivak.be\/product\/lycon-wax-kit-i-beads-incl-heater\/"},"modified":"2026-02-12T12:39:53","modified_gmt":"2026-02-12T11:39:53","slug":"lycon-wax-kit-1-beads-incl-heater","status":"publish","type":"product","link":"https:\/\/www.praktivak.be\/fr\/produit\/lycon-wax-kit-1-beads-incl-heater\/","title":{"rendered":"Lycon Wax Kit 1: beads incl. heater"},"content":{"rendered":"\n<p>\nKIT CIRE 1 &ndash; GALETS (chauffage inclus) &ndash; Lycon<\/p>\n<p>\nDes pastilles de cire !<\/p>\n<p>\nKit de cire pratique ! Elles contiennent les m&ecirc;mes ingr&eacute;dients familiers que les blocs d&rsquo;un kilo. Facile &agrave; doser ! Tr&egrave;s efficace &agrave; utiliser, basses temp&eacute;ratures, facile &agrave; appliquer et &agrave; retirer sans bandes d&rsquo;&eacute;pilation. Choisissez la cire chaude pour les poils nombreux et raides ou le grain de cire LycoJet pour les poils fins et duveteux. Convient pour le visage, les aisselles, le maillot et l&rsquo;&eacute;pilation br&eacute;silienne.<\/p>\n\n<p>\nLes perles que vous attendez&hellip; avec l&rsquo;excellente formule LYCON ! <\/p>\n\n<p>\nCONTENU :<\/p>\n\n<p>\n1 x Chauffe-cire num&eacute;rique (500gr)<\/p>\n<p>\n1 x cire chaude BEADS Lycojet Lavande 800gr ou 1 x cire chaude BEADS Rosette,<\/p>\n<p>\n1 x Lycotane nettoyant pour la peau 500ml <\/p>\n<p>\n1 x Huile pr&eacute;-cirante 500ml<\/p>\n<p>\n1 x Post-traitement au choix<\/p>\n<p>\n1 x spatules ordinaires (100 pi&egrave;ces)<\/p>\n<p>\n1 x Spatules pour le visage (100 pi&egrave;ces)<\/p>\n\n<p>\nMode d&rsquo;emploi : <\/p>\n\n<p>\n1.nettoyer la peau avec le nettoyant LYCOTANE.<\/p>\n<p>\n2. masser la peau &agrave; traiter avec un peu d&rsquo;huile pr&eacute;-&eacute;pilation. L&rsquo;huile permet &agrave; la cire de n&rsquo;attirer que les poils et non la peau elle-m&ecirc;me, ce qui rend le traitement confortable et pratiquement indolore pour le client.<\/p>\n<p>\nAppliquez la cire sur la peau par sections avec le c&ocirc;t&eacute; arrondi de la spatule, CONTRE le sens de la pousse des poils.<\/p>\n<p>\nRetirez la cire d&rsquo;un mouvement rapide dans le sens contraire de la pousse des poils.<\/p>\n<p>\nNettoyez la peau avec le LYCOTANE Skin Cleanser, qui referme les pores.<\/p>\n<p>\n6. enfin, massez la peau avec la Cr&egrave;me Apaisante, le Tea Tree Sooth, la Lotion de Finition ou le Gel d&rsquo;Aloe Vera.<\/p>\n\n","protected":false},"excerpt":{"rendered":"<p>KIT CIRE 1 &ndash; GALETS (chauffage inclus) &ndash; Lycon Des pastilles de cire ! Kit de cire pratique ! Elles contiennent les m&ecirc;mes ingr&eacute;dients familiers que les blocs d&rsquo;un kilo. Facile &agrave; doser ! Tr&egrave;s efficace &agrave; utiliser, basses temp&eacute;ratures, facile &agrave; appliquer et &agrave; retirer sans bandes d&rsquo;&eacute;pilation. Choisissez la cire chaude pour les &hellip; <\/p>\n<p class=\"link-more\"><a href=\"https:\/\/www.praktivak.be\/fr\/produit\/lycon-wax-kit-1-beads-incl-heater\/\" class=\"more-link\">Continuer la lecture<span class=\"screen-reader-text\"> \u00ab\u00a0Lycon Wax Kit 1: beads incl. heater\u00a0\u00bb<\/span><\/a><\/p>\n","protected":false},"author":1,"featured_media":346257,"template":"","meta":{"_acf_changed":false,"_relevanssi_hide_post":"","_relevanssi_hide_content":"","_relevanssi_pin_for_all":"","_relevanssi_pin_keywords":"","_relevanssi_unpin_keywords":"","_relevanssi_related_keywords":"","_relevanssi_related_include_ids":"","_relevanssi_related_exclude_ids":"","_relevanssi_related_no_append":"","_relevanssi_related_not_related":"","_relevanssi_related_posts":"","_relevanssi_noindex_reason":"","advgb_blocks_editor_width":"","advgb_blocks_columns_visual_guide":"","footnotes":""},"product_brand":[],"product_cat":[2073],"product_tag":[],"class_list":{"0":"post-159585","1":"product","2":"type-product","3":"status-publish","4":"has-post-thumbnail","6":"product_cat-waxing-kits-fr","8":"first","9":"instock","10":"taxable","11":"shipping-taxable","12":"product-type-simple"},"acf":[],"yoast_head":"<!-- This site is optimized with the Yoast SEO plugin v27.2 - https:\/\/yoast.com\/product\/yoast-seo-wordpress\/ -->\n<title>Lycon Wax Kit 1: beads incl. heater - Praktivak<\/title>\n<meta name=\"robots\" content=\"index, follow, max-snippet:-1, max-image-preview:large, max-video-preview:-1\" \/>\n<link rel=\"canonical\" href=\"https:\/\/www.praktivak.be\/fr\/produit\/lycon-wax-kit-1-beads-incl-heater\/\" \/>\n<meta property=\"og:locale\" content=\"fr_FR\" \/>\n<meta property=\"og:type\" content=\"article\" \/>\n<meta property=\"og:title\" content=\"Lycon Wax Kit 1: beads incl. heater - Praktivak\" \/>\n<meta property=\"og:description\" content=\"KIT CIRE 1 &ndash; GALETS (chauffage inclus) &ndash; Lycon Des pastilles de cire ! Kit de cire pratique ! Elles contiennent les m&ecirc;mes ingr&eacute;dients familiers que les blocs d&rsquo;un kilo. Facile &agrave; doser ! Tr&egrave;s efficace &agrave; utiliser, basses temp&eacute;ratures, facile &agrave; appliquer et &agrave; retirer sans bandes d&rsquo;&eacute;pilation. Choisissez la cire chaude pour les &hellip; Continuer la lecture &quot;Lycon Wax Kit 1: beads incl. heater&quot;\" \/>\n<meta property=\"og:url\" content=\"https:\/\/www.praktivak.be\/fr\/produit\/lycon-wax-kit-1-beads-incl-heater\/\" \/>\n<meta property=\"og:site_name\" content=\"Praktivak\" \/>\n<meta property=\"article:modified_time\" content=\"2026-02-12T11:39:53+00:00\" \/>\n<meta property=\"og:image\" content=\"https:\/\/www.praktivak.be\/wp-content\/uploads\/2026\/02\/KIT-1.webp\" \/>\n\t<meta property=\"og:image:width\" content=\"1080\" \/>\n\t<meta property=\"og:image:height\" content=\"1080\" \/>\n\t<meta property=\"og:image:type\" content=\"image\/webp\" \/>\n<meta name=\"twitter:card\" content=\"summary_large_image\" \/>\n<meta name=\"twitter:label1\" content=\"Dur\u00e9e de lecture estim\u00e9e\" \/>\n\t<meta name=\"twitter:data1\" content=\"1 minute\" \/>\n<script type=\"application\/ld+json\" class=\"yoast-schema-graph\">{\"@context\":\"https:\/\/schema.org\",\"@graph\":[{\"@type\":\"WebPage\",\"@id\":\"https:\/\/www.praktivak.be\/fr\/produit\/lycon-wax-kit-1-beads-incl-heater\/\",\"url\":\"https:\/\/www.praktivak.be\/fr\/produit\/lycon-wax-kit-1-beads-incl-heater\/\",\"name\":\"Lycon Wax Kit 1: beads incl. heater - Praktivak\",\"isPartOf\":{\"@id\":\"https:\/\/www.praktivak.be\/fr\/#website\"},\"primaryImageOfPage\":{\"@id\":\"https:\/\/www.praktivak.be\/fr\/produit\/lycon-wax-kit-1-beads-incl-heater\/#primaryimage\"},\"image\":{\"@id\":\"https:\/\/www.praktivak.be\/fr\/produit\/lycon-wax-kit-1-beads-incl-heater\/#primaryimage\"},\"thumbnailUrl\":\"https:\/\/www.praktivak.be\/wp-content\/uploads\/2026\/02\/KIT-1.webp\",\"datePublished\":\"2025-08-14T15:40:36+00:00\",\"dateModified\":\"2026-02-12T11:39:53+00:00\",\"breadcrumb\":{\"@id\":\"https:\/\/www.praktivak.be\/fr\/produit\/lycon-wax-kit-1-beads-incl-heater\/#breadcrumb\"},\"inLanguage\":\"fr-FR\",\"potentialAction\":[{\"@type\":\"ReadAction\",\"target\":[\"https:\/\/www.praktivak.be\/fr\/produit\/lycon-wax-kit-1-beads-incl-heater\/\"]}]},{\"@type\":\"ImageObject\",\"inLanguage\":\"fr-FR\",\"@id\":\"https:\/\/www.praktivak.be\/fr\/produit\/lycon-wax-kit-1-beads-incl-heater\/#primaryimage\",\"url\":\"https:\/\/www.praktivak.be\/wp-content\/uploads\/2026\/02\/KIT-1.webp\",\"contentUrl\":\"https:\/\/www.praktivak.be\/wp-content\/uploads\/2026\/02\/KIT-1.webp\",\"width\":1080,\"height\":1080,\"caption\":\"LYCON WAX KIT I: beads incl. heater\"},{\"@type\":\"BreadcrumbList\",\"@id\":\"https:\/\/www.praktivak.be\/fr\/produit\/lycon-wax-kit-1-beads-incl-heater\/#breadcrumb\",\"itemListElement\":[{\"@type\":\"ListItem\",\"position\":1,\"name\":\"Home\",\"item\":\"https:\/\/www.praktivak.be\/fr\/\"},{\"@type\":\"ListItem\",\"position\":2,\"name\":\"Boutique\",\"item\":\"https:\/\/www.praktivak.be\/fr\/boutique\/\"},{\"@type\":\"ListItem\",\"position\":3,\"name\":\"Lycon Wax Kit 1: beads incl. heater\"}]},{\"@type\":\"WebSite\",\"@id\":\"https:\/\/www.praktivak.be\/fr\/#website\",\"url\":\"https:\/\/www.praktivak.be\/fr\/\",\"name\":\"Praktivak\",\"description\":\"\",\"publisher\":{\"@id\":\"https:\/\/www.praktivak.be\/fr\/#organization\"},\"potentialAction\":[{\"@type\":\"SearchAction\",\"target\":{\"@type\":\"EntryPoint\",\"urlTemplate\":\"https:\/\/www.praktivak.be\/fr\/?s={search_term_string}\"},\"query-input\":{\"@type\":\"PropertyValueSpecification\",\"valueRequired\":true,\"valueName\":\"search_term_string\"}}],\"inLanguage\":\"fr-FR\"},{\"@type\":\"Organization\",\"@id\":\"https:\/\/www.praktivak.be\/fr\/#organization\",\"name\":\"Praktivak\",\"url\":\"https:\/\/www.praktivak.be\/fr\/\",\"logo\":{\"@type\":\"ImageObject\",\"inLanguage\":\"fr-FR\",\"@id\":\"https:\/\/www.praktivak.be\/fr\/#\/schema\/logo\/image\/\",\"url\":\"https:\/\/www.praktivak.be\/wp-content\/uploads\/2024\/09\/Logo.png\",\"contentUrl\":\"https:\/\/www.praktivak.be\/wp-content\/uploads\/2024\/09\/Logo.png\",\"width\":1774,\"height\":337,\"caption\":\"Praktivak\"},\"image\":{\"@id\":\"https:\/\/www.praktivak.be\/fr\/#\/schema\/logo\/image\/\"}}]}<\/script>\n<!-- \/ Yoast SEO plugin. -->","yoast_head_json":{"title":"Lycon Wax Kit 1: beads incl. heater - Praktivak","robots":{"index":"index","follow":"follow","max-snippet":"max-snippet:-1","max-image-preview":"max-image-preview:large","max-video-preview":"max-video-preview:-1"},"canonical":"https:\/\/www.praktivak.be\/fr\/produit\/lycon-wax-kit-1-beads-incl-heater\/","og_locale":"fr_FR","og_type":"article","og_title":"Lycon Wax Kit 1: beads incl. heater - Praktivak","og_description":"KIT CIRE 1 &ndash; GALETS (chauffage inclus) &ndash; Lycon Des pastilles de cire ! Kit de cire pratique ! Elles contiennent les m&ecirc;mes ingr&eacute;dients familiers que les blocs d&rsquo;un kilo. Facile &agrave; doser ! Tr&egrave;s efficace &agrave; utiliser, basses temp&eacute;ratures, facile &agrave; appliquer et &agrave; retirer sans bandes d&rsquo;&eacute;pilation. Choisissez la cire chaude pour les &hellip; Continuer la lecture \"Lycon Wax Kit 1: beads incl. heater\"","og_url":"https:\/\/www.praktivak.be\/fr\/produit\/lycon-wax-kit-1-beads-incl-heater\/","og_site_name":"Praktivak","article_modified_time":"2026-02-12T11:39:53+00:00","og_image":[{"width":1080,"height":1080,"url":"https:\/\/www.praktivak.be\/wp-content\/uploads\/2026\/02\/KIT-1.webp","type":"image\/webp"}],"twitter_card":"summary_large_image","twitter_misc":{"Dur\u00e9e de lecture estim\u00e9e":"1 minute"},"schema":{"@context":"https:\/\/schema.org","@graph":[{"@type":"WebPage","@id":"https:\/\/www.praktivak.be\/fr\/produit\/lycon-wax-kit-1-beads-incl-heater\/","url":"https:\/\/www.praktivak.be\/fr\/produit\/lycon-wax-kit-1-beads-incl-heater\/","name":"Lycon Wax Kit 1: beads incl. heater - Praktivak","isPartOf":{"@id":"https:\/\/www.praktivak.be\/fr\/#website"},"primaryImageOfPage":{"@id":"https:\/\/www.praktivak.be\/fr\/produit\/lycon-wax-kit-1-beads-incl-heater\/#primaryimage"},"image":{"@id":"https:\/\/www.praktivak.be\/fr\/produit\/lycon-wax-kit-1-beads-incl-heater\/#primaryimage"},"thumbnailUrl":"https:\/\/www.praktivak.be\/wp-content\/uploads\/2026\/02\/KIT-1.webp","datePublished":"2025-08-14T15:40:36+00:00","dateModified":"2026-02-12T11:39:53+00:00","breadcrumb":{"@id":"https:\/\/www.praktivak.be\/fr\/produit\/lycon-wax-kit-1-beads-incl-heater\/#breadcrumb"},"inLanguage":"fr-FR","potentialAction":[{"@type":"ReadAction","target":["https:\/\/www.praktivak.be\/fr\/produit\/lycon-wax-kit-1-beads-incl-heater\/"]}]},{"@type":"ImageObject","inLanguage":"fr-FR","@id":"https:\/\/www.praktivak.be\/fr\/produit\/lycon-wax-kit-1-beads-incl-heater\/#primaryimage","url":"https:\/\/www.praktivak.be\/wp-content\/uploads\/2026\/02\/KIT-1.webp","contentUrl":"https:\/\/www.praktivak.be\/wp-content\/uploads\/2026\/02\/KIT-1.webp","width":1080,"height":1080,"caption":"LYCON WAX KIT I: beads incl. heater"},{"@type":"BreadcrumbList","@id":"https:\/\/www.praktivak.be\/fr\/produit\/lycon-wax-kit-1-beads-incl-heater\/#breadcrumb","itemListElement":[{"@type":"ListItem","position":1,"name":"Home","item":"https:\/\/www.praktivak.be\/fr\/"},{"@type":"ListItem","position":2,"name":"Boutique","item":"https:\/\/www.praktivak.be\/fr\/boutique\/"},{"@type":"ListItem","position":3,"name":"Lycon Wax Kit 1: beads incl. heater"}]},{"@type":"WebSite","@id":"https:\/\/www.praktivak.be\/fr\/#website","url":"https:\/\/www.praktivak.be\/fr\/","name":"Praktivak","description":"","publisher":{"@id":"https:\/\/www.praktivak.be\/fr\/#organization"},"potentialAction":[{"@type":"SearchAction","target":{"@type":"EntryPoint","urlTemplate":"https:\/\/www.praktivak.be\/fr\/?s={search_term_string}"},"query-input":{"@type":"PropertyValueSpecification","valueRequired":true,"valueName":"search_term_string"}}],"inLanguage":"fr-FR"},{"@type":"Organization","@id":"https:\/\/www.praktivak.be\/fr\/#organization","name":"Praktivak","url":"https:\/\/www.praktivak.be\/fr\/","logo":{"@type":"ImageObject","inLanguage":"fr-FR","@id":"https:\/\/www.praktivak.be\/fr\/#\/schema\/logo\/image\/","url":"https:\/\/www.praktivak.be\/wp-content\/uploads\/2024\/09\/Logo.png","contentUrl":"https:\/\/www.praktivak.be\/wp-content\/uploads\/2024\/09\/Logo.png","width":1774,"height":337,"caption":"Praktivak"},"image":{"@id":"https:\/\/www.praktivak.be\/fr\/#\/schema\/logo\/image\/"}}]}},"featured_img":"https:\/\/www.praktivak.be\/wp-content\/uploads\/2026\/02\/KIT-1.webp","coauthors":[],"author_meta":{"author_link":"https:\/\/www.praktivak.be\/fr\/author\/madeit\/","display_name":"Tjebbe Lievens"},"relative_dates":{"created":"Publi\u00e9 8 mois il y a","modified":"Mis \u00e0 jour 2 mois il y a"},"absolute_dates":{"created":"Publi\u00e9 le 14 ao\u00fbt 2025","modified":"Mise \u00e0 jour le 12 f\u00e9vrier 2026"},"absolute_dates_time":{"created":"Publi\u00e9 le 14 ao\u00fbt 2025 17h40","modified":"Mise \u00e0 jour le 12 f\u00e9vrier 2026 12h39"},"featured_img_caption":"","tax_additional":{"product_brand":{"linked":[],"unlinked":[],"slug":"product_brand","name":"Marques"},"product_type":{"linked":["<a href=\"https:\/\/www.praktivak.be\/fr\/?taxonomy=product_type&#038;term=simple\" class=\"advgb-post-tax-term\">simple<\/a>"],"unlinked":["<span class=\"advgb-post-tax-term\">simple<\/span>"],"slug":"product_type","name":"Type de produit"},"product_visibility":{"linked":[],"unlinked":[],"slug":"product_visibility","name":"Visibilit\u00e9 du produit"},"product_cat":{"linked":["<a href=\"https:\/\/www.praktivak.be\/fr\/categorie-de-produit\/ontharing-fr\/lycon-fr\/waxing-kits-fr\/\" class=\"advgb-post-tax-term\">Waxing kits<\/a>"],"unlinked":["<span class=\"advgb-post-tax-term\">Waxing kits<\/span>"],"slug":"product_cat","name":"Cat\u00e9gories de produits"},"product_tag":{"linked":[],"unlinked":[],"slug":"product_tag","name":"\u00c9tiquettes produit"},"product_shipping_class":{"linked":[],"unlinked":[],"slug":"product_shipping_class","name":"Classe d\u2019exp\u00e9dition du produit"},"pos_product_visibility":{"linked":[],"unlinked":[],"slug":"pos_product_visibility","name":"Visibilit\u00e9 du produit sur le point de vente"},"translation_priority":{"linked":[],"unlinked":[],"slug":"translation_priority","name":"Priorit\u00e9s de traduction"}},"series_order":"","_links":{"self":[{"href":"https:\/\/www.praktivak.be\/fr\/wp-json\/wp\/v2\/product\/159585","targetHints":{"allow":["GET"]}}],"collection":[{"href":"https:\/\/www.praktivak.be\/fr\/wp-json\/wp\/v2\/product"}],"about":[{"href":"https:\/\/www.praktivak.be\/fr\/wp-json\/wp\/v2\/types\/product"}],"version-history":[{"count":110,"href":"https:\/\/www.praktivak.be\/fr\/wp-json\/wp\/v2\/product\/159585\/revisions"}],"predecessor-version":[{"id":346266,"href":"https:\/\/www.praktivak.be\/fr\/wp-json\/wp\/v2\/product\/159585\/revisions\/346266"}],"wp:featuredmedia":[{"embeddable":true,"href":"https:\/\/www.praktivak.be\/fr\/wp-json\/wp\/v2\/media\/346257"}],"wp:attachment":[{"href":"https:\/\/www.praktivak.be\/fr\/wp-json\/wp\/v2\/media?parent=159585"}],"wp:term":[{"taxonomy":"product_brand","embeddable":true,"href":"https:\/\/www.praktivak.be\/fr\/wp-json\/wp\/v2\/product_brand?post=159585"},{"taxonomy":"product_cat","embeddable":true,"href":"https:\/\/www.praktivak.be\/fr\/wp-json\/wp\/v2\/product_cat?post=159585"},{"taxonomy":"product_tag","embeddable":true,"href":"https:\/\/www.praktivak.be\/fr\/wp-json\/wp\/v2\/product_tag?post=159585"}],"curies":[{"name":"wp","href":"https:\/\/api.w.org\/{rel}","templated":true}]}}