

{"id":157174,"date":"2025-08-14T16:54:16","date_gmt":"2025-08-14T14:54:16","guid":{"rendered":"https:\/\/www.praktivak.be\/product\/lcn-nagellak-beige-8ml\/"},"modified":"2026-02-01T03:01:07","modified_gmt":"2026-02-01T02:01:07","slug":"vernis-a-ongles-lcn-beige-8ml","status":"publish","type":"product","link":"https:\/\/www.praktivak.be\/fr\/produit\/vernis-a-ongles-lcn-beige-8ml\/","title":{"rendered":"Vernis \u00e0 ongles LCN \u00ab\u00a0Beige\u00a0\u00bb, 8ml"},"content":{"rendered":"\n<p>\nLa formule high-tech innovante du vernis &agrave; ongles LCN garantit des r&eacute;sultats de couleur brillants avec des reflets miroir ultra-brillants et convainc par un s&eacute;chage rapide, une couverture intensive et une couche de couleur uniforme et sans trace.<\/p>\n\n\n<p>\nAvantages du vernis &agrave; ongles LCN :<\/p>\n\n<p>\n&ndash; application uniforme et sans trace de la couleur gr&acirc;ce &agrave; la nouvelle brosse de pr&eacute;cision professionnelle<\/p>\n\n<p>\n&ndash; couverture intens&eacute;ment lumineuse<\/p>\n\n<p>\n&ndash; r&eacute;flexe miroir ultra-brillant<\/p>\n\n<p>\n&ndash; non jaunissant<\/p>\n\n<p>\n&ndash; extr&ecirc;mement durable<\/p>\n\n<p>\n&ndash; des r&eacute;sultats de couleur brillants<\/p>\n\n<p>\n&ndash; sans parab&egrave;ne<\/p>\n\n<p>\n&ndash; libre de TPHP, FORMALD&Eacute;HYDE, LIB&Eacute;RATEURS DE FORMALD&Eacute;HYDE, TOLU&Egrave;NE, BHT (HYDROXYTOLUOL), DBP, CAMPHRE<\/p>\n\n<p>\n&ndash; v&eacute;g&eacute;talien<\/p>\n\n\n<p>\nApplication : aAppliquez une fine couche de LCN Diamond Power, deux fines couches de vernis &agrave; ongles LCN de votre choix et scellez avec le LCN Top Coat Flash Dry&amp;Shine. Vous obtiendrez ainsi un look professionnel parfait !<\/p>\n\n","protected":false},"excerpt":{"rendered":"<p>La formule high-tech innovante du vernis &agrave; ongles LCN garantit des r&eacute;sultats de couleur brillants avec des reflets miroir ultra-brillants et convainc par un s&eacute;chage rapide, une couverture intensive et une couche de couleur uniforme et sans trace. Avantages du vernis &agrave; ongles LCN : &ndash; application uniforme et sans trace de la couleur gr&acirc;ce &hellip; <\/p>\n<p class=\"link-more\"><a href=\"https:\/\/www.praktivak.be\/fr\/produit\/vernis-a-ongles-lcn-beige-8ml\/\" class=\"more-link\">Continuer la lecture<span class=\"screen-reader-text\"> \u00ab\u00a0Vernis \u00e0 ongles LCN \u00ab\u00a0Beige\u00a0\u00bb, 8ml\u00a0\u00bb<\/span><\/a><\/p>\n","protected":false},"author":1,"featured_media":296990,"template":"","meta":{"_acf_changed":false,"_relevanssi_hide_post":"","_relevanssi_hide_content":"","_relevanssi_pin_for_all":"","_relevanssi_pin_keywords":"","_relevanssi_unpin_keywords":"","_relevanssi_related_keywords":"","_relevanssi_related_include_ids":"","_relevanssi_related_exclude_ids":"","_relevanssi_related_no_append":"","_relevanssi_related_not_related":"","_relevanssi_related_posts":"","_relevanssi_noindex_reason":"","advgb_blocks_editor_width":"","advgb_blocks_columns_visual_guide":"","footnotes":""},"product_brand":[],"product_cat":[2049],"product_tag":[],"class_list":{"0":"post-157174","1":"product","2":"type-product","3":"status-publish","4":"has-post-thumbnail","6":"product_cat-nagellak-manicure-2-fr","8":"first","9":"instock","10":"taxable","11":"shipping-taxable","12":"product-type-simple"},"acf":[],"yoast_head":"<!-- This site is optimized with the Yoast SEO plugin v27.2 - https:\/\/yoast.com\/product\/yoast-seo-wordpress\/ -->\n<title>Vernis \u00e0 ongles LCN &quot;Beige&quot;, 8ml - Praktivak<\/title>\n<meta name=\"robots\" content=\"index, follow, max-snippet:-1, max-image-preview:large, max-video-preview:-1\" \/>\n<link rel=\"canonical\" href=\"https:\/\/www.praktivak.be\/fr\/produit\/vernis-a-ongles-lcn-beige-8ml\/\" \/>\n<meta property=\"og:locale\" content=\"fr_FR\" \/>\n<meta property=\"og:type\" content=\"article\" \/>\n<meta property=\"og:title\" content=\"Vernis \u00e0 ongles LCN &quot;Beige&quot;, 8ml - Praktivak\" \/>\n<meta property=\"og:description\" content=\"La formule high-tech innovante du vernis &agrave; ongles LCN garantit des r&eacute;sultats de couleur brillants avec des reflets miroir ultra-brillants et convainc par un s&eacute;chage rapide, une couverture intensive et une couche de couleur uniforme et sans trace. Avantages du vernis &agrave; ongles LCN : &ndash; application uniforme et sans trace de la couleur gr&acirc;ce &hellip; Continuer la lecture &quot;Vernis \u00e0 ongles LCN \u00ab\u00a0Beige\u00a0\u00bb, 8ml&quot;\" \/>\n<meta property=\"og:url\" content=\"https:\/\/www.praktivak.be\/fr\/produit\/vernis-a-ongles-lcn-beige-8ml\/\" \/>\n<meta property=\"og:site_name\" content=\"Praktivak\" \/>\n<meta property=\"article:modified_time\" content=\"2026-02-01T02:01:07+00:00\" \/>\n<meta property=\"og:image\" content=\"https:\/\/www.praktivak.be\/wp-content\/uploads\/2025\/09\/LCN43179-443M-2.jpg\" \/>\n\t<meta property=\"og:image:width\" content=\"553\" \/>\n\t<meta property=\"og:image:height\" content=\"553\" \/>\n\t<meta property=\"og:image:type\" content=\"image\/jpeg\" \/>\n<meta name=\"twitter:card\" content=\"summary_large_image\" \/>\n<meta name=\"twitter:label1\" content=\"Dur\u00e9e de lecture estim\u00e9e\" \/>\n\t<meta name=\"twitter:data1\" content=\"1 minute\" \/>\n<script type=\"application\/ld+json\" class=\"yoast-schema-graph\">{\"@context\":\"https:\/\/schema.org\",\"@graph\":[{\"@type\":\"WebPage\",\"@id\":\"https:\/\/www.praktivak.be\/fr\/produit\/vernis-a-ongles-lcn-beige-8ml\/\",\"url\":\"https:\/\/www.praktivak.be\/fr\/produit\/vernis-a-ongles-lcn-beige-8ml\/\",\"name\":\"Vernis \u00e0 ongles LCN \\\"Beige\\\", 8ml - Praktivak\",\"isPartOf\":{\"@id\":\"https:\/\/www.praktivak.be\/fr\/#website\"},\"primaryImageOfPage\":{\"@id\":\"https:\/\/www.praktivak.be\/fr\/produit\/vernis-a-ongles-lcn-beige-8ml\/#primaryimage\"},\"image\":{\"@id\":\"https:\/\/www.praktivak.be\/fr\/produit\/vernis-a-ongles-lcn-beige-8ml\/#primaryimage\"},\"thumbnailUrl\":\"https:\/\/www.praktivak.be\/wp-content\/uploads\/2025\/09\/LCN43179-443M-2.jpg\",\"datePublished\":\"2025-08-14T14:54:16+00:00\",\"dateModified\":\"2026-02-01T02:01:07+00:00\",\"breadcrumb\":{\"@id\":\"https:\/\/www.praktivak.be\/fr\/produit\/vernis-a-ongles-lcn-beige-8ml\/#breadcrumb\"},\"inLanguage\":\"fr-FR\",\"potentialAction\":[{\"@type\":\"ReadAction\",\"target\":[\"https:\/\/www.praktivak.be\/fr\/produit\/vernis-a-ongles-lcn-beige-8ml\/\"]}]},{\"@type\":\"ImageObject\",\"inLanguage\":\"fr-FR\",\"@id\":\"https:\/\/www.praktivak.be\/fr\/produit\/vernis-a-ongles-lcn-beige-8ml\/#primaryimage\",\"url\":\"https:\/\/www.praktivak.be\/wp-content\/uploads\/2025\/09\/LCN43179-443M-2.jpg\",\"contentUrl\":\"https:\/\/www.praktivak.be\/wp-content\/uploads\/2025\/09\/LCN43179-443M-2.jpg\",\"width\":553,\"height\":553},{\"@type\":\"BreadcrumbList\",\"@id\":\"https:\/\/www.praktivak.be\/fr\/produit\/vernis-a-ongles-lcn-beige-8ml\/#breadcrumb\",\"itemListElement\":[{\"@type\":\"ListItem\",\"position\":1,\"name\":\"Home\",\"item\":\"https:\/\/www.praktivak.be\/fr\/\"},{\"@type\":\"ListItem\",\"position\":2,\"name\":\"Boutique\",\"item\":\"https:\/\/www.praktivak.be\/fr\/boutique\/\"},{\"@type\":\"ListItem\",\"position\":3,\"name\":\"Vernis \u00e0 ongles LCN &#8220;Beige&#8221;, 8ml\"}]},{\"@type\":\"WebSite\",\"@id\":\"https:\/\/www.praktivak.be\/fr\/#website\",\"url\":\"https:\/\/www.praktivak.be\/fr\/\",\"name\":\"Praktivak\",\"description\":\"\",\"publisher\":{\"@id\":\"https:\/\/www.praktivak.be\/fr\/#organization\"},\"potentialAction\":[{\"@type\":\"SearchAction\",\"target\":{\"@type\":\"EntryPoint\",\"urlTemplate\":\"https:\/\/www.praktivak.be\/fr\/?s={search_term_string}\"},\"query-input\":{\"@type\":\"PropertyValueSpecification\",\"valueRequired\":true,\"valueName\":\"search_term_string\"}}],\"inLanguage\":\"fr-FR\"},{\"@type\":\"Organization\",\"@id\":\"https:\/\/www.praktivak.be\/fr\/#organization\",\"name\":\"Praktivak\",\"url\":\"https:\/\/www.praktivak.be\/fr\/\",\"logo\":{\"@type\":\"ImageObject\",\"inLanguage\":\"fr-FR\",\"@id\":\"https:\/\/www.praktivak.be\/fr\/#\/schema\/logo\/image\/\",\"url\":\"https:\/\/www.praktivak.be\/wp-content\/uploads\/2024\/09\/Logo.png\",\"contentUrl\":\"https:\/\/www.praktivak.be\/wp-content\/uploads\/2024\/09\/Logo.png\",\"width\":1774,\"height\":337,\"caption\":\"Praktivak\"},\"image\":{\"@id\":\"https:\/\/www.praktivak.be\/fr\/#\/schema\/logo\/image\/\"}}]}<\/script>\n<!-- \/ Yoast SEO plugin. -->","yoast_head_json":{"title":"Vernis \u00e0 ongles LCN \"Beige\", 8ml - Praktivak","robots":{"index":"index","follow":"follow","max-snippet":"max-snippet:-1","max-image-preview":"max-image-preview:large","max-video-preview":"max-video-preview:-1"},"canonical":"https:\/\/www.praktivak.be\/fr\/produit\/vernis-a-ongles-lcn-beige-8ml\/","og_locale":"fr_FR","og_type":"article","og_title":"Vernis \u00e0 ongles LCN \"Beige\", 8ml - Praktivak","og_description":"La formule high-tech innovante du vernis &agrave; ongles LCN garantit des r&eacute;sultats de couleur brillants avec des reflets miroir ultra-brillants et convainc par un s&eacute;chage rapide, une couverture intensive et une couche de couleur uniforme et sans trace. Avantages du vernis &agrave; ongles LCN : &ndash; application uniforme et sans trace de la couleur gr&acirc;ce &hellip; Continuer la lecture \"Vernis \u00e0 ongles LCN \u00ab\u00a0Beige\u00a0\u00bb, 8ml\"","og_url":"https:\/\/www.praktivak.be\/fr\/produit\/vernis-a-ongles-lcn-beige-8ml\/","og_site_name":"Praktivak","article_modified_time":"2026-02-01T02:01:07+00:00","og_image":[{"width":553,"height":553,"url":"https:\/\/www.praktivak.be\/wp-content\/uploads\/2025\/09\/LCN43179-443M-2.jpg","type":"image\/jpeg"}],"twitter_card":"summary_large_image","twitter_misc":{"Dur\u00e9e de lecture estim\u00e9e":"1 minute"},"schema":{"@context":"https:\/\/schema.org","@graph":[{"@type":"WebPage","@id":"https:\/\/www.praktivak.be\/fr\/produit\/vernis-a-ongles-lcn-beige-8ml\/","url":"https:\/\/www.praktivak.be\/fr\/produit\/vernis-a-ongles-lcn-beige-8ml\/","name":"Vernis \u00e0 ongles LCN \"Beige\", 8ml - Praktivak","isPartOf":{"@id":"https:\/\/www.praktivak.be\/fr\/#website"},"primaryImageOfPage":{"@id":"https:\/\/www.praktivak.be\/fr\/produit\/vernis-a-ongles-lcn-beige-8ml\/#primaryimage"},"image":{"@id":"https:\/\/www.praktivak.be\/fr\/produit\/vernis-a-ongles-lcn-beige-8ml\/#primaryimage"},"thumbnailUrl":"https:\/\/www.praktivak.be\/wp-content\/uploads\/2025\/09\/LCN43179-443M-2.jpg","datePublished":"2025-08-14T14:54:16+00:00","dateModified":"2026-02-01T02:01:07+00:00","breadcrumb":{"@id":"https:\/\/www.praktivak.be\/fr\/produit\/vernis-a-ongles-lcn-beige-8ml\/#breadcrumb"},"inLanguage":"fr-FR","potentialAction":[{"@type":"ReadAction","target":["https:\/\/www.praktivak.be\/fr\/produit\/vernis-a-ongles-lcn-beige-8ml\/"]}]},{"@type":"ImageObject","inLanguage":"fr-FR","@id":"https:\/\/www.praktivak.be\/fr\/produit\/vernis-a-ongles-lcn-beige-8ml\/#primaryimage","url":"https:\/\/www.praktivak.be\/wp-content\/uploads\/2025\/09\/LCN43179-443M-2.jpg","contentUrl":"https:\/\/www.praktivak.be\/wp-content\/uploads\/2025\/09\/LCN43179-443M-2.jpg","width":553,"height":553},{"@type":"BreadcrumbList","@id":"https:\/\/www.praktivak.be\/fr\/produit\/vernis-a-ongles-lcn-beige-8ml\/#breadcrumb","itemListElement":[{"@type":"ListItem","position":1,"name":"Home","item":"https:\/\/www.praktivak.be\/fr\/"},{"@type":"ListItem","position":2,"name":"Boutique","item":"https:\/\/www.praktivak.be\/fr\/boutique\/"},{"@type":"ListItem","position":3,"name":"Vernis \u00e0 ongles LCN &#8220;Beige&#8221;, 8ml"}]},{"@type":"WebSite","@id":"https:\/\/www.praktivak.be\/fr\/#website","url":"https:\/\/www.praktivak.be\/fr\/","name":"Praktivak","description":"","publisher":{"@id":"https:\/\/www.praktivak.be\/fr\/#organization"},"potentialAction":[{"@type":"SearchAction","target":{"@type":"EntryPoint","urlTemplate":"https:\/\/www.praktivak.be\/fr\/?s={search_term_string}"},"query-input":{"@type":"PropertyValueSpecification","valueRequired":true,"valueName":"search_term_string"}}],"inLanguage":"fr-FR"},{"@type":"Organization","@id":"https:\/\/www.praktivak.be\/fr\/#organization","name":"Praktivak","url":"https:\/\/www.praktivak.be\/fr\/","logo":{"@type":"ImageObject","inLanguage":"fr-FR","@id":"https:\/\/www.praktivak.be\/fr\/#\/schema\/logo\/image\/","url":"https:\/\/www.praktivak.be\/wp-content\/uploads\/2024\/09\/Logo.png","contentUrl":"https:\/\/www.praktivak.be\/wp-content\/uploads\/2024\/09\/Logo.png","width":1774,"height":337,"caption":"Praktivak"},"image":{"@id":"https:\/\/www.praktivak.be\/fr\/#\/schema\/logo\/image\/"}}]}},"featured_img":"https:\/\/www.praktivak.be\/wp-content\/uploads\/2025\/09\/LCN43179-443M-2.jpg","coauthors":[],"author_meta":{"author_link":"https:\/\/www.praktivak.be\/fr\/author\/madeit\/","display_name":"Tjebbe Lievens"},"relative_dates":{"created":"Publi\u00e9 8 mois il y a","modified":"Mis \u00e0 jour 2 mois il y a"},"absolute_dates":{"created":"Publi\u00e9 le 14 ao\u00fbt 2025","modified":"Mise \u00e0 jour le 1 f\u00e9vrier 2026"},"absolute_dates_time":{"created":"Publi\u00e9 le 14 ao\u00fbt 2025 16h54","modified":"Mise \u00e0 jour le 1 f\u00e9vrier 2026 3h01"},"featured_img_caption":"","tax_additional":{"product_brand":{"linked":[],"unlinked":[],"slug":"product_brand","name":"Marques"},"product_type":{"linked":["<a href=\"https:\/\/www.praktivak.be\/fr\/?taxonomy=product_type&#038;term=simple\" class=\"advgb-post-tax-term\">simple<\/a>"],"unlinked":["<span class=\"advgb-post-tax-term\">simple<\/span>"],"slug":"product_type","name":"Type de produit"},"product_visibility":{"linked":[],"unlinked":[],"slug":"product_visibility","name":"Visibilit\u00e9 du produit"},"product_cat":{"linked":["<a href=\"https:\/\/www.praktivak.be\/fr\/categorie-de-produit\/manicure\/nagellak-manicure-2-fr\/\" class=\"advgb-post-tax-term\">Vernis \u00e0 ongles<\/a>"],"unlinked":["<span class=\"advgb-post-tax-term\">Vernis \u00e0 ongles<\/span>"],"slug":"product_cat","name":"Cat\u00e9gories de produits"},"product_tag":{"linked":[],"unlinked":[],"slug":"product_tag","name":"\u00c9tiquettes produit"},"product_shipping_class":{"linked":[],"unlinked":[],"slug":"product_shipping_class","name":"Classe d\u2019exp\u00e9dition du produit"},"pos_product_visibility":{"linked":[],"unlinked":[],"slug":"pos_product_visibility","name":"Visibilit\u00e9 du produit sur le point de vente"},"translation_priority":{"linked":[],"unlinked":[],"slug":"translation_priority","name":"Priorit\u00e9s de traduction"}},"series_order":"","_links":{"self":[{"href":"https:\/\/www.praktivak.be\/fr\/wp-json\/wp\/v2\/product\/157174","targetHints":{"allow":["GET"]}}],"collection":[{"href":"https:\/\/www.praktivak.be\/fr\/wp-json\/wp\/v2\/product"}],"about":[{"href":"https:\/\/www.praktivak.be\/fr\/wp-json\/wp\/v2\/types\/product"}],"version-history":[{"count":74,"href":"https:\/\/www.praktivak.be\/fr\/wp-json\/wp\/v2\/product\/157174\/revisions"}],"predecessor-version":[{"id":324480,"href":"https:\/\/www.praktivak.be\/fr\/wp-json\/wp\/v2\/product\/157174\/revisions\/324480"}],"wp:featuredmedia":[{"embeddable":true,"href":"https:\/\/www.praktivak.be\/fr\/wp-json\/wp\/v2\/media\/296990"}],"wp:attachment":[{"href":"https:\/\/www.praktivak.be\/fr\/wp-json\/wp\/v2\/media?parent=157174"}],"wp:term":[{"taxonomy":"product_brand","embeddable":true,"href":"https:\/\/www.praktivak.be\/fr\/wp-json\/wp\/v2\/product_brand?post=157174"},{"taxonomy":"product_cat","embeddable":true,"href":"https:\/\/www.praktivak.be\/fr\/wp-json\/wp\/v2\/product_cat?post=157174"},{"taxonomy":"product_tag","embeddable":true,"href":"https:\/\/www.praktivak.be\/fr\/wp-json\/wp\/v2\/product_tag?post=157174"}],"curies":[{"name":"wp","href":"https:\/\/api.w.org\/{rel}","templated":true}]}}