

{"id":156915,"date":"2025-08-14T10:01:51","date_gmt":"2025-08-14T08:01:51","guid":{"rendered":"https:\/\/www.praktivak.be\/product\/polar-q-cryolipo-soft-cup\/"},"modified":"2026-02-01T16:51:17","modified_gmt":"2026-02-01T15:51:17","slug":"polar-q-cryolipo-soft-cup","status":"publish","type":"product","link":"https:\/\/www.praktivak.be\/fr\/produit\/polar-q-cryolipo-soft-cup\/","title":{"rendered":"Polar-Q CryoLipo Soft-Cup"},"content":{"rendered":"\n<p>\nCryo Lipo Polar-Q avec t&ecirc;tes de refroidissement Soft Cup innovantes.<\/p>\n\n<p>\nNOUVEAU : avec des t&ecirc;tes de refroidissement Soft-Cup uniques et interchangeables &agrave; 360&deg;.<\/p>\n\n<p>\n&ndash; avec option choc pour un meilleur effet :<\/p>\n\n<p>\n&ndash; pr&eacute;chauffer &agrave; 42 degr&eacute;s \/ congeler imm&eacute;diatement apr&egrave;s<\/p>\n\n<p>\nLe nouveau Cryo-Lipo Polar-Q innovant r&eacute;pond aux toutes derni&egrave;res &eacute;volutions en mati&egrave;re de cryo-lipolyse.<\/p>\n\n<p>\nCliniquement prouv&eacute;, le traitement cryo-lipo restaure la forme naturelle du corps en gelant efficacement et en toute s&eacute;curit&eacute; l&rsquo;exc&egrave;s de graisse. <\/p>\n\n<p>\nGr&acirc;ce &agrave; une temp&eacute;rature extr&ecirc;mement basse sous vide, l&rsquo;exc&egrave;s de graisse est r&eacute;duit.<\/p>\n\n<p>\nLa cryolipolyse est une m&eacute;thode permettant de perdre de la graisse sans chirurgie. Lors d&rsquo;un traitement par cryolipolyse, les cellules graisseuses sont refroidies sous la peau, puis elles g&egrave;lent et meurent. Les cellules graisseuses mortes sont ensuite &eacute;limin&eacute;es naturellement par le corps. Ce traitement est id&eacute;al pour &eacute;liminer les graisses tenaces dans les zones &agrave; probl&egrave;mes telles que l&rsquo;abdomen, les jambes et les fesses.<\/p>\n\n<p>\nCaract&eacute;ristiques et avantages :<\/p>\n\n<p>\n-La temp&eacute;rature et le vide sont r&eacute;glables de mani&egrave;re ind&eacute;pendante.<\/p>\n\n<p>\n-&Eacute;quip&eacute; d&rsquo;un support LED infrarouge de 630 nm.<\/p>\n\n<p>\n-Avec effet de choc (pr&eacute;chauffage).<\/p>\n\n<p>\n-Possibilit&eacute; de pulsation et de r&eacute;glage progressif du vide.<\/p>\n\n<p>\n-Double syst&egrave;me de pompage et de contr&ocirc;le modulaire s&eacute;par&eacute; pour une plus grande stabilit&eacute;.<\/p>\n\n<p>\n-Filtres externes facilement accessibles dans le circuit autonettoyant,<\/p>\n\n<p>\n-Possibilit&eacute; d&rsquo;arr&ecirc;t d&rsquo;urgence pour une plus grande s&eacute;curit&eacute; du patient.<\/p>\n\n<p>\nD&eacute;couvrez les avantages du Bowie Cryo-Lipo Polar-Q<\/p>\n\n<p>\nD&eacute;couvrez la synergie parfaite entre innovation et confort :<\/p>\n\n<p>\n4 &eacute;tapes de traitement :<\/p>\n\n<p>\n&diams;Soft-cup Pi&egrave;ces &agrave; main pour diff&eacute;rents traitements.  <\/p>\n\n<p>\nL&rsquo;appareil offre l&rsquo;option de 4 t&ecirc;tes de traitement innovantes &agrave; 360&deg; fonctionnant simultan&eacute;ment, chacune avec 7 pi&egrave;ces &agrave; main SOFT-CUP interchangeables. Pour chaque point sp&eacute;cifique de votre corps, nous offrons la solution parfaite. <\/p>\n\n<p>\n&diams;360 degr&eacute;s Syst&egrave;me de refroidissement &agrave; 360&deg;. <\/p>\n\n<p>\nLes nouvelles pi&egrave;ces &agrave; main 360&deg; sont dot&eacute;es d&rsquo;une coupelle m&eacute;tallique qui se refroidit compl&egrave;tement (&agrave; 360&deg;). Cela permet d&rsquo;obtenir de meilleurs r&eacute;sultats.<\/p>\n\n<p>\n&diams;Applicateurs interchangeables Changement facile des pi&egrave;ces &agrave; main. <\/p>\n\n<p>\n&diams;Les embouts SOFT CUP interchangeables en 7 tailles assurent un ajustement parfait et confortable des coupes r&eacute;frig&eacute;rantes &agrave; 360&deg; sur le corps. Simplifiez votre processus de traitement gr&acirc;ce &agrave; notre syst&egrave;me de remplacement facile des pi&egrave;ces &agrave; main. Ce syst&egrave;me assure une transition transparente entre les diff&eacute;rents traitements.<\/p>\n\n<p>\nOption pr&eacute;chauffage-choc (pour les traitements de choc : d&rsquo;abord chauffer puis refroidir). <\/p>\n\n<p>\nCet appareil est &eacute;quip&eacute; d&rsquo;une option de pr&eacute;chauffage jusqu&rsquo;&agrave; 42 degr&eacute;s. Augmentez l&rsquo;efficacit&eacute; du traitement en pr&eacute;chauffant &agrave; 42 degr&eacute;s puis en refroidissant. Ce traitement de choc garantit un effet et un r&eacute;sultat maximum.<\/p>\n\n<p>\n&diams;massage Mode de massage suppl&eacute;mentaire<\/p>\n\n<p>\nFaites l&rsquo;exp&eacute;rience d&rsquo;une dimension suppl&eacute;mentaire de confort avec notre mode massage. Cette fonction unique am&eacute;liore non seulement votre traitement, mais offre &eacute;galement une exp&eacute;rience relaxante.<\/p>\n\n<p>\n&#9688;Il existe une t&ecirc;te de traitement sp&eacute;cialement con&ccedil;ue (80 x 40 mm) pour le traitement du double menton (traitement du double menton).<\/p>\n\n<p>\n&#9688;Temperature : technologie de temp&eacute;rature constante<\/p>\n\n<p>\n&#9688;L&rsquo;appareil est dot&eacute; d&rsquo;une mesure directe de la temp&eacute;rature et d&rsquo;une commande par &eacute;cran tactile sur l&rsquo;&eacute;cran principal ainsi que sur les pi&egrave;ces &agrave; main individuelles. Le syst&egrave;me de refroidissement de la temp&eacute;rature int&eacute;gr&eacute; assure un refroidissement optimal et constant. <\/p>\n\n<p>\nicons-specs-softcup<\/p>\n\n<p>\nCaract&eacute;ristiques et avantages :<\/p>\n\n<p>\n-La temp&eacute;rature et le vide sont r&eacute;glables de mani&egrave;re totalement ind&eacute;pendante.<\/p>\n<p>\n-&Eacute;quip&eacute; d&rsquo;un support LED infrarouge de 630 nm.<\/p>\n<p>\n-Possibilit&eacute; de pulsation et de r&eacute;glage guid&eacute; du vide.<\/p>\n<p>\n-Double pompe modulaire s&eacute;par&eacute;e et syst&egrave;me de contr&ocirc;le pour une plus grande stabilit&eacute;.<\/p>\n<p>\n-Filtres externes facilement accessibles dans le circuit autonettoyant,<\/p>\n<p>\n-Possibilit&eacute; d&rsquo;arr&ecirc;t d&rsquo;urgence pour une plus grande s&eacute;curit&eacute; du patient.<\/p>\n<p>\n.<\/p>\n<p>\nLe BOWIE CRYO-LIPO Polar-Q est une innovation Bowie.<\/p>\n<p>\nBowie Medical BV propose une initiation et une formation &agrave; ce produit.<\/p>\n<p>\nLes participants re&ccedil;oivent un certificat reconnu par l&rsquo;assurance responsabilit&eacute; professionnelle.<\/p>\n\n","protected":false},"excerpt":{"rendered":"<p>Cryo Lipo Polar-Q avec t&ecirc;tes de refroidissement Soft Cup innovantes. NOUVEAU : avec des t&ecirc;tes de refroidissement Soft-Cup uniques et interchangeables &agrave; 360&deg;. &ndash; avec option choc pour un meilleur effet : &ndash; pr&eacute;chauffer &agrave; 42 degr&eacute;s \/ congeler imm&eacute;diatement apr&egrave;s Le nouveau Cryo-Lipo Polar-Q innovant r&eacute;pond aux toutes derni&egrave;res &eacute;volutions en mati&egrave;re de cryo-lipolyse. &hellip; <\/p>\n<p class=\"link-more\"><a href=\"https:\/\/www.praktivak.be\/fr\/produit\/polar-q-cryolipo-soft-cup\/\" class=\"more-link\">Continuer la lecture<span class=\"screen-reader-text\"> \u00ab\u00a0Polar-Q CryoLipo Soft-Cup\u00a0\u00bb<\/span><\/a><\/p>\n","protected":false},"author":1,"featured_media":301790,"template":"","meta":{"_acf_changed":false,"_relevanssi_hide_post":"","_relevanssi_hide_content":"","_relevanssi_pin_for_all":"","_relevanssi_pin_keywords":"","_relevanssi_unpin_keywords":"","_relevanssi_related_keywords":"","_relevanssi_related_include_ids":"","_relevanssi_related_exclude_ids":"","_relevanssi_related_no_append":"","_relevanssi_related_not_related":"","_relevanssi_related_posts":"","_relevanssi_noindex_reason":"","advgb_blocks_editor_width":"","advgb_blocks_columns_visual_guide":"","footnotes":""},"product_brand":[],"product_cat":[2144],"product_tag":[],"class_list":{"0":"post-156915","1":"product","2":"type-product","3":"status-publish","4":"has-post-thumbnail","6":"product_cat-apparatuur-cryolipo-specialistische-apparatuur-esthetische-apparatuur-fr","8":"first","9":"instock","10":"taxable","11":"shipping-taxable","12":"product-type-simple"},"acf":[],"yoast_head":"<!-- This site is optimized with the Yoast SEO plugin v27.2 - https:\/\/yoast.com\/product\/yoast-seo-wordpress\/ -->\n<title>Polar-Q CryoLipo Soft-Cup - Praktivak<\/title>\n<meta name=\"robots\" content=\"index, follow, max-snippet:-1, max-image-preview:large, max-video-preview:-1\" \/>\n<link rel=\"canonical\" href=\"https:\/\/www.praktivak.be\/fr\/produit\/polar-q-cryolipo-soft-cup\/\" \/>\n<meta property=\"og:locale\" content=\"fr_FR\" \/>\n<meta property=\"og:type\" content=\"article\" \/>\n<meta property=\"og:title\" content=\"Polar-Q CryoLipo Soft-Cup - Praktivak\" \/>\n<meta property=\"og:description\" content=\"Cryo Lipo Polar-Q avec t&ecirc;tes de refroidissement Soft Cup innovantes. NOUVEAU : avec des t&ecirc;tes de refroidissement Soft-Cup uniques et interchangeables &agrave; 360&deg;. &ndash; avec option choc pour un meilleur effet : &ndash; pr&eacute;chauffer &agrave; 42 degr&eacute;s \/ congeler imm&eacute;diatement apr&egrave;s Le nouveau Cryo-Lipo Polar-Q innovant r&eacute;pond aux toutes derni&egrave;res &eacute;volutions en mati&egrave;re de cryo-lipolyse. &hellip; Continuer la lecture &quot;Polar-Q CryoLipo Soft-Cup&quot;\" \/>\n<meta property=\"og:url\" content=\"https:\/\/www.praktivak.be\/fr\/produit\/polar-q-cryolipo-soft-cup\/\" \/>\n<meta property=\"og:site_name\" content=\"Praktivak\" \/>\n<meta property=\"article:modified_time\" content=\"2026-02-01T15:51:17+00:00\" \/>\n<meta property=\"og:image\" content=\"https:\/\/www.praktivak.be\/wp-content\/uploads\/2025\/09\/C1022-2.jpg\" \/>\n\t<meta property=\"og:image:width\" content=\"486\" \/>\n\t<meta property=\"og:image:height\" content=\"1000\" \/>\n\t<meta property=\"og:image:type\" content=\"image\/jpeg\" \/>\n<meta name=\"twitter:card\" content=\"summary_large_image\" \/>\n<meta name=\"twitter:label1\" content=\"Dur\u00e9e de lecture estim\u00e9e\" \/>\n\t<meta name=\"twitter:data1\" content=\"3 minutes\" \/>\n<script type=\"application\/ld+json\" class=\"yoast-schema-graph\">{\"@context\":\"https:\/\/schema.org\",\"@graph\":[{\"@type\":\"WebPage\",\"@id\":\"https:\/\/www.praktivak.be\/fr\/produit\/polar-q-cryolipo-soft-cup\/\",\"url\":\"https:\/\/www.praktivak.be\/fr\/produit\/polar-q-cryolipo-soft-cup\/\",\"name\":\"Polar-Q CryoLipo Soft-Cup - Praktivak\",\"isPartOf\":{\"@id\":\"https:\/\/www.praktivak.be\/fr\/#website\"},\"primaryImageOfPage\":{\"@id\":\"https:\/\/www.praktivak.be\/fr\/produit\/polar-q-cryolipo-soft-cup\/#primaryimage\"},\"image\":{\"@id\":\"https:\/\/www.praktivak.be\/fr\/produit\/polar-q-cryolipo-soft-cup\/#primaryimage\"},\"thumbnailUrl\":\"https:\/\/www.praktivak.be\/wp-content\/uploads\/2025\/09\/C1022-2.jpg\",\"datePublished\":\"2025-08-14T08:01:51+00:00\",\"dateModified\":\"2026-02-01T15:51:17+00:00\",\"breadcrumb\":{\"@id\":\"https:\/\/www.praktivak.be\/fr\/produit\/polar-q-cryolipo-soft-cup\/#breadcrumb\"},\"inLanguage\":\"fr-FR\",\"potentialAction\":[{\"@type\":\"ReadAction\",\"target\":[\"https:\/\/www.praktivak.be\/fr\/produit\/polar-q-cryolipo-soft-cup\/\"]}]},{\"@type\":\"ImageObject\",\"inLanguage\":\"fr-FR\",\"@id\":\"https:\/\/www.praktivak.be\/fr\/produit\/polar-q-cryolipo-soft-cup\/#primaryimage\",\"url\":\"https:\/\/www.praktivak.be\/wp-content\/uploads\/2025\/09\/C1022-2.jpg\",\"contentUrl\":\"https:\/\/www.praktivak.be\/wp-content\/uploads\/2025\/09\/C1022-2.jpg\",\"width\":486,\"height\":1000},{\"@type\":\"BreadcrumbList\",\"@id\":\"https:\/\/www.praktivak.be\/fr\/produit\/polar-q-cryolipo-soft-cup\/#breadcrumb\",\"itemListElement\":[{\"@type\":\"ListItem\",\"position\":1,\"name\":\"Home\",\"item\":\"https:\/\/www.praktivak.be\/fr\/\"},{\"@type\":\"ListItem\",\"position\":2,\"name\":\"Boutique\",\"item\":\"https:\/\/www.praktivak.be\/fr\/boutique\/\"},{\"@type\":\"ListItem\",\"position\":3,\"name\":\"Polar-Q CryoLipo Soft-Cup\"}]},{\"@type\":\"WebSite\",\"@id\":\"https:\/\/www.praktivak.be\/fr\/#website\",\"url\":\"https:\/\/www.praktivak.be\/fr\/\",\"name\":\"Praktivak\",\"description\":\"\",\"publisher\":{\"@id\":\"https:\/\/www.praktivak.be\/fr\/#organization\"},\"potentialAction\":[{\"@type\":\"SearchAction\",\"target\":{\"@type\":\"EntryPoint\",\"urlTemplate\":\"https:\/\/www.praktivak.be\/fr\/?s={search_term_string}\"},\"query-input\":{\"@type\":\"PropertyValueSpecification\",\"valueRequired\":true,\"valueName\":\"search_term_string\"}}],\"inLanguage\":\"fr-FR\"},{\"@type\":\"Organization\",\"@id\":\"https:\/\/www.praktivak.be\/fr\/#organization\",\"name\":\"Praktivak\",\"url\":\"https:\/\/www.praktivak.be\/fr\/\",\"logo\":{\"@type\":\"ImageObject\",\"inLanguage\":\"fr-FR\",\"@id\":\"https:\/\/www.praktivak.be\/fr\/#\/schema\/logo\/image\/\",\"url\":\"https:\/\/www.praktivak.be\/wp-content\/uploads\/2024\/09\/Logo.png\",\"contentUrl\":\"https:\/\/www.praktivak.be\/wp-content\/uploads\/2024\/09\/Logo.png\",\"width\":1774,\"height\":337,\"caption\":\"Praktivak\"},\"image\":{\"@id\":\"https:\/\/www.praktivak.be\/fr\/#\/schema\/logo\/image\/\"}}]}<\/script>\n<!-- \/ Yoast SEO plugin. -->","yoast_head_json":{"title":"Polar-Q CryoLipo Soft-Cup - Praktivak","robots":{"index":"index","follow":"follow","max-snippet":"max-snippet:-1","max-image-preview":"max-image-preview:large","max-video-preview":"max-video-preview:-1"},"canonical":"https:\/\/www.praktivak.be\/fr\/produit\/polar-q-cryolipo-soft-cup\/","og_locale":"fr_FR","og_type":"article","og_title":"Polar-Q CryoLipo Soft-Cup - Praktivak","og_description":"Cryo Lipo Polar-Q avec t&ecirc;tes de refroidissement Soft Cup innovantes. NOUVEAU : avec des t&ecirc;tes de refroidissement Soft-Cup uniques et interchangeables &agrave; 360&deg;. &ndash; avec option choc pour un meilleur effet : &ndash; pr&eacute;chauffer &agrave; 42 degr&eacute;s \/ congeler imm&eacute;diatement apr&egrave;s Le nouveau Cryo-Lipo Polar-Q innovant r&eacute;pond aux toutes derni&egrave;res &eacute;volutions en mati&egrave;re de cryo-lipolyse. &hellip; Continuer la lecture \"Polar-Q CryoLipo Soft-Cup\"","og_url":"https:\/\/www.praktivak.be\/fr\/produit\/polar-q-cryolipo-soft-cup\/","og_site_name":"Praktivak","article_modified_time":"2026-02-01T15:51:17+00:00","og_image":[{"width":486,"height":1000,"url":"https:\/\/www.praktivak.be\/wp-content\/uploads\/2025\/09\/C1022-2.jpg","type":"image\/jpeg"}],"twitter_card":"summary_large_image","twitter_misc":{"Dur\u00e9e de lecture estim\u00e9e":"3 minutes"},"schema":{"@context":"https:\/\/schema.org","@graph":[{"@type":"WebPage","@id":"https:\/\/www.praktivak.be\/fr\/produit\/polar-q-cryolipo-soft-cup\/","url":"https:\/\/www.praktivak.be\/fr\/produit\/polar-q-cryolipo-soft-cup\/","name":"Polar-Q CryoLipo Soft-Cup - Praktivak","isPartOf":{"@id":"https:\/\/www.praktivak.be\/fr\/#website"},"primaryImageOfPage":{"@id":"https:\/\/www.praktivak.be\/fr\/produit\/polar-q-cryolipo-soft-cup\/#primaryimage"},"image":{"@id":"https:\/\/www.praktivak.be\/fr\/produit\/polar-q-cryolipo-soft-cup\/#primaryimage"},"thumbnailUrl":"https:\/\/www.praktivak.be\/wp-content\/uploads\/2025\/09\/C1022-2.jpg","datePublished":"2025-08-14T08:01:51+00:00","dateModified":"2026-02-01T15:51:17+00:00","breadcrumb":{"@id":"https:\/\/www.praktivak.be\/fr\/produit\/polar-q-cryolipo-soft-cup\/#breadcrumb"},"inLanguage":"fr-FR","potentialAction":[{"@type":"ReadAction","target":["https:\/\/www.praktivak.be\/fr\/produit\/polar-q-cryolipo-soft-cup\/"]}]},{"@type":"ImageObject","inLanguage":"fr-FR","@id":"https:\/\/www.praktivak.be\/fr\/produit\/polar-q-cryolipo-soft-cup\/#primaryimage","url":"https:\/\/www.praktivak.be\/wp-content\/uploads\/2025\/09\/C1022-2.jpg","contentUrl":"https:\/\/www.praktivak.be\/wp-content\/uploads\/2025\/09\/C1022-2.jpg","width":486,"height":1000},{"@type":"BreadcrumbList","@id":"https:\/\/www.praktivak.be\/fr\/produit\/polar-q-cryolipo-soft-cup\/#breadcrumb","itemListElement":[{"@type":"ListItem","position":1,"name":"Home","item":"https:\/\/www.praktivak.be\/fr\/"},{"@type":"ListItem","position":2,"name":"Boutique","item":"https:\/\/www.praktivak.be\/fr\/boutique\/"},{"@type":"ListItem","position":3,"name":"Polar-Q CryoLipo Soft-Cup"}]},{"@type":"WebSite","@id":"https:\/\/www.praktivak.be\/fr\/#website","url":"https:\/\/www.praktivak.be\/fr\/","name":"Praktivak","description":"","publisher":{"@id":"https:\/\/www.praktivak.be\/fr\/#organization"},"potentialAction":[{"@type":"SearchAction","target":{"@type":"EntryPoint","urlTemplate":"https:\/\/www.praktivak.be\/fr\/?s={search_term_string}"},"query-input":{"@type":"PropertyValueSpecification","valueRequired":true,"valueName":"search_term_string"}}],"inLanguage":"fr-FR"},{"@type":"Organization","@id":"https:\/\/www.praktivak.be\/fr\/#organization","name":"Praktivak","url":"https:\/\/www.praktivak.be\/fr\/","logo":{"@type":"ImageObject","inLanguage":"fr-FR","@id":"https:\/\/www.praktivak.be\/fr\/#\/schema\/logo\/image\/","url":"https:\/\/www.praktivak.be\/wp-content\/uploads\/2024\/09\/Logo.png","contentUrl":"https:\/\/www.praktivak.be\/wp-content\/uploads\/2024\/09\/Logo.png","width":1774,"height":337,"caption":"Praktivak"},"image":{"@id":"https:\/\/www.praktivak.be\/fr\/#\/schema\/logo\/image\/"}}]}},"featured_img":"https:\/\/www.praktivak.be\/wp-content\/uploads\/2025\/09\/C1022-2.jpg","coauthors":[],"author_meta":{"author_link":"https:\/\/www.praktivak.be\/fr\/author\/madeit\/","display_name":"Tjebbe Lievens"},"relative_dates":{"created":"Publi\u00e9 8 mois il y a","modified":"Mis \u00e0 jour 2 mois il y a"},"absolute_dates":{"created":"Publi\u00e9 le 14 ao\u00fbt 2025","modified":"Mise \u00e0 jour le 1 f\u00e9vrier 2026"},"absolute_dates_time":{"created":"Publi\u00e9 le 14 ao\u00fbt 2025 10h01","modified":"Mise \u00e0 jour le 1 f\u00e9vrier 2026 16h51"},"featured_img_caption":"","tax_additional":{"product_brand":{"linked":[],"unlinked":[],"slug":"product_brand","name":"Marques"},"product_type":{"linked":["<a href=\"https:\/\/www.praktivak.be\/fr\/?taxonomy=product_type&#038;term=simple\" class=\"advgb-post-tax-term\">simple<\/a>"],"unlinked":["<span class=\"advgb-post-tax-term\">simple<\/span>"],"slug":"product_type","name":"Type de produit"},"product_visibility":{"linked":[],"unlinked":[],"slug":"product_visibility","name":"Visibilit\u00e9 du produit"},"product_cat":{"linked":["<a href=\"https:\/\/www.praktivak.be\/fr\/categorie-de-produit\/esthetische-apparatuur-fr\/specialistische-apparatuur-esthetische-apparatuur-fr\/cryolipo\/apparatuur-cryolipo-specialistische-apparatuur-esthetische-apparatuur-fr\/\" class=\"advgb-post-tax-term\">Appareils<\/a>"],"unlinked":["<span class=\"advgb-post-tax-term\">Appareils<\/span>"],"slug":"product_cat","name":"Cat\u00e9gories de produits"},"product_tag":{"linked":[],"unlinked":[],"slug":"product_tag","name":"\u00c9tiquettes produit"},"product_shipping_class":{"linked":[],"unlinked":[],"slug":"product_shipping_class","name":"Classe d\u2019exp\u00e9dition du produit"},"pos_product_visibility":{"linked":[],"unlinked":[],"slug":"pos_product_visibility","name":"Visibilit\u00e9 du produit sur le point de vente"},"translation_priority":{"linked":[],"unlinked":[],"slug":"translation_priority","name":"Priorit\u00e9s de traduction"}},"series_order":"","_links":{"self":[{"href":"https:\/\/www.praktivak.be\/fr\/wp-json\/wp\/v2\/product\/156915","targetHints":{"allow":["GET"]}}],"collection":[{"href":"https:\/\/www.praktivak.be\/fr\/wp-json\/wp\/v2\/product"}],"about":[{"href":"https:\/\/www.praktivak.be\/fr\/wp-json\/wp\/v2\/types\/product"}],"version-history":[{"count":77,"href":"https:\/\/www.praktivak.be\/fr\/wp-json\/wp\/v2\/product\/156915\/revisions"}],"predecessor-version":[{"id":345126,"href":"https:\/\/www.praktivak.be\/fr\/wp-json\/wp\/v2\/product\/156915\/revisions\/345126"}],"wp:featuredmedia":[{"embeddable":true,"href":"https:\/\/www.praktivak.be\/fr\/wp-json\/wp\/v2\/media\/301790"}],"wp:attachment":[{"href":"https:\/\/www.praktivak.be\/fr\/wp-json\/wp\/v2\/media?parent=156915"}],"wp:term":[{"taxonomy":"product_brand","embeddable":true,"href":"https:\/\/www.praktivak.be\/fr\/wp-json\/wp\/v2\/product_brand?post=156915"},{"taxonomy":"product_cat","embeddable":true,"href":"https:\/\/www.praktivak.be\/fr\/wp-json\/wp\/v2\/product_cat?post=156915"},{"taxonomy":"product_tag","embeddable":true,"href":"https:\/\/www.praktivak.be\/fr\/wp-json\/wp\/v2\/product_tag?post=156915"}],"curies":[{"name":"wp","href":"https:\/\/api.w.org\/{rel}","templated":true}]}}