

{"id":96313,"date":"2025-04-08T16:37:12","date_gmt":"2025-04-08T14:37:12","guid":{"rendered":"https:\/\/www.praktivak.be\/reymerink\/"},"modified":"2025-07-02T11:59:40","modified_gmt":"2025-07-02T09:59:40","slug":"reymerink","status":"publish","type":"page","link":"https:\/\/www.praktivak.be\/fr\/reymerink\/","title":{"rendered":"Reymerink"},"content":{"rendered":"\n<div style=\"height:50px\" aria-hidden=\"true\" class=\"wp-block-spacer\"><\/div>\n\n<figure class=\"wp-block-image aligncenter size-full is-resized\"><img loading=\"lazy\" decoding=\"async\" width=\"250\" height=\"87\" src=\"https:\/\/www.praktivak.be\/wp-content\/uploads\/2025\/04\/Reymerink-logo.png\" alt=\"\" class=\"wp-image-32444\" style=\"width:480px;height:auto\"><\/figure>\n\n<div class=\"wp-block-group is-layout-constrained wp-block-group-is-layout-constrained\">\n<figure class=\"wp-block-image aligncenter size-full is-resized\"><img loading=\"lazy\" decoding=\"async\" width=\"1023\" height=\"425\" src=\"https:\/\/www.praktivak.be\/wp-content\/uploads\/2025\/04\/Kopie-van-Praktivak-slider-700-x-500-px-700-x-500-px-1400-x-425-px-1023-x-425-px-2.png\" alt=\"\" class=\"wp-image-32559\" style=\"width:810px;height:auto\"><\/figure>\n<\/div>\n\n<div style=\"height:16px\" aria-hidden=\"true\" class=\"wp-block-spacer\"><\/div>\n\n<div style=\"height:13px\" aria-hidden=\"true\" class=\"wp-block-spacer\"><\/div>\n\n<div class=\"wp-block-group is-layout-constrained wp-block-group-is-layout-constrained\">\n<div class=\"wp-block-columns is-layout-flex wp-container-core-columns-is-layout-9d6595d7 wp-block-columns-is-layout-flex\">\n<div class=\"wp-block-column is-layout-flow wp-block-column-is-layout-flow\" style=\"flex-basis:100%\">\n<div class=\"wp-block-group is-layout-constrained wp-container-core-group-is-layout-7a8ecd1d wp-block-group-is-layout-constrained\">\n<p>Reymerink est le principal fabricant au Benelux d&rsquo;un large assortiment de liquides cosm&eacute;tiques ainsi que de liquides pour le nettoyage et la d&eacute;sinfection.<br>Les produits sont notamment utilis&eacute;s par des p&eacute;dicures, podologues, m&eacute;decins g&eacute;n&eacute;ralistes, dentistes, salons de manucure, studios de tatouage et esth&eacute;ticiennes.  <\/p>\n<\/div>\n<\/div>\n<\/div>\n<\/div>\n\n<div class=\"wp-block-group is-layout-constrained wp-block-group-is-layout-constrained\"><\/div>\n\n","protected":false},"excerpt":{"rendered":"<p>Reymerink est le principal fabricant au Benelux d&rsquo;un large assortiment de liquides cosm&eacute;tiques ainsi que de liquides pour le nettoyage et la d&eacute;sinfection.Les produits sont notamment utilis&eacute;s par des p&eacute;dicures, podologues, m&eacute;decins g&eacute;n&eacute;ralistes, dentistes, salons de manucure, studios de tatouage et esth&eacute;ticiennes.<\/p>\n","protected":false},"author":4,"featured_media":0,"parent":0,"menu_order":0,"comment_status":"closed","ping_status":"closed","template":"","meta":{"_acf_changed":false,"_relevanssi_hide_post":"","_relevanssi_hide_content":"","_relevanssi_pin_for_all":"","_relevanssi_pin_keywords":"","_relevanssi_unpin_keywords":"","_relevanssi_related_keywords":"","_relevanssi_related_include_ids":"","_relevanssi_related_exclude_ids":"","_relevanssi_related_no_append":"","_relevanssi_related_not_related":"","_relevanssi_related_posts":"","_relevanssi_noindex_reason":"","advgb_blocks_editor_width":"","advgb_blocks_columns_visual_guide":"","footnotes":""},"class_list":["post-96313","page","type-page","status-publish","hentry"],"acf":[],"yoast_head":"<!-- This site is optimized with the Yoast SEO plugin v27.2 - https:\/\/yoast.com\/product\/yoast-seo-wordpress\/ -->\n<title>Reymerink - Praktivak<\/title>\n<meta name=\"robots\" content=\"index, follow, max-snippet:-1, max-image-preview:large, max-video-preview:-1\" \/>\n<link rel=\"canonical\" href=\"https:\/\/www.praktivak.be\/fr\/reymerink\/\" \/>\n<meta property=\"og:locale\" content=\"fr_FR\" \/>\n<meta property=\"og:type\" content=\"article\" \/>\n<meta property=\"og:title\" content=\"Reymerink - Praktivak\" \/>\n<meta property=\"og:description\" content=\"Reymerink est le principal fabricant au Benelux d&rsquo;un large assortiment de liquides cosm&eacute;tiques ainsi que de liquides pour le nettoyage et la d&eacute;sinfection.Les produits sont notamment utilis&eacute;s par des p&eacute;dicures, podologues, m&eacute;decins g&eacute;n&eacute;ralistes, dentistes, salons de manucure, studios de tatouage et esth&eacute;ticiennes.\" \/>\n<meta property=\"og:url\" content=\"https:\/\/www.praktivak.be\/fr\/reymerink\/\" \/>\n<meta property=\"og:site_name\" content=\"Praktivak\" \/>\n<meta property=\"article:modified_time\" content=\"2025-07-02T09:59:40+00:00\" \/>\n<meta property=\"og:image\" content=\"https:\/\/www.praktivak.be\/wp-content\/uploads\/2025\/04\/Reymerink-logo.png\" \/>\n\t<meta property=\"og:image:width\" content=\"250\" \/>\n\t<meta property=\"og:image:height\" content=\"87\" \/>\n\t<meta property=\"og:image:type\" content=\"image\/png\" \/>\n<meta name=\"twitter:card\" content=\"summary_large_image\" \/>\n<script type=\"application\/ld+json\" class=\"yoast-schema-graph\">{\"@context\":\"https:\/\/schema.org\",\"@graph\":[{\"@type\":\"WebPage\",\"@id\":\"https:\/\/www.praktivak.be\/fr\/reymerink\/\",\"url\":\"https:\/\/www.praktivak.be\/fr\/reymerink\/\",\"name\":\"Reymerink - Praktivak\",\"isPartOf\":{\"@id\":\"https:\/\/www.praktivak.be\/fr\/#website\"},\"primaryImageOfPage\":{\"@id\":\"https:\/\/www.praktivak.be\/fr\/reymerink\/#primaryimage\"},\"image\":{\"@id\":\"https:\/\/www.praktivak.be\/fr\/reymerink\/#primaryimage\"},\"thumbnailUrl\":\"https:\/\/www.praktivak.be\/wp-content\/uploads\/2025\/04\/Reymerink-logo.png\",\"datePublished\":\"2025-04-08T14:37:12+00:00\",\"dateModified\":\"2025-07-02T09:59:40+00:00\",\"breadcrumb\":{\"@id\":\"https:\/\/www.praktivak.be\/fr\/reymerink\/#breadcrumb\"},\"inLanguage\":\"fr-FR\",\"potentialAction\":[{\"@type\":\"ReadAction\",\"target\":[\"https:\/\/www.praktivak.be\/fr\/reymerink\/\"]}]},{\"@type\":\"ImageObject\",\"inLanguage\":\"fr-FR\",\"@id\":\"https:\/\/www.praktivak.be\/fr\/reymerink\/#primaryimage\",\"url\":\"https:\/\/www.praktivak.be\/wp-content\/uploads\/2025\/04\/Reymerink-logo.png\",\"contentUrl\":\"https:\/\/www.praktivak.be\/wp-content\/uploads\/2025\/04\/Reymerink-logo.png\"},{\"@type\":\"BreadcrumbList\",\"@id\":\"https:\/\/www.praktivak.be\/fr\/reymerink\/#breadcrumb\",\"itemListElement\":[{\"@type\":\"ListItem\",\"position\":1,\"name\":\"Home\",\"item\":\"https:\/\/www.praktivak.be\/fr\/\"},{\"@type\":\"ListItem\",\"position\":2,\"name\":\"Reymerink\"}]},{\"@type\":\"WebSite\",\"@id\":\"https:\/\/www.praktivak.be\/fr\/#website\",\"url\":\"https:\/\/www.praktivak.be\/fr\/\",\"name\":\"Praktivak\",\"description\":\"\",\"publisher\":{\"@id\":\"https:\/\/www.praktivak.be\/fr\/#organization\"},\"potentialAction\":[{\"@type\":\"SearchAction\",\"target\":{\"@type\":\"EntryPoint\",\"urlTemplate\":\"https:\/\/www.praktivak.be\/fr\/?s={search_term_string}\"},\"query-input\":{\"@type\":\"PropertyValueSpecification\",\"valueRequired\":true,\"valueName\":\"search_term_string\"}}],\"inLanguage\":\"fr-FR\"},{\"@type\":\"Organization\",\"@id\":\"https:\/\/www.praktivak.be\/fr\/#organization\",\"name\":\"Praktivak\",\"url\":\"https:\/\/www.praktivak.be\/fr\/\",\"logo\":{\"@type\":\"ImageObject\",\"inLanguage\":\"fr-FR\",\"@id\":\"https:\/\/www.praktivak.be\/fr\/#\/schema\/logo\/image\/\",\"url\":\"https:\/\/www.praktivak.be\/wp-content\/uploads\/2024\/09\/Logo.png\",\"contentUrl\":\"https:\/\/www.praktivak.be\/wp-content\/uploads\/2024\/09\/Logo.png\",\"width\":1774,\"height\":337,\"caption\":\"Praktivak\"},\"image\":{\"@id\":\"https:\/\/www.praktivak.be\/fr\/#\/schema\/logo\/image\/\"}}]}<\/script>\n<!-- \/ Yoast SEO plugin. -->","yoast_head_json":{"title":"Reymerink - Praktivak","robots":{"index":"index","follow":"follow","max-snippet":"max-snippet:-1","max-image-preview":"max-image-preview:large","max-video-preview":"max-video-preview:-1"},"canonical":"https:\/\/www.praktivak.be\/fr\/reymerink\/","og_locale":"fr_FR","og_type":"article","og_title":"Reymerink - Praktivak","og_description":"Reymerink est le principal fabricant au Benelux d&rsquo;un large assortiment de liquides cosm&eacute;tiques ainsi que de liquides pour le nettoyage et la d&eacute;sinfection.Les produits sont notamment utilis&eacute;s par des p&eacute;dicures, podologues, m&eacute;decins g&eacute;n&eacute;ralistes, dentistes, salons de manucure, studios de tatouage et esth&eacute;ticiennes.","og_url":"https:\/\/www.praktivak.be\/fr\/reymerink\/","og_site_name":"Praktivak","article_modified_time":"2025-07-02T09:59:40+00:00","og_image":[{"width":250,"height":87,"url":"https:\/\/www.praktivak.be\/wp-content\/uploads\/2025\/04\/Reymerink-logo.png","type":"image\/png"}],"twitter_card":"summary_large_image","schema":{"@context":"https:\/\/schema.org","@graph":[{"@type":"WebPage","@id":"https:\/\/www.praktivak.be\/fr\/reymerink\/","url":"https:\/\/www.praktivak.be\/fr\/reymerink\/","name":"Reymerink - Praktivak","isPartOf":{"@id":"https:\/\/www.praktivak.be\/fr\/#website"},"primaryImageOfPage":{"@id":"https:\/\/www.praktivak.be\/fr\/reymerink\/#primaryimage"},"image":{"@id":"https:\/\/www.praktivak.be\/fr\/reymerink\/#primaryimage"},"thumbnailUrl":"https:\/\/www.praktivak.be\/wp-content\/uploads\/2025\/04\/Reymerink-logo.png","datePublished":"2025-04-08T14:37:12+00:00","dateModified":"2025-07-02T09:59:40+00:00","breadcrumb":{"@id":"https:\/\/www.praktivak.be\/fr\/reymerink\/#breadcrumb"},"inLanguage":"fr-FR","potentialAction":[{"@type":"ReadAction","target":["https:\/\/www.praktivak.be\/fr\/reymerink\/"]}]},{"@type":"ImageObject","inLanguage":"fr-FR","@id":"https:\/\/www.praktivak.be\/fr\/reymerink\/#primaryimage","url":"https:\/\/www.praktivak.be\/wp-content\/uploads\/2025\/04\/Reymerink-logo.png","contentUrl":"https:\/\/www.praktivak.be\/wp-content\/uploads\/2025\/04\/Reymerink-logo.png"},{"@type":"BreadcrumbList","@id":"https:\/\/www.praktivak.be\/fr\/reymerink\/#breadcrumb","itemListElement":[{"@type":"ListItem","position":1,"name":"Home","item":"https:\/\/www.praktivak.be\/fr\/"},{"@type":"ListItem","position":2,"name":"Reymerink"}]},{"@type":"WebSite","@id":"https:\/\/www.praktivak.be\/fr\/#website","url":"https:\/\/www.praktivak.be\/fr\/","name":"Praktivak","description":"","publisher":{"@id":"https:\/\/www.praktivak.be\/fr\/#organization"},"potentialAction":[{"@type":"SearchAction","target":{"@type":"EntryPoint","urlTemplate":"https:\/\/www.praktivak.be\/fr\/?s={search_term_string}"},"query-input":{"@type":"PropertyValueSpecification","valueRequired":true,"valueName":"search_term_string"}}],"inLanguage":"fr-FR"},{"@type":"Organization","@id":"https:\/\/www.praktivak.be\/fr\/#organization","name":"Praktivak","url":"https:\/\/www.praktivak.be\/fr\/","logo":{"@type":"ImageObject","inLanguage":"fr-FR","@id":"https:\/\/www.praktivak.be\/fr\/#\/schema\/logo\/image\/","url":"https:\/\/www.praktivak.be\/wp-content\/uploads\/2024\/09\/Logo.png","contentUrl":"https:\/\/www.praktivak.be\/wp-content\/uploads\/2024\/09\/Logo.png","width":1774,"height":337,"caption":"Praktivak"},"image":{"@id":"https:\/\/www.praktivak.be\/fr\/#\/schema\/logo\/image\/"}}]}},"coauthors":[],"author_meta":{"author_link":"https:\/\/www.praktivak.be\/fr\/author\/tom-sommenbowiemedical-be\/","display_name":"Tom Sommen"},"relative_dates":{"created":"Publi\u00e9 1 an il y a","modified":"Mis \u00e0 jour 10 mois il y a"},"absolute_dates":{"created":"Publi\u00e9 le 8 avril 2025","modified":"Mise \u00e0 jour le 2 juillet 2025"},"absolute_dates_time":{"created":"Publi\u00e9 le 8 avril 2025 16h37","modified":"Mise \u00e0 jour le 2 juillet 2025 11h59"},"featured_img_caption":"","featured_img":false,"series_order":"","_links":{"self":[{"href":"https:\/\/www.praktivak.be\/fr\/wp-json\/wp\/v2\/pages\/96313","targetHints":{"allow":["GET"]}}],"collection":[{"href":"https:\/\/www.praktivak.be\/fr\/wp-json\/wp\/v2\/pages"}],"about":[{"href":"https:\/\/www.praktivak.be\/fr\/wp-json\/wp\/v2\/types\/page"}],"author":[{"embeddable":true,"href":"https:\/\/www.praktivak.be\/fr\/wp-json\/wp\/v2\/users\/4"}],"replies":[{"embeddable":true,"href":"https:\/\/www.praktivak.be\/fr\/wp-json\/wp\/v2\/comments?post=96313"}],"version-history":[{"count":1,"href":"https:\/\/www.praktivak.be\/fr\/wp-json\/wp\/v2\/pages\/96313\/revisions"}],"predecessor-version":[{"id":96314,"href":"https:\/\/www.praktivak.be\/fr\/wp-json\/wp\/v2\/pages\/96313\/revisions\/96314"}],"wp:attachment":[{"href":"https:\/\/www.praktivak.be\/fr\/wp-json\/wp\/v2\/media?parent=96313"}],"curies":[{"name":"wp","href":"https:\/\/api.w.org\/{rel}","templated":true}]}}